{"id":9482,"date":"2017-01-05T16:10:03","date_gmt":"2017-01-05T15:10:03","guid":{"rendered":"http:\/\/www.klaus-janowitz.de\/wordpress\/?page_id=9482"},"modified":"2017-01-05T20:21:41","modified_gmt":"2017-01-05T19:21:41","slug":"buzzwords-z-b-transformation-2-0-und-4-0-big-data","status":"publish","type":"page","link":"https:\/\/www.klaus-janowitz.de\/wordpress\/buzzwords-z-b-transformation-2-0-und-4-0-big-data\/","title":{"rendered":"Buzzwords z.\u00a0B. Transformation, 2.0 und 4.0, Big Data"},"content":{"rendered":"<figure id=\"attachment_9565\" aria-describedby=\"caption-attachment-9565\" style=\"width: 328px\" class=\"wp-caption alignright\"><img data-recalc-dims=\"1\" fetchpriority=\"high\" decoding=\"async\" class=\"wp-image-9565\" src=\"https:\/\/i0.wp.com\/www.klaus-janowitz.de\/wordpress\/wp-content\/uploads\/2017\/01\/Wortwolken-300x164.jpg?resize=328%2C179\" width=\"328\" height=\"179\" srcset=\"https:\/\/i0.wp.com\/www.klaus-janowitz.de\/wordpress\/wp-content\/uploads\/2017\/01\/Wortwolken.jpg?resize=300%2C164&amp;ssl=1 300w, https:\/\/i0.wp.com\/www.klaus-janowitz.de\/wordpress\/wp-content\/uploads\/2017\/01\/Wortwolken.jpg?w=518&amp;ssl=1 518w\" sizes=\"(max-width: 328px) 100vw, 328px\" \/><figcaption id=\"caption-attachment-9565\" class=\"wp-caption-text\">Wortwolken<\/figcaption><\/figure>\n<p style=\"text-align: justify;\">5\/01\/17\u00a0<a href=\"http:\/\/www.klaus-janowitz.de\/\">kmjan<\/a><br \/>\nMit <strong>Buzzwords<\/strong> ist es so eine Sache. Es f\u00e4llt leicht, sich \u00fcber sie lustig zu machen (z. B. <em>Buzzword Bingo<\/em>): Begriffe, die auftauchen, auf wichtig tun, zum Hype werden, und\u00a0irgendwann wieder <em>verflauen<\/em>. Manchmal\u00a0treffen sie den <em>Zeitgeist<\/em> &#8211; oft ist es Wortgest\u00f6ber. Meist sind\u00a0sie auf Englisch, der Sprache der Digitalisierung.<br \/>\nEin wenig\u00a0funktionieren sie wie Popsongs: Sind sie gut, dr\u00fccken sie das aus, was noch unbenannt in der Luft liegt. Das l\u00f6st Interesse, Diskussionen und Erkl\u00e4rungsbedarf aus. Zumindest eine Zeitlang sind sie ein Vehikel, mit dem sich neue Gedanken, Techniken und Haltungen verbreiten. Wer sich Deutungshoheit verschafft hat, kann sich \u00fcber Einladungen und Auftr\u00e4ge zu Workshops und Seminaren freuen &#8211; Expertenstatus.<br \/>\nAber genau wie Popsongs, oder eigentlich alle Dinge,\u00a0die Moden unterworfen sind, verschleissen (oder <em>verflauen<\/em>) Buzzwords mehr oder weniger schnell. Zu h\u00e4ufiger, oft unbestimmter Gebrauch, oder die Entwicklung geht \u00fcber sie hinweg, irgendwann passt der Bedeutungszusammenhang \u00a0nicht mehr.<\/p>\n<figure id=\"attachment_8155\" aria-describedby=\"caption-attachment-8155\" style=\"width: 212px\" class=\"wp-caption alignleft\"><a href=\"http:\/\/www.klaus-janowitz.de\/wordpress\/digitale-figurationen\/\"><img data-recalc-dims=\"1\" decoding=\"async\" class=\"wp-image-8155\" src=\"https:\/\/i0.wp.com\/www.klaus-janowitz.de\/wordpress\/wp-content\/uploads\/2016\/04\/zweitu%CC%88rig-300x300.jpg?resize=212%2C212\" width=\"212\" height=\"212\" srcset=\"https:\/\/i0.wp.com\/www.klaus-janowitz.de\/wordpress\/wp-content\/uploads\/2016\/04\/zweitu%CC%88rig.jpg?resize=300%2C300&amp;ssl=1 300w, https:\/\/i0.wp.com\/www.klaus-janowitz.de\/wordpress\/wp-content\/uploads\/2016\/04\/zweitu%CC%88rig.jpg?resize=150%2C150&amp;ssl=1 150w, https:\/\/i0.wp.com\/www.klaus-janowitz.de\/wordpress\/wp-content\/uploads\/2016\/04\/zweitu%CC%88rig.jpg?resize=768%2C768&amp;ssl=1 768w, https:\/\/i0.wp.com\/www.klaus-janowitz.de\/wordpress\/wp-content\/uploads\/2016\/04\/zweitu%CC%88rig.jpg?w=800&amp;ssl=1 800w\" sizes=\"(max-width: 212px) 100vw, 212px\" \/><\/a><figcaption id=\"caption-attachment-8155\" class=\"wp-caption-text\">dahinter ist Neues zu entdecken<\/figcaption><\/figure>\n<p style=\"text-align: justify;\"><strong>Digitale Transformation<\/strong> klingt gewichtiger als <em>Digitaler Wandel<\/em>, schlie\u00dflich wandelt sich die Welt fortw\u00e4hrend &#8211; eine <em>Transformation<\/em> erlebt man aber seltener. Und <em>Transformation<\/em> geht aufs Ganze: Die ganze Wirtschaft, ganze Systeme, wie Bildung, Arbeit, Handel, Mobilit\u00e4t transformieren sich. Begriffe wie <em>Disruption<\/em>\u00a0werden \u00fcberdacht. Oft wird <a href=\"http:\/\/www.klaus-janowitz.de\/wordpress\/digitale-transformation-und-digitaler-wandel\/\" target=\"_blank\"><em>Digitale Transformation<\/em><\/a>\u00a0im verk\u00fcrzten Sinn verwendet, der Begriff erschliesst sich erst im <a href=\"http:\/\/www.klaus-janowitz.de\/wordpress\/die-grosse-transformation-polanyi-und-die-digitalisierung\/\" target=\"_blank\">l\u00e4ngerfristigen Zusammenhang<\/a>. \u00a0Letztlich geht es um eine Neu- Justierung bestehender Systeme in Folge der Digitalisierung.<br \/>\nVor mehr als zehn Jahren brachte<em>\u00a0<a href=\"http:\/\/www.klaus-janowitz.de\/wordpress\/vom-cyberspace-zu-social-media\/\" target=\"_blank\">Web 2.0<\/a><\/em>\u00a0die Stimmung nach dem Crash des B\u00f6rsenbooms der Jahrtausendwende auf den Punkt\u00a0&#8211; und damit wurde es\u00a0eines der erfolgreichsten <em>Buzzwords<\/em>. <strong>Web 2.0<\/strong> betonte einen Neubeginn des Internet\u00a0und stellte das partizipatorische Potential in den Vordergrund. Ein <em>Mitmachweb<\/em> mit <em>Blogs<\/em>, <em>Podcasts<\/em> und <em>Social Software<\/em> \u2013 parallel dazu eine Kultur von BarCamps. Zumindest in der Idee basisdemokratisch. In den Hintergrund\u00a0geriet der Begriff nachdem man immer mehr von <em>Social Media<\/em> sprach &#8211; und damit waren\u00a0v.a die gro\u00dfen Plattformen gemeint. Die M\u00f6glichkeiten der Teilnahme vereinfachten sich, aber es entstanden <em>Oligopole<\/em>.<br \/>\nDie metaphorische Versionsnummer fand immer wieder Nachfolger &#8211; seit einiger\u00a0Zeit\u00a0<strong>Industrie 4.0.<\/strong>\u00a0Hier soll auf eine <em>vierte industrielle Revolution<\/em> verwiesen werden &#8211; letztlich eine Frage der Z\u00e4hlweise. Was bei der Industrie noch nachvollziehbar ist, ist es in der weiteren \u00dcbertragung nicht &#8211; es erscheinen dann Wortgebilde wie Bildung 4.0, Arbeit 4.0, Mobilit\u00e4t 4.0, auch Gesundheit 4.0 wurde schon entdeckt. Alle bezeichnen\u00a0digital vernetzte &#8211;<em> transformierte<\/em> &#8211; Systeme, die gestaltet werden sollen. Welcher Sinn wird mit der <a href=\"http:\/\/www.klaus-janowitz.de\/wordpress\/deutschland-4-0-wie-die-digitale-transformation-gelingt-rez\/\" target=\"_blank\">Versionsnummer 4.0<\/a> vermittelt? Was war eigentlich Gesundheit 3.0 oder 2.0? War Arbeit 1.0 die reine Fron &#8211; und 3.0 die pr\u00e4- neoliberale Vollbesch\u00e4ftigung? Wenn man b\u00f6se ist, kommt man auf Reich 3.0.\u00a0Man hat den Eindruck, eine Agentur h\u00e4tte Bundes- und Landesregierung ein Konzept verkauft, das nun \u00fcberall verbreitet wird.<br \/>\n<img data-recalc-dims=\"1\" decoding=\"async\" class=\"alignright wp-image-9606 size-medium\" src=\"https:\/\/i0.wp.com\/www.klaus-janowitz.de\/wordpress\/wp-content\/uploads\/2017\/01\/AusschnMonitor-300x79.jpg?resize=300%2C79\" width=\"300\" height=\"79\" srcset=\"https:\/\/i0.wp.com\/www.klaus-janowitz.de\/wordpress\/wp-content\/uploads\/2017\/01\/AusschnMonitor.jpg?resize=300%2C79&amp;ssl=1 300w, https:\/\/i0.wp.com\/www.klaus-janowitz.de\/wordpress\/wp-content\/uploads\/2017\/01\/AusschnMonitor.jpg?resize=768%2C201&amp;ssl=1 768w, https:\/\/i0.wp.com\/www.klaus-janowitz.de\/wordpress\/wp-content\/uploads\/2017\/01\/AusschnMonitor.jpg?w=786&amp;ssl=1 786w\" sizes=\"(max-width: 300px) 100vw, 300px\" \/> <strong>Big Data<\/strong> ist an sich ein simpler, undifferenzierter\u00a0Begriff, der Staunen und Mi\u00dftrauen \u00fcber die F\u00fclle auswertbarer Datenbest\u00e4nde ausdr\u00fcckt,\u00a0<em>Big Brother<\/em>\u00a0klingt an. <em>Big<\/em> steht f\u00fcr Datenvolumen, die Bandbreite\/Vielfalt der Quellen und die Geschwindigkeit der Generierung. Als Buzzword h\u00e4lt sich Big Data schon erstaunlich lange, ohne von\u00a0differenzierteren Bezeichnungen von Datenanalysen\u00a0ersetzt zu werden.<\/p>\n<p style=\"text-align: justify;\">Warum spielen\u00a0<em>Buzzwords<\/em>\u00a0eine solche Rolle in allen Diskussionen rund um die Digitalisierung? Zum einen benennen sie neu auftretende, oft \u00a0noch unbestimmte Ph\u00e4nomene und es sind nicht die exakten Bedeutungszuweisungen, die sie ausmachen. Auch aktuell werden Ph\u00e4nomene anhand von Buzzwords wie <em>Filterblase<\/em>, <em>Fake News<\/em> und <em>postfaktisch<\/em> diskutiert. Sprache formatiert menschliches Wahrnehmen und Denken\u00a0und es sind gerade die Assoziationen, Gedankenbr\u00fccken und Anmutungen die Begriffe ausmachen. Dann wollen neue Begriffe gekl\u00e4rt werden. Das bringt Vorteile in der Aufmerksamkeits\u00f6konomie. Naheliegend\u00a0ist das Marketing am anf\u00e4lligsten f\u00fcr Wortgeklingel im Gefolge, schlie\u00dflich ist es seine\u00a0Aufgabe f\u00fcr Aufmerksamkeit und letztlich Umsatz zu sorgen.<br \/>\nUnd noch eins: Die Suchsysteme (im wesentlichen Google) sind auf \u00a0Begriffe, nicht auf lange Erkl\u00e4rungen ausgerichtet. Auch das macht <em>Buzzwords<\/em> strategisch zentral.<\/p>\n<p style=\"text-align: justify;\"><span style=\"font-size: small; line-height: 12px;\"><strong>Bildquellen:<\/strong>.: Doppelte T\u00fcr time. \/ photocase.de; Monitore:\u00a0mmk \/ photocase.de<\/span><\/p>\n<p><!-- Piwik --><br \/>\n<script type=\"text\/javascript\">\n  var _paq = _paq || [];\n  \/\/ tracker methods like \"setCustomDimension\" should be called before \"trackPageView\"\n  _paq.push(['trackPageView']);\n  _paq.push(['enableLinkTracking']);\n  (function() {\n    var u=\"\/\/www.klaus-janowitz.de\/piwik\/\";\n    _paq.push(['setTrackerUrl', u+'piwik.php']);\n    _paq.push(['setSiteId', '1']);\n    var d=document, g=d.createElement('script'), s=d.getElementsByTagName('script')[0];\n    g.type='text\/javascript'; g.async=true; g.defer=true; g.src=u+'piwik.js'; s.parentNode.insertBefore(g,s);\n  })();\n<\/script><br \/>\n<!-- End Piwik Code --><\/p>\n","protected":false},"excerpt":{"rendered":"<p>5\/01\/17\u00a0kmjan Mit Buzzwords ist es so eine Sache. Es f\u00e4llt leicht, sich \u00fcber sie lustig zu machen (z. B. Buzzword Bingo): Begriffe, die auftauchen, auf wichtig tun, zum Hype werden, und\u00a0irgendwann wieder verflauen. Manchmal\u00a0treffen sie den Zeitgeist &#8211; oft ist es Wortgest\u00f6ber. Meist sind\u00a0sie auf Englisch, der Sprache der Digitalisierung. Ein wenig\u00a0funktionieren sie wie Popsongs: &hellip; <\/p>\n<p class=\"link-more\"><a href=\"https:\/\/www.klaus-janowitz.de\/wordpress\/buzzwords-z-b-transformation-2-0-und-4-0-big-data\/\" class=\"more-link\"><span class=\"screen-reader-text\">\u201eBuzzwords z.\u00a0B. Transformation, 2.0 und 4.0, Big Data\u201c <\/span>weiterlesen<\/a><\/p>\n","protected":false},"author":1,"featured_media":0,"parent":0,"menu_order":0,"comment_status":"closed","ping_status":"closed","template":"","meta":{"jetpack_post_was_ever_published":false,"activitypub_content_warning":"","activitypub_content_visibility":"","activitypub_max_image_attachments":4,"activitypub_interaction_policy_quote":"","activitypub_status":"","footnotes":""},"class_list":["post-9482","page","type-page","status-publish","hentry"],"yoast_head":"<!-- This site is optimized with the Yoast SEO plugin v27.4 - https:\/\/yoast.com\/product\/yoast-seo-wordpress\/ -->\n<title>Buzzwords z.\u00a0B. Transformation, 2.0 und 4.0, Big Data - Netnographie &amp; Digitaler Wandel<\/title>\n<meta name=\"robots\" content=\"index, follow, max-snippet:-1, max-image-preview:large, max-video-preview:-1\" \/>\n<link rel=\"canonical\" href=\"https:\/\/www.klaus-janowitz.de\/wordpress\/buzzwords-z-b-transformation-2-0-und-4-0-big-data\/\" \/>\n<meta property=\"og:locale\" content=\"de_DE\" \/>\n<meta property=\"og:type\" content=\"article\" \/>\n<meta property=\"og:title\" content=\"Buzzwords z.\u00a0B. Transformation, 2.0 und 4.0, Big Data - Netnographie &amp; Digitaler Wandel\" \/>\n<meta property=\"og:description\" content=\"5\/01\/17\u00a0kmjan Mit Buzzwords ist es so eine Sache. Es f\u00e4llt leicht, sich \u00fcber sie lustig zu machen (z. B. Buzzword Bingo): Begriffe, die auftauchen, auf wichtig tun, zum Hype werden, und\u00a0irgendwann wieder verflauen. Manchmal\u00a0treffen sie den Zeitgeist &#8211; oft ist es Wortgest\u00f6ber. Meist sind\u00a0sie auf Englisch, der Sprache der Digitalisierung. Ein wenig\u00a0funktionieren sie wie Popsongs: &hellip; \u201eBuzzwords z.\u00a0B. Transformation, 2.0 und 4.0, Big Data\u201c weiterlesen\" \/>\n<meta property=\"og:url\" content=\"https:\/\/www.klaus-janowitz.de\/wordpress\/buzzwords-z-b-transformation-2-0-und-4-0-big-data\/\" \/>\n<meta property=\"og:site_name\" content=\"Netnographie &amp; Digitaler Wandel\" \/>\n<meta property=\"article:modified_time\" content=\"2017-01-05T19:21:41+00:00\" \/>\n<meta property=\"og:image\" content=\"http:\/\/www.klaus-janowitz.de\/wordpress\/wp-content\/uploads\/2017\/01\/Wortwolken-300x164.jpg\" \/>\n<meta name=\"twitter:card\" content=\"summary_large_image\" \/>\n<meta name=\"twitter:label1\" content=\"Gesch\u00e4tzte Lesezeit\" \/>\n\t<meta name=\"twitter:data1\" content=\"3\u00a0Minuten\" \/>\n<script type=\"application\/ld+json\" class=\"yoast-schema-graph\">{\"@context\":\"https:\\\/\\\/schema.org\",\"@graph\":[{\"@type\":\"WebPage\",\"@id\":\"https:\\\/\\\/www.klaus-janowitz.de\\\/wordpress\\\/buzzwords-z-b-transformation-2-0-und-4-0-big-data\\\/\",\"url\":\"https:\\\/\\\/www.klaus-janowitz.de\\\/wordpress\\\/buzzwords-z-b-transformation-2-0-und-4-0-big-data\\\/\",\"name\":\"Buzzwords z.\u00a0B. Transformation, 2.0 und 4.0, Big Data - Netnographie &amp; Digitaler Wandel\",\"isPartOf\":{\"@id\":\"https:\\\/\\\/www.klaus-janowitz.de\\\/wordpress\\\/#website\"},\"primaryImageOfPage\":{\"@id\":\"https:\\\/\\\/www.klaus-janowitz.de\\\/wordpress\\\/buzzwords-z-b-transformation-2-0-und-4-0-big-data\\\/#primaryimage\"},\"image\":{\"@id\":\"https:\\\/\\\/www.klaus-janowitz.de\\\/wordpress\\\/buzzwords-z-b-transformation-2-0-und-4-0-big-data\\\/#primaryimage\"},\"thumbnailUrl\":\"http:\\\/\\\/www.klaus-janowitz.de\\\/wordpress\\\/wp-content\\\/uploads\\\/2017\\\/01\\\/Wortwolken-300x164.jpg\",\"datePublished\":\"2017-01-05T15:10:03+00:00\",\"dateModified\":\"2017-01-05T19:21:41+00:00\",\"breadcrumb\":{\"@id\":\"https:\\\/\\\/www.klaus-janowitz.de\\\/wordpress\\\/buzzwords-z-b-transformation-2-0-und-4-0-big-data\\\/#breadcrumb\"},\"inLanguage\":\"de\",\"potentialAction\":[{\"@type\":\"ReadAction\",\"target\":[\"https:\\\/\\\/www.klaus-janowitz.de\\\/wordpress\\\/buzzwords-z-b-transformation-2-0-und-4-0-big-data\\\/\"]}]},{\"@type\":\"ImageObject\",\"inLanguage\":\"de\",\"@id\":\"https:\\\/\\\/www.klaus-janowitz.de\\\/wordpress\\\/buzzwords-z-b-transformation-2-0-und-4-0-big-data\\\/#primaryimage\",\"url\":\"http:\\\/\\\/www.klaus-janowitz.de\\\/wordpress\\\/wp-content\\\/uploads\\\/2017\\\/01\\\/Wortwolken-300x164.jpg\",\"contentUrl\":\"http:\\\/\\\/www.klaus-janowitz.de\\\/wordpress\\\/wp-content\\\/uploads\\\/2017\\\/01\\\/Wortwolken-300x164.jpg\"},{\"@type\":\"BreadcrumbList\",\"@id\":\"https:\\\/\\\/www.klaus-janowitz.de\\\/wordpress\\\/buzzwords-z-b-transformation-2-0-und-4-0-big-data\\\/#breadcrumb\",\"itemListElement\":[{\"@type\":\"ListItem\",\"position\":1,\"name\":\"Startseite\",\"item\":\"https:\\\/\\\/www.klaus-janowitz.de\\\/wordpress\\\/\"},{\"@type\":\"ListItem\",\"position\":2,\"name\":\"Buzzwords z.\u00a0B. Transformation, 2.0 und 4.0, Big Data\"}]},{\"@type\":\"WebSite\",\"@id\":\"https:\\\/\\\/www.klaus-janowitz.de\\\/wordpress\\\/#website\",\"url\":\"https:\\\/\\\/www.klaus-janowitz.de\\\/wordpress\\\/\",\"name\":\"Netnographie &amp; Digitaler Wandel\",\"description\":\"Blog rund um die Themen Netnographie, Online-Kultur und Digitalen Wandel\",\"potentialAction\":[{\"@type\":\"SearchAction\",\"target\":{\"@type\":\"EntryPoint\",\"urlTemplate\":\"https:\\\/\\\/www.klaus-janowitz.de\\\/wordpress\\\/?s={search_term_string}\"},\"query-input\":{\"@type\":\"PropertyValueSpecification\",\"valueRequired\":true,\"valueName\":\"search_term_string\"}}],\"inLanguage\":\"de\"}]}<\/script>\n<!-- \/ Yoast SEO plugin. -->","yoast_head_json":{"title":"Buzzwords z.\u00a0B. Transformation, 2.0 und 4.0, Big Data - Netnographie &amp; Digitaler Wandel","robots":{"index":"index","follow":"follow","max-snippet":"max-snippet:-1","max-image-preview":"max-image-preview:large","max-video-preview":"max-video-preview:-1"},"canonical":"https:\/\/www.klaus-janowitz.de\/wordpress\/buzzwords-z-b-transformation-2-0-und-4-0-big-data\/","og_locale":"de_DE","og_type":"article","og_title":"Buzzwords z.\u00a0B. Transformation, 2.0 und 4.0, Big Data - Netnographie &amp; Digitaler Wandel","og_description":"5\/01\/17\u00a0kmjan Mit Buzzwords ist es so eine Sache. Es f\u00e4llt leicht, sich \u00fcber sie lustig zu machen (z. B. Buzzword Bingo): Begriffe, die auftauchen, auf wichtig tun, zum Hype werden, und\u00a0irgendwann wieder verflauen. Manchmal\u00a0treffen sie den Zeitgeist &#8211; oft ist es Wortgest\u00f6ber. Meist sind\u00a0sie auf Englisch, der Sprache der Digitalisierung. Ein wenig\u00a0funktionieren sie wie Popsongs: &hellip; \u201eBuzzwords z.\u00a0B. Transformation, 2.0 und 4.0, Big Data\u201c weiterlesen","og_url":"https:\/\/www.klaus-janowitz.de\/wordpress\/buzzwords-z-b-transformation-2-0-und-4-0-big-data\/","og_site_name":"Netnographie &amp; Digitaler Wandel","article_modified_time":"2017-01-05T19:21:41+00:00","og_image":[{"url":"http:\/\/www.klaus-janowitz.de\/wordpress\/wp-content\/uploads\/2017\/01\/Wortwolken-300x164.jpg","type":"","width":"","height":""}],"twitter_card":"summary_large_image","twitter_misc":{"Gesch\u00e4tzte Lesezeit":"3\u00a0Minuten"},"schema":{"@context":"https:\/\/schema.org","@graph":[{"@type":"WebPage","@id":"https:\/\/www.klaus-janowitz.de\/wordpress\/buzzwords-z-b-transformation-2-0-und-4-0-big-data\/","url":"https:\/\/www.klaus-janowitz.de\/wordpress\/buzzwords-z-b-transformation-2-0-und-4-0-big-data\/","name":"Buzzwords z.\u00a0B. Transformation, 2.0 und 4.0, Big Data - Netnographie &amp; Digitaler Wandel","isPartOf":{"@id":"https:\/\/www.klaus-janowitz.de\/wordpress\/#website"},"primaryImageOfPage":{"@id":"https:\/\/www.klaus-janowitz.de\/wordpress\/buzzwords-z-b-transformation-2-0-und-4-0-big-data\/#primaryimage"},"image":{"@id":"https:\/\/www.klaus-janowitz.de\/wordpress\/buzzwords-z-b-transformation-2-0-und-4-0-big-data\/#primaryimage"},"thumbnailUrl":"http:\/\/www.klaus-janowitz.de\/wordpress\/wp-content\/uploads\/2017\/01\/Wortwolken-300x164.jpg","datePublished":"2017-01-05T15:10:03+00:00","dateModified":"2017-01-05T19:21:41+00:00","breadcrumb":{"@id":"https:\/\/www.klaus-janowitz.de\/wordpress\/buzzwords-z-b-transformation-2-0-und-4-0-big-data\/#breadcrumb"},"inLanguage":"de","potentialAction":[{"@type":"ReadAction","target":["https:\/\/www.klaus-janowitz.de\/wordpress\/buzzwords-z-b-transformation-2-0-und-4-0-big-data\/"]}]},{"@type":"ImageObject","inLanguage":"de","@id":"https:\/\/www.klaus-janowitz.de\/wordpress\/buzzwords-z-b-transformation-2-0-und-4-0-big-data\/#primaryimage","url":"http:\/\/www.klaus-janowitz.de\/wordpress\/wp-content\/uploads\/2017\/01\/Wortwolken-300x164.jpg","contentUrl":"http:\/\/www.klaus-janowitz.de\/wordpress\/wp-content\/uploads\/2017\/01\/Wortwolken-300x164.jpg"},{"@type":"BreadcrumbList","@id":"https:\/\/www.klaus-janowitz.de\/wordpress\/buzzwords-z-b-transformation-2-0-und-4-0-big-data\/#breadcrumb","itemListElement":[{"@type":"ListItem","position":1,"name":"Startseite","item":"https:\/\/www.klaus-janowitz.de\/wordpress\/"},{"@type":"ListItem","position":2,"name":"Buzzwords z.\u00a0B. Transformation, 2.0 und 4.0, Big Data"}]},{"@type":"WebSite","@id":"https:\/\/www.klaus-janowitz.de\/wordpress\/#website","url":"https:\/\/www.klaus-janowitz.de\/wordpress\/","name":"Netnographie &amp; Digitaler Wandel","description":"Blog rund um die Themen Netnographie, Online-Kultur und Digitalen Wandel","potentialAction":[{"@type":"SearchAction","target":{"@type":"EntryPoint","urlTemplate":"https:\/\/www.klaus-janowitz.de\/wordpress\/?s={search_term_string}"},"query-input":{"@type":"PropertyValueSpecification","valueRequired":true,"valueName":"search_term_string"}}],"inLanguage":"de"}]}},"jetpack_sharing_enabled":true,"jetpack_shortlink":"https:\/\/wp.me\/P15Wn2-2sW","jetpack_likes_enabled":true,"jetpack-related-posts":[{"id":549,"url":"https:\/\/www.klaus-janowitz.de\/wordpress\/stamme-im-netz-die-tribale-metapher\/","url_meta":{"origin":9482,"position":0},"title":"St\u00e4mme im Netz &#8211; Die tribale Metapher","author":"KlausMJan","date":"4. Mai 2011","format":false,"excerpt":"04\/05\/11 kmjan Befasst man sich mit dem Thema Netnographie, st\u00f6sst man bald auf eine tribale Metapher - und das gleich zweimal. Naheliegend beim Begriff Netnographie selber - zu sch\u00f6n ist die Geschichte der Entwicklung der ethnographischen Methode: Zuerst ist da der Forscher aus dem Kolonialzeitalter mit Tropenhelm und Kniebundhose (Bronislaw\u2026","rel":"","context":"\u00c4hnlicher Beitrag","block_context":{"text":"\u00c4hnlicher Beitrag","link":""},"img":{"alt_text":"","src":"https:\/\/i0.wp.com\/www.klaus-janowitz.de\/wordpress\/wp-content\/uploads\/2011\/04\/Kniebund.jpg?resize=350%2C200","width":350,"height":200,"srcset":"https:\/\/i0.wp.com\/www.klaus-janowitz.de\/wordpress\/wp-content\/uploads\/2011\/04\/Kniebund.jpg?resize=350%2C200 1x, https:\/\/i0.wp.com\/www.klaus-janowitz.de\/wordpress\/wp-content\/uploads\/2011\/04\/Kniebund.jpg?resize=525%2C300 1.5x"},"classes":[]},{"id":15146,"url":"https:\/\/www.klaus-janowitz.de\/wordpress\/wer-sind-diese-lberalen-eliten\/","url_meta":{"origin":9482,"position":1},"title":"Wer sind diese liberalen Eliten?","author":"KlausMJan","date":"10. Februar 2020","format":false,"excerpt":"27\/02\/20 kmjan Wer sind \u00fcberhaupt diese kosmopolitischen liberalen Eliten, von denen immer wieder die Rede ist? Seit dem Aufstieg rechtspopulistischer Str\u00f6mungen,\u00a0 sp\u00e4testens der Trump- Wahl kommt der Begriff in mehreren Varianten immer wieder vor - und dient dabei als Gegenpol,\u00a0 Grenzen zwischen gesellschaftlichen und politischen Lagern zu markieren. In sozialwissenschaftlicher\u2026","rel":"","context":"\u00c4hnlicher Beitrag","block_context":{"text":"\u00c4hnlicher Beitrag","link":""},"img":{"alt_text":"","src":"https:\/\/i0.wp.com\/www.klaus-janowitz.de\/wordpress\/wp-content\/uploads\/2016\/08\/BusinessJungs-300x221.jpg?resize=350%2C200&ssl=1","width":350,"height":200},"classes":[]},{"id":2570,"url":"https:\/\/www.klaus-janowitz.de\/wordpress\/bildkommunikation\/","url_meta":{"origin":9482,"position":2},"title":"Bildkommunikation: Shoot &#038; Share im mobilen Netz","author":"KlausMJan","date":"20. August 2012","format":false,"excerpt":"23\/08\/12 kmjan Ohne Bilder w\u00e4re das Internet \u00f6de: Bilder lockern nicht nur Textw\u00fcsten auf, ihr Informationsgehalt wird auch schneller wahrgenommen und\u00a0sie transportieren Emotionen. Sie erz\u00e4hlen Geschichten \u00fcber das, was sie zeigen und \u00fcber den, der sie zeigt. Die Botschaft eines gut visualisierten Textes wird ganz anders aufgenommen. Bis vor kurzem\u2026","rel":"","context":"\u00c4hnlicher Beitrag","block_context":{"text":"\u00c4hnlicher Beitrag","link":""},"img":{"alt_text":"","src":"https:\/\/i0.wp.com\/www.klaus-janowitz.de\/wordpress\/wp-content\/uploads\/2012\/08\/Segway-300x300.jpg?resize=350%2C200","width":350,"height":200},"classes":[]},{"id":15748,"url":"https:\/\/www.klaus-janowitz.de\/wordpress\/das-ende-der-illusionen\/","url_meta":{"origin":9482,"position":3},"title":"Das Ende der Illusionen. Politik, \u00d6konomie und Kultur in der Sp\u00e4tmoderne (Rez.)","author":"KlausMJan","date":"21. April 2020","format":false,"excerpt":"19\/04\/20 kmjan Das Ende der Illusionen -\u00a0 gemeint ist damit das Ende einer von Fortschrittsoptimismus gepr\u00e4gten liberalen Grundhaltung, die seit 1989 dreissig Jahre lang bestimmend war. Auch der Prozess der Digitalisierung als pr\u00e4gende technologische Entwicklung reiht sich in dieser Sicht\u00a0 in das Fortschrittsnarrativ ein. Andreas Reckwitz' Thema ist der Wandel\u2026","rel":"","context":"\u00c4hnlicher Beitrag","block_context":{"text":"\u00c4hnlicher Beitrag","link":""},"img":{"alt_text":"","src":"https:\/\/i0.wp.com\/www.klaus-janowitz.de\/wordpress\/wp-content\/uploads\/2020\/02\/Reckwitz_Ende_der_Illusionen-184x300.jpeg?resize=350%2C200&ssl=1","width":350,"height":200},"classes":[]},{"id":5256,"url":"https:\/\/www.klaus-janowitz.de\/wordpress\/p-o-s-e-auf-den-punkt-gebracht\/","url_meta":{"origin":9482,"position":4},"title":"P.O.S.E &#8211; auf den Punkt gebracht  (Paid, Owned, Shared, Earned Media)","author":"KlausMJan","date":"4. M\u00e4rz 2015","format":false,"excerpt":"4\/03\/15 kmjan Schon einige male hatte ich hier das Modell P.O.S.E. - Paid, Owned, Shared, Earned Media vorgestellt. Als die drei Kreise wurde es 2008 von Nokia zur Mediaplanung \"erfunden\". In der vierkreisigen\u00a0Form wurde es mir in dem - franz\u00f6sischsprachigen - Blog von Fr\u00e9d\u00e9ric Cavazza bekannt, anderswo auch unter anderen\u2026","rel":"","context":"\u00c4hnlicher Beitrag","block_context":{"text":"\u00c4hnlicher Beitrag","link":""},"img":{"alt_text":"","src":"https:\/\/i0.wp.com\/www.klaus-janowitz.de\/wordpress\/wp-content\/uploads\/2014\/11\/POSE-300x208.jpg?resize=350%2C200&ssl=1","width":350,"height":200},"classes":[]},{"id":10810,"url":"https:\/\/www.klaus-janowitz.de\/wordpress\/das-digital\/","url_meta":{"origin":9482,"position":5},"title":"Das Digital &#8211; Markt, Wertsch\u00f6pfung und Gerechtigkeit im Datenkapitalismus (Rez.)","author":"KlausMJan","date":"26. April 2018","format":false,"excerpt":"25\/04\/18\u00a0kmjan\u00a0 Zwei B\u00fccher innerhalb eines halben Jahres, das\u00a0ist flott. Im Oktober 2017\u00a0erschien Das Digital\u00a0von\u00a0Viktor Mayer- Sch\u00f6nberger\u00a0und Thomas Ramge, Mitte M\u00e4rz 2018\u00a0folgte Mensch und Maschine - letzteres im\u00a0\u00a0Reclam Format\u00a0(9,5 x 14,8 cm, <100 S.) -jackentaschenf\u00e4hig. Der grammatisch innovative Titel Das Digital kn\u00fcpft an Karl Marx\u00a0Das Kapital.\u00a0So wie bei Marx im Zeitalter\u2026","rel":"","context":"\u00c4hnlicher Beitrag","block_context":{"text":"\u00c4hnlicher Beitrag","link":""},"img":{"alt_text":"","src":"https:\/\/i0.wp.com\/www.klaus-janowitz.de\/wordpress\/wp-content\/uploads\/2018\/03\/Das_Digital-199x300.jpg?resize=350%2C200","width":350,"height":200},"classes":[]}],"_links":{"self":[{"href":"https:\/\/www.klaus-janowitz.de\/wordpress\/wp-json\/wp\/v2\/pages\/9482","targetHints":{"allow":["GET"]}}],"collection":[{"href":"https:\/\/www.klaus-janowitz.de\/wordpress\/wp-json\/wp\/v2\/pages"}],"about":[{"href":"https:\/\/www.klaus-janowitz.de\/wordpress\/wp-json\/wp\/v2\/types\/page"}],"author":[{"embeddable":true,"href":"https:\/\/www.klaus-janowitz.de\/wordpress\/wp-json\/wp\/v2\/users\/1"}],"replies":[{"embeddable":true,"href":"https:\/\/www.klaus-janowitz.de\/wordpress\/wp-json\/wp\/v2\/comments?post=9482"}],"version-history":[{"count":53,"href":"https:\/\/www.klaus-janowitz.de\/wordpress\/wp-json\/wp\/v2\/pages\/9482\/revisions"}],"predecessor-version":[{"id":9615,"href":"https:\/\/www.klaus-janowitz.de\/wordpress\/wp-json\/wp\/v2\/pages\/9482\/revisions\/9615"}],"wp:attachment":[{"href":"https:\/\/www.klaus-janowitz.de\/wordpress\/wp-json\/wp\/v2\/media?parent=9482"}],"curies":[{"name":"wp","href":"https:\/\/api.w.org\/{rel}","templated":true}]}}