{"id":7753,"date":"2016-03-29T13:03:44","date_gmt":"2016-03-29T11:03:44","guid":{"rendered":"http:\/\/www.klaus-janowitz.de\/wordpress\/?page_id=7753"},"modified":"2023-11-18T23:50:39","modified_gmt":"2023-11-18T22:50:39","slug":"consociality-eine-hashtag-soziologie","status":"publish","type":"page","link":"https:\/\/www.klaus-janowitz.de\/wordpress\/consociality-eine-hashtag-soziologie\/","title":{"rendered":"#Consociality &#8211; Eine Hashtag Soziologie"},"content":{"rendered":"<figure id=\"attachment_7942\" aria-describedby=\"caption-attachment-7942\" style=\"width: 250px\" class=\"wp-caption alignleft\"><img data-recalc-dims=\"1\" fetchpriority=\"high\" decoding=\"async\" class=\"wp-image-7942\" src=\"https:\/\/i0.wp.com\/www.klaus-janowitz.de\/wordpress\/wp-content\/uploads\/2016\/03\/Hashtags-282x300.jpg?resize=250%2C266\" alt=\"\" width=\"250\" height=\"266\" srcset=\"https:\/\/i0.wp.com\/www.klaus-janowitz.de\/wordpress\/wp-content\/uploads\/2016\/03\/Hashtags.jpg?resize=282%2C300&amp;ssl=1 282w, https:\/\/i0.wp.com\/www.klaus-janowitz.de\/wordpress\/wp-content\/uploads\/2016\/03\/Hashtags.jpg?w=602&amp;ssl=1 602w\" sizes=\"(max-width: 250px) 100vw, 250px\" \/><figcaption id=\"caption-attachment-7942\" class=\"wp-caption-text\">drei #Hashtags sollen es sein<\/figcaption><\/figure>\n<p style=\"text-align: justify;\">29\/03\/16\u00a0<a href=\"http:\/\/www.klaus-janowitz.de\/\">kmjan<\/a><br \/>\nAuf Barcamps und anderen nicht ganz so formellen Veranstaltungen ist es ein Ritual: Die Teilnehmer stellen sich mit drei <em>#Hashtags<\/em>\u00a0vor, davon oft eines mit beruflichem Bezug, eines pers\u00f6nlicher gesetzt\u00a0und schlie\u00dflich eines das Zugeh\u00f6rigkeit ausdr\u00fcckt, oft eine Form von <em>Fantum<\/em>. Das soll die Atmosph\u00e4re lockern und den Gespr\u00e4chseinstieg erleichtern.<br \/>\nDas <em>Tagging<\/em> ist aus SocialMedia vertraut. <em>Twitter<\/em>\u00a0hat dem vormals unbestimmten #-Zeichen eine neue Bedeutung verliehen, \u00a0 die\u00a0\u00fcber die Verschlagwortung hinausgeht. Mit dem #<em>Hashtag<\/em> werden Tweets zu Veranstaltungen, zu Themen,\u00a0auch assoziativ\u00a0geb\u00fcndelt &#8211; eine Formatierung \u00f6ffentlicher Kommunikation. Listen von <em><a href=\"https:\/\/trendingdeutschland.com\/\" target=\"_blank\" rel=\"noopener\">Trending Topics<\/a><\/em> werden regelm\u00e4\u00dfig ver\u00f6ffentlicht &#8211; und sind\u00a0ein Gradmesser des \u00f6ffentlichen Interesses. Manche #<em>Hashtags<\/em>\u00a0wurden Zeitgeschichte,\u00a0#<em>aufschrei,<\/em>\u00a0#<em>jesuischarlie <\/em>oder\u00a0<em><a class=\"_58cn\" dir=\"ltr\" href=\"http:\/\/ichsagmal.com\/2015\/11\/05\/ueber-identitaet-und-den-ideenraum-des-netzes-einbuchfuerkai-jkorten\/\" target=\"_blank\" rel=\"noopener\"><span class=\"_58cl\">#<\/span><span class=\"_58cm\">EinBuchfuerKai<\/span><\/a> <\/em> standen f\u00fcr \u00f6ffentliche Debatten und Solidarit\u00e4tsbekundungen.<br \/>\nDie meisten\u00a0Social Media Plattformen kennen die #-Verschlagwortung, so <em>Youtube<\/em>, <em>instagram<\/em>, <em>Google+<\/em>, <em>Facebook<\/em>. <em>instagram<\/em> funktioniert in etwa wie Twitter mit\u00a0Bildern, die Vergabe von Kommentaren ist aber nicht limitiert,\u00a0was oft zum inflation\u00e4rem\u00a0Gebrauch verleitet. Dennoch\u00a0erschliessen sich dar\u00fcber Bilderwelten jeglicher Herkunft. <em>Facebook\u00a0<\/em>tut sich damit schwerer, #<em>Hashtags <\/em>entsprechen mehr<em>\u00a0<\/em>dem<em> follower-<\/em> als dem<em>\u00a0friends-<\/em> \u00a0Prinzip, auf dem Facebook beruht.<br \/>\nWas <em>html<\/em>-links f\u00fcr das statische Web sind #<em>Hashtags<\/em> (+ @<em>pers\u00f6nlicher Adressierung<\/em>) f\u00fcr\u00a0Social Media &#8211; erst sie verbinden die Postings zu einem Ganzen,\u00a0machen <em>social<\/em> sozial.<\/p>\n<figure id=\"attachment_7804\" aria-describedby=\"caption-attachment-7804\" style=\"width: 229px\" class=\"wp-caption alignright\"><a href=\"https:\/\/i0.wp.com\/www.klaus-janowitz.de\/wordpress\/wp-content\/uploads\/2016\/03\/IMG_0866-e1457474446290.jpg?ssl=1\"><img data-recalc-dims=\"1\" decoding=\"async\" class=\"wp-image-7804\" src=\"https:\/\/i0.wp.com\/www.klaus-janowitz.de\/wordpress\/wp-content\/uploads\/2016\/03\/IMG_0866.jpg?resize=229%2C229&#038;ssl=1\" alt=\"\" width=\"229\" height=\"229\" \/><\/a><figcaption id=\"caption-attachment-7804\" class=\"wp-caption-text\">Consocials<\/figcaption><\/figure>\n<p style=\"text-align: justify;\">Das Beispiel oben zeigt die Selbstverst\u00e4nd-lichkeit\u00a0und\u00a0Akzeptanz der \u00dcbertragung des #<em>hashtag<\/em> auf das <em>sog. Real Life<\/em>:\u00a0Soziale Verortung mit selbstgew\u00e4hlten Attributen. Menschen mit gleichen oder kompatiblen Interessen werden so zusammengef\u00fchrt. Das bedeutet noch keine Gemeinschaft &#8211; es wird aber dann interessant, wenn Plattformen genutzt werden.\u00a0\u00dcbereinstimmungen bzw. Kompatibilit\u00e4ten werden dann relevant und bieten M\u00f6glichkeiten der Kooperation.<\/p>\n<p style=\"text-align: justify;\">Eine begriffliche\u00a0Entsprechung dazu ist <strong>Consociality <\/strong>(oder eingedeutscht <em>Konsozialit\u00e4t<\/em>) &#8211; \u00dcbereinstimmung in Merkmalen, Interessen, Ansichten, Leidenschaften &#8211; eine Vorstufe von Sozialit\u00e4t.\u00a0Der Begriff stammt von den schottisch\/kanadischen Anthropologen\u00a0<em>Vered Amit<\/em>\u00a0und\u00a0<em>Nigel Rapport<\/em> (2002), \u00a0Es geht um\u00a0&#8220;<em>what we share<\/em>&#8220;, nicht um\u00a0Gemeinschaften in denen es <em>Insider<\/em> und <em>Outsider<\/em> gibt: \u2018<em>first and foremost by reference to what is held in common by members rather than in oppositional categories between insiders and outsiders<\/em>\u2019 (Amit\u00a0and Rapport, 2002: S. 59)<\/p>\n<p style=\"text-align: justify;\">Die Vorstellung von Gemeinschaft\/Community war immer\u00a0ein zentraler Gegenstand der Sozialwissenschaften\u00a0und orientierte sich an Gemeinschaften in denen jeweils eigene kulturelle und soziale Normen wirksam sind bzw. waren. In der angloamerikan. Literatur orientierte man sich oft\u00a0an Modellen der <em>Ethnicity<\/em> &#8211; nicht nur ethnisch, auch auf andere\u00a0Gruppen angewandt, bis hin\u00a0zu <em>gay<\/em>&#8211; oder\u00a0<em>deaf<\/em>&#8211; Ethnicity. In der Folge\u00a0wurde der <em>Community<\/em> Begriff auch zur\u00a0Beschreibung von Online-Vergemeinschaftungen h\u00e4ufig verwendet, ohne dass dort eine vergleichbare Geschlossenheit gegeben w\u00e4re.<br \/>\nEntit\u00e4ten wie Gemeinschaft und Kultur sind oft instabiler als von der Theorie her gedacht. Kulturelle Kategorien \u00e4ndern sich in ihrer Bedeutung. Organisationen werden fluider.<\/p>\n<figure id=\"attachment_479\" aria-describedby=\"caption-attachment-479\" style=\"width: 300px\" class=\"wp-caption alignright\"><img data-recalc-dims=\"1\" decoding=\"async\" class=\"size-medium wp-image-479\" src=\"https:\/\/i0.wp.com\/www.klaus-janowitz.de\/wordpress\/wp-content\/uploads\/2011\/05\/oberholz-nerds1-300x70.jpg?resize=300%2C70\" alt=\"Consocials 2\" width=\"300\" height=\"70\" srcset=\"https:\/\/i0.wp.com\/www.klaus-janowitz.de\/wordpress\/wp-content\/uploads\/2011\/05\/oberholz-nerds1.jpg?resize=300%2C70&amp;ssl=1 300w, https:\/\/i0.wp.com\/www.klaus-janowitz.de\/wordpress\/wp-content\/uploads\/2011\/05\/oberholz-nerds1.jpg?w=600&amp;ssl=1 600w\" sizes=\"(max-width: 300px) 100vw, 300px\" \/><figcaption id=\"caption-attachment-479\" class=\"wp-caption-text\">Consocials 2<\/figcaption><\/figure>\n<p style=\"text-align: justify;\"><strong>Consociality<\/strong> lenkt den Blick auf die M\u00f6glichkeiten der digitalen Moderne. Personalisierte Vergemeinschaftungen sind dabei die Regel. Anschlu\u00dfm\u00f6glichkeiten haben sich erweitert. Man kann einwenden, dass auch die &#8220;<em>fluiden<\/em>&#8221; Vergemeinschaftungen des vernetzten Individualismus auf gemeinsamen\u00a0kulturellen Normen\u00a0beruhen und sich immer wieder aus denselben Milieus rekrutieren &#8211; Richtig! Aber es sind Standards bzw. Werte, die als gesellschaftlich verbindlich gelten und nicht Eigenschaften einer partikularen Identit\u00e4t.<br \/>\nEine wichtige Rolle spielt das\u00a0Konzept <em>Consociality<\/em>\u00a0in der\u00a0<a href=\"http:\/\/www.klaus-janowitz.de\/wordpress\/netnographie-2015\/\" target=\"_blank\" rel=\"noopener\">Aktualisierung von\u00a0Netnographie<\/a> (2015) \u00a0von \u00a0R. Kozinets.<\/p>\n<p style=\"text-align: justify;\"><span style=\"font-size: small; line-height: 2px;\"><strong>Kozinets, Robert V.<\/strong>: Netnography:Redefined. Sage Publications Ltd; Second Edition edition (July 24, 2015), 320 S., Chapter 2: Networked Sociality (S. 23-52).\u00a0<strong>Vered Amit, Nigel Rapport<\/strong>:\u00a0The trouble with community: anthropological reflections on m<\/span><span style=\"font-size: small; line-height: 2px;\">ovement, identity and collectivity ISBN:\u00a09780 7453 17465; \u00a0Pluto Press, London 2002\u00a0192\u00a0S., 24,- \u20ac;<\/span> \u00a0.<\/p>\n<p><!-- Matomo --><br \/>\n<script type=\"text\/javascript\">\n  var _paq = _paq || [];\n  \/* tracker methods like \"setCustomDimension\" should be called before \"trackPageView\" *\/\n  _paq.push(['trackPageView']);\n  _paq.push(['enableLinkTracking']);\n  (function() {\n    var u=\"\/\/www.klaus-janowitz.de\/piwik\/\";\n    _paq.push(['setTrackerUrl', u+'piwik.php']);\n    _paq.push(['setSiteId', '1']);\n    var d=document, g=d.createElement('script'), s=d.getElementsByTagName('script')[0];\n    g.type='text\/javascript'; g.async=true; g.defer=true; g.src=u+'piwik.js'; s.parentNode.insertBefore(g,s);\n  })();\n<\/script><br \/>\n<!-- End Matomo Code --><\/p>\n","protected":false},"excerpt":{"rendered":"<p>29\/03\/16\u00a0kmjan Auf Barcamps und anderen nicht ganz so formellen Veranstaltungen ist es ein Ritual: Die Teilnehmer stellen sich mit drei #Hashtags\u00a0vor, davon oft eines mit beruflichem Bezug, eines pers\u00f6nlicher gesetzt\u00a0und schlie\u00dflich eines das Zugeh\u00f6rigkeit ausdr\u00fcckt, oft eine Form von Fantum. Das soll die Atmosph\u00e4re lockern und den Gespr\u00e4chseinstieg erleichtern. Das Tagging ist aus SocialMedia vertraut. &hellip; <\/p>\n<p class=\"link-more\"><a href=\"https:\/\/www.klaus-janowitz.de\/wordpress\/consociality-eine-hashtag-soziologie\/\" class=\"more-link\"><span class=\"screen-reader-text\">\u201e#Consociality &#8211; Eine Hashtag Soziologie\u201c <\/span>weiterlesen<\/a><\/p>\n","protected":false},"author":1,"featured_media":0,"parent":0,"menu_order":0,"comment_status":"closed","ping_status":"closed","template":"","meta":{"jetpack_post_was_ever_published":false,"activitypub_content_warning":"","activitypub_content_visibility":"","activitypub_max_image_attachments":4,"activitypub_interaction_policy_quote":"","activitypub_status":"","footnotes":""},"class_list":["post-7753","page","type-page","status-publish","hentry"],"yoast_head":"<!-- This site is optimized with the Yoast SEO plugin v27.4 - https:\/\/yoast.com\/product\/yoast-seo-wordpress\/ -->\n<title>#Consociality - Eine Hashtag Soziologie - Netnographie &amp; Digitaler Wandel<\/title>\n<meta name=\"robots\" content=\"index, follow, max-snippet:-1, max-image-preview:large, max-video-preview:-1\" \/>\n<link rel=\"canonical\" href=\"https:\/\/www.klaus-janowitz.de\/wordpress\/consociality-eine-hashtag-soziologie\/\" \/>\n<meta property=\"og:locale\" content=\"de_DE\" \/>\n<meta property=\"og:type\" content=\"article\" \/>\n<meta property=\"og:title\" content=\"#Consociality - Eine Hashtag Soziologie - Netnographie &amp; Digitaler Wandel\" \/>\n<meta property=\"og:description\" content=\"29\/03\/16\u00a0kmjan Auf Barcamps und anderen nicht ganz so formellen Veranstaltungen ist es ein Ritual: Die Teilnehmer stellen sich mit drei #Hashtags\u00a0vor, davon oft eines mit beruflichem Bezug, eines pers\u00f6nlicher gesetzt\u00a0und schlie\u00dflich eines das Zugeh\u00f6rigkeit ausdr\u00fcckt, oft eine Form von Fantum. Das soll die Atmosph\u00e4re lockern und den Gespr\u00e4chseinstieg erleichtern. Das Tagging ist aus SocialMedia vertraut. &hellip; \u201e#Consociality &#8211; Eine Hashtag Soziologie\u201c weiterlesen\" \/>\n<meta property=\"og:url\" content=\"https:\/\/www.klaus-janowitz.de\/wordpress\/consociality-eine-hashtag-soziologie\/\" \/>\n<meta property=\"og:site_name\" content=\"Netnographie &amp; Digitaler Wandel\" \/>\n<meta property=\"article:modified_time\" content=\"2023-11-18T22:50:39+00:00\" \/>\n<meta property=\"og:image\" content=\"http:\/\/www.klaus-janowitz.de\/wordpress\/wp-content\/uploads\/2016\/03\/Hashtags-282x300.jpg\" \/>\n<meta name=\"twitter:card\" content=\"summary_large_image\" \/>\n<meta name=\"twitter:label1\" content=\"Gesch\u00e4tzte Lesezeit\" \/>\n\t<meta name=\"twitter:data1\" content=\"4\u00a0Minuten\" \/>\n<script type=\"application\/ld+json\" class=\"yoast-schema-graph\">{\"@context\":\"https:\\\/\\\/schema.org\",\"@graph\":[{\"@type\":\"WebPage\",\"@id\":\"https:\\\/\\\/www.klaus-janowitz.de\\\/wordpress\\\/consociality-eine-hashtag-soziologie\\\/\",\"url\":\"https:\\\/\\\/www.klaus-janowitz.de\\\/wordpress\\\/consociality-eine-hashtag-soziologie\\\/\",\"name\":\"#Consociality - Eine Hashtag Soziologie - Netnographie &amp; Digitaler Wandel\",\"isPartOf\":{\"@id\":\"https:\\\/\\\/www.klaus-janowitz.de\\\/wordpress\\\/#website\"},\"primaryImageOfPage\":{\"@id\":\"https:\\\/\\\/www.klaus-janowitz.de\\\/wordpress\\\/consociality-eine-hashtag-soziologie\\\/#primaryimage\"},\"image\":{\"@id\":\"https:\\\/\\\/www.klaus-janowitz.de\\\/wordpress\\\/consociality-eine-hashtag-soziologie\\\/#primaryimage\"},\"thumbnailUrl\":\"http:\\\/\\\/www.klaus-janowitz.de\\\/wordpress\\\/wp-content\\\/uploads\\\/2016\\\/03\\\/Hashtags-282x300.jpg\",\"datePublished\":\"2016-03-29T11:03:44+00:00\",\"dateModified\":\"2023-11-18T22:50:39+00:00\",\"breadcrumb\":{\"@id\":\"https:\\\/\\\/www.klaus-janowitz.de\\\/wordpress\\\/consociality-eine-hashtag-soziologie\\\/#breadcrumb\"},\"inLanguage\":\"de\",\"potentialAction\":[{\"@type\":\"ReadAction\",\"target\":[\"https:\\\/\\\/www.klaus-janowitz.de\\\/wordpress\\\/consociality-eine-hashtag-soziologie\\\/\"]}]},{\"@type\":\"ImageObject\",\"inLanguage\":\"de\",\"@id\":\"https:\\\/\\\/www.klaus-janowitz.de\\\/wordpress\\\/consociality-eine-hashtag-soziologie\\\/#primaryimage\",\"url\":\"http:\\\/\\\/www.klaus-janowitz.de\\\/wordpress\\\/wp-content\\\/uploads\\\/2016\\\/03\\\/Hashtags-282x300.jpg\",\"contentUrl\":\"http:\\\/\\\/www.klaus-janowitz.de\\\/wordpress\\\/wp-content\\\/uploads\\\/2016\\\/03\\\/Hashtags-282x300.jpg\"},{\"@type\":\"BreadcrumbList\",\"@id\":\"https:\\\/\\\/www.klaus-janowitz.de\\\/wordpress\\\/consociality-eine-hashtag-soziologie\\\/#breadcrumb\",\"itemListElement\":[{\"@type\":\"ListItem\",\"position\":1,\"name\":\"Startseite\",\"item\":\"https:\\\/\\\/www.klaus-janowitz.de\\\/wordpress\\\/\"},{\"@type\":\"ListItem\",\"position\":2,\"name\":\"#Consociality &#8211; Eine Hashtag Soziologie\"}]},{\"@type\":\"WebSite\",\"@id\":\"https:\\\/\\\/www.klaus-janowitz.de\\\/wordpress\\\/#website\",\"url\":\"https:\\\/\\\/www.klaus-janowitz.de\\\/wordpress\\\/\",\"name\":\"Netnographie &amp; Digitaler Wandel\",\"description\":\"Blog rund um die Themen Netnographie, Online-Kultur und Digitalen Wandel\",\"potentialAction\":[{\"@type\":\"SearchAction\",\"target\":{\"@type\":\"EntryPoint\",\"urlTemplate\":\"https:\\\/\\\/www.klaus-janowitz.de\\\/wordpress\\\/?s={search_term_string}\"},\"query-input\":{\"@type\":\"PropertyValueSpecification\",\"valueRequired\":true,\"valueName\":\"search_term_string\"}}],\"inLanguage\":\"de\"}]}<\/script>\n<!-- \/ Yoast SEO plugin. -->","yoast_head_json":{"title":"#Consociality - Eine Hashtag Soziologie - Netnographie &amp; Digitaler Wandel","robots":{"index":"index","follow":"follow","max-snippet":"max-snippet:-1","max-image-preview":"max-image-preview:large","max-video-preview":"max-video-preview:-1"},"canonical":"https:\/\/www.klaus-janowitz.de\/wordpress\/consociality-eine-hashtag-soziologie\/","og_locale":"de_DE","og_type":"article","og_title":"#Consociality - Eine Hashtag Soziologie - Netnographie &amp; Digitaler Wandel","og_description":"29\/03\/16\u00a0kmjan Auf Barcamps und anderen nicht ganz so formellen Veranstaltungen ist es ein Ritual: Die Teilnehmer stellen sich mit drei #Hashtags\u00a0vor, davon oft eines mit beruflichem Bezug, eines pers\u00f6nlicher gesetzt\u00a0und schlie\u00dflich eines das Zugeh\u00f6rigkeit ausdr\u00fcckt, oft eine Form von Fantum. Das soll die Atmosph\u00e4re lockern und den Gespr\u00e4chseinstieg erleichtern. Das Tagging ist aus SocialMedia vertraut. &hellip; \u201e#Consociality &#8211; Eine Hashtag Soziologie\u201c weiterlesen","og_url":"https:\/\/www.klaus-janowitz.de\/wordpress\/consociality-eine-hashtag-soziologie\/","og_site_name":"Netnographie &amp; Digitaler Wandel","article_modified_time":"2023-11-18T22:50:39+00:00","og_image":[{"url":"http:\/\/www.klaus-janowitz.de\/wordpress\/wp-content\/uploads\/2016\/03\/Hashtags-282x300.jpg","type":"","width":"","height":""}],"twitter_card":"summary_large_image","twitter_misc":{"Gesch\u00e4tzte Lesezeit":"4\u00a0Minuten"},"schema":{"@context":"https:\/\/schema.org","@graph":[{"@type":"WebPage","@id":"https:\/\/www.klaus-janowitz.de\/wordpress\/consociality-eine-hashtag-soziologie\/","url":"https:\/\/www.klaus-janowitz.de\/wordpress\/consociality-eine-hashtag-soziologie\/","name":"#Consociality - Eine Hashtag Soziologie - Netnographie &amp; Digitaler Wandel","isPartOf":{"@id":"https:\/\/www.klaus-janowitz.de\/wordpress\/#website"},"primaryImageOfPage":{"@id":"https:\/\/www.klaus-janowitz.de\/wordpress\/consociality-eine-hashtag-soziologie\/#primaryimage"},"image":{"@id":"https:\/\/www.klaus-janowitz.de\/wordpress\/consociality-eine-hashtag-soziologie\/#primaryimage"},"thumbnailUrl":"http:\/\/www.klaus-janowitz.de\/wordpress\/wp-content\/uploads\/2016\/03\/Hashtags-282x300.jpg","datePublished":"2016-03-29T11:03:44+00:00","dateModified":"2023-11-18T22:50:39+00:00","breadcrumb":{"@id":"https:\/\/www.klaus-janowitz.de\/wordpress\/consociality-eine-hashtag-soziologie\/#breadcrumb"},"inLanguage":"de","potentialAction":[{"@type":"ReadAction","target":["https:\/\/www.klaus-janowitz.de\/wordpress\/consociality-eine-hashtag-soziologie\/"]}]},{"@type":"ImageObject","inLanguage":"de","@id":"https:\/\/www.klaus-janowitz.de\/wordpress\/consociality-eine-hashtag-soziologie\/#primaryimage","url":"http:\/\/www.klaus-janowitz.de\/wordpress\/wp-content\/uploads\/2016\/03\/Hashtags-282x300.jpg","contentUrl":"http:\/\/www.klaus-janowitz.de\/wordpress\/wp-content\/uploads\/2016\/03\/Hashtags-282x300.jpg"},{"@type":"BreadcrumbList","@id":"https:\/\/www.klaus-janowitz.de\/wordpress\/consociality-eine-hashtag-soziologie\/#breadcrumb","itemListElement":[{"@type":"ListItem","position":1,"name":"Startseite","item":"https:\/\/www.klaus-janowitz.de\/wordpress\/"},{"@type":"ListItem","position":2,"name":"#Consociality &#8211; Eine Hashtag Soziologie"}]},{"@type":"WebSite","@id":"https:\/\/www.klaus-janowitz.de\/wordpress\/#website","url":"https:\/\/www.klaus-janowitz.de\/wordpress\/","name":"Netnographie &amp; Digitaler Wandel","description":"Blog rund um die Themen Netnographie, Online-Kultur und Digitalen Wandel","potentialAction":[{"@type":"SearchAction","target":{"@type":"EntryPoint","urlTemplate":"https:\/\/www.klaus-janowitz.de\/wordpress\/?s={search_term_string}"},"query-input":{"@type":"PropertyValueSpecification","valueRequired":true,"valueName":"search_term_string"}}],"inLanguage":"de"}]}},"jetpack_sharing_enabled":true,"jetpack_shortlink":"https:\/\/wp.me\/P15Wn2-213","jetpack_likes_enabled":true,"jetpack-related-posts":[{"id":9081,"url":"https:\/\/www.klaus-janowitz.de\/wordpress\/world-cafe-transformation-der-systeme\/","url_meta":{"origin":7753,"position":0},"title":"World Caf\u00e9 &#8211; Transformation der Systeme","author":"KlausMJan","date":"20. September 2016","format":false,"excerpt":"22\/09\/16\u00a0kmjan Jedes Jahr \u00a0im Herbst, in der letzten Oktoberwoche, startet die Internetwoche K\u00f6ln. Mittlerweile bei Nummer 7 angelangt und diesmal mit dem Untertitel \"Das Festival f\u00fcr die digitale Wirtschaft und Gesellschaft\". Beteiligt sind\u00a0Akteure der digitalen Szene K\u00f6ln: StartUps und andere Unternehmen, Hochschulen, \u00f6ffentliche Einrichtungen, Verb\u00e4nde, Anwaltskanzleien (!) und unabh\u00e4ngige Veranstalter.\u2026","rel":"","context":"\u00c4hnlicher Beitrag","block_context":{"text":"\u00c4hnlicher Beitrag","link":""},"img":{"alt_text":"Hashtag","src":"https:\/\/i0.wp.com\/www.klaus-janowitz.de\/wordpress\/wp-content\/uploads\/2016\/03\/Hashtag-300x248.jpg?resize=350%2C200","width":350,"height":200},"classes":[]},{"id":3066,"url":"https:\/\/www.klaus-janowitz.de\/wordpress\/scan-the-net-social-monitoring\/","url_meta":{"origin":7753,"position":1},"title":"Scan the Net &#8211; Social Monitoring","author":"KlausMJan","date":"18. Januar 2013","format":false,"excerpt":"18\/01\/13 kmjan Werkzeuge zur Beobachtung von Kommunikation und Feedback im Internet gibt es mittlerweile en masse - mit ganz unterschiedlichen Funktionen und in ganz unterschiedlichen Preisklassen. Solche, mit denen man die eigenen Aktivit\u00e4ten im Netz im Blick beh\u00e4lt, andere beschr\u00e4nken sich auf wenige Funktionen bzw. die Beobachtung einzelner Dienste, und\u2026","rel":"","context":"\u00c4hnlicher Beitrag","block_context":{"text":"\u00c4hnlicher Beitrag","link":""},"img":{"alt_text":"","src":"","width":0,"height":0},"classes":[]},{"id":20057,"url":"https:\/\/www.klaus-janowitz.de\/wordpress\/soziologie-und-digitalisierung-ein-ueberblick\/","url_meta":{"origin":7753,"position":2},"title":"Soziologie und Digitalisierung &#8211; ein \u00dcberblick","author":"KlausMJan","date":"7. Oktober 2020","format":false,"excerpt":"6\/10\/20 kmjan Welche Rolle spielen soziologische Ans\u00e4tze und Theorien, wie einflussreich sind sie ausserhalb eines wissenschaftlichen Kontextes, welche Deutungsmacht kommt ihnen zu? Sp\u00e4testens mit Corona haben sich Diskussionen verschoben. Gesellschaftliche Interaktions- und wirtschaftliche Wertsch\u00f6pfungsketten wurden unterbrochen. Die Zukunft erscheint nicht mehr allein als Fortsetzung der Gegenwart - und steht damit\u2026","rel":"","context":"\u00c4hnlicher Beitrag","block_context":{"text":"\u00c4hnlicher Beitrag","link":""},"img":{"alt_text":"","src":"https:\/\/i0.wp.com\/www.klaus-janowitz.de\/wordpress\/wp-content\/uploads\/2020\/09\/Zettelkasten-300x225.jpg?resize=350%2C200&ssl=1","width":350,"height":200},"classes":[]},{"id":7119,"url":"https:\/\/www.klaus-janowitz.de\/wordpress\/bildung-digital\/","url_meta":{"origin":7753,"position":3},"title":"Digitale Bildung","author":"KlausMJan","date":"18. Dezember 2015","format":false,"excerpt":"3\/01\/16\u00a0kmjan Alles was sinnvoll digitalisiert werden kann, wird auch digitalisiert. Das gilt f\u00fcr Medienformate,\u00a0wie f\u00fcr Dienste\u00a0und\u00a0Branchen,\u00a0die\u00a0darauf\u00a0zur\u00fcckgreifen.\u00a0Digitaler Wandel ist technologischer und gesellschaftlicher Wandel, eine Medienrevolution, die h\u00f6chstens mit der\u00a0Einf\u00fchrung\u00a0des Buchdruck\u00a0vergleichbar ist. Es gibt unz\u00e4hlige M\u00f6glichkeiten Wissen zu verbreiten - Bildung ist es, der Wissensvermittlung eine Form zu geben.\u00a0\u00a0Genau wie die\u00a0Zukunft der\u2026","rel":"","context":"\u00c4hnlicher Beitrag","block_context":{"text":"\u00c4hnlicher Beitrag","link":""},"img":{"alt_text":"","src":"https:\/\/i0.wp.com\/www.klaus-janowitz.de\/wordpress\/wp-content\/uploads\/2015\/12\/2stu%CC%88hle-1-300x193.jpg?resize=350%2C200","width":350,"height":200},"classes":[]},{"id":16269,"url":"https:\/\/www.klaus-janowitz.de\/wordpress\/post-corona-szenarien\/","url_meta":{"origin":7753,"position":4},"title":"Post- Corona &#8211; Szenarien f\u00fcr die Zeit danach","author":"KlausMJan","date":"28. Mai 2020","format":false,"excerpt":"29\/05\/20 kmjan\u00a0 Corona, ein Ausl\u00f6ser gesellschaftlichen Wandels?\u00a0 - oder sogar eine Zeitenwende? Parallel zur Bew\u00e4ltigung der Covid19-Pandemie, sind die Debatten zur Welt nach Corona im auslaufenden Lockdown er\u00f6ffnet. Die m\u00f6glichen Zuk\u00fcnfte werden oft anhand von Szenarien diskutiert - dabei treten bestimmte\u00a0 Modelle immer wieder hervor. Kurzfristig geht es um das\u2026","rel":"","context":"\u00c4hnlicher Beitrag","block_context":{"text":"\u00c4hnlicher Beitrag","link":""},"img":{"alt_text":"","src":"https:\/\/i0.wp.com\/www.klaus-janowitz.de\/wordpress\/wp-content\/uploads\/2020\/05\/Covid-19_Krise-193x300.jpeg?resize=350%2C200&ssl=1","width":350,"height":200},"classes":[]},{"id":24463,"url":"https:\/\/www.klaus-janowitz.de\/wordpress\/neuaufstellung-der-gesellschaft-durch-corona\/","url_meta":{"origin":7753,"position":5},"title":"Neuausrichtung der Gesellschaft durch Corona?","author":"KlausMJan","date":"29. August 2020","format":false,"excerpt":"29\/08\/20 kmjan Bei einer (nicht- repr\u00e4sentativen) adhoc- Umfrage der FES* meinten 2\/3 derTeilnehmer, dass die Corona-Krise langfristig positive Auswirkungen auf das gesellschaftliche Zusammenleben haben wird. Soll man das \u00fcberraschend finden? - Oder einfach als Hinweis darauf, dass die Ver\u00e4nderungsdynamik im Laufe der Corona- Krise Gestaltungsm\u00f6glichkeiten\u00a0 anst\u00f6sst und verbreitert? Braucht es\u2026","rel":"","context":"\u00c4hnlicher Beitrag","block_context":{"text":"\u00c4hnlicher Beitrag","link":""},"img":{"alt_text":"","src":"https:\/\/i0.wp.com\/www.klaus-janowitz.de\/wordpress\/wp-content\/uploads\/2016\/09\/Inside-out-300x300.jpg?resize=350%2C200&ssl=1","width":350,"height":200},"classes":[]}],"_links":{"self":[{"href":"https:\/\/www.klaus-janowitz.de\/wordpress\/wp-json\/wp\/v2\/pages\/7753","targetHints":{"allow":["GET"]}}],"collection":[{"href":"https:\/\/www.klaus-janowitz.de\/wordpress\/wp-json\/wp\/v2\/pages"}],"about":[{"href":"https:\/\/www.klaus-janowitz.de\/wordpress\/wp-json\/wp\/v2\/types\/page"}],"author":[{"embeddable":true,"href":"https:\/\/www.klaus-janowitz.de\/wordpress\/wp-json\/wp\/v2\/users\/1"}],"replies":[{"embeddable":true,"href":"https:\/\/www.klaus-janowitz.de\/wordpress\/wp-json\/wp\/v2\/comments?post=7753"}],"version-history":[{"count":87,"href":"https:\/\/www.klaus-janowitz.de\/wordpress\/wp-json\/wp\/v2\/pages\/7753\/revisions"}],"predecessor-version":[{"id":83951,"href":"https:\/\/www.klaus-janowitz.de\/wordpress\/wp-json\/wp\/v2\/pages\/7753\/revisions\/83951"}],"wp:attachment":[{"href":"https:\/\/www.klaus-janowitz.de\/wordpress\/wp-json\/wp\/v2\/media?parent=7753"}],"curies":[{"name":"wp","href":"https:\/\/api.w.org\/{rel}","templated":true}]}}