{"id":7424,"date":"2016-01-17T19:08:15","date_gmt":"2016-01-17T18:08:15","guid":{"rendered":"http:\/\/www.klaus-janowitz.de\/wordpress\/?page_id=7424"},"modified":"2016-01-20T23:30:14","modified_gmt":"2016-01-20T22:30:14","slug":"transformatorische-helden","status":"publish","type":"page","link":"https:\/\/www.klaus-janowitz.de\/wordpress\/transformatorische-helden\/","title":{"rendered":"Transformatorische Helden"},"content":{"rendered":"<p style=\"text-align: justify;\">17\/01\/16\u00a0<a href=\"http:\/\/www.klaus-janowitz.de\/\">kmjan<\/a><br \/>\nJedes Zeitalter hat seine Helden, seine Leitfiguren.\u00a0<strong><em>\u00a0<\/em><\/strong>K\u00fcrzlich starb <strong>David Bowie<\/strong>, wenige Tage nach dem Erscheinen von <em>Blackstar,<\/em>\u00a0seinem letzten Album. Pop z\u00e4hlt zur kulturellen Pr\u00e4gung mittlerweile (fast) aller Altersgruppen und Bowie hatte Popkultur 50 Jahre lang entscheidend mitgepr\u00e4gt, als S\u00e4nger und Performer, in Filmen\u00a0und in\u00a0der\u00a0Mode.\u00a0Manche seiner Songs, wie <em>Heroes<\/em>\u00a0und\u00a0<em>Space Oddity<\/em> z\u00e4hlen zu den bekanntesten\u00a0\u00fcberhaupt. Kein Wunder \u00fcber den weitreichenden Nachhall auf allen Kan\u00e4len.\u00a0<em>The Independent<\/em> titelte:\u00a0<em>How a master of invention changed British culture for decades<\/em>. Auffallend sind die oft sehr pers\u00f6nlichen Stellungnahmen in Blogs und Social Media, die in die Frage m\u00fcnden\u00a0&#8220;<em>Was hat David Bowie f\u00fcr mein Leben bedeutet?<\/em>&#8221; &#8211; In dem Ma\u00dfe hat mich die Reaktion nur an einen anderen Trauerfall erinnert: dem von <strong>Steve Jobs\u00a0<\/strong>im Oktober 2011.<\/p>\n<figure id=\"attachment_7426\" aria-describedby=\"caption-attachment-7426\" style=\"width: 260px\" class=\"wp-caption alignright\"><img data-recalc-dims=\"1\" fetchpriority=\"high\" decoding=\"async\" class=\"wp-image-7426\" src=\"https:\/\/i0.wp.com\/www.klaus-janowitz.de\/wordpress\/wp-content\/uploads\/2016\/01\/2015-01-14-bowiehair-300x300.gif?resize=260%2C260\" alt=\"Die Kraft der Pose\" width=\"260\" height=\"260\" srcset=\"https:\/\/i0.wp.com\/www.klaus-janowitz.de\/wordpress\/wp-content\/uploads\/2016\/01\/2015-01-14-bowiehair.gif?resize=300%2C300&amp;ssl=1 300w, https:\/\/i0.wp.com\/www.klaus-janowitz.de\/wordpress\/wp-content\/uploads\/2016\/01\/2015-01-14-bowiehair.gif?resize=150%2C150&amp;ssl=1 150w\" sizes=\"(max-width: 260px) 100vw, 260px\" \/><figcaption id=\"caption-attachment-7426\" class=\"wp-caption-text\">Ch Ch Ch Changes \u2013 Die Kraft der Haltung<\/figcaption><\/figure>\n<p style=\"text-align: justify;\"><span data-ft=\"{&quot;tn&quot;:&quot;K&quot;}\"><span class=\"UFICommentBody _1n4g\">Andere Gr\u00f6\u00dfen der Popkultur (z.B.\u00a0Bob Dylan) verbindet man nur mit\u00a0bestimmten Zeitspannen &#8211; sp\u00e4tere Werke sind deren Nachhall. Das Besondere an Bowie ist die Pr\u00e4senz \u00fcber 50 Jahre Pop in immer wieder neuen Inszenierungen\u00a0und Stilen, das visuelle gleichviel\u00a0bedeutend wie der Sound.\u00a0Bowie\u00a0machte\u00a0<\/span><\/span><span data-ft=\"{&quot;tn&quot;:&quot;K&quot;}\"><span class=\"UFICommentBody _1n4g\"><em>androgynen Glamrock, Disco <\/em>und<em> Soul,<\/em>\u00a0 war mit <em>Queer Culture<\/em>, mit Andy Warhol\u00a0und Lou Reeds <em>Transformer<\/em> verbunden<em>, <\/em>beeinflu\u00dfte<em> Punk <\/em>und<em> BritPop, <\/em>war dandyesker Kultstar und Mainstream. Bowie in Berlin ist ein Mythos, dem die Stadt den Eintrag auf der Landkarte des Pop verdankt &#8211; und das <em>Image of the cool<\/em>.<br \/>\n<em>&#8220;David Bowie hat die Welt zu einem annehmbaren Exil f\u00fcr alle Andersartigen gemacht.<\/em>&#8220;* Fangeschichten begannen oft mit einer fr\u00fchen Begegnung im Alter von 13, 14 Jahren mit dem Gef\u00fchl verstanden zu werden, und wurden zu einem Soundtrack, der das Leben begleitet. &#8220;<em>David Bowie hat in meinem Leben ein Feuer entfacht, das ewig brennen\u00a0wird. Deshalb geb\u00fchrt ihm gr\u00f6\u00dfter Dank*<\/em>. &#8220;<em>What for me is important is how Bowie helped me discover myself, my female side, my vulnerability and the freedom of the imagination<\/em>&#8220;.**\u00a0&#8211;\u00a0Typische pers\u00f6nliche R\u00fcckblicke auf Bowie. Nicht f\u00fcr alle\u00a0&#8211; manchen ist der Bowie der\u00a080er auch als\u00a0<em>Popper mit der F\u00f6hnfrisur<\/em>\u00a0in Erinnerung.<br \/>\n<\/span>Pop\u00a0besteht\u00a0in der\u00a0<em>Haltung als Einheit von \u00a0Auftritt, Stimme und Stil<\/em>, mit der man im Leben besteht (bzw. will), und das bedeutet <em>Selbsterm\u00e4chtigung<\/em>. Nach diesem bei <a href=\"http:\/\/www.klaus-janowitz.de\/wordpress\/ueber-pop-musik-rezension\/\" target=\"_blank\">D. Diederichsen<\/a> entlehnten Gedanken \u00a0war Bowie einer der wirkungsm\u00e4chtigsten K\u00fcnstler des Pop.\u00a0<\/span><\/p>\n<figure id=\"attachment_7451\" aria-describedby=\"caption-attachment-7451\" style=\"width: 150px\" class=\"wp-caption alignleft\"><img data-recalc-dims=\"1\" decoding=\"async\" class=\"wp-image-7451 size-medium\" src=\"https:\/\/i0.wp.com\/www.klaus-janowitz.de\/wordpress\/wp-content\/uploads\/2016\/01\/StJobs-150x300.jpg?resize=150%2C300\" alt=\"\" width=\"150\" height=\"300\" srcset=\"https:\/\/i0.wp.com\/www.klaus-janowitz.de\/wordpress\/wp-content\/uploads\/2016\/01\/StJobs.jpg?resize=150%2C300&amp;ssl=1 150w, https:\/\/i0.wp.com\/www.klaus-janowitz.de\/wordpress\/wp-content\/uploads\/2016\/01\/StJobs.jpg?w=208&amp;ssl=1 208w\" sizes=\"(max-width: 150px) 100vw, 150px\" \/><figcaption id=\"caption-attachment-7451\" class=\"wp-caption-text\">Another Hero<\/figcaption><\/figure>\n<p style=\"text-align: justify;\">Was soll\u00a0<em>Steve Jobs<\/em> in einer Reihe mit <em>David\u00a0Bowie<\/em>?\u00a0Zu seinem\u00a0Tod gab es \u00e4hnliche Reaktionen: &#8220;<em>Was hat Steve Jobs f\u00fcr mein Leben bedeutet<\/em>?&#8221; Apple war lange Zeit die eine Firma, die <em>Fans als Kunden<\/em> hatte und wahrscheinlich \u00fcberschneiden sich beider Fans in der\u00a0kreativen Klasse (oder die sich daf\u00fcr h\u00e4lt) betr\u00e4chtlich. Mit Jobs sind jeweils bahnbrechende Innovationen des digitalen Zeitalters verbunden, die so sehr in unser Leben passten, dass sie\u00a0nach kurzer Zeit selbstverst\u00e4ndlich wurden:\u00a0der <em>Ur-Macintosh<\/em> mit graphischer Benutzeroberfl\u00e4che und Mouse, sp\u00e4ter der <em>iPod, <\/em>der die Verbreitung von Pop ver\u00e4nderte<em>,<\/em>\u00a0das\u00a0<em>iPhone<\/em>\/SmartPhone und <em>iPad<\/em>\/Tablet-Computer. Kennzeichen all dieser Innovationen war<em> plug and play<\/em> &#8211; der direkte Anschlu\u00df an die Intentionen der Benutzer &#8211; von\u00a0denen nicht verlangt wurde, sich weiter mit der Technik auseinander zu setzen.<br \/>\n<em>Bowie<\/em> und <em>Jobs<\/em>\u00a0stehen in der Reihe &#8211; sehr erfolgreicher (immerhin Multi-Million\u00e4re)\u00a0&#8211; moderner Heroen. Bowie gilt dabei als Held des Wandels und des Sich-Selbst-Neuerfindens, des &#8220;<em>turn and face the strange<\/em>&#8220;. Auch Jobs nahm &#8220;<em>be different<\/em>&#8221; f\u00fcr sich in Anspruch &#8211; und beide stehen f\u00fcr eine heute tonangebende Kultur. Eine Kultur, die Wurzeln in der Auflehnung gegen hierarchische Systeme hat &#8211; aber genauso ihre wirtschaftlichen und finanziellen M\u00f6glichkeiten umarmt. Nat\u00fcrlich steht niemand f\u00fcr sich allein als Urheber\u00a0\u00a0gesellschaftlicher und kultureller Innovation \u00a0&#8211; aber diese werden an den\u00a0Performern festgemacht.<\/p>\n<p><span style=\"font-size: x-small; line-height: 10px;\">*- Benjamin Lebert in der\u00a0Zeit &#8220;F\u00fcr die Au\u00dferirdischen unter uns&#8221;\u00a012. Januar 2016 + Kommentar dazu; ** independent.co.uk\u00a0Kommentar 13.01.2016\u00a0<\/span><\/p>\n<p><!-- Piwik --><br \/>\n<script type=\"text\/javascript\">\/\/ <![CDATA[\nvar pkBaseURL = ((\"https:\" == document.location.protocol) ? \"https:\/\/www.klaus-janowitz.de\/piwik\/\" : \"http:\/\/www.klaus-janowitz.de\/piwik\/\"); document.write(unescape(\"%3Cscript src='\" + pkBaseURL + \"piwik.js' type='text\/javascript'%3E%3C\/script%3E\"));\n\/\/ ]]><\/script><script type=\"text\/javascript\">\/\/ <![CDATA[\ntry { var piwikTracker = Piwik.getTracker(pkBaseURL + \"piwik.php\", 1); piwikTracker.trackPageView(); piwikTracker.enableLinkTracking(); } catch( err ) {}\n\/\/ ]]><\/script><\/p>\n<p><noscript>&amp;amp;amp;amp;amp;lt;img src=&#8221;http:\/\/www.klaus-janowitz.de\/piwik\/piwik.php?idsite=1&#8243; style=&#8221;border:0&#8243; alt=&#8221;&#8221; \/&amp;amp;amp;amp;amp;gt;&amp;amp;amp;amp;amp;lt;br \/&amp;amp;amp;amp;amp;gt;<\/noscript><!-- End Piwik Tag --><\/p>\n<p><script type=\"text\/javascript\">\/\/ <![CDATA[\nvar gaJsHost = ((\"https:\" == document.location.protocol) ? \"https:\/\/ssl.\" : \"http:\/\/www.\"); document.write(unescape(\"%3Cscript src='\" + gaJsHost + \"google-analytics.com\/ga.js' type='text\/javascript'%3E%3C\/script%3E\"));\n\/\/ ]]><\/script><br \/>\n<script type=\"text\/javascript\">\/\/ <![CDATA[\nvar pageTracker = _gat._getTracker(\"UA-5982947-1\"); pageTracker._trackPageview();\n\/\/ ]]><\/script><\/p>\n","protected":false},"excerpt":{"rendered":"<p>17\/01\/16\u00a0kmjan Jedes Zeitalter hat seine Helden, seine Leitfiguren.\u00a0\u00a0K\u00fcrzlich starb David Bowie, wenige Tage nach dem Erscheinen von Blackstar,\u00a0seinem letzten Album. Pop z\u00e4hlt zur kulturellen Pr\u00e4gung mittlerweile (fast) aller Altersgruppen und Bowie hatte Popkultur 50 Jahre lang entscheidend mitgepr\u00e4gt, als S\u00e4nger und Performer, in Filmen\u00a0und in\u00a0der\u00a0Mode.\u00a0Manche seiner Songs, wie Heroes\u00a0und\u00a0Space Oddity z\u00e4hlen zu den bekanntesten\u00a0\u00fcberhaupt. Kein &hellip; <\/p>\n<p class=\"link-more\"><a href=\"https:\/\/www.klaus-janowitz.de\/wordpress\/transformatorische-helden\/\" class=\"more-link\"><span class=\"screen-reader-text\">\u201eTransformatorische Helden\u201c <\/span>weiterlesen<\/a><\/p>\n","protected":false},"author":1,"featured_media":0,"parent":0,"menu_order":0,"comment_status":"closed","ping_status":"closed","template":"","meta":{"jetpack_post_was_ever_published":false,"activitypub_content_warning":"","activitypub_content_visibility":"","activitypub_max_image_attachments":4,"activitypub_interaction_policy_quote":"","activitypub_status":"","footnotes":""},"class_list":["post-7424","page","type-page","status-publish","hentry"],"yoast_head":"<!-- This site is optimized with the Yoast SEO plugin v27.5 - https:\/\/yoast.com\/product\/yoast-seo-wordpress\/ -->\n<title>Transformatorische Helden - Netnographie &amp; Digitaler Wandel<\/title>\n<meta name=\"robots\" content=\"index, follow, max-snippet:-1, max-image-preview:large, max-video-preview:-1\" \/>\n<link rel=\"canonical\" href=\"https:\/\/www.klaus-janowitz.de\/wordpress\/transformatorische-helden\/\" \/>\n<meta property=\"og:locale\" content=\"de_DE\" \/>\n<meta property=\"og:type\" content=\"article\" \/>\n<meta property=\"og:title\" content=\"Transformatorische Helden - Netnographie &amp; Digitaler Wandel\" \/>\n<meta property=\"og:description\" content=\"17\/01\/16\u00a0kmjan Jedes Zeitalter hat seine Helden, seine Leitfiguren.\u00a0\u00a0K\u00fcrzlich starb David Bowie, wenige Tage nach dem Erscheinen von Blackstar,\u00a0seinem letzten Album. Pop z\u00e4hlt zur kulturellen Pr\u00e4gung mittlerweile (fast) aller Altersgruppen und Bowie hatte Popkultur 50 Jahre lang entscheidend mitgepr\u00e4gt, als S\u00e4nger und Performer, in Filmen\u00a0und in\u00a0der\u00a0Mode.\u00a0Manche seiner Songs, wie Heroes\u00a0und\u00a0Space Oddity z\u00e4hlen zu den bekanntesten\u00a0\u00fcberhaupt. Kein &hellip; \u201eTransformatorische Helden\u201c weiterlesen\" \/>\n<meta property=\"og:url\" content=\"https:\/\/www.klaus-janowitz.de\/wordpress\/transformatorische-helden\/\" \/>\n<meta property=\"og:site_name\" content=\"Netnographie &amp; Digitaler Wandel\" \/>\n<meta property=\"article:modified_time\" content=\"2016-01-20T22:30:14+00:00\" \/>\n<meta property=\"og:image\" content=\"http:\/\/www.klaus-janowitz.de\/wordpress\/wp-content\/uploads\/2016\/01\/2015-01-14-bowiehair-300x300.gif\" \/>\n<meta name=\"twitter:card\" content=\"summary_large_image\" \/>\n<meta name=\"twitter:label1\" content=\"Gesch\u00e4tzte Lesezeit\" \/>\n\t<meta name=\"twitter:data1\" content=\"4\u00a0Minuten\" \/>\n<script type=\"application\/ld+json\" class=\"yoast-schema-graph\">{\"@context\":\"https:\\\/\\\/schema.org\",\"@graph\":[{\"@type\":\"WebPage\",\"@id\":\"https:\\\/\\\/www.klaus-janowitz.de\\\/wordpress\\\/transformatorische-helden\\\/\",\"url\":\"https:\\\/\\\/www.klaus-janowitz.de\\\/wordpress\\\/transformatorische-helden\\\/\",\"name\":\"Transformatorische Helden - Netnographie &amp; Digitaler Wandel\",\"isPartOf\":{\"@id\":\"https:\\\/\\\/www.klaus-janowitz.de\\\/wordpress\\\/#website\"},\"primaryImageOfPage\":{\"@id\":\"https:\\\/\\\/www.klaus-janowitz.de\\\/wordpress\\\/transformatorische-helden\\\/#primaryimage\"},\"image\":{\"@id\":\"https:\\\/\\\/www.klaus-janowitz.de\\\/wordpress\\\/transformatorische-helden\\\/#primaryimage\"},\"thumbnailUrl\":\"http:\\\/\\\/www.klaus-janowitz.de\\\/wordpress\\\/wp-content\\\/uploads\\\/2016\\\/01\\\/2015-01-14-bowiehair-300x300.gif\",\"datePublished\":\"2016-01-17T18:08:15+00:00\",\"dateModified\":\"2016-01-20T22:30:14+00:00\",\"breadcrumb\":{\"@id\":\"https:\\\/\\\/www.klaus-janowitz.de\\\/wordpress\\\/transformatorische-helden\\\/#breadcrumb\"},\"inLanguage\":\"de\",\"potentialAction\":[{\"@type\":\"ReadAction\",\"target\":[\"https:\\\/\\\/www.klaus-janowitz.de\\\/wordpress\\\/transformatorische-helden\\\/\"]}]},{\"@type\":\"ImageObject\",\"inLanguage\":\"de\",\"@id\":\"https:\\\/\\\/www.klaus-janowitz.de\\\/wordpress\\\/transformatorische-helden\\\/#primaryimage\",\"url\":\"http:\\\/\\\/www.klaus-janowitz.de\\\/wordpress\\\/wp-content\\\/uploads\\\/2016\\\/01\\\/2015-01-14-bowiehair-300x300.gif\",\"contentUrl\":\"http:\\\/\\\/www.klaus-janowitz.de\\\/wordpress\\\/wp-content\\\/uploads\\\/2016\\\/01\\\/2015-01-14-bowiehair-300x300.gif\"},{\"@type\":\"BreadcrumbList\",\"@id\":\"https:\\\/\\\/www.klaus-janowitz.de\\\/wordpress\\\/transformatorische-helden\\\/#breadcrumb\",\"itemListElement\":[{\"@type\":\"ListItem\",\"position\":1,\"name\":\"Startseite\",\"item\":\"https:\\\/\\\/www.klaus-janowitz.de\\\/wordpress\\\/\"},{\"@type\":\"ListItem\",\"position\":2,\"name\":\"Transformatorische Helden\"}]},{\"@type\":\"WebSite\",\"@id\":\"https:\\\/\\\/www.klaus-janowitz.de\\\/wordpress\\\/#website\",\"url\":\"https:\\\/\\\/www.klaus-janowitz.de\\\/wordpress\\\/\",\"name\":\"Netnographie &amp; Digitaler Wandel\",\"description\":\"Blog rund um die Themen Netnographie, Online-Kultur und Digitalen Wandel\",\"potentialAction\":[{\"@type\":\"SearchAction\",\"target\":{\"@type\":\"EntryPoint\",\"urlTemplate\":\"https:\\\/\\\/www.klaus-janowitz.de\\\/wordpress\\\/?s={search_term_string}\"},\"query-input\":{\"@type\":\"PropertyValueSpecification\",\"valueRequired\":true,\"valueName\":\"search_term_string\"}}],\"inLanguage\":\"de\"}]}<\/script>\n<!-- \/ Yoast SEO plugin. -->","yoast_head_json":{"title":"Transformatorische Helden - Netnographie &amp; Digitaler Wandel","robots":{"index":"index","follow":"follow","max-snippet":"max-snippet:-1","max-image-preview":"max-image-preview:large","max-video-preview":"max-video-preview:-1"},"canonical":"https:\/\/www.klaus-janowitz.de\/wordpress\/transformatorische-helden\/","og_locale":"de_DE","og_type":"article","og_title":"Transformatorische Helden - Netnographie &amp; Digitaler Wandel","og_description":"17\/01\/16\u00a0kmjan Jedes Zeitalter hat seine Helden, seine Leitfiguren.\u00a0\u00a0K\u00fcrzlich starb David Bowie, wenige Tage nach dem Erscheinen von Blackstar,\u00a0seinem letzten Album. Pop z\u00e4hlt zur kulturellen Pr\u00e4gung mittlerweile (fast) aller Altersgruppen und Bowie hatte Popkultur 50 Jahre lang entscheidend mitgepr\u00e4gt, als S\u00e4nger und Performer, in Filmen\u00a0und in\u00a0der\u00a0Mode.\u00a0Manche seiner Songs, wie Heroes\u00a0und\u00a0Space Oddity z\u00e4hlen zu den bekanntesten\u00a0\u00fcberhaupt. Kein &hellip; \u201eTransformatorische Helden\u201c weiterlesen","og_url":"https:\/\/www.klaus-janowitz.de\/wordpress\/transformatorische-helden\/","og_site_name":"Netnographie &amp; Digitaler Wandel","article_modified_time":"2016-01-20T22:30:14+00:00","og_image":[{"url":"http:\/\/www.klaus-janowitz.de\/wordpress\/wp-content\/uploads\/2016\/01\/2015-01-14-bowiehair-300x300.gif","type":"","width":"","height":""}],"twitter_card":"summary_large_image","twitter_misc":{"Gesch\u00e4tzte Lesezeit":"4\u00a0Minuten"},"schema":{"@context":"https:\/\/schema.org","@graph":[{"@type":"WebPage","@id":"https:\/\/www.klaus-janowitz.de\/wordpress\/transformatorische-helden\/","url":"https:\/\/www.klaus-janowitz.de\/wordpress\/transformatorische-helden\/","name":"Transformatorische Helden - Netnographie &amp; Digitaler Wandel","isPartOf":{"@id":"https:\/\/www.klaus-janowitz.de\/wordpress\/#website"},"primaryImageOfPage":{"@id":"https:\/\/www.klaus-janowitz.de\/wordpress\/transformatorische-helden\/#primaryimage"},"image":{"@id":"https:\/\/www.klaus-janowitz.de\/wordpress\/transformatorische-helden\/#primaryimage"},"thumbnailUrl":"http:\/\/www.klaus-janowitz.de\/wordpress\/wp-content\/uploads\/2016\/01\/2015-01-14-bowiehair-300x300.gif","datePublished":"2016-01-17T18:08:15+00:00","dateModified":"2016-01-20T22:30:14+00:00","breadcrumb":{"@id":"https:\/\/www.klaus-janowitz.de\/wordpress\/transformatorische-helden\/#breadcrumb"},"inLanguage":"de","potentialAction":[{"@type":"ReadAction","target":["https:\/\/www.klaus-janowitz.de\/wordpress\/transformatorische-helden\/"]}]},{"@type":"ImageObject","inLanguage":"de","@id":"https:\/\/www.klaus-janowitz.de\/wordpress\/transformatorische-helden\/#primaryimage","url":"http:\/\/www.klaus-janowitz.de\/wordpress\/wp-content\/uploads\/2016\/01\/2015-01-14-bowiehair-300x300.gif","contentUrl":"http:\/\/www.klaus-janowitz.de\/wordpress\/wp-content\/uploads\/2016\/01\/2015-01-14-bowiehair-300x300.gif"},{"@type":"BreadcrumbList","@id":"https:\/\/www.klaus-janowitz.de\/wordpress\/transformatorische-helden\/#breadcrumb","itemListElement":[{"@type":"ListItem","position":1,"name":"Startseite","item":"https:\/\/www.klaus-janowitz.de\/wordpress\/"},{"@type":"ListItem","position":2,"name":"Transformatorische Helden"}]},{"@type":"WebSite","@id":"https:\/\/www.klaus-janowitz.de\/wordpress\/#website","url":"https:\/\/www.klaus-janowitz.de\/wordpress\/","name":"Netnographie &amp; Digitaler Wandel","description":"Blog rund um die Themen Netnographie, Online-Kultur und Digitalen Wandel","potentialAction":[{"@type":"SearchAction","target":{"@type":"EntryPoint","urlTemplate":"https:\/\/www.klaus-janowitz.de\/wordpress\/?s={search_term_string}"},"query-input":{"@type":"PropertyValueSpecification","valueRequired":true,"valueName":"search_term_string"}}],"inLanguage":"de"}]}},"jetpack_sharing_enabled":true,"jetpack_shortlink":"https:\/\/wp.me\/P15Wn2-1VK","jetpack_likes_enabled":true,"jetpack-related-posts":[{"id":8725,"url":"https:\/\/www.klaus-janowitz.de\/wordpress\/live-streaming-und-socialmedia-2016\/","url_meta":{"origin":7424,"position":0},"title":"Live-Streaming und SocialMedia 2016","author":"KlausMJan","date":"29. Juni 2016","format":false,"excerpt":"29\/06\/16\u00a0kmjan Live Streaming macht\u00a0Social Media komplett, jeder kann damit zum Live-Berichterstatter werden - und derzeit ist es einer der wesentlichen online-Trends. Mit Google Hangout on Air\u00a0fing es 2011 an, Meerkat,\u00a0das von Twitter erworbene Periscope\u00a0und Bambuser folgten. Seit wenigen Monaten\u00a0Facebook Live, und auch Google plant\u00a0ein\u00a0youtube Live. Technisch reicht ein\u00a0aktuelles Smart Phone\u2026","rel":"","context":"\u00c4hnlicher Beitrag","block_context":{"text":"\u00c4hnlicher Beitrag","link":""},"img":{"alt_text":"Live Stream","src":"https:\/\/i0.wp.com\/www.klaus-janowitz.de\/wordpress\/wp-content\/uploads\/2016\/06\/LiveStream_Digital-300x287.jpg?resize=350%2C200","width":350,"height":200},"classes":[]},{"id":11145,"url":"https:\/\/www.klaus-janowitz.de\/wordpress\/10-jahre-social-media-2018\/","url_meta":{"origin":7424,"position":1},"title":"10 Jahre Social Media (2018)","author":"KlausMJan","date":"14. August 2018","format":false,"excerpt":"13\/08\/18\u00a0kmjan Social Media (immer im Plural) sind seit gut 10 Jahren Thema. Damals\u00a0 hatte der Begriff\u00a0 den des Web 2.0 abgel\u00f6st. Web 2.0 war partizipativ konnotiert,\u00a0\u00a0Kennzeichen der Social Media ist User Generated Content auf einer von Betreibern bereitgestellten Plattform. Und letztlich bestimmen die Betreiber auch die Regeln. Teilhabe am Social\u2026","rel":"","context":"\u00c4hnlicher Beitrag","block_context":{"text":"\u00c4hnlicher Beitrag","link":""},"img":{"alt_text":"","src":"https:\/\/i0.wp.com\/www.klaus-janowitz.de\/wordpress\/wp-content\/uploads\/2018\/08\/SocialMediaMap_18_thumb.jpg?resize=350%2C200","width":350,"height":200},"classes":[]},{"id":5256,"url":"https:\/\/www.klaus-janowitz.de\/wordpress\/p-o-s-e-auf-den-punkt-gebracht\/","url_meta":{"origin":7424,"position":2},"title":"P.O.S.E &#8211; auf den Punkt gebracht  (Paid, Owned, Shared, Earned Media)","author":"KlausMJan","date":"4. M\u00e4rz 2015","format":false,"excerpt":"4\/03\/15 kmjan Schon einige male hatte ich hier das Modell P.O.S.E. - Paid, Owned, Shared, Earned Media vorgestellt. Als die drei Kreise wurde es 2008 von Nokia zur Mediaplanung \"erfunden\". In der vierkreisigen\u00a0Form wurde es mir in dem - franz\u00f6sischsprachigen - Blog von Fr\u00e9d\u00e9ric Cavazza bekannt, anderswo auch unter anderen\u2026","rel":"","context":"\u00c4hnlicher Beitrag","block_context":{"text":"\u00c4hnlicher Beitrag","link":""},"img":{"alt_text":"","src":"https:\/\/i0.wp.com\/www.klaus-janowitz.de\/wordpress\/wp-content\/uploads\/2014\/11\/POSE-300x208.jpg?resize=350%2C200&ssl=1","width":350,"height":200},"classes":[]},{"id":5583,"url":"https:\/\/www.klaus-janowitz.de\/wordpress\/digitaler-wandel-ein-neuer-leitbegriff\/","url_meta":{"origin":7424,"position":3},"title":"Digitaler Wandel &#8211; ein neuer Leitbegriff","author":"KlausMJan","date":"30. April 2015","format":false,"excerpt":"29\/04\/15\u00a0kmjan Das Internet ist schon lange kein\u00a0Neuland mehr und schon gar nicht ein\u00a0Neues Medium*. Vor nunmehr zwei Jahrzehnten, etwa Mitte der 90er Jahre setzte es sich in der Breite durch und um die Jahrtausendwende herum war man dann \"drin\". In den Jahren danach folgten schnellere DSL-Verbindungen mit Flatrates, mit dem\u00a0iPhone\u2026","rel":"","context":"\u00c4hnlicher Beitrag","block_context":{"text":"\u00c4hnlicher Beitrag","link":""},"img":{"alt_text":"Digitaler Wandel ist mehr als technologischer Wandel","src":"https:\/\/i0.wp.com\/www.klaus-janowitz.de\/wordpress\/wp-content\/uploads\/2015\/04\/Firewire_ports-300x161.jpg?resize=350%2C200","width":350,"height":200},"classes":[]},{"id":4075,"url":"https:\/\/www.klaus-janowitz.de\/wordpress\/ueber-pop-musik-rezension\/","url_meta":{"origin":7424,"position":4},"title":"Aufbruch, Pose und Diskurs &#8211; \u00dcber Pop-(Musik) &#8211; Rezension","author":"KlausMJan","date":"1. August 2014","format":false,"excerpt":"\u00a028\/09\/14\u00a0kmjan\u00a0 \"\u00dcber Pop-Musik\"\u00a0erschien im M\u00e4rz dieses Jahres, d.h. seitdem wurde\u00a0bereits eine Menge dazu gesagt bzw.\u00a0geschrieben.\u00a0Zwar heisst es im Titel -Musik, es geht aber nicht\u00a0\u00fcber Musik als solche. Pop ist (hier) weniger Musikstil als eine Form des Erlebens. Thema\u00a0ist das gesamte Ereignis-, Erlebnis- und Erfahrungsfeld Pop und dazu z\u00e4hlen nicht nur\u2026","rel":"","context":"Mit 1 Kommentar","block_context":{"text":"Mit 1 Kommentar","link":"https:\/\/www.klaus-janowitz.de\/wordpress\/ueber-pop-musik-rezension\/#comments"},"img":{"alt_text":"didi_pop","src":"https:\/\/i0.wp.com\/www.klaus-janowitz.de\/wordpress\/wp-content\/uploads\/2014\/06\/didi_pop-205x300.jpg?resize=350%2C200","width":350,"height":200},"classes":[]},{"id":15146,"url":"https:\/\/www.klaus-janowitz.de\/wordpress\/wer-sind-diese-lberalen-eliten\/","url_meta":{"origin":7424,"position":5},"title":"Wer sind diese liberalen Eliten?","author":"KlausMJan","date":"10. Februar 2020","format":false,"excerpt":"27\/02\/20 kmjan Wer sind \u00fcberhaupt diese kosmopolitischen liberalen Eliten, von denen immer wieder die Rede ist? Seit dem Aufstieg rechtspopulistischer Str\u00f6mungen,\u00a0 sp\u00e4testens der Trump- Wahl kommt der Begriff in mehreren Varianten immer wieder vor - und dient dabei als Gegenpol,\u00a0 Grenzen zwischen gesellschaftlichen und politischen Lagern zu markieren. In sozialwissenschaftlicher\u2026","rel":"","context":"\u00c4hnlicher Beitrag","block_context":{"text":"\u00c4hnlicher Beitrag","link":""},"img":{"alt_text":"","src":"https:\/\/i0.wp.com\/www.klaus-janowitz.de\/wordpress\/wp-content\/uploads\/2016\/08\/BusinessJungs-300x221.jpg?resize=350%2C200&ssl=1","width":350,"height":200},"classes":[]}],"_links":{"self":[{"href":"https:\/\/www.klaus-janowitz.de\/wordpress\/wp-json\/wp\/v2\/pages\/7424","targetHints":{"allow":["GET"]}}],"collection":[{"href":"https:\/\/www.klaus-janowitz.de\/wordpress\/wp-json\/wp\/v2\/pages"}],"about":[{"href":"https:\/\/www.klaus-janowitz.de\/wordpress\/wp-json\/wp\/v2\/types\/page"}],"author":[{"embeddable":true,"href":"https:\/\/www.klaus-janowitz.de\/wordpress\/wp-json\/wp\/v2\/users\/1"}],"replies":[{"embeddable":true,"href":"https:\/\/www.klaus-janowitz.de\/wordpress\/wp-json\/wp\/v2\/comments?post=7424"}],"version-history":[{"count":72,"href":"https:\/\/www.klaus-janowitz.de\/wordpress\/wp-json\/wp\/v2\/pages\/7424\/revisions"}],"predecessor-version":[{"id":7517,"href":"https:\/\/www.klaus-janowitz.de\/wordpress\/wp-json\/wp\/v2\/pages\/7424\/revisions\/7517"}],"wp:attachment":[{"href":"https:\/\/www.klaus-janowitz.de\/wordpress\/wp-json\/wp\/v2\/media?parent=7424"}],"curies":[{"name":"wp","href":"https:\/\/api.w.org\/{rel}","templated":true}]}}