{"id":7174,"date":"2015-12-20T12:48:00","date_gmt":"2015-12-20T11:48:00","guid":{"rendered":"http:\/\/www.klaus-janowitz.de\/wordpress\/?page_id=7174"},"modified":"2023-05-14T16:56:20","modified_gmt":"2023-05-14T14:56:20","slug":"machtbalance-und-figuration","status":"publish","type":"page","link":"https:\/\/www.klaus-janowitz.de\/wordpress\/machtbalance-und-figuration\/","title":{"rendered":"Machtbalance,  Figuration und digitaler Wandel"},"content":{"rendered":"<p style=\"text-align: justify;\">28\/12\/15\u00a0<a style=\"color: #743399;\" href=\"http:\/\/www.klaus-janowitz.de\/\">kmjan<\/a><br \/>\nIn einem der letzten <a href=\"http:\/\/www.klaus-janowitz.de\/wordpress\/ueber-den-prozess-der-digitalisierung\/\" target=\"_blank\" rel=\"noopener\">Beitr\u00e4ge<\/a> hatte ich den <em>digitalen Wandel<\/em> in die Perspektive der <strong>Zivilisationstheorie\u00a0<\/strong>von Norbert Elias gestellt. Digitaler Wandel l\u00e4sst sich so als ein langfristiger Prozess verstehen, in dem technologische und gesellschaftliche Entwicklungen miteinander verkn\u00fcpft sind. Digitaler Wandel bedeutet nicht, dass bestehende Strukturen in ein neues Format \u00fcbersetzt werden, diese wandeln sich ebenso. M\u00f6glichkeiten und Handlungsspielr\u00e4ume des einzelnen verbreitern sich, werden aber auch durch neue Strukturen bestimmt. &#8211; Die Soziologie von Norbert Elias bietet zu diesen Wandlungsprozessen\u00a0einige erhellende, bisher wenig beachtete Sichtweisen.<\/p>\n<figure id=\"attachment_279\" aria-describedby=\"caption-attachment-279\" style=\"width: 204px\" class=\"wp-caption alignleft\"><a href=\"https:\/\/i0.wp.com\/www.klaus-janowitz.de\/wordpress\/wp-content\/uploads\/2011\/01\/elias.jpg?ssl=1\"><img data-recalc-dims=\"1\" fetchpriority=\"high\" decoding=\"async\" class=\" wp-image-279\" src=\"https:\/\/i0.wp.com\/www.klaus-janowitz.de\/wordpress\/wp-content\/uploads\/2011\/01\/elias.jpg?resize=204%2C259&#038;ssl=1\" alt=\"\" width=\"204\" height=\"259\" \/><\/a><figcaption id=\"caption-attachment-279\" class=\"wp-caption-text\">Norbert Elias (1897 &#8211; 1990)<\/figcaption><\/figure>\n<p style=\"text-align: justify;\">Verglichen mit anderen soziologischen Theoriegeb\u00e4uden, wie der <em>soziologischen Systemtheorie<\/em> nach Niklas Luhmann oder der <em>Theorie des kommunikativen Handelns<\/em> nach Habermas hat das Werk von Elias wenig Wirkung in Anwendungen wie\u00a0Kommunikations- und Unternehmensberatung hinterlassen. Popul\u00e4r\u00a0wurde\u00a0Elias\u00a0erst in den sp\u00e4ten 70er und 80er Jahren, v.a. als\u00a0der Soziologe, der die Entwicklung der Tischsitten und das Beziehungsgeflecht der h\u00f6fischen Gesellschaft beschrieb. Sein wesentliches Verdienst ist es, die langfristige Herausbildung des <em>Habit<\/em><em>us <\/em>im Zusammenhang von Machtstrukturen deutlich gemacht zu haben. \u00a0Sprach Elias im <em>Proze\u00df der Zivilisation<\/em>\u00a0von der Umformung von\u00a0Fremdzw\u00e4ngen zu Selbstzw\u00e4ngen (ihrer Internalisierung), spricht\u00a0man sp\u00e4ter von Selbstkontrolle und heute ist\u00a0<em>Selbstmanagement <\/em>der passende Begriff. Die dabei entwickelten Gesetzm\u00e4\u00dfigkeiten der langfristigen Entwicklung\u00a0wurden erst sp\u00e4ter von ihm publiziert, zwei\u00a0Begriffe spielen eine wesentliche Rolle: <em>Machtbalance<\/em> und <em>Figuration<\/em>.<\/p>\n<figure id=\"attachment_7298\" aria-describedby=\"caption-attachment-7298\" style=\"width: 183px\" class=\"wp-caption alignright\"><img data-recalc-dims=\"1\" decoding=\"async\" class=\"wp-image-7298 size-medium\" src=\"https:\/\/i0.wp.com\/www.klaus-janowitz.de\/wordpress\/wp-content\/uploads\/2015\/12\/Elias_Indiv-183x300.jpg?resize=183%2C300\" alt=\"\" width=\"183\" height=\"300\" srcset=\"https:\/\/i0.wp.com\/www.klaus-janowitz.de\/wordpress\/wp-content\/uploads\/2015\/12\/Elias_Indiv.jpg?resize=183%2C300&amp;ssl=1 183w, https:\/\/i0.wp.com\/www.klaus-janowitz.de\/wordpress\/wp-content\/uploads\/2015\/12\/Elias_Indiv.jpg?w=305&amp;ssl=1 305w\" sizes=\"(max-width: 183px) 100vw, 183px\" \/><figcaption id=\"caption-attachment-7298\" class=\"wp-caption-text\">theoretische Schl\u00fcsse wurden erst sp\u00e4ter publiziert<\/figcaption><\/figure>\n<p style=\"text-align: justify;\"><em>Macht<\/em>\u00a0hat im\u00a0Deutschen \u00a0meist eine Konnotation zu etwas absolutem, oft zu Zwang und Gewalt, man denkt an die <em>dunkle Seite der Macht<\/em>, zumindest an Herrschaft. Im franz\u00f6sischen\u00a0<em>le pouvoir &#8211; <\/em>(das <em>K\u00f6nnen<\/em> &#8211; im Sinne der M\u00f6glichkeit)\u00a0erkennt man schon eher ein relationales Verst\u00e4ndnis.\u00a0Elias\u00a0verstand <em>Macht<\/em>\u00a0als Beziehungsbegriff, der erst durch das Mitdenken der Gegenm\u00e4chte jeder Macht verstehbar wird. Machtbalancen sind demnach \u00fcberall dort vorhanden, wo eine funktionale Abh\u00e4ngigkeit (Interdependenz)\u00a0zwischen Menschen besteht. Wie alle\u00a0Beziehungen sind dies zumindest\u00a0bipolare und meistens multipolare Ph\u00e4nomene.<\/p>\n<p style=\"text-align: justify;\">Der Begriff\u00a0<em>Figuration\u00a0<\/em>erkl\u00e4rt sich daraus.\u00a0 Figurationen bilden die Handlungsspielr\u00e4ume, innerhalb derer Individuen agieren. Im Sinne der zielgerichteten Nutzung von M\u00f6glichkeiten, ebenso wie\u00a0im Hinblick auf\u00a0soziale Zw\u00e4nge, Barrieren und Begrenzungen, die sich aus wechselseitiger\u00a0Abh\u00e4ngigkeit ergeben. Es sind Netzwerke von Individuen, die durch Interaktionen eine gr\u00f6ssere soziale Einheit bilden. Gegen\u00fcber anderen Begriffen hat <em>Figuration<\/em> den Vorzug, dass die Dynamik der Interaktion einbezogen ist. Das besondere an der Elias&#8217;schen Soziologie ist die spezifische Aufhebung eines Gegensatzes <em>Individuum &#8211; Gesellschaft<\/em>. Nach Elias ist der Entstehungszusammenhang von Pers\u00f6nlichkeitsstrukturen und Institutionen ein einheitlicher, sich gegenseitig bedingender Proze\u00df.<\/p>\n<p style=\"text-align: justify;\">Der\u00a0Elias&#8217;sche Machtbegriff l\u00e4sst sich mit dem Kapitalbegriff von<em> <em>Pierre\u00a0<\/em>Bourdieu\u00a0<\/em>(1930 &#8211; 2002) erg\u00e4nzen. Neben das dominierende \u00f6konomische Kapital mit Tauschwert treten soziales, kulturelles und symbolisches Kapital. Soziales Kapital bedeutet letztlich funktionierende Netzwerke, kulturelles Kapital umfasst Bildung und das im jeweiligen Umfeld anerkannte kulturelle, oft zu Distinktionszwecken gebrauchte \u00a0Wissen und \u00a0ist mit dem <em>Habitus<\/em> verbunden. Symbolisches Kapital fasst die vorhergenden als Prestige, Ruhm, Rang etc. zusammen.\u00a0Gelegentlich werden weitere Ableitungen genannt &#8211; bis hin zu spirituellem oder erotischem Kapital. Ohne n\u00e4her darauf einzugehen, lassen sich daraus\u00a0Ressourcen von Macht im Sinne der Durchsetzung von Handlungschancen verstehen.<\/p>\n<p style=\"text-align: justify;\">Bisher wurde die Elias&#8217;sche Soziologie nur selten auf den digitalen Wandel bezogen. Ausnahme ist die Verbreitung von Verhaltensstandards, die <a href=\"http:\/\/www.zeit.de\/digital\/internet\/2011-05\/internet-zivilisierung-community\" target=\"_blank\" rel=\"noopener\">Zivilisierung des Social Web<\/a>. Wer\u00a0das\u00a0Social Web erfolgreich nutzen will, mu\u00df mit seinem\u00a0Gegen\u00fcber genauso taktvoll umgehen wie irgendwo anders. Das beginnt mit der Einf\u00fchrung der Netiquette und entwickelt sich in den unterschiedlichsten Teil\u00f6ffentlichkeiten weiter. Zudem ist das Social Web mittlerweile auch ein visuelles Medium geworden.<br \/>\nDie Elias&#8217;sche Soziologie ist aber nicht auf die Entwicklung von Verhaltensstandards beschr\u00e4nkt. Zum einen ist der <a href=\"http:\/\/www.klaus-janowitz.de\/wordpress\/ueber-den-prozess-der-digitalisierung\/\" target=\"_blank\" rel=\"noopener\">Prozess der Digitalisierung<\/a> ein langfristiger Prozess, der die Verteilung von Macht und die M\u00f6glichkeiten der Individuen massiv ver\u00e4ndert. In Anlehnung an ein Forschungsprogramm an der Universit\u00e4t Hamburg, <a href=\"http:\/\/www.kommunikative-figurationen.de\" target=\"_blank\" rel=\"noopener\">Kommunikative Figurationen<\/a>, kann man von <a href=\"http:\/\/www.klaus-janowitz.de\/wordpress\/digitale-figurationen\/\" target=\"_blank\" rel=\"noopener\"><strong>Digitalen Figurationen<\/strong><\/a> sprechen.\u00a0Menschen bilden Figurationen, die von ihren Verflechtungen und gegenseitigen Abh\u00e4ngigkeiten gepr\u00e4gt sind. Das gilt f\u00fcr digitale Umgebungen genauso wie analoge.<\/p>\n<p><!-- Piwik --><br \/>\n<script type=\"text\/javascript\">\n  var _paq = _paq || [];\n  \/\/ tracker methods like \"setCustomDimension\" should be called before \"trackPageView\"\n  _paq.push(['trackPageView']);\n  _paq.push(['enableLinkTracking']);\n  (function() {\n    var u=\"\/\/www.klaus-janowitz.de\/piwik\/\";\n    _paq.push(['setTrackerUrl', u+'piwik.php']);\n    _paq.push(['setSiteId', '1']);\n    var d=document, g=d.createElement('script'), s=d.getElementsByTagName('script')[0];\n    g.type='text\/javascript'; g.async=true; g.defer=true; g.src=u+'piwik.js'; s.parentNode.insertBefore(g,s);\n  })();\n<\/script><br \/>\n<!-- End Piwik Code --><\/p>\n<p><script type=\"text\/javascript\">\/\/ <![CDATA[ var gaJsHost = ((\"https:\" == document.location.protocol) ? \"https:\/\/ssl.\" : \"http:\/\/www.\"); document.write(unescape(\"%3Cscript src='\" + gaJsHost + \"google-analytics.com\/ga.js' type='text\/javascript'%3E%3C\/script%3E\")); \/\/ ]]><\/script><br \/>\n<script type=\"text\/javascript\">\/\/ <![CDATA[ var pageTracker = _gat._getTracker(\"UA-5982947-1\"); pageTracker._trackPageview(); \/\/ ]]><\/script><\/p>\n","protected":false},"excerpt":{"rendered":"<p>28\/12\/15\u00a0kmjan In einem der letzten Beitr\u00e4ge hatte ich den digitalen Wandel in die Perspektive der Zivilisationstheorie\u00a0von Norbert Elias gestellt. Digitaler Wandel l\u00e4sst sich so als ein langfristiger Prozess verstehen, in dem technologische und gesellschaftliche Entwicklungen miteinander verkn\u00fcpft sind. Digitaler Wandel bedeutet nicht, dass bestehende Strukturen in ein neues Format \u00fcbersetzt werden, diese wandeln sich ebenso. &hellip; <\/p>\n<p class=\"link-more\"><a href=\"https:\/\/www.klaus-janowitz.de\/wordpress\/machtbalance-und-figuration\/\" class=\"more-link\"><span class=\"screen-reader-text\">\u201eMachtbalance,  Figuration und digitaler Wandel\u201c <\/span>weiterlesen<\/a><\/p>\n","protected":false},"author":1,"featured_media":0,"parent":0,"menu_order":0,"comment_status":"closed","ping_status":"closed","template":"","meta":{"jetpack_post_was_ever_published":false,"activitypub_content_warning":"","activitypub_content_visibility":"","activitypub_max_image_attachments":4,"activitypub_interaction_policy_quote":"","activitypub_status":"","footnotes":""},"class_list":["post-7174","page","type-page","status-publish","hentry"],"yoast_head":"<!-- This site is optimized with the Yoast SEO plugin v27.3 - https:\/\/yoast.com\/product\/yoast-seo-wordpress\/ -->\n<title>Machtbalance, Figuration und digitaler Wandel - Netnographie &amp; Digitaler Wandel<\/title>\n<meta name=\"robots\" content=\"index, follow, max-snippet:-1, max-image-preview:large, max-video-preview:-1\" \/>\n<link rel=\"canonical\" href=\"https:\/\/www.klaus-janowitz.de\/wordpress\/machtbalance-und-figuration\/\" \/>\n<meta property=\"og:locale\" content=\"de_DE\" \/>\n<meta property=\"og:type\" content=\"article\" \/>\n<meta property=\"og:title\" content=\"Machtbalance, Figuration und digitaler Wandel - Netnographie &amp; Digitaler Wandel\" \/>\n<meta property=\"og:description\" content=\"28\/12\/15\u00a0kmjan In einem der letzten Beitr\u00e4ge hatte ich den digitalen Wandel in die Perspektive der Zivilisationstheorie\u00a0von Norbert Elias gestellt. Digitaler Wandel l\u00e4sst sich so als ein langfristiger Prozess verstehen, in dem technologische und gesellschaftliche Entwicklungen miteinander verkn\u00fcpft sind. Digitaler Wandel bedeutet nicht, dass bestehende Strukturen in ein neues Format \u00fcbersetzt werden, diese wandeln sich ebenso. &hellip; \u201eMachtbalance, Figuration und digitaler Wandel\u201c weiterlesen\" \/>\n<meta property=\"og:url\" content=\"https:\/\/www.klaus-janowitz.de\/wordpress\/machtbalance-und-figuration\/\" \/>\n<meta property=\"og:site_name\" content=\"Netnographie &amp; Digitaler Wandel\" \/>\n<meta property=\"article:modified_time\" content=\"2023-05-14T14:56:20+00:00\" \/>\n<meta property=\"og:image\" content=\"https:\/\/www.klaus-janowitz.de\/wordpress\/wp-content\/uploads\/2011\/01\/elias.jpg\" \/>\n<meta name=\"twitter:card\" content=\"summary_large_image\" \/>\n<meta name=\"twitter:label1\" content=\"Gesch\u00e4tzte Lesezeit\" \/>\n\t<meta name=\"twitter:data1\" content=\"5\u00a0Minuten\" \/>\n<script type=\"application\/ld+json\" class=\"yoast-schema-graph\">{\"@context\":\"https:\\\/\\\/schema.org\",\"@graph\":[{\"@type\":\"WebPage\",\"@id\":\"https:\\\/\\\/www.klaus-janowitz.de\\\/wordpress\\\/machtbalance-und-figuration\\\/\",\"url\":\"https:\\\/\\\/www.klaus-janowitz.de\\\/wordpress\\\/machtbalance-und-figuration\\\/\",\"name\":\"Machtbalance, Figuration und digitaler Wandel - Netnographie &amp; Digitaler Wandel\",\"isPartOf\":{\"@id\":\"https:\\\/\\\/www.klaus-janowitz.de\\\/wordpress\\\/#website\"},\"primaryImageOfPage\":{\"@id\":\"https:\\\/\\\/www.klaus-janowitz.de\\\/wordpress\\\/machtbalance-und-figuration\\\/#primaryimage\"},\"image\":{\"@id\":\"https:\\\/\\\/www.klaus-janowitz.de\\\/wordpress\\\/machtbalance-und-figuration\\\/#primaryimage\"},\"thumbnailUrl\":\"https:\\\/\\\/www.klaus-janowitz.de\\\/wordpress\\\/wp-content\\\/uploads\\\/2011\\\/01\\\/elias.jpg\",\"datePublished\":\"2015-12-20T11:48:00+00:00\",\"dateModified\":\"2023-05-14T14:56:20+00:00\",\"breadcrumb\":{\"@id\":\"https:\\\/\\\/www.klaus-janowitz.de\\\/wordpress\\\/machtbalance-und-figuration\\\/#breadcrumb\"},\"inLanguage\":\"de\",\"potentialAction\":[{\"@type\":\"ReadAction\",\"target\":[\"https:\\\/\\\/www.klaus-janowitz.de\\\/wordpress\\\/machtbalance-und-figuration\\\/\"]}]},{\"@type\":\"ImageObject\",\"inLanguage\":\"de\",\"@id\":\"https:\\\/\\\/www.klaus-janowitz.de\\\/wordpress\\\/machtbalance-und-figuration\\\/#primaryimage\",\"url\":\"https:\\\/\\\/i0.wp.com\\\/www.klaus-janowitz.de\\\/wordpress\\\/wp-content\\\/uploads\\\/2011\\\/01\\\/elias.jpg?fit=220%2C279&ssl=1\",\"contentUrl\":\"https:\\\/\\\/i0.wp.com\\\/www.klaus-janowitz.de\\\/wordpress\\\/wp-content\\\/uploads\\\/2011\\\/01\\\/elias.jpg?fit=220%2C279&ssl=1\",\"width\":\"220\",\"height\":\"279\",\"caption\":\"Norbert Elias (1897 - 1990)\"},{\"@type\":\"BreadcrumbList\",\"@id\":\"https:\\\/\\\/www.klaus-janowitz.de\\\/wordpress\\\/machtbalance-und-figuration\\\/#breadcrumb\",\"itemListElement\":[{\"@type\":\"ListItem\",\"position\":1,\"name\":\"Startseite\",\"item\":\"https:\\\/\\\/www.klaus-janowitz.de\\\/wordpress\\\/\"},{\"@type\":\"ListItem\",\"position\":2,\"name\":\"Machtbalance, Figuration und digitaler Wandel\"}]},{\"@type\":\"WebSite\",\"@id\":\"https:\\\/\\\/www.klaus-janowitz.de\\\/wordpress\\\/#website\",\"url\":\"https:\\\/\\\/www.klaus-janowitz.de\\\/wordpress\\\/\",\"name\":\"Netnographie &amp; Digitaler Wandel\",\"description\":\"Blog rund um die Themen Netnographie, Online-Kultur und Digitalen Wandel\",\"potentialAction\":[{\"@type\":\"SearchAction\",\"target\":{\"@type\":\"EntryPoint\",\"urlTemplate\":\"https:\\\/\\\/www.klaus-janowitz.de\\\/wordpress\\\/?s={search_term_string}\"},\"query-input\":{\"@type\":\"PropertyValueSpecification\",\"valueRequired\":true,\"valueName\":\"search_term_string\"}}],\"inLanguage\":\"de\"}]}<\/script>\n<!-- \/ Yoast SEO plugin. -->","yoast_head_json":{"title":"Machtbalance, Figuration und digitaler Wandel - Netnographie &amp; Digitaler Wandel","robots":{"index":"index","follow":"follow","max-snippet":"max-snippet:-1","max-image-preview":"max-image-preview:large","max-video-preview":"max-video-preview:-1"},"canonical":"https:\/\/www.klaus-janowitz.de\/wordpress\/machtbalance-und-figuration\/","og_locale":"de_DE","og_type":"article","og_title":"Machtbalance, Figuration und digitaler Wandel - Netnographie &amp; Digitaler Wandel","og_description":"28\/12\/15\u00a0kmjan In einem der letzten Beitr\u00e4ge hatte ich den digitalen Wandel in die Perspektive der Zivilisationstheorie\u00a0von Norbert Elias gestellt. Digitaler Wandel l\u00e4sst sich so als ein langfristiger Prozess verstehen, in dem technologische und gesellschaftliche Entwicklungen miteinander verkn\u00fcpft sind. Digitaler Wandel bedeutet nicht, dass bestehende Strukturen in ein neues Format \u00fcbersetzt werden, diese wandeln sich ebenso. &hellip; \u201eMachtbalance, Figuration und digitaler Wandel\u201c weiterlesen","og_url":"https:\/\/www.klaus-janowitz.de\/wordpress\/machtbalance-und-figuration\/","og_site_name":"Netnographie &amp; Digitaler Wandel","article_modified_time":"2023-05-14T14:56:20+00:00","og_image":[{"url":"https:\/\/www.klaus-janowitz.de\/wordpress\/wp-content\/uploads\/2011\/01\/elias.jpg","type":"","width":"","height":""}],"twitter_card":"summary_large_image","twitter_misc":{"Gesch\u00e4tzte Lesezeit":"5\u00a0Minuten"},"schema":{"@context":"https:\/\/schema.org","@graph":[{"@type":"WebPage","@id":"https:\/\/www.klaus-janowitz.de\/wordpress\/machtbalance-und-figuration\/","url":"https:\/\/www.klaus-janowitz.de\/wordpress\/machtbalance-und-figuration\/","name":"Machtbalance, Figuration und digitaler Wandel - Netnographie &amp; Digitaler Wandel","isPartOf":{"@id":"https:\/\/www.klaus-janowitz.de\/wordpress\/#website"},"primaryImageOfPage":{"@id":"https:\/\/www.klaus-janowitz.de\/wordpress\/machtbalance-und-figuration\/#primaryimage"},"image":{"@id":"https:\/\/www.klaus-janowitz.de\/wordpress\/machtbalance-und-figuration\/#primaryimage"},"thumbnailUrl":"https:\/\/www.klaus-janowitz.de\/wordpress\/wp-content\/uploads\/2011\/01\/elias.jpg","datePublished":"2015-12-20T11:48:00+00:00","dateModified":"2023-05-14T14:56:20+00:00","breadcrumb":{"@id":"https:\/\/www.klaus-janowitz.de\/wordpress\/machtbalance-und-figuration\/#breadcrumb"},"inLanguage":"de","potentialAction":[{"@type":"ReadAction","target":["https:\/\/www.klaus-janowitz.de\/wordpress\/machtbalance-und-figuration\/"]}]},{"@type":"ImageObject","inLanguage":"de","@id":"https:\/\/www.klaus-janowitz.de\/wordpress\/machtbalance-und-figuration\/#primaryimage","url":"https:\/\/i0.wp.com\/www.klaus-janowitz.de\/wordpress\/wp-content\/uploads\/2011\/01\/elias.jpg?fit=220%2C279&ssl=1","contentUrl":"https:\/\/i0.wp.com\/www.klaus-janowitz.de\/wordpress\/wp-content\/uploads\/2011\/01\/elias.jpg?fit=220%2C279&ssl=1","width":"220","height":"279","caption":"Norbert Elias (1897 - 1990)"},{"@type":"BreadcrumbList","@id":"https:\/\/www.klaus-janowitz.de\/wordpress\/machtbalance-und-figuration\/#breadcrumb","itemListElement":[{"@type":"ListItem","position":1,"name":"Startseite","item":"https:\/\/www.klaus-janowitz.de\/wordpress\/"},{"@type":"ListItem","position":2,"name":"Machtbalance, Figuration und digitaler Wandel"}]},{"@type":"WebSite","@id":"https:\/\/www.klaus-janowitz.de\/wordpress\/#website","url":"https:\/\/www.klaus-janowitz.de\/wordpress\/","name":"Netnographie &amp; Digitaler Wandel","description":"Blog rund um die Themen Netnographie, Online-Kultur und Digitalen Wandel","potentialAction":[{"@type":"SearchAction","target":{"@type":"EntryPoint","urlTemplate":"https:\/\/www.klaus-janowitz.de\/wordpress\/?s={search_term_string}"},"query-input":{"@type":"PropertyValueSpecification","valueRequired":true,"valueName":"search_term_string"}}],"inLanguage":"de"}]}},"jetpack_sharing_enabled":true,"jetpack_shortlink":"https:\/\/wp.me\/P15Wn2-1RI","jetpack_likes_enabled":true,"jetpack-related-posts":[{"id":8266,"url":"https:\/\/www.klaus-janowitz.de\/wordpress\/digitale-transformation-und-digitaler-wandel\/","url_meta":{"origin":7174,"position":0},"title":"Digitale Transformation und Digitaler Wandel","author":"KlausMJan","date":"18. Mai 2016","format":false,"excerpt":"18\/05\/16\u00a0kmjan Digitalisierung ist seit langem ein Megathema \u2013 immer wieder sprechen wir dar\u00fcber unter anderen Leitbegriffen. Seit einigen Jahren\u00a0hei\u00dft es \u201eDigitaler Wandel\u201c bzw. \u201eDigitale Transformation\u201c. Oft werden die beiden Begriffe undifferenziert\u00a0nebeneinander gebraucht. Was unterscheidet sie inhaltlich\u00a0und was bedeuten sie\u00a0f\u00fcr Entwicklung und Trends in Wirtschaft und Gesellschaft? Digitalisierungssch\u00fcbe haben immer wieder\u2026","rel":"","context":"\u00c4hnlicher Beitrag","block_context":{"text":"\u00c4hnlicher Beitrag","link":""},"img":{"alt_text":"","src":"https:\/\/i0.wp.com\/www.klaus-janowitz.de\/wordpress\/wp-content\/uploads\/2016\/05\/IMG_4416-300x300.jpg?resize=350%2C200","width":350,"height":200},"classes":[]},{"id":5583,"url":"https:\/\/www.klaus-janowitz.de\/wordpress\/digitaler-wandel-ein-neuer-leitbegriff\/","url_meta":{"origin":7174,"position":1},"title":"Digitaler Wandel &#8211; ein neuer Leitbegriff","author":"KlausMJan","date":"30. April 2015","format":false,"excerpt":"29\/04\/15\u00a0kmjan Das Internet ist schon lange kein\u00a0Neuland mehr und schon gar nicht ein\u00a0Neues Medium*. Vor nunmehr zwei Jahrzehnten, etwa Mitte der 90er Jahre setzte es sich in der Breite durch und um die Jahrtausendwende herum war man dann \"drin\". In den Jahren danach folgten schnellere DSL-Verbindungen mit Flatrates, mit dem\u00a0iPhone\u2026","rel":"","context":"\u00c4hnlicher Beitrag","block_context":{"text":"\u00c4hnlicher Beitrag","link":""},"img":{"alt_text":"Digitaler Wandel ist mehr als technologischer Wandel","src":"https:\/\/i0.wp.com\/www.klaus-janowitz.de\/wordpress\/wp-content\/uploads\/2015\/04\/Firewire_ports-300x161.jpg?resize=350%2C200","width":350,"height":200},"classes":[]},{"id":14741,"url":"https:\/\/www.klaus-janowitz.de\/wordpress\/ueber-diesen-blog\/","url_meta":{"origin":7174,"position":2},"title":"\u00dcber diesen Blog","author":"KlausMJan","date":"27. Januar 2020","format":false,"excerpt":"Der (bzw. das) Blog\u00a0 Netnographie und digitaler Wandel besteht seit Herbst 2010.\u00a0Ausgangspunkt war damals das Netnocamp im Rahmen der Internetwoche, veranstaltet bei der\u00a0 IHK K\u00f6ln.\u00a0 Vorausgegangen war eine Website zu einem Projekt Online- Kundenbefragungen in Zusammenarbeit mit dem Softwareanbieter Globalpark (heute Questback). Digitaler Wandel (bzw. Transformation) pr\u00e4gte das ganze letzte\u2026","rel":"","context":"\u00c4hnlicher Beitrag","block_context":{"text":"\u00c4hnlicher Beitrag","link":""},"img":{"alt_text":"","src":"https:\/\/i0.wp.com\/www.klaus-janowitz.de\/wordpress\/wp-content\/uploads\/2019\/11\/Digital_floor-283x300.png?resize=350%2C200&ssl=1","width":350,"height":200},"classes":[]},{"id":6956,"url":"https:\/\/www.klaus-janowitz.de\/wordpress\/ueber-den-prozess-der-digitalisierung\/","url_meta":{"origin":7174,"position":3},"title":"\u00dcber den Proze\u00df der Digitalisierung","author":"KlausMJan","date":"3. Dezember 2015","format":false,"excerpt":"3\/12\/15 kmjan \u00dcber den Proze\u00df der Digitalisierung\u00a0- auch so kann man den\u00a0Digitalen Wandel\u00a0betrachten: angelehnt an den Proze\u00df der Zivilisation von Norbert Elias\u00a0als einen langfristigen Prozess in dem sich das Verh\u00e4ltnis von Individuum und Gesellschaft\u00a0wandelt und neu\u00a0gepr\u00e4gt wird. Es\u00a0sind technologische\u00a0und\u00a0gesellschaftliche (bzw. kulturelle) Entwicklungen,\u00a0die im digitalen Wandel miteinander verkn\u00fcpft sind - mit\u2026","rel":"","context":"\u00c4hnlicher Beitrag","block_context":{"text":"\u00c4hnlicher Beitrag","link":""},"img":{"alt_text":"","src":"https:\/\/i0.wp.com\/www.klaus-janowitz.de\/wordpress\/wp-content\/uploads\/2015\/11\/51YeVM-Jr-L._AC_UL320_SR192320_-180x300.jpg?resize=350%2C200","width":350,"height":200},"classes":[]},{"id":8967,"url":"https:\/\/www.klaus-janowitz.de\/wordpress\/digitale-figurationen\/","url_meta":{"origin":7174,"position":4},"title":"Digitale Figurationen","author":"KlausMJan","date":"22. November 2016","format":false,"excerpt":"22\/11\/16\u00a0kmjan Soziologische Konzepte und Theorien sind dazu da, gesellschaftliche Vorg\u00e4nge und Entwicklungen verstehbar zu machen. Bereits einige\u00a0male hatte ich hier auf die Soziologie von Norbert Elias aufmerksam gemacht. Man kann\u00a0sich fragen, was denn Norbert Elias mit der Digitalisierung zu tun habe? Mit den Lebensdaten 1897 - 1990 hatte er nur\u2026","rel":"","context":"\u00c4hnlicher Beitrag","block_context":{"text":"\u00c4hnlicher Beitrag","link":""},"img":{"alt_text":"","src":"https:\/\/i0.wp.com\/www.klaus-janowitz.de\/wordpress\/wp-content\/uploads\/2015\/04\/Schaltkreise-300x300.jpg?resize=350%2C200","width":350,"height":200},"classes":[]},{"id":8617,"url":"https:\/\/www.klaus-janowitz.de\/wordpress\/die-grosse-transformation-polanyi-und-die-digitalisierung\/","url_meta":{"origin":7174,"position":5},"title":"Die gro\u00dfe Transformation &#8211; Polanyi und die Digitalisierung","author":"KlausMJan","date":"18. Juni 2016","format":false,"excerpt":"18\/06\/16\u00a0kmjan Digitale Transformation ist neben Digitalem Wandel\u00a0eines der Buzzwords und seit einigen Jahren ein Leitbegriff in den\u00a0Diskursen zur Digitalisierung. W\u00e4hrend\u00a0Digitaler Wandel\u00a0sich weitgehend selbst erkl\u00e4rt, bzw. an Begriffe wie sozialen\/kulturellen\/wirtschaftlichen Wandel anschlie\u00dft, schwingen bei der Transformation\u00a0oft ungekl\u00e4rte Bedeutungen mit. Oft wird Digitale Transformation\u00a0mit dem zielgerichteten Einsatz im Management gleichgesetzt, als Aufgabe\u2026","rel":"","context":"\u00c4hnlicher Beitrag","block_context":{"text":"\u00c4hnlicher Beitrag","link":""},"img":{"alt_text":"photocase6855993152093421(2)","src":"https:\/\/i0.wp.com\/www.klaus-janowitz.de\/wordpress\/wp-content\/uploads\/2016\/06\/photocase68559931520934212-300x200.jpg?resize=350%2C200","width":350,"height":200},"classes":[]}],"_links":{"self":[{"href":"https:\/\/www.klaus-janowitz.de\/wordpress\/wp-json\/wp\/v2\/pages\/7174","targetHints":{"allow":["GET"]}}],"collection":[{"href":"https:\/\/www.klaus-janowitz.de\/wordpress\/wp-json\/wp\/v2\/pages"}],"about":[{"href":"https:\/\/www.klaus-janowitz.de\/wordpress\/wp-json\/wp\/v2\/types\/page"}],"author":[{"embeddable":true,"href":"https:\/\/www.klaus-janowitz.de\/wordpress\/wp-json\/wp\/v2\/users\/1"}],"replies":[{"embeddable":true,"href":"https:\/\/www.klaus-janowitz.de\/wordpress\/wp-json\/wp\/v2\/comments?post=7174"}],"version-history":[{"count":77,"href":"https:\/\/www.klaus-janowitz.de\/wordpress\/wp-json\/wp\/v2\/pages\/7174\/revisions"}],"predecessor-version":[{"id":79505,"href":"https:\/\/www.klaus-janowitz.de\/wordpress\/wp-json\/wp\/v2\/pages\/7174\/revisions\/79505"}],"wp:attachment":[{"href":"https:\/\/www.klaus-janowitz.de\/wordpress\/wp-json\/wp\/v2\/media?parent=7174"}],"curies":[{"name":"wp","href":"https:\/\/api.w.org\/{rel}","templated":true}]}}