{"id":5775,"date":"2015-06-18T15:59:56","date_gmt":"2015-06-18T13:59:56","guid":{"rendered":"http:\/\/www.klaus-janowitz.de\/wordpress\/?page_id=5775"},"modified":"2017-01-06T13:55:42","modified_gmt":"2017-01-06T12:55:42","slug":"netzwerk-vs-plattformgesellschaft","status":"publish","type":"page","link":"https:\/\/www.klaus-janowitz.de\/wordpress\/netzwerk-vs-plattformgesellschaft\/","title":{"rendered":"Netzwerk- vs Plattformgesellschaft"},"content":{"rendered":"<p>16\/06\/15 <a href=\"http:\/\/www.klaus-janowitz.de\/\">kmjan<\/a><\/p>\n<figure id=\"attachment_5941\" aria-describedby=\"caption-attachment-5941\" style=\"width: 300px\" class=\"wp-caption alignright\"><a href=\"https:\/\/i0.wp.com\/www.klaus-janowitz.de\/wordpress\/wp-content\/uploads\/2015\/06\/Netzwerk.jpg\"><img data-recalc-dims=\"1\" fetchpriority=\"high\" decoding=\"async\" class=\"wp-image-5941 size-medium\" src=\"https:\/\/i0.wp.com\/www.klaus-janowitz.de\/wordpress\/wp-content\/uploads\/2015\/06\/Netzwerk-300x204.jpg?resize=300%2C204\" alt=\"Netzwerke\" width=\"300\" height=\"204\" srcset=\"https:\/\/i0.wp.com\/www.klaus-janowitz.de\/wordpress\/wp-content\/uploads\/2015\/06\/Netzwerk.jpg?resize=300%2C204&amp;ssl=1 300w, https:\/\/i0.wp.com\/www.klaus-janowitz.de\/wordpress\/wp-content\/uploads\/2015\/06\/Netzwerk.jpg?w=779&amp;ssl=1 779w\" sizes=\"(max-width: 300px) 100vw, 300px\" \/><\/a><figcaption id=\"caption-attachment-5941\" class=\"wp-caption-text\">Netzwerke sind der Lieblingsbegriff der digitalen Moderne<\/figcaption><\/figure>\n<p style=\"text-align: justify;\">Das\u00a0<strong><em>Netzwerk<\/em><\/strong>\u00a0ist der\u00a0Lieblingsbegriff\u00a0der <em>digitalen Moderne<\/em>\u00a0&#8211;\u00a0in der\u00a0technischen Infrastruktur wie in der\u00a0sozialen Organisation. Es steht f\u00fcr eine\u00a0dezentrale Perspektive von Wirtschaft und Gesellschaft. Gutes Netzwerken gilt als Voraussetzung f\u00fcr Erfolg. Blickt man ein paar Jahrzehnte zur\u00fcck, war der Netzwerkgedanke in den Alternativbewegungen der 70er und 80er Jahre das herrschaftsfreie Gegenmodell (<em>zumindest strebte man das an<\/em>) zu\u00a0einer\u00a0hierarchisch organisierten Wirtschaft. <em>Netzwerkgesellschaft<\/em> war auch der Titel des ersten Bandes der Trilogie \u00a0&#8220;<em>Das Informationszeitalter<\/em>&#8221; (1996; dt. 2001) des in Berkeley lehrenden spanischen Soziologen <strong>Manuel Castells<\/strong>. Castells analysierte die <a href=\"https:\/\/i0.wp.com\/www.klaus-janowitz.de\/wordpress\/wp-content\/uploads\/2015\/06\/Catells.jpg\"><img data-recalc-dims=\"1\" decoding=\"async\" class=\"alignleft size-medium wp-image-5957\" src=\"https:\/\/i0.wp.com\/www.klaus-janowitz.de\/wordpress\/wp-content\/uploads\/2015\/06\/Catells-203x300.jpg?resize=203%2C300\" alt=\"Catells\" width=\"203\" height=\"300\" srcset=\"https:\/\/i0.wp.com\/www.klaus-janowitz.de\/wordpress\/wp-content\/uploads\/2015\/06\/Catells.jpg?resize=203%2C300&amp;ssl=1 203w, https:\/\/i0.wp.com\/www.klaus-janowitz.de\/wordpress\/wp-content\/uploads\/2015\/06\/Catells.jpg?resize=300%2C442&amp;ssl=1 300w, https:\/\/i0.wp.com\/www.klaus-janowitz.de\/wordpress\/wp-content\/uploads\/2015\/06\/Catells.jpg?w=339&amp;ssl=1 339w\" sizes=\"(max-width: 203px) 100vw, 203px\" \/><\/a><em>Informationsgesellschaft<\/em> als Nachfolgerin der <em>Industriegesellschaft,\u00a0<\/em>die (zumindest in ihrer <a href=\"http:\/\/www.klaus-janowitz.de\/pdf\/Von_der_Pyramide_zuR_Playlist.pdf\" target=\"_blank\">klassischen Form<\/a>)\u00a0hierarchisch-b\u00fcrokratisch organisiert ist.<br \/>\nSeit Erscheinen liegen mittlerweile etwa anderthalb\u00a0Jahrzehnte zur\u00fcck, die Themen sind aktuell geblieben.\u00a0<em>Netzwerkgesellschaft<\/em> bedeutet eine neue soziale Morphologie, die Verbreitung der Vernetzungslogik ver\u00e4ndert Prozesse der Produktion, Erfahrung, Macht und Kultur (vgl. S. 527). Netzwerke sind &#8220;<em>personalisierte Gemeinschaften<\/em>&#8220;, das neue Muster der Soziabilit\u00e4t ist durch einen <em>vernetzten Individualismus<\/em> gepr\u00e4gt (vgl. Castells 2005, S. 141).<br \/>\nTechnologische Innovation ist kein isoliertes Ereignis, technologische Systeme entstehen\u00a0gesellschaftlich &#8211; und sind von der\u00a0Kultur\u00a0gepr\u00e4gt, die sie hervorgebracht hat.\u00a0Innovation findet dort statt, wo die wissenschaftlichen, technischen, gesellschaftlichen\u00a0und\u00a0\u00f6konomischen Voraussetzungen\u00a0 gegeben sind.<br \/>\nZahlreiche Kr\u00e4fte\u00a0wirken ein:\u00a0Bed\u00fcrfnisse der Wirtschaft nach flexiblem Management, die Globalisierung von Produktion,\u00a0Kapital und Handel, zivilgesellschaftlicher Wille\u00a0zu\u00a0individueller Freiheit und offener Kommunikation,\u00a0\u00a0unternehmerisches Streben nach Gewinn, der staatliche Wunsch nach Kontrolle. Zugang und Ausschlu\u00df zu den Netzwerken\u00a0wird\u00a0zu einem immer entscheidenderen Faktor &#8211; und irgendwann zum Problem derer, die nicht daran teilhaben. Die Frage nach der faktischen Kontrolle des Zugangs wird zu einer entscheidenden Frage.<\/p>\n<p style=\"text-align: justify;\"><strong>Plattformen<\/strong> treten uns im Netz in verschiedener Form\u00a0entgegen: in den gro\u00dfen Social Media Plattformen, wie <em>Facebook<\/em>, <em>youtube<\/em>, <em>Twitter<\/em>, <em>instagram<\/em>, <em>LinkedIn<\/em> etc., <em>ebay<\/em> und <em>amazon marketplace<\/em>\u00a0als Handelsplattformen f\u00fcr jedermann. Seit neuerem in der\u00a0sich bildenden <strong><em>Sharing Economy<\/em><\/strong>: <em>airbnb<\/em>\u00a0(\u00dcbernachtungen) und <em>Uber<\/em>\u00a0(Fahrservice) als\u00a0derzeit bekannteste Beispiele, dazu aber auch Kreditvermittlung von privat zu privat, wie <em>auxmoney<\/em>, Car Sharing, Transportdienste nach dem Muster von <em>Uber<\/em> und manches andere.<br \/>\nPlattformen sind Verteilerstellen &#8211; die Bedeutung\u00a0ist\u00a0im Englischen viel weiter gefasst,\u00a0so ist\u00a0<em>platform\u00a0<\/em>auch der Bahnsteig &#8211; sie standardisieren Zug\u00e4nge\u00a0und\u00a0machen\u00a0erst\u00a0viele M\u00f6glichkeiten von Netzwerken nutzbar und erm\u00f6glichen neue. In der Diskussion dazu wird aber immer wieder ein Unbehagen erkennbar, dahinter stehen stille Bef\u00fcrchtungen neuer Machtstrukturen, nach einer faktischen Kontrolle der Zug\u00e4nge. Im\u00a0\u00a0Einflu\u00df und Gewinn bringenden Teil der Netz- \u00d6konomie\u00a0dominieren\u00a0wenige Unternehmen. Das Potential einer Sharing\u00a0Economy\u00a0ist noch unerschlossen. Tempogeber bleiben die Cluster der amerikanischen Westk\u00fcste. Zu allen Zeiten haben aber neue M\u00f6glichkeiten auch neue Gesch\u00e4ftsfelder er\u00f6ffnet. Als Ausblick bleibt\u00a0<span class=\"s1\">&#8220;<em>die Macht der Str\u00f6me gewinnt Vorrang gegen\u00fcber den Str\u00f6men der Macht<\/em>&#8221; (Castells, 2001, S. 527).<\/span><\/p>\n<p style=\"text-align: justify;\"><span style=\"font-size: small; line-height: 12px;\"><strong>weiterf\u00fchrend<\/strong>: <strong>Manuel Castells<\/strong>: Die Netzwerkgesellschaft. Teil 1 der Trilogie &#8220;Das Informationszeitalter&#8221;, Opladen 2001 (Orig. 1996); <strong>Manuel Castells<\/strong>: Die Internet-Galaxie: Internet, Wirtschaft und Gesellschaft, 2005 (Orig.: The Internet Galaxy:\u00a0<i>Reflections on the Internet, Business, and Society, 2001<\/i>), 300 S. Wiesbaden 2005; \u00a0<strong>Sebastian Giessmann<\/strong>: Die Verbundenheit der Dinge. Eine Kulturgeschichte der Netzwerke, 512 S., Berlin 2014; \u00a0<strong>Michael Seemann<\/strong>: Das neue Spiel. Strategien f\u00fcr die Welt nach dem digitalen Kontrollverlust. Freiburg 2014<\/span><\/p>\n<p>&nbsp;<\/p>\n<p><!-- Piwik --><\/p>\n<p><script type=\"text\/javascript\">\/\/ <![CDATA[ var pkBaseURL = ((\"https:\" == document.location.protocol) ? \"https:\/\/www.klaus-janowitz.de\/piwik\/\" : \"http:\/\/www.klaus-janowitz.de\/piwik\/\"); document.write(unescape(\"%3Cscript src='\" + pkBaseURL + \"piwik.js' type='text\/javascript'%3E%3C\/script%3E\")); \/\/ ]]><\/script><script type=\"text\/javascript\">\/\/ <![CDATA[ try { var piwikTracker = Piwik.getTracker(pkBaseURL + \"piwik.php\", 1); piwikTracker.trackPageView(); piwikTracker.enableLinkTracking(); } catch( err ) {} \/\/ ]]><\/script><\/p>\n<p><noscript><span class=\"mceItemHidden\" data-mce-bogus=\"1\"><span><\/span>&#038;<span class=\"mceItemHidden\" data-mce-bogus=\"1\"><span class=\"hiddenSpellError\" pre=\"\" data-mce-bogus=\"1\">amp<\/span><\/span>;<span class=\"hiddenSpellError\" pre=\"amp \" data-mce-bogus=\"1\">amp<\/span>;<span class=\"hiddenSpellError\" pre=\"amp \" data-mce-bogus=\"1\">amp<\/span>;<span class=\"hiddenSpellError\" pre=\"amp \" data-mce-bogus=\"1\">amp<\/span>;<span class=\"hiddenSpellError\" pre=\"amp \" data-mce-bogus=\"1\">amp<\/span>;lt;<span class=\"hiddenSpellError\" pre=\"lt \" data-mce-bogus=\"1\">img<\/span> <span class=\"hiddenSpellError\" pre=\"img \" data-mce-bogus=\"1\">src<\/span>=&#8221;http:\/\/www.klaus-janowitz.de\/piwik\/piwik.php?idsite=1&#8243; style=&#8221;<span class=\"hiddenSpellError\" pre=\"style \" data-mce-bogus=\"1\">border<\/span>:0&#8243; alt=&#8221;&#8221; \/><br \/>\n<\/span><\/noscript><!-- End Piwik Tag --><\/p>\n<p><script type=\"text\/javascript\">\/\/ <![CDATA[ var gaJsHost = ((\"https:\" == document.location.protocol) ? \"https:\/\/ssl.\" : \"http:\/\/www.\"); document.write(unescape(\"%3Cscript src='\" + gaJsHost + \"google-analytics.com\/ga.js' type='text\/javascript'%3E%3C\/script%3E\")); \/\/ ]]><\/script><\/p>\n<p><script type=\"text\/javascript\">\/\/ <![CDATA[ var pageTracker = _gat._getTracker(\"UA-5982947-1\"); pageTracker._trackPageview(); \/\/ ]]><\/script><\/p>\n","protected":false},"excerpt":{"rendered":"<p>16\/06\/15 kmjan Das\u00a0Netzwerk\u00a0ist der\u00a0Lieblingsbegriff\u00a0der digitalen Moderne\u00a0&#8211;\u00a0in der\u00a0technischen Infrastruktur wie in der\u00a0sozialen Organisation. Es steht f\u00fcr eine\u00a0dezentrale Perspektive von Wirtschaft und Gesellschaft. Gutes Netzwerken gilt als Voraussetzung f\u00fcr Erfolg. Blickt man ein paar Jahrzehnte zur\u00fcck, war der Netzwerkgedanke in den Alternativbewegungen der 70er und 80er Jahre das herrschaftsfreie Gegenmodell (zumindest strebte man das an) zu\u00a0einer\u00a0hierarchisch organisierten &hellip; <\/p>\n<p class=\"link-more\"><a href=\"https:\/\/www.klaus-janowitz.de\/wordpress\/netzwerk-vs-plattformgesellschaft\/\" class=\"more-link\"><span class=\"screen-reader-text\">\u201eNetzwerk- vs Plattformgesellschaft\u201c <\/span>weiterlesen<\/a><\/p>\n","protected":false},"author":1,"featured_media":0,"parent":0,"menu_order":0,"comment_status":"open","ping_status":"open","template":"","meta":{"jetpack_post_was_ever_published":false,"activitypub_content_warning":"","activitypub_content_visibility":"","activitypub_max_image_attachments":4,"activitypub_interaction_policy_quote":"","activitypub_status":"","footnotes":""},"class_list":["post-5775","page","type-page","status-publish","hentry"],"yoast_head":"<!-- This site is optimized with the Yoast SEO plugin v27.4 - https:\/\/yoast.com\/product\/yoast-seo-wordpress\/ -->\n<title>Netzwerk- vs Plattformgesellschaft - Netnographie &amp; Digitaler Wandel<\/title>\n<meta name=\"robots\" content=\"index, follow, max-snippet:-1, max-image-preview:large, max-video-preview:-1\" \/>\n<link rel=\"canonical\" href=\"https:\/\/www.klaus-janowitz.de\/wordpress\/netzwerk-vs-plattformgesellschaft\/\" \/>\n<meta property=\"og:locale\" content=\"de_DE\" \/>\n<meta property=\"og:type\" content=\"article\" \/>\n<meta property=\"og:title\" content=\"Netzwerk- vs Plattformgesellschaft - Netnographie &amp; Digitaler Wandel\" \/>\n<meta property=\"og:description\" content=\"16\/06\/15 kmjan Das\u00a0Netzwerk\u00a0ist der\u00a0Lieblingsbegriff\u00a0der digitalen Moderne\u00a0&#8211;\u00a0in der\u00a0technischen Infrastruktur wie in der\u00a0sozialen Organisation. Es steht f\u00fcr eine\u00a0dezentrale Perspektive von Wirtschaft und Gesellschaft. Gutes Netzwerken gilt als Voraussetzung f\u00fcr Erfolg. Blickt man ein paar Jahrzehnte zur\u00fcck, war der Netzwerkgedanke in den Alternativbewegungen der 70er und 80er Jahre das herrschaftsfreie Gegenmodell (zumindest strebte man das an) zu\u00a0einer\u00a0hierarchisch organisierten &hellip; \u201eNetzwerk- vs Plattformgesellschaft\u201c weiterlesen\" \/>\n<meta property=\"og:url\" content=\"https:\/\/www.klaus-janowitz.de\/wordpress\/netzwerk-vs-plattformgesellschaft\/\" \/>\n<meta property=\"og:site_name\" content=\"Netnographie &amp; Digitaler Wandel\" \/>\n<meta property=\"article:modified_time\" content=\"2017-01-06T12:55:42+00:00\" \/>\n<meta property=\"og:image\" content=\"http:\/\/www.klaus-janowitz.de\/wordpress\/wp-content\/uploads\/2015\/06\/Netzwerk-300x204.jpg\" \/>\n<meta name=\"twitter:card\" content=\"summary_large_image\" \/>\n<meta name=\"twitter:label1\" content=\"Gesch\u00e4tzte Lesezeit\" \/>\n\t<meta name=\"twitter:data1\" content=\"3\u00a0Minuten\" \/>\n<script type=\"application\/ld+json\" class=\"yoast-schema-graph\">{\"@context\":\"https:\\\/\\\/schema.org\",\"@graph\":[{\"@type\":\"WebPage\",\"@id\":\"https:\\\/\\\/www.klaus-janowitz.de\\\/wordpress\\\/netzwerk-vs-plattformgesellschaft\\\/\",\"url\":\"https:\\\/\\\/www.klaus-janowitz.de\\\/wordpress\\\/netzwerk-vs-plattformgesellschaft\\\/\",\"name\":\"Netzwerk- vs Plattformgesellschaft - Netnographie &amp; Digitaler Wandel\",\"isPartOf\":{\"@id\":\"https:\\\/\\\/www.klaus-janowitz.de\\\/wordpress\\\/#website\"},\"primaryImageOfPage\":{\"@id\":\"https:\\\/\\\/www.klaus-janowitz.de\\\/wordpress\\\/netzwerk-vs-plattformgesellschaft\\\/#primaryimage\"},\"image\":{\"@id\":\"https:\\\/\\\/www.klaus-janowitz.de\\\/wordpress\\\/netzwerk-vs-plattformgesellschaft\\\/#primaryimage\"},\"thumbnailUrl\":\"http:\\\/\\\/www.klaus-janowitz.de\\\/wordpress\\\/wp-content\\\/uploads\\\/2015\\\/06\\\/Netzwerk-300x204.jpg\",\"datePublished\":\"2015-06-18T13:59:56+00:00\",\"dateModified\":\"2017-01-06T12:55:42+00:00\",\"breadcrumb\":{\"@id\":\"https:\\\/\\\/www.klaus-janowitz.de\\\/wordpress\\\/netzwerk-vs-plattformgesellschaft\\\/#breadcrumb\"},\"inLanguage\":\"de\",\"potentialAction\":[{\"@type\":\"ReadAction\",\"target\":[\"https:\\\/\\\/www.klaus-janowitz.de\\\/wordpress\\\/netzwerk-vs-plattformgesellschaft\\\/\"]}]},{\"@type\":\"ImageObject\",\"inLanguage\":\"de\",\"@id\":\"https:\\\/\\\/www.klaus-janowitz.de\\\/wordpress\\\/netzwerk-vs-plattformgesellschaft\\\/#primaryimage\",\"url\":\"http:\\\/\\\/www.klaus-janowitz.de\\\/wordpress\\\/wp-content\\\/uploads\\\/2015\\\/06\\\/Netzwerk-300x204.jpg\",\"contentUrl\":\"http:\\\/\\\/www.klaus-janowitz.de\\\/wordpress\\\/wp-content\\\/uploads\\\/2015\\\/06\\\/Netzwerk-300x204.jpg\"},{\"@type\":\"BreadcrumbList\",\"@id\":\"https:\\\/\\\/www.klaus-janowitz.de\\\/wordpress\\\/netzwerk-vs-plattformgesellschaft\\\/#breadcrumb\",\"itemListElement\":[{\"@type\":\"ListItem\",\"position\":1,\"name\":\"Startseite\",\"item\":\"https:\\\/\\\/www.klaus-janowitz.de\\\/wordpress\\\/\"},{\"@type\":\"ListItem\",\"position\":2,\"name\":\"Netzwerk- vs Plattformgesellschaft\"}]},{\"@type\":\"WebSite\",\"@id\":\"https:\\\/\\\/www.klaus-janowitz.de\\\/wordpress\\\/#website\",\"url\":\"https:\\\/\\\/www.klaus-janowitz.de\\\/wordpress\\\/\",\"name\":\"Netnographie &amp; Digitaler Wandel\",\"description\":\"Blog rund um die Themen Netnographie, Online-Kultur und Digitalen Wandel\",\"potentialAction\":[{\"@type\":\"SearchAction\",\"target\":{\"@type\":\"EntryPoint\",\"urlTemplate\":\"https:\\\/\\\/www.klaus-janowitz.de\\\/wordpress\\\/?s={search_term_string}\"},\"query-input\":{\"@type\":\"PropertyValueSpecification\",\"valueRequired\":true,\"valueName\":\"search_term_string\"}}],\"inLanguage\":\"de\"}]}<\/script>\n<!-- \/ Yoast SEO plugin. -->","yoast_head_json":{"title":"Netzwerk- vs Plattformgesellschaft - Netnographie &amp; Digitaler Wandel","robots":{"index":"index","follow":"follow","max-snippet":"max-snippet:-1","max-image-preview":"max-image-preview:large","max-video-preview":"max-video-preview:-1"},"canonical":"https:\/\/www.klaus-janowitz.de\/wordpress\/netzwerk-vs-plattformgesellschaft\/","og_locale":"de_DE","og_type":"article","og_title":"Netzwerk- vs Plattformgesellschaft - Netnographie &amp; Digitaler Wandel","og_description":"16\/06\/15 kmjan Das\u00a0Netzwerk\u00a0ist der\u00a0Lieblingsbegriff\u00a0der digitalen Moderne\u00a0&#8211;\u00a0in der\u00a0technischen Infrastruktur wie in der\u00a0sozialen Organisation. Es steht f\u00fcr eine\u00a0dezentrale Perspektive von Wirtschaft und Gesellschaft. Gutes Netzwerken gilt als Voraussetzung f\u00fcr Erfolg. Blickt man ein paar Jahrzehnte zur\u00fcck, war der Netzwerkgedanke in den Alternativbewegungen der 70er und 80er Jahre das herrschaftsfreie Gegenmodell (zumindest strebte man das an) zu\u00a0einer\u00a0hierarchisch organisierten &hellip; \u201eNetzwerk- vs Plattformgesellschaft\u201c weiterlesen","og_url":"https:\/\/www.klaus-janowitz.de\/wordpress\/netzwerk-vs-plattformgesellschaft\/","og_site_name":"Netnographie &amp; Digitaler Wandel","article_modified_time":"2017-01-06T12:55:42+00:00","og_image":[{"url":"http:\/\/www.klaus-janowitz.de\/wordpress\/wp-content\/uploads\/2015\/06\/Netzwerk-300x204.jpg","type":"","width":"","height":""}],"twitter_card":"summary_large_image","twitter_misc":{"Gesch\u00e4tzte Lesezeit":"3\u00a0Minuten"},"schema":{"@context":"https:\/\/schema.org","@graph":[{"@type":"WebPage","@id":"https:\/\/www.klaus-janowitz.de\/wordpress\/netzwerk-vs-plattformgesellschaft\/","url":"https:\/\/www.klaus-janowitz.de\/wordpress\/netzwerk-vs-plattformgesellschaft\/","name":"Netzwerk- vs Plattformgesellschaft - Netnographie &amp; Digitaler Wandel","isPartOf":{"@id":"https:\/\/www.klaus-janowitz.de\/wordpress\/#website"},"primaryImageOfPage":{"@id":"https:\/\/www.klaus-janowitz.de\/wordpress\/netzwerk-vs-plattformgesellschaft\/#primaryimage"},"image":{"@id":"https:\/\/www.klaus-janowitz.de\/wordpress\/netzwerk-vs-plattformgesellschaft\/#primaryimage"},"thumbnailUrl":"http:\/\/www.klaus-janowitz.de\/wordpress\/wp-content\/uploads\/2015\/06\/Netzwerk-300x204.jpg","datePublished":"2015-06-18T13:59:56+00:00","dateModified":"2017-01-06T12:55:42+00:00","breadcrumb":{"@id":"https:\/\/www.klaus-janowitz.de\/wordpress\/netzwerk-vs-plattformgesellschaft\/#breadcrumb"},"inLanguage":"de","potentialAction":[{"@type":"ReadAction","target":["https:\/\/www.klaus-janowitz.de\/wordpress\/netzwerk-vs-plattformgesellschaft\/"]}]},{"@type":"ImageObject","inLanguage":"de","@id":"https:\/\/www.klaus-janowitz.de\/wordpress\/netzwerk-vs-plattformgesellschaft\/#primaryimage","url":"http:\/\/www.klaus-janowitz.de\/wordpress\/wp-content\/uploads\/2015\/06\/Netzwerk-300x204.jpg","contentUrl":"http:\/\/www.klaus-janowitz.de\/wordpress\/wp-content\/uploads\/2015\/06\/Netzwerk-300x204.jpg"},{"@type":"BreadcrumbList","@id":"https:\/\/www.klaus-janowitz.de\/wordpress\/netzwerk-vs-plattformgesellschaft\/#breadcrumb","itemListElement":[{"@type":"ListItem","position":1,"name":"Startseite","item":"https:\/\/www.klaus-janowitz.de\/wordpress\/"},{"@type":"ListItem","position":2,"name":"Netzwerk- vs Plattformgesellschaft"}]},{"@type":"WebSite","@id":"https:\/\/www.klaus-janowitz.de\/wordpress\/#website","url":"https:\/\/www.klaus-janowitz.de\/wordpress\/","name":"Netnographie &amp; Digitaler Wandel","description":"Blog rund um die Themen Netnographie, Online-Kultur und Digitalen Wandel","potentialAction":[{"@type":"SearchAction","target":{"@type":"EntryPoint","urlTemplate":"https:\/\/www.klaus-janowitz.de\/wordpress\/?s={search_term_string}"},"query-input":{"@type":"PropertyValueSpecification","valueRequired":true,"valueName":"search_term_string"}}],"inLanguage":"de"}]}},"jetpack_sharing_enabled":true,"jetpack_shortlink":"https:\/\/wp.me\/P15Wn2-1v9","jetpack_likes_enabled":true,"jetpack-related-posts":[{"id":10223,"url":"https:\/\/www.klaus-janowitz.de\/wordpress\/gesellschaft-4-0-networked-economy-und-networked-sociality\/","url_meta":{"origin":5775,"position":0},"title":"Gesellschaft 4.0 ?- Networked Economy und Networked Sociality","author":"KlausMJan","date":"19. August 2017","format":false,"excerpt":"17\/08\/17\u00a0kmjan Gesellschaft 4.0 ist ein etwas seltsamer Begriff, der sich einreiht in die Serie von 4.0 Begriffen (Arbeit, Technologie, Wirtschaft, Politik,\u00a0Gesundheit), die alle auf\u00a0Industrie 4.0\u00a0zur\u00fcckgehen. Industrie 4.0\u00a0verweist auf automatisierte Digitalisierung als vierter industrieller Revolution -\u00a0nach Mechanisierung, Elektrifizierung und Informatisierung. 4.0\u00a0steht f\u00fcr das von Ministerien, Unternehmen, Verb\u00e4nden etc. getragene Zukunftsprojekt f\u00fcr\u2026","rel":"","context":"\u00c4hnlicher Beitrag","block_context":{"text":"\u00c4hnlicher Beitrag","link":""},"img":{"alt_text":"","src":"https:\/\/i0.wp.com\/www.klaus-janowitz.de\/wordpress\/wp-content\/uploads\/2016\/03\/Buerostuhl-300x300.jpg?resize=350%2C200","width":350,"height":200},"classes":[]},{"id":11630,"url":"https:\/\/www.klaus-janowitz.de\/wordpress\/4-0-oder-die-luecke-die-der-rechner-laesst-rez\/","url_meta":{"origin":5775,"position":1},"title":"4.0 oder die L\u00fccke, die der Rechner l\u00e4sst (Rez.)","author":"KlausMJan","date":"29. September 2018","format":false,"excerpt":"27\/09\/18\u00a0kmjan Immer wieder 4.0 ... und ausgerechnet\u00a0 von\u00a0\u00a0einem Soziologen, aber hier gilt eine ganz andere Z\u00e4hlweise: 4.0 ist keine Etappe der industriellen Revolution, sondern weit ausgreifend die 4.\u00a0 Medienepoche der Menschheitsgeschichte. Zuerst war die Sprache und die Stammesgesellschaft, dann die Schrift und die antike Gesellschaft, sp\u00e4ter kam der Buchdruck und\u2026","rel":"","context":"\u00c4hnlicher Beitrag","block_context":{"text":"\u00c4hnlicher Beitrag","link":""},"img":{"alt_text":"","src":"https:\/\/i0.wp.com\/www.klaus-janowitz.de\/wordpress\/wp-content\/uploads\/2018\/09\/DirkBaecker-e1536095925897-210x300.jpeg?resize=350%2C200","width":350,"height":200},"classes":[]},{"id":9219,"url":"https:\/\/www.klaus-janowitz.de\/wordpress\/deutschland-4-0-wie-die-digitale-transformation-gelingt-rez\/","url_meta":{"origin":5775,"position":2},"title":"Deutschland 4.0 &#8211; Wie die Digitale Transformation gelingt  (Rez.)","author":"KlausMJan","date":"5. Dezember 2016","format":false,"excerpt":"8\/12\/16\u00a0kmjan Zur Digitalen Transformation\u00a0sind in den letzten Jahren eine ganze Reihe B\u00fccher \u00a0erschienen\u00a0- einige davon habe ich in diesem Blog besprochen: \u201eDematerialisierung \u2013 Die Neuverteilung der Welt in Zeiten des digitalen Darwinismus\u201c von Ralf\u00a0Kreuzer & Karl-Heinz Land; Tim Cole\u00a0 mit \"Digitale Transformation. Warum die deutsche Wirtschaft gerade die digitale Zukunft\u2026","rel":"","context":"\u00c4hnlicher Beitrag","block_context":{"text":"\u00c4hnlicher Beitrag","link":""},"img":{"alt_text":"deutschland_40","src":"https:\/\/i0.wp.com\/www.klaus-janowitz.de\/wordpress\/wp-content\/uploads\/2016\/11\/Deutschland_40-199x300.jpg?resize=350%2C200","width":350,"height":200},"classes":[]},{"id":7755,"url":"https:\/\/www.klaus-janowitz.de\/wordpress\/innovation-und-transformation-rez\/","url_meta":{"origin":5775,"position":3},"title":"Innovation und Transformation (Rez.)","author":"KlausMJan","date":"17. M\u00e4rz 2016","format":false,"excerpt":"17\/03\/16 kmjan Zwei B\u00fccher in denen es um Innovationsf\u00e4higkeit, um die \"Zukunft Deutschlands als Wirtschaftsnation\" (Cole S. 197)\u00a0geht. Es gibt ein oft idealisiertes Bild der deutschen Wirtschaft. Dazu z\u00e4hlen die hidden champions\u00a0aus\u00a0der ostwestf\u00e4lischen oder schw\u00e4bischen Provinz, die mit hochspezialisierten Produkten und herausragender Innovationskraft im Weltmarkt vorne stehen. Und es gibt\u2026","rel":"","context":"\u00c4hnlicher Beitrag","block_context":{"text":"\u00c4hnlicher Beitrag","link":""},"img":{"alt_text":"Innovationsstau","src":"https:\/\/i0.wp.com\/www.klaus-janowitz.de\/wordpress\/wp-content\/uploads\/2016\/02\/Innovationsstau-189x300.jpg?resize=350%2C200","width":350,"height":200},"classes":[]},{"id":20057,"url":"https:\/\/www.klaus-janowitz.de\/wordpress\/soziologie-und-digitalisierung-ein-ueberblick\/","url_meta":{"origin":5775,"position":4},"title":"Soziologie und Digitalisierung &#8211; ein \u00dcberblick","author":"KlausMJan","date":"7. Oktober 2020","format":false,"excerpt":"6\/10\/20 kmjan Welche Rolle spielen soziologische Ans\u00e4tze und Theorien, wie einflussreich sind sie ausserhalb eines wissenschaftlichen Kontextes, welche Deutungsmacht kommt ihnen zu? Sp\u00e4testens mit Corona haben sich Diskussionen verschoben. Gesellschaftliche Interaktions- und wirtschaftliche Wertsch\u00f6pfungsketten wurden unterbrochen. Die Zukunft erscheint nicht mehr allein als Fortsetzung der Gegenwart - und steht damit\u2026","rel":"","context":"\u00c4hnlicher Beitrag","block_context":{"text":"\u00c4hnlicher Beitrag","link":""},"img":{"alt_text":"","src":"https:\/\/i0.wp.com\/www.klaus-janowitz.de\/wordpress\/wp-content\/uploads\/2020\/09\/Zettelkasten-300x225.jpg?resize=350%2C200&ssl=1","width":350,"height":200},"classes":[]},{"id":7503,"url":"https:\/\/www.klaus-janowitz.de\/wordpress\/dematerialisierung-und-digitale-transformation\/","url_meta":{"origin":5775,"position":5},"title":"Dematerialisierung und Digitale Transformation  (Rez.)","author":"KlausMJan","date":"9. Februar 2016","format":false,"excerpt":"9\/02\/16\u00a0kmjan\u00a0 \"Dematerialisierung - Die Neuverteilung der Welt in Zeiten des digitalen Darwinismus\"\u00a0ist das zweite Buch des Autorengespanns Ralf T. Kreuzer & Karl-Heinz Land zum \"Digitalen Darwinismus\" - der Leitbegriff meint den Selektionsproze\u00df, der Unternehmen und auch ganze Branchen trifft \"wenn sich Technologien und die Gesellschaft schneller ver\u00e4ndern als die F\u00e4higkeit\u2026","rel":"","context":"\u00c4hnlicher Beitrag","block_context":{"text":"\u00c4hnlicher Beitrag","link":""},"img":{"alt_text":"Dematerialisierung","src":"https:\/\/i0.wp.com\/www.klaus-janowitz.de\/wordpress\/wp-content\/uploads\/2016\/01\/Dematerialisierung-211x300.jpg?resize=350%2C200","width":350,"height":200},"classes":[]}],"_links":{"self":[{"href":"https:\/\/www.klaus-janowitz.de\/wordpress\/wp-json\/wp\/v2\/pages\/5775","targetHints":{"allow":["GET"]}}],"collection":[{"href":"https:\/\/www.klaus-janowitz.de\/wordpress\/wp-json\/wp\/v2\/pages"}],"about":[{"href":"https:\/\/www.klaus-janowitz.de\/wordpress\/wp-json\/wp\/v2\/types\/page"}],"author":[{"embeddable":true,"href":"https:\/\/www.klaus-janowitz.de\/wordpress\/wp-json\/wp\/v2\/users\/1"}],"replies":[{"embeddable":true,"href":"https:\/\/www.klaus-janowitz.de\/wordpress\/wp-json\/wp\/v2\/comments?post=5775"}],"version-history":[{"count":134,"href":"https:\/\/www.klaus-janowitz.de\/wordpress\/wp-json\/wp\/v2\/pages\/5775\/revisions"}],"predecessor-version":[{"id":9639,"href":"https:\/\/www.klaus-janowitz.de\/wordpress\/wp-json\/wp\/v2\/pages\/5775\/revisions\/9639"}],"wp:attachment":[{"href":"https:\/\/www.klaus-janowitz.de\/wordpress\/wp-json\/wp\/v2\/media?parent=5775"}],"curies":[{"name":"wp","href":"https:\/\/api.w.org\/{rel}","templated":true}]}}