{"id":549,"date":"2011-05-04T13:51:57","date_gmt":"2011-05-04T13:51:57","guid":{"rendered":"http:\/\/www.klaus-janowitz.de\/wordpress\/?page_id=549"},"modified":"2012-02-19T12:42:18","modified_gmt":"2012-02-19T11:42:18","slug":"stamme-im-netz-die-tribale-metapher","status":"publish","type":"page","link":"https:\/\/www.klaus-janowitz.de\/wordpress\/stamme-im-netz-die-tribale-metapher\/","title":{"rendered":"St\u00e4mme im Netz &#8211; Die tribale Metapher"},"content":{"rendered":"<p style=\"text-align: justify;\">04\/05\/11 <a href=\"http:\/\/www.klaus-janowitz.de\/\">kmjan<\/a> <br \/>Befasst man sich mit dem Thema Netnographie, st\u00f6sst man bald auf eine tribale Metapher &#8211; und das gleich zweimal. Naheliegend beim Begriff <em>Netnographie<\/em> selber &#8211; zu sch\u00f6n ist die Geschichte der Entwicklung der ethnographischen Methode: Zuerst ist da der Forscher aus dem Kolonialzeitalter mit Tropenhelm und Kniebundhose <em>(Bronislaw Malinowski, der Begr\u00fcnder der ethnographischen Feldforschung, bei den Trobriandern)<\/em>, der Rituale und Sinnbez\u00fcge fremder Ethnien ergr\u00fcndet. Sp\u00e4ter folgt die soziologische Ethnographie, die sich auf Teilkulturen der eigenen Gesellschaft richtet: beginnend mit der\u00a0<em>Street Corner Society <\/em>in den 30er Jahren; als<em> lebensweltliche Ethnographie<\/em> auf besondere Szenen bzw. Milieus gerichtet,\u00a0wie etwa Heimwerker, Skinheads, Sadomasochisten oder auch auf Betriebskulturen. Von dort ist es dann nicht weit zur Ethnographie im <strong>Kulturraum Internet<\/strong>,\u00a0der allen erdenklichen Teilkulturen und Teil\u00f6ffentlichkeiten eine Plattform bietet.<br \/>\nEine\u00a0neuere Form ist <em>Fokussierte Ethnographie<\/em>, die sich auf besondere Ausschnitte einzelner Teilkulturen\u00a0konzentriert, durchgef\u00fchrt meist mit audiovisueller Aufzeichnung.\u00a0Sie wird h\u00e4ufig in der Marktforschung, bei der Produktentwicklung und zu evaluativen Zwecken eingesetzt. Es geht darum, Konsumenten oder z. B. Nutzer von Technik, in ihrem allt\u00e4glichen Kontext und in ihren Handlungsroutinen zu beobachten. Vom namensgebenden Feld des\u00a0<em>\u1f14\u03b8\u03bd\u03bf\u03c2<\/em> hat sich die Methode Ethnographie oft weit entfernt.<\/p>\n<p style=\"text-align: justify;\">So verschieden die Felder sein m\u00f6gen, so unterschiedlich das Forschungsinteresse, allen Spielarten sind einige methodische Grundlagen gemeinsam: Ethnographie forscht im\u00a0<em>natural setting<\/em>, und nicht in einer zu Forschungszwecken konstruierten Umgebung, sie geht zumeist induktiv vor, d.h. theoretische Schl\u00fcsse werden aus dem Forschungsprozess heraus entwickelt. Teilnehmende Beobachtung ist zwar die bekannteste Methode, aber nicht zwingend, nicht-teilnehmende Beobachtung in vielen F\u00e4llen sinnvoll (mit besonderen Implikationen der Forschungsethik), grunds\u00e4tzlich gilt \u201c&#8230;<em>the ethnographer participates, overtly or covertly, in people\u2019s daily lives for an extended\u00a0period of time, watching what happens, listening to what is said, asking questions; in fact collecting whatever data\u00a0are available to throw light on the issues with which he or she is concerned.<\/em>\u201d (Atkinson &amp; Hammersley 1983,\u00a0S. 2).<\/p>\n<p><a href=\"https:\/\/i0.wp.com\/www.klaus-janowitz.de\/wordpress\/wp-content\/uploads\/2011\/04\/Kniebund.jpg\"><img data-recalc-dims=\"1\" fetchpriority=\"high\" decoding=\"async\" class=\"alignleft size-full wp-image-436\" title=\"Kniebund\" src=\"https:\/\/i0.wp.com\/www.klaus-janowitz.de\/wordpress\/wp-content\/uploads\/2011\/04\/Kniebund.jpg?resize=525%2C123\" alt=\"\" width=\"525\" height=\"123\" srcset=\"https:\/\/i0.wp.com\/www.klaus-janowitz.de\/wordpress\/wp-content\/uploads\/2011\/04\/Kniebund.jpg?w=600&amp;ssl=1 600w, https:\/\/i0.wp.com\/www.klaus-janowitz.de\/wordpress\/wp-content\/uploads\/2011\/04\/Kniebund.jpg?resize=300%2C70&amp;ssl=1 300w\" sizes=\"(max-width: 525px) 100vw, 525px\" \/><\/a><\/p>\n<p style=\"text-align: justify;\">Ihren zweiten Auftritt hat die tribale Metapher mit dem Konzept der <em>Tribus Urbaines\/Urban Tribes <\/em>von <strong>Michel Maffesoli<\/strong> <em><span style=\"font-size: small; line-height: 11px;\">(Le Temps des tribus. Le d\u00e9clin de l&#8217;individualisme dans les soci\u00e9t\u00e9s de masse. Paris, 1988)<\/span><\/em>. Damit waren zun\u00e4chst Vergemeinschaftungen in Subkulturen abseits des Mainstream gemeint. Maffesoli verstand Punks als typisches Beispiel eines Urban Tribe<em>. <\/em>Postmoderne metropolitane <em>St\u00e4mme<\/em> werden als Netzwerke oft sehr heterogener Personen definiert, die durch eine gemeinsame Passion oder Emotion miteinander verbunden sind, es geht um die gef\u00fchlte Gemeinschaft. Im Unterschied zum traditionellen Stammesbegriff sind postmoderne St\u00e4mme nicht exklusiv: Jeder einzelne kann gleichzeitig mehreren angeh\u00f6ren. Meist zeichnen sie sich durch eine gemeinsame \u00c4sthetik aus. Beispiele sind Fan- und Subkulturen mit eigenen sozialen Normen und Ritualen, Lebensstilen und Loyalit\u00e4ten. Insbesondere in den angels\u00e4chsischen L\u00e4ndern wurden Maffesolis Thesen zum Neo-Tribalismus breit rezipiert und gelten als wichtiger Beitrag zu den <em>Cultural Studies<\/em>.<br \/>\nAuch ins Marketing fand das Konzept seinen Weg:\u00a0<em>Tribal Marketing<\/em>\u00a0zielt darauf ab,\u00a0<em>Brand<\/em>\u00a0Communities rund um ein Produkt oder eine Dienstleistung zu bilden. Grundannahme des\u00a0<em>Tribal Marketing<\/em>\u00a0ist es, dass\u00a0postmoderne Konsumenten Produkte und Dienstleistungen bevorzugen, die sie mit anderen Menschen verbinden, zu einer\u00a0<em>Community<\/em>, zu einem\u00a0<em>Tribe\u00a0<\/em>(vgl.\u00a0<a href=\"http:\/\/www.klaus-janowitz.de\/pdf\/Consumer_Tribes.pdf\" target=\"_blank\">Rezension<\/a>\u00a0zu\u00a0<em><a href=\"http:\/\/www.klaus-janowitz.de\/pdf\/Consumer_Tribes.pdf\" target=\"_blank\">Consumer Tribes<\/a><\/em>).<\/p>\n<p style=\"text-align: justify;\">So n\u00fctzlich und brauchbar das Konzept der Urban Tribes erscheint, anders als der Anglizismus\u00a0<em>tribal <\/em>sperrt sich\u00a0zumindest der Stammesbegriff in der deutschen Sprache gegen seine Erweiterung.\u00a0Ist die Stammesmetapher etwa bei (klassischen) Punks mit \u2013 damals \u2013 neuer \u00c4sthetik und eigenen kulturellen Codes noch leicht nachvollziehbar, wird es schwieriger sie auf\u00a0<em>Fashion Victims<\/em>,\u00a0<em>Nerds <\/em>oder etwa\u00a0<em>FairTrade-Konsumenten <\/em>anzuwenden<em>.<\/em><br \/>\nWas macht die Stammesmetapher so attraktiv? St\u00e4mme sind archaisch, man versteht darunter Gesellschaften, deren Bindungen untereinander auf gemeinsame Abstammung, zumindest aber auf kulturelle Rituale, Mythologien und Initiationen gegr\u00fcndet sind. Es sind vormoderne oder vorstaatliche Gesellschaften, die auf direkten sozialen Beziehungen beruhen und nur indirekt staatlicher Kontrolle unterworfen sind &#8211; h\u00f6chstens noch bei einigen indigenen V\u00f6lkern zu finden und oftmals Objekte von Romantisierung. Realiter kaum noch zu finden, weckt sie Bed\u00fcrfnisse nach Authentizit\u00e4t und gef\u00fchlter Gemeinschaft.\u00a0Wendet man Urban Tribes auf zeitgen\u00f6ssische Vergemeinschaftungen im Internet an, gelangt man zu dem, was bereits Marshall McLuhan\u00a0<em>Clusters of Affiliation<\/em> nannte. Eine griffigere Bezeichnung dazu ist noch vakant.<\/p>\n<p style=\"text-align: justify;\"><!-- Piwik --><br \/>\n<script type=\"text\/javascript\">\/\/ <![CDATA[\n          var pkBaseURL = ((\"https:\" == document.location.protocol) ? \"https:\/\/www.klaus-janowitz.de\/piwik\/\" : \"http:\/\/www.klaus-janowitz.de\/piwik\/\"); document.write(unescape(\"%3Cscript src='\" + pkBaseURL + \"piwik.js' type='text\/javascript'%3E%3C\/script%3E\"));\n\/\/ ]]><\/script><script type=\"text\/javascript\">\/\/ <![CDATA[\n          try { var piwikTracker = Piwik.getTracker(pkBaseURL + \"piwik.php\", 1); piwikTracker.trackPageView(); piwikTracker.enableLinkTracking(); } catch( err ) {}\n\/\/ ]]><\/script><\/p>\n<p><noscript>&amp;amp;lt;img src=&#8221;http:\/\/www.klaus-janowitz.de\/piwik\/piwik.php?idsite=1&#8243; style=&#8221;border:0&#8243; alt=&#8221;&#8221; \/&amp;amp;gt;&amp;amp;lt;br \/&amp;amp;gt;<\/noscript>&nbsp;<\/p>\n","protected":false},"excerpt":{"rendered":"<p>04\/05\/11 kmjan Befasst man sich mit dem Thema Netnographie, st\u00f6sst man bald auf eine tribale Metapher &#8211; und das gleich zweimal. Naheliegend beim Begriff Netnographie selber &#8211; zu sch\u00f6n ist die Geschichte der Entwicklung der ethnographischen Methode: Zuerst ist da der Forscher aus dem Kolonialzeitalter mit Tropenhelm und Kniebundhose (Bronislaw Malinowski, der Begr\u00fcnder der ethnographischen &hellip; <\/p>\n<p class=\"link-more\"><a href=\"https:\/\/www.klaus-janowitz.de\/wordpress\/stamme-im-netz-die-tribale-metapher\/\" class=\"more-link\"><span class=\"screen-reader-text\">\u201eSt\u00e4mme im Netz &#8211; Die tribale Metapher\u201c <\/span>weiterlesen<\/a><\/p>\n","protected":false},"author":1,"featured_media":0,"parent":0,"menu_order":0,"comment_status":"open","ping_status":"open","template":"","meta":{"jetpack_post_was_ever_published":false,"activitypub_content_warning":"","activitypub_content_visibility":"","activitypub_max_image_attachments":4,"activitypub_interaction_policy_quote":"","activitypub_status":"","footnotes":""},"class_list":["post-549","page","type-page","status-publish","hentry"],"yoast_head":"<!-- This site is optimized with the Yoast SEO plugin v27.4 - https:\/\/yoast.com\/product\/yoast-seo-wordpress\/ -->\n<title>St\u00e4mme im Netz - Die tribale Metapher - Netnographie &amp; Digitaler Wandel<\/title>\n<meta name=\"robots\" content=\"index, follow, max-snippet:-1, max-image-preview:large, max-video-preview:-1\" \/>\n<link rel=\"canonical\" href=\"https:\/\/www.klaus-janowitz.de\/wordpress\/stamme-im-netz-die-tribale-metapher\/\" \/>\n<meta property=\"og:locale\" content=\"de_DE\" \/>\n<meta property=\"og:type\" content=\"article\" \/>\n<meta property=\"og:title\" content=\"St\u00e4mme im Netz - Die tribale Metapher - Netnographie &amp; Digitaler Wandel\" \/>\n<meta property=\"og:description\" content=\"04\/05\/11 kmjan Befasst man sich mit dem Thema Netnographie, st\u00f6sst man bald auf eine tribale Metapher &#8211; und das gleich zweimal. Naheliegend beim Begriff Netnographie selber &#8211; zu sch\u00f6n ist die Geschichte der Entwicklung der ethnographischen Methode: Zuerst ist da der Forscher aus dem Kolonialzeitalter mit Tropenhelm und Kniebundhose (Bronislaw Malinowski, der Begr\u00fcnder der ethnographischen &hellip; \u201eSt\u00e4mme im Netz &#8211; Die tribale Metapher\u201c weiterlesen\" \/>\n<meta property=\"og:url\" content=\"https:\/\/www.klaus-janowitz.de\/wordpress\/stamme-im-netz-die-tribale-metapher\/\" \/>\n<meta property=\"og:site_name\" content=\"Netnographie &amp; Digitaler Wandel\" \/>\n<meta property=\"article:modified_time\" content=\"2012-02-19T11:42:18+00:00\" \/>\n<meta property=\"og:image\" content=\"http:\/\/www.klaus-janowitz.de\/wordpress\/wp-content\/uploads\/2011\/04\/Kniebund.jpg\" \/>\n<meta name=\"twitter:card\" content=\"summary_large_image\" \/>\n<meta name=\"twitter:label1\" content=\"Gesch\u00e4tzte Lesezeit\" \/>\n\t<meta name=\"twitter:data1\" content=\"4\u00a0Minuten\" \/>\n<script type=\"application\/ld+json\" class=\"yoast-schema-graph\">{\"@context\":\"https:\\\/\\\/schema.org\",\"@graph\":[{\"@type\":\"WebPage\",\"@id\":\"https:\\\/\\\/www.klaus-janowitz.de\\\/wordpress\\\/stamme-im-netz-die-tribale-metapher\\\/\",\"url\":\"https:\\\/\\\/www.klaus-janowitz.de\\\/wordpress\\\/stamme-im-netz-die-tribale-metapher\\\/\",\"name\":\"St\u00e4mme im Netz - Die tribale Metapher - Netnographie &amp; Digitaler Wandel\",\"isPartOf\":{\"@id\":\"https:\\\/\\\/www.klaus-janowitz.de\\\/wordpress\\\/#website\"},\"primaryImageOfPage\":{\"@id\":\"https:\\\/\\\/www.klaus-janowitz.de\\\/wordpress\\\/stamme-im-netz-die-tribale-metapher\\\/#primaryimage\"},\"image\":{\"@id\":\"https:\\\/\\\/www.klaus-janowitz.de\\\/wordpress\\\/stamme-im-netz-die-tribale-metapher\\\/#primaryimage\"},\"thumbnailUrl\":\"http:\\\/\\\/www.klaus-janowitz.de\\\/wordpress\\\/wp-content\\\/uploads\\\/2011\\\/04\\\/Kniebund.jpg\",\"datePublished\":\"2011-05-04T13:51:57+00:00\",\"dateModified\":\"2012-02-19T11:42:18+00:00\",\"breadcrumb\":{\"@id\":\"https:\\\/\\\/www.klaus-janowitz.de\\\/wordpress\\\/stamme-im-netz-die-tribale-metapher\\\/#breadcrumb\"},\"inLanguage\":\"de\",\"potentialAction\":[{\"@type\":\"ReadAction\",\"target\":[\"https:\\\/\\\/www.klaus-janowitz.de\\\/wordpress\\\/stamme-im-netz-die-tribale-metapher\\\/\"]}]},{\"@type\":\"ImageObject\",\"inLanguage\":\"de\",\"@id\":\"https:\\\/\\\/www.klaus-janowitz.de\\\/wordpress\\\/stamme-im-netz-die-tribale-metapher\\\/#primaryimage\",\"url\":\"http:\\\/\\\/www.klaus-janowitz.de\\\/wordpress\\\/wp-content\\\/uploads\\\/2011\\\/04\\\/Kniebund.jpg\",\"contentUrl\":\"http:\\\/\\\/www.klaus-janowitz.de\\\/wordpress\\\/wp-content\\\/uploads\\\/2011\\\/04\\\/Kniebund.jpg\"},{\"@type\":\"BreadcrumbList\",\"@id\":\"https:\\\/\\\/www.klaus-janowitz.de\\\/wordpress\\\/stamme-im-netz-die-tribale-metapher\\\/#breadcrumb\",\"itemListElement\":[{\"@type\":\"ListItem\",\"position\":1,\"name\":\"Startseite\",\"item\":\"https:\\\/\\\/www.klaus-janowitz.de\\\/wordpress\\\/\"},{\"@type\":\"ListItem\",\"position\":2,\"name\":\"St\u00e4mme im Netz &#8211; Die tribale Metapher\"}]},{\"@type\":\"WebSite\",\"@id\":\"https:\\\/\\\/www.klaus-janowitz.de\\\/wordpress\\\/#website\",\"url\":\"https:\\\/\\\/www.klaus-janowitz.de\\\/wordpress\\\/\",\"name\":\"Netnographie &amp; Digitaler Wandel\",\"description\":\"Blog rund um die Themen Netnographie, Online-Kultur und Digitalen Wandel\",\"potentialAction\":[{\"@type\":\"SearchAction\",\"target\":{\"@type\":\"EntryPoint\",\"urlTemplate\":\"https:\\\/\\\/www.klaus-janowitz.de\\\/wordpress\\\/?s={search_term_string}\"},\"query-input\":{\"@type\":\"PropertyValueSpecification\",\"valueRequired\":true,\"valueName\":\"search_term_string\"}}],\"inLanguage\":\"de\"}]}<\/script>\n<!-- \/ Yoast SEO plugin. -->","yoast_head_json":{"title":"St\u00e4mme im Netz - Die tribale Metapher - Netnographie &amp; Digitaler Wandel","robots":{"index":"index","follow":"follow","max-snippet":"max-snippet:-1","max-image-preview":"max-image-preview:large","max-video-preview":"max-video-preview:-1"},"canonical":"https:\/\/www.klaus-janowitz.de\/wordpress\/stamme-im-netz-die-tribale-metapher\/","og_locale":"de_DE","og_type":"article","og_title":"St\u00e4mme im Netz - Die tribale Metapher - Netnographie &amp; Digitaler Wandel","og_description":"04\/05\/11 kmjan Befasst man sich mit dem Thema Netnographie, st\u00f6sst man bald auf eine tribale Metapher &#8211; und das gleich zweimal. Naheliegend beim Begriff Netnographie selber &#8211; zu sch\u00f6n ist die Geschichte der Entwicklung der ethnographischen Methode: Zuerst ist da der Forscher aus dem Kolonialzeitalter mit Tropenhelm und Kniebundhose (Bronislaw Malinowski, der Begr\u00fcnder der ethnographischen &hellip; \u201eSt\u00e4mme im Netz &#8211; Die tribale Metapher\u201c weiterlesen","og_url":"https:\/\/www.klaus-janowitz.de\/wordpress\/stamme-im-netz-die-tribale-metapher\/","og_site_name":"Netnographie &amp; Digitaler Wandel","article_modified_time":"2012-02-19T11:42:18+00:00","og_image":[{"url":"http:\/\/www.klaus-janowitz.de\/wordpress\/wp-content\/uploads\/2011\/04\/Kniebund.jpg","type":"","width":"","height":""}],"twitter_card":"summary_large_image","twitter_misc":{"Gesch\u00e4tzte Lesezeit":"4\u00a0Minuten"},"schema":{"@context":"https:\/\/schema.org","@graph":[{"@type":"WebPage","@id":"https:\/\/www.klaus-janowitz.de\/wordpress\/stamme-im-netz-die-tribale-metapher\/","url":"https:\/\/www.klaus-janowitz.de\/wordpress\/stamme-im-netz-die-tribale-metapher\/","name":"St\u00e4mme im Netz - Die tribale Metapher - Netnographie &amp; Digitaler Wandel","isPartOf":{"@id":"https:\/\/www.klaus-janowitz.de\/wordpress\/#website"},"primaryImageOfPage":{"@id":"https:\/\/www.klaus-janowitz.de\/wordpress\/stamme-im-netz-die-tribale-metapher\/#primaryimage"},"image":{"@id":"https:\/\/www.klaus-janowitz.de\/wordpress\/stamme-im-netz-die-tribale-metapher\/#primaryimage"},"thumbnailUrl":"http:\/\/www.klaus-janowitz.de\/wordpress\/wp-content\/uploads\/2011\/04\/Kniebund.jpg","datePublished":"2011-05-04T13:51:57+00:00","dateModified":"2012-02-19T11:42:18+00:00","breadcrumb":{"@id":"https:\/\/www.klaus-janowitz.de\/wordpress\/stamme-im-netz-die-tribale-metapher\/#breadcrumb"},"inLanguage":"de","potentialAction":[{"@type":"ReadAction","target":["https:\/\/www.klaus-janowitz.de\/wordpress\/stamme-im-netz-die-tribale-metapher\/"]}]},{"@type":"ImageObject","inLanguage":"de","@id":"https:\/\/www.klaus-janowitz.de\/wordpress\/stamme-im-netz-die-tribale-metapher\/#primaryimage","url":"http:\/\/www.klaus-janowitz.de\/wordpress\/wp-content\/uploads\/2011\/04\/Kniebund.jpg","contentUrl":"http:\/\/www.klaus-janowitz.de\/wordpress\/wp-content\/uploads\/2011\/04\/Kniebund.jpg"},{"@type":"BreadcrumbList","@id":"https:\/\/www.klaus-janowitz.de\/wordpress\/stamme-im-netz-die-tribale-metapher\/#breadcrumb","itemListElement":[{"@type":"ListItem","position":1,"name":"Startseite","item":"https:\/\/www.klaus-janowitz.de\/wordpress\/"},{"@type":"ListItem","position":2,"name":"St\u00e4mme im Netz &#8211; Die tribale Metapher"}]},{"@type":"WebSite","@id":"https:\/\/www.klaus-janowitz.de\/wordpress\/#website","url":"https:\/\/www.klaus-janowitz.de\/wordpress\/","name":"Netnographie &amp; Digitaler Wandel","description":"Blog rund um die Themen Netnographie, Online-Kultur und Digitalen Wandel","potentialAction":[{"@type":"SearchAction","target":{"@type":"EntryPoint","urlTemplate":"https:\/\/www.klaus-janowitz.de\/wordpress\/?s={search_term_string}"},"query-input":{"@type":"PropertyValueSpecification","valueRequired":true,"valueName":"search_term_string"}}],"inLanguage":"de"}]}},"jetpack_sharing_enabled":true,"jetpack_shortlink":"https:\/\/wp.me\/P15Wn2-8R","jetpack_likes_enabled":true,"jetpack-related-posts":[{"id":14102,"url":"https:\/\/www.klaus-janowitz.de\/wordpress\/netnographie-2\/","url_meta":{"origin":549,"position":0},"title":"Netnographie","author":"KlausMJan","date":"2. Dezember 2019","format":false,"excerpt":"Netnographie bzw. Netnography, ist ein qualitativer Forschungsansatz, der die in den Sozialwissenschaften entwickelten Methoden ethnographischer (Feld-) Forschung auf die M\u00f6glichkeiten der Informationsgewinnung im Internet anwendet. Gepr\u00e4gt und weiterentwickelt wurde der Forschungsansatz seit 1996 von dem kanadischen Kulturanthropologen und Marketer Robert V. Kozinets. Grunds\u00e4tzlich ist Netnographie - ebenso wie Ethnographie -\u2026","rel":"","context":"\u00c4hnlicher Beitrag","block_context":{"text":"\u00c4hnlicher Beitrag","link":""},"img":{"alt_text":"","src":"https:\/\/i0.wp.com\/www.klaus-janowitz.de\/wordpress\/wp-content\/uploads\/2015\/06\/Netzwerk-300x204.jpg?resize=350%2C200&ssl=1","width":350,"height":200},"classes":[]},{"id":4759,"url":"https:\/\/www.klaus-janowitz.de\/wordpress\/qualitative-datenanalyse\/","url_meta":{"origin":549,"position":1},"title":"Qualitative Datenanalyse","author":"KlausMJan","date":"10. November 2014","format":false,"excerpt":"\u00a09\/11\/14\u00a0kmjan Derart\u00a0spezialisierte Handb\u00fccher erscheinen wohl nur noch in englischer Sprache, auch wenn Herausgeber und viele\u00a0der Autoren deutschsprachig sind. Im Juni 2014 erschien The Sage Handbook of Qualitative Data Analysis\u00a0mit 40 Beitr\u00e4gen namhafter Wissenschaftler aus dem angloamerikanischen und deutschen Sprachraum, zumeist Inhaber von Lehrst\u00fchlen in Soziologie oder Psychologie. Unter qualitativer Datenanalyse\u2026","rel":"","context":"\u00c4hnlicher Beitrag","block_context":{"text":"\u00c4hnlicher Beitrag","link":""},"img":{"alt_text":"","src":"https:\/\/i0.wp.com\/www.klaus-janowitz.de\/wordpress\/wp-content\/uploads\/2014\/08\/Titel_QDA-211x300.jpg?resize=350%2C200","width":350,"height":200},"classes":[]},{"id":241,"url":"https:\/\/www.klaus-janowitz.de\/wordpress\/social-media-netnography\/","url_meta":{"origin":549,"position":2},"title":"Social Media Netnography","author":"KlausMJan","date":"9. Januar 2011","format":false,"excerpt":"07\/01\/11\u00a0kmjan Immer wieder taucht die Frage auf, was den Unterschied zwischen\u00a0Netnographie und\u00a0Social Media (bzw. Web-)\u00a0Monitoring ausmacht. Es sind keine Methoden und Konzepte, die in Konkurrenz zueinander stehen, sondern Forschungsans\u00e4tze, die unterschiedlichen Bereichen entstammen, sich in der Forschungspraxis im Social Web aber nahe kommen und gelegentlich \u00fcberschneiden. Netnographie entstammt der Ethnographie\u2026","rel":"","context":"\u00c4hnlicher Beitrag","block_context":{"text":"\u00c4hnlicher Beitrag","link":""},"img":{"alt_text":"","src":"https:\/\/i0.wp.com\/www.klaus-janowitz.de\/wordpress\/wp-content\/uploads\/2010\/12\/tgraph.jpg?resize=350%2C200&ssl=1","width":350,"height":200,"srcset":"https:\/\/i0.wp.com\/www.klaus-janowitz.de\/wordpress\/wp-content\/uploads\/2010\/12\/tgraph.jpg?resize=350%2C200&ssl=1 1x, https:\/\/i0.wp.com\/www.klaus-janowitz.de\/wordpress\/wp-content\/uploads\/2010\/12\/tgraph.jpg?resize=525%2C300&ssl=1 1.5x"},"classes":[]},{"id":2879,"url":"https:\/\/www.klaus-janowitz.de\/wordpress\/netnographie-oder-social-media-research\/","url_meta":{"origin":549,"position":3},"title":"Netnographie oder Social Media Research?","author":"KlausMJan","date":"23. Oktober 2012","format":false,"excerpt":"23\/10\/12\u00a0kmjan K\u00fcrzlich wurde ich von den Herausgebern des Handbuchs zur Online-Forschung (erscheint 2013) gebeten, den Beitrag zu Netnographie zu schreiben. Eine Gelegenheit die Entwicklung seit Mitte der 90er Jahre zur\u00fcckzuverfolgen. Die Welt der (damals) Neuen Medien, der Online-Communities und der Art und Weise wie wir sie sehen und erleben hat\u2026","rel":"","context":"Mit 1 Kommentar","block_context":{"text":"Mit 1 Kommentar","link":"https:\/\/www.klaus-janowitz.de\/wordpress\/netnographie-oder-social-media-research\/#comments"},"img":{"alt_text":"","src":"https:\/\/i0.wp.com\/www.klaus-janowitz.de\/wordpress\/wp-content\/uploads\/2012\/10\/Schattendiskussion-300x238.jpg?resize=350%2C200","width":350,"height":200},"classes":[]},{"id":13163,"url":"https:\/\/www.klaus-janowitz.de\/wordpress\/texte\/","url_meta":{"origin":549,"position":4},"title":"Texte","author":"KlausMJan","date":"11. Juni 2019","format":false,"excerpt":"\u00a0 \u00a0 \u00a0 \u00a0 \u00a0 im folgenden einige \u00e4ltere Texte (im pdf- Format), darunter mehrere Rezensionen, die meist in sozialwissenschaftlichen Zeitschriften ver\u00f6ffentlicht wurden Unter dem griffigen Label Netnographie \u2013 auch im deutschsprachigen Kontext bisher in amerikanischer Schreibweise als Netnography bezeichnet \u2013 taucht derzeit ein neuer Forschungsansatz mit dem Anspruch auf,\u2026","rel":"","context":"\u00c4hnlicher Beitrag","block_context":{"text":"\u00c4hnlicher Beitrag","link":""},"img":{"alt_text":"","src":"https:\/\/i0.wp.com\/www.klaus-janowitz.de\/wordpress\/wp-content\/uploads\/2019\/11\/Bibl-300x200.jpg?resize=350%2C200&ssl=1","width":350,"height":200},"classes":[]},{"id":13458,"url":"https:\/\/www.klaus-janowitz.de\/wordpress\/tribes-in-der-globalen-zivilisation\/","url_meta":{"origin":549,"position":5},"title":"&#8220;Tribes&#8221; in der globalen Zivilisation","author":"KlausMJan","date":"23. August 2019","format":false,"excerpt":"21\/08\/19 kmjan Wenn es um neue, digitale Formen von \u00d6ffentlichkeit und Vergemeinschaftung geht, sind historische und archaische Sprachbilder immer wieder beliebt. So etwa das auf McLuhan zur\u00fcckgehende Bild vom globalen Dorf, der digitale Salon und das digitale Lagerfeuer, ver\u00e4chtlich ist digitale Hordenbildung. Im neuen Buch von Christoph T\u00fcrcke heisst es\u2026","rel":"","context":"\u00c4hnlicher Beitrag","block_context":{"text":"\u00c4hnlicher Beitrag","link":""},"img":{"alt_text":"","src":"https:\/\/i0.wp.com\/www.klaus-janowitz.de\/wordpress\/wp-content\/uploads\/2019\/08\/Tribes-300x200.jpg?resize=350%2C200&ssl=1","width":350,"height":200},"classes":[]}],"_links":{"self":[{"href":"https:\/\/www.klaus-janowitz.de\/wordpress\/wp-json\/wp\/v2\/pages\/549","targetHints":{"allow":["GET"]}}],"collection":[{"href":"https:\/\/www.klaus-janowitz.de\/wordpress\/wp-json\/wp\/v2\/pages"}],"about":[{"href":"https:\/\/www.klaus-janowitz.de\/wordpress\/wp-json\/wp\/v2\/types\/page"}],"author":[{"embeddable":true,"href":"https:\/\/www.klaus-janowitz.de\/wordpress\/wp-json\/wp\/v2\/users\/1"}],"replies":[{"embeddable":true,"href":"https:\/\/www.klaus-janowitz.de\/wordpress\/wp-json\/wp\/v2\/comments?post=549"}],"version-history":[{"count":11,"href":"https:\/\/www.klaus-janowitz.de\/wordpress\/wp-json\/wp\/v2\/pages\/549\/revisions"}],"predecessor-version":[{"id":582,"href":"https:\/\/www.klaus-janowitz.de\/wordpress\/wp-json\/wp\/v2\/pages\/549\/revisions\/582"}],"wp:attachment":[{"href":"https:\/\/www.klaus-janowitz.de\/wordpress\/wp-json\/wp\/v2\/media?parent=549"}],"curies":[{"name":"wp","href":"https:\/\/api.w.org\/{rel}","templated":true}]}}