{"id":5477,"date":"2015-04-13T13:24:14","date_gmt":"2015-04-13T11:24:14","guid":{"rendered":"http:\/\/www.klaus-janowitz.de\/wordpress\/?page_id=5477"},"modified":"2018-05-20T00:51:37","modified_gmt":"2018-05-19T22:51:37","slug":"tribes-im-social-web","status":"publish","type":"page","link":"https:\/\/www.klaus-janowitz.de\/wordpress\/tribes-im-social-web\/","title":{"rendered":"Tribes im Social Web"},"content":{"rendered":"<p style=\"text-align: justify;\">12\/04\/15 <a href=\"http:\/\/www.klaus-janowitz.de\/\">kmjan<\/a><br \/>\n<strong><em>Social Web<\/em><\/strong> &#8211; das Netz ist sozial. Wir kennen\u00a0<em>Social Networks<\/em>\u00a0als Online-Dienste mit zahlreichen Funktionen, wir kennen die <em>Netzwerke<\/em>, die man selber pflegt,\u00a0und wir kennen gesellschaftliche <em><a href=\"http:\/\/www.klaus-janowitz.de\/wordpress\/digitale-milieus\" target=\"_blank\">Milieus<\/a><\/em>, die sich auch bei\u00a0der Nutzung des Internet unterscheiden. Dann gibt es die mehr oder weniger diffusen Verbindungen, die durch gemeinsame Interessen und Aktivit\u00e4ten entstehen, online und offline. Solche Formen informeller Vergemeinschaftungen bzw. Communities werden oft\u00a0<em>Tribes<\/em> genannt. Der anthropologische Begriff wird ins Netz (und auch ins Marketing) \u00fcbertragen.<\/p>\n<figure id=\"attachment_5521\" aria-describedby=\"caption-attachment-5521\" style=\"width: 224px\" class=\"wp-caption alignright\"><a href=\"https:\/\/i0.wp.com\/www.klaus-janowitz.de\/wordpress\/wp-content\/uploads\/2015\/04\/IMG_2736-e1428592994797.jpg\"><img data-recalc-dims=\"1\" fetchpriority=\"high\" decoding=\"async\" class=\"wp-image-5521 size-medium\" src=\"https:\/\/i0.wp.com\/www.klaus-janowitz.de\/wordpress\/wp-content\/uploads\/2015\/04\/IMG_2736-e1428592994797-224x300.jpg?resize=224%2C300\" alt=\"Fankulturen sind ein Prototyp von Tribes \" width=\"224\" height=\"300\" srcset=\"https:\/\/i0.wp.com\/www.klaus-janowitz.de\/wordpress\/wp-content\/uploads\/2015\/04\/IMG_2736-e1428592994797.jpg?resize=224%2C300&amp;ssl=1 224w, https:\/\/i0.wp.com\/www.klaus-janowitz.de\/wordpress\/wp-content\/uploads\/2015\/04\/IMG_2736-e1428592994797.jpg?resize=765%2C1024&amp;ssl=1 765w, https:\/\/i0.wp.com\/www.klaus-janowitz.de\/wordpress\/wp-content\/uploads\/2015\/04\/IMG_2736-e1428592994797.jpg?resize=300%2C402&amp;ssl=1 300w, https:\/\/i0.wp.com\/www.klaus-janowitz.de\/wordpress\/wp-content\/uploads\/2015\/04\/IMG_2736-e1428592994797.jpg?w=1936&amp;ssl=1 1936w, https:\/\/i0.wp.com\/www.klaus-janowitz.de\/wordpress\/wp-content\/uploads\/2015\/04\/IMG_2736-e1428592994797.jpg?w=1050&amp;ssl=1 1050w, https:\/\/i0.wp.com\/www.klaus-janowitz.de\/wordpress\/wp-content\/uploads\/2015\/04\/IMG_2736-e1428592994797.jpg?w=1575&amp;ssl=1 1575w\" sizes=\"(max-width: 224px) 100vw, 224px\" \/><\/a><figcaption id=\"caption-attachment-5521\" class=\"wp-caption-text\">Fankulturen sind ein Prototyp von Tribes<\/figcaption><\/figure>\n<p style=\"text-align: justify;\">Die Verwendung des Begriffs in dieser Form hat durchaus wissenschaftliche Wurzeln: Sie stammt\u00a0aus &#8220;<em>Le temps des tribus&#8221; <\/em>(1988) des franz\u00f6sischen Soziologen\u00a0<strong><a href=\"http:\/\/de.wikipedia.org\/wiki\/Michel_Maffesoli\">Michel Maffesoli<\/a><\/strong>.\u00a0Maffesoli bezeichnete\u00a0vorwiegend subkulturelle Vergemeinschaftungen mit eigenen Normen und Ritualen, Lebensstilen und Loyalita\u0308ten als <em>Urban Tribes <\/em>bzw.<em> tribus urbaines<\/em>. Punks galten ihm als Musterbeispiel. In den\u00a0<em>Cultural Studies<\/em>\u00a0wurden seine Thesen zum Neotribalismus breit rezipiert. Forschungsfeld der Cultural Studies ist v.a. Popularkultur:<em>\u00a0the\u00a0whole way of life of a group of people.<\/em>\u00a0 Oft geht\u00a0es\u00a0um Fankulturen zu Popmusik, Filmen und TV- Serien. Ein Musterbeispiel ist etwa die <em>StarTrek<\/em> Fankultur. Star Trek gilt als ein Pha\u0308nomen der Medien- und Konsumkultur und wurde als <em>the most successful and lucrative cult phenomenon in television history<\/em>\u00a0bezeichnet.<\/p>\n<p style=\"text-align: justify;\">Den Weg ins Marketing fand der Begriff zun\u00e4chst durch <strong>Bernard Cova<\/strong> (Professor f\u00fcr Marketing in\u00a0Marseille), sp\u00e4ter\u00a0durch <strong>Seth Godin<\/strong> (&#8220;<em>Tribes<\/em>&#8220;, 2008). Cova (gemeinsam mit den Co- Herausgebern R.Kozinets und A. Shankar) erweiterte <em>Tribes<\/em> um das \u00a0<em>linking value<\/em> von Produkten und Dienstleistungen zu \u00a0<em><a href=\"http:\/\/www.klaus-janowitz.de\/pdf\/Consumer_Tribes.pdf\" target=\"_blank\">Consumer Tribes<\/a>.\u00a0<\/em>\u00a0Consumer Tribes denkt moderne Konsumgesellschaften &#8211; Consumer Culture &#8211; in den Begriffen des Tribalen. Grundannahme ist, dass postmoderne Konsumenten Entscheidungen nicht nur nach individuellen Nutzkriterien treffen, sondern Produkte und Dienstleistungen bevorzugen, die sie mit anderen Gleichgesinnten verbinden &#8211; verlinken.<br \/>\nGodin verbreitert den Begriff. Er\u00a0argumentiert, das Internet habe das Massenmarketing beendet und eine menschliche soziale Einheit aus der fernen Vergangenheit zur\u00fcckgeholt: Tribes\/St\u00e4mme. Grundidee ist, dass sich Menschen schon immer nach gemeinsamen Ideen und Werten zusammengeschlossen haben.\u00a0Das Netz gibt\u00a0Menschen die M\u00f6glichkeit, sich mit Gleichgesinnten,\u00a0weitgehend ohne geographische Barrieren\u00a0zusammen zu schliessen, sich auszutauschen, Ideen zu entwickeln\u00a0und \u00a0Ver\u00e4nderungen zu erreichen.<\/p>\n<figure id=\"attachment_5487\" aria-describedby=\"caption-attachment-5487\" style=\"width: 223px\" class=\"wp-caption alignleft\"><a href=\"https:\/\/i0.wp.com\/www.klaus-janowitz.de\/wordpress\/wp-content\/uploads\/2015\/04\/Sommerfestival.jpg\"><img data-recalc-dims=\"1\" decoding=\"async\" class=\"wp-image-5487 size-medium\" src=\"https:\/\/i0.wp.com\/www.klaus-janowitz.de\/wordpress\/wp-content\/uploads\/2015\/04\/Sommerfestival-223x300.jpg?resize=223%2C300\" alt=\"Tribes - nicht nur im Social Web\" width=\"223\" height=\"300\" srcset=\"https:\/\/i0.wp.com\/www.klaus-janowitz.de\/wordpress\/wp-content\/uploads\/2015\/04\/Sommerfestival.jpg?resize=223%2C300&amp;ssl=1 223w, https:\/\/i0.wp.com\/www.klaus-janowitz.de\/wordpress\/wp-content\/uploads\/2015\/04\/Sommerfestival.jpg?resize=300%2C404&amp;ssl=1 300w, https:\/\/i0.wp.com\/www.klaus-janowitz.de\/wordpress\/wp-content\/uploads\/2015\/04\/Sommerfestival.jpg?w=594&amp;ssl=1 594w\" sizes=\"(max-width: 223px) 100vw, 223px\" \/><\/a><figcaption id=\"caption-attachment-5487\" class=\"wp-caption-text\">Tribes &#8211; nicht nur im Social Web. Quelle: doubleju \/ photocase.de<\/figcaption><\/figure>\n<p style=\"text-align: justify;\">So werden als <em>Tribes<\/em> Gruppen von Menschen bezeichnet, die durch eine gemeinsame Idee, eine gemeinsame Leidenschaft, oder die Bindung an eine gemeinsame F\u00fchrungspers\u00f6nlichkeit miteinander verbunden sind. Beispiele gibt es zahlreich, und sie zeichnen sich oft durch eine umfangreiche \u00f6ffentliche Kommunikation aus: etwa in der\u00a0<a href=\"http:\/\/www.klaus-janowitz.de\/wordpress\/digital-tribes\" target=\"_blank\">Gaming Szene<\/a>, Food Tribes, wie zu\u00a0<a title=\"Schokolade im Netz: eine (kleine) Netnographie\" href=\"http:\/\/www.klaus-janowitz.de\/wordpress\/kleine-netnographie-der-schokolade\" target=\"_blank\">Schokolade<\/a>\u00a0oder\u00a0Craft Beer, zu \u00dcberzeugungen und Identit\u00e4t, zu sportlichen und kulturellen Interessen. Konsum spielt eine Rolle, selten aber in der Folge zu einer Marke.\u00a0Es sind kleine soziale Einheiten, auf denen vieles im\u00a0sozialen Geschehen beruht. Und sie sind es, die die &#8220;<em>Trampelpfade<\/em>&#8221; im Social Web austreten. Entscheidend ist die gef\u00fchlte Gemeinschaft.<br \/>\nMan kann die <a title=\"St\u00e4mme im Netz \u2013 Die tribale Metapher\" href=\"http:\/\/www.klaus-janowitz.de\/wordpress\/stamme-im-netz-die-tribale-metapher\">Stammesmetapher<\/a>\u00a0f\u00fcr \u00fcberzogen halten, die deutsche Entsprechung &#8220;<em>St\u00e4mme<\/em>&#8221; klingt z.B.\u00a0diffus unpassend; dennoch ist das Konzept der <em>Tribes<\/em> sehr brauchbar, um Vergemeinschaftungen in modernen Gesellschaften online wie offline zu erkennen &#8211; und dazu ist <a title=\"Netnographie oder Social Media Research?\" href=\"http:\/\/www.klaus-janowitz.de\/wordpress\/netnographie-oder-social-media-research\">Netnographie<\/a> die geeignete Forschungsmethode.<\/p>\n<p style=\"text-align: justify;\">Lit.:<em>\u00a0<strong>Maffesoli, M<\/strong>.: Le Temps des tribus. Le de\u0301clin de l\u2019individualisme dans les socie\u0301te\u0301s de masse. Paris 1988 &#8211; engl.:\u00a0The Time of the Tribes. Sage Publications, London, 1996;\u00a0<strong>Cova, Bernard, Kozinets, Robert V., Shankar, Av<\/strong>i(Hrsg.): \u201eConsumer Tribes\u201c, Butterworth Heinemann, Oxford und Burlington MA 2007; <strong>Godin, Seth<\/strong>:\u00a0Tribes: We Need You to Lead Us, 2008; <strong>Heun, Thomas<\/strong>:\u00a0Marken im Social Web: Zur Bedeutung von Marken in Online-Diskursen.Wiesbaden, 2012<\/em><\/p>\n<p><!-- Matomo --><br \/>\n<script type=\"text\/javascript\">\n  var _paq = _paq || [];\n  \/* tracker methods like \"setCustomDimension\" should be called before \"trackPageView\" *\/\n  _paq.push(['trackPageView']);\n  _paq.push(['enableLinkTracking']);\n  (function() {\n    var u=\"\/\/www.klaus-janowitz.de\/piwik\/\";\n    _paq.push(['setTrackerUrl', u+'piwik.php']);\n    _paq.push(['setSiteId', '1']);\n    var d=document, g=d.createElement('script'), s=d.getElementsByTagName('script')[0];\n    g.type='text\/javascript'; g.async=true; g.defer=true; g.src=u+'piwik.js'; s.parentNode.insertBefore(g,s);\n  })();\n<\/script><br \/>\n<!-- End Matomo Code --><\/p>\n","protected":false},"excerpt":{"rendered":"<p>12\/04\/15 kmjan Social Web &#8211; das Netz ist sozial. Wir kennen\u00a0Social Networks\u00a0als Online-Dienste mit zahlreichen Funktionen, wir kennen die Netzwerke, die man selber pflegt,\u00a0und wir kennen gesellschaftliche Milieus, die sich auch bei\u00a0der Nutzung des Internet unterscheiden. Dann gibt es die mehr oder weniger diffusen Verbindungen, die durch gemeinsame Interessen und Aktivit\u00e4ten entstehen, online und offline. &hellip; <\/p>\n<p class=\"link-more\"><a href=\"https:\/\/www.klaus-janowitz.de\/wordpress\/tribes-im-social-web\/\" class=\"more-link\"><span class=\"screen-reader-text\">\u201eTribes im Social Web\u201c <\/span>weiterlesen<\/a><\/p>\n","protected":false},"author":1,"featured_media":0,"parent":0,"menu_order":0,"comment_status":"open","ping_status":"open","template":"","meta":{"jetpack_post_was_ever_published":false,"activitypub_content_warning":"","activitypub_content_visibility":"","activitypub_max_image_attachments":4,"activitypub_interaction_policy_quote":"","activitypub_status":"","footnotes":""},"class_list":["post-5477","page","type-page","status-publish","hentry"],"yoast_head":"<!-- This site is optimized with the Yoast SEO plugin v27.4 - https:\/\/yoast.com\/product\/yoast-seo-wordpress\/ -->\n<title>Tribes im Social Web - Netnographie &amp; Digitaler Wandel<\/title>\n<meta name=\"robots\" content=\"index, follow, max-snippet:-1, max-image-preview:large, max-video-preview:-1\" \/>\n<link rel=\"canonical\" href=\"https:\/\/www.klaus-janowitz.de\/wordpress\/tribes-im-social-web\/\" \/>\n<meta property=\"og:locale\" content=\"de_DE\" \/>\n<meta property=\"og:type\" content=\"article\" \/>\n<meta property=\"og:title\" content=\"Tribes im Social Web - Netnographie &amp; Digitaler Wandel\" \/>\n<meta property=\"og:description\" content=\"12\/04\/15 kmjan Social Web &#8211; das Netz ist sozial. Wir kennen\u00a0Social Networks\u00a0als Online-Dienste mit zahlreichen Funktionen, wir kennen die Netzwerke, die man selber pflegt,\u00a0und wir kennen gesellschaftliche Milieus, die sich auch bei\u00a0der Nutzung des Internet unterscheiden. Dann gibt es die mehr oder weniger diffusen Verbindungen, die durch gemeinsame Interessen und Aktivit\u00e4ten entstehen, online und offline. &hellip; \u201eTribes im Social Web\u201c weiterlesen\" \/>\n<meta property=\"og:url\" content=\"https:\/\/www.klaus-janowitz.de\/wordpress\/tribes-im-social-web\/\" \/>\n<meta property=\"og:site_name\" content=\"Netnographie &amp; Digitaler Wandel\" \/>\n<meta property=\"article:modified_time\" content=\"2018-05-19T22:51:37+00:00\" \/>\n<meta property=\"og:image\" content=\"http:\/\/www.klaus-janowitz.de\/wordpress\/wp-content\/uploads\/2015\/04\/IMG_2736-e1428592994797-224x300.jpg\" \/>\n<meta name=\"twitter:card\" content=\"summary_large_image\" \/>\n<meta name=\"twitter:label1\" content=\"Gesch\u00e4tzte Lesezeit\" \/>\n\t<meta name=\"twitter:data1\" content=\"3\u00a0Minuten\" \/>\n<script type=\"application\/ld+json\" class=\"yoast-schema-graph\">{\"@context\":\"https:\\\/\\\/schema.org\",\"@graph\":[{\"@type\":\"WebPage\",\"@id\":\"https:\\\/\\\/www.klaus-janowitz.de\\\/wordpress\\\/tribes-im-social-web\\\/\",\"url\":\"https:\\\/\\\/www.klaus-janowitz.de\\\/wordpress\\\/tribes-im-social-web\\\/\",\"name\":\"Tribes im Social Web - Netnographie &amp; Digitaler Wandel\",\"isPartOf\":{\"@id\":\"https:\\\/\\\/www.klaus-janowitz.de\\\/wordpress\\\/#website\"},\"primaryImageOfPage\":{\"@id\":\"https:\\\/\\\/www.klaus-janowitz.de\\\/wordpress\\\/tribes-im-social-web\\\/#primaryimage\"},\"image\":{\"@id\":\"https:\\\/\\\/www.klaus-janowitz.de\\\/wordpress\\\/tribes-im-social-web\\\/#primaryimage\"},\"thumbnailUrl\":\"http:\\\/\\\/www.klaus-janowitz.de\\\/wordpress\\\/wp-content\\\/uploads\\\/2015\\\/04\\\/IMG_2736-e1428592994797-224x300.jpg\",\"datePublished\":\"2015-04-13T11:24:14+00:00\",\"dateModified\":\"2018-05-19T22:51:37+00:00\",\"breadcrumb\":{\"@id\":\"https:\\\/\\\/www.klaus-janowitz.de\\\/wordpress\\\/tribes-im-social-web\\\/#breadcrumb\"},\"inLanguage\":\"de\",\"potentialAction\":[{\"@type\":\"ReadAction\",\"target\":[\"https:\\\/\\\/www.klaus-janowitz.de\\\/wordpress\\\/tribes-im-social-web\\\/\"]}]},{\"@type\":\"ImageObject\",\"inLanguage\":\"de\",\"@id\":\"https:\\\/\\\/www.klaus-janowitz.de\\\/wordpress\\\/tribes-im-social-web\\\/#primaryimage\",\"url\":\"http:\\\/\\\/www.klaus-janowitz.de\\\/wordpress\\\/wp-content\\\/uploads\\\/2015\\\/04\\\/IMG_2736-e1428592994797-224x300.jpg\",\"contentUrl\":\"http:\\\/\\\/www.klaus-janowitz.de\\\/wordpress\\\/wp-content\\\/uploads\\\/2015\\\/04\\\/IMG_2736-e1428592994797-224x300.jpg\"},{\"@type\":\"BreadcrumbList\",\"@id\":\"https:\\\/\\\/www.klaus-janowitz.de\\\/wordpress\\\/tribes-im-social-web\\\/#breadcrumb\",\"itemListElement\":[{\"@type\":\"ListItem\",\"position\":1,\"name\":\"Startseite\",\"item\":\"https:\\\/\\\/www.klaus-janowitz.de\\\/wordpress\\\/\"},{\"@type\":\"ListItem\",\"position\":2,\"name\":\"Tribes im Social Web\"}]},{\"@type\":\"WebSite\",\"@id\":\"https:\\\/\\\/www.klaus-janowitz.de\\\/wordpress\\\/#website\",\"url\":\"https:\\\/\\\/www.klaus-janowitz.de\\\/wordpress\\\/\",\"name\":\"Netnographie &amp; Digitaler Wandel\",\"description\":\"Blog rund um die Themen Netnographie, Online-Kultur und Digitalen Wandel\",\"potentialAction\":[{\"@type\":\"SearchAction\",\"target\":{\"@type\":\"EntryPoint\",\"urlTemplate\":\"https:\\\/\\\/www.klaus-janowitz.de\\\/wordpress\\\/?s={search_term_string}\"},\"query-input\":{\"@type\":\"PropertyValueSpecification\",\"valueRequired\":true,\"valueName\":\"search_term_string\"}}],\"inLanguage\":\"de\"}]}<\/script>\n<!-- \/ Yoast SEO plugin. -->","yoast_head_json":{"title":"Tribes im Social Web - Netnographie &amp; Digitaler Wandel","robots":{"index":"index","follow":"follow","max-snippet":"max-snippet:-1","max-image-preview":"max-image-preview:large","max-video-preview":"max-video-preview:-1"},"canonical":"https:\/\/www.klaus-janowitz.de\/wordpress\/tribes-im-social-web\/","og_locale":"de_DE","og_type":"article","og_title":"Tribes im Social Web - Netnographie &amp; Digitaler Wandel","og_description":"12\/04\/15 kmjan Social Web &#8211; das Netz ist sozial. Wir kennen\u00a0Social Networks\u00a0als Online-Dienste mit zahlreichen Funktionen, wir kennen die Netzwerke, die man selber pflegt,\u00a0und wir kennen gesellschaftliche Milieus, die sich auch bei\u00a0der Nutzung des Internet unterscheiden. Dann gibt es die mehr oder weniger diffusen Verbindungen, die durch gemeinsame Interessen und Aktivit\u00e4ten entstehen, online und offline. &hellip; \u201eTribes im Social Web\u201c weiterlesen","og_url":"https:\/\/www.klaus-janowitz.de\/wordpress\/tribes-im-social-web\/","og_site_name":"Netnographie &amp; Digitaler Wandel","article_modified_time":"2018-05-19T22:51:37+00:00","og_image":[{"url":"http:\/\/www.klaus-janowitz.de\/wordpress\/wp-content\/uploads\/2015\/04\/IMG_2736-e1428592994797-224x300.jpg","type":"","width":"","height":""}],"twitter_card":"summary_large_image","twitter_misc":{"Gesch\u00e4tzte Lesezeit":"3\u00a0Minuten"},"schema":{"@context":"https:\/\/schema.org","@graph":[{"@type":"WebPage","@id":"https:\/\/www.klaus-janowitz.de\/wordpress\/tribes-im-social-web\/","url":"https:\/\/www.klaus-janowitz.de\/wordpress\/tribes-im-social-web\/","name":"Tribes im Social Web - Netnographie &amp; Digitaler Wandel","isPartOf":{"@id":"https:\/\/www.klaus-janowitz.de\/wordpress\/#website"},"primaryImageOfPage":{"@id":"https:\/\/www.klaus-janowitz.de\/wordpress\/tribes-im-social-web\/#primaryimage"},"image":{"@id":"https:\/\/www.klaus-janowitz.de\/wordpress\/tribes-im-social-web\/#primaryimage"},"thumbnailUrl":"http:\/\/www.klaus-janowitz.de\/wordpress\/wp-content\/uploads\/2015\/04\/IMG_2736-e1428592994797-224x300.jpg","datePublished":"2015-04-13T11:24:14+00:00","dateModified":"2018-05-19T22:51:37+00:00","breadcrumb":{"@id":"https:\/\/www.klaus-janowitz.de\/wordpress\/tribes-im-social-web\/#breadcrumb"},"inLanguage":"de","potentialAction":[{"@type":"ReadAction","target":["https:\/\/www.klaus-janowitz.de\/wordpress\/tribes-im-social-web\/"]}]},{"@type":"ImageObject","inLanguage":"de","@id":"https:\/\/www.klaus-janowitz.de\/wordpress\/tribes-im-social-web\/#primaryimage","url":"http:\/\/www.klaus-janowitz.de\/wordpress\/wp-content\/uploads\/2015\/04\/IMG_2736-e1428592994797-224x300.jpg","contentUrl":"http:\/\/www.klaus-janowitz.de\/wordpress\/wp-content\/uploads\/2015\/04\/IMG_2736-e1428592994797-224x300.jpg"},{"@type":"BreadcrumbList","@id":"https:\/\/www.klaus-janowitz.de\/wordpress\/tribes-im-social-web\/#breadcrumb","itemListElement":[{"@type":"ListItem","position":1,"name":"Startseite","item":"https:\/\/www.klaus-janowitz.de\/wordpress\/"},{"@type":"ListItem","position":2,"name":"Tribes im Social Web"}]},{"@type":"WebSite","@id":"https:\/\/www.klaus-janowitz.de\/wordpress\/#website","url":"https:\/\/www.klaus-janowitz.de\/wordpress\/","name":"Netnographie &amp; Digitaler Wandel","description":"Blog rund um die Themen Netnographie, Online-Kultur und Digitalen Wandel","potentialAction":[{"@type":"SearchAction","target":{"@type":"EntryPoint","urlTemplate":"https:\/\/www.klaus-janowitz.de\/wordpress\/?s={search_term_string}"},"query-input":{"@type":"PropertyValueSpecification","valueRequired":true,"valueName":"search_term_string"}}],"inLanguage":"de"}]}},"jetpack_sharing_enabled":true,"jetpack_shortlink":"https:\/\/wp.me\/P15Wn2-1ql","jetpack_likes_enabled":true,"jetpack-related-posts":[{"id":1777,"url":"https:\/\/www.klaus-janowitz.de\/wordpress\/social-local-mobile-getgauss\/","url_meta":{"origin":5477,"position":0},"title":"Social &#8211; Local &#8211; Mobile: GetGauss","author":"KlausMJan","date":"16. Februar 2012","format":false,"excerpt":"16\/02\/12\u00a0kmjan Social - Local - Mobile lautet der seit einigen Monaten verk\u00fcndete Trend, der sich im Zusammenwachsen von mobilem Internet, lokalen Services und Sozialen Netzwerken zeigt.\u00a0Soziale Netzwerke\u00a0kennen wir bislang als Abbildung und Best\u00e4tigung bestehender Verbindungen oder als themenzentrierte Plattformen. Inwieweit sie\u00a0offline\u00a0zur\u00fcckwirken ist der weiteren Initiative der Beteiligten \u00fcberlassen.\u00a0Location Based Services\u00a0wie\u00a0Foursquare\u00a0wurden\u00a0mit\u2026","rel":"","context":"\u00c4hnlicher Beitrag","block_context":{"text":"\u00c4hnlicher Beitrag","link":""},"img":{"alt_text":"","src":"https:\/\/i0.wp.com\/www.klaus-janowitz.de\/wordpress\/wp-content\/uploads\/2012\/02\/Vidar_A-225x300.jpg?resize=350%2C200","width":350,"height":200},"classes":[]},{"id":7542,"url":"https:\/\/www.klaus-janowitz.de\/wordpress\/networked-sociality-das-neue-soziale-betriebssystem\/","url_meta":{"origin":5477,"position":1},"title":"Ein neues soziales Betriebssystem &#8211; Networked Sociality","author":"KlausMJan","date":"17. Februar 2016","format":false,"excerpt":"17\/02\/16\u00a0kmjan \"The New Social Operating System\" - so\u00a0bezeichnen die beiden kanadisch\/US- amerikanischen Soziologen\u00a0Lee Rainie und Barry Wellman Networked Individualism, zu deutsch Vernetzten Individualismus, das\u00a0sich durchsetzende Muster\u00a0vernetzter Sozialit\u00e4t\/Networked Sociality. Der\u00a0Begriff geht auf Manuel Castells zur\u00fcck: Netzwerke sind \u201epersonalisierte Gemeinschaften\", \"das neue Muster der Soziabilit\u00e4t ist durch einen vernetzten Individualismus gepr\u00e4gt\" (Castells\u2026","rel":"","context":"\u00c4hnlicher Beitrag","block_context":{"text":"\u00c4hnlicher Beitrag","link":""},"img":{"alt_text":"Networked","src":"https:\/\/i0.wp.com\/www.klaus-janowitz.de\/wordpress\/wp-content\/uploads\/2015\/10\/Networked1-200x300.jpg?resize=350%2C200","width":350,"height":200},"classes":[]},{"id":5583,"url":"https:\/\/www.klaus-janowitz.de\/wordpress\/digitaler-wandel-ein-neuer-leitbegriff\/","url_meta":{"origin":5477,"position":2},"title":"Digitaler Wandel &#8211; ein neuer Leitbegriff","author":"KlausMJan","date":"30. April 2015","format":false,"excerpt":"29\/04\/15\u00a0kmjan Das Internet ist schon lange kein\u00a0Neuland mehr und schon gar nicht ein\u00a0Neues Medium*. Vor nunmehr zwei Jahrzehnten, etwa Mitte der 90er Jahre setzte es sich in der Breite durch und um die Jahrtausendwende herum war man dann \"drin\". In den Jahren danach folgten schnellere DSL-Verbindungen mit Flatrates, mit dem\u00a0iPhone\u2026","rel":"","context":"\u00c4hnlicher Beitrag","block_context":{"text":"\u00c4hnlicher Beitrag","link":""},"img":{"alt_text":"Digitaler Wandel ist mehr als technologischer Wandel","src":"https:\/\/i0.wp.com\/www.klaus-janowitz.de\/wordpress\/wp-content\/uploads\/2015\/04\/Firewire_ports-300x161.jpg?resize=350%2C200","width":350,"height":200},"classes":[]},{"id":2299,"url":"https:\/\/www.klaus-janowitz.de\/wordpress\/zur-zukunft-von-social-media\/","url_meta":{"origin":5477,"position":3},"title":"Zur Zukunft von Social Media","author":"KlausMJan","date":"11. Juni 2012","format":false,"excerpt":"27\/06\/12 kmjan Nichts hat die Online-Kommunikation so nachhaltig ver\u00e4ndert wie die zahlreichen Social Media-Angebote und -Instrumente, die in den vergangenen Jahren gro\u00dfe\u00a0Nutzerkreise erreicht haben und Individual- wie Unternehmenskommunikation nachhaltig ver\u00e4ndert haben.* Hinzuf\u00fcgen will ich die Durchsetzung des mobilen Internet: Die mobile\u00a0Revolution hat bereits stattgefunden.\u00a0Tim Krischak\u00a0und Kai Heddergott,\u00a0Kommunikationsberater aus Essen und\u2026","rel":"","context":"\u00c4hnlicher Beitrag","block_context":{"text":"\u00c4hnlicher Beitrag","link":""},"img":{"alt_text":"","src":"https:\/\/i0.wp.com\/www.klaus-janowitz.de\/wordpress\/wp-content\/uploads\/2012\/06\/Zukunft1-300x300.jpg?resize=350%2C200","width":350,"height":200},"classes":[]},{"id":14102,"url":"https:\/\/www.klaus-janowitz.de\/wordpress\/netnographie-2\/","url_meta":{"origin":5477,"position":4},"title":"Netnographie","author":"KlausMJan","date":"2. Dezember 2019","format":false,"excerpt":"Netnographie bzw. Netnography, ist ein qualitativer Forschungsansatz, der die in den Sozialwissenschaften entwickelten Methoden ethnographischer (Feld-) Forschung auf die M\u00f6glichkeiten der Informationsgewinnung im Internet anwendet. Gepr\u00e4gt und weiterentwickelt wurde der Forschungsansatz seit 1996 von dem kanadischen Kulturanthropologen und Marketer Robert V. Kozinets. Grunds\u00e4tzlich ist Netnographie - ebenso wie Ethnographie -\u2026","rel":"","context":"\u00c4hnlicher Beitrag","block_context":{"text":"\u00c4hnlicher Beitrag","link":""},"img":{"alt_text":"","src":"https:\/\/i0.wp.com\/www.klaus-janowitz.de\/wordpress\/wp-content\/uploads\/2015\/06\/Netzwerk-300x204.jpg?resize=350%2C200&ssl=1","width":350,"height":200},"classes":[]},{"id":4646,"url":"https:\/\/www.klaus-janowitz.de\/wordpress\/social-media-2014\/","url_meta":{"origin":5477,"position":5},"title":"Social Media 2014","author":"KlausMJan","date":"30. November 2014","format":false,"excerpt":"\u00a029\/11\/14\u00a0kmjan Es sind schon einige Jahre vergangen, seit der Begriff\u00a0 Social Media den des Web \u00a02.0\u00a0abgel\u00f6st hat. Betonte Web 2.0 vor allem die\u00a0Nutzungsevolution des Internets und sein partizipatorisches Potential\u00a0(wie\u00a0auch der Begriff\u00a0\u00a0Blogosph\u00e4re), stehen\u00a0bei Social Media die Plattformen und Netzwerke auf denen \u00f6ffentliche Kommunikation stattfindet im Vordergrund. Die nebenstehende Social Media Map\u2026","rel":"","context":"\u00c4hnlicher Beitrag","block_context":{"text":"\u00c4hnlicher Beitrag","link":""},"img":{"alt_text":"","src":"https:\/\/i0.wp.com\/www.klaus-janowitz.de\/wordpress\/wp-content\/uploads\/2014\/11\/Social-Media-Map-300x231.jpg?resize=350%2C200&ssl=1","width":350,"height":200},"classes":[]}],"_links":{"self":[{"href":"https:\/\/www.klaus-janowitz.de\/wordpress\/wp-json\/wp\/v2\/pages\/5477","targetHints":{"allow":["GET"]}}],"collection":[{"href":"https:\/\/www.klaus-janowitz.de\/wordpress\/wp-json\/wp\/v2\/pages"}],"about":[{"href":"https:\/\/www.klaus-janowitz.de\/wordpress\/wp-json\/wp\/v2\/types\/page"}],"author":[{"embeddable":true,"href":"https:\/\/www.klaus-janowitz.de\/wordpress\/wp-json\/wp\/v2\/users\/1"}],"replies":[{"embeddable":true,"href":"https:\/\/www.klaus-janowitz.de\/wordpress\/wp-json\/wp\/v2\/comments?post=5477"}],"version-history":[{"count":92,"href":"https:\/\/www.klaus-janowitz.de\/wordpress\/wp-json\/wp\/v2\/pages\/5477\/revisions"}],"predecessor-version":[{"id":11058,"href":"https:\/\/www.klaus-janowitz.de\/wordpress\/wp-json\/wp\/v2\/pages\/5477\/revisions\/11058"}],"wp:attachment":[{"href":"https:\/\/www.klaus-janowitz.de\/wordpress\/wp-json\/wp\/v2\/media?parent=5477"}],"curies":[{"name":"wp","href":"https:\/\/api.w.org\/{rel}","templated":true}]}}