{"id":5275,"date":"2015-03-27T00:53:11","date_gmt":"2015-03-26T23:53:11","guid":{"rendered":"http:\/\/www.klaus-janowitz.de\/wordpress\/?page_id=5275"},"modified":"2018-05-20T00:41:22","modified_gmt":"2018-05-19T22:41:22","slug":"digitale-milieus","status":"publish","type":"page","link":"https:\/\/www.klaus-janowitz.de\/wordpress\/digitale-milieus\/","title":{"rendered":"Digitale Milieus"},"content":{"rendered":"<p style=\"text-align: justify;\">27\/03\/15 <a href=\"http:\/\/www.klaus-janowitz.de\/\">kmjan<\/a><br \/>\nSinus-Milieus sind Standard\u00a0bei der Zielgruppenbestimmung. Sie verbinden\u00a0demographische Merkmale\u00a0wie Bildung, Beruf und\u00a0Einkommen mit Werthaltungen und den realen Lebenswelten in Konsum und Gesellschaft. Die <a href=\"http:\/\/www.klaus-janowitz.de\/wordpress\/wp-content\/uploads\/2014\/12\/2014-01-01_Sinus-Milieus_in_Deutschland_Studentenversion_01.jpg\" target=\"_blank\"><em>Kartoffelgraphik<\/em><\/a>\u00a0wurde seit 1979\u00a0immer wieder aktualisiert und besteht aus mittlerweile zehn Milieus entlang der Koordinaten <em>Soziale Lage<\/em> (Unterschicht\u00a0\u00fcber Mittelschichten zu Oberschicht) und\u00a0<em>Grundorientierung<\/em> (von Tradition \u00fcber Modernisierung zu Neuorientierung). Das Modell der Sinus-Milieus wird von den unterschiedlichsten Akteuren genutzt: von Markenartiklern und Dienstleistern, von Parteien, \u00a0Ministerien, Kirchen und NGOs, von Agenturen und TV-Sendern, und ist dementsprechend bekannt und einflu\u00dfreich.<br \/>\nIm Auftrag des<em>\u00a0Deutschen Institut fu\u0308r Vertrauen und Sicherheit im Internet<\/em> (<a href=\"https:\/\/www.divsi.de\/wp-content\/uploads\/2013\/12\/DIVSI_Milieu-Studie_Aktualisierung_2013.pdf\">DIVSI<\/a>, eine Gr\u00fcndung der Deutschen Post AG) wurden\u00a0seit 2011 vom Sinus-Institut zwei Studien zu den\u00a0entsprechenden <em>digitalen Milieus<\/em>\u00a0erstellt. Das Milieumodell soll den Erfolg der\u00a0&#8220;<em>Mutterstudie<\/em>&#8221; in der\u00a0Markt- und Mediaforschung in das Online-Marketing tragen. Hinzu<em>\u00a0<\/em>treten die Themen der Online-Nutzung,\u00a0\u00a0insbesondere Haltungen zu Vertrauen und Sicherheit im Netz.\u00a0\u00a0Angestrebt\u00a0ist die kommerzielle Nutzung der Ergebnisse\u00a0als ein Standard im\u00a0\u00a0<a href=\"http:\/\/www.nugg.ad\/de\/presse\/pressemitteilungen\/items\/digitale-sinus-milieus-jetzt-exklusiv-ueber-nuggad-online-erreichbar-1450.html\" target=\"_blank\">Online- Zielgruppenmarketing<\/a>.<\/p>\n<figure id=\"attachment_5283\" aria-describedby=\"caption-attachment-5283\" style=\"width: 320px\" class=\"wp-caption alignright\"><a href=\"https:\/\/i0.wp.com\/www.klaus-janowitz.de\/wordpress\/wp-content\/uploads\/2015\/03\/Divsi_Milieus_Sinus.jpg\" target=\"_blank\"><img data-recalc-dims=\"1\" fetchpriority=\"high\" decoding=\"async\" class=\"wp-image-5283\" src=\"https:\/\/i0.wp.com\/www.klaus-janowitz.de\/wordpress\/wp-content\/uploads\/2015\/03\/Divsi_Milieus_Sinus-300x225.jpg?resize=320%2C240\" alt=\"Divsi_Milieus_Sinus\" width=\"320\" height=\"240\" srcset=\"https:\/\/i0.wp.com\/www.klaus-janowitz.de\/wordpress\/wp-content\/uploads\/2015\/03\/Divsi_Milieus_Sinus.jpg?resize=300%2C225&amp;ssl=1 300w, https:\/\/i0.wp.com\/www.klaus-janowitz.de\/wordpress\/wp-content\/uploads\/2015\/03\/Divsi_Milieus_Sinus.jpg?w=821&amp;ssl=1 821w\" sizes=\"(max-width: 320px) 100vw, 320px\" \/><\/a><figcaption id=\"caption-attachment-5283\" class=\"wp-caption-text\">Abb 1: Engagement der Sinus-Milieus im Netz (2011)<\/figcaption><\/figure>\n<p style=\"text-align: justify;\">Zun\u00e4chst\u00a0wurde in einer explorativen Phase die Netzaktivit\u00e4t der aktuellen Sinus-Milieus ermittelt. Auch\u00a0auf dieser Ebene\u00a0lassen sich deutliche Unterschiede im Nutzerverhalten erkennen: wie zu erwarten wird das Netz dort am st\u00e4rksten genutzt, wo Sozialer Status und Neuorientierung zusammenkommen. So schwankt der Indexwert (100 = durchschnittliche Netzktivit\u00e4t) von 171 bei den Expeditiven (&#8220;<em>ambitioniert kreative Avantgarde<\/em>&#8220;) zu 17 in den traditionellen Milieus. Deutlich \u00fcberdurchschnittliche Indexwerte gibt es auch bei den Effizienz- und den Bildungs- bestimmten Milieus, sowie bei\u00a0\u00a0den Spass- und erlebnisorientierten. Bereits dadurch werden\u00a0unterschiedliche Motivationen zur Nutzung deutlich: professionelle Effizienz, Zugang zu Information, M\u00f6glichkeiten der Unterhaltung &#8211; und auch\u00a0die M\u00f6glichkeit Entwicklungen selber zu gestalten.<br \/>\nDie Verfasser wollen auf jeden Fall mehr als eine Nutzungstypologie. Wie in der\u00a0&#8220;<em>Mutterstudie<\/em>&#8221; werden Alltagsbereiche aus der jeweils subjektiven Sicht erforscht: Lebensstil, Wertorientierung, Soziale Lage, Geschmack, das Nutzungsverhalten und insbesondere \u00a0die Haltungen zu Vertrauen und Sicherheit im Netz.<\/p>\n<figure id=\"attachment_5418\" aria-describedby=\"caption-attachment-5418\" style=\"width: 320px\" class=\"wp-caption alignright\"><a href=\"https:\/\/i0.wp.com\/www.klaus-janowitz.de\/wordpress\/wp-content\/uploads\/2015\/03\/Divsi_Milieus_13.jpg\" target=\"_blank\"><img data-recalc-dims=\"1\" decoding=\"async\" class=\"wp-image-5418\" src=\"https:\/\/i0.wp.com\/www.klaus-janowitz.de\/wordpress\/wp-content\/uploads\/2015\/03\/Divsi_Milieus_13-300x227.jpg?resize=320%2C242\" alt=\"Divsi_Milieus_13\" width=\"320\" height=\"242\" srcset=\"https:\/\/i0.wp.com\/www.klaus-janowitz.de\/wordpress\/wp-content\/uploads\/2015\/03\/Divsi_Milieus_13.jpg?resize=300%2C227&amp;ssl=1 300w, https:\/\/i0.wp.com\/www.klaus-janowitz.de\/wordpress\/wp-content\/uploads\/2015\/03\/Divsi_Milieus_13.jpg?w=871&amp;ssl=1 871w\" sizes=\"(max-width: 320px) 100vw, 320px\" \/><\/a><figcaption id=\"caption-attachment-5418\" class=\"wp-caption-text\">Abb 2: Online-Milieus 2013<\/figcaption><\/figure>\n<p style=\"text-align: justify;\">Nach diesen Kriterien wurden sieben &#8220;<em>Online-Milieus<\/em>&#8221; definiert, die <em>Sinus-\u00fcblich<\/em>\u00a0 sehr anschaulich mit Gesichtern,\u00a0<em>Wohnbild-Collagen,<\/em>\u00a0einem soziodemographischen und einem Internet-Nutzerprofil\u00a0typisiert werden. Sie unterscheiden sich in ihrem lebensweltlichen Hintergrund, in ihrer Einstellung zu Sicherheit und Datenschutz im Netz \u00a0und in ihrem tats\u00e4chlichen Nutzungsverhalten. Im weiteren werden sie den drei \u00fcbergeordneten Konzepten\u00a0<strong><em><em>Digital Outsiders<\/em>, Digital Immigrants<\/em><\/strong> und <strong><em>Digital Natives<\/em><\/strong>\u00a0zugeordnet.<br \/>\nDas Internet l\u00e4sst sich zum einen ganz funktional als Werkzeug zur Daten\u00fcbertragung nutzen, zum anderen ist es ein erweiterter kultureller und wirtschaftlicher Raum. Funktionale Nutzung erbringt zumeist einen Rationalisierungsvorteil, wie etwa die E-Mail gegen\u00fcber Postverkehr und Fax, Online-Banking, oder Online-Bestellungen im e-commerce gegen\u00fcber dem Versandhandel per Katalog. Es sind diese einfachen funktionalen Vorteile, die auch online- ferne Milieus,\u00a0<em>Digital Outsiders<\/em> dazu bringen, das Netz zu nutzen.<br \/>\nDas Begriffspaar \u00a0<em>Digital Natives\/ Digital Immigrants\u00a0<\/em>\u00a0ist bereits seit 2001 im Umlauf. Oft ist damit\u00a0die Unterscheidung zwischen den bereits digital aufgewachsenen Generationen\u00a0\u00a0und denen, die digitale Medien erst sp\u00e4ter kennenlernten und sie sich nach und nach erarbeiten mussten. Das l\u00e4sst an einen nat\u00fcrlichen Vorsprung j\u00fcngerer Generationen \u00a0denken \u00a0&#8211; eine Einsch\u00e4tzung, die von vielen Praktikern nicht geteilt wird, offensichtlich spielt auch die allgemeine erworbene Medienkompetenz eine besondere Rolle bei Nutzung und Gestaltung der\u00a0M\u00f6glichkeiten digitaler Medien. Man denke an die Generationen, die seit 20 Jahren die Entwicklung des Internets bzw. den <strong><em>Digitalen Wandel<\/em><\/strong> miterlebt und mitgestaltet haben.<br \/>\nSo anschaulich das Modell ist, hat es auch seine Grenzen. Die einzelnen Milieus sind\u00a0Typisierungen von Werthaltungen und Verhaltensmustern, man denke daran, dass <em>Soziales Milieu<\/em> soziale Umgebungen meint, in denen bestimmte Regeln, Normen und Verhaltensstandards gelten. Man kann auch einwenden, dass \u00a0sich \u00a0das Nutzungsverhalten individuell oft sehr stark unterscheidet\u00a0und\u00a0nicht immer der Zugeh\u00f6rigkeit zu einem Milieu entspricht. Die Ergebnisse haben aber eine breite empirische Grundlage, sie zeigen &#8220;<em>dass Einstellungsmuster hinsichtlich digitaler Themenfelder relativ konstant bleiben. Die Entwicklungen in der digitalen Gesellschaft lassen sich nicht allein von technischen Innovationen beeinflussen<\/em>.&#8221; (S. 6\/2013)<\/p>\n<p style=\"text-align: justify;\"><em>Die Studien stehen auf der Website <a href=\"http:\/\/www.divsi.de\" target=\"_blank\">divsi.de<\/a>\u00a0\u00f6ffentlich bereit;\u00a0<\/em><em>Abb. 1: S.\u00a024 der Studie von 2012; Abb. 2: S. 6\/2013<\/em><\/p>\n<p>&nbsp;<\/p>\n<p><!-- Matomo --><br \/>\n<script type=\"text\/javascript\">\n  var _paq = _paq || [];\n  \/* tracker methods like \"setCustomDimension\" should be called before \"trackPageView\" *\/\n  _paq.push(['trackPageView']);\n  _paq.push(['enableLinkTracking']);\n  (function() {\n    var u=\"\/\/www.klaus-janowitz.de\/piwik\/\";\n    _paq.push(['setTrackerUrl', u+'piwik.php']);\n    _paq.push(['setSiteId', '1']);\n    var d=document, g=d.createElement('script'), s=d.getElementsByTagName('script')[0];\n    g.type='text\/javascript'; g.async=true; g.defer=true; g.src=u+'piwik.js'; s.parentNode.insertBefore(g,s);\n  })();\n<\/script><br \/>\n<!-- End Matomo Code --><\/p>\n","protected":false},"excerpt":{"rendered":"<p>27\/03\/15 kmjan Sinus-Milieus sind Standard\u00a0bei der Zielgruppenbestimmung. Sie verbinden\u00a0demographische Merkmale\u00a0wie Bildung, Beruf und\u00a0Einkommen mit Werthaltungen und den realen Lebenswelten in Konsum und Gesellschaft. Die Kartoffelgraphik\u00a0wurde seit 1979\u00a0immer wieder aktualisiert und besteht aus mittlerweile zehn Milieus entlang der Koordinaten Soziale Lage (Unterschicht\u00a0\u00fcber Mittelschichten zu Oberschicht) und\u00a0Grundorientierung (von Tradition \u00fcber Modernisierung zu Neuorientierung). Das Modell der Sinus-Milieus &hellip; <\/p>\n<p class=\"link-more\"><a href=\"https:\/\/www.klaus-janowitz.de\/wordpress\/digitale-milieus\/\" class=\"more-link\"><span class=\"screen-reader-text\">\u201eDigitale Milieus\u201c <\/span>weiterlesen<\/a><\/p>\n","protected":false},"author":1,"featured_media":0,"parent":0,"menu_order":0,"comment_status":"open","ping_status":"open","template":"","meta":{"jetpack_post_was_ever_published":false,"activitypub_content_warning":"","activitypub_content_visibility":"","activitypub_max_image_attachments":4,"activitypub_interaction_policy_quote":"","activitypub_status":"","footnotes":""},"class_list":["post-5275","page","type-page","status-publish","hentry"],"yoast_head":"<!-- This site is optimized with the Yoast SEO plugin v27.4 - https:\/\/yoast.com\/product\/yoast-seo-wordpress\/ -->\n<title>Digitale Milieus - Netnographie &amp; Digitaler Wandel<\/title>\n<meta name=\"robots\" content=\"index, follow, max-snippet:-1, max-image-preview:large, max-video-preview:-1\" \/>\n<link rel=\"canonical\" href=\"https:\/\/www.klaus-janowitz.de\/wordpress\/digitale-milieus\/\" \/>\n<meta property=\"og:locale\" content=\"de_DE\" \/>\n<meta property=\"og:type\" content=\"article\" \/>\n<meta property=\"og:title\" content=\"Digitale Milieus - Netnographie &amp; Digitaler Wandel\" \/>\n<meta property=\"og:description\" content=\"27\/03\/15 kmjan Sinus-Milieus sind Standard\u00a0bei der Zielgruppenbestimmung. Sie verbinden\u00a0demographische Merkmale\u00a0wie Bildung, Beruf und\u00a0Einkommen mit Werthaltungen und den realen Lebenswelten in Konsum und Gesellschaft. Die Kartoffelgraphik\u00a0wurde seit 1979\u00a0immer wieder aktualisiert und besteht aus mittlerweile zehn Milieus entlang der Koordinaten Soziale Lage (Unterschicht\u00a0\u00fcber Mittelschichten zu Oberschicht) und\u00a0Grundorientierung (von Tradition \u00fcber Modernisierung zu Neuorientierung). Das Modell der Sinus-Milieus &hellip; \u201eDigitale Milieus\u201c weiterlesen\" \/>\n<meta property=\"og:url\" content=\"https:\/\/www.klaus-janowitz.de\/wordpress\/digitale-milieus\/\" \/>\n<meta property=\"og:site_name\" content=\"Netnographie &amp; Digitaler Wandel\" \/>\n<meta property=\"article:modified_time\" content=\"2018-05-19T22:41:22+00:00\" \/>\n<meta property=\"og:image\" content=\"http:\/\/www.klaus-janowitz.de\/wordpress\/wp-content\/uploads\/2015\/03\/Divsi_Milieus_Sinus-300x225.jpg\" \/>\n<meta name=\"twitter:card\" content=\"summary_large_image\" \/>\n<meta name=\"twitter:label1\" content=\"Gesch\u00e4tzte Lesezeit\" \/>\n\t<meta name=\"twitter:data1\" content=\"3\u00a0Minuten\" \/>\n<script type=\"application\/ld+json\" class=\"yoast-schema-graph\">{\"@context\":\"https:\\\/\\\/schema.org\",\"@graph\":[{\"@type\":\"WebPage\",\"@id\":\"https:\\\/\\\/www.klaus-janowitz.de\\\/wordpress\\\/digitale-milieus\\\/\",\"url\":\"https:\\\/\\\/www.klaus-janowitz.de\\\/wordpress\\\/digitale-milieus\\\/\",\"name\":\"Digitale Milieus - Netnographie &amp; Digitaler Wandel\",\"isPartOf\":{\"@id\":\"https:\\\/\\\/www.klaus-janowitz.de\\\/wordpress\\\/#website\"},\"primaryImageOfPage\":{\"@id\":\"https:\\\/\\\/www.klaus-janowitz.de\\\/wordpress\\\/digitale-milieus\\\/#primaryimage\"},\"image\":{\"@id\":\"https:\\\/\\\/www.klaus-janowitz.de\\\/wordpress\\\/digitale-milieus\\\/#primaryimage\"},\"thumbnailUrl\":\"http:\\\/\\\/www.klaus-janowitz.de\\\/wordpress\\\/wp-content\\\/uploads\\\/2015\\\/03\\\/Divsi_Milieus_Sinus-300x225.jpg\",\"datePublished\":\"2015-03-26T23:53:11+00:00\",\"dateModified\":\"2018-05-19T22:41:22+00:00\",\"breadcrumb\":{\"@id\":\"https:\\\/\\\/www.klaus-janowitz.de\\\/wordpress\\\/digitale-milieus\\\/#breadcrumb\"},\"inLanguage\":\"de\",\"potentialAction\":[{\"@type\":\"ReadAction\",\"target\":[\"https:\\\/\\\/www.klaus-janowitz.de\\\/wordpress\\\/digitale-milieus\\\/\"]}]},{\"@type\":\"ImageObject\",\"inLanguage\":\"de\",\"@id\":\"https:\\\/\\\/www.klaus-janowitz.de\\\/wordpress\\\/digitale-milieus\\\/#primaryimage\",\"url\":\"http:\\\/\\\/www.klaus-janowitz.de\\\/wordpress\\\/wp-content\\\/uploads\\\/2015\\\/03\\\/Divsi_Milieus_Sinus-300x225.jpg\",\"contentUrl\":\"http:\\\/\\\/www.klaus-janowitz.de\\\/wordpress\\\/wp-content\\\/uploads\\\/2015\\\/03\\\/Divsi_Milieus_Sinus-300x225.jpg\"},{\"@type\":\"BreadcrumbList\",\"@id\":\"https:\\\/\\\/www.klaus-janowitz.de\\\/wordpress\\\/digitale-milieus\\\/#breadcrumb\",\"itemListElement\":[{\"@type\":\"ListItem\",\"position\":1,\"name\":\"Startseite\",\"item\":\"https:\\\/\\\/www.klaus-janowitz.de\\\/wordpress\\\/\"},{\"@type\":\"ListItem\",\"position\":2,\"name\":\"Digitale Milieus\"}]},{\"@type\":\"WebSite\",\"@id\":\"https:\\\/\\\/www.klaus-janowitz.de\\\/wordpress\\\/#website\",\"url\":\"https:\\\/\\\/www.klaus-janowitz.de\\\/wordpress\\\/\",\"name\":\"Netnographie &amp; Digitaler Wandel\",\"description\":\"Blog rund um die Themen Netnographie, Online-Kultur und Digitalen Wandel\",\"potentialAction\":[{\"@type\":\"SearchAction\",\"target\":{\"@type\":\"EntryPoint\",\"urlTemplate\":\"https:\\\/\\\/www.klaus-janowitz.de\\\/wordpress\\\/?s={search_term_string}\"},\"query-input\":{\"@type\":\"PropertyValueSpecification\",\"valueRequired\":true,\"valueName\":\"search_term_string\"}}],\"inLanguage\":\"de\"}]}<\/script>\n<!-- \/ Yoast SEO plugin. -->","yoast_head_json":{"title":"Digitale Milieus - Netnographie &amp; Digitaler Wandel","robots":{"index":"index","follow":"follow","max-snippet":"max-snippet:-1","max-image-preview":"max-image-preview:large","max-video-preview":"max-video-preview:-1"},"canonical":"https:\/\/www.klaus-janowitz.de\/wordpress\/digitale-milieus\/","og_locale":"de_DE","og_type":"article","og_title":"Digitale Milieus - Netnographie &amp; Digitaler Wandel","og_description":"27\/03\/15 kmjan Sinus-Milieus sind Standard\u00a0bei der Zielgruppenbestimmung. Sie verbinden\u00a0demographische Merkmale\u00a0wie Bildung, Beruf und\u00a0Einkommen mit Werthaltungen und den realen Lebenswelten in Konsum und Gesellschaft. Die Kartoffelgraphik\u00a0wurde seit 1979\u00a0immer wieder aktualisiert und besteht aus mittlerweile zehn Milieus entlang der Koordinaten Soziale Lage (Unterschicht\u00a0\u00fcber Mittelschichten zu Oberschicht) und\u00a0Grundorientierung (von Tradition \u00fcber Modernisierung zu Neuorientierung). Das Modell der Sinus-Milieus &hellip; \u201eDigitale Milieus\u201c weiterlesen","og_url":"https:\/\/www.klaus-janowitz.de\/wordpress\/digitale-milieus\/","og_site_name":"Netnographie &amp; Digitaler Wandel","article_modified_time":"2018-05-19T22:41:22+00:00","og_image":[{"url":"http:\/\/www.klaus-janowitz.de\/wordpress\/wp-content\/uploads\/2015\/03\/Divsi_Milieus_Sinus-300x225.jpg","type":"","width":"","height":""}],"twitter_card":"summary_large_image","twitter_misc":{"Gesch\u00e4tzte Lesezeit":"3\u00a0Minuten"},"schema":{"@context":"https:\/\/schema.org","@graph":[{"@type":"WebPage","@id":"https:\/\/www.klaus-janowitz.de\/wordpress\/digitale-milieus\/","url":"https:\/\/www.klaus-janowitz.de\/wordpress\/digitale-milieus\/","name":"Digitale Milieus - Netnographie &amp; Digitaler Wandel","isPartOf":{"@id":"https:\/\/www.klaus-janowitz.de\/wordpress\/#website"},"primaryImageOfPage":{"@id":"https:\/\/www.klaus-janowitz.de\/wordpress\/digitale-milieus\/#primaryimage"},"image":{"@id":"https:\/\/www.klaus-janowitz.de\/wordpress\/digitale-milieus\/#primaryimage"},"thumbnailUrl":"http:\/\/www.klaus-janowitz.de\/wordpress\/wp-content\/uploads\/2015\/03\/Divsi_Milieus_Sinus-300x225.jpg","datePublished":"2015-03-26T23:53:11+00:00","dateModified":"2018-05-19T22:41:22+00:00","breadcrumb":{"@id":"https:\/\/www.klaus-janowitz.de\/wordpress\/digitale-milieus\/#breadcrumb"},"inLanguage":"de","potentialAction":[{"@type":"ReadAction","target":["https:\/\/www.klaus-janowitz.de\/wordpress\/digitale-milieus\/"]}]},{"@type":"ImageObject","inLanguage":"de","@id":"https:\/\/www.klaus-janowitz.de\/wordpress\/digitale-milieus\/#primaryimage","url":"http:\/\/www.klaus-janowitz.de\/wordpress\/wp-content\/uploads\/2015\/03\/Divsi_Milieus_Sinus-300x225.jpg","contentUrl":"http:\/\/www.klaus-janowitz.de\/wordpress\/wp-content\/uploads\/2015\/03\/Divsi_Milieus_Sinus-300x225.jpg"},{"@type":"BreadcrumbList","@id":"https:\/\/www.klaus-janowitz.de\/wordpress\/digitale-milieus\/#breadcrumb","itemListElement":[{"@type":"ListItem","position":1,"name":"Startseite","item":"https:\/\/www.klaus-janowitz.de\/wordpress\/"},{"@type":"ListItem","position":2,"name":"Digitale Milieus"}]},{"@type":"WebSite","@id":"https:\/\/www.klaus-janowitz.de\/wordpress\/#website","url":"https:\/\/www.klaus-janowitz.de\/wordpress\/","name":"Netnographie &amp; Digitaler Wandel","description":"Blog rund um die Themen Netnographie, Online-Kultur und Digitalen Wandel","potentialAction":[{"@type":"SearchAction","target":{"@type":"EntryPoint","urlTemplate":"https:\/\/www.klaus-janowitz.de\/wordpress\/?s={search_term_string}"},"query-input":{"@type":"PropertyValueSpecification","valueRequired":true,"valueName":"search_term_string"}}],"inLanguage":"de"}]}},"jetpack_sharing_enabled":true,"jetpack_shortlink":"https:\/\/wp.me\/P15Wn2-1n5","jetpack_likes_enabled":true,"jetpack-related-posts":[{"id":5028,"url":"https:\/\/www.klaus-janowitz.de\/wordpress\/gemeinschaft-und-gesellschaft-im-digitalen-wandel\/","url_meta":{"origin":5275,"position":0},"title":"Gemeinschaft und Gesellschaft im digitalen Wandel","author":"KlausMJan","date":"18. Februar 2015","format":false,"excerpt":"18\/02\/15 kmjan Die Verbreitung digitaler Medien und Technologien hat einen kaum zu \u00fcbersch\u00e4tzenden Einflu\u00df auf Wirtschaft, Arbeit und Gesellschaft -\u00a0auch dann, wenn man sie selber nicht nutzt. In der Diskussion um die\u00a0digitale Gesellschaft geht es um die Verbreitung\u00a0von\u00a0Nutzung\u00a0und\u00a0Kenntnissen, um Datensicherheit und Schutz der Privatsph\u00e4re, die Digitalisierung der Arbeitswelt, um SocialMedia\u2026","rel":"","context":"\u00c4hnlicher Beitrag","block_context":{"text":"\u00c4hnlicher Beitrag","link":""},"img":{"alt_text":"Digitaler Wandel ","src":"https:\/\/i0.wp.com\/www.klaus-janowitz.de\/wordpress\/wp-content\/uploads\/2015\/02\/luftig-300x300.jpg?resize=350%2C200","width":350,"height":200},"classes":[]},{"id":13195,"url":"https:\/\/www.klaus-janowitz.de\/wordpress\/rechtspopulismus-im-globalen-zeitalter-rez\/","url_meta":{"origin":5275,"position":1},"title":"Die Gesellschaft des Zorns. Rechtspopulismus im Globalen Zeitalter (Rez.)","author":"KlausMJan","date":"18. Juli 2019","format":false,"excerpt":"27\/07\/19 kmjan Die Gesellschaft des Zorns - Rechtspopulismus im globalen Zeitalter von Cornelia Koppetsch (TU Darmstadt) erschien in diesem Fr\u00fchjahr, war schnell vergriffen und wurde im Juli als Sachbuch des Monats ausgezeichnet.\u00a0 Das macht deutlich, wie aktuell das Thema und wie gross der Bedarf nach Erkl\u00e4rungen ist. Kernthese der Autorin\u2026","rel":"","context":"\u00c4hnlicher Beitrag","block_context":{"text":"\u00c4hnlicher Beitrag","link":""},"img":{"alt_text":"","src":"https:\/\/i0.wp.com\/www.klaus-janowitz.de\/wordpress\/wp-content\/uploads\/2019\/06\/Gesellschaft-des-Zorns-198x300.jpg?resize=350%2C200&ssl=1","width":350,"height":200},"classes":[]},{"id":24463,"url":"https:\/\/www.klaus-janowitz.de\/wordpress\/neuaufstellung-der-gesellschaft-durch-corona\/","url_meta":{"origin":5275,"position":2},"title":"Neuausrichtung der Gesellschaft durch Corona?","author":"KlausMJan","date":"29. August 2020","format":false,"excerpt":"29\/08\/20 kmjan Bei einer (nicht- repr\u00e4sentativen) adhoc- Umfrage der FES* meinten 2\/3 derTeilnehmer, dass die Corona-Krise langfristig positive Auswirkungen auf das gesellschaftliche Zusammenleben haben wird. Soll man das \u00fcberraschend finden? - Oder einfach als Hinweis darauf, dass die Ver\u00e4nderungsdynamik im Laufe der Corona- Krise Gestaltungsm\u00f6glichkeiten\u00a0 anst\u00f6sst und verbreitert? Braucht es\u2026","rel":"","context":"\u00c4hnlicher Beitrag","block_context":{"text":"\u00c4hnlicher Beitrag","link":""},"img":{"alt_text":"","src":"https:\/\/i0.wp.com\/www.klaus-janowitz.de\/wordpress\/wp-content\/uploads\/2016\/09\/Inside-out-300x300.jpg?resize=350%2C200&ssl=1","width":350,"height":200},"classes":[]},{"id":15748,"url":"https:\/\/www.klaus-janowitz.de\/wordpress\/das-ende-der-illusionen\/","url_meta":{"origin":5275,"position":3},"title":"Das Ende der Illusionen. Politik, \u00d6konomie und Kultur in der Sp\u00e4tmoderne (Rez.)","author":"KlausMJan","date":"21. April 2020","format":false,"excerpt":"19\/04\/20 kmjan Das Ende der Illusionen -\u00a0 gemeint ist damit das Ende einer von Fortschrittsoptimismus gepr\u00e4gten liberalen Grundhaltung, die seit 1989 dreissig Jahre lang bestimmend war. Auch der Prozess der Digitalisierung als pr\u00e4gende technologische Entwicklung reiht sich in dieser Sicht\u00a0 in das Fortschrittsnarrativ ein. Andreas Reckwitz' Thema ist der Wandel\u2026","rel":"","context":"\u00c4hnlicher Beitrag","block_context":{"text":"\u00c4hnlicher Beitrag","link":""},"img":{"alt_text":"","src":"https:\/\/i0.wp.com\/www.klaus-janowitz.de\/wordpress\/wp-content\/uploads\/2020\/02\/Reckwitz_Ende_der_Illusionen-184x300.jpeg?resize=350%2C200&ssl=1","width":350,"height":200},"classes":[]},{"id":10384,"url":"https:\/\/www.klaus-janowitz.de\/wordpress\/gesellschaft-der-singularitaeten-rezension\/","url_meta":{"origin":5275,"position":4},"title":"Gesellschaft der Singularit\u00e4ten (Rezension)","author":"KlausMJan","date":"15. November 2017","format":false,"excerpt":"15\/11\/17\u00a0kmjan Soziologische Monographien der letzten Jahrzehnte\u00a0 erschienen bezeichnenderweise immer wieder unter Titeln, die von\u00a0einem einzelnen Begriff aus das Gef\u00fcge sp\u00e4tmoderner Gesellschaften aufrollen:\u00a0Risiko-,\u00a0Erlebnis-, Multioptions-, Abstiegs- gesellschaft,\u00a0Resonanz als Weltbeziehung etc. - bei Andreas Reckwitz geht es nun um Singularit\u00e4ten als solche. Mit einigen Abstrichen befassen sich alle diese Titel mit Erscheinungen des\u2026","rel":"","context":"\u00c4hnlicher Beitrag","block_context":{"text":"\u00c4hnlicher Beitrag","link":""},"img":{"alt_text":"","src":"https:\/\/i0.wp.com\/www.klaus-janowitz.de\/wordpress\/wp-content\/uploads\/2017\/10\/Gesellschaft_der_Singularitaeten-181x300.jpg?resize=350%2C200","width":350,"height":200},"classes":[]},{"id":8967,"url":"https:\/\/www.klaus-janowitz.de\/wordpress\/digitale-figurationen\/","url_meta":{"origin":5275,"position":5},"title":"Digitale Figurationen","author":"KlausMJan","date":"22. November 2016","format":false,"excerpt":"22\/11\/16\u00a0kmjan Soziologische Konzepte und Theorien sind dazu da, gesellschaftliche Vorg\u00e4nge und Entwicklungen verstehbar zu machen. Bereits einige\u00a0male hatte ich hier auf die Soziologie von Norbert Elias aufmerksam gemacht. Man kann\u00a0sich fragen, was denn Norbert Elias mit der Digitalisierung zu tun habe? Mit den Lebensdaten 1897 - 1990 hatte er nur\u2026","rel":"","context":"\u00c4hnlicher Beitrag","block_context":{"text":"\u00c4hnlicher Beitrag","link":""},"img":{"alt_text":"","src":"https:\/\/i0.wp.com\/www.klaus-janowitz.de\/wordpress\/wp-content\/uploads\/2015\/04\/Schaltkreise-300x300.jpg?resize=350%2C200","width":350,"height":200},"classes":[]}],"_links":{"self":[{"href":"https:\/\/www.klaus-janowitz.de\/wordpress\/wp-json\/wp\/v2\/pages\/5275","targetHints":{"allow":["GET"]}}],"collection":[{"href":"https:\/\/www.klaus-janowitz.de\/wordpress\/wp-json\/wp\/v2\/pages"}],"about":[{"href":"https:\/\/www.klaus-janowitz.de\/wordpress\/wp-json\/wp\/v2\/types\/page"}],"author":[{"embeddable":true,"href":"https:\/\/www.klaus-janowitz.de\/wordpress\/wp-json\/wp\/v2\/users\/1"}],"replies":[{"embeddable":true,"href":"https:\/\/www.klaus-janowitz.de\/wordpress\/wp-json\/wp\/v2\/comments?post=5275"}],"version-history":[{"count":187,"href":"https:\/\/www.klaus-janowitz.de\/wordpress\/wp-json\/wp\/v2\/pages\/5275\/revisions"}],"predecessor-version":[{"id":11047,"href":"https:\/\/www.klaus-janowitz.de\/wordpress\/wp-json\/wp\/v2\/pages\/5275\/revisions\/11047"}],"wp:attachment":[{"href":"https:\/\/www.klaus-janowitz.de\/wordpress\/wp-json\/wp\/v2\/media?parent=5275"}],"curies":[{"name":"wp","href":"https:\/\/api.w.org\/{rel}","templated":true}]}}