{"id":5256,"date":"2015-03-04T18:00:31","date_gmt":"2015-03-04T17:00:31","guid":{"rendered":"http:\/\/www.klaus-janowitz.de\/wordpress\/?page_id=5256"},"modified":"2022-05-19T22:41:40","modified_gmt":"2022-05-19T20:41:40","slug":"p-o-s-e-auf-den-punkt-gebracht","status":"publish","type":"page","link":"https:\/\/www.klaus-janowitz.de\/wordpress\/p-o-s-e-auf-den-punkt-gebracht\/","title":{"rendered":"P.O.S.E &#8211; auf den Punkt gebracht  (Paid, Owned, Shared, Earned Media)"},"content":{"rendered":"<p style=\"text-align: justify;\">4\/03\/15 <a href=\"http:\/\/www.klaus-janowitz.de\/\">kmjan<\/a><br \/>\nSchon einige male hatte ich hier das Modell P.O.S.E. &#8211; <a href=\"http:\/\/www.klaus-janowitz.de\/wordpress\/social-media-2014\" target=\"_blank\" rel=\"noopener\">Paid, Owned, Shared, Earned Media<\/a> <a href=\"http:\/\/www.klaus-janowitz.de\/wordpress\/social-media-2013\" target=\"_blank\" rel=\"noopener\">vorgestellt<\/a>. Als die <em>drei Kreise<\/em> wurde es 2008 von Nokia zur Mediaplanung &#8220;erfunden&#8221;. In der vierkreisigen\u00a0Form wurde es mir in dem &#8211; franz\u00f6sischsprachigen &#8211; Blog von <a href=\"http:\/\/www.mediassociaux.fr\" target=\"_blank\" rel=\"noopener\">Fr\u00e9d\u00e9ric Cavazza<\/a> bekannt, <a href=\"http:\/\/www.talkabout.de\/infografik-die-acht-hebel-der-content-kontrolle\/\" target=\"_blank\" rel=\"noopener\">anderswo<\/a> auch unter anderen Bezeichnungen. Modelle dienen dazu, komplexere Sachverhalte zu verdeutlichen, einpr\u00e4gsam auf den Punkt zu bringen.<br \/>\nDer <strong>digitale Wandel<\/strong> bringt immer wieder neue Medienkan\u00e4le hervor. Jeder davon hat seine eigenen M\u00f6glichkeiten.\u00a0Nachrichten und Meinungen k\u00f6nnen sich rasch verbreiten &#8211; wenn sie denn die Nutzer interessieren.\u00a0Social Media werden zur Marken- und Kundenkommunikation genutzt, sie sind aber genauso wenig in erster Linie Marketingwerkzeuge, wie die klassischen Medien. Es ergibt sich eine Vielzahl neuer Ber\u00fchrungspunkte bzw. Touchpoints zu Kunden und Interessenten. F\u00fcr die Akteure \u2013 ob Freiberufler, Mittelst\u00e4ndler oder Weltmarke, kommt es darauf an, ein konsistentes Bild, eine Reputation zu entwickeln.<\/p>\n<p style=\"text-align: justify;\"><a href=\"https:\/\/i0.wp.com\/www.klaus-janowitz.de\/wordpress\/wp-content\/uploads\/2014\/11\/POSE.jpg?ssl=1\"><img data-recalc-dims=\"1\" fetchpriority=\"high\" decoding=\"async\" class=\"alignleft wp-image-5175 size-medium\" src=\"https:\/\/i0.wp.com\/www.klaus-janowitz.de\/wordpress\/wp-content\/uploads\/2014\/11\/POSE.jpg?resize=300%2C208&#038;ssl=1\" alt=\"\" width=\"300\" height=\"208\" srcset=\"https:\/\/i0.wp.com\/www.klaus-janowitz.de\/wordpress\/wp-content\/uploads\/2014\/11\/POSE.jpg?resize=300%2C208&amp;ssl=1 300w, https:\/\/i0.wp.com\/www.klaus-janowitz.de\/wordpress\/wp-content\/uploads\/2014\/11\/POSE.jpg?w=638&amp;ssl=1 638w\" sizes=\"(max-width: 300px) 100vw, 300px\" \/><\/a><strong>Paid Media<\/strong> ist die gekaufte Reichweite und entspricht am ehesten der traditionellen Werbung. Dazu z\u00e4hlen Bannerwerbung, AdWords, Affiliate Marketing etc. &#8211; all das, was gegen Bezahlung auf Kan\u00e4len anderer Medienbetreiber verbreitet wird.<br \/>\nPaid Media schieben eine Kampagne an, sie schlagen die Trommel der Aufmerksamkeit und werden nach Reichweite und Dauer bezahlt. Ein Nachteil ist, da\u00df Paid Media von Nutzern wenig akzeptiert, oft auch durch Werbeblocker deaktiviert werden. Sie werden aber auch von Nutzern wahrgenommen, die mit dem Thema oder der Marke wenig zu tun haben.<\/p>\n<p style=\"text-align: justify;\"><strong>Owned Media<\/strong> sind die eigenen Kan\u00e4le, \u00fcber die man selber verf\u00fcgen kann, nur eingeschr\u00e4nkt durch den gesetzlichen Rahmen und unabh\u00e4ngig von sich \u00e4ndernden AGB. Das ist der eigene Webauftritt ganz unterschiedlicher Gr\u00f6\u00dfe, evtl. mit Webshop und Corporate Blog. Auch eine Community kann auf Owned Media betrieben werden, entscheidend ist: Der Nutzer kommt zum Betreiber. Die Reichweite kann durch Suchmaschinenoptimierung (SEO) und eine gute Verlinkung verbessert werden, bleibt aber abh\u00e4ngig von der Attraktivit\u00e4t des eigenen Auftritts.<br \/>\nMit der eigenen Pr\u00e4senz wird man als eigenst\u00e4ndiger Akteur im Netz wahrgenommen, ist mit einem Impressum \u00f6ffentlich sichtbar und kann dar\u00fcber kontaktiert werden.<br \/>\nAuch Social Media Kan\u00e4le, wie Facebook-, Twitter- oder YouTube-Profile wurden \u00f6fters Owned Media zugeordnet. Sie unterliegen aber anderen Bedingungen und werden auf ganz anderem Wege verbreitet.<\/p>\n<p style=\"text-align: justify;\"><strong>Shared Media<\/strong> werden auf Social Media Plattformen verbreitet, f\u00fcr die Inhalte (den Content) ist man selber verantwortlich, sie unterliegen aber den Bedingungen\u00a0der jeweiligen Plattform. Das meiste davon \u00fcber Facebook und youtube, evtl.Twitter, auch Instagram f\u00fcr Fotos. Weitere Formate sind etwa Pinterest oder Mikrovideos auf Vine, journalistische Plattformen (u.a. auf LinkedIn)\u00a0Jedes Format hat seine eigenen Charakteristika und M\u00f6glichkeiten. Die Reichweite ist zum einen von der Plattform, aber eben auch von der Attraktivit\u00e4t des Inhalts bestimmt.<br \/>\nGelegentlich wird auch von Curated Media gesprochen. Wie der Name sagt, sind dies nicht selbsterstellte, sondern unter bestimmten Kriterien ausgew\u00e4hlte Inhalte. Pinterest ist die\u00a0verbreiteteste Plattform.<\/p>\n<p style=\"text-align: justify;\"><strong>Earned Media<\/strong> ist schlie\u00dflich die Reichweite, die man sich verdient hat. Man hat keinen direkten Einflu\u00df darauf, sie k\u00f6nnen sich auf ganz unterschiedlichen Kan\u00e4len verbreiten. Es ist die Verbreitung \u00fcber Dritte, darin eingeschlossen ist redaktionelles Feedback, das <em>Word of Mouth<\/em> virale Effekte, aber auch ein eventueller <em>Shitstorm<\/em>.<br \/>\nSie genie\u00dfen das h\u00f6chste Vertrauen, die Akzeptanz ist hoch, k\u00f6nnen aber auch negativ sein.\u00a0Earned Media k\u00f6nnen mit aktuellen Analyse-Tools gemessen werden, sie sind zu einem wesentlichen Teil das, was Social Media Monitoring beobachtet.<br \/>\nNur wirklich guter Inhalt erzeugt Aufmerksamkeit und verdient damit Reichweite. Earned Media sind schlie\u00dflich dauerhaft: sie tauchen langfristig in Suchergebnissen auf.<\/p>\n<p style=\"text-align: justify;\"><strong>P.O.S.E.<\/strong> &#8211; Paid, Owned Shared, Earned Media gibt einen guten \u00dcberblick \u00fcber den Medieneinsatz und kann ganz unterschiedliche Medieneins\u00e4tze veranschaulichen. Sicherlich \u00fcberschneiden sich die einzelnen Medientypen in vielen F\u00e4llen: Kommentare in Social Media stehen zwischen Shared und Earned Media, Promoted Posts und Sponsored Tweets zwischen Paid und Shared Media (vgl. die Infographik).<\/p>\n<p style=\"text-align: justify;\">Letztlich kostet die Erstellung aller Inhalte Geld, entscheidend f\u00fcr die Zuordnung ist aber die Verbreitung: <strong>Paid Media<\/strong> gegen Bezahlung auf anderen Kan\u00e4len, <strong>Owned Media<\/strong> auf den eigenen, <strong>Shared Media<\/strong> auf \u00f6ffentlich zug\u00e4nglichen Plattformen, <strong>Earned Media<\/strong> von Dritten auf den von ihnen gew\u00e4hlten Kan\u00e4len.<br \/>\nDie Inhalte begegnen dem Nutzer an ganz unterschiedlichen Orten. F\u00fcr die Akteure im Social Web kommt es darauf an, an allen Ber\u00fchrungspunkten ein konsistentes Bild zu vermitteln.<\/p>\n<p><!-- Piwik --><br \/>\n<script type=\"text\/javascript\">\/\/ <![CDATA[ var pkBaseURL = ((\"https:\" == document.location.protocol) ? \"https:\/\/www.klaus-janowitz.de\/piwik\/\" : \"http:\/\/www.klaus-janowitz.de\/piwik\/\"); document.write(unescape(\"%3Cscript src='\" + pkBaseURL + \"piwik.js' type='text\/javascript'%3E%3C\/script%3E\")); \/\/ ]]><\/script><script type=\"text\/javascript\">\/\/ <![CDATA[ try { var piwikTracker = Piwik.getTracker(pkBaseURL + \"piwik.php\", 1); piwikTracker.trackPageView(); piwikTracker.enableLinkTracking(); } catch( err ) {} \/\/ ]]><\/script><\/p>\n<p><noscript>&amp;amp;amp;amp;amp;lt;img src=&#8221;http:\/\/www.klaus-janowitz.de\/piwik\/piwik.php?idsite=1&#8243; style=&#8221;border:0&#8243; alt=&#8221;&#8221; \/&amp;amp;amp;amp;amp;gt;&amp;amp;amp;amp;amp;lt;br \/&amp;amp;amp;amp;amp;gt;<\/noscript><!-- End Piwik Tag --><\/p>\n<p><script type=\"text\/javascript\">\/\/ <![CDATA[ var gaJsHost = ((\"https:\" == document.location.protocol) ? \"https:\/\/ssl.\" : \"http:\/\/www.\"); document.write(unescape(\"%3Cscript src='\" + gaJsHost + \"google-analytics.com\/ga.js' type='text\/javascript'%3E%3C\/script%3E\")); \/\/ ]]><\/script><br \/>\n<script type=\"text\/javascript\">\/\/ <![CDATA[ var pageTracker = _gat._getTracker(\"UA-5982947-1\"); pageTracker._trackPageview(); \/\/ ]]><\/script><\/p>\n","protected":false},"excerpt":{"rendered":"<p>4\/03\/15 kmjan Schon einige male hatte ich hier das Modell P.O.S.E. &#8211; Paid, Owned, Shared, Earned Media vorgestellt. Als die drei Kreise wurde es 2008 von Nokia zur Mediaplanung &#8220;erfunden&#8221;. In der vierkreisigen\u00a0Form wurde es mir in dem &#8211; franz\u00f6sischsprachigen &#8211; Blog von Fr\u00e9d\u00e9ric Cavazza bekannt, anderswo auch unter anderen Bezeichnungen. Modelle dienen dazu, komplexere &hellip; <\/p>\n<p class=\"link-more\"><a href=\"https:\/\/www.klaus-janowitz.de\/wordpress\/p-o-s-e-auf-den-punkt-gebracht\/\" class=\"more-link\"><span class=\"screen-reader-text\">\u201eP.O.S.E &#8211; auf den Punkt gebracht  (Paid, Owned, Shared, Earned Media)\u201c <\/span>weiterlesen<\/a><\/p>\n","protected":false},"author":1,"featured_media":0,"parent":0,"menu_order":0,"comment_status":"open","ping_status":"open","template":"","meta":{"jetpack_post_was_ever_published":false,"activitypub_content_warning":"","activitypub_content_visibility":"","activitypub_max_image_attachments":4,"activitypub_interaction_policy_quote":"","activitypub_status":"","footnotes":""},"class_list":["post-5256","page","type-page","status-publish","hentry"],"yoast_head":"<!-- This site is optimized with the Yoast SEO plugin v27.4 - https:\/\/yoast.com\/product\/yoast-seo-wordpress\/ -->\n<title>P.O.S.E - auf den Punkt gebracht (Paid, Owned, Shared, Earned Media) - Netnographie &amp; Digitaler Wandel<\/title>\n<meta name=\"robots\" content=\"index, follow, max-snippet:-1, max-image-preview:large, max-video-preview:-1\" \/>\n<link rel=\"canonical\" href=\"https:\/\/www.klaus-janowitz.de\/wordpress\/p-o-s-e-auf-den-punkt-gebracht\/\" \/>\n<meta property=\"og:locale\" content=\"de_DE\" \/>\n<meta property=\"og:type\" content=\"article\" \/>\n<meta property=\"og:title\" content=\"P.O.S.E - auf den Punkt gebracht (Paid, Owned, Shared, Earned Media) - Netnographie &amp; Digitaler Wandel\" \/>\n<meta property=\"og:description\" content=\"4\/03\/15 kmjan Schon einige male hatte ich hier das Modell P.O.S.E. &#8211; Paid, Owned, Shared, Earned Media vorgestellt. Als die drei Kreise wurde es 2008 von Nokia zur Mediaplanung &#8220;erfunden&#8221;. In der vierkreisigen\u00a0Form wurde es mir in dem &#8211; franz\u00f6sischsprachigen &#8211; Blog von Fr\u00e9d\u00e9ric Cavazza bekannt, anderswo auch unter anderen Bezeichnungen. Modelle dienen dazu, komplexere &hellip; \u201eP.O.S.E &#8211; auf den Punkt gebracht (Paid, Owned, Shared, Earned Media)\u201c weiterlesen\" \/>\n<meta property=\"og:url\" content=\"https:\/\/www.klaus-janowitz.de\/wordpress\/p-o-s-e-auf-den-punkt-gebracht\/\" \/>\n<meta property=\"og:site_name\" content=\"Netnographie &amp; Digitaler Wandel\" \/>\n<meta property=\"article:modified_time\" content=\"2022-05-19T20:41:40+00:00\" \/>\n<meta property=\"og:image\" content=\"https:\/\/www.klaus-janowitz.de\/wordpress\/wp-content\/uploads\/2014\/11\/POSE-300x208.jpg\" \/>\n<meta name=\"twitter:card\" content=\"summary_large_image\" \/>\n<meta name=\"twitter:label1\" content=\"Gesch\u00e4tzte Lesezeit\" \/>\n\t<meta name=\"twitter:data1\" content=\"4\u00a0Minuten\" \/>\n<script type=\"application\/ld+json\" class=\"yoast-schema-graph\">{\"@context\":\"https:\\\/\\\/schema.org\",\"@graph\":[{\"@type\":\"WebPage\",\"@id\":\"https:\\\/\\\/www.klaus-janowitz.de\\\/wordpress\\\/p-o-s-e-auf-den-punkt-gebracht\\\/\",\"url\":\"https:\\\/\\\/www.klaus-janowitz.de\\\/wordpress\\\/p-o-s-e-auf-den-punkt-gebracht\\\/\",\"name\":\"P.O.S.E - auf den Punkt gebracht (Paid, Owned, Shared, Earned Media) - Netnographie &amp; Digitaler Wandel\",\"isPartOf\":{\"@id\":\"https:\\\/\\\/www.klaus-janowitz.de\\\/wordpress\\\/#website\"},\"primaryImageOfPage\":{\"@id\":\"https:\\\/\\\/www.klaus-janowitz.de\\\/wordpress\\\/p-o-s-e-auf-den-punkt-gebracht\\\/#primaryimage\"},\"image\":{\"@id\":\"https:\\\/\\\/www.klaus-janowitz.de\\\/wordpress\\\/p-o-s-e-auf-den-punkt-gebracht\\\/#primaryimage\"},\"thumbnailUrl\":\"https:\\\/\\\/www.klaus-janowitz.de\\\/wordpress\\\/wp-content\\\/uploads\\\/2014\\\/11\\\/POSE-300x208.jpg\",\"datePublished\":\"2015-03-04T17:00:31+00:00\",\"dateModified\":\"2022-05-19T20:41:40+00:00\",\"breadcrumb\":{\"@id\":\"https:\\\/\\\/www.klaus-janowitz.de\\\/wordpress\\\/p-o-s-e-auf-den-punkt-gebracht\\\/#breadcrumb\"},\"inLanguage\":\"de\",\"potentialAction\":[{\"@type\":\"ReadAction\",\"target\":[\"https:\\\/\\\/www.klaus-janowitz.de\\\/wordpress\\\/p-o-s-e-auf-den-punkt-gebracht\\\/\"]}]},{\"@type\":\"ImageObject\",\"inLanguage\":\"de\",\"@id\":\"https:\\\/\\\/www.klaus-janowitz.de\\\/wordpress\\\/p-o-s-e-auf-den-punkt-gebracht\\\/#primaryimage\",\"url\":\"https:\\\/\\\/i0.wp.com\\\/www.klaus-janowitz.de\\\/wordpress\\\/wp-content\\\/uploads\\\/2014\\\/11\\\/POSE.jpg?fit=638%2C443&ssl=1\",\"contentUrl\":\"https:\\\/\\\/i0.wp.com\\\/www.klaus-janowitz.de\\\/wordpress\\\/wp-content\\\/uploads\\\/2014\\\/11\\\/POSE.jpg?fit=638%2C443&ssl=1\",\"width\":638,\"height\":443},{\"@type\":\"BreadcrumbList\",\"@id\":\"https:\\\/\\\/www.klaus-janowitz.de\\\/wordpress\\\/p-o-s-e-auf-den-punkt-gebracht\\\/#breadcrumb\",\"itemListElement\":[{\"@type\":\"ListItem\",\"position\":1,\"name\":\"Startseite\",\"item\":\"https:\\\/\\\/www.klaus-janowitz.de\\\/wordpress\\\/\"},{\"@type\":\"ListItem\",\"position\":2,\"name\":\"P.O.S.E &#8211; auf den Punkt gebracht (Paid, Owned, Shared, Earned Media)\"}]},{\"@type\":\"WebSite\",\"@id\":\"https:\\\/\\\/www.klaus-janowitz.de\\\/wordpress\\\/#website\",\"url\":\"https:\\\/\\\/www.klaus-janowitz.de\\\/wordpress\\\/\",\"name\":\"Netnographie &amp; Digitaler Wandel\",\"description\":\"Blog rund um die Themen Netnographie, Online-Kultur und Digitalen Wandel\",\"potentialAction\":[{\"@type\":\"SearchAction\",\"target\":{\"@type\":\"EntryPoint\",\"urlTemplate\":\"https:\\\/\\\/www.klaus-janowitz.de\\\/wordpress\\\/?s={search_term_string}\"},\"query-input\":{\"@type\":\"PropertyValueSpecification\",\"valueRequired\":true,\"valueName\":\"search_term_string\"}}],\"inLanguage\":\"de\"}]}<\/script>\n<!-- \/ Yoast SEO plugin. -->","yoast_head_json":{"title":"P.O.S.E - auf den Punkt gebracht (Paid, Owned, Shared, Earned Media) - Netnographie &amp; Digitaler Wandel","robots":{"index":"index","follow":"follow","max-snippet":"max-snippet:-1","max-image-preview":"max-image-preview:large","max-video-preview":"max-video-preview:-1"},"canonical":"https:\/\/www.klaus-janowitz.de\/wordpress\/p-o-s-e-auf-den-punkt-gebracht\/","og_locale":"de_DE","og_type":"article","og_title":"P.O.S.E - auf den Punkt gebracht (Paid, Owned, Shared, Earned Media) - Netnographie &amp; Digitaler Wandel","og_description":"4\/03\/15 kmjan Schon einige male hatte ich hier das Modell P.O.S.E. &#8211; Paid, Owned, Shared, Earned Media vorgestellt. Als die drei Kreise wurde es 2008 von Nokia zur Mediaplanung &#8220;erfunden&#8221;. In der vierkreisigen\u00a0Form wurde es mir in dem &#8211; franz\u00f6sischsprachigen &#8211; Blog von Fr\u00e9d\u00e9ric Cavazza bekannt, anderswo auch unter anderen Bezeichnungen. Modelle dienen dazu, komplexere &hellip; \u201eP.O.S.E &#8211; auf den Punkt gebracht (Paid, Owned, Shared, Earned Media)\u201c weiterlesen","og_url":"https:\/\/www.klaus-janowitz.de\/wordpress\/p-o-s-e-auf-den-punkt-gebracht\/","og_site_name":"Netnographie &amp; Digitaler Wandel","article_modified_time":"2022-05-19T20:41:40+00:00","og_image":[{"url":"https:\/\/www.klaus-janowitz.de\/wordpress\/wp-content\/uploads\/2014\/11\/POSE-300x208.jpg","type":"","width":"","height":""}],"twitter_card":"summary_large_image","twitter_misc":{"Gesch\u00e4tzte Lesezeit":"4\u00a0Minuten"},"schema":{"@context":"https:\/\/schema.org","@graph":[{"@type":"WebPage","@id":"https:\/\/www.klaus-janowitz.de\/wordpress\/p-o-s-e-auf-den-punkt-gebracht\/","url":"https:\/\/www.klaus-janowitz.de\/wordpress\/p-o-s-e-auf-den-punkt-gebracht\/","name":"P.O.S.E - auf den Punkt gebracht (Paid, Owned, Shared, Earned Media) - Netnographie &amp; Digitaler Wandel","isPartOf":{"@id":"https:\/\/www.klaus-janowitz.de\/wordpress\/#website"},"primaryImageOfPage":{"@id":"https:\/\/www.klaus-janowitz.de\/wordpress\/p-o-s-e-auf-den-punkt-gebracht\/#primaryimage"},"image":{"@id":"https:\/\/www.klaus-janowitz.de\/wordpress\/p-o-s-e-auf-den-punkt-gebracht\/#primaryimage"},"thumbnailUrl":"https:\/\/www.klaus-janowitz.de\/wordpress\/wp-content\/uploads\/2014\/11\/POSE-300x208.jpg","datePublished":"2015-03-04T17:00:31+00:00","dateModified":"2022-05-19T20:41:40+00:00","breadcrumb":{"@id":"https:\/\/www.klaus-janowitz.de\/wordpress\/p-o-s-e-auf-den-punkt-gebracht\/#breadcrumb"},"inLanguage":"de","potentialAction":[{"@type":"ReadAction","target":["https:\/\/www.klaus-janowitz.de\/wordpress\/p-o-s-e-auf-den-punkt-gebracht\/"]}]},{"@type":"ImageObject","inLanguage":"de","@id":"https:\/\/www.klaus-janowitz.de\/wordpress\/p-o-s-e-auf-den-punkt-gebracht\/#primaryimage","url":"https:\/\/i0.wp.com\/www.klaus-janowitz.de\/wordpress\/wp-content\/uploads\/2014\/11\/POSE.jpg?fit=638%2C443&ssl=1","contentUrl":"https:\/\/i0.wp.com\/www.klaus-janowitz.de\/wordpress\/wp-content\/uploads\/2014\/11\/POSE.jpg?fit=638%2C443&ssl=1","width":638,"height":443},{"@type":"BreadcrumbList","@id":"https:\/\/www.klaus-janowitz.de\/wordpress\/p-o-s-e-auf-den-punkt-gebracht\/#breadcrumb","itemListElement":[{"@type":"ListItem","position":1,"name":"Startseite","item":"https:\/\/www.klaus-janowitz.de\/wordpress\/"},{"@type":"ListItem","position":2,"name":"P.O.S.E &#8211; auf den Punkt gebracht (Paid, Owned, Shared, Earned Media)"}]},{"@type":"WebSite","@id":"https:\/\/www.klaus-janowitz.de\/wordpress\/#website","url":"https:\/\/www.klaus-janowitz.de\/wordpress\/","name":"Netnographie &amp; Digitaler Wandel","description":"Blog rund um die Themen Netnographie, Online-Kultur und Digitalen Wandel","potentialAction":[{"@type":"SearchAction","target":{"@type":"EntryPoint","urlTemplate":"https:\/\/www.klaus-janowitz.de\/wordpress\/?s={search_term_string}"},"query-input":{"@type":"PropertyValueSpecification","valueRequired":true,"valueName":"search_term_string"}}],"inLanguage":"de"}]}},"jetpack_sharing_enabled":true,"jetpack_shortlink":"https:\/\/wp.me\/P15Wn2-1mM","jetpack_likes_enabled":true,"jetpack-related-posts":[{"id":4646,"url":"https:\/\/www.klaus-janowitz.de\/wordpress\/social-media-2014\/","url_meta":{"origin":5256,"position":0},"title":"Social Media 2014","author":"KlausMJan","date":"30. November 2014","format":false,"excerpt":"\u00a029\/11\/14\u00a0kmjan Es sind schon einige Jahre vergangen, seit der Begriff\u00a0 Social Media den des Web \u00a02.0\u00a0abgel\u00f6st hat. Betonte Web 2.0 vor allem die\u00a0Nutzungsevolution des Internets und sein partizipatorisches Potential\u00a0(wie\u00a0auch der Begriff\u00a0\u00a0Blogosph\u00e4re), stehen\u00a0bei Social Media die Plattformen und Netzwerke auf denen \u00f6ffentliche Kommunikation stattfindet im Vordergrund. Die nebenstehende Social Media Map\u2026","rel":"","context":"\u00c4hnlicher Beitrag","block_context":{"text":"\u00c4hnlicher Beitrag","link":""},"img":{"alt_text":"","src":"https:\/\/i0.wp.com\/www.klaus-janowitz.de\/wordpress\/wp-content\/uploads\/2014\/11\/Social-Media-Map-300x231.jpg?resize=350%2C200&ssl=1","width":350,"height":200},"classes":[]},{"id":3076,"url":"https:\/\/www.klaus-janowitz.de\/wordpress\/social-media-2013\/","url_meta":{"origin":5256,"position":1},"title":"Social Media 2013 &#8211; Paid, Owned, Shared &#038; Earned Media","author":"KlausMJan","date":"6. Februar 2013","format":false,"excerpt":"5\/02\/13\u00a0kmjan Die digitale Revolution vollzieht sich in Sch\u00fcben.\u00a0Entwicklung und Diskussion zum Social Web wurden in den letzten f\u00fcnf Jahren von zweien solcher Sch\u00fcbe bestimmt, die sich beide geradezu rasant vollzogen: zun\u00e4chst die Verbreitung der Plattformen und Dienste, die wir als Social Media bezeichnen, etwas sp\u00e4ter dann die des mobilen Internet.\u00a0Nach\u2026","rel":"","context":"\u00c4hnlicher Beitrag","block_context":{"text":"\u00c4hnlicher Beitrag","link":""},"img":{"alt_text":"MediaGraphik","src":"https:\/\/i0.wp.com\/www.klaus-janowitz.de\/wordpress\/wp-content\/uploads\/2013\/02\/MediaGraphik.png?resize=350%2C200","width":350,"height":200},"classes":[]},{"id":1245,"url":"https:\/\/www.klaus-janowitz.de\/wordpress\/vom-cyberspace-zu-social-media\/","url_meta":{"origin":5256,"position":2},"title":"Vom Cyberspace zu Social Media und weiter&#8230;","author":"KlausMJan","date":"28. Dezember 2011","format":false,"excerpt":"27\/12\/11\u00a0kmjan Web 2.0 - das klingt mittlerweile wie ein Sommerhit der Vorsaison, und so sprang mir neulich ein Titel von einem B\u00fcchertisch mit Restauflagen ins Auge. Web 2.0 war als Konzeptbegriff ungeheuer erfolgreich, er begleitete die Durchsetzung des Internets als offenem, interaktivem Medium. Das Schlagwort mit der Versionsnummer bezeichnete die\u2026","rel":"","context":"\u00c4hnlicher Beitrag","block_context":{"text":"\u00c4hnlicher Beitrag","link":""},"img":{"alt_text":"","src":"https:\/\/i0.wp.com\/www.klaus-janowitz.de\/wordpress\/wp-content\/uploads\/2011\/12\/Holzmedium-300x224.jpg?resize=350%2C200&ssl=1","width":350,"height":200},"classes":[]},{"id":1858,"url":"https:\/\/www.klaus-janowitz.de\/wordpress\/kleine-netnographie-der-schokolade\/","url_meta":{"origin":5256,"position":3},"title":"Schokolade im Netz: eine (kleine) Netnographie","author":"KlausMJan","date":"14. M\u00e4rz 2012","format":false,"excerpt":"14\/03\/12\u00a0kmjan (Fast) jeder mag Schokolade. Schokolade ist Genu\u00df, Belohnung, Kindheitserinnerung, manchmal Versuchung, schlimmstenfalls Ersatz. Unser Bild von der Schokolade ist von der 100g Tafel gepr\u00e4gt, die es lange Zeit in nur in wenigen Geschmacksrichtungen gab: Vollmilch, Zartbitter, Nuss, dazu Varianten mit verschiedensten F\u00fcllungen. Der Markt wurde von einigen Gro\u00dfproduzenten bestimmt,\u2026","rel":"","context":"\u00c4hnlicher Beitrag","block_context":{"text":"\u00c4hnlicher Beitrag","link":""},"img":{"alt_text":"","src":"https:\/\/i0.wp.com\/www.klaus-janowitz.de\/wordpress\/wp-content\/uploads\/2012\/02\/Schoggi-300x201.jpg?resize=350%2C200","width":350,"height":200},"classes":[]},{"id":9482,"url":"https:\/\/www.klaus-janowitz.de\/wordpress\/buzzwords-z-b-transformation-2-0-und-4-0-big-data\/","url_meta":{"origin":5256,"position":4},"title":"Buzzwords z.\u00a0B. Transformation, 2.0 und 4.0, Big Data","author":"KlausMJan","date":"5. Januar 2017","format":false,"excerpt":"5\/01\/17\u00a0kmjan Mit Buzzwords ist es so eine Sache. Es f\u00e4llt leicht, sich \u00fcber sie lustig zu machen (z. B. Buzzword Bingo): Begriffe, die auftauchen, auf wichtig tun, zum Hype werden, und\u00a0irgendwann wieder verflauen. Manchmal\u00a0treffen sie den Zeitgeist - oft ist es Wortgest\u00f6ber. Meist sind\u00a0sie auf Englisch, der Sprache der Digitalisierung.\u2026","rel":"","context":"\u00c4hnlicher Beitrag","block_context":{"text":"\u00c4hnlicher Beitrag","link":""},"img":{"alt_text":"","src":"https:\/\/i0.wp.com\/www.klaus-janowitz.de\/wordpress\/wp-content\/uploads\/2017\/01\/Wortwolken-300x164.jpg?resize=350%2C200","width":350,"height":200},"classes":[]},{"id":8820,"url":"https:\/\/www.klaus-janowitz.de\/wordpress\/digital-ist-das-neue-normal\/","url_meta":{"origin":5256,"position":5},"title":"Digital ist das neue Normal","author":"KlausMJan","date":"13. Juli 2016","format":false,"excerpt":"15\/07\/16\u00a0kmjan Digital ist das neue Normal bzw. Digital is the New Normal - der Spruch ist zwar schon einige Jahre alt (2010) - bringt aber Digitalen Wandel bzw.\u00a0Digitale Transformation auf den Punkt: Waren digitale Versionen zun\u00e4chst etwas\u00a0Besonderes, wie Textverarbeitung und\u00a0Digitalkameras, ersetzten sie bald ihre\u00a0Vorg\u00e4nger und wurden\u00a0zum\u00a0normalen Werkzeug. Nicht nur das\u2026","rel":"","context":"\u00c4hnlicher Beitrag","block_context":{"text":"\u00c4hnlicher Beitrag","link":""},"img":{"alt_text":"New-Norma","src":"https:\/\/i0.wp.com\/www.klaus-janowitz.de\/wordpress\/wp-content\/uploads\/2016\/07\/New-Norma-200x300.jpg?resize=350%2C200","width":350,"height":200},"classes":[]}],"_links":{"self":[{"href":"https:\/\/www.klaus-janowitz.de\/wordpress\/wp-json\/wp\/v2\/pages\/5256","targetHints":{"allow":["GET"]}}],"collection":[{"href":"https:\/\/www.klaus-janowitz.de\/wordpress\/wp-json\/wp\/v2\/pages"}],"about":[{"href":"https:\/\/www.klaus-janowitz.de\/wordpress\/wp-json\/wp\/v2\/types\/page"}],"author":[{"embeddable":true,"href":"https:\/\/www.klaus-janowitz.de\/wordpress\/wp-json\/wp\/v2\/users\/1"}],"replies":[{"embeddable":true,"href":"https:\/\/www.klaus-janowitz.de\/wordpress\/wp-json\/wp\/v2\/comments?post=5256"}],"version-history":[{"count":25,"href":"https:\/\/www.klaus-janowitz.de\/wordpress\/wp-json\/wp\/v2\/pages\/5256\/revisions"}],"predecessor-version":[{"id":70443,"href":"https:\/\/www.klaus-janowitz.de\/wordpress\/wp-json\/wp\/v2\/pages\/5256\/revisions\/70443"}],"wp:attachment":[{"href":"https:\/\/www.klaus-janowitz.de\/wordpress\/wp-json\/wp\/v2\/media?parent=5256"}],"curies":[{"name":"wp","href":"https:\/\/api.w.org\/{rel}","templated":true}]}}