{"id":4646,"date":"2014-11-30T23:50:56","date_gmt":"2014-11-30T22:50:56","guid":{"rendered":"http:\/\/www.klaus-janowitz.de\/wordpress\/?page_id=4646"},"modified":"2023-02-27T21:04:21","modified_gmt":"2023-02-27T20:04:21","slug":"social-media-2014","status":"publish","type":"page","link":"https:\/\/www.klaus-janowitz.de\/wordpress\/social-media-2014\/","title":{"rendered":"Social Media 2014"},"content":{"rendered":"<p style=\"text-align: justify;\">\u00a029\/11\/14\u00a0<a style=\"color: #743399;\" href=\"http:\/\/www.klaus-janowitz.de\/\">kmjan<\/a><br \/>\n<a href=\"https:\/\/i0.wp.com\/www.klaus-janowitz.de\/wordpress\/wp-content\/uploads\/2014\/11\/Social-Media-Map.jpg?ssl=1\" target=\"_blank\" rel=\"noopener\"><img data-recalc-dims=\"1\" fetchpriority=\"high\" decoding=\"async\" class=\"alignleft wp-image-4751 size-medium\" src=\"https:\/\/i0.wp.com\/www.klaus-janowitz.de\/wordpress\/wp-content\/uploads\/2014\/11\/Social-Media-Map.jpg?resize=300%2C231&#038;ssl=1\" alt=\"\" width=\"300\" height=\"231\" srcset=\"https:\/\/i0.wp.com\/www.klaus-janowitz.de\/wordpress\/wp-content\/uploads\/2014\/11\/Social-Media-Map.jpg?resize=300%2C231&amp;ssl=1 300w, https:\/\/i0.wp.com\/www.klaus-janowitz.de\/wordpress\/wp-content\/uploads\/2014\/11\/Social-Media-Map.jpg?resize=1024%2C791&amp;ssl=1 1024w, https:\/\/i0.wp.com\/www.klaus-janowitz.de\/wordpress\/wp-content\/uploads\/2014\/11\/Social-Media-Map.jpg?w=1650&amp;ssl=1 1650w, https:\/\/i0.wp.com\/www.klaus-janowitz.de\/wordpress\/wp-content\/uploads\/2014\/11\/Social-Media-Map.jpg?w=1575&amp;ssl=1 1575w\" sizes=\"(max-width: 300px) 100vw, 300px\" \/><\/a>Es sind schon einige Jahre vergangen, seit der Begriff\u00a0 <em>Social Media<\/em> den des <em>Web \u00a02.0<\/em>\u00a0abgel\u00f6st hat. Betonte <em>Web 2.0<\/em> vor allem die\u00a0Nutzungsevolution des Internets und sein partizipatorisches Potential\u00a0(wie\u00a0auch der Begriff\u00a0\u00a0Blogosph\u00e4re), stehen\u00a0bei <em>Social Media<\/em> die Plattformen und Netzwerke auf denen \u00f6ffentliche Kommunikation stattfindet im Vordergrund. Die nebenstehende <strong>Social Media Map 2014<\/strong>\u00a0(wird nach Klick in voller Gr\u00f6\u00dfe auf einer neuen Seite angezeigt) zeigt diese Plattformen in einer katalogisierten \u00dcbersicht in 23 Kategorien an. Sicherlich k\u00f6nnen diese Kategorien auch anders und enger gefasst werden (wie etwa in der \u00dcbersicht von Fred Cavazza, 2012), die Map weist auf die Vielfalt hin, sie kann nicht vollst\u00e4ndig sein, das Feld\u00a0\u00e4ndert sich st\u00e4ndig. Dienste entstehen neu oder werden eingestellt (so\u00a0<em>studi-vz<\/em>, <em>wer-kennt-wen<\/em> oder <em>Orkut<\/em>). Die Nutzung von SocialMedia ist genauso selbstverst\u00e4ndlich geworden, wie die der Mobiltelephonie &#8211; kein Wunder, wird doch beides sehr oft\u00a0von denselben Endger\u00e4ten aus bedient.\u00a0Z\u00e4hlt man Messengerdienste, wie <em>WhatsApp<\/em>, <em>Threema<\/em> etc. hinzu, \u00fcberschneiden sich die Funktionen.<\/p>\n<p style=\"text-align: justify;\"><em>Mobil<\/em> ist der eine Trend, <em>visuell<\/em> ein weiterer. Chrakteristisch f\u00fcr Online-Kommunikation war und ist eine Art <em>verschriftlichte gesprochene Sprache.<\/em>\u00a0Hinzu treten immer mehr visuelle Elemente, hier f\u00e4llt das etwas seltsame Wort <em><strong>Bewegtbild<\/strong>: <\/em><em>\u00a0<\/em>So werden<em>\u00a0<\/em>Videos und\u00a0Filme im Netz genannt<em>. Y<\/em><em>outube <\/em>ist das Schwergewicht mit einer eigenen Landschaft von Sendeformaten, in gewisser Art Nachfolger von MTV, dazu weitere Portale, \u00a0Web TV-Sender, Live- \u00dcbertragungen,\u00a0Streamingdienste, Videoblogs &#8211; und podcasts, Microvideos wie <em>Vine.<\/em>\u00a0Zu unterscheiden ist, ob das Netz v.a.\u00a0als Vertriebskanal genutzt wird, oder ob sie Teil der Online-Kommunikation sind.<br \/>\nAufnahme und Verbreitung von Webvideos sind\u00a0einfach geworden, seitdem jedes SmartPhone, jeder Laptop und jede Digitalkamera mit einer Video-Funktion ausgestattet ist\u00a0&#8211;\u00a0das bedeutet nicht,\u00a0dass guter Inhalt genauso einfach zu erstellen w\u00e4re, bzw. einfache Technik immer ausreicht. Weinverkostungen,\u00a0Modepr\u00e4sentationen, anwaltliche Kommentare zu Rechtslagen als <em>Bewegtbild<\/em> &#8211; all das ist l\u00e4ngst Alltag im SocialWeb. Mit Google Hangout on Air \u00a0gibt es eine\u00a0einfach zu handhabende M\u00f6glichkeit der \u00f6ffentlichen \u00dcbertragung, live oder auf Abruf\u00a0&#8211; und damit ganz neue journalistische M\u00f6glichkeiten.\u00a0<em>Bewegtbild-\u00a0<\/em>Formate entwickeln eine eigene Formsprache, dabei lohnt es sich auch die Trickfilm-\u00e4hnlichen M\u00f6glichkeiten von Microvideos wie <em>Vine<\/em> zu beachten. <em>Bewegtbild<\/em>\u00a0im Netz ist auch ein Experimentierfeld neuer Formate in Unterhaltung und Information, die Produktionskosten sind zun\u00e4chst gering. Sehgewohnheiten ver\u00e4ndern sich, lineare Programmschemata \u00a0weichen auf.<\/p>\n<figure id=\"attachment_5175\" aria-describedby=\"caption-attachment-5175\" style=\"width: 360px\" class=\"wp-caption alignright\"><a href=\"https:\/\/i0.wp.com\/www.klaus-janowitz.de\/wordpress\/wp-content\/uploads\/2014\/11\/POSE.jpg\" target=\"_blank\" rel=\"noopener\"><img data-recalc-dims=\"1\" decoding=\"async\" class=\"wp-image-5175\" src=\"https:\/\/i0.wp.com\/www.klaus-janowitz.de\/wordpress\/wp-content\/uploads\/2014\/11\/POSE-300x208.jpg?resize=360%2C250\" alt=\"POSE\" width=\"360\" height=\"250\" srcset=\"https:\/\/i0.wp.com\/www.klaus-janowitz.de\/wordpress\/wp-content\/uploads\/2014\/11\/POSE.jpg?resize=300%2C208&amp;ssl=1 300w, https:\/\/i0.wp.com\/www.klaus-janowitz.de\/wordpress\/wp-content\/uploads\/2014\/11\/POSE.jpg?w=638&amp;ssl=1 638w\" sizes=\"(max-width: 360px) 100vw, 360px\" \/><\/a><figcaption id=\"caption-attachment-5175\" class=\"wp-caption-text\">Paid, Owned, Shared, Earned Media<\/figcaption><\/figure>\n<p style=\"text-align: justify;\">Social Media sind kein Marketingwerkzeug, Marketing findet dort\u00a0statt. F\u00fcr die Akteure &#8211; vom Freiberufler bis zur Weltmarke, kommt es darauf an, ein konsistentes Bild, eine Reputation zu entwickeln. Von den\u00a0meisten Unternehmen und Organisationen werden SocialMedia zur Marken- und Kundenkommunikation genutzt. Hier sei nochmals auf das Modell <em>Paid, Owned, Shared &amp; Earned Media <\/em>(s. rechts)<em>\u00a0<\/em>verwiesen &#8211; ein grundlegendes Konzept der Medienplanung, erg\u00e4nzt durch die Kategorie <em>Shared Media &#8211; <\/em>das sind die Inhalte, wie sie in den auf der <em>SocialMedia Map<\/em> verzeichneten Plattformen geteilt werden. Ein me\u00dfbarer Erfolg sind <em>Earned Media, Owned Media <\/em>die eigenen Pr\u00e4senzen &#8211; unverzichtbar f\u00fcr alle die selber als Akteure im Netz wahrgenommen werden wollen. <em>Paid Media<\/em>\u00a0sind schlie\u00dflich\u00a0bezahlte Auftragsleistungen.<\/p>\n<p style=\"text-align: justify;\">Unter den Branchen, die in die Social Media vertreten sind, z\u00e4hlt die Versicherungsbranche wohl zu den konservativeren, aber auch finanzstarken.\u00a0<a href=\"http:\/\/www.as-im-aermel.de\" target=\"_blank\" rel=\"noopener\">Marko Petersohn<\/a> hat dazu die auf <em>Facebook<\/em> und <em>youtube<\/em> ver\u00f6ffentlichten Inhalte &#8211; <em>Shared Media<\/em> &#8211; \u00a0untersucht.\u00a0Wie agieren Versicherungen dort, und was ist Ihre Erfolgsperspektive? Welche Strategien verfolgen einzelne Gesellschaften? Mit welchem Erfolg? Was ist die richtige Contentstrategie auf Facebook? Und wie l\u00e4sst sich das alles erkl\u00e4ren? &#8211; Diese Fragen lassen sich auch zu anderen Branchen stellen.<\/p>\n<p style=\"text-align: justify;\">Spricht man von Social Media denkt man zumeist an die bekannten Plattformen, allen voran an <em>Facebook<\/em>. Sicher z\u00e4hlt <em>Facebook<\/em>, neben <em>Google<\/em>, <em>Apple<\/em> und <em>Amazon\u00a0<\/em>zu den\u00a0\u00a0dominierenden Gr\u00f6ssen im Netz\u00a0&#8211; mit den Zuk\u00e4ufen <em>instagram<\/em> und <em>WhatsApp<\/em> ein SocialMedia Imperium. Doch gibt es im Netz immer wieder neue Entwicklungen.\u00a0Die M\u00f6glichkeiten des Internet stehen immer mehr Menschen zur Verf\u00fcgung &#8211; weltweit mit den gr\u00f6ssten Auswirkungen aufWirtschaft, Arbeit und Gesellschaft. In Zukunft wird man wahrscheinlich mehr und mehr vom <strong>digitalen Wandel<\/strong> sprechen.<\/p>\n<p><!-- Piwik --><\/p>\n<p><script type=\"text\/javascript\">\/\/ <![CDATA[ var pkBaseURL = ((\"https:\" == document.location.protocol) ? \"https:\/\/www.klaus-janowitz.de\/piwik\/\" : \"http:\/\/www.klaus-janowitz.de\/piwik\/\"); document.write(unescape(\"%3Cscript src='\" + pkBaseURL + \"piwik.js' type='text\/javascript'%3E%3C\/script%3E\")); \/\/ ]]><\/script><script type=\"text\/javascript\">\/\/ <![CDATA[ try { var piwikTracker = Piwik.getTracker(pkBaseURL + \"piwik.php\", 1); piwikTracker.trackPageView(); piwikTracker.enableLinkTracking(); } catch( err ) {} \/\/ ]]><\/script><\/p>\n<p><noscript>&amp;amp;amp;amp;amp;lt;img src=&#8221;http:\/\/www.klaus-janowitz.de\/piwik\/piwik.php?idsite=1&#8243; style=&#8221;border:0&#8243; alt=&#8221;&#8221; \/&amp;amp;amp;amp;amp;gt;&amp;amp;amp;amp;amp;lt;br \/&amp;amp;amp;amp;amp;gt;<\/noscript><!-- End Piwik Tag --><\/p>\n<p><script type=\"text\/javascript\">\/\/ <![CDATA[ var gaJsHost = ((\"https:\" == document.location.protocol) ? \"https:\/\/ssl.\" : \"http:\/\/www.\"); document.write(unescape(\"%3Cscript src='\" + gaJsHost + \"google-analytics.com\/ga.js' type='text\/javascript'%3E%3C\/script%3E\")); \/\/ ]]><\/script><\/p>\n<p><script type=\"text\/javascript\">\/\/ <![CDATA[ var pageTracker = _gat._getTracker(\"UA-5982947-1\"); pageTracker._trackPageview(); \/\/ ]]><\/script><\/p>\n","protected":false},"excerpt":{"rendered":"<p>\u00a029\/11\/14\u00a0kmjan Es sind schon einige Jahre vergangen, seit der Begriff\u00a0 Social Media den des Web \u00a02.0\u00a0abgel\u00f6st hat. Betonte Web 2.0 vor allem die\u00a0Nutzungsevolution des Internets und sein partizipatorisches Potential\u00a0(wie\u00a0auch der Begriff\u00a0\u00a0Blogosph\u00e4re), stehen\u00a0bei Social Media die Plattformen und Netzwerke auf denen \u00f6ffentliche Kommunikation stattfindet im Vordergrund. Die nebenstehende Social Media Map 2014\u00a0(wird nach Klick in voller &hellip; <\/p>\n<p class=\"link-more\"><a href=\"https:\/\/www.klaus-janowitz.de\/wordpress\/social-media-2014\/\" class=\"more-link\"><span class=\"screen-reader-text\">\u201eSocial Media 2014\u201c <\/span>weiterlesen<\/a><\/p>\n","protected":false},"author":1,"featured_media":0,"parent":0,"menu_order":0,"comment_status":"open","ping_status":"open","template":"","meta":{"jetpack_post_was_ever_published":false,"activitypub_content_warning":"","activitypub_content_visibility":"","activitypub_max_image_attachments":4,"activitypub_interaction_policy_quote":"","activitypub_status":"","footnotes":""},"class_list":["post-4646","page","type-page","status-publish","hentry"],"yoast_head":"<!-- This site is optimized with the Yoast SEO plugin v27.5 - https:\/\/yoast.com\/product\/yoast-seo-wordpress\/ -->\n<title>Social Media 2014 - Netnographie &amp; Digitaler Wandel<\/title>\n<meta name=\"robots\" content=\"index, follow, max-snippet:-1, max-image-preview:large, max-video-preview:-1\" \/>\n<link rel=\"canonical\" href=\"https:\/\/www.klaus-janowitz.de\/wordpress\/social-media-2014\/\" \/>\n<meta property=\"og:locale\" content=\"de_DE\" \/>\n<meta property=\"og:type\" content=\"article\" \/>\n<meta property=\"og:title\" content=\"Social Media 2014 - Netnographie &amp; Digitaler Wandel\" \/>\n<meta property=\"og:description\" content=\"\u00a029\/11\/14\u00a0kmjan Es sind schon einige Jahre vergangen, seit der Begriff\u00a0 Social Media den des Web \u00a02.0\u00a0abgel\u00f6st hat. Betonte Web 2.0 vor allem die\u00a0Nutzungsevolution des Internets und sein partizipatorisches Potential\u00a0(wie\u00a0auch der Begriff\u00a0\u00a0Blogosph\u00e4re), stehen\u00a0bei Social Media die Plattformen und Netzwerke auf denen \u00f6ffentliche Kommunikation stattfindet im Vordergrund. Die nebenstehende Social Media Map 2014\u00a0(wird nach Klick in voller &hellip; \u201eSocial Media 2014\u201c weiterlesen\" \/>\n<meta property=\"og:url\" content=\"https:\/\/www.klaus-janowitz.de\/wordpress\/social-media-2014\/\" \/>\n<meta property=\"og:site_name\" content=\"Netnographie &amp; Digitaler Wandel\" \/>\n<meta property=\"article:modified_time\" content=\"2023-02-27T20:04:21+00:00\" \/>\n<meta property=\"og:image\" content=\"https:\/\/www.klaus-janowitz.de\/wordpress\/wp-content\/uploads\/2014\/11\/Social-Media-Map-300x231.jpg\" \/>\n<meta name=\"twitter:card\" content=\"summary_large_image\" \/>\n<meta name=\"twitter:label1\" content=\"Gesch\u00e4tzte Lesezeit\" \/>\n\t<meta name=\"twitter:data1\" content=\"5\u00a0Minuten\" \/>\n<script type=\"application\/ld+json\" class=\"yoast-schema-graph\">{\"@context\":\"https:\\\/\\\/schema.org\",\"@graph\":[{\"@type\":\"WebPage\",\"@id\":\"https:\\\/\\\/www.klaus-janowitz.de\\\/wordpress\\\/social-media-2014\\\/\",\"url\":\"https:\\\/\\\/www.klaus-janowitz.de\\\/wordpress\\\/social-media-2014\\\/\",\"name\":\"Social Media 2014 - Netnographie &amp; Digitaler Wandel\",\"isPartOf\":{\"@id\":\"https:\\\/\\\/www.klaus-janowitz.de\\\/wordpress\\\/#website\"},\"primaryImageOfPage\":{\"@id\":\"https:\\\/\\\/www.klaus-janowitz.de\\\/wordpress\\\/social-media-2014\\\/#primaryimage\"},\"image\":{\"@id\":\"https:\\\/\\\/www.klaus-janowitz.de\\\/wordpress\\\/social-media-2014\\\/#primaryimage\"},\"thumbnailUrl\":\"https:\\\/\\\/www.klaus-janowitz.de\\\/wordpress\\\/wp-content\\\/uploads\\\/2014\\\/11\\\/Social-Media-Map-300x231.jpg\",\"datePublished\":\"2014-11-30T22:50:56+00:00\",\"dateModified\":\"2023-02-27T20:04:21+00:00\",\"breadcrumb\":{\"@id\":\"https:\\\/\\\/www.klaus-janowitz.de\\\/wordpress\\\/social-media-2014\\\/#breadcrumb\"},\"inLanguage\":\"de\",\"potentialAction\":[{\"@type\":\"ReadAction\",\"target\":[\"https:\\\/\\\/www.klaus-janowitz.de\\\/wordpress\\\/social-media-2014\\\/\"]}]},{\"@type\":\"ImageObject\",\"inLanguage\":\"de\",\"@id\":\"https:\\\/\\\/www.klaus-janowitz.de\\\/wordpress\\\/social-media-2014\\\/#primaryimage\",\"url\":\"https:\\\/\\\/i0.wp.com\\\/www.klaus-janowitz.de\\\/wordpress\\\/wp-content\\\/uploads\\\/2014\\\/11\\\/Social-Media-Map.jpg?fit=1650%2C1275&ssl=1\",\"contentUrl\":\"https:\\\/\\\/i0.wp.com\\\/www.klaus-janowitz.de\\\/wordpress\\\/wp-content\\\/uploads\\\/2014\\\/11\\\/Social-Media-Map.jpg?fit=1650%2C1275&ssl=1\",\"width\":1650,\"height\":1275},{\"@type\":\"BreadcrumbList\",\"@id\":\"https:\\\/\\\/www.klaus-janowitz.de\\\/wordpress\\\/social-media-2014\\\/#breadcrumb\",\"itemListElement\":[{\"@type\":\"ListItem\",\"position\":1,\"name\":\"Startseite\",\"item\":\"https:\\\/\\\/www.klaus-janowitz.de\\\/wordpress\\\/\"},{\"@type\":\"ListItem\",\"position\":2,\"name\":\"Social Media 2014\"}]},{\"@type\":\"WebSite\",\"@id\":\"https:\\\/\\\/www.klaus-janowitz.de\\\/wordpress\\\/#website\",\"url\":\"https:\\\/\\\/www.klaus-janowitz.de\\\/wordpress\\\/\",\"name\":\"Netnographie &amp; Digitaler Wandel\",\"description\":\"Blog rund um die Themen Netnographie, Online-Kultur und Digitalen Wandel\",\"potentialAction\":[{\"@type\":\"SearchAction\",\"target\":{\"@type\":\"EntryPoint\",\"urlTemplate\":\"https:\\\/\\\/www.klaus-janowitz.de\\\/wordpress\\\/?s={search_term_string}\"},\"query-input\":{\"@type\":\"PropertyValueSpecification\",\"valueRequired\":true,\"valueName\":\"search_term_string\"}}],\"inLanguage\":\"de\"}]}<\/script>\n<!-- \/ Yoast SEO plugin. -->","yoast_head_json":{"title":"Social Media 2014 - Netnographie &amp; Digitaler Wandel","robots":{"index":"index","follow":"follow","max-snippet":"max-snippet:-1","max-image-preview":"max-image-preview:large","max-video-preview":"max-video-preview:-1"},"canonical":"https:\/\/www.klaus-janowitz.de\/wordpress\/social-media-2014\/","og_locale":"de_DE","og_type":"article","og_title":"Social Media 2014 - Netnographie &amp; Digitaler Wandel","og_description":"\u00a029\/11\/14\u00a0kmjan Es sind schon einige Jahre vergangen, seit der Begriff\u00a0 Social Media den des Web \u00a02.0\u00a0abgel\u00f6st hat. Betonte Web 2.0 vor allem die\u00a0Nutzungsevolution des Internets und sein partizipatorisches Potential\u00a0(wie\u00a0auch der Begriff\u00a0\u00a0Blogosph\u00e4re), stehen\u00a0bei Social Media die Plattformen und Netzwerke auf denen \u00f6ffentliche Kommunikation stattfindet im Vordergrund. Die nebenstehende Social Media Map 2014\u00a0(wird nach Klick in voller &hellip; \u201eSocial Media 2014\u201c weiterlesen","og_url":"https:\/\/www.klaus-janowitz.de\/wordpress\/social-media-2014\/","og_site_name":"Netnographie &amp; Digitaler Wandel","article_modified_time":"2023-02-27T20:04:21+00:00","og_image":[{"url":"https:\/\/www.klaus-janowitz.de\/wordpress\/wp-content\/uploads\/2014\/11\/Social-Media-Map-300x231.jpg","type":"","width":"","height":""}],"twitter_card":"summary_large_image","twitter_misc":{"Gesch\u00e4tzte Lesezeit":"5\u00a0Minuten"},"schema":{"@context":"https:\/\/schema.org","@graph":[{"@type":"WebPage","@id":"https:\/\/www.klaus-janowitz.de\/wordpress\/social-media-2014\/","url":"https:\/\/www.klaus-janowitz.de\/wordpress\/social-media-2014\/","name":"Social Media 2014 - Netnographie &amp; Digitaler Wandel","isPartOf":{"@id":"https:\/\/www.klaus-janowitz.de\/wordpress\/#website"},"primaryImageOfPage":{"@id":"https:\/\/www.klaus-janowitz.de\/wordpress\/social-media-2014\/#primaryimage"},"image":{"@id":"https:\/\/www.klaus-janowitz.de\/wordpress\/social-media-2014\/#primaryimage"},"thumbnailUrl":"https:\/\/www.klaus-janowitz.de\/wordpress\/wp-content\/uploads\/2014\/11\/Social-Media-Map-300x231.jpg","datePublished":"2014-11-30T22:50:56+00:00","dateModified":"2023-02-27T20:04:21+00:00","breadcrumb":{"@id":"https:\/\/www.klaus-janowitz.de\/wordpress\/social-media-2014\/#breadcrumb"},"inLanguage":"de","potentialAction":[{"@type":"ReadAction","target":["https:\/\/www.klaus-janowitz.de\/wordpress\/social-media-2014\/"]}]},{"@type":"ImageObject","inLanguage":"de","@id":"https:\/\/www.klaus-janowitz.de\/wordpress\/social-media-2014\/#primaryimage","url":"https:\/\/i0.wp.com\/www.klaus-janowitz.de\/wordpress\/wp-content\/uploads\/2014\/11\/Social-Media-Map.jpg?fit=1650%2C1275&ssl=1","contentUrl":"https:\/\/i0.wp.com\/www.klaus-janowitz.de\/wordpress\/wp-content\/uploads\/2014\/11\/Social-Media-Map.jpg?fit=1650%2C1275&ssl=1","width":1650,"height":1275},{"@type":"BreadcrumbList","@id":"https:\/\/www.klaus-janowitz.de\/wordpress\/social-media-2014\/#breadcrumb","itemListElement":[{"@type":"ListItem","position":1,"name":"Startseite","item":"https:\/\/www.klaus-janowitz.de\/wordpress\/"},{"@type":"ListItem","position":2,"name":"Social Media 2014"}]},{"@type":"WebSite","@id":"https:\/\/www.klaus-janowitz.de\/wordpress\/#website","url":"https:\/\/www.klaus-janowitz.de\/wordpress\/","name":"Netnographie &amp; Digitaler Wandel","description":"Blog rund um die Themen Netnographie, Online-Kultur und Digitalen Wandel","potentialAction":[{"@type":"SearchAction","target":{"@type":"EntryPoint","urlTemplate":"https:\/\/www.klaus-janowitz.de\/wordpress\/?s={search_term_string}"},"query-input":{"@type":"PropertyValueSpecification","valueRequired":true,"valueName":"search_term_string"}}],"inLanguage":"de"}]}},"jetpack_sharing_enabled":true,"jetpack_shortlink":"https:\/\/wp.me\/P15Wn2-1cW","jetpack_likes_enabled":true,"jetpack-related-posts":[{"id":11145,"url":"https:\/\/www.klaus-janowitz.de\/wordpress\/10-jahre-social-media-2018\/","url_meta":{"origin":4646,"position":0},"title":"10 Jahre Social Media (2018)","author":"KlausMJan","date":"14. August 2018","format":false,"excerpt":"13\/08\/18\u00a0kmjan Social Media (immer im Plural) sind seit gut 10 Jahren Thema. Damals\u00a0 hatte der Begriff\u00a0 den des Web 2.0 abgel\u00f6st. Web 2.0 war partizipativ konnotiert,\u00a0\u00a0Kennzeichen der Social Media ist User Generated Content auf einer von Betreibern bereitgestellten Plattform. Und letztlich bestimmen die Betreiber auch die Regeln. Teilhabe am Social\u2026","rel":"","context":"\u00c4hnlicher Beitrag","block_context":{"text":"\u00c4hnlicher Beitrag","link":""},"img":{"alt_text":"","src":"https:\/\/i0.wp.com\/www.klaus-janowitz.de\/wordpress\/wp-content\/uploads\/2018\/08\/SocialMediaMap_18_thumb.jpg?resize=350%2C200","width":350,"height":200},"classes":[]},{"id":1614,"url":"https:\/\/www.klaus-janowitz.de\/wordpress\/kreise-in-social-media\/","url_meta":{"origin":4646,"position":1},"title":"Kreise der Social Media","author":"KlausMJan","date":"27. Januar 2012","format":false,"excerpt":"25\/01\/12 kmjan Es gibt einige Modelle Social Media visuell darzustellen. Bekannt ist das von Brian Solis und Jesse Thomas entwickelte Social Media Prisma\u00a0- hierzulande von der Hamburger Social Media Agentur Ethority\u00a0an die deutsche Social Media Landschaft angepasst. Das Prisma macht v.a. die Vielfalt der Plattformen deutlich: Social Media sind weit\u2026","rel":"","context":"\u00c4hnlicher Beitrag","block_context":{"text":"\u00c4hnlicher Beitrag","link":""},"img":{"alt_text":"","src":"https:\/\/i0.wp.com\/www.klaus-janowitz.de\/wordpress\/wp-content\/uploads\/2012\/01\/Social-Media-Landscape-277x300.jpg?resize=350%2C200","width":350,"height":200},"classes":[]},{"id":1245,"url":"https:\/\/www.klaus-janowitz.de\/wordpress\/vom-cyberspace-zu-social-media\/","url_meta":{"origin":4646,"position":2},"title":"Vom Cyberspace zu Social Media und weiter&#8230;","author":"KlausMJan","date":"28. Dezember 2011","format":false,"excerpt":"27\/12\/11\u00a0kmjan Web 2.0 - das klingt mittlerweile wie ein Sommerhit der Vorsaison, und so sprang mir neulich ein Titel von einem B\u00fcchertisch mit Restauflagen ins Auge. Web 2.0 war als Konzeptbegriff ungeheuer erfolgreich, er begleitete die Durchsetzung des Internets als offenem, interaktivem Medium. Das Schlagwort mit der Versionsnummer bezeichnete die\u2026","rel":"","context":"\u00c4hnlicher Beitrag","block_context":{"text":"\u00c4hnlicher Beitrag","link":""},"img":{"alt_text":"","src":"https:\/\/i0.wp.com\/www.klaus-janowitz.de\/wordpress\/wp-content\/uploads\/2011\/12\/Holzmedium-300x224.jpg?resize=350%2C200&ssl=1","width":350,"height":200},"classes":[]},{"id":7753,"url":"https:\/\/www.klaus-janowitz.de\/wordpress\/consociality-eine-hashtag-soziologie\/","url_meta":{"origin":4646,"position":3},"title":"#Consociality &#8211; Eine Hashtag Soziologie","author":"KlausMJan","date":"29. M\u00e4rz 2016","format":false,"excerpt":"29\/03\/16\u00a0kmjan Auf Barcamps und anderen nicht ganz so formellen Veranstaltungen ist es ein Ritual: Die Teilnehmer stellen sich mit drei #Hashtags\u00a0vor, davon oft eines mit beruflichem Bezug, eines pers\u00f6nlicher gesetzt\u00a0und schlie\u00dflich eines das Zugeh\u00f6rigkeit ausdr\u00fcckt, oft eine Form von Fantum. Das soll die Atmosph\u00e4re lockern und den Gespr\u00e4chseinstieg erleichtern. Das\u2026","rel":"","context":"\u00c4hnlicher Beitrag","block_context":{"text":"\u00c4hnlicher Beitrag","link":""},"img":{"alt_text":"","src":"https:\/\/i0.wp.com\/www.klaus-janowitz.de\/wordpress\/wp-content\/uploads\/2016\/03\/Hashtags-282x300.jpg?resize=350%2C200","width":350,"height":200},"classes":[]},{"id":5583,"url":"https:\/\/www.klaus-janowitz.de\/wordpress\/digitaler-wandel-ein-neuer-leitbegriff\/","url_meta":{"origin":4646,"position":4},"title":"Digitaler Wandel &#8211; ein neuer Leitbegriff","author":"KlausMJan","date":"30. April 2015","format":false,"excerpt":"29\/04\/15\u00a0kmjan Das Internet ist schon lange kein\u00a0Neuland mehr und schon gar nicht ein\u00a0Neues Medium*. Vor nunmehr zwei Jahrzehnten, etwa Mitte der 90er Jahre setzte es sich in der Breite durch und um die Jahrtausendwende herum war man dann \"drin\". In den Jahren danach folgten schnellere DSL-Verbindungen mit Flatrates, mit dem\u00a0iPhone\u2026","rel":"","context":"\u00c4hnlicher Beitrag","block_context":{"text":"\u00c4hnlicher Beitrag","link":""},"img":{"alt_text":"Digitaler Wandel ist mehr als technologischer Wandel","src":"https:\/\/i0.wp.com\/www.klaus-janowitz.de\/wordpress\/wp-content\/uploads\/2015\/04\/Firewire_ports-300x161.jpg?resize=350%2C200","width":350,"height":200},"classes":[]},{"id":8967,"url":"https:\/\/www.klaus-janowitz.de\/wordpress\/digitale-figurationen\/","url_meta":{"origin":4646,"position":5},"title":"Digitale Figurationen","author":"KlausMJan","date":"22. November 2016","format":false,"excerpt":"22\/11\/16\u00a0kmjan Soziologische Konzepte und Theorien sind dazu da, gesellschaftliche Vorg\u00e4nge und Entwicklungen verstehbar zu machen. Bereits einige\u00a0male hatte ich hier auf die Soziologie von Norbert Elias aufmerksam gemacht. Man kann\u00a0sich fragen, was denn Norbert Elias mit der Digitalisierung zu tun habe? Mit den Lebensdaten 1897 - 1990 hatte er nur\u2026","rel":"","context":"\u00c4hnlicher Beitrag","block_context":{"text":"\u00c4hnlicher Beitrag","link":""},"img":{"alt_text":"","src":"https:\/\/i0.wp.com\/www.klaus-janowitz.de\/wordpress\/wp-content\/uploads\/2015\/04\/Schaltkreise-300x300.jpg?resize=350%2C200","width":350,"height":200},"classes":[]}],"_links":{"self":[{"href":"https:\/\/www.klaus-janowitz.de\/wordpress\/wp-json\/wp\/v2\/pages\/4646","targetHints":{"allow":["GET"]}}],"collection":[{"href":"https:\/\/www.klaus-janowitz.de\/wordpress\/wp-json\/wp\/v2\/pages"}],"about":[{"href":"https:\/\/www.klaus-janowitz.de\/wordpress\/wp-json\/wp\/v2\/types\/page"}],"author":[{"embeddable":true,"href":"https:\/\/www.klaus-janowitz.de\/wordpress\/wp-json\/wp\/v2\/users\/1"}],"replies":[{"embeddable":true,"href":"https:\/\/www.klaus-janowitz.de\/wordpress\/wp-json\/wp\/v2\/comments?post=4646"}],"version-history":[{"count":196,"href":"https:\/\/www.klaus-janowitz.de\/wordpress\/wp-json\/wp\/v2\/pages\/4646\/revisions"}],"predecessor-version":[{"id":77816,"href":"https:\/\/www.klaus-janowitz.de\/wordpress\/wp-json\/wp\/v2\/pages\/4646\/revisions\/77816"}],"wp:attachment":[{"href":"https:\/\/www.klaus-janowitz.de\/wordpress\/wp-json\/wp\/v2\/media?parent=4646"}],"curies":[{"name":"wp","href":"https:\/\/api.w.org\/{rel}","templated":true}]}}