{"id":4109,"date":"2014-08-12T12:04:21","date_gmt":"2014-08-12T10:04:21","guid":{"rendered":"http:\/\/www.klaus-janowitz.de\/wordpress\/?page_id=4109"},"modified":"2018-05-20T00:49:28","modified_gmt":"2018-05-19T22:49:28","slug":"vin-naturel","status":"publish","type":"page","link":"https:\/\/www.klaus-janowitz.de\/wordpress\/vin-naturel\/","title":{"rendered":"Vin naturel"},"content":{"rendered":"<p style=\"text-align: justify;\">7\/08\/14 <a href=\"http:\/\/www.klaus-janowitz.de\/\">kmjan<\/a><br \/>\nWein ist ein besonderes Getr\u00e4nk: Genu\u00df- und manchmal auch Rauschmittel, mit Kultur und Zivilisation, mit Landschaftsbildern und Geschmackserlebnissen so verbunden, wie kein anderes. Anbau und Ausbau verweisen oft auf uralte Traditionen &nbsp;&#8211; &nbsp;und &nbsp;genauso oft werden&nbsp;moderne Technik und Zusatzstoffe eingesetzt, um erw\u00fcnschte Geschmacksbilder zu erreichen. Wein erz\u00e4hlt die Geschichten davon und diese&nbsp;Vielfalt&nbsp;macht ihn&nbsp;zu einem nahezu unersch\u00f6pflichen <a href=\"http:\/\/www.klaus-janowitz.de\/wordpress\/das-riesling-netz\" target=\"_blank\">Thema<\/a>.<br \/>\nWein kann ein industriell standardisiertes Produkt sein, oder auch ein ganz individuelles, das den spezifischen Ausdruck der Traube, des Bodens, des <em>Terroirs<\/em> mit der Handschrift des Winzers verbindet&nbsp;&#8211; und vieles dazwischen.<\/p>\n<figure id=\"attachment_4248\" aria-describedby=\"caption-attachment-4248\" style=\"width: 243px\" class=\"wp-caption alignleft\"><a href=\"https:\/\/i0.wp.com\/www.klaus-janowitz.de\/wordpress\/wp-content\/uploads\/2014\/08\/Pinot.jpg\"><img data-recalc-dims=\"1\" fetchpriority=\"high\" decoding=\"async\" class=\"size-medium wp-image-4248\" src=\"https:\/\/i0.wp.com\/www.klaus-janowitz.de\/wordpress\/wp-content\/uploads\/2014\/08\/Pinot-243x300.jpg?resize=243%2C300\" alt=\"spontanvergoren, ungefiltert, ungeschwefelt\" width=\"243\" height=\"300\" srcset=\"https:\/\/i0.wp.com\/www.klaus-janowitz.de\/wordpress\/wp-content\/uploads\/2014\/08\/Pinot.jpg?resize=243%2C300&amp;ssl=1 243w, https:\/\/i0.wp.com\/www.klaus-janowitz.de\/wordpress\/wp-content\/uploads\/2014\/08\/Pinot.jpg?w=782&amp;ssl=1 782w\" sizes=\"(max-width: 243px) 100vw, 243px\" \/><\/a><figcaption id=\"caption-attachment-4248\" class=\"wp-caption-text\">spontanvergoren, ungefiltert, ungeschwefelt<\/figcaption><\/figure>\n<p style=\"text-align: justify;\"><em>Vin naturel*<\/em>&nbsp;geht \u00fcber \u00f6kologischen Anbau hinaus. &nbsp;Vor allem bei dem,&nbsp;was im Keller <em>nicht<\/em> gemacht wird: <em>Vins naturels<\/em> werden&nbsp;spontan mit den nat\u00fcrlich vorkommenden Hefen vergoren (d.h. ohne Einsatz von Reinzuchthefen), sie sind ungefiltert und weitgehend ungeschwefelt, es gibt insgesamt m\u00f6glichst wenig Eingriffe bei der G\u00e4rung.<br \/>\nSO2 wird in der Regel eingesetzt, um Weine zu stabilisieren, d.h. in einem einmal erreichten Zustand zu konservieren. Der Verzicht darauf bewirkt, dass der Wein sich &#8211; v.a. bei der Zufuhr von Sauerstoff weiterentwickelt. Man kann <em>Vin naturel<\/em> mit Rohmilchk\u00e4se vergleichen: hier wie dort wird ein nat\u00fcrlicher, mikrobiologischer Reifungsprozess begleitet &#8211; und es gibt einen optimalen Zeitpunkt der Genu\u00dfreife. F\u00fcr die Qualit\u00e4t&nbsp;sind gesunde, ausgereifte Trauben und eine sorgf\u00e4ltige Steuerung der G\u00e4rung verantwortlich.<\/p>\n<figure id=\"attachment_4149\" aria-describedby=\"caption-attachment-4149\" style=\"width: 198px\" class=\"wp-caption alignright\"><a href=\"https:\/\/i0.wp.com\/www.klaus-janowitz.de\/wordpress\/wp-content\/uploads\/2014\/08\/Grolleau.jpg\"><img data-recalc-dims=\"1\" decoding=\"async\" class=\"wp-image-4149 size-medium\" src=\"https:\/\/i0.wp.com\/www.klaus-janowitz.de\/wordpress\/wp-content\/uploads\/2014\/08\/Grolleau-198x300.jpg?resize=198%2C300\" alt=\"bei der G\u00e4rung entwickeln sich &quot;wildere&quot; Aromen\" width=\"198\" height=\"300\" srcset=\"https:\/\/i0.wp.com\/www.klaus-janowitz.de\/wordpress\/wp-content\/uploads\/2014\/08\/Grolleau.jpg?resize=198%2C300&amp;ssl=1 198w, https:\/\/i0.wp.com\/www.klaus-janowitz.de\/wordpress\/wp-content\/uploads\/2014\/08\/Grolleau.jpg?w=199&amp;ssl=1 199w\" sizes=\"(max-width: 198px) 100vw, 198px\" \/><\/a><figcaption id=\"caption-attachment-4149\" class=\"wp-caption-text\">bei der G\u00e4rung entwickeln sich &#8220;wildere&#8221; Aromen<\/figcaption><\/figure>\n<p style=\"text-align: justify;\">Bei der G\u00e4rung entwickeln sich ganz andere, wildere Aromen &#8211; manchmal auch unerwartete. Ein&nbsp;<em>Grolleau<\/em> von der Loire zeigte zun\u00e4chst ein&nbsp;Bouquet dunkler Kirschen &#8211; dann&nbsp;\u00fcberwogen fleischige, animalische Aromen, im Abgang kr\u00e4uterw\u00fcrzig und ein leichter Eindruck von G\u00e4rungskohlens\u00e4ure. W\u00e4hrend die meisten roten <em>vins naturels<\/em>&nbsp;den erwarteten Geschmacksbildern &nbsp; in etwa entsprechen, treten bei den wei\u00dfen oft ungewohnte, manchmal sogar zun\u00e4chst irritierende Eindr\u00fccke hervor: auch Wei\u00dfweine werden oft mit der Schale vergoren, dadurch nehmen sie Farbstoffe und Tannine (Gerbstoffe) auf. Durch Sauerstoffeinflu\u00df entstehen oxidative Noten. Solche Weine sind geschmacklich weit entfernt von g\u00e4ngigen Weinen mit betonten Fruchtaromen (z. B. von Sauvignon Blanc). Auch der derzeit \u00f6fters erw\u00e4hnte <em>orangene<\/em> Wein entsteht so, ist aber nicht zwingend <em>vin naturel<\/em>.<br \/>\nBisher sind <em>Vins Naturels<\/em> zumeist franz\u00f6sischer (oder auch spanischer, italienischer und slowenischer) Provenienz. Weniger aus dem&nbsp;deutschsprachigen Raum. &nbsp;Zu nennen w\u00e4re das badische Weingut&nbsp;<em>Enderle &amp; Moll<\/em>&nbsp;mit eindrucksvollem Pinot Noir. Vermisst&nbsp;wird noch ein Moselriesling mit filigraner Mineralit\u00e4t als&nbsp;<em>vin naturel <\/em>zum Alltagspreis.<em>&nbsp;<\/em><br \/>\nWas haben <em>Vins naturels<\/em> mit dem Internet&nbsp;zu tun? Genauso viel oder wenig, wie viele andere Themen auch. Manche Erzeuger haben nicht einmal eine Website. Das Internet und Social Media bietet aber mit Blogs&nbsp;und&nbsp;Foren, mit Video- Degustationen&nbsp;etc. die Infrastruktur der Kommunikation. Wahrscheinlich z\u00e4hlt die Weinszene zu den online am besten und professionellsten vertretenen Branchen: das interessierte, &nbsp;fachkundige, und auch kaufkr\u00e4ftige Publikum ist zahlreich&nbsp;genug.&nbsp;<em>Vins naturels<\/em> z\u00e4hlen dabei zu&nbsp;einem h\u00e4ufigeren Thema. \u00c4hnliche Tendenzen gibt es auch beim Bier: Mikrobrauereien stellen individuelle, nach vergleichbaren Kriterien hergestellte Biere abseits der Vertriebsketten von Gro\u00dfbrauereien her.<\/p>\n<figure id=\"attachment_4132\" aria-describedby=\"caption-attachment-4132\" style=\"width: 297px\" class=\"wp-caption alignleft\"><a href=\"https:\/\/i0.wp.com\/www.klaus-janowitz.de\/wordpress\/wp-content\/uploads\/2014\/08\/Weinwand_klein.jpg\"><img data-recalc-dims=\"1\" decoding=\"async\" class=\" wp-image-4132\" src=\"https:\/\/i0.wp.com\/www.klaus-janowitz.de\/wordpress\/wp-content\/uploads\/2014\/08\/Weinwand_klein-300x225.jpg?resize=297%2C223\" alt=\"probieren und kaufen kann man Vin Naturel in der Vincaillerie von Surk-ki Schrade in K\u00f6ln-Ehrenfeld\" width=\"297\" height=\"223\" srcset=\"https:\/\/i0.wp.com\/www.klaus-janowitz.de\/wordpress\/wp-content\/uploads\/2014\/08\/Weinwand_klein.jpg?resize=300%2C225&amp;ssl=1 300w, https:\/\/i0.wp.com\/www.klaus-janowitz.de\/wordpress\/wp-content\/uploads\/2014\/08\/Weinwand_klein.jpg?w=360&amp;ssl=1 360w\" sizes=\"(max-width: 297px) 100vw, 297px\" \/><\/a><figcaption id=\"caption-attachment-4132\" class=\"wp-caption-text\">probieren und kaufen kann man Vin Naturel in der <a href=\"%20http:\/\/www.la-vincaillerie.de\" target=\"_blank\">Vincaillerie<\/a> von Surk-ki Schrade in K\u00f6ln-Ehrenfeld<\/figcaption><\/figure>\n<p style=\"text-align: justify;\">Ein Lebens- und Konsumstil <em>genu\u00dforientierter Nachhaltigkeit&nbsp;<\/em>zeigt sich bei verschiedenen Themen, die deutliche Gemeinsamkeiten zeigen: so bei Kaffee, <a href=\"http:\/\/www.klaus-janowitz.de\/wordpress\/kleine-netnographie-der-schokolade\" target=\"_blank\">Schokolade<\/a>, Bier oder auch Pfeffer. Erzeuger, Handel und Konsumenten sind meist online und offline in regen Diskussionen vernetzt und verstehen sich als Gemeinschaft, die die&nbsp;Begeisterung f\u00fcr ein Produkt, &nbsp;dessen Geschichte und spannende Geschmackserlebnisse teilt, die Vertriebswege verlaufen&nbsp;in direktem Kontakt,&nbsp;ohne alternative Nischen zu bilden. Man mu\u00df nicht unbedingt das Modell der <a href=\"http:\/\/www.klaus-janowitz.de\/pdf\/Consumer_Tribes.pdf\" target=\"_blank\"><em>Consumer Tribes<\/em><\/a> bem\u00fchen, aber einiges davon l\u00e4sst sich erkennen, es sind Beteiligte einer Wechselbeziehung, die eine gemeinsame Kultur teilen.<br \/>\nVins naturels sind auch in der kulinarischen Hochkultur angekommen (bzw. diese wird immer mehr von&nbsp;<em style=\"font-style: italic;\">genu\u00dforientierter Nachhaltigkeit<\/em>&nbsp;bestimmt): In den derzeit weltweit h\u00f6chstbewerteten Restaurants, wie <em>Noma<\/em> (Kopenhagen) und <em>Celler de Can Roca<\/em> im katalanischen Girona stehen sie auf der Karte.<\/p>\n<p>&nbsp;<\/p>\n<p>* <span style=\"font-size: small; line-height: 12px;\">der deutsche Begriff <em>Naturwein<\/em> wird selten verwendet, so wurden lange Zeit Weine bezeichnet, bei denen lediglich auf Chaptalisierung bzw. Anreicherung mit S\u00fcssreserve verzichtet wurde (Trocken- bzw. Nasszuckerung); mehr Informationen zum Thema: u.a. <a href=\"http:\/\/www.la-vincaillerie.de\/vin-naturel\" target=\"_blank\">&nbsp;http:\/\/www.la-vincaillerie.de\/vin-naturel\/ <\/a>und&nbsp;<a href=\"http:\/\/www.nulldosage.com\/biodynamiknaturwein\/was-ist-naturwein\" target=\"_blank\">http:\/\/www.nulldosage.com\/biodynamiknaturwein\/was-ist-naturwein<\/a><\/span><\/p>\n<p><!-- Matomo --><br \/>\n<script type=\"text\/javascript\">\n  var _paq = _paq || [];\n  \/* tracker methods like \"setCustomDimension\" should be called before \"trackPageView\" *\/\n  _paq.push(['trackPageView']);\n  _paq.push(['enableLinkTracking']);\n  (function() {\n    var u=\"\/\/www.klaus-janowitz.de\/piwik\/\";\n    _paq.push(['setTrackerUrl', u+'piwik.php']);\n    _paq.push(['setSiteId', '1']);\n    var d=document, g=d.createElement('script'), s=d.getElementsByTagName('script')[0];\n    g.type='text\/javascript'; g.async=true; g.defer=true; g.src=u+'piwik.js'; s.parentNode.insertBefore(g,s);\n  })();\n<\/script><br \/>\n<!-- End Matomo Code --><\/p>\n","protected":false},"excerpt":{"rendered":"<p>7\/08\/14 kmjan Wein ist ein besonderes Getr\u00e4nk: Genu\u00df- und manchmal auch Rauschmittel, mit Kultur und Zivilisation, mit Landschaftsbildern und Geschmackserlebnissen so verbunden, wie kein anderes. Anbau und Ausbau verweisen oft auf uralte Traditionen &nbsp;&#8211; &nbsp;und &nbsp;genauso oft werden&nbsp;moderne Technik und Zusatzstoffe eingesetzt, um erw\u00fcnschte Geschmacksbilder zu erreichen. Wein erz\u00e4hlt die Geschichten davon und diese&nbsp;Vielfalt&nbsp;macht ihn&nbsp;zu &hellip; <\/p>\n<p class=\"link-more\"><a href=\"https:\/\/www.klaus-janowitz.de\/wordpress\/vin-naturel\/\" class=\"more-link\"><span class=\"screen-reader-text\">\u201eVin naturel\u201c <\/span>weiterlesen<\/a><\/p>\n","protected":false},"author":1,"featured_media":0,"parent":0,"menu_order":0,"comment_status":"open","ping_status":"open","template":"","meta":{"jetpack_post_was_ever_published":false,"activitypub_content_warning":"","activitypub_content_visibility":"","activitypub_max_image_attachments":4,"activitypub_interaction_policy_quote":"","activitypub_status":"","footnotes":""},"class_list":["post-4109","page","type-page","status-publish","hentry"],"yoast_head":"<!-- This site is optimized with the Yoast SEO plugin v27.5 - https:\/\/yoast.com\/product\/yoast-seo-wordpress\/ -->\n<title>Vin naturel - Netnographie &amp; Digitaler Wandel<\/title>\n<meta name=\"robots\" content=\"index, follow, max-snippet:-1, max-image-preview:large, max-video-preview:-1\" \/>\n<link rel=\"canonical\" href=\"https:\/\/www.klaus-janowitz.de\/wordpress\/vin-naturel\/\" \/>\n<meta property=\"og:locale\" content=\"de_DE\" \/>\n<meta property=\"og:type\" content=\"article\" \/>\n<meta property=\"og:title\" content=\"Vin naturel - Netnographie &amp; Digitaler Wandel\" \/>\n<meta property=\"og:description\" content=\"7\/08\/14 kmjan Wein ist ein besonderes Getr\u00e4nk: Genu\u00df- und manchmal auch Rauschmittel, mit Kultur und Zivilisation, mit Landschaftsbildern und Geschmackserlebnissen so verbunden, wie kein anderes. Anbau und Ausbau verweisen oft auf uralte Traditionen &nbsp;&#8211; &nbsp;und &nbsp;genauso oft werden&nbsp;moderne Technik und Zusatzstoffe eingesetzt, um erw\u00fcnschte Geschmacksbilder zu erreichen. Wein erz\u00e4hlt die Geschichten davon und diese&nbsp;Vielfalt&nbsp;macht ihn&nbsp;zu &hellip; \u201eVin naturel\u201c weiterlesen\" \/>\n<meta property=\"og:url\" content=\"https:\/\/www.klaus-janowitz.de\/wordpress\/vin-naturel\/\" \/>\n<meta property=\"og:site_name\" content=\"Netnographie &amp; Digitaler Wandel\" \/>\n<meta property=\"article:modified_time\" content=\"2018-05-19T22:49:28+00:00\" \/>\n<meta property=\"og:image\" content=\"http:\/\/www.klaus-janowitz.de\/wordpress\/wp-content\/uploads\/2014\/08\/Pinot-243x300.jpg\" \/>\n<meta name=\"twitter:card\" content=\"summary_large_image\" \/>\n<meta name=\"twitter:label1\" content=\"Gesch\u00e4tzte Lesezeit\" \/>\n\t<meta name=\"twitter:data1\" content=\"4\u00a0Minuten\" \/>\n<script type=\"application\/ld+json\" class=\"yoast-schema-graph\">{\"@context\":\"https:\\\/\\\/schema.org\",\"@graph\":[{\"@type\":\"WebPage\",\"@id\":\"https:\\\/\\\/www.klaus-janowitz.de\\\/wordpress\\\/vin-naturel\\\/\",\"url\":\"https:\\\/\\\/www.klaus-janowitz.de\\\/wordpress\\\/vin-naturel\\\/\",\"name\":\"Vin naturel - Netnographie &amp; Digitaler Wandel\",\"isPartOf\":{\"@id\":\"https:\\\/\\\/www.klaus-janowitz.de\\\/wordpress\\\/#website\"},\"primaryImageOfPage\":{\"@id\":\"https:\\\/\\\/www.klaus-janowitz.de\\\/wordpress\\\/vin-naturel\\\/#primaryimage\"},\"image\":{\"@id\":\"https:\\\/\\\/www.klaus-janowitz.de\\\/wordpress\\\/vin-naturel\\\/#primaryimage\"},\"thumbnailUrl\":\"http:\\\/\\\/www.klaus-janowitz.de\\\/wordpress\\\/wp-content\\\/uploads\\\/2014\\\/08\\\/Pinot-243x300.jpg\",\"datePublished\":\"2014-08-12T10:04:21+00:00\",\"dateModified\":\"2018-05-19T22:49:28+00:00\",\"breadcrumb\":{\"@id\":\"https:\\\/\\\/www.klaus-janowitz.de\\\/wordpress\\\/vin-naturel\\\/#breadcrumb\"},\"inLanguage\":\"de\",\"potentialAction\":[{\"@type\":\"ReadAction\",\"target\":[\"https:\\\/\\\/www.klaus-janowitz.de\\\/wordpress\\\/vin-naturel\\\/\"]}]},{\"@type\":\"ImageObject\",\"inLanguage\":\"de\",\"@id\":\"https:\\\/\\\/www.klaus-janowitz.de\\\/wordpress\\\/vin-naturel\\\/#primaryimage\",\"url\":\"http:\\\/\\\/www.klaus-janowitz.de\\\/wordpress\\\/wp-content\\\/uploads\\\/2014\\\/08\\\/Pinot-243x300.jpg\",\"contentUrl\":\"http:\\\/\\\/www.klaus-janowitz.de\\\/wordpress\\\/wp-content\\\/uploads\\\/2014\\\/08\\\/Pinot-243x300.jpg\"},{\"@type\":\"BreadcrumbList\",\"@id\":\"https:\\\/\\\/www.klaus-janowitz.de\\\/wordpress\\\/vin-naturel\\\/#breadcrumb\",\"itemListElement\":[{\"@type\":\"ListItem\",\"position\":1,\"name\":\"Startseite\",\"item\":\"https:\\\/\\\/www.klaus-janowitz.de\\\/wordpress\\\/\"},{\"@type\":\"ListItem\",\"position\":2,\"name\":\"Vin naturel\"}]},{\"@type\":\"WebSite\",\"@id\":\"https:\\\/\\\/www.klaus-janowitz.de\\\/wordpress\\\/#website\",\"url\":\"https:\\\/\\\/www.klaus-janowitz.de\\\/wordpress\\\/\",\"name\":\"Netnographie &amp; Digitaler Wandel\",\"description\":\"Blog rund um die Themen Netnographie, Online-Kultur und Digitalen Wandel\",\"potentialAction\":[{\"@type\":\"SearchAction\",\"target\":{\"@type\":\"EntryPoint\",\"urlTemplate\":\"https:\\\/\\\/www.klaus-janowitz.de\\\/wordpress\\\/?s={search_term_string}\"},\"query-input\":{\"@type\":\"PropertyValueSpecification\",\"valueRequired\":true,\"valueName\":\"search_term_string\"}}],\"inLanguage\":\"de\"}]}<\/script>\n<!-- \/ Yoast SEO plugin. -->","yoast_head_json":{"title":"Vin naturel - Netnographie &amp; Digitaler Wandel","robots":{"index":"index","follow":"follow","max-snippet":"max-snippet:-1","max-image-preview":"max-image-preview:large","max-video-preview":"max-video-preview:-1"},"canonical":"https:\/\/www.klaus-janowitz.de\/wordpress\/vin-naturel\/","og_locale":"de_DE","og_type":"article","og_title":"Vin naturel - Netnographie &amp; Digitaler Wandel","og_description":"7\/08\/14 kmjan Wein ist ein besonderes Getr\u00e4nk: Genu\u00df- und manchmal auch Rauschmittel, mit Kultur und Zivilisation, mit Landschaftsbildern und Geschmackserlebnissen so verbunden, wie kein anderes. Anbau und Ausbau verweisen oft auf uralte Traditionen &nbsp;&#8211; &nbsp;und &nbsp;genauso oft werden&nbsp;moderne Technik und Zusatzstoffe eingesetzt, um erw\u00fcnschte Geschmacksbilder zu erreichen. Wein erz\u00e4hlt die Geschichten davon und diese&nbsp;Vielfalt&nbsp;macht ihn&nbsp;zu &hellip; \u201eVin naturel\u201c weiterlesen","og_url":"https:\/\/www.klaus-janowitz.de\/wordpress\/vin-naturel\/","og_site_name":"Netnographie &amp; Digitaler Wandel","article_modified_time":"2018-05-19T22:49:28+00:00","og_image":[{"url":"http:\/\/www.klaus-janowitz.de\/wordpress\/wp-content\/uploads\/2014\/08\/Pinot-243x300.jpg","type":"","width":"","height":""}],"twitter_card":"summary_large_image","twitter_misc":{"Gesch\u00e4tzte Lesezeit":"4\u00a0Minuten"},"schema":{"@context":"https:\/\/schema.org","@graph":[{"@type":"WebPage","@id":"https:\/\/www.klaus-janowitz.de\/wordpress\/vin-naturel\/","url":"https:\/\/www.klaus-janowitz.de\/wordpress\/vin-naturel\/","name":"Vin naturel - Netnographie &amp; Digitaler Wandel","isPartOf":{"@id":"https:\/\/www.klaus-janowitz.de\/wordpress\/#website"},"primaryImageOfPage":{"@id":"https:\/\/www.klaus-janowitz.de\/wordpress\/vin-naturel\/#primaryimage"},"image":{"@id":"https:\/\/www.klaus-janowitz.de\/wordpress\/vin-naturel\/#primaryimage"},"thumbnailUrl":"http:\/\/www.klaus-janowitz.de\/wordpress\/wp-content\/uploads\/2014\/08\/Pinot-243x300.jpg","datePublished":"2014-08-12T10:04:21+00:00","dateModified":"2018-05-19T22:49:28+00:00","breadcrumb":{"@id":"https:\/\/www.klaus-janowitz.de\/wordpress\/vin-naturel\/#breadcrumb"},"inLanguage":"de","potentialAction":[{"@type":"ReadAction","target":["https:\/\/www.klaus-janowitz.de\/wordpress\/vin-naturel\/"]}]},{"@type":"ImageObject","inLanguage":"de","@id":"https:\/\/www.klaus-janowitz.de\/wordpress\/vin-naturel\/#primaryimage","url":"http:\/\/www.klaus-janowitz.de\/wordpress\/wp-content\/uploads\/2014\/08\/Pinot-243x300.jpg","contentUrl":"http:\/\/www.klaus-janowitz.de\/wordpress\/wp-content\/uploads\/2014\/08\/Pinot-243x300.jpg"},{"@type":"BreadcrumbList","@id":"https:\/\/www.klaus-janowitz.de\/wordpress\/vin-naturel\/#breadcrumb","itemListElement":[{"@type":"ListItem","position":1,"name":"Startseite","item":"https:\/\/www.klaus-janowitz.de\/wordpress\/"},{"@type":"ListItem","position":2,"name":"Vin naturel"}]},{"@type":"WebSite","@id":"https:\/\/www.klaus-janowitz.de\/wordpress\/#website","url":"https:\/\/www.klaus-janowitz.de\/wordpress\/","name":"Netnographie &amp; Digitaler Wandel","description":"Blog rund um die Themen Netnographie, Online-Kultur und Digitalen Wandel","potentialAction":[{"@type":"SearchAction","target":{"@type":"EntryPoint","urlTemplate":"https:\/\/www.klaus-janowitz.de\/wordpress\/?s={search_term_string}"},"query-input":{"@type":"PropertyValueSpecification","valueRequired":true,"valueName":"search_term_string"}}],"inLanguage":"de"}]}},"jetpack_sharing_enabled":true,"jetpack_shortlink":"https:\/\/wp.me\/P15Wn2-14h","jetpack_likes_enabled":true,"jetpack-related-posts":[{"id":3647,"url":"https:\/\/www.klaus-janowitz.de\/wordpress\/das-riesling-netz\/","url_meta":{"origin":4109,"position":0},"title":"Das Riesling Netz","author":"KlausMJan","date":"30. September 2013","format":false,"excerpt":"29\/09\/13\u00a0kmjan Wein ist ein beliebtes Gespr\u00e4chsthema, \u00fcber wenig andere Themen l\u00e4sst sich derart detailliert und genu\u00dfvoll fachsimpeln. Wissen \u00fcber Anbau und Ausbau, Produzenten und das\u00a0Terroir\u00a0sind kulturelles Kapital. Der Beschreibung subtiler Geschmackserlebnisse dient eine eigene Sprache mit einem reichen Fundus geschmacklicher Assoziation, der \u00fcber Fr\u00fcchte und Mineralien bis hin zu\u00a0Katzenpisse\u00a0(bei Sauvignon\u2026","rel":"","context":"\u00c4hnlicher Beitrag","block_context":{"text":"\u00c4hnlicher Beitrag","link":""},"img":{"alt_text":"Rieslingtraube","src":"https:\/\/i0.wp.com\/www.klaus-janowitz.de\/wordpress\/wp-content\/uploads\/2013\/08\/Rieslingtraube-300x282.jpg?resize=350%2C200","width":350,"height":200},"classes":[]},{"id":3566,"url":"https:\/\/www.klaus-janowitz.de\/wordpress\/stil-nach-mas-und-nach-wunsch\/","url_meta":{"origin":4109,"position":1},"title":"Stil nach Ma\u00df und nach Wunsch","author":"KlausMJan","date":"29. Mai 2013","format":false,"excerpt":"29\/05\/13\u00a0kmjan Ist von\u00a0StartUps\u00a0und Existenzgr\u00fcndungen im Internet die Rede, denkt man meist an Entwickler von Software, an Beratungsdienstleistungen und Agenturen. Die technische Entwicklung ist treibende Kraft, es folgen Berater, die ihr Wissen um die Nutzung der neuen M\u00f6glichkeiten verkaufen, und Gestalter, die das ganze in eine m\u00f6glichst ansprechende Form bringen. Das\u2026","rel":"","context":"\u00c4hnlicher Beitrag","block_context":{"text":"\u00c4hnlicher Beitrag","link":""},"img":{"alt_text":"Hemd nach Ma\u00df und nach Wunsch","src":"https:\/\/i0.wp.com\/www.klaus-janowitz.de\/wordpress\/wp-content\/uploads\/2013\/05\/Hemd_Blog.jpg?resize=350%2C200","width":350,"height":200},"classes":[]},{"id":12998,"url":"https:\/\/www.klaus-janowitz.de\/wordpress\/singulaerer-vs-massenkonsum\/","url_meta":{"origin":4109,"position":2},"title":"Singul\u00e4rer-  vs.  Massenkonsum","author":"KlausMJan","date":"17. September 2020","format":false,"excerpt":"17\/09\/20 kmjan In der Markthalle Neun in Berlin - Kreuzberg gibt es das passende Bild: Mittendrin im foodporn der Markthalle steht eine ALDI Filiale, geradezu eingekapselt im Container.\u00a0 Markthalle Neun ist ein geradezu iconisches Projekt der neuen Esskultur - mit allem was dazugeh\u00f6rt: CraftBeer, Vin Naturel, die Metzgerei Kumpel &\u2026","rel":"","context":"\u00c4hnlicher Beitrag","block_context":{"text":"\u00c4hnlicher Beitrag","link":""},"img":{"alt_text":"","src":"https:\/\/i0.wp.com\/www.klaus-janowitz.de\/wordpress\/wp-content\/uploads\/2019\/05\/IMG_2608-e1558009813441-300x225.jpg?resize=350%2C200&ssl=1","width":350,"height":200},"classes":[]},{"id":10384,"url":"https:\/\/www.klaus-janowitz.de\/wordpress\/gesellschaft-der-singularitaeten-rezension\/","url_meta":{"origin":4109,"position":3},"title":"Gesellschaft der Singularit\u00e4ten (Rezension)","author":"KlausMJan","date":"15. November 2017","format":false,"excerpt":"15\/11\/17\u00a0kmjan Soziologische Monographien der letzten Jahrzehnte\u00a0 erschienen bezeichnenderweise immer wieder unter Titeln, die von\u00a0einem einzelnen Begriff aus das Gef\u00fcge sp\u00e4tmoderner Gesellschaften aufrollen:\u00a0Risiko-,\u00a0Erlebnis-, Multioptions-, Abstiegs- gesellschaft,\u00a0Resonanz als Weltbeziehung etc. - bei Andreas Reckwitz geht es nun um Singularit\u00e4ten als solche. Mit einigen Abstrichen befassen sich alle diese Titel mit Erscheinungen des\u2026","rel":"","context":"\u00c4hnlicher Beitrag","block_context":{"text":"\u00c4hnlicher Beitrag","link":""},"img":{"alt_text":"","src":"https:\/\/i0.wp.com\/www.klaus-janowitz.de\/wordpress\/wp-content\/uploads\/2017\/10\/Gesellschaft_der_Singularitaeten-181x300.jpg?resize=350%2C200","width":350,"height":200},"classes":[]},{"id":7119,"url":"https:\/\/www.klaus-janowitz.de\/wordpress\/bildung-digital\/","url_meta":{"origin":4109,"position":4},"title":"Digitale Bildung","author":"KlausMJan","date":"18. Dezember 2015","format":false,"excerpt":"3\/01\/16\u00a0kmjan Alles was sinnvoll digitalisiert werden kann, wird auch digitalisiert. Das gilt f\u00fcr Medienformate,\u00a0wie f\u00fcr Dienste\u00a0und\u00a0Branchen,\u00a0die\u00a0darauf\u00a0zur\u00fcckgreifen.\u00a0Digitaler Wandel ist technologischer und gesellschaftlicher Wandel, eine Medienrevolution, die h\u00f6chstens mit der\u00a0Einf\u00fchrung\u00a0des Buchdruck\u00a0vergleichbar ist. Es gibt unz\u00e4hlige M\u00f6glichkeiten Wissen zu verbreiten - Bildung ist es, der Wissensvermittlung eine Form zu geben.\u00a0\u00a0Genau wie die\u00a0Zukunft der\u2026","rel":"","context":"\u00c4hnlicher Beitrag","block_context":{"text":"\u00c4hnlicher Beitrag","link":""},"img":{"alt_text":"","src":"https:\/\/i0.wp.com\/www.klaus-janowitz.de\/wordpress\/wp-content\/uploads\/2015\/12\/2stu%CC%88hle-1-300x193.jpg?resize=350%2C200","width":350,"height":200},"classes":[]},{"id":1858,"url":"https:\/\/www.klaus-janowitz.de\/wordpress\/kleine-netnographie-der-schokolade\/","url_meta":{"origin":4109,"position":5},"title":"Schokolade im Netz: eine (kleine) Netnographie","author":"KlausMJan","date":"14. M\u00e4rz 2012","format":false,"excerpt":"14\/03\/12\u00a0kmjan (Fast) jeder mag Schokolade. Schokolade ist Genu\u00df, Belohnung, Kindheitserinnerung, manchmal Versuchung, schlimmstenfalls Ersatz. Unser Bild von der Schokolade ist von der 100g Tafel gepr\u00e4gt, die es lange Zeit in nur in wenigen Geschmacksrichtungen gab: Vollmilch, Zartbitter, Nuss, dazu Varianten mit verschiedensten F\u00fcllungen. Der Markt wurde von einigen Gro\u00dfproduzenten bestimmt,\u2026","rel":"","context":"\u00c4hnlicher Beitrag","block_context":{"text":"\u00c4hnlicher Beitrag","link":""},"img":{"alt_text":"","src":"https:\/\/i0.wp.com\/www.klaus-janowitz.de\/wordpress\/wp-content\/uploads\/2012\/02\/Schoggi-300x201.jpg?resize=350%2C200","width":350,"height":200},"classes":[]}],"_links":{"self":[{"href":"https:\/\/www.klaus-janowitz.de\/wordpress\/wp-json\/wp\/v2\/pages\/4109","targetHints":{"allow":["GET"]}}],"collection":[{"href":"https:\/\/www.klaus-janowitz.de\/wordpress\/wp-json\/wp\/v2\/pages"}],"about":[{"href":"https:\/\/www.klaus-janowitz.de\/wordpress\/wp-json\/wp\/v2\/types\/page"}],"author":[{"embeddable":true,"href":"https:\/\/www.klaus-janowitz.de\/wordpress\/wp-json\/wp\/v2\/users\/1"}],"replies":[{"embeddable":true,"href":"https:\/\/www.klaus-janowitz.de\/wordpress\/wp-json\/wp\/v2\/comments?post=4109"}],"version-history":[{"count":167,"href":"https:\/\/www.klaus-janowitz.de\/wordpress\/wp-json\/wp\/v2\/pages\/4109\/revisions"}],"predecessor-version":[{"id":11054,"href":"https:\/\/www.klaus-janowitz.de\/wordpress\/wp-json\/wp\/v2\/pages\/4109\/revisions\/11054"}],"wp:attachment":[{"href":"https:\/\/www.klaus-janowitz.de\/wordpress\/wp-json\/wp\/v2\/media?parent=4109"}],"curies":[{"name":"wp","href":"https:\/\/api.w.org\/{rel}","templated":true}]}}