{"id":3076,"date":"2013-02-06T15:58:36","date_gmt":"2013-02-06T14:58:36","guid":{"rendered":"http:\/\/www.klaus-janowitz.de\/wordpress\/?page_id=3076"},"modified":"2013-03-01T21:23:56","modified_gmt":"2013-03-01T20:23:56","slug":"social-media-2013","status":"publish","type":"page","link":"https:\/\/www.klaus-janowitz.de\/wordpress\/social-media-2013\/","title":{"rendered":"Social Media 2013 &#8211; Paid, Owned, Shared &#038; Earned Media"},"content":{"rendered":"<p style=\"text-align: justify;\">5\/02\/13\u00a0<a href=\"http:\/\/www.klaus-janowitz.de\/\">kmjan<\/a><br \/>\nDie digitale Revolution vollzieht sich in Sch\u00fcben.\u00a0Entwicklung und Diskussion zum <em>Social Web<\/em> wurden in den letzten f\u00fcnf Jahren von zweien solcher Sch\u00fcbe bestimmt, die sich beide geradezu rasant vollzogen: zun\u00e4chst die Verbreitung der Plattformen und Dienste, die wir als <em>Social Media<\/em> bezeichnen, etwas sp\u00e4ter dann die des mobilen Internet.\u00a0Nach diesen st\u00fcrmischen Entwicklungen der letzten Jahre scheint eine gewisse Beruhigung eingekehrt zu sein.\u00a0<em>Mobil<\/em>\u00a0und\u00a0<em>social<\/em>\u00a0und der Zugang dazu sind selbstverst\u00e4ndlich geworden.\u00a0Man spricht zwar weiterhin von\u00a0<em>Social Media<\/em>, der Begriff zeigt aber gewisse Erm\u00fcdungserscheinungen. An seine Stelle ist mehr und mehr von\u00a0<em>digitalem Wandel<\/em>\u00a0oder einfach von\u00a0<em>digitalen Medien<\/em>\u00a0und \u00a0<em>digitaler\u00a0Kommunikation<\/em>\u00a0die Rede. \u00a0Die M\u00f6glichkeiten der Online-Kommunikation sind so vielf\u00e4ltig geworden, da\u00df es nicht mehr darum geht \u00fcberall \u00a0dabeizusein, sondern darum, die jeweils passenden Formate zu nutzen.<\/p>\n<figure id=\"attachment_3302\" aria-describedby=\"caption-attachment-3302\" style=\"width: 360px\" class=\"wp-caption alignright\"><a href=\"https:\/\/i0.wp.com\/www.klaus-janowitz.de\/wordpress\/wp-content\/uploads\/2013\/02\/MediaGraphik.png\"><img data-recalc-dims=\"1\" fetchpriority=\"high\" decoding=\"async\" class=\"size-full wp-image-3302\" alt=\"MediaGraphik\" src=\"https:\/\/i0.wp.com\/www.klaus-janowitz.de\/wordpress\/wp-content\/uploads\/2013\/02\/MediaGraphik.png?resize=360%2C270\" width=\"360\" height=\"270\" srcset=\"https:\/\/i0.wp.com\/www.klaus-janowitz.de\/wordpress\/wp-content\/uploads\/2013\/02\/MediaGraphik.png?w=360&amp;ssl=1 360w, https:\/\/i0.wp.com\/www.klaus-janowitz.de\/wordpress\/wp-content\/uploads\/2013\/02\/MediaGraphik.png?resize=300%2C225&amp;ssl=1 300w\" sizes=\"(max-width: 360px) 100vw, 360px\" \/><\/a><figcaption id=\"caption-attachment-3302\" class=\"wp-caption-text\">Paid, Owned, Shared, Earned Media &#8211; \u00fcbersetzt nach F.Cavazza CC \u00a0(<a href=\"http:\/\/www.mediassociaux.fr\" target=\"_blank\">http:\/\/www.mediassociaux.fr<\/a>)<\/figcaption><\/figure>\n<p style=\"text-align: justify;\">Das Konzept von\u00a0<em>Paid, Owned, <\/em><em>&amp; Earned Media<\/em>\u00a0ist grunds\u00e4tzlich ein Modell zur Planung von Marketingkampagnen. Mit den <em>Social Media<\/em> traten <em>Shared Media<\/em>\u00a0als weitere Kategorie hinzu. So l\u00e4sst sich auch die Online-Kommunikation als Ganzes beleuchten. <em>Paid Media<\/em> ist zum einen klassische Werbung, online oft in Form von Bannern und von Gewinnspielen, im weiteren \u00a0Adwords, affiliate Marketing etc. &#8211; dort wo f\u00fcr die Verbreitung von (Werbe-) Botschaften in direkter Form bezahlt wird. <em>Paid Media<\/em> pumpen zudem das meiste Geld in die Online-Welt. <em>Owned Media<\/em> sind die eigengehosteten Pr\u00e4senzen im Netz: Websites, Blogs etc.. Nur hier haben Nutzer bzw. Eigent\u00fcmer die v\u00f6llige Verf\u00fcgung \u00fcber Inhalte und sind unabh\u00e4ngig von sich \u00e4ndernden AGBs, hier ist ihre Pr\u00e4senz und hier werden sie als eigenst\u00e4ndige Akteure im Netz wahrgenommen. <em>Shared Media<\/em> fasst das Engagement in der \u00f6ffentlichen Sph\u00e4re der Social Media Plattformen zusammen. Im wesentlichen sind es international agierende Plattformen, wie <em>Facebook<\/em>, <em>Twitter<\/em>, <em>Google+<\/em>, <em>youtube<\/em>, <em>LinkedIn<\/em> und <em>Xing<\/em>, zuletzt und als erste rein mobile Plattform <em>instagram<\/em>, dazu etliche andere, oft spezialisiertere Dienste. <em>Earned Media<\/em> kann man schlie\u00dflich als die Erfolge aus dem Einsatz in <em>Paid, Owned<\/em> und <em>Shared<\/em> Media betrachten: Zitate, Gespr\u00e4che, der Ansto\u00df von Themen, im kommerziellen Bereich virale Effekte und das <em>Word of Mouth.\u00a0<\/em><\/p>\n<figure id=\"attachment_3244\" aria-describedby=\"caption-attachment-3244\" style=\"width: 300px\" class=\"wp-caption alignright\"><a href=\"https:\/\/i0.wp.com\/www.klaus-janowitz.de\/wordpress\/wp-content\/uploads\/2013\/02\/Foto.jpg\"><img data-recalc-dims=\"1\" decoding=\"async\" class=\"size-medium wp-image-3244\" alt=\"digitaler Wandel\" src=\"https:\/\/i0.wp.com\/www.klaus-janowitz.de\/wordpress\/wp-content\/uploads\/2013\/02\/Foto-300x300.jpg?resize=300%2C300\" width=\"300\" height=\"300\" srcset=\"https:\/\/i0.wp.com\/www.klaus-janowitz.de\/wordpress\/wp-content\/uploads\/2013\/02\/Foto.jpg?resize=300%2C300&amp;ssl=1 300w, https:\/\/i0.wp.com\/www.klaus-janowitz.de\/wordpress\/wp-content\/uploads\/2013\/02\/Foto.jpg?resize=150%2C150&amp;ssl=1 150w, https:\/\/i0.wp.com\/www.klaus-janowitz.de\/wordpress\/wp-content\/uploads\/2013\/02\/Foto.jpg?resize=1024%2C1024&amp;ssl=1 1024w, https:\/\/i0.wp.com\/www.klaus-janowitz.de\/wordpress\/wp-content\/uploads\/2013\/02\/Foto.jpg?w=1280&amp;ssl=1 1280w\" sizes=\"(max-width: 300px) 100vw, 300px\" \/><\/a><figcaption id=\"caption-attachment-3244\" class=\"wp-caption-text\">digitaler Wandel bleibt erhalten<\/figcaption><\/figure>\n<p style=\"text-align: justify;\">Der digitale Wandel setzt sich fort, in der n\u00e4chsten Zeit aber wahrscheinlich &#8211; zumindest f\u00fcr eine kurze Zeit &#8211; etwas weniger st\u00fcrmisch. In die Ausgestaltung von Social Media und mobilen Anwendungen (also <em>Shared Media<\/em>) ist viel investiert worden, von Betreibern wie Nutzern. Pragmatische Fragen zur praktischen Nutzung stellen sich in den Vordergrund: Welche Plattform und welche Strategie passt zu mir und meinen Vorhaben? Wie sch\u00f6pfe ich Werte aus meiner Teilnahme? <em>Werte<\/em> kann \u00a0hier \u00f6konomischen Erfolg bedeuten, oder auch ganz allgemein ein Mehrwert aus gelungener Kommunikation. Jobsuche bzw. die Konstruktion des passenden Job wird immer \u00f6fter zu Thema. Als letztes Genre der Social Media hat sich die\u00a0<a title=\"Bildkommunikation: Shoot &amp; Share im mobilen Netz\" href=\"http:\/\/www.klaus-janowitz.de\/wordpress\/bildkommunikation\" target=\"_blank\">Mobile Bildkommunikation<\/a>\u00a0in der Breite durchgesetzt, mit dem von Facebook aufgekauften <em>instagram<\/em> an der Spitze. Dass ein Aufstieg schnell umschlagen kann, zeigte sich hier an der Emp\u00f6rung, die der \u00c4nderung der AGB folgte. Der Zugang zur \u00f6ffentlichen Sph\u00e4re der<em> Shared Media<\/em> ist f\u00fcr die Nutzer weitgehend kostenlos, deren Eigner sind aber privatwirtschaftliche Unternehmen mit ihren jeweils eigenen Finanzierungsmodellen. Und dabei stehen zumeist Daten im Vordergrund. Das sind wohl die Themen, die uns 2013 besch\u00e4ftigen werden.<\/p>\n<p style=\"text-align: justify;\"><i>\u00a0<\/i><\/p>\n<p><!-- Piwik --><br \/>\n<script type=\"text\/javascript\">\/\/ <![CDATA[\nvar pkBaseURL = ((\"https:\" == document.location.protocol) ? \"https:\/\/www.klaus-janowitz.de\/piwik\/\" : \"http:\/\/www.klaus-janowitz.de\/piwik\/\"); document.write(unescape(\"%3Cscript src='\" + pkBaseURL + \"piwik.js' type='text\/javascript'%3E%3C\/script%3E\"));\n\/\/ ]]><\/script><script type=\"text\/javascript\">\/\/ <![CDATA[\ntry { var piwikTracker = Piwik.getTracker(pkBaseURL + \"piwik.php\", 1); piwikTracker.trackPageView(); piwikTracker.enableLinkTracking(); } catch( err ) {}\n\/\/ ]]><\/script><\/p>\n<p><noscript>&amp;amp;amp;amp;amp;amp;amp;amp;amp;amp;amp;amp;amp;amp;lt;img src=&#8221;http:\/\/www.klaus-janowitz.de\/piwik\/piwik.php?idsite=1&#8243; style=&#8221;border:0&#8243; alt=&#8221;&#8221; \/&amp;amp;amp;amp;amp;amp;amp;amp;amp;amp;amp;amp;amp;amp;gt;&amp;amp;amp;amp;amp;amp;amp;amp;amp;amp;amp;amp;amp;amp;lt;br \/&amp;amp;amp;amp;amp;amp;amp;amp;amp;amp;amp;amp;amp;amp;gt;<\/noscript><!-- End Piwik Tag --><\/p>\n<p><script type=\"text\/javascript\">\/\/ <![CDATA[\nvar gaJsHost = ((\"https:\" == document.location.protocol) ? \"https:\/\/ssl.\" : \"http:\/\/www.\"); document.write(unescape(\"%3Cscript src='\" + gaJsHost + \"google-analytics.com\/ga.js' type='text\/javascript'%3E%3C\/script%3E\"));\n\/\/ ]]><\/script><br \/>\n<script type=\"text\/javascript\">\/\/ <![CDATA[\nvar pageTracker = _gat._getTracker(\"UA-5982947-1\"); pageTracker._trackPageview();\n\/\/ ]]><\/script><\/p>\n","protected":false},"excerpt":{"rendered":"<p>5\/02\/13\u00a0kmjan Die digitale Revolution vollzieht sich in Sch\u00fcben.\u00a0Entwicklung und Diskussion zum Social Web wurden in den letzten f\u00fcnf Jahren von zweien solcher Sch\u00fcbe bestimmt, die sich beide geradezu rasant vollzogen: zun\u00e4chst die Verbreitung der Plattformen und Dienste, die wir als Social Media bezeichnen, etwas sp\u00e4ter dann die des mobilen Internet.\u00a0Nach diesen st\u00fcrmischen Entwicklungen der letzten &hellip; <\/p>\n<p class=\"link-more\"><a href=\"https:\/\/www.klaus-janowitz.de\/wordpress\/social-media-2013\/\" class=\"more-link\"><span class=\"screen-reader-text\">\u201eSocial Media 2013 &#8211; Paid, Owned, Shared &#038; Earned Media\u201c <\/span>weiterlesen<\/a><\/p>\n","protected":false},"author":1,"featured_media":0,"parent":0,"menu_order":0,"comment_status":"open","ping_status":"open","template":"","meta":{"jetpack_post_was_ever_published":false,"activitypub_content_warning":"","activitypub_content_visibility":"","activitypub_max_image_attachments":4,"activitypub_interaction_policy_quote":"","activitypub_status":"","footnotes":""},"class_list":["post-3076","page","type-page","status-publish","hentry"],"yoast_head":"<!-- This site is optimized with the Yoast SEO plugin v27.5 - https:\/\/yoast.com\/product\/yoast-seo-wordpress\/ -->\n<title>Social Media 2013 - Paid, Owned, Shared &amp; Earned Media - Netnographie &amp; Digitaler Wandel<\/title>\n<meta name=\"robots\" content=\"index, follow, max-snippet:-1, max-image-preview:large, max-video-preview:-1\" \/>\n<link rel=\"canonical\" href=\"https:\/\/www.klaus-janowitz.de\/wordpress\/social-media-2013\/\" \/>\n<meta property=\"og:locale\" content=\"de_DE\" \/>\n<meta property=\"og:type\" content=\"article\" \/>\n<meta property=\"og:title\" content=\"Social Media 2013 - Paid, Owned, Shared &amp; Earned Media - Netnographie &amp; Digitaler Wandel\" \/>\n<meta property=\"og:description\" content=\"5\/02\/13\u00a0kmjan Die digitale Revolution vollzieht sich in Sch\u00fcben.\u00a0Entwicklung und Diskussion zum Social Web wurden in den letzten f\u00fcnf Jahren von zweien solcher Sch\u00fcbe bestimmt, die sich beide geradezu rasant vollzogen: zun\u00e4chst die Verbreitung der Plattformen und Dienste, die wir als Social Media bezeichnen, etwas sp\u00e4ter dann die des mobilen Internet.\u00a0Nach diesen st\u00fcrmischen Entwicklungen der letzten &hellip; \u201eSocial Media 2013 &#8211; Paid, Owned, Shared &#038; Earned Media\u201c weiterlesen\" \/>\n<meta property=\"og:url\" content=\"https:\/\/www.klaus-janowitz.de\/wordpress\/social-media-2013\/\" \/>\n<meta property=\"og:site_name\" content=\"Netnographie &amp; Digitaler Wandel\" \/>\n<meta property=\"article:modified_time\" content=\"2013-03-01T20:23:56+00:00\" \/>\n<meta property=\"og:image\" content=\"http:\/\/www.klaus-janowitz.de\/wordpress\/wp-content\/uploads\/2013\/02\/MediaGraphik.png\" \/>\n<meta name=\"twitter:card\" content=\"summary_large_image\" \/>\n<meta name=\"twitter:label1\" content=\"Gesch\u00e4tzte Lesezeit\" \/>\n\t<meta name=\"twitter:data1\" content=\"3\u00a0Minuten\" \/>\n<script type=\"application\/ld+json\" class=\"yoast-schema-graph\">{\"@context\":\"https:\\\/\\\/schema.org\",\"@graph\":[{\"@type\":\"WebPage\",\"@id\":\"https:\\\/\\\/www.klaus-janowitz.de\\\/wordpress\\\/social-media-2013\\\/\",\"url\":\"https:\\\/\\\/www.klaus-janowitz.de\\\/wordpress\\\/social-media-2013\\\/\",\"name\":\"Social Media 2013 - Paid, Owned, Shared & Earned Media - Netnographie &amp; Digitaler Wandel\",\"isPartOf\":{\"@id\":\"https:\\\/\\\/www.klaus-janowitz.de\\\/wordpress\\\/#website\"},\"primaryImageOfPage\":{\"@id\":\"https:\\\/\\\/www.klaus-janowitz.de\\\/wordpress\\\/social-media-2013\\\/#primaryimage\"},\"image\":{\"@id\":\"https:\\\/\\\/www.klaus-janowitz.de\\\/wordpress\\\/social-media-2013\\\/#primaryimage\"},\"thumbnailUrl\":\"http:\\\/\\\/www.klaus-janowitz.de\\\/wordpress\\\/wp-content\\\/uploads\\\/2013\\\/02\\\/MediaGraphik.png\",\"datePublished\":\"2013-02-06T14:58:36+00:00\",\"dateModified\":\"2013-03-01T20:23:56+00:00\",\"breadcrumb\":{\"@id\":\"https:\\\/\\\/www.klaus-janowitz.de\\\/wordpress\\\/social-media-2013\\\/#breadcrumb\"},\"inLanguage\":\"de\",\"potentialAction\":[{\"@type\":\"ReadAction\",\"target\":[\"https:\\\/\\\/www.klaus-janowitz.de\\\/wordpress\\\/social-media-2013\\\/\"]}]},{\"@type\":\"ImageObject\",\"inLanguage\":\"de\",\"@id\":\"https:\\\/\\\/www.klaus-janowitz.de\\\/wordpress\\\/social-media-2013\\\/#primaryimage\",\"url\":\"http:\\\/\\\/www.klaus-janowitz.de\\\/wordpress\\\/wp-content\\\/uploads\\\/2013\\\/02\\\/MediaGraphik.png\",\"contentUrl\":\"http:\\\/\\\/www.klaus-janowitz.de\\\/wordpress\\\/wp-content\\\/uploads\\\/2013\\\/02\\\/MediaGraphik.png\"},{\"@type\":\"BreadcrumbList\",\"@id\":\"https:\\\/\\\/www.klaus-janowitz.de\\\/wordpress\\\/social-media-2013\\\/#breadcrumb\",\"itemListElement\":[{\"@type\":\"ListItem\",\"position\":1,\"name\":\"Startseite\",\"item\":\"https:\\\/\\\/www.klaus-janowitz.de\\\/wordpress\\\/\"},{\"@type\":\"ListItem\",\"position\":2,\"name\":\"Social Media 2013 &#8211; Paid, Owned, Shared &#038; Earned Media\"}]},{\"@type\":\"WebSite\",\"@id\":\"https:\\\/\\\/www.klaus-janowitz.de\\\/wordpress\\\/#website\",\"url\":\"https:\\\/\\\/www.klaus-janowitz.de\\\/wordpress\\\/\",\"name\":\"Netnographie &amp; Digitaler Wandel\",\"description\":\"Blog rund um die Themen Netnographie, Online-Kultur und Digitalen Wandel\",\"potentialAction\":[{\"@type\":\"SearchAction\",\"target\":{\"@type\":\"EntryPoint\",\"urlTemplate\":\"https:\\\/\\\/www.klaus-janowitz.de\\\/wordpress\\\/?s={search_term_string}\"},\"query-input\":{\"@type\":\"PropertyValueSpecification\",\"valueRequired\":true,\"valueName\":\"search_term_string\"}}],\"inLanguage\":\"de\"}]}<\/script>\n<!-- \/ Yoast SEO plugin. -->","yoast_head_json":{"title":"Social Media 2013 - Paid, Owned, Shared & Earned Media - Netnographie &amp; Digitaler Wandel","robots":{"index":"index","follow":"follow","max-snippet":"max-snippet:-1","max-image-preview":"max-image-preview:large","max-video-preview":"max-video-preview:-1"},"canonical":"https:\/\/www.klaus-janowitz.de\/wordpress\/social-media-2013\/","og_locale":"de_DE","og_type":"article","og_title":"Social Media 2013 - Paid, Owned, Shared & Earned Media - Netnographie &amp; Digitaler Wandel","og_description":"5\/02\/13\u00a0kmjan Die digitale Revolution vollzieht sich in Sch\u00fcben.\u00a0Entwicklung und Diskussion zum Social Web wurden in den letzten f\u00fcnf Jahren von zweien solcher Sch\u00fcbe bestimmt, die sich beide geradezu rasant vollzogen: zun\u00e4chst die Verbreitung der Plattformen und Dienste, die wir als Social Media bezeichnen, etwas sp\u00e4ter dann die des mobilen Internet.\u00a0Nach diesen st\u00fcrmischen Entwicklungen der letzten &hellip; \u201eSocial Media 2013 &#8211; Paid, Owned, Shared &#038; Earned Media\u201c weiterlesen","og_url":"https:\/\/www.klaus-janowitz.de\/wordpress\/social-media-2013\/","og_site_name":"Netnographie &amp; Digitaler Wandel","article_modified_time":"2013-03-01T20:23:56+00:00","og_image":[{"url":"http:\/\/www.klaus-janowitz.de\/wordpress\/wp-content\/uploads\/2013\/02\/MediaGraphik.png","type":"","width":"","height":""}],"twitter_card":"summary_large_image","twitter_misc":{"Gesch\u00e4tzte Lesezeit":"3\u00a0Minuten"},"schema":{"@context":"https:\/\/schema.org","@graph":[{"@type":"WebPage","@id":"https:\/\/www.klaus-janowitz.de\/wordpress\/social-media-2013\/","url":"https:\/\/www.klaus-janowitz.de\/wordpress\/social-media-2013\/","name":"Social Media 2013 - Paid, Owned, Shared & Earned Media - Netnographie &amp; Digitaler Wandel","isPartOf":{"@id":"https:\/\/www.klaus-janowitz.de\/wordpress\/#website"},"primaryImageOfPage":{"@id":"https:\/\/www.klaus-janowitz.de\/wordpress\/social-media-2013\/#primaryimage"},"image":{"@id":"https:\/\/www.klaus-janowitz.de\/wordpress\/social-media-2013\/#primaryimage"},"thumbnailUrl":"http:\/\/www.klaus-janowitz.de\/wordpress\/wp-content\/uploads\/2013\/02\/MediaGraphik.png","datePublished":"2013-02-06T14:58:36+00:00","dateModified":"2013-03-01T20:23:56+00:00","breadcrumb":{"@id":"https:\/\/www.klaus-janowitz.de\/wordpress\/social-media-2013\/#breadcrumb"},"inLanguage":"de","potentialAction":[{"@type":"ReadAction","target":["https:\/\/www.klaus-janowitz.de\/wordpress\/social-media-2013\/"]}]},{"@type":"ImageObject","inLanguage":"de","@id":"https:\/\/www.klaus-janowitz.de\/wordpress\/social-media-2013\/#primaryimage","url":"http:\/\/www.klaus-janowitz.de\/wordpress\/wp-content\/uploads\/2013\/02\/MediaGraphik.png","contentUrl":"http:\/\/www.klaus-janowitz.de\/wordpress\/wp-content\/uploads\/2013\/02\/MediaGraphik.png"},{"@type":"BreadcrumbList","@id":"https:\/\/www.klaus-janowitz.de\/wordpress\/social-media-2013\/#breadcrumb","itemListElement":[{"@type":"ListItem","position":1,"name":"Startseite","item":"https:\/\/www.klaus-janowitz.de\/wordpress\/"},{"@type":"ListItem","position":2,"name":"Social Media 2013 &#8211; Paid, Owned, Shared &#038; Earned Media"}]},{"@type":"WebSite","@id":"https:\/\/www.klaus-janowitz.de\/wordpress\/#website","url":"https:\/\/www.klaus-janowitz.de\/wordpress\/","name":"Netnographie &amp; Digitaler Wandel","description":"Blog rund um die Themen Netnographie, Online-Kultur und Digitalen Wandel","potentialAction":[{"@type":"SearchAction","target":{"@type":"EntryPoint","urlTemplate":"https:\/\/www.klaus-janowitz.de\/wordpress\/?s={search_term_string}"},"query-input":{"@type":"PropertyValueSpecification","valueRequired":true,"valueName":"search_term_string"}}],"inLanguage":"de"}]}},"jetpack_sharing_enabled":true,"jetpack_shortlink":"https:\/\/wp.me\/P15Wn2-NC","jetpack_likes_enabled":true,"jetpack-related-posts":[{"id":4646,"url":"https:\/\/www.klaus-janowitz.de\/wordpress\/social-media-2014\/","url_meta":{"origin":3076,"position":0},"title":"Social Media 2014","author":"KlausMJan","date":"30. November 2014","format":false,"excerpt":"\u00a029\/11\/14\u00a0kmjan Es sind schon einige Jahre vergangen, seit der Begriff\u00a0 Social Media den des Web \u00a02.0\u00a0abgel\u00f6st hat. Betonte Web 2.0 vor allem die\u00a0Nutzungsevolution des Internets und sein partizipatorisches Potential\u00a0(wie\u00a0auch der Begriff\u00a0\u00a0Blogosph\u00e4re), stehen\u00a0bei Social Media die Plattformen und Netzwerke auf denen \u00f6ffentliche Kommunikation stattfindet im Vordergrund. Die nebenstehende Social Media Map\u2026","rel":"","context":"\u00c4hnlicher Beitrag","block_context":{"text":"\u00c4hnlicher Beitrag","link":""},"img":{"alt_text":"","src":"https:\/\/i0.wp.com\/www.klaus-janowitz.de\/wordpress\/wp-content\/uploads\/2014\/11\/Social-Media-Map-300x231.jpg?resize=350%2C200&ssl=1","width":350,"height":200},"classes":[]},{"id":2299,"url":"https:\/\/www.klaus-janowitz.de\/wordpress\/zur-zukunft-von-social-media\/","url_meta":{"origin":3076,"position":1},"title":"Zur Zukunft von Social Media","author":"KlausMJan","date":"11. Juni 2012","format":false,"excerpt":"27\/06\/12 kmjan Nichts hat die Online-Kommunikation so nachhaltig ver\u00e4ndert wie die zahlreichen Social Media-Angebote und -Instrumente, die in den vergangenen Jahren gro\u00dfe\u00a0Nutzerkreise erreicht haben und Individual- wie Unternehmenskommunikation nachhaltig ver\u00e4ndert haben.* Hinzuf\u00fcgen will ich die Durchsetzung des mobilen Internet: Die mobile\u00a0Revolution hat bereits stattgefunden.\u00a0Tim Krischak\u00a0und Kai Heddergott,\u00a0Kommunikationsberater aus Essen und\u2026","rel":"","context":"\u00c4hnlicher Beitrag","block_context":{"text":"\u00c4hnlicher Beitrag","link":""},"img":{"alt_text":"","src":"https:\/\/i0.wp.com\/www.klaus-janowitz.de\/wordpress\/wp-content\/uploads\/2012\/06\/Zukunft1-300x300.jpg?resize=350%2C200","width":350,"height":200},"classes":[]},{"id":1245,"url":"https:\/\/www.klaus-janowitz.de\/wordpress\/vom-cyberspace-zu-social-media\/","url_meta":{"origin":3076,"position":2},"title":"Vom Cyberspace zu Social Media und weiter&#8230;","author":"KlausMJan","date":"28. Dezember 2011","format":false,"excerpt":"27\/12\/11\u00a0kmjan Web 2.0 - das klingt mittlerweile wie ein Sommerhit der Vorsaison, und so sprang mir neulich ein Titel von einem B\u00fcchertisch mit Restauflagen ins Auge. Web 2.0 war als Konzeptbegriff ungeheuer erfolgreich, er begleitete die Durchsetzung des Internets als offenem, interaktivem Medium. Das Schlagwort mit der Versionsnummer bezeichnete die\u2026","rel":"","context":"\u00c4hnlicher Beitrag","block_context":{"text":"\u00c4hnlicher Beitrag","link":""},"img":{"alt_text":"","src":"https:\/\/i0.wp.com\/www.klaus-janowitz.de\/wordpress\/wp-content\/uploads\/2011\/12\/Holzmedium-300x224.jpg?resize=350%2C200&ssl=1","width":350,"height":200},"classes":[]},{"id":716,"url":"https:\/\/www.klaus-janowitz.de\/wordpress\/fairtrade-in-social-media\/","url_meta":{"origin":3076,"position":3},"title":"Fairtrade in Social Media","author":"KlausMJan","date":"17. Juli 2011","format":false,"excerpt":"30\/06\/11\u00a0kmjan Fairer Handel ist eine Handelspartnerschaft, die auf Dialog, Transparenz und gegenseitigem Respekt beruht und mehr Gerechtigkeit im internationalen Handel anstrebt. Durch bessere Handelsbedingungen und die Sicherung sozialer Rechte f\u00fcr benachteiligte Produzenten und Arbeiter leistet der Faire Handel einen Beitrag zu nachhaltiger Entwicklung. Organisationen des fairen Handels (die von Verbrauchern\u2026","rel":"","context":"Mit 1 Kommentar","block_context":{"text":"Mit 1 Kommentar","link":"https:\/\/www.klaus-janowitz.de\/wordpress\/fairtrade-in-social-media\/#comments"},"img":{"alt_text":"","src":"https:\/\/i0.wp.com\/www.klaus-janowitz.de\/wordpress\/wp-content\/uploads\/2011\/06\/fairer_Dialog.jpg?resize=350%2C200","width":350,"height":200,"srcset":"https:\/\/i0.wp.com\/www.klaus-janowitz.de\/wordpress\/wp-content\/uploads\/2011\/06\/fairer_Dialog.jpg?resize=350%2C200 1x, https:\/\/i0.wp.com\/www.klaus-janowitz.de\/wordpress\/wp-content\/uploads\/2011\/06\/fairer_Dialog.jpg?resize=525%2C300 1.5x"},"classes":[]},{"id":241,"url":"https:\/\/www.klaus-janowitz.de\/wordpress\/social-media-netnography\/","url_meta":{"origin":3076,"position":4},"title":"Social Media Netnography","author":"KlausMJan","date":"9. Januar 2011","format":false,"excerpt":"07\/01\/11\u00a0kmjan Immer wieder taucht die Frage auf, was den Unterschied zwischen\u00a0Netnographie und\u00a0Social Media (bzw. Web-)\u00a0Monitoring ausmacht. Es sind keine Methoden und Konzepte, die in Konkurrenz zueinander stehen, sondern Forschungsans\u00e4tze, die unterschiedlichen Bereichen entstammen, sich in der Forschungspraxis im Social Web aber nahe kommen und gelegentlich \u00fcberschneiden. Netnographie entstammt der Ethnographie\u2026","rel":"","context":"\u00c4hnlicher Beitrag","block_context":{"text":"\u00c4hnlicher Beitrag","link":""},"img":{"alt_text":"","src":"https:\/\/i0.wp.com\/www.klaus-janowitz.de\/wordpress\/wp-content\/uploads\/2010\/12\/tgraph.jpg?resize=350%2C200&ssl=1","width":350,"height":200,"srcset":"https:\/\/i0.wp.com\/www.klaus-janowitz.de\/wordpress\/wp-content\/uploads\/2010\/12\/tgraph.jpg?resize=350%2C200&ssl=1 1x, https:\/\/i0.wp.com\/www.klaus-janowitz.de\/wordpress\/wp-content\/uploads\/2010\/12\/tgraph.jpg?resize=525%2C300&ssl=1 1.5x"},"classes":[]},{"id":5583,"url":"https:\/\/www.klaus-janowitz.de\/wordpress\/digitaler-wandel-ein-neuer-leitbegriff\/","url_meta":{"origin":3076,"position":5},"title":"Digitaler Wandel &#8211; ein neuer Leitbegriff","author":"KlausMJan","date":"30. April 2015","format":false,"excerpt":"29\/04\/15\u00a0kmjan Das Internet ist schon lange kein\u00a0Neuland mehr und schon gar nicht ein\u00a0Neues Medium*. Vor nunmehr zwei Jahrzehnten, etwa Mitte der 90er Jahre setzte es sich in der Breite durch und um die Jahrtausendwende herum war man dann \"drin\". In den Jahren danach folgten schnellere DSL-Verbindungen mit Flatrates, mit dem\u00a0iPhone\u2026","rel":"","context":"\u00c4hnlicher Beitrag","block_context":{"text":"\u00c4hnlicher Beitrag","link":""},"img":{"alt_text":"Digitaler Wandel ist mehr als technologischer Wandel","src":"https:\/\/i0.wp.com\/www.klaus-janowitz.de\/wordpress\/wp-content\/uploads\/2015\/04\/Firewire_ports-300x161.jpg?resize=350%2C200","width":350,"height":200},"classes":[]}],"_links":{"self":[{"href":"https:\/\/www.klaus-janowitz.de\/wordpress\/wp-json\/wp\/v2\/pages\/3076","targetHints":{"allow":["GET"]}}],"collection":[{"href":"https:\/\/www.klaus-janowitz.de\/wordpress\/wp-json\/wp\/v2\/pages"}],"about":[{"href":"https:\/\/www.klaus-janowitz.de\/wordpress\/wp-json\/wp\/v2\/types\/page"}],"author":[{"embeddable":true,"href":"https:\/\/www.klaus-janowitz.de\/wordpress\/wp-json\/wp\/v2\/users\/1"}],"replies":[{"embeddable":true,"href":"https:\/\/www.klaus-janowitz.de\/wordpress\/wp-json\/wp\/v2\/comments?post=3076"}],"version-history":[{"count":175,"href":"https:\/\/www.klaus-janowitz.de\/wordpress\/wp-json\/wp\/v2\/pages\/3076\/revisions"}],"predecessor-version":[{"id":3324,"href":"https:\/\/www.klaus-janowitz.de\/wordpress\/wp-json\/wp\/v2\/pages\/3076\/revisions\/3324"}],"wp:attachment":[{"href":"https:\/\/www.klaus-janowitz.de\/wordpress\/wp-json\/wp\/v2\/media?parent=3076"}],"curies":[{"name":"wp","href":"https:\/\/api.w.org\/{rel}","templated":true}]}}