{"id":3066,"date":"2013-01-18T13:28:46","date_gmt":"2013-01-18T12:28:46","guid":{"rendered":"http:\/\/www.klaus-janowitz.de\/wordpress\/?page_id=3066"},"modified":"2014-12-09T20:27:58","modified_gmt":"2014-12-09T19:27:58","slug":"scan-the-net-social-monitoring","status":"publish","type":"page","link":"https:\/\/www.klaus-janowitz.de\/wordpress\/scan-the-net-social-monitoring\/","title":{"rendered":"Scan the Net &#8211; Social Monitoring"},"content":{"rendered":"<p style=\"text-align: justify;\">18\/01\/13 <a href=\"http:\/\/www.klaus-janowitz.de\/\" target=\"_blank\">kmjan<\/a><br \/>\nWerkzeuge zur Beobachtung von Kommunikation und Feedback im Internet gibt es mittlerweile en masse &#8211; mit ganz unterschiedlichen Funktionen und in ganz unterschiedlichen Preisklassen. Solche, mit denen man die eigenen Aktivit\u00e4ten im Netz im Blick beh\u00e4lt, andere beschr\u00e4nken sich auf wenige Funktionen bzw. die Beobachtung einzelner Dienste, und es gibt die bekannten, sehr m\u00e4chtigen Monitoring Tools, wie etwa <em>Radian6<\/em>, <em>brandwatch<\/em> oder <em>talkwalker<\/em><em>.<\/em> Deren Kosten sind wesentlich durch die umfangreiche Datenspeicherung und deren Qualit\u00e4t bedingt. Die Wahl eines Werkzeugs ist selbstverst\u00e4ndlich abh\u00e4ngig von Zweck und Einsatz, in vielen F\u00e4llen sind auch einfache L\u00f6sungen bzw. eine Kombination mehrerer hilfreich. Eine umfangreiche \u00dcbersicht, die auch weniger bekannte Werkzeuge beinhaltet, gibt es u.a. auf dem Blog von <a href=\"http:\/\/gumpelmaier.net\/2012\/08\/07\/social-media-monitoring-tools-eine-wachsende-liste\/\" target=\"_blank\">Wolfgang Gumpelmaier<\/a>, ein weiterer \u00dcberblick zu kostenlosen Tools bei\u00a0<a href=\"http:\/\/kommunikation-zweinull.de\/kostenlose-social-media-monitoring-tools\/\" target=\"_blank\">Tim Krischak<\/a>.<\/p>\n<p style=\"text-align: justify;\">Einen ganz eigenen Ansatz verfolgt der in K\u00f6ln entwickelte Dienst <em><a href=\"http:\/\/scanthe.net\/\" target=\"_blank\">Scan the Net<\/a>, <\/em>der als\u00a0<em>Collaboration Monitoring Tool*\u00a0<\/em>bezeichnet wird. Er\u00a0verbindet Funktionen einer Suchmaschine mit der eines Netzwerks.\u00a0<em>Scan the Net<\/em> schlie\u00dft als ein <em>Mashup<\/em> an die APIs von Netzwerken und Diensten (u.a. Twitter, instagram, youtube, Flickr) an und hat damit in Echtzeit Zugriff auf die dar\u00fcber erreichbaren \u00f6ffentlichen, insbesondere auch die visuellen Inhalte. Als unregistrierter Nutzer kann man es als sich selber laufend aktualisierende Suchmaschine gebrauchen, die weitergehende Nutzung incl. der <em>sozialen<\/em> Funktionen erfordert eine Registrierung. Nach dem <em>follower<\/em>-Prinzip kann man anderen Nutzern folgen und Suchvorg\u00e4nge koordinieren. Die angezeigten Daten werden nicht gespeichert, <em>Suchen<\/em> k\u00f6nnen aber in angelegten <em>Boards<\/em>\u00a0abgelegt werden.<\/p>\n<p style=\"text-align: justify;\">In der Praxis eignet sich <em>Scan the Net<\/em> dank seiner Aktualit\u00e4t und der Integration der Bildkommunikation<em>\u00a0<\/em>besonders\u00a0zum Monitoring von Veranstaltungen und aktuellen Ereignissen, zudem ist die Suche regional bzw. \u00f6rtlich eingrenzbar. Man kann es als eine Art erweiterte Twitterwall nutzen &#8211; aber ebenso als eine \u00a0Quellenbasis f\u00fcr ein analytisches Monitoring oder weitere Forschung wie etwa einer <em><a href=\"http:\/\/www.klaus-janowitz.de\/html\/Netnographie.html\" target=\"_blank\">Netnographie<\/a>.<\/em>\u00a0Werkzeuge liefern Daten, aber diese Daten m\u00fcssen in den jeweils speziellen Sinnzusammenhang gestellt werden &#8211; und dazu braucht es Hintergrundwissen \u00a0und analytische F\u00e4higkeiten. Ein weiterer Einsatz sind Wettbewerbe und Fragestellungen \u00a0 mit vielen Teilnehmern bzw. Probanden, die dabei g\u00e4ngige &#8211; auch mobile &#8211; Dienste nutzen k\u00f6nnen. Mit vereinbarten #<em>hashtags<\/em> gekennzeichnete Inhalte werden ohne weiteres gefunden und k\u00f6nnen zusammengefasst werden.<br \/>\nIm folgenden habe ich als Beispiel zwei\u00a0<em>Widgets<\/em> eingebaut, die die eingehende Social Media Kommunikation\u00a0deutlich machen: zum Thema <em>Fashion week<\/em>\u00a0&#8211; ein visuell sehr ergiebiges Thema, als zweites zum Thema <em>Big Data<\/em>.\u00a0<em><br \/>\n<\/em><\/p>\n<p><iframe style=\"border: 0px;\" src=\"http:\/\/plugthe.net\/get_c.php?q=fashion%20week&amp;height=300&amp;ston=1&amp;inon=1&amp;flon=1&amp;yoon=1&amp;fbon=1&amp;twon=1&amp;langu=all&amp;twlink=1\" width=\"400\" height=\"300\" scrolling=\"no\"><\/iframe><\/p>\n<p>&nbsp;<\/p>\n<p><iframe style=\"border: 0px;\" src=\"http:\/\/plugthe.net\/get_c.php?q=bigdata&amp;height=300&amp;ston=1&amp;inon=1&amp;flon=1&amp;yoon=1&amp;fbon=1&amp;twon=1&amp;langu=all&amp;twlink=1\" width=\"400\" height=\"300\" scrolling=\"no\"><\/iframe><\/p>\n<div>\n<p><span style=\"font-size: 16px;\">\u00a0<\/span><\/p>\n<p>&nbsp;<\/p>\n<p><!-- Piwik --><br \/>\n<script type=\"text\/javascript\">\/\/ <![CDATA[\nvar pkBaseURL = ((\"https:\" == document.location.protocol) ? \"https:\/\/www.klaus-janowitz.de\/piwik\/\" : \"http:\/\/www.klaus-janowitz.de\/piwik\/\"); document.write(unescape(\"%3Cscript src='\" + pkBaseURL + \"piwik.js' type='text\/javascript'%3E%3C\/script%3E\"));\n\/\/ ]]><\/script><script type=\"text\/javascript\">\/\/ <![CDATA[\ntry { var piwikTracker = Piwik.getTracker(pkBaseURL + \"piwik.php\", 1); piwikTracker.trackPageView(); piwikTracker.enableLinkTracking(); } catch( err ) {}\n\/\/ ]]><\/script><\/p>\n<p><a style=\"font-size: 11px;\" href=\"http:\/\/scanthe.net?q=bigdata\"><br \/>\n<noscript>&amp;lt;img src=&#8221;http:\/\/www.klaus-janowitz.de\/piwik\/piwik.php?idsite=1&#8243; style=&#8221;border:0&#8243; alt=&#8221;&#8221; \/&amp;gt;&amp;lt;br \/&amp;gt;<\/noscript><\/a><\/p>\n<p>&nbsp;<\/p>\n<p><!-- End Piwik Tag --><\/p>\n<p><script type=\"text\/javascript\">\/\/ <![CDATA[\nvar gaJsHost = ((\"https:\" == document.location.protocol) ? \"https:\/\/ssl.\" : \"http:\/\/www.\"); document.write(unescape(\"%3Cscript src='\" + gaJsHost + \"google-analytics.com\/ga.js' type='text\/javascript'%3E%3C\/script%3E\"));\n\/\/ ]]><\/script><br \/>\n<script type=\"text\/javascript\">\/\/ <![CDATA[\nvar pageTracker = _gat._getTracker(\"UA-5982947-1\"); pageTracker._trackPageview();\n\/\/ ]]><\/script><\/p>\n<\/div>\n","protected":false},"excerpt":{"rendered":"<p>18\/01\/13 kmjan Werkzeuge zur Beobachtung von Kommunikation und Feedback im Internet gibt es mittlerweile en masse &#8211; mit ganz unterschiedlichen Funktionen und in ganz unterschiedlichen Preisklassen. Solche, mit denen man die eigenen Aktivit\u00e4ten im Netz im Blick beh\u00e4lt, andere beschr\u00e4nken sich auf wenige Funktionen bzw. die Beobachtung einzelner Dienste, und es gibt die bekannten, sehr &hellip; <\/p>\n<p class=\"link-more\"><a href=\"https:\/\/www.klaus-janowitz.de\/wordpress\/scan-the-net-social-monitoring\/\" class=\"more-link\"><span class=\"screen-reader-text\">\u201eScan the Net &#8211; Social Monitoring\u201c <\/span>weiterlesen<\/a><\/p>\n","protected":false},"author":1,"featured_media":0,"parent":0,"menu_order":0,"comment_status":"open","ping_status":"open","template":"","meta":{"jetpack_post_was_ever_published":false,"activitypub_content_warning":"","activitypub_content_visibility":"","activitypub_max_image_attachments":4,"activitypub_interaction_policy_quote":"","activitypub_status":"","footnotes":""},"class_list":["post-3066","page","type-page","status-publish","hentry"],"yoast_head":"<!-- This site is optimized with the Yoast SEO plugin v27.4 - https:\/\/yoast.com\/product\/yoast-seo-wordpress\/ -->\n<title>Scan the Net - Social Monitoring  - Netnographie &amp; Digitaler Wandel<\/title>\n<meta name=\"robots\" content=\"index, follow, max-snippet:-1, max-image-preview:large, max-video-preview:-1\" \/>\n<link rel=\"canonical\" href=\"https:\/\/www.klaus-janowitz.de\/wordpress\/scan-the-net-social-monitoring\/\" \/>\n<meta property=\"og:locale\" content=\"de_DE\" \/>\n<meta property=\"og:type\" content=\"article\" \/>\n<meta property=\"og:title\" content=\"Scan the Net - Social Monitoring  - Netnographie &amp; Digitaler Wandel\" \/>\n<meta property=\"og:description\" content=\"18\/01\/13 kmjan Werkzeuge zur Beobachtung von Kommunikation und Feedback im Internet gibt es mittlerweile en masse &#8211; mit ganz unterschiedlichen Funktionen und in ganz unterschiedlichen Preisklassen. Solche, mit denen man die eigenen Aktivit\u00e4ten im Netz im Blick beh\u00e4lt, andere beschr\u00e4nken sich auf wenige Funktionen bzw. die Beobachtung einzelner Dienste, und es gibt die bekannten, sehr &hellip; \u201eScan the Net &#8211; Social Monitoring\u201c weiterlesen\" \/>\n<meta property=\"og:url\" content=\"https:\/\/www.klaus-janowitz.de\/wordpress\/scan-the-net-social-monitoring\/\" \/>\n<meta property=\"og:site_name\" content=\"Netnographie &amp; Digitaler Wandel\" \/>\n<meta property=\"article:modified_time\" content=\"2014-12-09T19:27:58+00:00\" \/>\n<meta name=\"twitter:card\" content=\"summary_large_image\" \/>\n<meta name=\"twitter:label1\" content=\"Gesch\u00e4tzte Lesezeit\" \/>\n\t<meta name=\"twitter:data1\" content=\"2\u00a0Minuten\" \/>\n<script type=\"application\/ld+json\" class=\"yoast-schema-graph\">{\"@context\":\"https:\\\/\\\/schema.org\",\"@graph\":[{\"@type\":\"WebPage\",\"@id\":\"https:\\\/\\\/www.klaus-janowitz.de\\\/wordpress\\\/scan-the-net-social-monitoring\\\/\",\"url\":\"https:\\\/\\\/www.klaus-janowitz.de\\\/wordpress\\\/scan-the-net-social-monitoring\\\/\",\"name\":\"Scan the Net - Social Monitoring - Netnographie &amp; Digitaler Wandel\",\"isPartOf\":{\"@id\":\"https:\\\/\\\/www.klaus-janowitz.de\\\/wordpress\\\/#website\"},\"datePublished\":\"2013-01-18T12:28:46+00:00\",\"dateModified\":\"2014-12-09T19:27:58+00:00\",\"breadcrumb\":{\"@id\":\"https:\\\/\\\/www.klaus-janowitz.de\\\/wordpress\\\/scan-the-net-social-monitoring\\\/#breadcrumb\"},\"inLanguage\":\"de\",\"potentialAction\":[{\"@type\":\"ReadAction\",\"target\":[\"https:\\\/\\\/www.klaus-janowitz.de\\\/wordpress\\\/scan-the-net-social-monitoring\\\/\"]}]},{\"@type\":\"BreadcrumbList\",\"@id\":\"https:\\\/\\\/www.klaus-janowitz.de\\\/wordpress\\\/scan-the-net-social-monitoring\\\/#breadcrumb\",\"itemListElement\":[{\"@type\":\"ListItem\",\"position\":1,\"name\":\"Startseite\",\"item\":\"https:\\\/\\\/www.klaus-janowitz.de\\\/wordpress\\\/\"},{\"@type\":\"ListItem\",\"position\":2,\"name\":\"Scan the Net &#8211; Social Monitoring\"}]},{\"@type\":\"WebSite\",\"@id\":\"https:\\\/\\\/www.klaus-janowitz.de\\\/wordpress\\\/#website\",\"url\":\"https:\\\/\\\/www.klaus-janowitz.de\\\/wordpress\\\/\",\"name\":\"Netnographie &amp; Digitaler Wandel\",\"description\":\"Blog rund um die Themen Netnographie, Online-Kultur und Digitalen Wandel\",\"potentialAction\":[{\"@type\":\"SearchAction\",\"target\":{\"@type\":\"EntryPoint\",\"urlTemplate\":\"https:\\\/\\\/www.klaus-janowitz.de\\\/wordpress\\\/?s={search_term_string}\"},\"query-input\":{\"@type\":\"PropertyValueSpecification\",\"valueRequired\":true,\"valueName\":\"search_term_string\"}}],\"inLanguage\":\"de\"}]}<\/script>\n<!-- \/ Yoast SEO plugin. -->","yoast_head_json":{"title":"Scan the Net - Social Monitoring  - Netnographie &amp; Digitaler Wandel","robots":{"index":"index","follow":"follow","max-snippet":"max-snippet:-1","max-image-preview":"max-image-preview:large","max-video-preview":"max-video-preview:-1"},"canonical":"https:\/\/www.klaus-janowitz.de\/wordpress\/scan-the-net-social-monitoring\/","og_locale":"de_DE","og_type":"article","og_title":"Scan the Net - Social Monitoring  - Netnographie &amp; Digitaler Wandel","og_description":"18\/01\/13 kmjan Werkzeuge zur Beobachtung von Kommunikation und Feedback im Internet gibt es mittlerweile en masse &#8211; mit ganz unterschiedlichen Funktionen und in ganz unterschiedlichen Preisklassen. Solche, mit denen man die eigenen Aktivit\u00e4ten im Netz im Blick beh\u00e4lt, andere beschr\u00e4nken sich auf wenige Funktionen bzw. die Beobachtung einzelner Dienste, und es gibt die bekannten, sehr &hellip; \u201eScan the Net &#8211; Social Monitoring\u201c weiterlesen","og_url":"https:\/\/www.klaus-janowitz.de\/wordpress\/scan-the-net-social-monitoring\/","og_site_name":"Netnographie &amp; Digitaler Wandel","article_modified_time":"2014-12-09T19:27:58+00:00","twitter_card":"summary_large_image","twitter_misc":{"Gesch\u00e4tzte Lesezeit":"2\u00a0Minuten"},"schema":{"@context":"https:\/\/schema.org","@graph":[{"@type":"WebPage","@id":"https:\/\/www.klaus-janowitz.de\/wordpress\/scan-the-net-social-monitoring\/","url":"https:\/\/www.klaus-janowitz.de\/wordpress\/scan-the-net-social-monitoring\/","name":"Scan the Net - Social Monitoring - Netnographie &amp; Digitaler Wandel","isPartOf":{"@id":"https:\/\/www.klaus-janowitz.de\/wordpress\/#website"},"datePublished":"2013-01-18T12:28:46+00:00","dateModified":"2014-12-09T19:27:58+00:00","breadcrumb":{"@id":"https:\/\/www.klaus-janowitz.de\/wordpress\/scan-the-net-social-monitoring\/#breadcrumb"},"inLanguage":"de","potentialAction":[{"@type":"ReadAction","target":["https:\/\/www.klaus-janowitz.de\/wordpress\/scan-the-net-social-monitoring\/"]}]},{"@type":"BreadcrumbList","@id":"https:\/\/www.klaus-janowitz.de\/wordpress\/scan-the-net-social-monitoring\/#breadcrumb","itemListElement":[{"@type":"ListItem","position":1,"name":"Startseite","item":"https:\/\/www.klaus-janowitz.de\/wordpress\/"},{"@type":"ListItem","position":2,"name":"Scan the Net &#8211; Social Monitoring"}]},{"@type":"WebSite","@id":"https:\/\/www.klaus-janowitz.de\/wordpress\/#website","url":"https:\/\/www.klaus-janowitz.de\/wordpress\/","name":"Netnographie &amp; Digitaler Wandel","description":"Blog rund um die Themen Netnographie, Online-Kultur und Digitalen Wandel","potentialAction":[{"@type":"SearchAction","target":{"@type":"EntryPoint","urlTemplate":"https:\/\/www.klaus-janowitz.de\/wordpress\/?s={search_term_string}"},"query-input":{"@type":"PropertyValueSpecification","valueRequired":true,"valueName":"search_term_string"}}],"inLanguage":"de"}]}},"jetpack_sharing_enabled":true,"jetpack_shortlink":"https:\/\/wp.me\/P15Wn2-Ns","jetpack_likes_enabled":true,"jetpack-related-posts":[{"id":241,"url":"https:\/\/www.klaus-janowitz.de\/wordpress\/social-media-netnography\/","url_meta":{"origin":3066,"position":0},"title":"Social Media Netnography","author":"KlausMJan","date":"9. Januar 2011","format":false,"excerpt":"07\/01\/11\u00a0kmjan Immer wieder taucht die Frage auf, was den Unterschied zwischen\u00a0Netnographie und\u00a0Social Media (bzw. Web-)\u00a0Monitoring ausmacht. Es sind keine Methoden und Konzepte, die in Konkurrenz zueinander stehen, sondern Forschungsans\u00e4tze, die unterschiedlichen Bereichen entstammen, sich in der Forschungspraxis im Social Web aber nahe kommen und gelegentlich \u00fcberschneiden. Netnographie entstammt der Ethnographie\u2026","rel":"","context":"\u00c4hnlicher Beitrag","block_context":{"text":"\u00c4hnlicher Beitrag","link":""},"img":{"alt_text":"","src":"https:\/\/i0.wp.com\/www.klaus-janowitz.de\/wordpress\/wp-content\/uploads\/2010\/12\/tgraph.jpg?resize=350%2C200&ssl=1","width":350,"height":200,"srcset":"https:\/\/i0.wp.com\/www.klaus-janowitz.de\/wordpress\/wp-content\/uploads\/2010\/12\/tgraph.jpg?resize=350%2C200&ssl=1 1x, https:\/\/i0.wp.com\/www.klaus-janowitz.de\/wordpress\/wp-content\/uploads\/2010\/12\/tgraph.jpg?resize=525%2C300&ssl=1 1.5x"},"classes":[]},{"id":2570,"url":"https:\/\/www.klaus-janowitz.de\/wordpress\/bildkommunikation\/","url_meta":{"origin":3066,"position":1},"title":"Bildkommunikation: Shoot &#038; Share im mobilen Netz","author":"KlausMJan","date":"20. August 2012","format":false,"excerpt":"23\/08\/12 kmjan Ohne Bilder w\u00e4re das Internet \u00f6de: Bilder lockern nicht nur Textw\u00fcsten auf, ihr Informationsgehalt wird auch schneller wahrgenommen und\u00a0sie transportieren Emotionen. Sie erz\u00e4hlen Geschichten \u00fcber das, was sie zeigen und \u00fcber den, der sie zeigt. Die Botschaft eines gut visualisierten Textes wird ganz anders aufgenommen. Bis vor kurzem\u2026","rel":"","context":"\u00c4hnlicher Beitrag","block_context":{"text":"\u00c4hnlicher Beitrag","link":""},"img":{"alt_text":"","src":"https:\/\/i0.wp.com\/www.klaus-janowitz.de\/wordpress\/wp-content\/uploads\/2012\/08\/Segway-300x300.jpg?resize=350%2C200","width":350,"height":200},"classes":[]},{"id":389,"url":"https:\/\/www.klaus-janowitz.de\/wordpress\/qualitative-online-forschung\/","url_meta":{"origin":3066,"position":2},"title":"Qualitative Online-Forschung","author":"KlausMJan","date":"30. Januar 2011","format":false,"excerpt":"30\/01\/11\u00a0kmjan Mit der Nutzungsevolution zum Social Web steigt das Interesse an\u00a0qualitativen Online-Methoden. Qualitative Forschung zieht ihre Erkenntnisse aus der Analyse von Einzelf\u00e4llen, sie geht zumeist induktiv vor, d.h\u00a0der Forscher \u201eh\u00f6rt \u00a0zu\u201c - er bezieht Erkenntnisse und entwickelt Theorie aus den Einblicken, die das vorhandene Material gew\u00e4hrt. Zuh\u00f6ren - listening hei\u00dft\u2026","rel":"","context":"\u00c4hnlicher Beitrag","block_context":{"text":"\u00c4hnlicher Beitrag","link":""},"img":{"alt_text":"","src":"https:\/\/i0.wp.com\/www.klaus-janowitz.de\/wordpress\/wp-content\/uploads\/2011\/01\/schatten1.jpg?resize=350%2C200","width":350,"height":200,"srcset":"https:\/\/i0.wp.com\/www.klaus-janowitz.de\/wordpress\/wp-content\/uploads\/2011\/01\/schatten1.jpg?resize=350%2C200 1x, https:\/\/i0.wp.com\/www.klaus-janowitz.de\/wordpress\/wp-content\/uploads\/2011\/01\/schatten1.jpg?resize=525%2C300 1.5x"},"classes":[]},{"id":5256,"url":"https:\/\/www.klaus-janowitz.de\/wordpress\/p-o-s-e-auf-den-punkt-gebracht\/","url_meta":{"origin":3066,"position":3},"title":"P.O.S.E &#8211; auf den Punkt gebracht  (Paid, Owned, Shared, Earned Media)","author":"KlausMJan","date":"4. M\u00e4rz 2015","format":false,"excerpt":"4\/03\/15 kmjan Schon einige male hatte ich hier das Modell P.O.S.E. - Paid, Owned, Shared, Earned Media vorgestellt. Als die drei Kreise wurde es 2008 von Nokia zur Mediaplanung \"erfunden\". In der vierkreisigen\u00a0Form wurde es mir in dem - franz\u00f6sischsprachigen - Blog von Fr\u00e9d\u00e9ric Cavazza bekannt, anderswo auch unter anderen\u2026","rel":"","context":"\u00c4hnlicher Beitrag","block_context":{"text":"\u00c4hnlicher Beitrag","link":""},"img":{"alt_text":"","src":"https:\/\/i0.wp.com\/www.klaus-janowitz.de\/wordpress\/wp-content\/uploads\/2014\/11\/POSE-300x208.jpg?resize=350%2C200&ssl=1","width":350,"height":200},"classes":[]},{"id":14102,"url":"https:\/\/www.klaus-janowitz.de\/wordpress\/netnographie-2\/","url_meta":{"origin":3066,"position":4},"title":"Netnographie","author":"KlausMJan","date":"2. Dezember 2019","format":false,"excerpt":"Netnographie bzw. Netnography, ist ein qualitativer Forschungsansatz, der die in den Sozialwissenschaften entwickelten Methoden ethnographischer (Feld-) Forschung auf die M\u00f6glichkeiten der Informationsgewinnung im Internet anwendet. Gepr\u00e4gt und weiterentwickelt wurde der Forschungsansatz seit 1996 von dem kanadischen Kulturanthropologen und Marketer Robert V. Kozinets. Grunds\u00e4tzlich ist Netnographie - ebenso wie Ethnographie -\u2026","rel":"","context":"\u00c4hnlicher Beitrag","block_context":{"text":"\u00c4hnlicher Beitrag","link":""},"img":{"alt_text":"","src":"https:\/\/i0.wp.com\/www.klaus-janowitz.de\/wordpress\/wp-content\/uploads\/2015\/06\/Netzwerk-300x204.jpg?resize=350%2C200&ssl=1","width":350,"height":200},"classes":[]},{"id":244,"url":"https:\/\/www.klaus-janowitz.de\/wordpress\/netnocamp-revisited\/","url_meta":{"origin":3066,"position":5},"title":"Netnocamp revisited","author":"KlausMJan","date":"6. Oktober 2010","format":false,"excerpt":"&lt;img src=\"http:\/\/www.klaus-janowitz.de\/piwik\/piwik.php?idsite=1\" style=\"border:0\" alt=\"\" \/&gt;&lt;br \/&gt;06\/10\/10\u00a0kmjan Am 17.09. fand im Rahmen der Internetwoche K\u00f6ln das Netnocamp als erstes Barcamp zu Netnographie und Web-Monitoring statt \u201e...eine international besetzte offene Tagung zum Thema qualitative Forschung im Social Web\u201c - so beschreibt die IHK K\u00f6ln in Ihrem Newsletter das Netnocamp. Mit einer solchen\u2026","rel":"","context":"Mit 1 Kommentar","block_context":{"text":"Mit 1 Kommentar","link":"https:\/\/www.klaus-janowitz.de\/wordpress\/netnocamp-revisited\/#comments"},"img":{"alt_text":"","src":"https:\/\/i0.wp.com\/www.klaus-janowitz.de\/wordpress\/wp-content\/uploads\/2010\/12\/NetnoCamp_Logo2.jpg?resize=350%2C200","width":350,"height":200},"classes":[]}],"_links":{"self":[{"href":"https:\/\/www.klaus-janowitz.de\/wordpress\/wp-json\/wp\/v2\/pages\/3066","targetHints":{"allow":["GET"]}}],"collection":[{"href":"https:\/\/www.klaus-janowitz.de\/wordpress\/wp-json\/wp\/v2\/pages"}],"about":[{"href":"https:\/\/www.klaus-janowitz.de\/wordpress\/wp-json\/wp\/v2\/types\/page"}],"author":[{"embeddable":true,"href":"https:\/\/www.klaus-janowitz.de\/wordpress\/wp-json\/wp\/v2\/users\/1"}],"replies":[{"embeddable":true,"href":"https:\/\/www.klaus-janowitz.de\/wordpress\/wp-json\/wp\/v2\/comments?post=3066"}],"version-history":[{"count":85,"href":"https:\/\/www.klaus-janowitz.de\/wordpress\/wp-json\/wp\/v2\/pages\/3066\/revisions"}],"predecessor-version":[{"id":5047,"href":"https:\/\/www.klaus-janowitz.de\/wordpress\/wp-json\/wp\/v2\/pages\/3066\/revisions\/5047"}],"wp:attachment":[{"href":"https:\/\/www.klaus-janowitz.de\/wordpress\/wp-json\/wp\/v2\/media?parent=3066"}],"curies":[{"name":"wp","href":"https:\/\/api.w.org\/{rel}","templated":true}]}}