{"id":2879,"date":"2012-10-23T21:41:42","date_gmt":"2012-10-23T19:41:42","guid":{"rendered":"http:\/\/www.klaus-janowitz.de\/wordpress\/?page_id=2879"},"modified":"2016-07-24T10:34:04","modified_gmt":"2016-07-24T08:34:04","slug":"netnographie-oder-social-media-research","status":"publish","type":"page","link":"https:\/\/www.klaus-janowitz.de\/wordpress\/netnographie-oder-social-media-research\/","title":{"rendered":"Netnographie oder Social Media Research?"},"content":{"rendered":"<p style=\"text-align: justify;\">23\/10\/12\u00a0<a href=\"http:\/\/www.klaus-janowitz.de\/\" target=\"_blank\">kmjan<\/a><br \/>\nK\u00fcrzlich wurde ich von den Herausgebern des Handbuchs zur Online-Forschung (erscheint 2013) gebeten, den Beitrag zu <a href=\"http:\/\/www.klaus-janowitz.de\/html\/Netnographie.html\" target=\"_blank\"><em>Netnographie<\/em><\/a> zu schreiben. Eine Gelegenheit die Entwicklung seit Mitte der 90er Jahre zur\u00fcckzuverfolgen. Die Welt der (damals) Neuen Medien, der Online-Communities und der Art und Weise wie wir sie sehen und erleben hat mittlerweile fast zwei Jahrzehnte Geschichte. Damals sprach man vom <em>Cyberspace<\/em> und <em>virtueller Vergemeinschaftung<\/em>, seit einigen Jahren heisst es zumeist <em>Social Media<\/em> und gelegentlich ist von <em>augmented reality<\/em>, der erweiterten Realit\u00e4t die Rede. Welche Rolle spielt\u00a0<em>Netnographie<\/em> als qualitative\u00a0<em>Forschungsperspektive<\/em>\u00a0in diesem sich weiter entwickelnden Feld &#8211; und welchen Stellenwert hat sie gegen\u00fcber Begriffen wie <em>Social Media Research<\/em>?<\/p>\n<figure id=\"attachment_2919\" aria-describedby=\"caption-attachment-2919\" style=\"width: 300px\" class=\"wp-caption alignleft\"><a href=\"http:\/\/www.klaus-janowitz.de\/wordpress\/netnographie-oder-social-media-research\/schattendiskussion\" rel=\"attachment wp-att-2919\"><img data-recalc-dims=\"1\" fetchpriority=\"high\" decoding=\"async\" class=\"size-medium wp-image-2919 \" title=\"Schattendiskussion\" src=\"https:\/\/i0.wp.com\/www.klaus-janowitz.de\/wordpress\/wp-content\/uploads\/2012\/10\/Schattendiskussion-300x238.jpg?resize=300%2C238\" alt=\"\" width=\"300\" height=\"238\" srcset=\"https:\/\/i0.wp.com\/www.klaus-janowitz.de\/wordpress\/wp-content\/uploads\/2012\/10\/Schattendiskussion.jpg?resize=300%2C238&amp;ssl=1 300w, https:\/\/i0.wp.com\/www.klaus-janowitz.de\/wordpress\/wp-content\/uploads\/2012\/10\/Schattendiskussion.jpg?w=800&amp;ssl=1 800w\" sizes=\"(max-width: 300px) 100vw, 300px\" \/><\/a><figcaption id=\"caption-attachment-2919\" class=\"wp-caption-text\">Forschungsperspektive im Cyberspace<\/figcaption><\/figure>\n<p style=\"text-align: justify;\">Ebenso wie Ethnographie ist Netnographie\u00a0keine einzelne Methode, sondern setzt als Forschungsperspektive jeweils geeignete Methoden im Forschungsprozess ein.\u00a0Bestimmende Merkmale sind v.a. das induktive bzw. bottom-up Vorgehen und die Beachtung des kulturellen Kontextes. Der Ansatz wurde seit Mitte der 90er Jahre als ethnographische Forschungsperspektive in der damals neu entstandenen Online-Umgebung entwickelt, mit Bezug zu Theorien von <em>Consumer Culture<\/em> und Modellen des <a href=\"http:\/\/www.klaus-janowitz.de\/wordpress\/stamme-im-netz-die-tribale-metapher\" target=\"_blank\"><em>Neotribalismus<\/em><\/a>. Netnographie kann sowohl auf Online-Communities wie auf Online-Kommunikation gerichtet sein. Das bedeutet deutliche Unterschiede in der Fragestellung, im Feld und in den ausgew\u00e4hlten Methoden. Bestes Beispiel f\u00fcr die Forschung zu Communities ist bereits die initiale Studie zur StarTrek Community (Kozinets 1998), zu <a href=\"http:\/\/de.wikipedia.org\/wiki\/Straight_Edge\" target=\"_blank\">StraightEdge<\/a>\u00a0(Williams &amp; Copes, 2005) &#8211; oder auch zu Konsumkulturen wie Kaffee oder <a href=\"http:\/\/www.klaus-janowitz.de\/wordpress\/kleine-netnographie-der-schokolade\/\" target=\"_blank\">Schokolade<\/a>.\u00a0In diesen F\u00e4llen\u00a0kann\u00a0die\u00a0teilnehmende\u00a0Beobachtung des Forschers im Mittelpunkt stehen &#8211; mit den entsprechenden ethischen Implikationen.\u00a0\u00c4hnlichkeiten zum Forschungsparadigma der Cultural Studies fallen auf, geht es doch um die Bedeutung der jeweiligen (Sub-) Kultur im Alltagsleben.<br \/>\nSteht die Online-Kommunikation im Focus ist qualitative Inhaltsanalyse incl. kultureller Kontextualisierung vorherrschende Methode. Das k\u00f6nnen sehr unterschiedliche Themen sein, etwa <em>Fairtrade<\/em>\u00a0oder Studien zu einzelnen Marken und Produkten. Die Praxis wird meist von der Nachfrageseite bestimmt, die an m\u00f6glichst detaillierten Ergebnissen zu Einsch\u00e4tzungen von Produkten und Dienstleistungen und des kulturellen Kontextes \u00a0der Consumer Culture interessiert ist. G\u00e4ngige Monitoring-Tools erleichtern das Auffinden und die Auswahl geeigneter Online-Kommunikation sehr &#8211; f\u00fcr die Auswertung sind sie aber weitgehend ohne Belang. Vollautomatisierte Angebote gehen hier am Ziel vorbei. Es fehlt die kulturelle Kontextualisierung.<\/p>\n<figure id=\"attachment_2956\" aria-describedby=\"caption-attachment-2956\" style=\"width: 300px\" class=\"wp-caption alignright\"><a href=\"http:\/\/www.klaus-janowitz.de\/wordpress\/netnographie-oder-social-media-research\/glaser\" rel=\"attachment wp-att-2956\"><img data-recalc-dims=\"1\" decoding=\"async\" class=\"size-medium wp-image-2956\" title=\"Gl\u00e4ser\" src=\"https:\/\/i0.wp.com\/www.klaus-janowitz.de\/wordpress\/wp-content\/uploads\/2012\/10\/Gl%C3%A4ser-300x199.jpg?resize=300%2C199\" alt=\"\" width=\"300\" height=\"199\" srcset=\"https:\/\/i0.wp.com\/www.klaus-janowitz.de\/wordpress\/wp-content\/uploads\/2012\/10\/Gl%C3%A4ser.jpg?resize=300%2C199&amp;ssl=1 300w, https:\/\/i0.wp.com\/www.klaus-janowitz.de\/wordpress\/wp-content\/uploads\/2012\/10\/Gl%C3%A4ser.jpg?w=800&amp;ssl=1 800w\" sizes=\"(max-width: 300px) 100vw, 300px\" \/><\/a><figcaption id=\"caption-attachment-2956\" class=\"wp-caption-text\">Nachgefragt werden Consumer Insights<\/figcaption><\/figure>\n<p style=\"text-align: justify;\">Netnographie hat internationale Verbreitung und Bekanntheit erreicht,\u00a0nicht nur in den angels\u00e4chsischen L\u00e4ndern, auch in Lateinamerika und z.B. in <a href=\"http:\/\/www.etnografiadigitale.it\/netnografia\" target=\"_blank\">Italien<\/a>.\u00a0Im deutschsprachigen Raum \u00a0 ist Netnographie als Begriff gel\u00e4ufig, hat sich aber weniger verbreitet. Am bekanntesten ist wohl die Anwendung in der Verbindung mit <em>Open Innovation<\/em> bei der Produktinnovation. Es scheint oft, dass der Hype um und die Diskussion zu\u00a0<em>Social Media<\/em>\u00a0andere Begriffe der Online-Forschung \u00fcberlagert hat. \u00a0Tats\u00e4chlich hat die Verbreitung von Monitoring-Software den Zugang zu Online-Kommunikation enorm vereinfacht und erweitert. Die Bezeichnung<em>\u00a0Social Media Research (SMR)<\/em>\u00a0bedeutet nichts anderes, als dass in Social Media geforscht wird, eine n\u00e4here Zuordnung zu einem Forschungsprogramm oder den angewandten Methoden ist damit nicht verbunden. Darunter k\u00f6nnen sehr umfangreiche und komplexe Forschungsdesigns fallen, aber auch solche, die sich eines kulturellen Kontextes gar nicht bewu\u00dft sind. In der Praxis k\u00f6nnen sich\u00a0<em>SMR<\/em>-Studien mit Netnographie \u00fcberschneiden.<\/p>\n<p style=\"text-align: justify;\">Das Feld der Online-Medien und seine Verkn\u00fcpfungen mit der \u00fcbrigen Lebenswelt ist sowohl f\u00fcr die auftragsbezogene Marktforschung, wie f\u00fcr die\u00a0akademische Sozialforschung \u00a0eines der bedeutendsten Zukunftshemen, und es gibt Bedarf am ethnographischen Blick &#8211; gleich unter welchem Label das geschieht. Eine Beobachtung l\u00e4sst sich festhalten: \u00a0In den Anfangsjahren des Internets meinte man oft, gesellschaftliche Gruppen w\u00fcrden sich, beg\u00fcnstigt durch die neuen M\u00f6glichkeiten in zahllose Interessengruppen\u00a0<em>retribalisieren<\/em>. Sicherlich wird allen Subkulturen und Interessengruppen Raum geboten<em>,\u00a0<\/em>da sich aber ein sehr gro\u00dfer Teil der Bev\u00f6lkerung selber daran beteiligt, haben sie aufgeh\u00f6rt Subkulturen zu sein.<\/p>\n<p style=\"text-align: justify;\">Bildnachweise: \u00a0<a href=\"http:\/\/www.photocase.de\/\" target=\"_blank\">time.\/photocase.com<\/a>\u00a0und\u00a0<a href=\"http:\/\/www.photocase.de\/\" target=\"_blank\">uomo\/photocase.com<\/a><\/p>\n<p>&nbsp;<\/p>\n<p><!-- Piwik --><script type=\"text\/javascript\">\/\/ <![CDATA[\nvar pkBaseURL = ((\"https:\" == document.location.protocol) ? \"https:\/\/www.klaus-janowitz.de\/piwik\/\" : \"http:\/\/www.klaus-janowitz.de\/piwik\/\"); document.write(unescape(\"%3Cscript src='\" + pkBaseURL + \"piwik.js' type='text\/javascript'%3E%3C\/script%3E\"));\n\/\/ ]]><\/script><script type=\"text\/javascript\">\/\/ <![CDATA[\ntry { var piwikTracker = Piwik.getTracker(pkBaseURL + \"piwik.php\", 1); piwikTracker.trackPageView(); piwikTracker.enableLinkTracking(); } catch( err ) {}\n\/\/ ]]><\/script><\/p>\n<p><noscript>&amp;amp;amp;amp;amp;amp;amp;lt;img src=&#8221;http:\/\/www.klaus-janowitz.de\/piwik\/piwik.php?idsite=1&#8243; style=&#8221;border:0&#8243; alt=&#8221;&#8221; \/&amp;amp;amp;amp;amp;amp;amp;gt;&amp;amp;amp;amp;amp;amp;amp;lt;br \/&amp;amp;amp;amp;amp;amp;amp;gt;<\/noscript><noscript>&amp;amp;amp;amp;amp;amp;amp;amp;amp;amp;amp;amp;amp;amp;amp;amp;amp;amp;amp;amp;amp;amp;amp;amp;amp;amp;amp;amp;amp;amp;amp;amp;amp;amp;amp;amp;amp;lt;img src=&#8221;http:\/\/www.klaus-janowitz.de\/piwik\/piwik.php?idsite=1&#8243; style=&#8221;border:0&#8243; alt=&#8221;&#8221; \/&amp;amp;amp;amp;amp;amp;amp;amp;amp;amp;amp;amp;amp;amp;amp;amp;amp;amp;amp;amp;amp;amp;amp;amp;amp;amp;amp;amp;amp;amp;amp;amp;amp;amp;amp;amp;amp;gt;&amp;amp;amp;amp;amp;amp;amp;amp;amp;amp;amp;amp;amp;amp;amp;amp;amp;amp;amp;amp;amp;amp;amp;amp;amp;amp;amp;amp;amp;amp;amp;amp;amp;amp;amp;amp;amp;lt;br \/&amp;amp;amp;amp;amp;amp;amp;amp;amp;amp;amp;amp;amp;amp;amp;amp;amp;amp;amp;amp;amp;amp;amp;amp;amp;amp;amp;amp;amp;amp;amp;amp;amp;amp;amp;amp;amp;gt;<\/noscript><!-- End Piwik Tag --><\/p>\n<p><script type=\"text\/javascript\">\/\/ <![CDATA[\nvar gaJsHost = ((\"https:\" == document.location.protocol) ? \"https:\/\/ssl.\" : \"http:\/\/www.\"); document.write(unescape(\"%3Cscript src='\" + gaJsHost + \"google-analytics.com\/ga.js' type='text\/javascript'%3E%3C\/script%3E\"));\n\/\/ ]]><\/script><br \/>\n<script type=\"text\/javascript\">\/\/ <![CDATA[\nvar pageTracker = _gat._getTracker(\"UA-5982947-1\"); pageTracker._trackPageview();\n\/\/ ]]><\/script><\/p>\n","protected":false},"excerpt":{"rendered":"<p>23\/10\/12\u00a0kmjan K\u00fcrzlich wurde ich von den Herausgebern des Handbuchs zur Online-Forschung (erscheint 2013) gebeten, den Beitrag zu Netnographie zu schreiben. Eine Gelegenheit die Entwicklung seit Mitte der 90er Jahre zur\u00fcckzuverfolgen. Die Welt der (damals) Neuen Medien, der Online-Communities und der Art und Weise wie wir sie sehen und erleben hat mittlerweile fast zwei Jahrzehnte Geschichte. &hellip; <\/p>\n<p class=\"link-more\"><a href=\"https:\/\/www.klaus-janowitz.de\/wordpress\/netnographie-oder-social-media-research\/\" class=\"more-link\"><span class=\"screen-reader-text\">\u201eNetnographie oder Social Media Research?\u201c <\/span>weiterlesen<\/a><\/p>\n","protected":false},"author":1,"featured_media":0,"parent":0,"menu_order":0,"comment_status":"open","ping_status":"open","template":"","meta":{"jetpack_post_was_ever_published":false,"activitypub_content_warning":"","activitypub_content_visibility":"","activitypub_max_image_attachments":4,"activitypub_interaction_policy_quote":"","activitypub_status":"","footnotes":""},"class_list":["post-2879","page","type-page","status-publish","hentry"],"yoast_head":"<!-- This site is optimized with the Yoast SEO plugin v27.4 - https:\/\/yoast.com\/product\/yoast-seo-wordpress\/ -->\n<title>Netnographie oder Social Media Research? - Netnographie &amp; Digitaler Wandel<\/title>\n<meta name=\"robots\" content=\"index, follow, max-snippet:-1, max-image-preview:large, max-video-preview:-1\" \/>\n<link rel=\"canonical\" href=\"https:\/\/www.klaus-janowitz.de\/wordpress\/netnographie-oder-social-media-research\/\" \/>\n<meta property=\"og:locale\" content=\"de_DE\" \/>\n<meta property=\"og:type\" content=\"article\" \/>\n<meta property=\"og:title\" content=\"Netnographie oder Social Media Research? - Netnographie &amp; Digitaler Wandel\" \/>\n<meta property=\"og:description\" content=\"23\/10\/12\u00a0kmjan K\u00fcrzlich wurde ich von den Herausgebern des Handbuchs zur Online-Forschung (erscheint 2013) gebeten, den Beitrag zu Netnographie zu schreiben. Eine Gelegenheit die Entwicklung seit Mitte der 90er Jahre zur\u00fcckzuverfolgen. Die Welt der (damals) Neuen Medien, der Online-Communities und der Art und Weise wie wir sie sehen und erleben hat mittlerweile fast zwei Jahrzehnte Geschichte. &hellip; \u201eNetnographie oder Social Media Research?\u201c weiterlesen\" \/>\n<meta property=\"og:url\" content=\"https:\/\/www.klaus-janowitz.de\/wordpress\/netnographie-oder-social-media-research\/\" \/>\n<meta property=\"og:site_name\" content=\"Netnographie &amp; Digitaler Wandel\" \/>\n<meta property=\"article:modified_time\" content=\"2016-07-24T08:34:04+00:00\" \/>\n<meta property=\"og:image\" content=\"http:\/\/www.klaus-janowitz.de\/wordpress\/wp-content\/uploads\/2012\/10\/Schattendiskussion-300x238.jpg\" \/>\n<meta name=\"twitter:card\" content=\"summary_large_image\" \/>\n<meta name=\"twitter:label1\" content=\"Gesch\u00e4tzte Lesezeit\" \/>\n\t<meta name=\"twitter:data1\" content=\"4\u00a0Minuten\" \/>\n<script type=\"application\/ld+json\" class=\"yoast-schema-graph\">{\"@context\":\"https:\\\/\\\/schema.org\",\"@graph\":[{\"@type\":\"WebPage\",\"@id\":\"https:\\\/\\\/www.klaus-janowitz.de\\\/wordpress\\\/netnographie-oder-social-media-research\\\/\",\"url\":\"https:\\\/\\\/www.klaus-janowitz.de\\\/wordpress\\\/netnographie-oder-social-media-research\\\/\",\"name\":\"Netnographie oder Social Media Research? - Netnographie &amp; Digitaler Wandel\",\"isPartOf\":{\"@id\":\"https:\\\/\\\/www.klaus-janowitz.de\\\/wordpress\\\/#website\"},\"primaryImageOfPage\":{\"@id\":\"https:\\\/\\\/www.klaus-janowitz.de\\\/wordpress\\\/netnographie-oder-social-media-research\\\/#primaryimage\"},\"image\":{\"@id\":\"https:\\\/\\\/www.klaus-janowitz.de\\\/wordpress\\\/netnographie-oder-social-media-research\\\/#primaryimage\"},\"thumbnailUrl\":\"http:\\\/\\\/www.klaus-janowitz.de\\\/wordpress\\\/wp-content\\\/uploads\\\/2012\\\/10\\\/Schattendiskussion-300x238.jpg\",\"datePublished\":\"2012-10-23T19:41:42+00:00\",\"dateModified\":\"2016-07-24T08:34:04+00:00\",\"breadcrumb\":{\"@id\":\"https:\\\/\\\/www.klaus-janowitz.de\\\/wordpress\\\/netnographie-oder-social-media-research\\\/#breadcrumb\"},\"inLanguage\":\"de\",\"potentialAction\":[{\"@type\":\"ReadAction\",\"target\":[\"https:\\\/\\\/www.klaus-janowitz.de\\\/wordpress\\\/netnographie-oder-social-media-research\\\/\"]}]},{\"@type\":\"ImageObject\",\"inLanguage\":\"de\",\"@id\":\"https:\\\/\\\/www.klaus-janowitz.de\\\/wordpress\\\/netnographie-oder-social-media-research\\\/#primaryimage\",\"url\":\"http:\\\/\\\/www.klaus-janowitz.de\\\/wordpress\\\/wp-content\\\/uploads\\\/2012\\\/10\\\/Schattendiskussion-300x238.jpg\",\"contentUrl\":\"http:\\\/\\\/www.klaus-janowitz.de\\\/wordpress\\\/wp-content\\\/uploads\\\/2012\\\/10\\\/Schattendiskussion-300x238.jpg\"},{\"@type\":\"BreadcrumbList\",\"@id\":\"https:\\\/\\\/www.klaus-janowitz.de\\\/wordpress\\\/netnographie-oder-social-media-research\\\/#breadcrumb\",\"itemListElement\":[{\"@type\":\"ListItem\",\"position\":1,\"name\":\"Startseite\",\"item\":\"https:\\\/\\\/www.klaus-janowitz.de\\\/wordpress\\\/\"},{\"@type\":\"ListItem\",\"position\":2,\"name\":\"Netnographie oder Social Media Research?\"}]},{\"@type\":\"WebSite\",\"@id\":\"https:\\\/\\\/www.klaus-janowitz.de\\\/wordpress\\\/#website\",\"url\":\"https:\\\/\\\/www.klaus-janowitz.de\\\/wordpress\\\/\",\"name\":\"Netnographie &amp; Digitaler Wandel\",\"description\":\"Blog rund um die Themen Netnographie, Online-Kultur und Digitalen Wandel\",\"potentialAction\":[{\"@type\":\"SearchAction\",\"target\":{\"@type\":\"EntryPoint\",\"urlTemplate\":\"https:\\\/\\\/www.klaus-janowitz.de\\\/wordpress\\\/?s={search_term_string}\"},\"query-input\":{\"@type\":\"PropertyValueSpecification\",\"valueRequired\":true,\"valueName\":\"search_term_string\"}}],\"inLanguage\":\"de\"}]}<\/script>\n<!-- \/ Yoast SEO plugin. -->","yoast_head_json":{"title":"Netnographie oder Social Media Research? - Netnographie &amp; Digitaler Wandel","robots":{"index":"index","follow":"follow","max-snippet":"max-snippet:-1","max-image-preview":"max-image-preview:large","max-video-preview":"max-video-preview:-1"},"canonical":"https:\/\/www.klaus-janowitz.de\/wordpress\/netnographie-oder-social-media-research\/","og_locale":"de_DE","og_type":"article","og_title":"Netnographie oder Social Media Research? - Netnographie &amp; Digitaler Wandel","og_description":"23\/10\/12\u00a0kmjan K\u00fcrzlich wurde ich von den Herausgebern des Handbuchs zur Online-Forschung (erscheint 2013) gebeten, den Beitrag zu Netnographie zu schreiben. Eine Gelegenheit die Entwicklung seit Mitte der 90er Jahre zur\u00fcckzuverfolgen. Die Welt der (damals) Neuen Medien, der Online-Communities und der Art und Weise wie wir sie sehen und erleben hat mittlerweile fast zwei Jahrzehnte Geschichte. &hellip; \u201eNetnographie oder Social Media Research?\u201c weiterlesen","og_url":"https:\/\/www.klaus-janowitz.de\/wordpress\/netnographie-oder-social-media-research\/","og_site_name":"Netnographie &amp; Digitaler Wandel","article_modified_time":"2016-07-24T08:34:04+00:00","og_image":[{"url":"http:\/\/www.klaus-janowitz.de\/wordpress\/wp-content\/uploads\/2012\/10\/Schattendiskussion-300x238.jpg","type":"","width":"","height":""}],"twitter_card":"summary_large_image","twitter_misc":{"Gesch\u00e4tzte Lesezeit":"4\u00a0Minuten"},"schema":{"@context":"https:\/\/schema.org","@graph":[{"@type":"WebPage","@id":"https:\/\/www.klaus-janowitz.de\/wordpress\/netnographie-oder-social-media-research\/","url":"https:\/\/www.klaus-janowitz.de\/wordpress\/netnographie-oder-social-media-research\/","name":"Netnographie oder Social Media Research? - Netnographie &amp; Digitaler Wandel","isPartOf":{"@id":"https:\/\/www.klaus-janowitz.de\/wordpress\/#website"},"primaryImageOfPage":{"@id":"https:\/\/www.klaus-janowitz.de\/wordpress\/netnographie-oder-social-media-research\/#primaryimage"},"image":{"@id":"https:\/\/www.klaus-janowitz.de\/wordpress\/netnographie-oder-social-media-research\/#primaryimage"},"thumbnailUrl":"http:\/\/www.klaus-janowitz.de\/wordpress\/wp-content\/uploads\/2012\/10\/Schattendiskussion-300x238.jpg","datePublished":"2012-10-23T19:41:42+00:00","dateModified":"2016-07-24T08:34:04+00:00","breadcrumb":{"@id":"https:\/\/www.klaus-janowitz.de\/wordpress\/netnographie-oder-social-media-research\/#breadcrumb"},"inLanguage":"de","potentialAction":[{"@type":"ReadAction","target":["https:\/\/www.klaus-janowitz.de\/wordpress\/netnographie-oder-social-media-research\/"]}]},{"@type":"ImageObject","inLanguage":"de","@id":"https:\/\/www.klaus-janowitz.de\/wordpress\/netnographie-oder-social-media-research\/#primaryimage","url":"http:\/\/www.klaus-janowitz.de\/wordpress\/wp-content\/uploads\/2012\/10\/Schattendiskussion-300x238.jpg","contentUrl":"http:\/\/www.klaus-janowitz.de\/wordpress\/wp-content\/uploads\/2012\/10\/Schattendiskussion-300x238.jpg"},{"@type":"BreadcrumbList","@id":"https:\/\/www.klaus-janowitz.de\/wordpress\/netnographie-oder-social-media-research\/#breadcrumb","itemListElement":[{"@type":"ListItem","position":1,"name":"Startseite","item":"https:\/\/www.klaus-janowitz.de\/wordpress\/"},{"@type":"ListItem","position":2,"name":"Netnographie oder Social Media Research?"}]},{"@type":"WebSite","@id":"https:\/\/www.klaus-janowitz.de\/wordpress\/#website","url":"https:\/\/www.klaus-janowitz.de\/wordpress\/","name":"Netnographie &amp; Digitaler Wandel","description":"Blog rund um die Themen Netnographie, Online-Kultur und Digitalen Wandel","potentialAction":[{"@type":"SearchAction","target":{"@type":"EntryPoint","urlTemplate":"https:\/\/www.klaus-janowitz.de\/wordpress\/?s={search_term_string}"},"query-input":{"@type":"PropertyValueSpecification","valueRequired":true,"valueName":"search_term_string"}}],"inLanguage":"de"}]}},"jetpack_sharing_enabled":true,"jetpack_shortlink":"https:\/\/wp.me\/P15Wn2-Kr","jetpack_likes_enabled":true,"jetpack-related-posts":[{"id":14102,"url":"https:\/\/www.klaus-janowitz.de\/wordpress\/netnographie-2\/","url_meta":{"origin":2879,"position":0},"title":"Netnographie","author":"KlausMJan","date":"2. Dezember 2019","format":false,"excerpt":"Netnographie bzw. Netnography, ist ein qualitativer Forschungsansatz, der die in den Sozialwissenschaften entwickelten Methoden ethnographischer (Feld-) Forschung auf die M\u00f6glichkeiten der Informationsgewinnung im Internet anwendet. Gepr\u00e4gt und weiterentwickelt wurde der Forschungsansatz seit 1996 von dem kanadischen Kulturanthropologen und Marketer Robert V. Kozinets. Grunds\u00e4tzlich ist Netnographie - ebenso wie Ethnographie -\u2026","rel":"","context":"\u00c4hnlicher Beitrag","block_context":{"text":"\u00c4hnlicher Beitrag","link":""},"img":{"alt_text":"","src":"https:\/\/i0.wp.com\/www.klaus-janowitz.de\/wordpress\/wp-content\/uploads\/2015\/06\/Netzwerk-300x204.jpg?resize=350%2C200&ssl=1","width":350,"height":200},"classes":[]},{"id":13940,"url":"https:\/\/www.klaus-janowitz.de\/wordpress\/netnographie-3e-rez\/","url_meta":{"origin":2879,"position":1},"title":"Netnographie &#8211; 3E (Rez.)","author":"KlausMJan","date":"21. November 2019","format":false,"excerpt":"22\/11\/19 kmjan Vor einigen Wochen erschien bei Sage Publ. die 3. Ed. zu Netnographie als Netnography. The Essential Guide to Qualitative Social Media Research. Vorausgegangen waren 2010 Netnography. Doing Ethnographic Research Online und\u00a0 2015 Netnography. Redifined. Netnographie wurde seit den 90er Jahren von Autor\u00a0Robert Kozinets im entstehenden \u00a0und sich stetig\u2026","rel":"","context":"\u00c4hnlicher Beitrag","block_context":{"text":"\u00c4hnlicher Beitrag","link":""},"img":{"alt_text":"","src":"https:\/\/i0.wp.com\/www.klaus-janowitz.de\/wordpress\/wp-content\/uploads\/2019\/11\/Netnography_3-213x300.jpg?resize=350%2C200&ssl=1","width":350,"height":200},"classes":[]},{"id":244,"url":"https:\/\/www.klaus-janowitz.de\/wordpress\/netnocamp-revisited\/","url_meta":{"origin":2879,"position":2},"title":"Netnocamp revisited","author":"KlausMJan","date":"6. Oktober 2010","format":false,"excerpt":"&lt;img src=\"http:\/\/www.klaus-janowitz.de\/piwik\/piwik.php?idsite=1\" style=\"border:0\" alt=\"\" \/&gt;&lt;br \/&gt;06\/10\/10\u00a0kmjan Am 17.09. fand im Rahmen der Internetwoche K\u00f6ln das Netnocamp als erstes Barcamp zu Netnographie und Web-Monitoring statt \u201e...eine international besetzte offene Tagung zum Thema qualitative Forschung im Social Web\u201c - so beschreibt die IHK K\u00f6ln in Ihrem Newsletter das Netnocamp. Mit einer solchen\u2026","rel":"","context":"Mit 1 Kommentar","block_context":{"text":"Mit 1 Kommentar","link":"https:\/\/www.klaus-janowitz.de\/wordpress\/netnocamp-revisited\/#comments"},"img":{"alt_text":"","src":"https:\/\/i0.wp.com\/www.klaus-janowitz.de\/wordpress\/wp-content\/uploads\/2010\/12\/NetnoCamp_Logo2.jpg?resize=350%2C200","width":350,"height":200},"classes":[]},{"id":14741,"url":"https:\/\/www.klaus-janowitz.de\/wordpress\/ueber-diesen-blog\/","url_meta":{"origin":2879,"position":3},"title":"\u00dcber diesen Blog","author":"KlausMJan","date":"27. Januar 2020","format":false,"excerpt":"Der (bzw. das) Blog\u00a0 Netnographie und digitaler Wandel besteht seit Herbst 2010.\u00a0Ausgangspunkt war damals das Netnocamp im Rahmen der Internetwoche, veranstaltet bei der\u00a0 IHK K\u00f6ln.\u00a0 Vorausgegangen war eine Website zu einem Projekt Online- Kundenbefragungen in Zusammenarbeit mit dem Softwareanbieter Globalpark (heute Questback). Digitaler Wandel (bzw. Transformation) pr\u00e4gte das ganze letzte\u2026","rel":"","context":"\u00c4hnlicher Beitrag","block_context":{"text":"\u00c4hnlicher Beitrag","link":""},"img":{"alt_text":"","src":"https:\/\/i0.wp.com\/www.klaus-janowitz.de\/wordpress\/wp-content\/uploads\/2019\/11\/Digital_floor-283x300.png?resize=350%2C200&ssl=1","width":350,"height":200},"classes":[]},{"id":241,"url":"https:\/\/www.klaus-janowitz.de\/wordpress\/social-media-netnography\/","url_meta":{"origin":2879,"position":4},"title":"Social Media Netnography","author":"KlausMJan","date":"9. Januar 2011","format":false,"excerpt":"07\/01\/11\u00a0kmjan Immer wieder taucht die Frage auf, was den Unterschied zwischen\u00a0Netnographie und\u00a0Social Media (bzw. Web-)\u00a0Monitoring ausmacht. Es sind keine Methoden und Konzepte, die in Konkurrenz zueinander stehen, sondern Forschungsans\u00e4tze, die unterschiedlichen Bereichen entstammen, sich in der Forschungspraxis im Social Web aber nahe kommen und gelegentlich \u00fcberschneiden. Netnographie entstammt der Ethnographie\u2026","rel":"","context":"\u00c4hnlicher Beitrag","block_context":{"text":"\u00c4hnlicher Beitrag","link":""},"img":{"alt_text":"","src":"https:\/\/i0.wp.com\/www.klaus-janowitz.de\/wordpress\/wp-content\/uploads\/2010\/12\/tgraph.jpg?resize=350%2C200&ssl=1","width":350,"height":200,"srcset":"https:\/\/i0.wp.com\/www.klaus-janowitz.de\/wordpress\/wp-content\/uploads\/2010\/12\/tgraph.jpg?resize=350%2C200&ssl=1 1x, https:\/\/i0.wp.com\/www.klaus-janowitz.de\/wordpress\/wp-content\/uploads\/2010\/12\/tgraph.jpg?resize=525%2C300&ssl=1 1.5x"},"classes":[]},{"id":6271,"url":"https:\/\/www.klaus-janowitz.de\/wordpress\/netnographie-2015\/","url_meta":{"origin":2879,"position":5},"title":"Netnographie 2015 (Rez. zu Netnography:Redifined)","author":"KlausMJan","date":"18. September 2015","format":false,"excerpt":"\u00a016\/09\/15 kmjan Debatten zu\u00a0Online-Themen\u00a0verlaufen oft\u00a0in Hype-Zyklen. Auch wenn es um l\u00e4ngerfristige Forschungsans\u00e4tze geht, haben die Begriffe ihre Konjunktur. Netnographie\u00a0stand gegen Ende des letzten Jahrzehnts als qualitativer Forschungsansatz, der v.a. Consumer\u00a0Insights erm\u00f6glichte, in der Diskussion. In den folgenden Jahren r\u00fcckte der Begriff mit dem Hype von\u00a0Social Media und sp\u00e4ter Big Data\u2026","rel":"","context":"\u00c4hnlicher Beitrag","block_context":{"text":"\u00c4hnlicher Beitrag","link":""},"img":{"alt_text":"netnographyredefined-720x1024","src":"https:\/\/i0.wp.com\/www.klaus-janowitz.de\/wordpress\/wp-content\/uploads\/2015\/08\/netnographyredefined-720x1024-211x300.jpg?resize=350%2C200","width":350,"height":200},"classes":[]}],"_links":{"self":[{"href":"https:\/\/www.klaus-janowitz.de\/wordpress\/wp-json\/wp\/v2\/pages\/2879","targetHints":{"allow":["GET"]}}],"collection":[{"href":"https:\/\/www.klaus-janowitz.de\/wordpress\/wp-json\/wp\/v2\/pages"}],"about":[{"href":"https:\/\/www.klaus-janowitz.de\/wordpress\/wp-json\/wp\/v2\/types\/page"}],"author":[{"embeddable":true,"href":"https:\/\/www.klaus-janowitz.de\/wordpress\/wp-json\/wp\/v2\/users\/1"}],"replies":[{"embeddable":true,"href":"https:\/\/www.klaus-janowitz.de\/wordpress\/wp-json\/wp\/v2\/comments?post=2879"}],"version-history":[{"count":129,"href":"https:\/\/www.klaus-janowitz.de\/wordpress\/wp-json\/wp\/v2\/pages\/2879\/revisions"}],"predecessor-version":[{"id":8916,"href":"https:\/\/www.klaus-janowitz.de\/wordpress\/wp-json\/wp\/v2\/pages\/2879\/revisions\/8916"}],"wp:attachment":[{"href":"https:\/\/www.klaus-janowitz.de\/wordpress\/wp-json\/wp\/v2\/media?parent=2879"}],"curies":[{"name":"wp","href":"https:\/\/api.w.org\/{rel}","templated":true}]}}