{"id":2570,"date":"2012-08-20T23:01:18","date_gmt":"2012-08-20T21:01:18","guid":{"rendered":"http:\/\/www.klaus-janowitz.de\/wordpress\/?page_id=2570"},"modified":"2018-05-20T00:33:38","modified_gmt":"2018-05-19T22:33:38","slug":"bildkommunikation","status":"publish","type":"page","link":"https:\/\/www.klaus-janowitz.de\/wordpress\/bildkommunikation\/","title":{"rendered":"Bildkommunikation: Shoot &#038; Share im mobilen Netz"},"content":{"rendered":"<p style=\"text-align: justify;\">23\/08\/12 <a href=\"http:\/\/www.klaus-janowitz.de\/\" target=\"_blank\">kmjan<\/a><br \/>\nOhne Bilder w\u00e4re das Internet \u00f6de: Bilder lockern nicht nur Textw\u00fcsten auf, ihr Informationsgehalt wird auch schneller wahrgenommen und\u00a0sie transportieren Emotionen. Sie erz\u00e4hlen Geschichten \u00fcber das, was sie zeigen und \u00fcber den, der sie zeigt. Die Botschaft eines gut visualisierten Textes wird ganz anders aufgenommen. Bis vor kurzem kamen Bilder nur nach vorhergehender Bearbeitung ins Netz: sie mu\u00dften von einer Kamera auf einen Rechner geladen bzw. eingescannt werden und konnten dann in html-code eingebunden, oder auf eine Plattform wie <em>flickr<\/em> oder auch <em>Facebook<\/em> hochgeladen werden.<\/p>\n<p style=\"text-align: justify;\"><a href=\"http:\/\/www.klaus-janowitz.de\/wordpress\/bildkommunikation\/segway\" rel=\"attachment wp-att-2687\"><img data-recalc-dims=\"1\" fetchpriority=\"high\" decoding=\"async\" class=\"alignleft size-medium wp-image-2687\" title=\"Segway\" src=\"https:\/\/i0.wp.com\/www.klaus-janowitz.de\/wordpress\/wp-content\/uploads\/2012\/08\/Segway-300x300.jpg?resize=300%2C300\" alt=\"\" width=\"300\" height=\"300\" srcset=\"https:\/\/i0.wp.com\/www.klaus-janowitz.de\/wordpress\/wp-content\/uploads\/2012\/08\/Segway.jpg?resize=300%2C300&amp;ssl=1 300w, https:\/\/i0.wp.com\/www.klaus-janowitz.de\/wordpress\/wp-content\/uploads\/2012\/08\/Segway.jpg?resize=150%2C150&amp;ssl=1 150w, https:\/\/i0.wp.com\/www.klaus-janowitz.de\/wordpress\/wp-content\/uploads\/2012\/08\/Segway.jpg?w=306&amp;ssl=1 306w\" sizes=\"(max-width: 300px) 100vw, 300px\" \/><\/a>Mit der <em>mobilen Revolution<\/em>\u00a0hat sich auch die <em>Bildkommunikation im Netz<\/em> ver\u00e4ndert. Zwar reicht die Qualit\u00e4t der Photos von SmartPhones l\u00e4ngst nicht an professionelle Kameras heran, sie ist aber ebenso weit entfernt von verwuschenen Handy-Bildern vergangener Jahre. Ihr Vorteil ist die Unmittelbarkeit ohne Zwischenschritte. Von der Bildidee bis zur Ver\u00f6ffentlichung per<em> Shoot &amp; Share <\/em>vergehen meist nur Sekunden. <em>Mobile Bildkommunikation<\/em>, das ist bis dato v.a. <em>Instagram<\/em>. Der Anstieg der Nutzerzahlen ist beeindruckend, auf derzeit (8\/12) ca. 80 Mill*.<br \/>\nBildkommunikation ist unabh\u00e4ngig von Sprachr\u00e4umen, aber eben nicht ganz von Kulturr\u00e4umen.\u00a0Professionelle Nutzung zu Marketingzwecken aus dem deutschsprachigen Raum ist bislang weniger verbreitet und beschr\u00e4nkt sich auf einzelne Photowettbewerbe. Vorreiter sind oft Blogger mit Themen, die von unmittelbaren Bildern leben: Mode\/Fashion (insbes. <em>Streetfashion<\/em>), Design, Reise, aber auch Architektur, Automobil und <em>Food<\/em>. Reichweiten sind bei<em> Instagram<\/em> wenig eingeschr\u00e4nkt: mit dem \u00e4hnlich wie bei Twitter funktionierendem Follower-Prinzip sind die Grenzen der\u00a0<em>Community<\/em>\u00a0offen, d.h. nicht auf best\u00e4tigte &#8220;<em>Freunde<\/em>&#8221; beschr\u00e4nkt. Das\u00a0spontan geschossene Bild jedes Nutzers hat die Chance auf Aufmerksamkeit und damit eine bislang ungeahnte potentielle Reichweite. Herrschten zun\u00e4chst eher belanglose, mit Filtern aufgepimpte Motive vor, gibt es mittlerweile das ganze Spektrum: Landschaften, Architektur, Beobachtungen im Alltag, Urlaubsmotive, Bildnachrichten zu aktuellen Ereignissen,\u00a0<em>Street Photography<\/em>&#8230; und ja: Haustiere mit dem vielzitierten <em>Katzenkontent &#8211;\u00a0<\/em>und das eigene<em>\u00a0Essen.<\/em>\u00a0Die Scheu, Bilder erkennbarer Personen und sich selber zu zeigen, scheint \u00a0geschwunden: ein Klassiker ist das <em>Selbstportrait im Lift, <\/em>Frisuren, Kleidung und k\u00f6rperliche Vorteile werden pr\u00e4sentiert und sicherlich geht es oft um die Frage &#8220;<em>bin ich sch\u00f6n\u00a0<\/em>&#8211; bzw. <em>bin ich\u00a0cool<\/em>?&#8221; \u00a0Kommunikation dient eben nicht nur der Sachinformation, sondern genauso der (Selbst-) inszenierung &#8211;\u00a0und das ist legitim.<\/p>\n<figure id=\"attachment_2618\" aria-describedby=\"caption-attachment-2618\" style=\"width: 600px\" class=\"wp-caption alignnone\"><a href=\"https:\/\/i0.wp.com\/www.klaus-janowitz.de\/wordpress\/wp-content\/uploads\/2012\/08\/mobilephotos.jpg\"><img data-recalc-dims=\"1\" decoding=\"async\" class=\"size-full wp-image-2618  \" title=\"mobilephotos\" src=\"https:\/\/i0.wp.com\/www.klaus-janowitz.de\/wordpress\/wp-content\/uploads\/2012\/08\/mobilephotos.jpg?resize=525%2C263\" alt=\"\" width=\"525\" height=\"263\" srcset=\"https:\/\/i0.wp.com\/www.klaus-janowitz.de\/wordpress\/wp-content\/uploads\/2012\/08\/mobilephotos.jpg?w=600&amp;ssl=1 600w, https:\/\/i0.wp.com\/www.klaus-janowitz.de\/wordpress\/wp-content\/uploads\/2012\/08\/mobilephotos.jpg?resize=300%2C150&amp;ssl=1 300w\" sizes=\"(max-width: 525px) 100vw, 525px\" \/><\/a><figcaption id=\"caption-attachment-2618\" class=\"wp-caption-text\">SmartPhones sind immer dabei und fangen unerwartete Momente ein<\/figcaption><\/figure>\n<p style=\"text-align: justify;\">F\u00fcr Forschung, f\u00fcr Netnographie und Monitoring ist die mobile Bildkommunikation bislang weitgehend unentdeckt &#8211; wohl auch weil textorientierte Werkzeuge nur sehr eingeschr\u00e4nkt (bei Kommentaren) greifen. Dabei zeigen sich hier &#8211; verzahnt mit anderen Social Media\u00a0&#8211; raum\u00fcbergreifende Vergemeinschaftungen, Trends der Alltags\u00e4sthetik und Resonanzen zu aktuellen Ereignissen. F\u00fcr Unternehmen und Organisationen bietet mobile Bildkommunikation neue M\u00f6glichkeiten: aktuelle Eindr\u00fccke erreichen die \u00a0<em>Follower <\/em>ohne Zeitverz\u00f6gerung<em>\u00a0<\/em> im Stream. Die Bilder m\u00fcssen nur \u00fcberzeugen.<\/p>\n<p style=\"text-align: justify;\">Einen weiteren Ansatz verfolgen die Entwickler von <a href=\"http:\/\/www.indiegogo.com\/onesec\" target=\"_blank\">OneSec<\/a>\u00a0&#8211; ein <em>Instagram f\u00fcr Einsekundenvideos<\/em>, das die Videofunktionen von SmartPhones nutzt. Dahinter steckt der Gedanke, da\u00df Bewegtbilder Emotionen ganz anders zeigen als statische Bilder &#8211; auch bei einer Begrenzung auf nur eine Sekunde. <em>Shoot &amp; Share<\/em> bekommt damit eine neue Dimension.<\/p>\n<p>Bilder: eigene; \u00a0Angaben zu Nutzerzahlen nach <a href=\"http:\/\/netzwertig.com\/2012\/08\/20\/opt-in-statt-opt-out-die-vorbildliche-einfuehrung-der-neuen-instagram-fotokarte\/\" target=\"_blank\">netzwertig.com<\/a><br \/>\n<!-- Piwik --><br \/>\n<script type=\"text\/javascript\">\/\/ <![CDATA[\nvar pkBaseURL = ((\"https:\" == document.location.protocol) ? \"https:\/\/www.klaus-janowitz.de\/piwik\/\" : \"http:\/\/www.klaus-janowitz.de\/piwik\/\"); document.write(unescape(\"%3Cscript src='\" + pkBaseURL + \"piwik.js' type='text\/javascript'%3E%3C\/script%3E\"));\n\/\/ ]]><\/script><script type=\"text\/javascript\">\/\/ <![CDATA[\ntry { var piwikTracker = Piwik.getTracker(pkBaseURL + \"piwik.php\", 1); piwikTracker.trackPageView(); piwikTracker.enableLinkTracking(); } catch( err ) {}\n\/\/ ]]><\/script><\/p>\n<p><noscript>&amp;amp;amp;amp;amp;amp;amp;amp;amp;amp;amp;amp;amp;amp;lt;img src=&#8221;http:\/\/www.klaus-janowitz.de\/piwik\/piwik.php?idsite=1&#8243; style=&#8221;border:0&#8243; alt=&#8221;&#8221; \/&amp;amp;amp;amp;amp;amp;amp;amp;amp;amp;amp;amp;amp;amp;gt;&amp;amp;amp;amp;amp;amp;amp;amp;amp;amp;amp;amp;amp;amp;lt;br \/&amp;amp;amp;amp;amp;amp;amp;amp;amp;amp;amp;amp;amp;amp;gt;<\/noscript><!-- End Piwik Tag --><\/p>\n","protected":false},"excerpt":{"rendered":"<p>23\/08\/12 kmjan Ohne Bilder w\u00e4re das Internet \u00f6de: Bilder lockern nicht nur Textw\u00fcsten auf, ihr Informationsgehalt wird auch schneller wahrgenommen und\u00a0sie transportieren Emotionen. Sie erz\u00e4hlen Geschichten \u00fcber das, was sie zeigen und \u00fcber den, der sie zeigt. Die Botschaft eines gut visualisierten Textes wird ganz anders aufgenommen. Bis vor kurzem kamen Bilder nur nach vorhergehender &hellip; <\/p>\n<p class=\"link-more\"><a href=\"https:\/\/www.klaus-janowitz.de\/wordpress\/bildkommunikation\/\" class=\"more-link\"><span class=\"screen-reader-text\">\u201eBildkommunikation: Shoot &#038; Share im mobilen Netz\u201c <\/span>weiterlesen<\/a><\/p>\n","protected":false},"author":1,"featured_media":0,"parent":0,"menu_order":0,"comment_status":"open","ping_status":"open","template":"","meta":{"jetpack_post_was_ever_published":false,"activitypub_content_warning":"","activitypub_content_visibility":"","activitypub_max_image_attachments":4,"activitypub_interaction_policy_quote":"","activitypub_status":"","footnotes":""},"class_list":["post-2570","page","type-page","status-publish","hentry"],"yoast_head":"<!-- This site is optimized with the Yoast SEO plugin v27.4 - https:\/\/yoast.com\/product\/yoast-seo-wordpress\/ -->\n<title>Bildkommunikation: Shoot &amp; Share im mobilen Netz - Netnographie &amp; Digitaler Wandel<\/title>\n<meta name=\"robots\" content=\"index, follow, max-snippet:-1, max-image-preview:large, max-video-preview:-1\" \/>\n<link rel=\"canonical\" href=\"https:\/\/www.klaus-janowitz.de\/wordpress\/bildkommunikation\/\" \/>\n<meta property=\"og:locale\" content=\"de_DE\" \/>\n<meta property=\"og:type\" content=\"article\" \/>\n<meta property=\"og:title\" content=\"Bildkommunikation: Shoot &amp; Share im mobilen Netz - Netnographie &amp; Digitaler Wandel\" \/>\n<meta property=\"og:description\" content=\"23\/08\/12 kmjan Ohne Bilder w\u00e4re das Internet \u00f6de: Bilder lockern nicht nur Textw\u00fcsten auf, ihr Informationsgehalt wird auch schneller wahrgenommen und\u00a0sie transportieren Emotionen. Sie erz\u00e4hlen Geschichten \u00fcber das, was sie zeigen und \u00fcber den, der sie zeigt. Die Botschaft eines gut visualisierten Textes wird ganz anders aufgenommen. Bis vor kurzem kamen Bilder nur nach vorhergehender &hellip; \u201eBildkommunikation: Shoot &#038; Share im mobilen Netz\u201c weiterlesen\" \/>\n<meta property=\"og:url\" content=\"https:\/\/www.klaus-janowitz.de\/wordpress\/bildkommunikation\/\" \/>\n<meta property=\"og:site_name\" content=\"Netnographie &amp; Digitaler Wandel\" \/>\n<meta property=\"article:modified_time\" content=\"2018-05-19T22:33:38+00:00\" \/>\n<meta property=\"og:image\" content=\"http:\/\/www.klaus-janowitz.de\/wordpress\/wp-content\/uploads\/2012\/08\/Segway-300x300.jpg\" \/>\n<meta name=\"twitter:card\" content=\"summary_large_image\" \/>\n<meta name=\"twitter:label1\" content=\"Gesch\u00e4tzte Lesezeit\" \/>\n\t<meta name=\"twitter:data1\" content=\"3\u00a0Minuten\" \/>\n<script type=\"application\/ld+json\" class=\"yoast-schema-graph\">{\"@context\":\"https:\\\/\\\/schema.org\",\"@graph\":[{\"@type\":\"WebPage\",\"@id\":\"https:\\\/\\\/www.klaus-janowitz.de\\\/wordpress\\\/bildkommunikation\\\/\",\"url\":\"https:\\\/\\\/www.klaus-janowitz.de\\\/wordpress\\\/bildkommunikation\\\/\",\"name\":\"Bildkommunikation: Shoot & Share im mobilen Netz - Netnographie &amp; Digitaler Wandel\",\"isPartOf\":{\"@id\":\"https:\\\/\\\/www.klaus-janowitz.de\\\/wordpress\\\/#website\"},\"primaryImageOfPage\":{\"@id\":\"https:\\\/\\\/www.klaus-janowitz.de\\\/wordpress\\\/bildkommunikation\\\/#primaryimage\"},\"image\":{\"@id\":\"https:\\\/\\\/www.klaus-janowitz.de\\\/wordpress\\\/bildkommunikation\\\/#primaryimage\"},\"thumbnailUrl\":\"http:\\\/\\\/www.klaus-janowitz.de\\\/wordpress\\\/wp-content\\\/uploads\\\/2012\\\/08\\\/Segway-300x300.jpg\",\"datePublished\":\"2012-08-20T21:01:18+00:00\",\"dateModified\":\"2018-05-19T22:33:38+00:00\",\"breadcrumb\":{\"@id\":\"https:\\\/\\\/www.klaus-janowitz.de\\\/wordpress\\\/bildkommunikation\\\/#breadcrumb\"},\"inLanguage\":\"de\",\"potentialAction\":[{\"@type\":\"ReadAction\",\"target\":[\"https:\\\/\\\/www.klaus-janowitz.de\\\/wordpress\\\/bildkommunikation\\\/\"]}]},{\"@type\":\"ImageObject\",\"inLanguage\":\"de\",\"@id\":\"https:\\\/\\\/www.klaus-janowitz.de\\\/wordpress\\\/bildkommunikation\\\/#primaryimage\",\"url\":\"http:\\\/\\\/www.klaus-janowitz.de\\\/wordpress\\\/wp-content\\\/uploads\\\/2012\\\/08\\\/Segway-300x300.jpg\",\"contentUrl\":\"http:\\\/\\\/www.klaus-janowitz.de\\\/wordpress\\\/wp-content\\\/uploads\\\/2012\\\/08\\\/Segway-300x300.jpg\"},{\"@type\":\"BreadcrumbList\",\"@id\":\"https:\\\/\\\/www.klaus-janowitz.de\\\/wordpress\\\/bildkommunikation\\\/#breadcrumb\",\"itemListElement\":[{\"@type\":\"ListItem\",\"position\":1,\"name\":\"Startseite\",\"item\":\"https:\\\/\\\/www.klaus-janowitz.de\\\/wordpress\\\/\"},{\"@type\":\"ListItem\",\"position\":2,\"name\":\"Bildkommunikation: Shoot &#038; Share im mobilen Netz\"}]},{\"@type\":\"WebSite\",\"@id\":\"https:\\\/\\\/www.klaus-janowitz.de\\\/wordpress\\\/#website\",\"url\":\"https:\\\/\\\/www.klaus-janowitz.de\\\/wordpress\\\/\",\"name\":\"Netnographie &amp; Digitaler Wandel\",\"description\":\"Blog rund um die Themen Netnographie, Online-Kultur und Digitalen Wandel\",\"potentialAction\":[{\"@type\":\"SearchAction\",\"target\":{\"@type\":\"EntryPoint\",\"urlTemplate\":\"https:\\\/\\\/www.klaus-janowitz.de\\\/wordpress\\\/?s={search_term_string}\"},\"query-input\":{\"@type\":\"PropertyValueSpecification\",\"valueRequired\":true,\"valueName\":\"search_term_string\"}}],\"inLanguage\":\"de\"}]}<\/script>\n<!-- \/ Yoast SEO plugin. -->","yoast_head_json":{"title":"Bildkommunikation: Shoot & Share im mobilen Netz - Netnographie &amp; Digitaler Wandel","robots":{"index":"index","follow":"follow","max-snippet":"max-snippet:-1","max-image-preview":"max-image-preview:large","max-video-preview":"max-video-preview:-1"},"canonical":"https:\/\/www.klaus-janowitz.de\/wordpress\/bildkommunikation\/","og_locale":"de_DE","og_type":"article","og_title":"Bildkommunikation: Shoot & Share im mobilen Netz - Netnographie &amp; Digitaler Wandel","og_description":"23\/08\/12 kmjan Ohne Bilder w\u00e4re das Internet \u00f6de: Bilder lockern nicht nur Textw\u00fcsten auf, ihr Informationsgehalt wird auch schneller wahrgenommen und\u00a0sie transportieren Emotionen. Sie erz\u00e4hlen Geschichten \u00fcber das, was sie zeigen und \u00fcber den, der sie zeigt. Die Botschaft eines gut visualisierten Textes wird ganz anders aufgenommen. Bis vor kurzem kamen Bilder nur nach vorhergehender &hellip; \u201eBildkommunikation: Shoot &#038; Share im mobilen Netz\u201c weiterlesen","og_url":"https:\/\/www.klaus-janowitz.de\/wordpress\/bildkommunikation\/","og_site_name":"Netnographie &amp; Digitaler Wandel","article_modified_time":"2018-05-19T22:33:38+00:00","og_image":[{"url":"http:\/\/www.klaus-janowitz.de\/wordpress\/wp-content\/uploads\/2012\/08\/Segway-300x300.jpg","type":"","width":"","height":""}],"twitter_card":"summary_large_image","twitter_misc":{"Gesch\u00e4tzte Lesezeit":"3\u00a0Minuten"},"schema":{"@context":"https:\/\/schema.org","@graph":[{"@type":"WebPage","@id":"https:\/\/www.klaus-janowitz.de\/wordpress\/bildkommunikation\/","url":"https:\/\/www.klaus-janowitz.de\/wordpress\/bildkommunikation\/","name":"Bildkommunikation: Shoot & Share im mobilen Netz - Netnographie &amp; Digitaler Wandel","isPartOf":{"@id":"https:\/\/www.klaus-janowitz.de\/wordpress\/#website"},"primaryImageOfPage":{"@id":"https:\/\/www.klaus-janowitz.de\/wordpress\/bildkommunikation\/#primaryimage"},"image":{"@id":"https:\/\/www.klaus-janowitz.de\/wordpress\/bildkommunikation\/#primaryimage"},"thumbnailUrl":"http:\/\/www.klaus-janowitz.de\/wordpress\/wp-content\/uploads\/2012\/08\/Segway-300x300.jpg","datePublished":"2012-08-20T21:01:18+00:00","dateModified":"2018-05-19T22:33:38+00:00","breadcrumb":{"@id":"https:\/\/www.klaus-janowitz.de\/wordpress\/bildkommunikation\/#breadcrumb"},"inLanguage":"de","potentialAction":[{"@type":"ReadAction","target":["https:\/\/www.klaus-janowitz.de\/wordpress\/bildkommunikation\/"]}]},{"@type":"ImageObject","inLanguage":"de","@id":"https:\/\/www.klaus-janowitz.de\/wordpress\/bildkommunikation\/#primaryimage","url":"http:\/\/www.klaus-janowitz.de\/wordpress\/wp-content\/uploads\/2012\/08\/Segway-300x300.jpg","contentUrl":"http:\/\/www.klaus-janowitz.de\/wordpress\/wp-content\/uploads\/2012\/08\/Segway-300x300.jpg"},{"@type":"BreadcrumbList","@id":"https:\/\/www.klaus-janowitz.de\/wordpress\/bildkommunikation\/#breadcrumb","itemListElement":[{"@type":"ListItem","position":1,"name":"Startseite","item":"https:\/\/www.klaus-janowitz.de\/wordpress\/"},{"@type":"ListItem","position":2,"name":"Bildkommunikation: Shoot &#038; Share im mobilen Netz"}]},{"@type":"WebSite","@id":"https:\/\/www.klaus-janowitz.de\/wordpress\/#website","url":"https:\/\/www.klaus-janowitz.de\/wordpress\/","name":"Netnographie &amp; Digitaler Wandel","description":"Blog rund um die Themen Netnographie, Online-Kultur und Digitalen Wandel","potentialAction":[{"@type":"SearchAction","target":{"@type":"EntryPoint","urlTemplate":"https:\/\/www.klaus-janowitz.de\/wordpress\/?s={search_term_string}"},"query-input":{"@type":"PropertyValueSpecification","valueRequired":true,"valueName":"search_term_string"}}],"inLanguage":"de"}]}},"jetpack_sharing_enabled":true,"jetpack_shortlink":"https:\/\/wp.me\/P15Wn2-Fs","jetpack_likes_enabled":true,"jetpack-related-posts":[{"id":5785,"url":"https:\/\/www.klaus-janowitz.de\/wordpress\/new-media-culture\/","url_meta":{"origin":2570,"position":0},"title":"New Media Culture &#8211; Mediale Ph\u00e4nomene der Netzkultur (Rez.)","author":"KlausMJan","date":"21. Mai 2015","format":false,"excerpt":"27\/05\/15\u00a0kmjan Der Sammelband\u00a0New Media Culture\u00a0- Mediale Ph\u00e4nomene der Netzkultur enth\u00e4lt Beitr\u00e4ge\u00a0zu (online-) Themen, die alle\u00a0seit l\u00e4ngerem diskutiert werden: es geht um\u00a0Fandom,\u00a0Selfies und Meme, um\u00a0Shit Storms\u00a0und Netiquette, um\u00a0\u00a0Gamification\u00a0und\u00a0Transmedia Storytelling,\u00a0um\u00a0Big Data und auch um Partizipative Kultur,\u00a0Netzgemeinschaft und noch einiges mehr. Vorangestellt ist ein weiterer Beitrag\u00a0zu\u00a0Digitalen Medientheorien. Mediale Ph\u00e4nomene sind\u00a0zun\u00e4chst einzelne Erscheinungen, die\u2026","rel":"","context":"\u00c4hnlicher Beitrag","block_context":{"text":"\u00c4hnlicher Beitrag","link":""},"img":{"alt_text":"Titel_NewMediaCulture","src":"https:\/\/i0.wp.com\/www.klaus-janowitz.de\/wordpress\/wp-content\/uploads\/2015\/05\/Titel_NewMediaCulture-197x300.jpg?resize=350%2C200","width":350,"height":200},"classes":[]},{"id":5256,"url":"https:\/\/www.klaus-janowitz.de\/wordpress\/p-o-s-e-auf-den-punkt-gebracht\/","url_meta":{"origin":2570,"position":1},"title":"P.O.S.E &#8211; auf den Punkt gebracht  (Paid, Owned, Shared, Earned Media)","author":"KlausMJan","date":"4. M\u00e4rz 2015","format":false,"excerpt":"4\/03\/15 kmjan Schon einige male hatte ich hier das Modell P.O.S.E. - Paid, Owned, Shared, Earned Media vorgestellt. Als die drei Kreise wurde es 2008 von Nokia zur Mediaplanung \"erfunden\". In der vierkreisigen\u00a0Form wurde es mir in dem - franz\u00f6sischsprachigen - Blog von Fr\u00e9d\u00e9ric Cavazza bekannt, anderswo auch unter anderen\u2026","rel":"","context":"\u00c4hnlicher Beitrag","block_context":{"text":"\u00c4hnlicher Beitrag","link":""},"img":{"alt_text":"","src":"https:\/\/i0.wp.com\/www.klaus-janowitz.de\/wordpress\/wp-content\/uploads\/2014\/11\/POSE-300x208.jpg?resize=350%2C200&ssl=1","width":350,"height":200},"classes":[]},{"id":3647,"url":"https:\/\/www.klaus-janowitz.de\/wordpress\/das-riesling-netz\/","url_meta":{"origin":2570,"position":2},"title":"Das Riesling Netz","author":"KlausMJan","date":"30. September 2013","format":false,"excerpt":"29\/09\/13\u00a0kmjan Wein ist ein beliebtes Gespr\u00e4chsthema, \u00fcber wenig andere Themen l\u00e4sst sich derart detailliert und genu\u00dfvoll fachsimpeln. Wissen \u00fcber Anbau und Ausbau, Produzenten und das\u00a0Terroir\u00a0sind kulturelles Kapital. Der Beschreibung subtiler Geschmackserlebnisse dient eine eigene Sprache mit einem reichen Fundus geschmacklicher Assoziation, der \u00fcber Fr\u00fcchte und Mineralien bis hin zu\u00a0Katzenpisse\u00a0(bei Sauvignon\u2026","rel":"","context":"\u00c4hnlicher Beitrag","block_context":{"text":"\u00c4hnlicher Beitrag","link":""},"img":{"alt_text":"Rieslingtraube","src":"https:\/\/i0.wp.com\/www.klaus-janowitz.de\/wordpress\/wp-content\/uploads\/2013\/08\/Rieslingtraube-300x282.jpg?resize=350%2C200","width":350,"height":200},"classes":[]},{"id":5962,"url":"https:\/\/www.klaus-janowitz.de\/wordpress\/vegan-eine-kleine-netnographie\/","url_meta":{"origin":2570,"position":3},"title":"Vegan &#8211; eine (kleine) Netnographie","author":"KlausMJan","date":"14. Juli 2015","format":false,"excerpt":"14\/07\/15 kmjan Die Sorge um richtige Ern\u00e4hrung treibt\u00a0viele Menschen um. Es geht nicht nur um Genu\u00df und Gesundheit + finanzieller Erw\u00e4gungen, Werthaltungen spielen eine Rolle. Zwei davon lassen sich hervorheben: Prinzipien der Nachhaltigkeit und vegane Lebensweise.\u00a0In weiten Teilen \u00fcberschneiden sie sich, bei beiden spielt das Unbehagen an industrieller Landwirtschaft und\u2026","rel":"","context":"\u00c4hnlicher Beitrag","block_context":{"text":"\u00c4hnlicher Beitrag","link":""},"img":{"alt_text":"","src":"https:\/\/i0.wp.com\/www.klaus-janowitz.de\/wordpress\/wp-content\/uploads\/2015\/07\/Rinder-300x225.jpg?resize=350%2C200&ssl=1","width":350,"height":200},"classes":[]},{"id":1245,"url":"https:\/\/www.klaus-janowitz.de\/wordpress\/vom-cyberspace-zu-social-media\/","url_meta":{"origin":2570,"position":4},"title":"Vom Cyberspace zu Social Media und weiter&#8230;","author":"KlausMJan","date":"28. Dezember 2011","format":false,"excerpt":"27\/12\/11\u00a0kmjan Web 2.0 - das klingt mittlerweile wie ein Sommerhit der Vorsaison, und so sprang mir neulich ein Titel von einem B\u00fcchertisch mit Restauflagen ins Auge. Web 2.0 war als Konzeptbegriff ungeheuer erfolgreich, er begleitete die Durchsetzung des Internets als offenem, interaktivem Medium. Das Schlagwort mit der Versionsnummer bezeichnete die\u2026","rel":"","context":"\u00c4hnlicher Beitrag","block_context":{"text":"\u00c4hnlicher Beitrag","link":""},"img":{"alt_text":"","src":"https:\/\/i0.wp.com\/www.klaus-janowitz.de\/wordpress\/wp-content\/uploads\/2011\/12\/Holzmedium-300x224.jpg?resize=350%2C200&ssl=1","width":350,"height":200},"classes":[]},{"id":4646,"url":"https:\/\/www.klaus-janowitz.de\/wordpress\/social-media-2014\/","url_meta":{"origin":2570,"position":5},"title":"Social Media 2014","author":"KlausMJan","date":"30. November 2014","format":false,"excerpt":"\u00a029\/11\/14\u00a0kmjan Es sind schon einige Jahre vergangen, seit der Begriff\u00a0 Social Media den des Web \u00a02.0\u00a0abgel\u00f6st hat. Betonte Web 2.0 vor allem die\u00a0Nutzungsevolution des Internets und sein partizipatorisches Potential\u00a0(wie\u00a0auch der Begriff\u00a0\u00a0Blogosph\u00e4re), stehen\u00a0bei Social Media die Plattformen und Netzwerke auf denen \u00f6ffentliche Kommunikation stattfindet im Vordergrund. Die nebenstehende Social Media Map\u2026","rel":"","context":"\u00c4hnlicher Beitrag","block_context":{"text":"\u00c4hnlicher Beitrag","link":""},"img":{"alt_text":"","src":"https:\/\/i0.wp.com\/www.klaus-janowitz.de\/wordpress\/wp-content\/uploads\/2014\/11\/Social-Media-Map-300x231.jpg?resize=350%2C200&ssl=1","width":350,"height":200},"classes":[]}],"_links":{"self":[{"href":"https:\/\/www.klaus-janowitz.de\/wordpress\/wp-json\/wp\/v2\/pages\/2570","targetHints":{"allow":["GET"]}}],"collection":[{"href":"https:\/\/www.klaus-janowitz.de\/wordpress\/wp-json\/wp\/v2\/pages"}],"about":[{"href":"https:\/\/www.klaus-janowitz.de\/wordpress\/wp-json\/wp\/v2\/types\/page"}],"author":[{"embeddable":true,"href":"https:\/\/www.klaus-janowitz.de\/wordpress\/wp-json\/wp\/v2\/users\/1"}],"replies":[{"embeddable":true,"href":"https:\/\/www.klaus-janowitz.de\/wordpress\/wp-json\/wp\/v2\/comments?post=2570"}],"version-history":[{"count":133,"href":"https:\/\/www.klaus-janowitz.de\/wordpress\/wp-json\/wp\/v2\/pages\/2570\/revisions"}],"predecessor-version":[{"id":11038,"href":"https:\/\/www.klaus-janowitz.de\/wordpress\/wp-json\/wp\/v2\/pages\/2570\/revisions\/11038"}],"wp:attachment":[{"href":"https:\/\/www.klaus-janowitz.de\/wordpress\/wp-json\/wp\/v2\/media?parent=2570"}],"curies":[{"name":"wp","href":"https:\/\/api.w.org\/{rel}","templated":true}]}}