{"id":1777,"date":"2012-02-16T17:58:39","date_gmt":"2012-02-16T16:58:39","guid":{"rendered":"http:\/\/www.klaus-janowitz.de\/wordpress\/?page_id=1777"},"modified":"2012-02-20T21:25:37","modified_gmt":"2012-02-20T20:25:37","slug":"social-local-mobile-getgauss","status":"publish","type":"page","link":"https:\/\/www.klaus-janowitz.de\/wordpress\/social-local-mobile-getgauss\/","title":{"rendered":"Social &#8211; Local &#8211; Mobile: GetGauss"},"content":{"rendered":"<p style=\"text-align: justify;\">16\/02\/12\u00a0<a href=\"http:\/\/www.klaus-janowitz.de\/\">kmjan<\/a><br \/>\n<em>Social &#8211; Local &#8211; Mobile <\/em>lautet der seit einigen Monaten verk\u00fcndete Trend, der sich im Zusammenwachsen von mobilem Internet, lokalen Services und Sozialen Netzwerken zeigt.<em>\u00a0Soziale Netzwerke<\/em>\u00a0kennen wir bislang als Abbildung und Best\u00e4tigung bestehender Verbindungen oder als themenzentrierte Plattformen. Inwieweit sie\u00a0<em>offline<\/em>\u00a0zur\u00fcckwirken ist der weiteren Initiative der Beteiligten \u00fcberlassen.\u00a0<em>Location Based Services<\/em>\u00a0wie\u00a0<em>Foursquare\u00a0<\/em>wurden\u00a0mit dem mobilen Netz und GPS popul\u00e4r. Damit kann man an seinem jeweiligen Aufenthaltsort einchecken, erfahren, wo sich Freunde aufhalten,\u00a0Kommentare und Bewertungen zu Caf\u00e9s, L\u00e4den oder anderen beliebigen Orten abgeben. N\u00fctzlich als Empfehlungsplattform, als Wegweiser und spontane M\u00f6glichkeit zur Verabredung.<\/p>\n<div class=\"mceTemp\" style=\"text-align: justify;\">\n<dl id=\"attachment_1652\" class=\"wp-caption alignleft\" style=\"width: 235px;\">\n<dt class=\"wp-caption-dt\"><a href=\"https:\/\/i0.wp.com\/www.klaus-janowitz.de\/wordpress\/wp-content\/uploads\/2012\/02\/Vidar_A.jpg\"><img data-recalc-dims=\"1\" fetchpriority=\"high\" decoding=\"async\" class=\"size-medium wp-image-1652\" title=\"Vidar_A\" src=\"https:\/\/i0.wp.com\/www.klaus-janowitz.de\/wordpress\/wp-content\/uploads\/2012\/02\/Vidar_A-225x300.jpg?resize=225%2C300\" alt=\"\" width=\"225\" height=\"300\" srcset=\"https:\/\/i0.wp.com\/www.klaus-janowitz.de\/wordpress\/wp-content\/uploads\/2012\/02\/Vidar_A.jpg?resize=225%2C300&amp;ssl=1 225w, https:\/\/i0.wp.com\/www.klaus-janowitz.de\/wordpress\/wp-content\/uploads\/2012\/02\/Vidar_A.jpg?w=240&amp;ssl=1 240w\" sizes=\"(max-width: 225px) 100vw, 225px\" \/><\/a><\/dt>\n<dd class=\"wp-caption-dd\">Co-Entwickler Vidar Andersen<\/dd>\n<\/dl>\n<\/div>\n<p style=\"text-align: justify;\">Was passiert, wenn man <em>Social &#8211; Local &#8211; Mobile <\/em>soweit wahr macht und die M\u00f6glichkeiten der pers\u00f6nlichen Kontaktaufnahme in der direkten Umgebung nutzt? <strong><a href=\"http:\/\/getGauss.com\/\" target=\"_blank\">Gauss<\/a><\/strong>\u00a0wurde von einem Team aus Rotterdam, Paris und K\u00f6ln entwickelt und es gelang auf dem StartUp Wettbewerb\u00a0<a href=\"http:\/\/leweb.net\/\" target=\"_blank\">Le Web<\/a> (12\/2011 in Paris) ein Platz in der Spitzengruppe. <em>Gauss<\/em>\u00a0bezeichnet sich als <em>People Magnet<\/em>, als ein Werkzeug, das <em>face-to-face Begegnungen mit relevanten Menschen erleichtert<\/em>. Die App wurde zun\u00e4chst f\u00fcr iOS entwickelt (ab Fr\u00fchjahr erh\u00e4ltlich), eine Version f\u00fcr Android folgt. <em>Gauss<\/em> dockt an die APIs von <em>Facebook<\/em>, <em>Twitter<\/em> und <em>Foursquare<\/em> an, <em>LinkedIn<\/em> wird folgen &#8211; und nutzt auch nur die Informationen, die Nutzer dort \u00f6ffentlich gemacht haben.\u00a0<em>Social Discovery Services <\/em>re\u00fcssierten zun\u00e4chst\u00a0als Dating Plattformen &#8211;\u00a0<em>Gauss<\/em> grenzt sich davon scharf ab und betreibt eine Strategie <em>puritanisch wie Disney<\/em> (so Entwickler Vidar Andersen). Der Magnet, das Logo von <em>Gauss<\/em>, verweist auf ein Kernfeature: \u00dcbereinstimmung von Interessen magnetisiert, die St\u00e4rke ist einstellbar und verweist auf gemeinsame Interessen.\u00a0<em>N\u00e4here Einzelheiten zu den Funktionen sind in der eingebetteten Pr\u00e4sentation von V. Andersen (<a href=\"http:\/\/www.slideshare.net\/blacktar\/the-gauss-deck\" target=\"_blank\">Slideshare<\/a>) unten zu erkennen.<\/em><\/p>\n<p style=\"text-align: justify;\">Pers\u00f6nliche Kontaktaufnahme z\u00e4hlt zu den sozial sensiblen Feldern: der erste Eindruck z\u00e4hlt,\u00a0niemand will von Marketingbotschaften \u00fcberrannt oder gar von unerw\u00fcnschten Kontakten bel\u00e4stigt werden. Gegenseitige Wertsch\u00e4tzung ist Voraussetzung und\u00a0man verl\u00e4sst sich auf das Bauchgef\u00fchl. Nicht wenige wird der Gedanke an eine weitere technische Ebene bei der Anbahnung und Gestaltung sozialer Beziehungen eher abschrecken. Aber\u00a0<span style=\"line-height: 24px;\">j<\/span>ede neue Technik, jedes neue Medium bedarf der kulturellen Adaption um sich zu verbreiten. Formen der Kontaktaufnahme unterliegen dem kulturellen Wandel. Mit dem Smartphone ist das Internet vom Schreibtisch in die H\u00e4nde gewandert und wird mehr und mehr zur Alltagskommunikation verwendet &#8211; online verkn\u00fcpft sich mit offline. <em>Gauss<\/em>\u00a0ist ein Werkzeug, neue M\u00f6glichkeiten zu managen.<\/p>\n<p style=\"text-align: justify;\">Soziologen ist der Begriff\u00a0<em>Soziales Kapital<\/em>\u00a0aus den Arbeiten von\u00a0<a href=\"http:\/\/de.wikipedia.org\/wiki\/Pierre_Bourdieu\">Pierre\u00a0<\/a><a href=\"http:\/\/de.wikipedia.org\/wiki\/Pierre_Bourdieu\">Bourdieu<\/a>* vertraut. Erinnern wir uns: Bourdieu verwendete neben dem dominierenden \u00f6konomischen Kapital die Begriffe des kulturellen und sozialen Kapitals. Kulturelles Kapital besteht in kulturellen Kompetenzen und dem dazugeh\u00f6renden Wissen, soziales Kapital in den potentiellen Ressourcen im Netz der sozialen Beziehungen. Die Entwickler von Gauss orientieren sich an dem Konzept von\u00a0<a href=\"http:\/\/de.wikipedia.org\/wiki\/Robert_Putnam\" target=\"_blank\">Robert Putman<\/a>, soziales Kapital bedeutet \u00a0die Bereitschaft miteinander zu kooperieren und basiert auf Vertrauen.<\/p>\n<div id=\"__ss_11342508\" style=\"width: 425px;\">\n<div id=\"__ss_11342508\" style=\"width: 425px;\"><iframe src=\"http:\/\/www.slideshare.net\/slideshow\/embed_code\/11342508\" frameborder=\"0\" marginwidth=\"0\" marginheight=\"0\" scrolling=\"no\" width=\"425\" height=\"355\"><\/iframe><\/div>\n<div style=\"width: 425px;\">The Gauss Deck by Vidar Andersen on Jan 30, 2012<\/div>\n<div style=\"padding: 5px 0 12px;\">\n<p>* Pierre Bourdieu: <em>La distinction. Critique social du jugement<\/em>. 1979 &#8211; dt: <em>Die feinen Unterschiede<\/em>. 1982.<\/p>\n<\/div>\n<p><!-- Piwik --><script type=\"text\/javascript\">\/\/ <![CDATA[\n                           var pkBaseURL = ((\"https:\" == document.location.protocol) ? \"https:\/\/www.klaus-janowitz.de\/piwik\/\" : \"http:\/\/www.klaus-janowitz.de\/piwik\/\"); document.write(unescape(\"%3Cscript src='\" + pkBaseURL + \"piwik.js' type='text\/javascript'%3E%3C\/script%3E\"));\n\/\/ ]]><\/script><script type=\"text\/javascript\">\/\/ <![CDATA[\n                           try { var piwikTracker = Piwik.getTracker(pkBaseURL + \"piwik.php\", 1); piwikTracker.trackPageView(); piwikTracker.enableLinkTracking(); } catch( err ) {}\n\/\/ ]]><\/script><\/p>\n<\/div>\n","protected":false},"excerpt":{"rendered":"<p>16\/02\/12\u00a0kmjan Social &#8211; Local &#8211; Mobile lautet der seit einigen Monaten verk\u00fcndete Trend, der sich im Zusammenwachsen von mobilem Internet, lokalen Services und Sozialen Netzwerken zeigt.\u00a0Soziale Netzwerke\u00a0kennen wir bislang als Abbildung und Best\u00e4tigung bestehender Verbindungen oder als themenzentrierte Plattformen. Inwieweit sie\u00a0offline\u00a0zur\u00fcckwirken ist der weiteren Initiative der Beteiligten \u00fcberlassen.\u00a0Location Based Services\u00a0wie\u00a0Foursquare\u00a0wurden\u00a0mit dem mobilen Netz und GPS &hellip; <\/p>\n<p class=\"link-more\"><a href=\"https:\/\/www.klaus-janowitz.de\/wordpress\/social-local-mobile-getgauss\/\" class=\"more-link\"><span class=\"screen-reader-text\">\u201eSocial &#8211; Local &#8211; Mobile: GetGauss\u201c <\/span>weiterlesen<\/a><\/p>\n","protected":false},"author":1,"featured_media":0,"parent":0,"menu_order":0,"comment_status":"open","ping_status":"open","template":"","meta":{"jetpack_post_was_ever_published":false,"activitypub_content_warning":"","activitypub_content_visibility":"","activitypub_max_image_attachments":4,"activitypub_interaction_policy_quote":"","activitypub_status":"","footnotes":""},"class_list":["post-1777","page","type-page","status-publish","hentry"],"yoast_head":"<!-- This site is optimized with the Yoast SEO plugin v27.4 - https:\/\/yoast.com\/product\/yoast-seo-wordpress\/ -->\n<title>Social - Local - Mobile: GetGauss - Netnographie &amp; Digitaler Wandel<\/title>\n<meta name=\"robots\" content=\"index, follow, max-snippet:-1, max-image-preview:large, max-video-preview:-1\" \/>\n<link rel=\"canonical\" href=\"https:\/\/www.klaus-janowitz.de\/wordpress\/social-local-mobile-getgauss\/\" \/>\n<meta property=\"og:locale\" content=\"de_DE\" \/>\n<meta property=\"og:type\" content=\"article\" \/>\n<meta property=\"og:title\" content=\"Social - Local - Mobile: GetGauss - Netnographie &amp; Digitaler Wandel\" \/>\n<meta property=\"og:description\" content=\"16\/02\/12\u00a0kmjan Social &#8211; Local &#8211; Mobile lautet der seit einigen Monaten verk\u00fcndete Trend, der sich im Zusammenwachsen von mobilem Internet, lokalen Services und Sozialen Netzwerken zeigt.\u00a0Soziale Netzwerke\u00a0kennen wir bislang als Abbildung und Best\u00e4tigung bestehender Verbindungen oder als themenzentrierte Plattformen. Inwieweit sie\u00a0offline\u00a0zur\u00fcckwirken ist der weiteren Initiative der Beteiligten \u00fcberlassen.\u00a0Location Based Services\u00a0wie\u00a0Foursquare\u00a0wurden\u00a0mit dem mobilen Netz und GPS &hellip; \u201eSocial &#8211; Local &#8211; Mobile: GetGauss\u201c weiterlesen\" \/>\n<meta property=\"og:url\" content=\"https:\/\/www.klaus-janowitz.de\/wordpress\/social-local-mobile-getgauss\/\" \/>\n<meta property=\"og:site_name\" content=\"Netnographie &amp; Digitaler Wandel\" \/>\n<meta property=\"article:modified_time\" content=\"2012-02-20T20:25:37+00:00\" \/>\n<meta property=\"og:image\" content=\"http:\/\/www.klaus-janowitz.de\/wordpress\/wp-content\/uploads\/2012\/02\/Vidar_A-225x300.jpg\" \/>\n<meta name=\"twitter:card\" content=\"summary_large_image\" \/>\n<meta name=\"twitter:label1\" content=\"Gesch\u00e4tzte Lesezeit\" \/>\n\t<meta name=\"twitter:data1\" content=\"3\u00a0Minuten\" \/>\n<script type=\"application\/ld+json\" class=\"yoast-schema-graph\">{\"@context\":\"https:\\\/\\\/schema.org\",\"@graph\":[{\"@type\":\"WebPage\",\"@id\":\"https:\\\/\\\/www.klaus-janowitz.de\\\/wordpress\\\/social-local-mobile-getgauss\\\/\",\"url\":\"https:\\\/\\\/www.klaus-janowitz.de\\\/wordpress\\\/social-local-mobile-getgauss\\\/\",\"name\":\"Social - Local - Mobile: GetGauss - Netnographie &amp; Digitaler Wandel\",\"isPartOf\":{\"@id\":\"https:\\\/\\\/www.klaus-janowitz.de\\\/wordpress\\\/#website\"},\"primaryImageOfPage\":{\"@id\":\"https:\\\/\\\/www.klaus-janowitz.de\\\/wordpress\\\/social-local-mobile-getgauss\\\/#primaryimage\"},\"image\":{\"@id\":\"https:\\\/\\\/www.klaus-janowitz.de\\\/wordpress\\\/social-local-mobile-getgauss\\\/#primaryimage\"},\"thumbnailUrl\":\"http:\\\/\\\/www.klaus-janowitz.de\\\/wordpress\\\/wp-content\\\/uploads\\\/2012\\\/02\\\/Vidar_A-225x300.jpg\",\"datePublished\":\"2012-02-16T16:58:39+00:00\",\"dateModified\":\"2012-02-20T20:25:37+00:00\",\"breadcrumb\":{\"@id\":\"https:\\\/\\\/www.klaus-janowitz.de\\\/wordpress\\\/social-local-mobile-getgauss\\\/#breadcrumb\"},\"inLanguage\":\"de\",\"potentialAction\":[{\"@type\":\"ReadAction\",\"target\":[\"https:\\\/\\\/www.klaus-janowitz.de\\\/wordpress\\\/social-local-mobile-getgauss\\\/\"]}]},{\"@type\":\"ImageObject\",\"inLanguage\":\"de\",\"@id\":\"https:\\\/\\\/www.klaus-janowitz.de\\\/wordpress\\\/social-local-mobile-getgauss\\\/#primaryimage\",\"url\":\"http:\\\/\\\/www.klaus-janowitz.de\\\/wordpress\\\/wp-content\\\/uploads\\\/2012\\\/02\\\/Vidar_A-225x300.jpg\",\"contentUrl\":\"http:\\\/\\\/www.klaus-janowitz.de\\\/wordpress\\\/wp-content\\\/uploads\\\/2012\\\/02\\\/Vidar_A-225x300.jpg\"},{\"@type\":\"BreadcrumbList\",\"@id\":\"https:\\\/\\\/www.klaus-janowitz.de\\\/wordpress\\\/social-local-mobile-getgauss\\\/#breadcrumb\",\"itemListElement\":[{\"@type\":\"ListItem\",\"position\":1,\"name\":\"Startseite\",\"item\":\"https:\\\/\\\/www.klaus-janowitz.de\\\/wordpress\\\/\"},{\"@type\":\"ListItem\",\"position\":2,\"name\":\"Social &#8211; Local &#8211; Mobile: GetGauss\"}]},{\"@type\":\"WebSite\",\"@id\":\"https:\\\/\\\/www.klaus-janowitz.de\\\/wordpress\\\/#website\",\"url\":\"https:\\\/\\\/www.klaus-janowitz.de\\\/wordpress\\\/\",\"name\":\"Netnographie &amp; Digitaler Wandel\",\"description\":\"Blog rund um die Themen Netnographie, Online-Kultur und Digitalen Wandel\",\"potentialAction\":[{\"@type\":\"SearchAction\",\"target\":{\"@type\":\"EntryPoint\",\"urlTemplate\":\"https:\\\/\\\/www.klaus-janowitz.de\\\/wordpress\\\/?s={search_term_string}\"},\"query-input\":{\"@type\":\"PropertyValueSpecification\",\"valueRequired\":true,\"valueName\":\"search_term_string\"}}],\"inLanguage\":\"de\"}]}<\/script>\n<!-- \/ Yoast SEO plugin. -->","yoast_head_json":{"title":"Social - Local - Mobile: GetGauss - Netnographie &amp; Digitaler Wandel","robots":{"index":"index","follow":"follow","max-snippet":"max-snippet:-1","max-image-preview":"max-image-preview:large","max-video-preview":"max-video-preview:-1"},"canonical":"https:\/\/www.klaus-janowitz.de\/wordpress\/social-local-mobile-getgauss\/","og_locale":"de_DE","og_type":"article","og_title":"Social - Local - Mobile: GetGauss - Netnographie &amp; Digitaler Wandel","og_description":"16\/02\/12\u00a0kmjan Social &#8211; Local &#8211; Mobile lautet der seit einigen Monaten verk\u00fcndete Trend, der sich im Zusammenwachsen von mobilem Internet, lokalen Services und Sozialen Netzwerken zeigt.\u00a0Soziale Netzwerke\u00a0kennen wir bislang als Abbildung und Best\u00e4tigung bestehender Verbindungen oder als themenzentrierte Plattformen. Inwieweit sie\u00a0offline\u00a0zur\u00fcckwirken ist der weiteren Initiative der Beteiligten \u00fcberlassen.\u00a0Location Based Services\u00a0wie\u00a0Foursquare\u00a0wurden\u00a0mit dem mobilen Netz und GPS &hellip; \u201eSocial &#8211; Local &#8211; Mobile: GetGauss\u201c weiterlesen","og_url":"https:\/\/www.klaus-janowitz.de\/wordpress\/social-local-mobile-getgauss\/","og_site_name":"Netnographie &amp; Digitaler Wandel","article_modified_time":"2012-02-20T20:25:37+00:00","og_image":[{"url":"http:\/\/www.klaus-janowitz.de\/wordpress\/wp-content\/uploads\/2012\/02\/Vidar_A-225x300.jpg","type":"","width":"","height":""}],"twitter_card":"summary_large_image","twitter_misc":{"Gesch\u00e4tzte Lesezeit":"3\u00a0Minuten"},"schema":{"@context":"https:\/\/schema.org","@graph":[{"@type":"WebPage","@id":"https:\/\/www.klaus-janowitz.de\/wordpress\/social-local-mobile-getgauss\/","url":"https:\/\/www.klaus-janowitz.de\/wordpress\/social-local-mobile-getgauss\/","name":"Social - Local - Mobile: GetGauss - Netnographie &amp; Digitaler Wandel","isPartOf":{"@id":"https:\/\/www.klaus-janowitz.de\/wordpress\/#website"},"primaryImageOfPage":{"@id":"https:\/\/www.klaus-janowitz.de\/wordpress\/social-local-mobile-getgauss\/#primaryimage"},"image":{"@id":"https:\/\/www.klaus-janowitz.de\/wordpress\/social-local-mobile-getgauss\/#primaryimage"},"thumbnailUrl":"http:\/\/www.klaus-janowitz.de\/wordpress\/wp-content\/uploads\/2012\/02\/Vidar_A-225x300.jpg","datePublished":"2012-02-16T16:58:39+00:00","dateModified":"2012-02-20T20:25:37+00:00","breadcrumb":{"@id":"https:\/\/www.klaus-janowitz.de\/wordpress\/social-local-mobile-getgauss\/#breadcrumb"},"inLanguage":"de","potentialAction":[{"@type":"ReadAction","target":["https:\/\/www.klaus-janowitz.de\/wordpress\/social-local-mobile-getgauss\/"]}]},{"@type":"ImageObject","inLanguage":"de","@id":"https:\/\/www.klaus-janowitz.de\/wordpress\/social-local-mobile-getgauss\/#primaryimage","url":"http:\/\/www.klaus-janowitz.de\/wordpress\/wp-content\/uploads\/2012\/02\/Vidar_A-225x300.jpg","contentUrl":"http:\/\/www.klaus-janowitz.de\/wordpress\/wp-content\/uploads\/2012\/02\/Vidar_A-225x300.jpg"},{"@type":"BreadcrumbList","@id":"https:\/\/www.klaus-janowitz.de\/wordpress\/social-local-mobile-getgauss\/#breadcrumb","itemListElement":[{"@type":"ListItem","position":1,"name":"Startseite","item":"https:\/\/www.klaus-janowitz.de\/wordpress\/"},{"@type":"ListItem","position":2,"name":"Social &#8211; Local &#8211; Mobile: GetGauss"}]},{"@type":"WebSite","@id":"https:\/\/www.klaus-janowitz.de\/wordpress\/#website","url":"https:\/\/www.klaus-janowitz.de\/wordpress\/","name":"Netnographie &amp; Digitaler Wandel","description":"Blog rund um die Themen Netnographie, Online-Kultur und Digitalen Wandel","potentialAction":[{"@type":"SearchAction","target":{"@type":"EntryPoint","urlTemplate":"https:\/\/www.klaus-janowitz.de\/wordpress\/?s={search_term_string}"},"query-input":{"@type":"PropertyValueSpecification","valueRequired":true,"valueName":"search_term_string"}}],"inLanguage":"de"}]}},"jetpack_sharing_enabled":true,"jetpack_shortlink":"https:\/\/wp.me\/P15Wn2-sF","jetpack_likes_enabled":true,"jetpack-related-posts":[{"id":3076,"url":"https:\/\/www.klaus-janowitz.de\/wordpress\/social-media-2013\/","url_meta":{"origin":1777,"position":0},"title":"Social Media 2013 &#8211; Paid, Owned, Shared &#038; Earned Media","author":"KlausMJan","date":"6. Februar 2013","format":false,"excerpt":"5\/02\/13\u00a0kmjan Die digitale Revolution vollzieht sich in Sch\u00fcben.\u00a0Entwicklung und Diskussion zum Social Web wurden in den letzten f\u00fcnf Jahren von zweien solcher Sch\u00fcbe bestimmt, die sich beide geradezu rasant vollzogen: zun\u00e4chst die Verbreitung der Plattformen und Dienste, die wir als Social Media bezeichnen, etwas sp\u00e4ter dann die des mobilen Internet.\u00a0Nach\u2026","rel":"","context":"\u00c4hnlicher Beitrag","block_context":{"text":"\u00c4hnlicher Beitrag","link":""},"img":{"alt_text":"MediaGraphik","src":"https:\/\/i0.wp.com\/www.klaus-janowitz.de\/wordpress\/wp-content\/uploads\/2013\/02\/MediaGraphik.png?resize=350%2C200","width":350,"height":200},"classes":[]},{"id":3066,"url":"https:\/\/www.klaus-janowitz.de\/wordpress\/scan-the-net-social-monitoring\/","url_meta":{"origin":1777,"position":1},"title":"Scan the Net &#8211; Social Monitoring","author":"KlausMJan","date":"18. Januar 2013","format":false,"excerpt":"18\/01\/13 kmjan Werkzeuge zur Beobachtung von Kommunikation und Feedback im Internet gibt es mittlerweile en masse - mit ganz unterschiedlichen Funktionen und in ganz unterschiedlichen Preisklassen. Solche, mit denen man die eigenen Aktivit\u00e4ten im Netz im Blick beh\u00e4lt, andere beschr\u00e4nken sich auf wenige Funktionen bzw. die Beobachtung einzelner Dienste, und\u2026","rel":"","context":"\u00c4hnlicher Beitrag","block_context":{"text":"\u00c4hnlicher Beitrag","link":""},"img":{"alt_text":"","src":"","width":0,"height":0},"classes":[]},{"id":2299,"url":"https:\/\/www.klaus-janowitz.de\/wordpress\/zur-zukunft-von-social-media\/","url_meta":{"origin":1777,"position":2},"title":"Zur Zukunft von Social Media","author":"KlausMJan","date":"11. Juni 2012","format":false,"excerpt":"27\/06\/12 kmjan Nichts hat die Online-Kommunikation so nachhaltig ver\u00e4ndert wie die zahlreichen Social Media-Angebote und -Instrumente, die in den vergangenen Jahren gro\u00dfe\u00a0Nutzerkreise erreicht haben und Individual- wie Unternehmenskommunikation nachhaltig ver\u00e4ndert haben.* Hinzuf\u00fcgen will ich die Durchsetzung des mobilen Internet: Die mobile\u00a0Revolution hat bereits stattgefunden.\u00a0Tim Krischak\u00a0und Kai Heddergott,\u00a0Kommunikationsberater aus Essen und\u2026","rel":"","context":"\u00c4hnlicher Beitrag","block_context":{"text":"\u00c4hnlicher Beitrag","link":""},"img":{"alt_text":"","src":"https:\/\/i0.wp.com\/www.klaus-janowitz.de\/wordpress\/wp-content\/uploads\/2012\/06\/Zukunft1-300x300.jpg?resize=350%2C200","width":350,"height":200},"classes":[]},{"id":241,"url":"https:\/\/www.klaus-janowitz.de\/wordpress\/social-media-netnography\/","url_meta":{"origin":1777,"position":3},"title":"Social Media Netnography","author":"KlausMJan","date":"9. Januar 2011","format":false,"excerpt":"07\/01\/11\u00a0kmjan Immer wieder taucht die Frage auf, was den Unterschied zwischen\u00a0Netnographie und\u00a0Social Media (bzw. Web-)\u00a0Monitoring ausmacht. Es sind keine Methoden und Konzepte, die in Konkurrenz zueinander stehen, sondern Forschungsans\u00e4tze, die unterschiedlichen Bereichen entstammen, sich in der Forschungspraxis im Social Web aber nahe kommen und gelegentlich \u00fcberschneiden. Netnographie entstammt der Ethnographie\u2026","rel":"","context":"\u00c4hnlicher Beitrag","block_context":{"text":"\u00c4hnlicher Beitrag","link":""},"img":{"alt_text":"","src":"https:\/\/i0.wp.com\/www.klaus-janowitz.de\/wordpress\/wp-content\/uploads\/2010\/12\/tgraph.jpg?resize=350%2C200&ssl=1","width":350,"height":200,"srcset":"https:\/\/i0.wp.com\/www.klaus-janowitz.de\/wordpress\/wp-content\/uploads\/2010\/12\/tgraph.jpg?resize=350%2C200&ssl=1 1x, https:\/\/i0.wp.com\/www.klaus-janowitz.de\/wordpress\/wp-content\/uploads\/2010\/12\/tgraph.jpg?resize=525%2C300&ssl=1 1.5x"},"classes":[]},{"id":5583,"url":"https:\/\/www.klaus-janowitz.de\/wordpress\/digitaler-wandel-ein-neuer-leitbegriff\/","url_meta":{"origin":1777,"position":4},"title":"Digitaler Wandel &#8211; ein neuer Leitbegriff","author":"KlausMJan","date":"30. April 2015","format":false,"excerpt":"29\/04\/15\u00a0kmjan Das Internet ist schon lange kein\u00a0Neuland mehr und schon gar nicht ein\u00a0Neues Medium*. Vor nunmehr zwei Jahrzehnten, etwa Mitte der 90er Jahre setzte es sich in der Breite durch und um die Jahrtausendwende herum war man dann \"drin\". In den Jahren danach folgten schnellere DSL-Verbindungen mit Flatrates, mit dem\u00a0iPhone\u2026","rel":"","context":"\u00c4hnlicher Beitrag","block_context":{"text":"\u00c4hnlicher Beitrag","link":""},"img":{"alt_text":"Digitaler Wandel ist mehr als technologischer Wandel","src":"https:\/\/i0.wp.com\/www.klaus-janowitz.de\/wordpress\/wp-content\/uploads\/2015\/04\/Firewire_ports-300x161.jpg?resize=350%2C200","width":350,"height":200},"classes":[]},{"id":7542,"url":"https:\/\/www.klaus-janowitz.de\/wordpress\/networked-sociality-das-neue-soziale-betriebssystem\/","url_meta":{"origin":1777,"position":5},"title":"Ein neues soziales Betriebssystem &#8211; Networked Sociality","author":"KlausMJan","date":"17. Februar 2016","format":false,"excerpt":"17\/02\/16\u00a0kmjan \"The New Social Operating System\" - so\u00a0bezeichnen die beiden kanadisch\/US- amerikanischen Soziologen\u00a0Lee Rainie und Barry Wellman Networked Individualism, zu deutsch Vernetzten Individualismus, das\u00a0sich durchsetzende Muster\u00a0vernetzter Sozialit\u00e4t\/Networked Sociality. Der\u00a0Begriff geht auf Manuel Castells zur\u00fcck: Netzwerke sind \u201epersonalisierte Gemeinschaften\", \"das neue Muster der Soziabilit\u00e4t ist durch einen vernetzten Individualismus gepr\u00e4gt\" (Castells\u2026","rel":"","context":"\u00c4hnlicher Beitrag","block_context":{"text":"\u00c4hnlicher Beitrag","link":""},"img":{"alt_text":"Networked","src":"https:\/\/i0.wp.com\/www.klaus-janowitz.de\/wordpress\/wp-content\/uploads\/2015\/10\/Networked1-200x300.jpg?resize=350%2C200","width":350,"height":200},"classes":[]}],"_links":{"self":[{"href":"https:\/\/www.klaus-janowitz.de\/wordpress\/wp-json\/wp\/v2\/pages\/1777","targetHints":{"allow":["GET"]}}],"collection":[{"href":"https:\/\/www.klaus-janowitz.de\/wordpress\/wp-json\/wp\/v2\/pages"}],"about":[{"href":"https:\/\/www.klaus-janowitz.de\/wordpress\/wp-json\/wp\/v2\/types\/page"}],"author":[{"embeddable":true,"href":"https:\/\/www.klaus-janowitz.de\/wordpress\/wp-json\/wp\/v2\/users\/1"}],"replies":[{"embeddable":true,"href":"https:\/\/www.klaus-janowitz.de\/wordpress\/wp-json\/wp\/v2\/comments?post=1777"}],"version-history":[{"count":45,"href":"https:\/\/www.klaus-janowitz.de\/wordpress\/wp-json\/wp\/v2\/pages\/1777\/revisions"}],"predecessor-version":[{"id":1856,"href":"https:\/\/www.klaus-janowitz.de\/wordpress\/wp-json\/wp\/v2\/pages\/1777\/revisions\/1856"}],"wp:attachment":[{"href":"https:\/\/www.klaus-janowitz.de\/wordpress\/wp-json\/wp\/v2\/media?parent=1777"}],"curies":[{"name":"wp","href":"https:\/\/api.w.org\/{rel}","templated":true}]}}