{"id":17070,"date":"2020-06-24T23:24:51","date_gmt":"2020-06-24T21:24:51","guid":{"rendered":"https:\/\/www.klaus-janowitz.de\/wordpress\/?page_id=17070"},"modified":"2020-07-01T21:35:32","modified_gmt":"2020-07-01T19:35:32","slug":"postdigital-wie-wir-kuenstliche-intelligenz-schlauer-machen-rez","status":"publish","type":"page","link":"https:\/\/www.klaus-janowitz.de\/wordpress\/postdigital-wie-wir-kuenstliche-intelligenz-schlauer-machen-rez\/","title":{"rendered":"Postdigital &#8211; wie wir k\u00fcnstliche Intelligenz schlauer machen &#8230; (Rez.)"},"content":{"rendered":"<p><a href=\"https:\/\/i0.wp.com\/www.klaus-janowitz.de\/wordpress\/wp-content\/uploads\/2020\/06\/Postdigital.jpeg?ssl=1\"><img data-recalc-dims=\"1\" fetchpriority=\"high\" decoding=\"async\" class=\"alignright wp-image-17071\" src=\"https:\/\/i0.wp.com\/www.klaus-janowitz.de\/wordpress\/wp-content\/uploads\/2020\/06\/Postdigital.jpeg?resize=224%2C365&#038;ssl=1\" alt=\"\" width=\"224\" height=\"365\" srcset=\"https:\/\/i0.wp.com\/www.klaus-janowitz.de\/wordpress\/wp-content\/uploads\/2020\/06\/Postdigital.jpeg?resize=184%2C300&amp;ssl=1 184w, https:\/\/i0.wp.com\/www.klaus-janowitz.de\/wordpress\/wp-content\/uploads\/2020\/06\/Postdigital.jpeg?w=378&amp;ssl=1 378w\" sizes=\"(max-width: 224px) 100vw, 224px\" \/><\/a><\/p>\n<p style=\"text-align: justify;\">24\/06\/20 <a href=\"http:\/\/www.klaus-janowitz.de\/\">kmjan<br \/>\n<\/a><em>Wie k\u00f6nnen intelligente Menschen intelligente Maschinen auf intelligente Weise nutzen<\/em>? &#8211; so das Motto auf der R\u00fcckseite.\u00a0 <strong>postdigital<\/strong>\u00a0 (mit dem langen Untertitel &#8220;<em>wie wir k\u00fcnstliche Intelligenz schlauer machen ohne uns von ihr bevormunden zu lassen&#8221;)<\/em> &#8211; ist das dritte Buch von <em>brandeins<\/em> &#8211; Autor Thomas Ramge zum Themenfeld <strong>KI <\/strong>in den letzten drei Jahren. \u00a0Im Oktober 2017 war <a href=\"https:\/\/www.klaus-janowitz.de\/wordpress\/das-digital-markt-wertschoepfung-und-gerechtigkeit-im-datenkapitalismus-rez\/\" target=\"_blank\" rel=\"noopener noreferrer\"><em>Das Digita<\/em>l<\/a> erschienen, kurz darauf der Reclam- Band <a href=\"https:\/\/www.klaus-janowitz.de\/wordpress\/das-digital-markt-wertschoepfung-und-gerechtigkeit-im-datenkapitalismus-rez\/\" target=\"_blank\" rel=\"noopener noreferrer\"><em>Mensch und Maschine<\/em><\/a>.<br \/>\nP<em>ostdigital<\/em> geht zur\u00fcck auf \u00e4sthetische Diskurse zu elektronischer Musik und Medienkunst, wurde bereits 1998 von\u00a0 Nicholas Negroponte in der Kolumne <em>The Digital Revolution is Over<\/em> (Wired) im heutigen Sinne verwendet &#8211; und bedeutet, dass digitale Technik in ihrer Selbstverst\u00e4ndlichkeit nur noch durch ihre Abwesenheit auff\u00e4llt (155). Ramge verbindet damit eine optimistische Zielvorstellung &#8211; in dem Sinne ist <em>Digital<\/em> das neue <em>Banal &#8211;<\/em> und es kommt darauf an, sie m\u00f6glichst sinnvoll, n\u00fctzlich und unauff\u00e4llig in die Lebenswirklichkeit einzubauen. Digitale Techniken sollen das Leben besser bzw. einfacher machen.<\/p>\n<p style=\"text-align: justify;\"><span style=\"font-size: 1rem;\">Bis zu dieser Zielvorstellung geht es darum,\u00a0 wie KI &#8211; <em>oder sagt man doch besser &#8220;aus Daten lernende Systeme&#8221;?<\/em> &#8211; technisch funktioniert und sozial wirkt. Das Wesen von KI ist die Automatisierung von Entscheidungen, die in ganz unterschiedlichen Bereichen (29-32) umgesetzt wird, immer wieder geht es um das Erkennen von Mustern in grossen Mengen an Daten:\u00a0 automatisiertes Fahren, Dating- Apps gleichen Profile nach m\u00f6glichen <em>Matchings<\/em> ab, in Medizin\/Public Health z.B. in der Computertomografie, im Finanzsektor, in der Online- Suche f\u00fchrt sie uns personalisierte Werbung zu &#8211; aber auch automatisierte Waffen (so etwa bewaffnete Drohnen) basieren darauf.<br \/>\nKI &#8211; darin unterscheidet sie sich nicht von anderen Techniken &#8211; wird ebenso zum Machtausbau &#8211; kommerziell wie politisch &#8211; genutzt: <\/span><span style=\"font-size: 1rem;\">Zur Monopolisierung von\u00a0 Daten, um Renditen zu sichern, zur Manipulation von Individuen, bishin zum strategischen politischen Einsatz zur Absicherung autokratischer Regimes.\u00a0<\/span><\/p>\n<p style=\"text-align: justify;\">Zweimal werden Szenarien als Erz\u00e4hlungen entworfen. Zum einen ein dystopisches Gedankenspiel (80-83) mit \u00dcberwachungs- und Scoringprogrammen incl. der\u00a0 Incentivierung von Wohlverhalten, wie sie irgendwo auf der Welt heute im Einsatz sind &#8211; nicht nur in China.<br \/>\nIm optimistischen Szenario geht es um den Alltag mit einem fiktiven pers\u00f6nlichen KI- Assistenten (129 ff). MyAI, so heisst der fiktionale Assistent im kostenpflichtigen Monats- Abo, stellt Nutzer- vor Anbieterinteressen, integriert die vielen kleinen Alltagsentscheidungen in die grunds\u00e4tzlichen Lebensentscheidungnden &#8211; eine Perspektive unterst\u00fctzter Selbstoptimierung bzw. <em>KI Nudging, <\/em>incl. medizinischer Notfall- Kontrolle.\u00a0<em><br \/>\n<\/em>Ausserdem gibt es den Entwurf einer 2030- Perspektive, beruhend auf den Ergebnissen eines Delphi- Panels mit 28 Thesen zu KI zum Jahre 2030 (102-128). Leser k\u00f6nnen das Expertenpanel nachspielen, die Thesen sind im Anhang abgedruckt. Nebenbei: eine Software die dabei konstellatorisches Denken f\u00f6rdert, gibt es noch nicht.<br \/>\nDie Ambivalenz von KI und der Bedarf an Regelsetzung (so in Sachen Fairness und Nichtdiskriminierung)\u00a0 wird thematisiert, dabei f\u00e4llt u.a. das Wort eines KI &#8211; T\u00dcV bzw. einer spezifischen Stiftung, die absichern sollten, dass Nutzer- vor Anbieterinteressen gehen.<br \/>\nEine bisher wenig beachtete Perspektive tritt hervor: Der Gegensatz von <em>lovely<\/em> und <em>lousy<\/em> &#8211; zwischen den agilen und kooperativen Jobs mit der Chance der Befreiung von starren Hierarchien, oft remote, in der die Fr\u00fcchte von KI Anwendungen genossen werden, und den ausf\u00fchrenden Servicedienstleistern, die sie als Kontrolle sp\u00fcren.<\/p>\n<p style=\"text-align: justify;\">Manches kehrt wieder, was in den beiden letzten B\u00fcchern bereits vorkam\u00a0 &#8211; so zum <em>Polanyi- Paradox<\/em> oder der <em>Kitty Hawk Moment<\/em> im minimalistischen Reclam- B\u00e4ndchen <em><a href=\"https:\/\/www.klaus-janowitz.de\/wordpress\/das-digital-markt-wertschoepfung-und-gerechtigkeit-im-datenkapitalismus-rez\/\" target=\"_blank\" rel=\"noopener noreferrer\">Mensch und Maschine<\/a>. <\/em>Jetzt aber in grosser Schrift und fettem Druck. Die neueste Auflage wurde um ein Update zur Corona- Krise erg\u00e4nzt. Mit der Krise tauchen neue sinnvolle Einsatzm\u00f6glichkeiten auf. Wie nutzen wir den Datenreichtum zu ihrer Bew\u00e4ltigung?<\/p>\n<p style=\"text-align: justify;\">Das\u00a0 Buch ist fl\u00fcssig und durchaus kurzweilig geschrieben, oft anekdotisch angereichert, es kn\u00fcpft an aktuelle Diskurse an und nutzt einige male das Stilmittel der fiktionalen Erz\u00e4hlung. Es liest sich <span style=\"text-align: justify; font-size: 1rem;\">wie ein guter\u00a0 Artikel in einem Magazin, <\/span><em style=\"text-align: justify; font-size: 1rem;\">\u00a0longread<\/em><span style=\"text-align: justify; font-size: 1rem;\">.\u00a0 Am besten auf einer l\u00e4ngeren Zugfahrt &#8230;.\u00a0 dank des Schriftbildes bequem lesbar f\u00fcr alle Altersgruppen.<\/span><br \/>\nGespannt bin ich auf das n\u00e4chste Buch, das im Herbst erscheinen soll &#8220;<em>Machtmaschinen &#8211; Warum\u00a0<\/em><em style=\"font-size: 1rem;\">Datenmonopole unsere Zukunft gef\u00e4hrden und wie wir sie brechen<\/em><span style=\"font-size: 1rem;\">&#8220;.\u00a0<\/span><\/p>\n<p style=\"text-align: justify;\"><span style=\"font-size: small; line-height: 2px;\"><strong>Thomas Ramge: <\/strong>postdigital. wie wir k\u00fcnstliche Intelligenz schlauer machen ohne uns von ihr bevormunden zu lassen. Murmann Verlag, Hamburg 2020, 163 S. + Anm. u. Quellen.; 20 \u20ac, ISBN: 978-3-86774-646-5<\/span><\/p>\n<p><!-- Matomo --><br \/>\n<script type=\"text\/javascript\">\n  var _paq = window._paq || [];\n  \/* tracker methods like \"setCustomDimension\" should be called before \"trackPageView\" *\/\n  _paq.push(['trackPageView']);\n  _paq.push(['enableLinkTracking']);\n  (function() {\n    var u=\"\/\/www.klaus-janowitz.de\/piwik\/\";\n    _paq.push(['setTrackerUrl', u+'matomo.php']);\n    _paq.push(['setSiteId', '1']);\n    var d=document, g=d.createElement('script'), s=d.getElementsByTagName('script')[0];\n    g.type='text\/javascript'; g.async=true; g.defer=true; g.src=u+'matomo.js'; s.parentNode.insertBefore(g,s);\n  })();\n<\/script><br \/>\n<!-- End Matomo Code --><\/p>\n","protected":false},"excerpt":{"rendered":"<p>24\/06\/20 kmjan Wie k\u00f6nnen intelligente Menschen intelligente Maschinen auf intelligente Weise nutzen? &#8211; so das Motto auf der R\u00fcckseite.\u00a0 postdigital\u00a0 (mit dem langen Untertitel &#8220;wie wir k\u00fcnstliche Intelligenz schlauer machen ohne uns von ihr bevormunden zu lassen&#8221;) &#8211; ist das dritte Buch von brandeins &#8211; Autor Thomas Ramge zum Themenfeld KI in den letzten drei &hellip; <\/p>\n<p class=\"link-more\"><a href=\"https:\/\/www.klaus-janowitz.de\/wordpress\/postdigital-wie-wir-kuenstliche-intelligenz-schlauer-machen-rez\/\" class=\"more-link\"><span class=\"screen-reader-text\">\u201ePostdigital &#8211; wie wir k\u00fcnstliche Intelligenz schlauer machen &#8230; (Rez.)\u201c <\/span>weiterlesen<\/a><\/p>\n","protected":false},"author":1,"featured_media":0,"parent":0,"menu_order":0,"comment_status":"closed","ping_status":"closed","template":"","meta":{"jetpack_post_was_ever_published":false,"activitypub_content_warning":"","activitypub_content_visibility":"","activitypub_max_image_attachments":4,"activitypub_interaction_policy_quote":"","activitypub_status":"","footnotes":""},"class_list":["post-17070","page","type-page","status-publish","hentry"],"yoast_head":"<!-- This site is optimized with the Yoast SEO plugin v27.5 - https:\/\/yoast.com\/product\/yoast-seo-wordpress\/ -->\n<title>Postdigital - wie wir k\u00fcnstliche Intelligenz schlauer machen ... (Rez.) - Netnographie &amp; Digitaler Wandel<\/title>\n<meta name=\"robots\" content=\"index, follow, max-snippet:-1, max-image-preview:large, max-video-preview:-1\" \/>\n<link rel=\"canonical\" href=\"https:\/\/www.klaus-janowitz.de\/wordpress\/postdigital-wie-wir-kuenstliche-intelligenz-schlauer-machen-rez\/\" \/>\n<meta property=\"og:locale\" content=\"de_DE\" \/>\n<meta property=\"og:type\" content=\"article\" \/>\n<meta property=\"og:title\" content=\"Postdigital - wie wir k\u00fcnstliche Intelligenz schlauer machen ... (Rez.) - Netnographie &amp; Digitaler Wandel\" \/>\n<meta property=\"og:description\" content=\"24\/06\/20 kmjan Wie k\u00f6nnen intelligente Menschen intelligente Maschinen auf intelligente Weise nutzen? &#8211; so das Motto auf der R\u00fcckseite.\u00a0 postdigital\u00a0 (mit dem langen Untertitel &#8220;wie wir k\u00fcnstliche Intelligenz schlauer machen ohne uns von ihr bevormunden zu lassen&#8221;) &#8211; ist das dritte Buch von brandeins &#8211; Autor Thomas Ramge zum Themenfeld KI in den letzten drei &hellip; \u201ePostdigital &#8211; wie wir k\u00fcnstliche Intelligenz schlauer machen &#8230; (Rez.)\u201c weiterlesen\" \/>\n<meta property=\"og:url\" content=\"https:\/\/www.klaus-janowitz.de\/wordpress\/postdigital-wie-wir-kuenstliche-intelligenz-schlauer-machen-rez\/\" \/>\n<meta property=\"og:site_name\" content=\"Netnographie &amp; Digitaler Wandel\" \/>\n<meta property=\"article:modified_time\" content=\"2020-07-01T19:35:32+00:00\" \/>\n<meta property=\"og:image\" content=\"https:\/\/www.klaus-janowitz.de\/wordpress\/wp-content\/uploads\/2020\/06\/Postdigital-184x300.jpeg\" \/>\n<meta name=\"twitter:card\" content=\"summary_large_image\" \/>\n<meta name=\"twitter:label1\" content=\"Gesch\u00e4tzte Lesezeit\" \/>\n\t<meta name=\"twitter:data1\" content=\"4\u00a0Minuten\" \/>\n<script type=\"application\/ld+json\" class=\"yoast-schema-graph\">{\"@context\":\"https:\\\/\\\/schema.org\",\"@graph\":[{\"@type\":\"WebPage\",\"@id\":\"https:\\\/\\\/www.klaus-janowitz.de\\\/wordpress\\\/postdigital-wie-wir-kuenstliche-intelligenz-schlauer-machen-rez\\\/\",\"url\":\"https:\\\/\\\/www.klaus-janowitz.de\\\/wordpress\\\/postdigital-wie-wir-kuenstliche-intelligenz-schlauer-machen-rez\\\/\",\"name\":\"Postdigital - wie wir k\u00fcnstliche Intelligenz schlauer machen ... (Rez.) - Netnographie &amp; Digitaler Wandel\",\"isPartOf\":{\"@id\":\"https:\\\/\\\/www.klaus-janowitz.de\\\/wordpress\\\/#website\"},\"primaryImageOfPage\":{\"@id\":\"https:\\\/\\\/www.klaus-janowitz.de\\\/wordpress\\\/postdigital-wie-wir-kuenstliche-intelligenz-schlauer-machen-rez\\\/#primaryimage\"},\"image\":{\"@id\":\"https:\\\/\\\/www.klaus-janowitz.de\\\/wordpress\\\/postdigital-wie-wir-kuenstliche-intelligenz-schlauer-machen-rez\\\/#primaryimage\"},\"thumbnailUrl\":\"https:\\\/\\\/www.klaus-janowitz.de\\\/wordpress\\\/wp-content\\\/uploads\\\/2020\\\/06\\\/Postdigital-184x300.jpeg\",\"datePublished\":\"2020-06-24T21:24:51+00:00\",\"dateModified\":\"2020-07-01T19:35:32+00:00\",\"breadcrumb\":{\"@id\":\"https:\\\/\\\/www.klaus-janowitz.de\\\/wordpress\\\/postdigital-wie-wir-kuenstliche-intelligenz-schlauer-machen-rez\\\/#breadcrumb\"},\"inLanguage\":\"de\",\"potentialAction\":[{\"@type\":\"ReadAction\",\"target\":[\"https:\\\/\\\/www.klaus-janowitz.de\\\/wordpress\\\/postdigital-wie-wir-kuenstliche-intelligenz-schlauer-machen-rez\\\/\"]}]},{\"@type\":\"ImageObject\",\"inLanguage\":\"de\",\"@id\":\"https:\\\/\\\/www.klaus-janowitz.de\\\/wordpress\\\/postdigital-wie-wir-kuenstliche-intelligenz-schlauer-machen-rez\\\/#primaryimage\",\"url\":\"https:\\\/\\\/www.klaus-janowitz.de\\\/wordpress\\\/wp-content\\\/uploads\\\/2020\\\/06\\\/Postdigital-184x300.jpeg\",\"contentUrl\":\"https:\\\/\\\/www.klaus-janowitz.de\\\/wordpress\\\/wp-content\\\/uploads\\\/2020\\\/06\\\/Postdigital-184x300.jpeg\"},{\"@type\":\"BreadcrumbList\",\"@id\":\"https:\\\/\\\/www.klaus-janowitz.de\\\/wordpress\\\/postdigital-wie-wir-kuenstliche-intelligenz-schlauer-machen-rez\\\/#breadcrumb\",\"itemListElement\":[{\"@type\":\"ListItem\",\"position\":1,\"name\":\"Startseite\",\"item\":\"https:\\\/\\\/www.klaus-janowitz.de\\\/wordpress\\\/\"},{\"@type\":\"ListItem\",\"position\":2,\"name\":\"Postdigital &#8211; wie wir k\u00fcnstliche Intelligenz schlauer machen &#8230; (Rez.)\"}]},{\"@type\":\"WebSite\",\"@id\":\"https:\\\/\\\/www.klaus-janowitz.de\\\/wordpress\\\/#website\",\"url\":\"https:\\\/\\\/www.klaus-janowitz.de\\\/wordpress\\\/\",\"name\":\"Netnographie &amp; Digitaler Wandel\",\"description\":\"Blog rund um die Themen Netnographie, Online-Kultur und Digitalen Wandel\",\"potentialAction\":[{\"@type\":\"SearchAction\",\"target\":{\"@type\":\"EntryPoint\",\"urlTemplate\":\"https:\\\/\\\/www.klaus-janowitz.de\\\/wordpress\\\/?s={search_term_string}\"},\"query-input\":{\"@type\":\"PropertyValueSpecification\",\"valueRequired\":true,\"valueName\":\"search_term_string\"}}],\"inLanguage\":\"de\"}]}<\/script>\n<!-- \/ Yoast SEO plugin. -->","yoast_head_json":{"title":"Postdigital - wie wir k\u00fcnstliche Intelligenz schlauer machen ... (Rez.) - Netnographie &amp; Digitaler Wandel","robots":{"index":"index","follow":"follow","max-snippet":"max-snippet:-1","max-image-preview":"max-image-preview:large","max-video-preview":"max-video-preview:-1"},"canonical":"https:\/\/www.klaus-janowitz.de\/wordpress\/postdigital-wie-wir-kuenstliche-intelligenz-schlauer-machen-rez\/","og_locale":"de_DE","og_type":"article","og_title":"Postdigital - wie wir k\u00fcnstliche Intelligenz schlauer machen ... (Rez.) - Netnographie &amp; Digitaler Wandel","og_description":"24\/06\/20 kmjan Wie k\u00f6nnen intelligente Menschen intelligente Maschinen auf intelligente Weise nutzen? &#8211; so das Motto auf der R\u00fcckseite.\u00a0 postdigital\u00a0 (mit dem langen Untertitel &#8220;wie wir k\u00fcnstliche Intelligenz schlauer machen ohne uns von ihr bevormunden zu lassen&#8221;) &#8211; ist das dritte Buch von brandeins &#8211; Autor Thomas Ramge zum Themenfeld KI in den letzten drei &hellip; \u201ePostdigital &#8211; wie wir k\u00fcnstliche Intelligenz schlauer machen &#8230; (Rez.)\u201c weiterlesen","og_url":"https:\/\/www.klaus-janowitz.de\/wordpress\/postdigital-wie-wir-kuenstliche-intelligenz-schlauer-machen-rez\/","og_site_name":"Netnographie &amp; Digitaler Wandel","article_modified_time":"2020-07-01T19:35:32+00:00","og_image":[{"url":"https:\/\/www.klaus-janowitz.de\/wordpress\/wp-content\/uploads\/2020\/06\/Postdigital-184x300.jpeg","type":"","width":"","height":""}],"twitter_card":"summary_large_image","twitter_misc":{"Gesch\u00e4tzte Lesezeit":"4\u00a0Minuten"},"schema":{"@context":"https:\/\/schema.org","@graph":[{"@type":"WebPage","@id":"https:\/\/www.klaus-janowitz.de\/wordpress\/postdigital-wie-wir-kuenstliche-intelligenz-schlauer-machen-rez\/","url":"https:\/\/www.klaus-janowitz.de\/wordpress\/postdigital-wie-wir-kuenstliche-intelligenz-schlauer-machen-rez\/","name":"Postdigital - wie wir k\u00fcnstliche Intelligenz schlauer machen ... (Rez.) - Netnographie &amp; Digitaler Wandel","isPartOf":{"@id":"https:\/\/www.klaus-janowitz.de\/wordpress\/#website"},"primaryImageOfPage":{"@id":"https:\/\/www.klaus-janowitz.de\/wordpress\/postdigital-wie-wir-kuenstliche-intelligenz-schlauer-machen-rez\/#primaryimage"},"image":{"@id":"https:\/\/www.klaus-janowitz.de\/wordpress\/postdigital-wie-wir-kuenstliche-intelligenz-schlauer-machen-rez\/#primaryimage"},"thumbnailUrl":"https:\/\/www.klaus-janowitz.de\/wordpress\/wp-content\/uploads\/2020\/06\/Postdigital-184x300.jpeg","datePublished":"2020-06-24T21:24:51+00:00","dateModified":"2020-07-01T19:35:32+00:00","breadcrumb":{"@id":"https:\/\/www.klaus-janowitz.de\/wordpress\/postdigital-wie-wir-kuenstliche-intelligenz-schlauer-machen-rez\/#breadcrumb"},"inLanguage":"de","potentialAction":[{"@type":"ReadAction","target":["https:\/\/www.klaus-janowitz.de\/wordpress\/postdigital-wie-wir-kuenstliche-intelligenz-schlauer-machen-rez\/"]}]},{"@type":"ImageObject","inLanguage":"de","@id":"https:\/\/www.klaus-janowitz.de\/wordpress\/postdigital-wie-wir-kuenstliche-intelligenz-schlauer-machen-rez\/#primaryimage","url":"https:\/\/www.klaus-janowitz.de\/wordpress\/wp-content\/uploads\/2020\/06\/Postdigital-184x300.jpeg","contentUrl":"https:\/\/www.klaus-janowitz.de\/wordpress\/wp-content\/uploads\/2020\/06\/Postdigital-184x300.jpeg"},{"@type":"BreadcrumbList","@id":"https:\/\/www.klaus-janowitz.de\/wordpress\/postdigital-wie-wir-kuenstliche-intelligenz-schlauer-machen-rez\/#breadcrumb","itemListElement":[{"@type":"ListItem","position":1,"name":"Startseite","item":"https:\/\/www.klaus-janowitz.de\/wordpress\/"},{"@type":"ListItem","position":2,"name":"Postdigital &#8211; wie wir k\u00fcnstliche Intelligenz schlauer machen &#8230; (Rez.)"}]},{"@type":"WebSite","@id":"https:\/\/www.klaus-janowitz.de\/wordpress\/#website","url":"https:\/\/www.klaus-janowitz.de\/wordpress\/","name":"Netnographie &amp; Digitaler Wandel","description":"Blog rund um die Themen Netnographie, Online-Kultur und Digitalen Wandel","potentialAction":[{"@type":"SearchAction","target":{"@type":"EntryPoint","urlTemplate":"https:\/\/www.klaus-janowitz.de\/wordpress\/?s={search_term_string}"},"query-input":{"@type":"PropertyValueSpecification","valueRequired":true,"valueName":"search_term_string"}}],"inLanguage":"de"}]}},"jetpack_sharing_enabled":true,"jetpack_shortlink":"https:\/\/wp.me\/P15Wn2-4rk","jetpack_likes_enabled":true,"jetpack-related-posts":[{"id":10810,"url":"https:\/\/www.klaus-janowitz.de\/wordpress\/das-digital\/","url_meta":{"origin":17070,"position":0},"title":"Das Digital &#8211; Markt, Wertsch\u00f6pfung und Gerechtigkeit im Datenkapitalismus (Rez.)","author":"KlausMJan","date":"26. April 2018","format":false,"excerpt":"25\/04\/18\u00a0kmjan\u00a0 Zwei B\u00fccher innerhalb eines halben Jahres, das\u00a0ist flott. Im Oktober 2017\u00a0erschien Das Digital\u00a0von\u00a0Viktor Mayer- Sch\u00f6nberger\u00a0und Thomas Ramge, Mitte M\u00e4rz 2018\u00a0folgte Mensch und Maschine - letzteres im\u00a0\u00a0Reclam Format\u00a0(9,5 x 14,8 cm, <100 S.) -jackentaschenf\u00e4hig. Der grammatisch innovative Titel Das Digital kn\u00fcpft an Karl Marx\u00a0Das Kapital.\u00a0So wie bei Marx im Zeitalter\u2026","rel":"","context":"\u00c4hnlicher Beitrag","block_context":{"text":"\u00c4hnlicher Beitrag","link":""},"img":{"alt_text":"","src":"https:\/\/i0.wp.com\/www.klaus-janowitz.de\/wordpress\/wp-content\/uploads\/2018\/03\/Das_Digital-199x300.jpg?resize=350%2C200","width":350,"height":200},"classes":[]},{"id":87411,"url":"https:\/\/www.klaus-janowitz.de\/wordpress\/zur-diskussion\/","url_meta":{"origin":17070,"position":1},"title":"Zur Diskussion","author":"KlausMJan","date":"17. Oktober 2025","format":false,"excerpt":"Auf dieser Seite stehen Texte und Materialen zur Dokumentation. An den Diskussionen bin ich (zumindest im weiteren Sinne) beteiligt - aber (noch) nicht soweit, dazu einen ausf\u00fchrlichen Text zu schreiben. \u00a0 \u00a0 \u00a0 \u00a0 \u00a0 \u00a0 \u00a0 Ende August (28.08) hatten wir in den K\u00f6lner Startplatz\u00a0eingeladen:\u00a0Stille Umbr\u00fcche\u00a0 \u2013 Was KI\u2026","rel":"","context":"\u00c4hnlicher Beitrag","block_context":{"text":"\u00c4hnlicher Beitrag","link":""},"img":{"alt_text":"","src":"https:\/\/i0.wp.com\/www.klaus-janowitz.de\/wordpress\/wp-content\/uploads\/2025\/09\/alex-shuper-3Ft0a5sK2dk-unsplash-300x200.jpg?resize=350%2C200&ssl=1","width":350,"height":200},"classes":[]},{"id":11630,"url":"https:\/\/www.klaus-janowitz.de\/wordpress\/4-0-oder-die-luecke-die-der-rechner-laesst-rez\/","url_meta":{"origin":17070,"position":2},"title":"4.0 oder die L\u00fccke, die der Rechner l\u00e4sst (Rez.)","author":"KlausMJan","date":"29. September 2018","format":false,"excerpt":"27\/09\/18\u00a0kmjan Immer wieder 4.0 ... und ausgerechnet\u00a0 von\u00a0\u00a0einem Soziologen, aber hier gilt eine ganz andere Z\u00e4hlweise: 4.0 ist keine Etappe der industriellen Revolution, sondern weit ausgreifend die 4.\u00a0 Medienepoche der Menschheitsgeschichte. Zuerst war die Sprache und die Stammesgesellschaft, dann die Schrift und die antike Gesellschaft, sp\u00e4ter kam der Buchdruck und\u2026","rel":"","context":"\u00c4hnlicher Beitrag","block_context":{"text":"\u00c4hnlicher Beitrag","link":""},"img":{"alt_text":"","src":"https:\/\/i0.wp.com\/www.klaus-janowitz.de\/wordpress\/wp-content\/uploads\/2018\/09\/DirkBaecker-e1536095925897-210x300.jpeg?resize=350%2C200","width":350,"height":200},"classes":[]},{"id":10223,"url":"https:\/\/www.klaus-janowitz.de\/wordpress\/gesellschaft-4-0-networked-economy-und-networked-sociality\/","url_meta":{"origin":17070,"position":3},"title":"Gesellschaft 4.0 ?- Networked Economy und Networked Sociality","author":"KlausMJan","date":"19. August 2017","format":false,"excerpt":"17\/08\/17\u00a0kmjan Gesellschaft 4.0 ist ein etwas seltsamer Begriff, der sich einreiht in die Serie von 4.0 Begriffen (Arbeit, Technologie, Wirtschaft, Politik,\u00a0Gesundheit), die alle auf\u00a0Industrie 4.0\u00a0zur\u00fcckgehen. Industrie 4.0\u00a0verweist auf automatisierte Digitalisierung als vierter industrieller Revolution -\u00a0nach Mechanisierung, Elektrifizierung und Informatisierung. 4.0\u00a0steht f\u00fcr das von Ministerien, Unternehmen, Verb\u00e4nden etc. getragene Zukunftsprojekt f\u00fcr\u2026","rel":"","context":"\u00c4hnlicher Beitrag","block_context":{"text":"\u00c4hnlicher Beitrag","link":""},"img":{"alt_text":"","src":"https:\/\/i0.wp.com\/www.klaus-janowitz.de\/wordpress\/wp-content\/uploads\/2016\/03\/Buerostuhl-300x300.jpg?resize=350%2C200","width":350,"height":200},"classes":[]},{"id":9219,"url":"https:\/\/www.klaus-janowitz.de\/wordpress\/deutschland-4-0-wie-die-digitale-transformation-gelingt-rez\/","url_meta":{"origin":17070,"position":4},"title":"Deutschland 4.0 &#8211; Wie die Digitale Transformation gelingt  (Rez.)","author":"KlausMJan","date":"5. Dezember 2016","format":false,"excerpt":"8\/12\/16\u00a0kmjan Zur Digitalen Transformation\u00a0sind in den letzten Jahren eine ganze Reihe B\u00fccher \u00a0erschienen\u00a0- einige davon habe ich in diesem Blog besprochen: \u201eDematerialisierung \u2013 Die Neuverteilung der Welt in Zeiten des digitalen Darwinismus\u201c von Ralf\u00a0Kreuzer & Karl-Heinz Land; Tim Cole\u00a0 mit \"Digitale Transformation. Warum die deutsche Wirtschaft gerade die digitale Zukunft\u2026","rel":"","context":"\u00c4hnlicher Beitrag","block_context":{"text":"\u00c4hnlicher Beitrag","link":""},"img":{"alt_text":"deutschland_40","src":"https:\/\/i0.wp.com\/www.klaus-janowitz.de\/wordpress\/wp-content\/uploads\/2016\/11\/Deutschland_40-199x300.jpg?resize=350%2C200","width":350,"height":200},"classes":[]},{"id":14102,"url":"https:\/\/www.klaus-janowitz.de\/wordpress\/netnographie-2\/","url_meta":{"origin":17070,"position":5},"title":"Netnographie","author":"KlausMJan","date":"2. Dezember 2019","format":false,"excerpt":"Netnographie bzw. Netnography, ist ein qualitativer Forschungsansatz, der die in den Sozialwissenschaften entwickelten Methoden ethnographischer (Feld-) Forschung auf die M\u00f6glichkeiten der Informationsgewinnung im Internet anwendet. Gepr\u00e4gt und weiterentwickelt wurde der Forschungsansatz seit 1996 von dem kanadischen Kulturanthropologen und Marketer Robert V. Kozinets. Grunds\u00e4tzlich ist Netnographie - ebenso wie Ethnographie -\u2026","rel":"","context":"\u00c4hnlicher Beitrag","block_context":{"text":"\u00c4hnlicher Beitrag","link":""},"img":{"alt_text":"","src":"https:\/\/i0.wp.com\/www.klaus-janowitz.de\/wordpress\/wp-content\/uploads\/2015\/06\/Netzwerk-300x204.jpg?resize=350%2C200&ssl=1","width":350,"height":200},"classes":[]}],"_links":{"self":[{"href":"https:\/\/www.klaus-janowitz.de\/wordpress\/wp-json\/wp\/v2\/pages\/17070","targetHints":{"allow":["GET"]}}],"collection":[{"href":"https:\/\/www.klaus-janowitz.de\/wordpress\/wp-json\/wp\/v2\/pages"}],"about":[{"href":"https:\/\/www.klaus-janowitz.de\/wordpress\/wp-json\/wp\/v2\/types\/page"}],"author":[{"embeddable":true,"href":"https:\/\/www.klaus-janowitz.de\/wordpress\/wp-json\/wp\/v2\/users\/1"}],"replies":[{"embeddable":true,"href":"https:\/\/www.klaus-janowitz.de\/wordpress\/wp-json\/wp\/v2\/comments?post=17070"}],"version-history":[{"count":29,"href":"https:\/\/www.klaus-janowitz.de\/wordpress\/wp-json\/wp\/v2\/pages\/17070\/revisions"}],"predecessor-version":[{"id":17255,"href":"https:\/\/www.klaus-janowitz.de\/wordpress\/wp-json\/wp\/v2\/pages\/17070\/revisions\/17255"}],"wp:attachment":[{"href":"https:\/\/www.klaus-janowitz.de\/wordpress\/wp-json\/wp\/v2\/media?parent=17070"}],"curies":[{"name":"wp","href":"https:\/\/api.w.org\/{rel}","templated":true}]}}