{"id":1614,"date":"2012-01-27T14:28:31","date_gmt":"2012-01-27T13:28:31","guid":{"rendered":"http:\/\/www.klaus-janowitz.de\/wordpress\/?page_id=1614"},"modified":"2016-12-08T23:57:27","modified_gmt":"2016-12-08T22:57:27","slug":"kreise-in-social-media","status":"publish","type":"page","link":"https:\/\/www.klaus-janowitz.de\/wordpress\/kreise-in-social-media\/","title":{"rendered":"Kreise der Social Media"},"content":{"rendered":"<p style=\"text-align: justify;\">25\/01\/12 <a href=\"http:\/\/www.klaus-janowitz.de\/\">kmjan<\/a><br \/>\nEs gibt einige Modelle <em>Social Media<\/em> visuell darzustellen. Bekannt ist das von <a href=\"http:\/\/www.briansolis.com\" target=\"_blank\">Brian Solis<\/a> und Jesse Thomas entwickelte <a href=\"http:\/\/www.ethority.de\/weblog\/social-media-prisma\/\" target=\"_blank\">Social Media Prisma<\/a>\u00a0&#8211; hierzulande von der Hamburger Social Media Agentur <em>Ethority\u00a0<\/em>an die deutsche Social Media Landschaft angepasst. Das Prisma macht v.a. die Vielfalt der Plattformen deutlich: Social Media sind weit mehr als <em>Facebook<\/em> und <em>Twitter<\/em>. In Social Media finden private und \u00f6ffentliche Gespr\u00e4che statt, sie dienen der Kommunikation von Unternehmen und Organisationen mit Kunden und Stakeholdern, Inhalte werden publiziert und geteilt und sie sind Plattformen von PR und Marketing.<\/p>\n<div class=\"mceTemp\" style=\"text-align: justify;\">\n<dl id=\"attachment_1327\" class=\"wp-caption alignleft\" style=\"width: 287px;\">\n<dt class=\"wp-caption-dt\"><a href=\"https:\/\/i0.wp.com\/www.klaus-janowitz.de\/wordpress\/wp-content\/uploads\/2012\/01\/Social-Media-Landscape.jpg\"><img data-recalc-dims=\"1\" fetchpriority=\"high\" decoding=\"async\" class=\"size-medium wp-image-1327 \" title=\"Social Media Landscape\" src=\"https:\/\/i0.wp.com\/www.klaus-janowitz.de\/wordpress\/wp-content\/uploads\/2012\/01\/Social-Media-Landscape-277x300.jpg?resize=277%2C300\" alt=\"\" width=\"277\" height=\"300\" srcset=\"https:\/\/i0.wp.com\/www.klaus-janowitz.de\/wordpress\/wp-content\/uploads\/2012\/01\/Social-Media-Landscape.jpg?resize=277%2C300&amp;ssl=1 277w, https:\/\/i0.wp.com\/www.klaus-janowitz.de\/wordpress\/wp-content\/uploads\/2012\/01\/Social-Media-Landscape.jpg?w=946&amp;ssl=1 946w\" sizes=\"(max-width: 277px) 100vw, 277px\" \/><\/a><\/dt>\n<dd class=\"wp-caption-dd\">Kreise der Social Media<\/dd>\n<\/dl>\n<\/div>\n<p style=\"text-align: justify;\">Die nebenstehende Graphik\u00a0<em>Social Media Landscape 2011* (<\/em>orig.<em> Panorama des m\u00e9dias sociaux)\u00a0<\/em>von\u00a0<a href=\"http:\/\/www.mediassociaux.fr\/2010\/12\/13\/panorama-des-medias-sociaux-2011\/\" target=\"_blank\">Fr\u00e9d\u00e9ric Cavazza<\/a> gliedert das \u00d6kosystem der Social Media in sieben \u00fcbersichtliche Kategorien, die den grundlegenden Motivationen zur Teilnahme und Nutzung entsprechen:\u00a0<em><strong>Publish\u00a0<\/strong><\/em>umfasst neben Blogs und Wikis auch <em>Twitter<\/em> als Microblog: Inhalte werden ver\u00f6ffentlicht. Unter\u00a0<strong><em>Share\u00a0<\/em><\/strong>werden\u00a0Inhalte oder links geteilt: z.B. Videos auf <em>youtube<\/em> oder <em>vimeo<\/em>, Texte auf\u00a0<em>Scribd<\/em>, Pr\u00e4sentationen bei\u00a0<em>Slideshare.<\/em>\u00a0<strong><em>Discuss\u00a0<\/em><\/strong>fasst\u00a0Foren, Frage &amp; Antwort-Portale (Q&amp;A) etc. zusammen. Unter <em><strong>Commerce<\/strong><\/em> fallen Produktbewertungen &#8211; und empfehlungen, Co-Shopping: Plattformen, die mit Konsum zu tun haben &#8211; <em><strong>Location <\/strong><\/em>mit\u00a0Diensten wie <em>Foursquare<\/em> oder <em>Plancast<\/em> &#8211; \u00a0<em><strong>Network<\/strong><\/em>\u00a0 umfasst die sog. Business- Netzwerke <em>Xing<\/em> und <em>LinkedIn<\/em>, Community Plattformen wie <em>Ning<\/em> etc. &#8211; \u00a0schlie\u00dflich <em><strong>Games<\/strong><\/em> &#8211; Spieleplattformen. Der Gigant<em>\u00a0Facebook<\/em> und sein Konkurrent\u00a0<em>Goog<\/em><em>le+<\/em>\u00a0sind in der Mitte plaziert &#8211; \u00a0grunds\u00e4tzlich\u00a0k\u00f6nnte man sie zwar der Kategorie <strong><em>Network<\/em><\/strong>\u00a0zuordnen, beide bieten aber Funktionen aus allen anderen Bereichen, so Sharing, Spiele, Kommerz &#8211; allein die schiere Gr\u00f6\u00dfe bewirkt eine Dominanz. Auch \u00fcber\u00a0<em>Twitter<\/em>\u00a0wird auf zahlreiche andere Funktionen zugegriffen, allerdings mehr dank seiner agilen Nutzerschaft und seiner API.\u00a0Ein\u00a0wesentlicher Unterschied zwischen den Plattformen ist das symmetrische <em>Freunde<\/em>-Prinzip bei <em>Facebook<\/em> und das\u00a0asymmetrische <em>Follower<\/em>-Prinzip bei <em>Google+ <\/em>und<em> Twitter<\/em>. Das <em>Freunde<\/em>-Prinzip entspricht einem urspr\u00fcnglich gedachten\u00a0<em>Vernetzen mit Freunden<\/em>, das\u00a0<em>Follower<\/em>-Prinzip\u00a0beg\u00fcnstigt die <em>Publishing<\/em>&#8211; Funktionen und damit den Informationsflu\u00df: man mu\u00df nicht <em>befreundet<\/em>\u00a0sein, um Themenstr\u00e4ngen zu folgen.<br \/>\nDie Zuordnung zu den Kategorien mu\u00df nicht immer eindeutig sein: Den Bilderdienst (<em>social photography<\/em>)\u00a0<em>Instagram<\/em>\u00a0kann man z.B. als Foto-<em>Sharing<\/em>\u00a0oder als<em> visuelle Kurzmitteilung<\/em> analog zu <em>Twitter<\/em> verstehen: liegt dort die Beschr\u00e4nkung bei 140 Zeichen, liegt sie bei Instagram im quatratischen Format von 5 x 5 cm.<em><\/em><\/p>\n<p style=\"text-align: justify;\"><em>Facebook<\/em>\u00a0dient zu einem gro\u00dfen Teil der Interaktion von Marken mit ihren Konsumenten, man kann es als die globale\u00a0Shopping Mall\u00a0der Social Media sehen, auf der man Bekannte aus jedem Lebensabschnitt, Branchenkollegen und entfernte Verwandte trifft &#8211; wo aber auch mehr oder weniger alle relevanten Marken vertreten sind, mit denen man ebenso in Beziehung treten kann. Neben die bekannten Gr\u00f6\u00dfen treten derzeit eine Reihe kleinerer und speziellerer Netzwerke (z.B.\u00a0<em>Path<\/em>,\u00a0<em>Pinterest<\/em>,\u00a0auch\u00a0<em>Instagram<\/em>), die z.T. einen sehr schnell wachsenden Traffic zeigen. Die Pr\u00e4senz von\u00a0<em>Facebook<\/em>,\u00a0<em>Google<\/em>\u00a0und\u00a0<em>Twitter<\/em>\u00a0zeigt sich aber auch in der Allgegenwart der entsprechenden Buttons und den Anschl\u00fcssen an ihre APIs.\u00a0Social Media sind zwar ein \u00f6ffentlicher Kommunikationsraum, die Infrastruktur ist es aber nicht &#8211; sie geh\u00f6rt Unternehmen wie <em>Google<\/em>, <em>Facebook<\/em> oder <em>Apple<\/em>.<\/p>\n<p style=\"text-align: justify;\">*Das Original <em>Panorama des m\u00e9dias sociaux\u00a0<\/em>steht auf der Seite von <a href=\"http:\/\/www.mediassociaux.fr\/2010\/12\/13\/panorama-des-medias-sociaux-2011\/\" target=\"_blank\">Fr\u00e9d\u00e9ric Cavazza<\/a>.\u00a0Mit einem Klick auf die Graphik erscheint die volle Aufl\u00f6sung<\/p>\n<p><!-- Piwik --><br \/>\n<script type=\"text\/javascript\">\n  var _paq = _paq || [];\n  _paq.push([\"setDomains\", [\"*.www.klaus-janowitz.de\"]]);\n  _paq.push(['trackPageView']);\n  _paq.push(['enableLinkTracking']);\n  (function() {\n    var u=\"\/\/www.klaus-janowitz.de\/piwik\/\";\n    _paq.push(['setTrackerUrl', u+'piwik.php']);\n    _paq.push(['setSiteId', '1']);\n    var d=document, g=d.createElement('script'), s=d.getElementsByTagName('script')[0];\n    g.type='text\/javascript'; g.async=true; g.defer=true; g.src=u+'piwik.js'; s.parentNode.insertBefore(g,s);\n  })();\n<\/script><br \/>\n<noscript><\/p>\n<p><img decoding=\"async\" src=\"\/\/www.klaus-janowitz.de\/piwik\/piwik.php?idsite=1\" style=\"border:0;\" alt=\"\" \/><\/p>\n<p><\/noscript><br \/>\n<!-- End Piwik Code --><\/p>\n","protected":false},"excerpt":{"rendered":"<p>25\/01\/12 kmjan Es gibt einige Modelle Social Media visuell darzustellen. Bekannt ist das von Brian Solis und Jesse Thomas entwickelte Social Media Prisma\u00a0&#8211; hierzulande von der Hamburger Social Media Agentur Ethority\u00a0an die deutsche Social Media Landschaft angepasst. Das Prisma macht v.a. die Vielfalt der Plattformen deutlich: Social Media sind weit mehr als Facebook und Twitter. &hellip; <\/p>\n<p class=\"link-more\"><a href=\"https:\/\/www.klaus-janowitz.de\/wordpress\/kreise-in-social-media\/\" class=\"more-link\"><span class=\"screen-reader-text\">\u201eKreise der Social Media\u201c <\/span>weiterlesen<\/a><\/p>\n","protected":false},"author":1,"featured_media":0,"parent":0,"menu_order":0,"comment_status":"open","ping_status":"open","template":"","meta":{"jetpack_post_was_ever_published":false,"activitypub_content_warning":"","activitypub_content_visibility":"","activitypub_max_image_attachments":4,"activitypub_interaction_policy_quote":"","activitypub_status":"","footnotes":""},"class_list":["post-1614","page","type-page","status-publish","hentry"],"yoast_head":"<!-- This site is optimized with the Yoast SEO plugin v27.5 - https:\/\/yoast.com\/product\/yoast-seo-wordpress\/ -->\n<title>Kreise der Social Media - Netnographie &amp; Digitaler Wandel<\/title>\n<meta name=\"robots\" content=\"index, follow, max-snippet:-1, max-image-preview:large, max-video-preview:-1\" \/>\n<link rel=\"canonical\" href=\"https:\/\/www.klaus-janowitz.de\/wordpress\/kreise-in-social-media\/\" \/>\n<meta property=\"og:locale\" content=\"de_DE\" \/>\n<meta property=\"og:type\" content=\"article\" \/>\n<meta property=\"og:title\" content=\"Kreise der Social Media - Netnographie &amp; Digitaler Wandel\" \/>\n<meta property=\"og:description\" content=\"25\/01\/12 kmjan Es gibt einige Modelle Social Media visuell darzustellen. Bekannt ist das von Brian Solis und Jesse Thomas entwickelte Social Media Prisma\u00a0&#8211; hierzulande von der Hamburger Social Media Agentur Ethority\u00a0an die deutsche Social Media Landschaft angepasst. Das Prisma macht v.a. die Vielfalt der Plattformen deutlich: Social Media sind weit mehr als Facebook und Twitter. &hellip; \u201eKreise der Social Media\u201c weiterlesen\" \/>\n<meta property=\"og:url\" content=\"https:\/\/www.klaus-janowitz.de\/wordpress\/kreise-in-social-media\/\" \/>\n<meta property=\"og:site_name\" content=\"Netnographie &amp; Digitaler Wandel\" \/>\n<meta property=\"article:modified_time\" content=\"2016-12-08T22:57:27+00:00\" \/>\n<meta property=\"og:image\" content=\"http:\/\/www.klaus-janowitz.de\/wordpress\/wp-content\/uploads\/2012\/01\/Social-Media-Landscape-277x300.jpg\" \/>\n<meta name=\"twitter:card\" content=\"summary_large_image\" \/>\n<meta name=\"twitter:label1\" content=\"Gesch\u00e4tzte Lesezeit\" \/>\n\t<meta name=\"twitter:data1\" content=\"3\u00a0Minuten\" \/>\n<script type=\"application\/ld+json\" class=\"yoast-schema-graph\">{\"@context\":\"https:\\\/\\\/schema.org\",\"@graph\":[{\"@type\":\"WebPage\",\"@id\":\"https:\\\/\\\/www.klaus-janowitz.de\\\/wordpress\\\/kreise-in-social-media\\\/\",\"url\":\"https:\\\/\\\/www.klaus-janowitz.de\\\/wordpress\\\/kreise-in-social-media\\\/\",\"name\":\"Kreise der Social Media - Netnographie &amp; Digitaler Wandel\",\"isPartOf\":{\"@id\":\"https:\\\/\\\/www.klaus-janowitz.de\\\/wordpress\\\/#website\"},\"primaryImageOfPage\":{\"@id\":\"https:\\\/\\\/www.klaus-janowitz.de\\\/wordpress\\\/kreise-in-social-media\\\/#primaryimage\"},\"image\":{\"@id\":\"https:\\\/\\\/www.klaus-janowitz.de\\\/wordpress\\\/kreise-in-social-media\\\/#primaryimage\"},\"thumbnailUrl\":\"http:\\\/\\\/www.klaus-janowitz.de\\\/wordpress\\\/wp-content\\\/uploads\\\/2012\\\/01\\\/Social-Media-Landscape-277x300.jpg\",\"datePublished\":\"2012-01-27T13:28:31+00:00\",\"dateModified\":\"2016-12-08T22:57:27+00:00\",\"breadcrumb\":{\"@id\":\"https:\\\/\\\/www.klaus-janowitz.de\\\/wordpress\\\/kreise-in-social-media\\\/#breadcrumb\"},\"inLanguage\":\"de\",\"potentialAction\":[{\"@type\":\"ReadAction\",\"target\":[\"https:\\\/\\\/www.klaus-janowitz.de\\\/wordpress\\\/kreise-in-social-media\\\/\"]}]},{\"@type\":\"ImageObject\",\"inLanguage\":\"de\",\"@id\":\"https:\\\/\\\/www.klaus-janowitz.de\\\/wordpress\\\/kreise-in-social-media\\\/#primaryimage\",\"url\":\"http:\\\/\\\/www.klaus-janowitz.de\\\/wordpress\\\/wp-content\\\/uploads\\\/2012\\\/01\\\/Social-Media-Landscape-277x300.jpg\",\"contentUrl\":\"http:\\\/\\\/www.klaus-janowitz.de\\\/wordpress\\\/wp-content\\\/uploads\\\/2012\\\/01\\\/Social-Media-Landscape-277x300.jpg\"},{\"@type\":\"BreadcrumbList\",\"@id\":\"https:\\\/\\\/www.klaus-janowitz.de\\\/wordpress\\\/kreise-in-social-media\\\/#breadcrumb\",\"itemListElement\":[{\"@type\":\"ListItem\",\"position\":1,\"name\":\"Startseite\",\"item\":\"https:\\\/\\\/www.klaus-janowitz.de\\\/wordpress\\\/\"},{\"@type\":\"ListItem\",\"position\":2,\"name\":\"Kreise der Social Media\"}]},{\"@type\":\"WebSite\",\"@id\":\"https:\\\/\\\/www.klaus-janowitz.de\\\/wordpress\\\/#website\",\"url\":\"https:\\\/\\\/www.klaus-janowitz.de\\\/wordpress\\\/\",\"name\":\"Netnographie &amp; Digitaler Wandel\",\"description\":\"Blog rund um die Themen Netnographie, Online-Kultur und Digitalen Wandel\",\"potentialAction\":[{\"@type\":\"SearchAction\",\"target\":{\"@type\":\"EntryPoint\",\"urlTemplate\":\"https:\\\/\\\/www.klaus-janowitz.de\\\/wordpress\\\/?s={search_term_string}\"},\"query-input\":{\"@type\":\"PropertyValueSpecification\",\"valueRequired\":true,\"valueName\":\"search_term_string\"}}],\"inLanguage\":\"de\"}]}<\/script>\n<!-- \/ Yoast SEO plugin. -->","yoast_head_json":{"title":"Kreise der Social Media - Netnographie &amp; Digitaler Wandel","robots":{"index":"index","follow":"follow","max-snippet":"max-snippet:-1","max-image-preview":"max-image-preview:large","max-video-preview":"max-video-preview:-1"},"canonical":"https:\/\/www.klaus-janowitz.de\/wordpress\/kreise-in-social-media\/","og_locale":"de_DE","og_type":"article","og_title":"Kreise der Social Media - Netnographie &amp; Digitaler Wandel","og_description":"25\/01\/12 kmjan Es gibt einige Modelle Social Media visuell darzustellen. Bekannt ist das von Brian Solis und Jesse Thomas entwickelte Social Media Prisma\u00a0&#8211; hierzulande von der Hamburger Social Media Agentur Ethority\u00a0an die deutsche Social Media Landschaft angepasst. Das Prisma macht v.a. die Vielfalt der Plattformen deutlich: Social Media sind weit mehr als Facebook und Twitter. &hellip; \u201eKreise der Social Media\u201c weiterlesen","og_url":"https:\/\/www.klaus-janowitz.de\/wordpress\/kreise-in-social-media\/","og_site_name":"Netnographie &amp; Digitaler Wandel","article_modified_time":"2016-12-08T22:57:27+00:00","og_image":[{"url":"http:\/\/www.klaus-janowitz.de\/wordpress\/wp-content\/uploads\/2012\/01\/Social-Media-Landscape-277x300.jpg","type":"","width":"","height":""}],"twitter_card":"summary_large_image","twitter_misc":{"Gesch\u00e4tzte Lesezeit":"3\u00a0Minuten"},"schema":{"@context":"https:\/\/schema.org","@graph":[{"@type":"WebPage","@id":"https:\/\/www.klaus-janowitz.de\/wordpress\/kreise-in-social-media\/","url":"https:\/\/www.klaus-janowitz.de\/wordpress\/kreise-in-social-media\/","name":"Kreise der Social Media - Netnographie &amp; Digitaler Wandel","isPartOf":{"@id":"https:\/\/www.klaus-janowitz.de\/wordpress\/#website"},"primaryImageOfPage":{"@id":"https:\/\/www.klaus-janowitz.de\/wordpress\/kreise-in-social-media\/#primaryimage"},"image":{"@id":"https:\/\/www.klaus-janowitz.de\/wordpress\/kreise-in-social-media\/#primaryimage"},"thumbnailUrl":"http:\/\/www.klaus-janowitz.de\/wordpress\/wp-content\/uploads\/2012\/01\/Social-Media-Landscape-277x300.jpg","datePublished":"2012-01-27T13:28:31+00:00","dateModified":"2016-12-08T22:57:27+00:00","breadcrumb":{"@id":"https:\/\/www.klaus-janowitz.de\/wordpress\/kreise-in-social-media\/#breadcrumb"},"inLanguage":"de","potentialAction":[{"@type":"ReadAction","target":["https:\/\/www.klaus-janowitz.de\/wordpress\/kreise-in-social-media\/"]}]},{"@type":"ImageObject","inLanguage":"de","@id":"https:\/\/www.klaus-janowitz.de\/wordpress\/kreise-in-social-media\/#primaryimage","url":"http:\/\/www.klaus-janowitz.de\/wordpress\/wp-content\/uploads\/2012\/01\/Social-Media-Landscape-277x300.jpg","contentUrl":"http:\/\/www.klaus-janowitz.de\/wordpress\/wp-content\/uploads\/2012\/01\/Social-Media-Landscape-277x300.jpg"},{"@type":"BreadcrumbList","@id":"https:\/\/www.klaus-janowitz.de\/wordpress\/kreise-in-social-media\/#breadcrumb","itemListElement":[{"@type":"ListItem","position":1,"name":"Startseite","item":"https:\/\/www.klaus-janowitz.de\/wordpress\/"},{"@type":"ListItem","position":2,"name":"Kreise der Social Media"}]},{"@type":"WebSite","@id":"https:\/\/www.klaus-janowitz.de\/wordpress\/#website","url":"https:\/\/www.klaus-janowitz.de\/wordpress\/","name":"Netnographie &amp; Digitaler Wandel","description":"Blog rund um die Themen Netnographie, Online-Kultur und Digitalen Wandel","potentialAction":[{"@type":"SearchAction","target":{"@type":"EntryPoint","urlTemplate":"https:\/\/www.klaus-janowitz.de\/wordpress\/?s={search_term_string}"},"query-input":{"@type":"PropertyValueSpecification","valueRequired":true,"valueName":"search_term_string"}}],"inLanguage":"de"}]}},"jetpack_sharing_enabled":true,"jetpack_shortlink":"https:\/\/wp.me\/P15Wn2-q2","jetpack_likes_enabled":true,"jetpack-related-posts":[{"id":4646,"url":"https:\/\/www.klaus-janowitz.de\/wordpress\/social-media-2014\/","url_meta":{"origin":1614,"position":0},"title":"Social Media 2014","author":"KlausMJan","date":"30. November 2014","format":false,"excerpt":"\u00a029\/11\/14\u00a0kmjan Es sind schon einige Jahre vergangen, seit der Begriff\u00a0 Social Media den des Web \u00a02.0\u00a0abgel\u00f6st hat. Betonte Web 2.0 vor allem die\u00a0Nutzungsevolution des Internets und sein partizipatorisches Potential\u00a0(wie\u00a0auch der Begriff\u00a0\u00a0Blogosph\u00e4re), stehen\u00a0bei Social Media die Plattformen und Netzwerke auf denen \u00f6ffentliche Kommunikation stattfindet im Vordergrund. Die nebenstehende Social Media Map\u2026","rel":"","context":"\u00c4hnlicher Beitrag","block_context":{"text":"\u00c4hnlicher Beitrag","link":""},"img":{"alt_text":"","src":"https:\/\/i0.wp.com\/www.klaus-janowitz.de\/wordpress\/wp-content\/uploads\/2014\/11\/Social-Media-Map-300x231.jpg?resize=350%2C200&ssl=1","width":350,"height":200},"classes":[]},{"id":3076,"url":"https:\/\/www.klaus-janowitz.de\/wordpress\/social-media-2013\/","url_meta":{"origin":1614,"position":1},"title":"Social Media 2013 &#8211; Paid, Owned, Shared &#038; Earned Media","author":"KlausMJan","date":"6. Februar 2013","format":false,"excerpt":"5\/02\/13\u00a0kmjan Die digitale Revolution vollzieht sich in Sch\u00fcben.\u00a0Entwicklung und Diskussion zum Social Web wurden in den letzten f\u00fcnf Jahren von zweien solcher Sch\u00fcbe bestimmt, die sich beide geradezu rasant vollzogen: zun\u00e4chst die Verbreitung der Plattformen und Dienste, die wir als Social Media bezeichnen, etwas sp\u00e4ter dann die des mobilen Internet.\u00a0Nach\u2026","rel":"","context":"\u00c4hnlicher Beitrag","block_context":{"text":"\u00c4hnlicher Beitrag","link":""},"img":{"alt_text":"MediaGraphik","src":"https:\/\/i0.wp.com\/www.klaus-janowitz.de\/wordpress\/wp-content\/uploads\/2013\/02\/MediaGraphik.png?resize=350%2C200","width":350,"height":200},"classes":[]},{"id":5256,"url":"https:\/\/www.klaus-janowitz.de\/wordpress\/p-o-s-e-auf-den-punkt-gebracht\/","url_meta":{"origin":1614,"position":2},"title":"P.O.S.E &#8211; auf den Punkt gebracht  (Paid, Owned, Shared, Earned Media)","author":"KlausMJan","date":"4. M\u00e4rz 2015","format":false,"excerpt":"4\/03\/15 kmjan Schon einige male hatte ich hier das Modell P.O.S.E. - Paid, Owned, Shared, Earned Media vorgestellt. Als die drei Kreise wurde es 2008 von Nokia zur Mediaplanung \"erfunden\". In der vierkreisigen\u00a0Form wurde es mir in dem - franz\u00f6sischsprachigen - Blog von Fr\u00e9d\u00e9ric Cavazza bekannt, anderswo auch unter anderen\u2026","rel":"","context":"\u00c4hnlicher Beitrag","block_context":{"text":"\u00c4hnlicher Beitrag","link":""},"img":{"alt_text":"","src":"https:\/\/i0.wp.com\/www.klaus-janowitz.de\/wordpress\/wp-content\/uploads\/2014\/11\/POSE-300x208.jpg?resize=350%2C200&ssl=1","width":350,"height":200},"classes":[]},{"id":11145,"url":"https:\/\/www.klaus-janowitz.de\/wordpress\/10-jahre-social-media-2018\/","url_meta":{"origin":1614,"position":3},"title":"10 Jahre Social Media (2018)","author":"KlausMJan","date":"14. August 2018","format":false,"excerpt":"13\/08\/18\u00a0kmjan Social Media (immer im Plural) sind seit gut 10 Jahren Thema. Damals\u00a0 hatte der Begriff\u00a0 den des Web 2.0 abgel\u00f6st. Web 2.0 war partizipativ konnotiert,\u00a0\u00a0Kennzeichen der Social Media ist User Generated Content auf einer von Betreibern bereitgestellten Plattform. Und letztlich bestimmen die Betreiber auch die Regeln. Teilhabe am Social\u2026","rel":"","context":"\u00c4hnlicher Beitrag","block_context":{"text":"\u00c4hnlicher Beitrag","link":""},"img":{"alt_text":"","src":"https:\/\/i0.wp.com\/www.klaus-janowitz.de\/wordpress\/wp-content\/uploads\/2018\/08\/SocialMediaMap_18_thumb.jpg?resize=350%2C200","width":350,"height":200},"classes":[]},{"id":5583,"url":"https:\/\/www.klaus-janowitz.de\/wordpress\/digitaler-wandel-ein-neuer-leitbegriff\/","url_meta":{"origin":1614,"position":4},"title":"Digitaler Wandel &#8211; ein neuer Leitbegriff","author":"KlausMJan","date":"30. April 2015","format":false,"excerpt":"29\/04\/15\u00a0kmjan Das Internet ist schon lange kein\u00a0Neuland mehr und schon gar nicht ein\u00a0Neues Medium*. Vor nunmehr zwei Jahrzehnten, etwa Mitte der 90er Jahre setzte es sich in der Breite durch und um die Jahrtausendwende herum war man dann \"drin\". In den Jahren danach folgten schnellere DSL-Verbindungen mit Flatrates, mit dem\u00a0iPhone\u2026","rel":"","context":"\u00c4hnlicher Beitrag","block_context":{"text":"\u00c4hnlicher Beitrag","link":""},"img":{"alt_text":"Digitaler Wandel ist mehr als technologischer Wandel","src":"https:\/\/i0.wp.com\/www.klaus-janowitz.de\/wordpress\/wp-content\/uploads\/2015\/04\/Firewire_ports-300x161.jpg?resize=350%2C200","width":350,"height":200},"classes":[]},{"id":14102,"url":"https:\/\/www.klaus-janowitz.de\/wordpress\/netnographie-2\/","url_meta":{"origin":1614,"position":5},"title":"Netnographie","author":"KlausMJan","date":"2. Dezember 2019","format":false,"excerpt":"Netnographie bzw. Netnography, ist ein qualitativer Forschungsansatz, der die in den Sozialwissenschaften entwickelten Methoden ethnographischer (Feld-) Forschung auf die M\u00f6glichkeiten der Informationsgewinnung im Internet anwendet. Gepr\u00e4gt und weiterentwickelt wurde der Forschungsansatz seit 1996 von dem kanadischen Kulturanthropologen und Marketer Robert V. Kozinets. Grunds\u00e4tzlich ist Netnographie - ebenso wie Ethnographie -\u2026","rel":"","context":"\u00c4hnlicher Beitrag","block_context":{"text":"\u00c4hnlicher Beitrag","link":""},"img":{"alt_text":"","src":"https:\/\/i0.wp.com\/www.klaus-janowitz.de\/wordpress\/wp-content\/uploads\/2015\/06\/Netzwerk-300x204.jpg?resize=350%2C200&ssl=1","width":350,"height":200},"classes":[]}],"_links":{"self":[{"href":"https:\/\/www.klaus-janowitz.de\/wordpress\/wp-json\/wp\/v2\/pages\/1614","targetHints":{"allow":["GET"]}}],"collection":[{"href":"https:\/\/www.klaus-janowitz.de\/wordpress\/wp-json\/wp\/v2\/pages"}],"about":[{"href":"https:\/\/www.klaus-janowitz.de\/wordpress\/wp-json\/wp\/v2\/types\/page"}],"author":[{"embeddable":true,"href":"https:\/\/www.klaus-janowitz.de\/wordpress\/wp-json\/wp\/v2\/users\/1"}],"replies":[{"embeddable":true,"href":"https:\/\/www.klaus-janowitz.de\/wordpress\/wp-json\/wp\/v2\/comments?post=1614"}],"version-history":[{"count":20,"href":"https:\/\/www.klaus-janowitz.de\/wordpress\/wp-json\/wp\/v2\/pages\/1614\/revisions"}],"predecessor-version":[{"id":9440,"href":"https:\/\/www.klaus-janowitz.de\/wordpress\/wp-json\/wp\/v2\/pages\/1614\/revisions\/9440"}],"wp:attachment":[{"href":"https:\/\/www.klaus-janowitz.de\/wordpress\/wp-json\/wp\/v2\/media?parent=1614"}],"curies":[{"name":"wp","href":"https:\/\/api.w.org\/{rel}","templated":true}]}}