{"id":14020,"date":"2019-11-20T14:21:41","date_gmt":"2019-11-20T13:21:41","guid":{"rendered":"https:\/\/www.klaus-janowitz.de\/wordpress\/?page_id=14020"},"modified":"2025-10-21T14:17:03","modified_gmt":"2025-10-21T12:17:03","slug":"kontakt-impressum","status":"publish","type":"page","link":"https:\/\/www.klaus-janowitz.de\/wordpress\/kontakt-impressum\/","title":{"rendered":"Kontakt &#038; Impressum\/ \u00dcber diesen Blog"},"content":{"rendered":"<figure id=\"attachment_87104\" aria-describedby=\"caption-attachment-87104\" style=\"width: 300px\" class=\"wp-caption alignright\"><a href=\"https:\/\/i0.wp.com\/www.klaus-janowitz.de\/wordpress\/wp-content\/uploads\/2025\/07\/Robots.jpg?ssl=1\"><img data-recalc-dims=\"1\" fetchpriority=\"high\" decoding=\"async\" class=\"size-medium wp-image-87104\" src=\"https:\/\/i0.wp.com\/www.klaus-janowitz.de\/wordpress\/wp-content\/uploads\/2025\/07\/Robots.jpg?resize=300%2C240&#038;ssl=1\" alt=\"\" width=\"300\" height=\"240\" srcset=\"https:\/\/i0.wp.com\/www.klaus-janowitz.de\/wordpress\/wp-content\/uploads\/2025\/07\/Robots.jpg?resize=300%2C240&amp;ssl=1 300w, https:\/\/i0.wp.com\/www.klaus-janowitz.de\/wordpress\/wp-content\/uploads\/2025\/07\/Robots.jpg?resize=1024%2C819&amp;ssl=1 1024w, https:\/\/i0.wp.com\/www.klaus-janowitz.de\/wordpress\/wp-content\/uploads\/2025\/07\/Robots.jpg?resize=768%2C614&amp;ssl=1 768w, https:\/\/i0.wp.com\/www.klaus-janowitz.de\/wordpress\/wp-content\/uploads\/2025\/07\/Robots.jpg?resize=1536%2C1229&amp;ssl=1 1536w, https:\/\/i0.wp.com\/www.klaus-janowitz.de\/wordpress\/wp-content\/uploads\/2025\/07\/Robots.jpg?w=2000&amp;ssl=1 2000w\" sizes=\"(max-width: 300px) 100vw, 300px\" \/><\/a><figcaption id=\"caption-attachment-87104\" class=\"wp-caption-text\">AGI: topie oder Apocalypse? Bild: ian.mikraz. unsplash unlimit<\/figcaption><\/figure>\n<p>Die Seite <em>\u00dcber diesen Blog<\/em> wird gerade \u00fcberarbeitet &#8211; Eine aktuelle Positionierung steht in dem Blogbeitrag <a href=\"https:\/\/www.klaus-janowitz.de\/wordpress\/fuenfzehn-jahre-blog-digitaler-wandel-als-zeitgeschichte\/\" target=\"_blank\" rel=\"noopener\">F\u00fcnfzehn Jahre Blog \u2013 Digitaler Wandel als Zeitgeschichte<\/a><\/p>\n<p>Ansonsten schicken Sie mir gern eine Mail \u00fcber das folgende Kontaktformular.<\/p>\n<p>&nbsp;<\/p>\n<p>&nbsp;<\/p>\n<p>&nbsp;<\/p>\n\n<div class=\"wpcf7 no-js\" id=\"wpcf7-f83821-o1\" lang=\"de-DE\" dir=\"ltr\" data-wpcf7-id=\"83821\">\n<div class=\"screen-reader-response\"><p role=\"status\" aria-live=\"polite\" aria-atomic=\"true\"><\/p> <ul><\/ul><\/div>\n<form action=\"\/wordpress\/wp-json\/wp\/v2\/pages\/14020#wpcf7-f83821-o1\" method=\"post\" class=\"wpcf7-form init\" aria-label=\"Kontaktformular\" novalidate=\"novalidate\" data-status=\"init\">\n<fieldset class=\"hidden-fields-container\"><input type=\"hidden\" name=\"_wpcf7\" value=\"83821\" \/><input type=\"hidden\" name=\"_wpcf7_version\" value=\"6.1.4\" \/><input type=\"hidden\" name=\"_wpcf7_locale\" value=\"de_DE\" \/><input type=\"hidden\" name=\"_wpcf7_unit_tag\" value=\"wpcf7-f83821-o1\" \/><input type=\"hidden\" name=\"_wpcf7_container_post\" value=\"0\" \/><input type=\"hidden\" name=\"_wpcf7_posted_data_hash\" value=\"\" \/>\n<\/fieldset>\n<p><label> Dein Name<br \/>\n<span class=\"wpcf7-form-control-wrap\" data-name=\"your-name\"><input size=\"40\" maxlength=\"400\" class=\"wpcf7-form-control wpcf7-text wpcf7-validates-as-required\" autocomplete=\"name\" aria-required=\"true\" aria-invalid=\"false\" value=\"\" type=\"text\" name=\"your-name\" \/><\/span> <\/label>\n<\/p>\n<p><label> Deine E-Mail-Adresse<br \/>\n<span class=\"wpcf7-form-control-wrap\" data-name=\"your-email\"><input size=\"40\" maxlength=\"400\" class=\"wpcf7-form-control wpcf7-email wpcf7-validates-as-required wpcf7-text wpcf7-validates-as-email\" autocomplete=\"email\" aria-required=\"true\" aria-invalid=\"false\" value=\"\" type=\"email\" name=\"your-email\" \/><\/span> <\/label>\n<\/p>\n<p><label> Betreff<br \/>\n<span class=\"wpcf7-form-control-wrap\" data-name=\"your-subject\"><input size=\"40\" maxlength=\"400\" class=\"wpcf7-form-control wpcf7-text wpcf7-validates-as-required\" aria-required=\"true\" aria-invalid=\"false\" value=\"\" type=\"text\" name=\"your-subject\" \/><\/span> <\/label>\n<\/p>\n<p><label> Deine Nachricht (optional)<br \/>\n<span class=\"wpcf7-form-control-wrap\" data-name=\"your-message\"><textarea cols=\"40\" rows=\"10\" maxlength=\"2000\" class=\"wpcf7-form-control wpcf7-textarea\" aria-invalid=\"false\" name=\"your-message\"><\/textarea><\/span> <\/label>\n<\/p>\n<p><input class=\"wpcf7-form-control wpcf7-submit has-spinner\" type=\"submit\" value=\"Senden\" \/>\n<\/p><div class=\"wpcf7-response-output\" aria-hidden=\"true\"><\/div>\n<\/form>\n<\/div>\n\n<p>&nbsp;<\/p>\n<p>Sie k\u00f6nnen mir auch \u00fcber Ihr <a href=\"mailto:%20mail@klaus-janowitz.de\">Mailprogramm<\/a> eine Nachricht senden<\/p>\n<p><span style=\"font-size: small; line-height: 12px;\"><strong>Impressum:<\/strong><\/span><\/p>\n<p><span style=\"font-size: small; line-height: 12px;\">Klaus Janowitz M. A.<br \/>\nKuenstr. 43<br \/>\n50733 K\u00f6ln<br \/>\nTel: +49 221 734670<\/span><\/p>\n<p><span style=\"font-size: small; line-height: 12px;\">Umsatzsteuer- Identifikationsnummer gem\u00e4\u00df \u00a7 27 a Umsatzsteuergesetz: DE 238795291<br \/>\nInhaltlich Verantwortlicher gem\u00e4\u00df \u00a7 10 Absatz 3 MDStV: Klaus Janowitz (Anschrift wie oben).<br \/>\nHaftungshinweis: Trotz sorgf\u00e4ltiger inhaltlicher Kontrolle \u00fcbernehme ich keine Haftung f\u00fcr die Inhalte externer Links. F\u00fcr den Inhalt der verlinkten Seiten sind ausschlie\u00dflich deren Betreiber verantwortlich. Die Weitergabe, Reproduktion, Ver\u00f6ffentlichung sowie jegliche kommerzielle Nutzung der auf dieser Website befindlichen Inhalte ist ohne Genehmigung durch Klaus Janowitz nicht gestattet<br \/>\nBilder: eigene und www.photocase.com<\/span><\/p>\n<p><a href=\"https:\/\/www.klaus-janowitz.de\/wordpress\/datenschutzerklaerung\/\" target=\"_blank\" rel=\"noopener noreferrer\">Datenschutzerkl\u00e4rung<\/a> unter diesem <a href=\"https:\/\/www.klaus-janowitz.de\/wordpress\/datenschutzerklaerung\/\" target=\"_blank\" rel=\"noopener noreferrer\">Link<\/a><\/p>\n<p><a title=\"Zur\u00fcck im Ring\" href=\"https:\/\/uberblogr.de\/prev\/klausjanowitz\">&lt;<\/a><br \/>\n<a title=\"Mitglied im UberBlogr Webring\" href=\"https:\/\/uberblogr.de\/home\/klausjanowitz\">UberBlogr Webring<\/a><br \/>\n<a title=\"Vor im Ring\" href=\"https:\/\/uberblogr.de\/next\/klausjanowitz\">&gt;<\/a><\/p>\n<p><!-- Matomo --><br \/>\n<script type=\"text\/javascript\">\n  var _paq = window._paq || [];\n  \/* tracker methods like \"setCustomDimension\" should be called before \"trackPageView\" *\/\n  _paq.push(['trackPageView']);\n  _paq.push(['enableLinkTracking']);\n  (function() {\n    var u=\"\/\/www.klaus-janowitz.de\/piwik\/\";\n    _paq.push(['setTrackerUrl', u+'matomo.php']);\n    _paq.push(['setSiteId', '1']);\n    var d=document, g=d.createElement('script'), s=d.getElementsByTagName('script')[0];\n    g.type='text\/javascript'; g.async=true; g.defer=true; g.src=u+'matomo.js'; s.parentNode.insertBefore(g,s);\n  })();\n<\/script><br \/>\n<!-- End Matomo Code --><\/p>\n","protected":false},"excerpt":{"rendered":"<p>Die Seite \u00dcber diesen Blog wird gerade \u00fcberarbeitet &#8211; Eine aktuelle Positionierung steht in dem Blogbeitrag F\u00fcnfzehn Jahre Blog \u2013 Digitaler Wandel als Zeitgeschichte Ansonsten schicken Sie mir gern eine Mail \u00fcber das folgende Kontaktformular. &nbsp; &nbsp; &nbsp; &nbsp; Sie k\u00f6nnen mir auch \u00fcber Ihr Mailprogramm eine Nachricht senden Impressum: Klaus Janowitz M. A. Kuenstr. &hellip; <\/p>\n<p class=\"link-more\"><a href=\"https:\/\/www.klaus-janowitz.de\/wordpress\/kontakt-impressum\/\" class=\"more-link\"><span class=\"screen-reader-text\">\u201eKontakt &#038; Impressum\/ \u00dcber diesen Blog\u201c <\/span>weiterlesen<\/a><\/p>\n","protected":false},"author":1,"featured_media":0,"parent":0,"menu_order":0,"comment_status":"closed","ping_status":"closed","template":"","meta":{"jetpack_post_was_ever_published":false,"activitypub_content_warning":"","activitypub_content_visibility":"","activitypub_max_image_attachments":4,"activitypub_interaction_policy_quote":"","activitypub_status":"","footnotes":""},"class_list":["post-14020","page","type-page","status-publish","hentry"],"yoast_head":"<!-- This site is optimized with the Yoast SEO plugin v27.4 - https:\/\/yoast.com\/product\/yoast-seo-wordpress\/ -->\n<title>Kontakt &amp; Impressum\/ \u00dcber diesen Blog - Netnographie &amp; Digitaler Wandel<\/title>\n<meta name=\"robots\" content=\"index, follow, max-snippet:-1, max-image-preview:large, max-video-preview:-1\" \/>\n<link rel=\"canonical\" href=\"https:\/\/www.klaus-janowitz.de\/wordpress\/kontakt-impressum\/\" \/>\n<meta property=\"og:locale\" content=\"de_DE\" \/>\n<meta property=\"og:type\" content=\"article\" \/>\n<meta property=\"og:title\" content=\"Kontakt &amp; Impressum\/ \u00dcber diesen Blog - Netnographie &amp; Digitaler Wandel\" \/>\n<meta property=\"og:description\" content=\"Die Seite \u00dcber diesen Blog wird gerade \u00fcberarbeitet &#8211; Eine aktuelle Positionierung steht in dem Blogbeitrag F\u00fcnfzehn Jahre Blog \u2013 Digitaler Wandel als Zeitgeschichte Ansonsten schicken Sie mir gern eine Mail \u00fcber das folgende Kontaktformular. &nbsp; &nbsp; &nbsp; &nbsp; Sie k\u00f6nnen mir auch \u00fcber Ihr Mailprogramm eine Nachricht senden Impressum: Klaus Janowitz M. A. Kuenstr. &hellip; \u201eKontakt &#038; Impressum\/ \u00dcber diesen Blog\u201c weiterlesen\" \/>\n<meta property=\"og:url\" content=\"https:\/\/www.klaus-janowitz.de\/wordpress\/kontakt-impressum\/\" \/>\n<meta property=\"og:site_name\" content=\"Netnographie &amp; Digitaler Wandel\" \/>\n<meta property=\"article:modified_time\" content=\"2025-10-21T12:17:03+00:00\" \/>\n<meta property=\"og:image\" content=\"https:\/\/www.klaus-janowitz.de\/wordpress\/wp-content\/uploads\/2025\/07\/Robots-300x240.jpg\" \/>\n<meta name=\"twitter:card\" content=\"summary_large_image\" \/>\n<meta name=\"twitter:label1\" content=\"Gesch\u00e4tzte Lesezeit\" \/>\n\t<meta name=\"twitter:data1\" content=\"2\u00a0Minuten\" \/>\n<script type=\"application\/ld+json\" class=\"yoast-schema-graph\">{\"@context\":\"https:\\\/\\\/schema.org\",\"@graph\":[{\"@type\":\"WebPage\",\"@id\":\"https:\\\/\\\/www.klaus-janowitz.de\\\/wordpress\\\/kontakt-impressum\\\/\",\"url\":\"https:\\\/\\\/www.klaus-janowitz.de\\\/wordpress\\\/kontakt-impressum\\\/\",\"name\":\"Kontakt & Impressum\\\/ \u00dcber diesen Blog - Netnographie &amp; Digitaler Wandel\",\"isPartOf\":{\"@id\":\"https:\\\/\\\/www.klaus-janowitz.de\\\/wordpress\\\/#website\"},\"primaryImageOfPage\":{\"@id\":\"https:\\\/\\\/www.klaus-janowitz.de\\\/wordpress\\\/kontakt-impressum\\\/#primaryimage\"},\"image\":{\"@id\":\"https:\\\/\\\/www.klaus-janowitz.de\\\/wordpress\\\/kontakt-impressum\\\/#primaryimage\"},\"thumbnailUrl\":\"https:\\\/\\\/www.klaus-janowitz.de\\\/wordpress\\\/wp-content\\\/uploads\\\/2025\\\/07\\\/Robots-300x240.jpg\",\"datePublished\":\"2019-11-20T13:21:41+00:00\",\"dateModified\":\"2025-10-21T12:17:03+00:00\",\"breadcrumb\":{\"@id\":\"https:\\\/\\\/www.klaus-janowitz.de\\\/wordpress\\\/kontakt-impressum\\\/#breadcrumb\"},\"inLanguage\":\"de\",\"potentialAction\":[{\"@type\":\"ReadAction\",\"target\":[\"https:\\\/\\\/www.klaus-janowitz.de\\\/wordpress\\\/kontakt-impressum\\\/\"]}]},{\"@type\":\"ImageObject\",\"inLanguage\":\"de\",\"@id\":\"https:\\\/\\\/www.klaus-janowitz.de\\\/wordpress\\\/kontakt-impressum\\\/#primaryimage\",\"url\":\"https:\\\/\\\/i0.wp.com\\\/www.klaus-janowitz.de\\\/wordpress\\\/wp-content\\\/uploads\\\/2025\\\/07\\\/Robots.jpg?fit=2000%2C1600&ssl=1\",\"contentUrl\":\"https:\\\/\\\/i0.wp.com\\\/www.klaus-janowitz.de\\\/wordpress\\\/wp-content\\\/uploads\\\/2025\\\/07\\\/Robots.jpg?fit=2000%2C1600&ssl=1\",\"width\":2000,\"height\":1600,\"caption\":\"AGI: topie oder Apocalypse? Bild: ian.mikraz. unsplash unlimited\"},{\"@type\":\"BreadcrumbList\",\"@id\":\"https:\\\/\\\/www.klaus-janowitz.de\\\/wordpress\\\/kontakt-impressum\\\/#breadcrumb\",\"itemListElement\":[{\"@type\":\"ListItem\",\"position\":1,\"name\":\"Startseite\",\"item\":\"https:\\\/\\\/www.klaus-janowitz.de\\\/wordpress\\\/\"},{\"@type\":\"ListItem\",\"position\":2,\"name\":\"Kontakt &#038; Impressum\\\/ \u00dcber diesen Blog\"}]},{\"@type\":\"WebSite\",\"@id\":\"https:\\\/\\\/www.klaus-janowitz.de\\\/wordpress\\\/#website\",\"url\":\"https:\\\/\\\/www.klaus-janowitz.de\\\/wordpress\\\/\",\"name\":\"Netnographie &amp; Digitaler Wandel\",\"description\":\"Blog rund um die Themen Netnographie, Online-Kultur und Digitalen Wandel\",\"potentialAction\":[{\"@type\":\"SearchAction\",\"target\":{\"@type\":\"EntryPoint\",\"urlTemplate\":\"https:\\\/\\\/www.klaus-janowitz.de\\\/wordpress\\\/?s={search_term_string}\"},\"query-input\":{\"@type\":\"PropertyValueSpecification\",\"valueRequired\":true,\"valueName\":\"search_term_string\"}}],\"inLanguage\":\"de\"}]}<\/script>\n<!-- \/ Yoast SEO plugin. -->","yoast_head_json":{"title":"Kontakt & Impressum\/ \u00dcber diesen Blog - Netnographie &amp; Digitaler Wandel","robots":{"index":"index","follow":"follow","max-snippet":"max-snippet:-1","max-image-preview":"max-image-preview:large","max-video-preview":"max-video-preview:-1"},"canonical":"https:\/\/www.klaus-janowitz.de\/wordpress\/kontakt-impressum\/","og_locale":"de_DE","og_type":"article","og_title":"Kontakt & Impressum\/ \u00dcber diesen Blog - Netnographie &amp; Digitaler Wandel","og_description":"Die Seite \u00dcber diesen Blog wird gerade \u00fcberarbeitet &#8211; Eine aktuelle Positionierung steht in dem Blogbeitrag F\u00fcnfzehn Jahre Blog \u2013 Digitaler Wandel als Zeitgeschichte Ansonsten schicken Sie mir gern eine Mail \u00fcber das folgende Kontaktformular. &nbsp; &nbsp; &nbsp; &nbsp; Sie k\u00f6nnen mir auch \u00fcber Ihr Mailprogramm eine Nachricht senden Impressum: Klaus Janowitz M. A. Kuenstr. &hellip; \u201eKontakt &#038; Impressum\/ \u00dcber diesen Blog\u201c weiterlesen","og_url":"https:\/\/www.klaus-janowitz.de\/wordpress\/kontakt-impressum\/","og_site_name":"Netnographie &amp; Digitaler Wandel","article_modified_time":"2025-10-21T12:17:03+00:00","og_image":[{"url":"https:\/\/www.klaus-janowitz.de\/wordpress\/wp-content\/uploads\/2025\/07\/Robots-300x240.jpg","type":"","width":"","height":""}],"twitter_card":"summary_large_image","twitter_misc":{"Gesch\u00e4tzte Lesezeit":"2\u00a0Minuten"},"schema":{"@context":"https:\/\/schema.org","@graph":[{"@type":"WebPage","@id":"https:\/\/www.klaus-janowitz.de\/wordpress\/kontakt-impressum\/","url":"https:\/\/www.klaus-janowitz.de\/wordpress\/kontakt-impressum\/","name":"Kontakt & Impressum\/ \u00dcber diesen Blog - Netnographie &amp; Digitaler Wandel","isPartOf":{"@id":"https:\/\/www.klaus-janowitz.de\/wordpress\/#website"},"primaryImageOfPage":{"@id":"https:\/\/www.klaus-janowitz.de\/wordpress\/kontakt-impressum\/#primaryimage"},"image":{"@id":"https:\/\/www.klaus-janowitz.de\/wordpress\/kontakt-impressum\/#primaryimage"},"thumbnailUrl":"https:\/\/www.klaus-janowitz.de\/wordpress\/wp-content\/uploads\/2025\/07\/Robots-300x240.jpg","datePublished":"2019-11-20T13:21:41+00:00","dateModified":"2025-10-21T12:17:03+00:00","breadcrumb":{"@id":"https:\/\/www.klaus-janowitz.de\/wordpress\/kontakt-impressum\/#breadcrumb"},"inLanguage":"de","potentialAction":[{"@type":"ReadAction","target":["https:\/\/www.klaus-janowitz.de\/wordpress\/kontakt-impressum\/"]}]},{"@type":"ImageObject","inLanguage":"de","@id":"https:\/\/www.klaus-janowitz.de\/wordpress\/kontakt-impressum\/#primaryimage","url":"https:\/\/i0.wp.com\/www.klaus-janowitz.de\/wordpress\/wp-content\/uploads\/2025\/07\/Robots.jpg?fit=2000%2C1600&ssl=1","contentUrl":"https:\/\/i0.wp.com\/www.klaus-janowitz.de\/wordpress\/wp-content\/uploads\/2025\/07\/Robots.jpg?fit=2000%2C1600&ssl=1","width":2000,"height":1600,"caption":"AGI: topie oder Apocalypse? Bild: ian.mikraz. unsplash unlimited"},{"@type":"BreadcrumbList","@id":"https:\/\/www.klaus-janowitz.de\/wordpress\/kontakt-impressum\/#breadcrumb","itemListElement":[{"@type":"ListItem","position":1,"name":"Startseite","item":"https:\/\/www.klaus-janowitz.de\/wordpress\/"},{"@type":"ListItem","position":2,"name":"Kontakt &#038; Impressum\/ \u00dcber diesen Blog"}]},{"@type":"WebSite","@id":"https:\/\/www.klaus-janowitz.de\/wordpress\/#website","url":"https:\/\/www.klaus-janowitz.de\/wordpress\/","name":"Netnographie &amp; Digitaler Wandel","description":"Blog rund um die Themen Netnographie, Online-Kultur und Digitalen Wandel","potentialAction":[{"@type":"SearchAction","target":{"@type":"EntryPoint","urlTemplate":"https:\/\/www.klaus-janowitz.de\/wordpress\/?s={search_term_string}"},"query-input":{"@type":"PropertyValueSpecification","valueRequired":true,"valueName":"search_term_string"}}],"inLanguage":"de"}]}},"jetpack_sharing_enabled":true,"jetpack_shortlink":"https:\/\/wp.me\/P15Wn2-3E8","jetpack_likes_enabled":true,"jetpack-related-posts":[{"id":5256,"url":"https:\/\/www.klaus-janowitz.de\/wordpress\/p-o-s-e-auf-den-punkt-gebracht\/","url_meta":{"origin":14020,"position":0},"title":"P.O.S.E &#8211; auf den Punkt gebracht  (Paid, Owned, Shared, Earned Media)","author":"KlausMJan","date":"4. M\u00e4rz 2015","format":false,"excerpt":"4\/03\/15 kmjan Schon einige male hatte ich hier das Modell P.O.S.E. - Paid, Owned, Shared, Earned Media vorgestellt. Als die drei Kreise wurde es 2008 von Nokia zur Mediaplanung \"erfunden\". In der vierkreisigen\u00a0Form wurde es mir in dem - franz\u00f6sischsprachigen - Blog von Fr\u00e9d\u00e9ric Cavazza bekannt, anderswo auch unter anderen\u2026","rel":"","context":"\u00c4hnlicher Beitrag","block_context":{"text":"\u00c4hnlicher Beitrag","link":""},"img":{"alt_text":"","src":"https:\/\/i0.wp.com\/www.klaus-janowitz.de\/wordpress\/wp-content\/uploads\/2014\/11\/POSE-300x208.jpg?resize=350%2C200&ssl=1","width":350,"height":200},"classes":[]},{"id":9729,"url":"https:\/\/www.klaus-janowitz.de\/wordpress\/consumer-tribes-revisited\/","url_meta":{"origin":14020,"position":1},"title":"Consumer Tribes revisited","author":"KlausMJan","date":"31. Januar 2017","format":false,"excerpt":"31\/01\/17\u00a0kmjan\u00a0 Consumer Tribes erschien bereits vor zehn Jahren (2007), damals hatte ich eine ausf\u00fchrliche Rezension\u00a0geschrieben. Die Gedanken und Konzepte, die beschriebenen Muster treten aber immer wieder hervor - bei der Bestimmung von Forschungsfragen in der\u00a0Netnographie, in Diskursen zu Online- Vergemeinschaftung\u00a0und Mikro- \u00d6ffentlichkeiten, zu Szenen, wie Makern,\u00a0Fankulturen oder\u00a0denen,\u00a0die sich ums Essen\u2026","rel":"","context":"\u00c4hnlicher Beitrag","block_context":{"text":"\u00c4hnlicher Beitrag","link":""},"img":{"alt_text":"","src":"https:\/\/i0.wp.com\/www.klaus-janowitz.de\/wordpress\/wp-content\/uploads\/2017\/01\/ConsumerTribes-187x300.jpg?resize=350%2C200","width":350,"height":200},"classes":[]},{"id":9482,"url":"https:\/\/www.klaus-janowitz.de\/wordpress\/buzzwords-z-b-transformation-2-0-und-4-0-big-data\/","url_meta":{"origin":14020,"position":2},"title":"Buzzwords z.\u00a0B. Transformation, 2.0 und 4.0, Big Data","author":"KlausMJan","date":"5. Januar 2017","format":false,"excerpt":"5\/01\/17\u00a0kmjan Mit Buzzwords ist es so eine Sache. Es f\u00e4llt leicht, sich \u00fcber sie lustig zu machen (z. B. Buzzword Bingo): Begriffe, die auftauchen, auf wichtig tun, zum Hype werden, und\u00a0irgendwann wieder verflauen. Manchmal\u00a0treffen sie den Zeitgeist - oft ist es Wortgest\u00f6ber. Meist sind\u00a0sie auf Englisch, der Sprache der Digitalisierung.\u2026","rel":"","context":"\u00c4hnlicher Beitrag","block_context":{"text":"\u00c4hnlicher Beitrag","link":""},"img":{"alt_text":"","src":"https:\/\/i0.wp.com\/www.klaus-janowitz.de\/wordpress\/wp-content\/uploads\/2017\/01\/Wortwolken-300x164.jpg?resize=350%2C200","width":350,"height":200},"classes":[]},{"id":11069,"url":"https:\/\/www.klaus-janowitz.de\/wordpress\/datenschutzerklaerung\/","url_meta":{"origin":14020,"position":3},"title":"Datenschutzerkl\u00e4rung","author":"KlausMJan","date":"22. Mai 2018","format":false,"excerpt":"Datenschutzerkl\u00e4rungDiese Datenschutzerkl\u00e4rung kl\u00e4rt Sie \u00fcber die Art, den Umfang und Zweck der Verarbeitung von personenbezogenen Daten (nachfolgend kurz \u201eDaten\u201c) innerhalb unseres Onlineangebotes und der mit ihm verbundenen Webseiten, Funktionen und Inhalte sowie externen Onlinepr\u00e4senzen, wie z.B. unser Social Media Profile auf (nachfolgend gemeinsam bezeichnet als \u201eOnlineangebot\u201c). Im Hinblick auf die\u2026","rel":"","context":"\u00c4hnlicher Beitrag","block_context":{"text":"\u00c4hnlicher Beitrag","link":""},"img":{"alt_text":"","src":"","width":0,"height":0},"classes":[]},{"id":14741,"url":"https:\/\/www.klaus-janowitz.de\/wordpress\/ueber-diesen-blog\/","url_meta":{"origin":14020,"position":4},"title":"\u00dcber diesen Blog","author":"KlausMJan","date":"27. Januar 2020","format":false,"excerpt":"Der (bzw. das) Blog\u00a0 Netnographie und digitaler Wandel besteht seit Herbst 2010.\u00a0Ausgangspunkt war damals das Netnocamp im Rahmen der Internetwoche, veranstaltet bei der\u00a0 IHK K\u00f6ln.\u00a0 Vorausgegangen war eine Website zu einem Projekt Online- Kundenbefragungen in Zusammenarbeit mit dem Softwareanbieter Globalpark (heute Questback). Digitaler Wandel (bzw. Transformation) pr\u00e4gte das ganze letzte\u2026","rel":"","context":"\u00c4hnlicher Beitrag","block_context":{"text":"\u00c4hnlicher Beitrag","link":""},"img":{"alt_text":"","src":"https:\/\/i0.wp.com\/www.klaus-janowitz.de\/wordpress\/wp-content\/uploads\/2019\/11\/Digital_floor-283x300.png?resize=350%2C200&ssl=1","width":350,"height":200},"classes":[]},{"id":10223,"url":"https:\/\/www.klaus-janowitz.de\/wordpress\/gesellschaft-4-0-networked-economy-und-networked-sociality\/","url_meta":{"origin":14020,"position":5},"title":"Gesellschaft 4.0 ?- Networked Economy und Networked Sociality","author":"KlausMJan","date":"19. August 2017","format":false,"excerpt":"17\/08\/17\u00a0kmjan Gesellschaft 4.0 ist ein etwas seltsamer Begriff, der sich einreiht in die Serie von 4.0 Begriffen (Arbeit, Technologie, Wirtschaft, Politik,\u00a0Gesundheit), die alle auf\u00a0Industrie 4.0\u00a0zur\u00fcckgehen. Industrie 4.0\u00a0verweist auf automatisierte Digitalisierung als vierter industrieller Revolution -\u00a0nach Mechanisierung, Elektrifizierung und Informatisierung. 4.0\u00a0steht f\u00fcr das von Ministerien, Unternehmen, Verb\u00e4nden etc. getragene Zukunftsprojekt f\u00fcr\u2026","rel":"","context":"\u00c4hnlicher Beitrag","block_context":{"text":"\u00c4hnlicher Beitrag","link":""},"img":{"alt_text":"","src":"https:\/\/i0.wp.com\/www.klaus-janowitz.de\/wordpress\/wp-content\/uploads\/2016\/03\/Buerostuhl-300x300.jpg?resize=350%2C200","width":350,"height":200},"classes":[]}],"_links":{"self":[{"href":"https:\/\/www.klaus-janowitz.de\/wordpress\/wp-json\/wp\/v2\/pages\/14020","targetHints":{"allow":["GET"]}}],"collection":[{"href":"https:\/\/www.klaus-janowitz.de\/wordpress\/wp-json\/wp\/v2\/pages"}],"about":[{"href":"https:\/\/www.klaus-janowitz.de\/wordpress\/wp-json\/wp\/v2\/types\/page"}],"author":[{"embeddable":true,"href":"https:\/\/www.klaus-janowitz.de\/wordpress\/wp-json\/wp\/v2\/users\/1"}],"replies":[{"embeddable":true,"href":"https:\/\/www.klaus-janowitz.de\/wordpress\/wp-json\/wp\/v2\/comments?post=14020"}],"version-history":[{"count":31,"href":"https:\/\/www.klaus-janowitz.de\/wordpress\/wp-json\/wp\/v2\/pages\/14020\/revisions"}],"predecessor-version":[{"id":15058,"href":"https:\/\/www.klaus-janowitz.de\/wordpress\/wp-json\/wp\/v2\/pages\/14020\/revisions\/15058"}],"wp:attachment":[{"href":"https:\/\/www.klaus-janowitz.de\/wordpress\/wp-json\/wp\/v2\/media?parent=14020"}],"curies":[{"name":"wp","href":"https:\/\/api.w.org\/{rel}","templated":true}]}}