{"id":13163,"date":"2019-06-11T14:53:10","date_gmt":"2019-06-11T12:53:10","guid":{"rendered":"https:\/\/www.klaus-janowitz.de\/wordpress\/?page_id=13163"},"modified":"2024-06-09T13:13:08","modified_gmt":"2024-06-09T11:13:08","slug":"texte","status":"publish","type":"page","link":"https:\/\/www.klaus-janowitz.de\/wordpress\/texte\/","title":{"rendered":"Texte"},"content":{"rendered":"<p><em style=\"font-size: 1rem;\"><a href=\"https:\/\/i0.wp.com\/www.klaus-janowitz.de\/wordpress\/wp-content\/uploads\/2019\/11\/Bibl.jpg?ssl=1\"><img data-recalc-dims=\"1\" fetchpriority=\"high\" decoding=\"async\" class=\"alignleft wp-image-14045 size-medium\" src=\"https:\/\/i0.wp.com\/www.klaus-janowitz.de\/wordpress\/wp-content\/uploads\/2019\/11\/Bibl.jpg?resize=300%2C200&#038;ssl=1\" alt=\"\" width=\"300\" height=\"200\" srcset=\"https:\/\/i0.wp.com\/www.klaus-janowitz.de\/wordpress\/wp-content\/uploads\/2019\/11\/Bibl.jpg?resize=300%2C200&amp;ssl=1 300w, https:\/\/i0.wp.com\/www.klaus-janowitz.de\/wordpress\/wp-content\/uploads\/2019\/11\/Bibl.jpg?resize=768%2C513&amp;ssl=1 768w, https:\/\/i0.wp.com\/www.klaus-janowitz.de\/wordpress\/wp-content\/uploads\/2019\/11\/Bibl.jpg?w=877&amp;ssl=1 877w\" sizes=\"(max-width: 300px) 100vw, 300px\" \/><\/a><\/em><\/p>\n<p>&nbsp;<\/p>\n<p>&nbsp;<\/p>\n<p>&nbsp;<\/p>\n<p>&nbsp;<\/p>\n<p>&nbsp;<\/p>\n<p><em style=\"font-size: 1rem;\">im folgenden einige \u00e4ltere Texte (im pdf- Format), darunter mehrere Rezensionen, die meist in sozialwissenschaftlichen Zeitschriften ver\u00f6ffentlicht wurden<\/em><\/p>\n<p class=\"Stil28\" align=\"justify\">Unter dem griffigen Label <a href=\"https:\/\/www.klaus-janowitz.de\/pdf\/Netnographie.pdf\" target=\"_blank\" rel=\"noopener noreferrer\"><strong>Netnographie<\/strong><\/a> \u2013 auch im deutschsprachigen Kontext bisher in amerikanischer Schreibweise als <a href=\"https:\/\/www.klaus-janowitz.de\/pdf\/Netnographie.pdf\" target=\"_blank\" rel=\"noopener noreferrer\"><em>Netnography<\/em><\/a> bezeichnet \u2013 taucht derzeit ein neuer Forschungsansatz mit dem Anspruch auf, in den Sozialwissenschaften entwickelte Methoden der Ethnographie auf die vielf\u00e4ltigen und komplexen M\u00f6glichkeiten der Informationsgewinnung im<em> Social Web<\/em> anzuwenden (2008, aktualisiert 2009).<a href=\"https:\/\/www.klaus-janowitz.de\/pdf\/Netnographie.pdf\" target=\"_blank\" rel=\"noopener\"><em> mehr dazu&#8230;(pdf)<\/em><\/a><\/p>\n<p class=\"Stil28\" align=\"justify\">Im Februar 2010 erschien dazu als methodologischer Primer &#8220;Netnography. Doing Ethnographic Research Online&#8221; von Robert V. Kozinets. Dazu eine Rezension unter dem Titel &#8220;<a href=\"https:\/\/www.klaus-janowitz.de\/pdf\/Review_Netnography.pdf\" target=\"_blank\" rel=\"noopener noreferrer\"><strong>Netnography. Doing Ethnographic Research Online. Standards zur Online- Feldforschung<\/strong><\/a>&#8221; (2010) <em><a href=\"https:\/\/www.klaus-janowitz.de\/pdf\/Review_Netnography.pdf\" target=\"_blank\" rel=\"noopener noreferrer\">(pdf)<\/a><\/em><\/p>\n<p align=\"justify\">Zwar schon \u00e4lter, (2010), aber eine immer noch brauchbare Beschreibung: <a href=\"https:\/\/www.klaus-janowitz.de\/pdf\/NetnographieSocialMedia.pdf\" target=\"_blank\" rel=\"noopener\"><strong>Was ist und was kann Netnographie?<\/strong><\/a><\/p>\n<p class=\"Stil28\" align=\"justify\">Mit der Nutzungsevolution des Internet zum Social Web steigt das Interesse an Qualitativer Online-Marktforschung. Kunden- und Panel-Communities, CoCreation, Netnographie, Social Media Monitoring lauten die Schlagworte. Es geht um Zuh\u00f6ren anstelle von Fragen. Auf der Research &amp; Results in M\u00fcnchen erhielt ich ein Rezensionsexemplar von: &#8220;<a href=\"https:\/\/www.klaus-janowitz.de\/pdf\/RezQualMafoOnline.pdf\" target=\"_blank\" rel=\"noopener noreferrer\"><strong>Qualitative Online-Marktforschung. Grundlagen, Methoden und Anwendungen<\/strong><\/a>&#8221; (Elke Theobald u. Lisa Neundorfer). Hier ist sie:<a href=\"https:\/\/www.klaus-janowitz.de\/pdf\/RezQualMafoOnline.pdf\" target=\"_blank\" rel=\"noopener noreferrer\"><em> pdf <\/em><\/a>(11\/2010)<\/p>\n<p class=\"Stil28\" align=\"justify\">Der 2007 erschienene Sammelband <a href=\"https:\/\/www.klaus-janowitz.de\/pdf\/Consumer_Tribes.pdf\" target=\"_blank\" rel=\"noopener noreferrer\"><strong>Consumer Tribes<\/strong><\/a> (Cova, Bernard, Kozinets, Robert V., Shankar, Avi &#8211; Hrsg.) setzt Vergemeinschaftungen in der zeitgen\u00f6ssischen Consumer Culture in Bezug zu soziologischen Theorien &#8211; mit Belang f\u00fcr Soziologie und Marktforschung, f\u00fcr Marketing und Werbung. Rez. (2008) <em>(<a href=\"https:\/\/www.klaus-janowitz.de\/pdf\/Consumer_Tribes.pdf\" target=\"_blank\" rel=\"noopener noreferrer\">pdf<\/a><\/em><em>) .\u00a0<\/em><\/p>\n<p class=\"Stil28\" align=\"justify\">Ein Beitrag zu einer Tagung der <a href=\"http:\/\/isko.gesis.org\/isko2009\/\" target=\"_blank\" rel=\"noopener noreferrer\">ISKO (International Society for Knowledge Organization)<\/a> fasst <a href=\"https:\/\/www.klaus-janowitz.de\/pdf\/NetnoISKOText.pdf\" target=\"_blank\" rel=\"noopener noreferrer\"><strong>ethnographische Methoden im Internet und postraditionelle Vergemeinschaftungen<\/strong><\/a> zusammen: <a href=\"..\/pdf\/NetnoISKOText.pdf\">Text<\/a> &#8211; <a href=\"..\/pdf\/NetnographieISKO.pdf\" target=\"_blank\" rel=\"noopener noreferrer\">Pr\u00e4sentation<\/a> <em>(<a href=\"..\/pdf\/NetnographieISKO.pdf\" target=\"_blank\" rel=\"noopener noreferrer\">pdf &#8211; 2,9 MB<\/a>)<\/em> (10\/2009); 2013 erschienen in: <strong>Tagungsband zur Wissensorganisation &#8217;09 &#8220;Wissen &#8211; Wissenschaft \u2013 Organisation<\/strong>&#8220;, 12. Tagung der Deutschen ISKO (International Society for Knowledge Organization), 19. &#8211; 21.10.(2009), Bonn. W\u00fcrzburg, 2013, S. 290 &#8211; 297;<\/p>\n<p class=\"Stil28\" align=\"justify\">Ein neuer Begriff hat in der sozialwissenschaftlichen und politischen Debatte Einzug gehalten: <span class=\"Stil36\">&#8220;<strong><a href=\"https:\/\/www.klaus-janowitz.de\/pdf\/Prekarisierung.pdf\" target=\"_blank\" rel=\"noopener noreferrer\">Prekarisierung<\/a><\/strong>&#8220;<\/span>. Gemeint ist die breite Grenzzone der Unsicherheit zwischen Gewinnern und Verlierern im Neuen Kapitalismus &#8211; ein Essay zur neuen sozialen Frage im Neuen Kapitalismus (2006)<\/p>\n<p class=\"Stil28\" align=\"justify\">Hat Liberalisierung in Wirtschaft und Gesellschaft zu mehr Freiheit f\u00fcr den einzelnen gef\u00fchrt? &#8211; oder ist der Neue Kapitalismus das unerw\u00fcnschte Kind der 68er? <a href=\"https:\/\/www.klaus-janowitz.de\/pdf\/Von_der_Pyramide_zuR_Playlist.pdf\" target=\"_blank\" rel=\"noopener noreferrer\"><strong>Von der Pyramide zur Playlist<\/strong><\/a> &#8211; Rezension zu R. Sennett &#8220;<strong>Die Kultur des Neuen Kapitalismus<\/strong>&#8221; (2005)<\/p>\n<p class=\"Stil28\" align=\"justify\"><em>So arbeiten, wie man leben will, und doch genug Geld damit verdienen<\/em> &#8211; erm\u00f6glicht moderne Kommunikationstechnologie die Verbindung von selbstbestimmtem Leben und einem ausk\u00f6mmlichen Einkommen? &#8211; eine Rezension zu &#8220;<strong><a href=\"https:\/\/www.klaus-janowitz.de\/pdf\/RezWirnennenesarbeit.pdf\" target=\"_blank\" rel=\"noopener noreferrer\">Wir nennen es Arbeit<\/a><\/strong>. Die digitale Boh\u00e8me oder intelligentes Leben jenseits der Festanstellung&#8221;, Friebe und Lobo (2006)<\/p>\n<p class=\"Stil28\" align=\"justify\">Von Verantwortung ist derzeit viel die Rede \u2013 v.a. auch in Form der Forderung nach Eigenverantwortung. Hintergrund ist der als erforderlich betrachtete Umbau des Sozialstaates hin zu einer neuen Verantwortungsaufteilung zwischen Staat, Gesellschaft und Individuum. Rez. zum Sammelband &#8220;<strong><a href=\"https:\/\/www.klaus-janowitz.de\/pdf\/Verantwortung_Zivilgesellschaft.pdf\" target=\"_blank\" rel=\"noopener noreferrer\">Verantwortung in der Zivilgesellschaft<\/a><\/strong>. Zur Konjunktur eines widerspr\u00fcchlichen Prinzips.&#8221; Heidbrink u. Hiersch -Hrsg. (2006)<\/p>\n<p class=\"Stil28\" align=\"justify\">Handb\u00fccher vermitteln das solide Gef\u00fchl der Verf\u00fcgbarkeit von Wissen und signalisieren die Standardisierung von Branchen &#8211; eine Rezension zum <a href=\"https:\/\/www.klaus-janowitz.de\/pdf\/Rezension_Handbuch_PR.pdf\" target=\"_blank\" rel=\"noopener noreferrer\"><strong>Handbuch der PR<\/strong><\/a> . Bentele, Fr\u00f6hlich, Szyszka (2005)<\/p>\n<p align=\"justify\">Ein Tagungsbericht mit dem Titel <strong><a href=\"https:\/\/www.ssoar.info\/ssoar\/bitstream\/handle\/document\/12822\/T4_2001_Janowitz.pdf\" target=\"_blank\" rel=\"noopener\">Virtuelle soziale Beziehungen &#8211; Up- or Download<\/a><\/strong> aus dem Jahre 2001 war in einem der ersten Online- Magazine Kommunikation@Gesellschaft erschienen.\u00a0 Der Bericht ist in dem von GESIS gef\u00fchrten Archiv SSOAR <a href=\"https:\/\/www.ssoar.info\/ssoar\/bitstream\/handle\/document\/12822\/T4_2001_Janowitz.pdf\" target=\"_blank\" rel=\"noopener\">zug\u00e4nglich<\/a>.<\/p>\n<p class=\"Stil28\" align=\"justify\">Die Zivilisationstheorie von Norbert Elias besagt eine zunehmende Disziplinierung der Individuen. Seit den 60er Jahren haben sich hingegen Selbststeuerung, Variationsspielraum und die flexible Anwendung von Verhaltensregeln als neue Ideale einer bewu\u00dfteren Steuerung erwiesen: eine Rezension zu &#8220;<a href=\"https:\/\/www.klaus-janowitz.de\/pdf\/RezensionCasWouters.pdf\" target=\"_blank\" rel=\"noopener noreferrer\"><strong>Van Minnen en Sterven<\/strong><\/a> &#8211; Informalisering van omgangsvormen rond seks en dood&#8221;, Cas Wouters (1991)<\/p>\n<p align=\"justify\">und noch etwas ganz anderes: Kinos im Lauf der Zeit &#8211; eine Reise zu Kinos in der Provinz, die einmal Schaupl\u00e4tze eines Films waren: <a href=\"https:\/\/www.klaus-janowitz.de\/pdf\/Kinos%20im%20Lauf%20der%20Zeit.pdf\" target=\"_blank\" rel=\"noopener noreferrer\"><strong>Kinos im Lauf der Zeit<\/strong><\/a><\/p>\n<p>&nbsp;<\/p>\n<p><!-- Matomo --><br \/>\n<script type=\"text\/javascript\">\n  var _paq = window._paq || [];\n  \/* tracker methods like \"setCustomDimension\" should be called before \"trackPageView\" *\/\n  _paq.push(['trackPageView']);\n  _paq.push(['enableLinkTracking']);\n  (function() {\n    var u=\"\/\/www.klaus-janowitz.de\/piwik\/\";\n    _paq.push(['setTrackerUrl', u+'matomo.php']);\n    _paq.push(['setSiteId', '1']);\n    var d=document, g=d.createElement('script'), s=d.getElementsByTagName('script')[0];\n    g.type='text\/javascript'; g.async=true; g.defer=true; g.src=u+'matomo.js'; s.parentNode.insertBefore(g,s);\n  })();\n<\/script><br \/>\n<!-- End Matomo Code --><\/p>\n","protected":false},"excerpt":{"rendered":"<p>&nbsp; &nbsp; &nbsp; &nbsp; &nbsp; im folgenden einige \u00e4ltere Texte (im pdf- Format), darunter mehrere Rezensionen, die meist in sozialwissenschaftlichen Zeitschriften ver\u00f6ffentlicht wurden Unter dem griffigen Label Netnographie \u2013 auch im deutschsprachigen Kontext bisher in amerikanischer Schreibweise als Netnography bezeichnet \u2013 taucht derzeit ein neuer Forschungsansatz mit dem Anspruch auf, in den Sozialwissenschaften entwickelte Methoden &hellip; <\/p>\n<p class=\"link-more\"><a href=\"https:\/\/www.klaus-janowitz.de\/wordpress\/texte\/\" class=\"more-link\"><span class=\"screen-reader-text\">\u201eTexte\u201c <\/span>weiterlesen<\/a><\/p>\n","protected":false},"author":1,"featured_media":0,"parent":0,"menu_order":0,"comment_status":"closed","ping_status":"closed","template":"","meta":{"jetpack_post_was_ever_published":false,"activitypub_content_warning":"","activitypub_content_visibility":"","activitypub_max_image_attachments":4,"activitypub_interaction_policy_quote":"","activitypub_status":"","footnotes":""},"class_list":["post-13163","page","type-page","status-publish","hentry"],"yoast_head":"<!-- This site is optimized with the Yoast SEO plugin v27.4 - https:\/\/yoast.com\/product\/yoast-seo-wordpress\/ -->\n<title>Texte - Netnographie &amp; Digitaler Wandel<\/title>\n<meta name=\"robots\" content=\"index, follow, max-snippet:-1, max-image-preview:large, max-video-preview:-1\" \/>\n<link rel=\"canonical\" href=\"https:\/\/www.klaus-janowitz.de\/wordpress\/texte\/\" \/>\n<meta property=\"og:locale\" content=\"de_DE\" \/>\n<meta property=\"og:type\" content=\"article\" \/>\n<meta property=\"og:title\" content=\"Texte - Netnographie &amp; Digitaler Wandel\" \/>\n<meta property=\"og:description\" content=\"&nbsp; &nbsp; &nbsp; &nbsp; &nbsp; im folgenden einige \u00e4ltere Texte (im pdf- Format), darunter mehrere Rezensionen, die meist in sozialwissenschaftlichen Zeitschriften ver\u00f6ffentlicht wurden Unter dem griffigen Label Netnographie \u2013 auch im deutschsprachigen Kontext bisher in amerikanischer Schreibweise als Netnography bezeichnet \u2013 taucht derzeit ein neuer Forschungsansatz mit dem Anspruch auf, in den Sozialwissenschaften entwickelte Methoden &hellip; \u201eTexte\u201c weiterlesen\" \/>\n<meta property=\"og:url\" content=\"https:\/\/www.klaus-janowitz.de\/wordpress\/texte\/\" \/>\n<meta property=\"og:site_name\" content=\"Netnographie &amp; Digitaler Wandel\" \/>\n<meta property=\"article:modified_time\" content=\"2024-06-09T11:13:08+00:00\" \/>\n<meta property=\"og:image\" content=\"https:\/\/www.klaus-janowitz.de\/wordpress\/wp-content\/uploads\/2019\/11\/Bibl-300x200.jpg\" \/>\n<meta name=\"twitter:card\" content=\"summary_large_image\" \/>\n<meta name=\"twitter:label1\" content=\"Gesch\u00e4tzte Lesezeit\" \/>\n\t<meta name=\"twitter:data1\" content=\"4\u00a0Minuten\" \/>\n<script type=\"application\/ld+json\" class=\"yoast-schema-graph\">{\"@context\":\"https:\\\/\\\/schema.org\",\"@graph\":[{\"@type\":\"WebPage\",\"@id\":\"https:\\\/\\\/www.klaus-janowitz.de\\\/wordpress\\\/texte\\\/\",\"url\":\"https:\\\/\\\/www.klaus-janowitz.de\\\/wordpress\\\/texte\\\/\",\"name\":\"Texte - Netnographie &amp; Digitaler Wandel\",\"isPartOf\":{\"@id\":\"https:\\\/\\\/www.klaus-janowitz.de\\\/wordpress\\\/#website\"},\"primaryImageOfPage\":{\"@id\":\"https:\\\/\\\/www.klaus-janowitz.de\\\/wordpress\\\/texte\\\/#primaryimage\"},\"image\":{\"@id\":\"https:\\\/\\\/www.klaus-janowitz.de\\\/wordpress\\\/texte\\\/#primaryimage\"},\"thumbnailUrl\":\"https:\\\/\\\/www.klaus-janowitz.de\\\/wordpress\\\/wp-content\\\/uploads\\\/2019\\\/11\\\/Bibl-300x200.jpg\",\"datePublished\":\"2019-06-11T12:53:10+00:00\",\"dateModified\":\"2024-06-09T11:13:08+00:00\",\"breadcrumb\":{\"@id\":\"https:\\\/\\\/www.klaus-janowitz.de\\\/wordpress\\\/texte\\\/#breadcrumb\"},\"inLanguage\":\"de\",\"potentialAction\":[{\"@type\":\"ReadAction\",\"target\":[\"https:\\\/\\\/www.klaus-janowitz.de\\\/wordpress\\\/texte\\\/\"]}]},{\"@type\":\"ImageObject\",\"inLanguage\":\"de\",\"@id\":\"https:\\\/\\\/www.klaus-janowitz.de\\\/wordpress\\\/texte\\\/#primaryimage\",\"url\":\"https:\\\/\\\/i0.wp.com\\\/www.klaus-janowitz.de\\\/wordpress\\\/wp-content\\\/uploads\\\/2019\\\/11\\\/Bibl.jpg?fit=877%2C586&ssl=1\",\"contentUrl\":\"https:\\\/\\\/i0.wp.com\\\/www.klaus-janowitz.de\\\/wordpress\\\/wp-content\\\/uploads\\\/2019\\\/11\\\/Bibl.jpg?fit=877%2C586&ssl=1\",\"width\":877,\"height\":586},{\"@type\":\"BreadcrumbList\",\"@id\":\"https:\\\/\\\/www.klaus-janowitz.de\\\/wordpress\\\/texte\\\/#breadcrumb\",\"itemListElement\":[{\"@type\":\"ListItem\",\"position\":1,\"name\":\"Startseite\",\"item\":\"https:\\\/\\\/www.klaus-janowitz.de\\\/wordpress\\\/\"},{\"@type\":\"ListItem\",\"position\":2,\"name\":\"Texte\"}]},{\"@type\":\"WebSite\",\"@id\":\"https:\\\/\\\/www.klaus-janowitz.de\\\/wordpress\\\/#website\",\"url\":\"https:\\\/\\\/www.klaus-janowitz.de\\\/wordpress\\\/\",\"name\":\"Netnographie &amp; Digitaler Wandel\",\"description\":\"Blog rund um die Themen Netnographie, Online-Kultur und Digitalen Wandel\",\"potentialAction\":[{\"@type\":\"SearchAction\",\"target\":{\"@type\":\"EntryPoint\",\"urlTemplate\":\"https:\\\/\\\/www.klaus-janowitz.de\\\/wordpress\\\/?s={search_term_string}\"},\"query-input\":{\"@type\":\"PropertyValueSpecification\",\"valueRequired\":true,\"valueName\":\"search_term_string\"}}],\"inLanguage\":\"de\"}]}<\/script>\n<!-- \/ Yoast SEO plugin. -->","yoast_head_json":{"title":"Texte - Netnographie &amp; Digitaler Wandel","robots":{"index":"index","follow":"follow","max-snippet":"max-snippet:-1","max-image-preview":"max-image-preview:large","max-video-preview":"max-video-preview:-1"},"canonical":"https:\/\/www.klaus-janowitz.de\/wordpress\/texte\/","og_locale":"de_DE","og_type":"article","og_title":"Texte - Netnographie &amp; Digitaler Wandel","og_description":"&nbsp; &nbsp; &nbsp; &nbsp; &nbsp; im folgenden einige \u00e4ltere Texte (im pdf- Format), darunter mehrere Rezensionen, die meist in sozialwissenschaftlichen Zeitschriften ver\u00f6ffentlicht wurden Unter dem griffigen Label Netnographie \u2013 auch im deutschsprachigen Kontext bisher in amerikanischer Schreibweise als Netnography bezeichnet \u2013 taucht derzeit ein neuer Forschungsansatz mit dem Anspruch auf, in den Sozialwissenschaften entwickelte Methoden &hellip; \u201eTexte\u201c weiterlesen","og_url":"https:\/\/www.klaus-janowitz.de\/wordpress\/texte\/","og_site_name":"Netnographie &amp; Digitaler Wandel","article_modified_time":"2024-06-09T11:13:08+00:00","og_image":[{"url":"https:\/\/www.klaus-janowitz.de\/wordpress\/wp-content\/uploads\/2019\/11\/Bibl-300x200.jpg","type":"","width":"","height":""}],"twitter_card":"summary_large_image","twitter_misc":{"Gesch\u00e4tzte Lesezeit":"4\u00a0Minuten"},"schema":{"@context":"https:\/\/schema.org","@graph":[{"@type":"WebPage","@id":"https:\/\/www.klaus-janowitz.de\/wordpress\/texte\/","url":"https:\/\/www.klaus-janowitz.de\/wordpress\/texte\/","name":"Texte - Netnographie &amp; Digitaler Wandel","isPartOf":{"@id":"https:\/\/www.klaus-janowitz.de\/wordpress\/#website"},"primaryImageOfPage":{"@id":"https:\/\/www.klaus-janowitz.de\/wordpress\/texte\/#primaryimage"},"image":{"@id":"https:\/\/www.klaus-janowitz.de\/wordpress\/texte\/#primaryimage"},"thumbnailUrl":"https:\/\/www.klaus-janowitz.de\/wordpress\/wp-content\/uploads\/2019\/11\/Bibl-300x200.jpg","datePublished":"2019-06-11T12:53:10+00:00","dateModified":"2024-06-09T11:13:08+00:00","breadcrumb":{"@id":"https:\/\/www.klaus-janowitz.de\/wordpress\/texte\/#breadcrumb"},"inLanguage":"de","potentialAction":[{"@type":"ReadAction","target":["https:\/\/www.klaus-janowitz.de\/wordpress\/texte\/"]}]},{"@type":"ImageObject","inLanguage":"de","@id":"https:\/\/www.klaus-janowitz.de\/wordpress\/texte\/#primaryimage","url":"https:\/\/i0.wp.com\/www.klaus-janowitz.de\/wordpress\/wp-content\/uploads\/2019\/11\/Bibl.jpg?fit=877%2C586&ssl=1","contentUrl":"https:\/\/i0.wp.com\/www.klaus-janowitz.de\/wordpress\/wp-content\/uploads\/2019\/11\/Bibl.jpg?fit=877%2C586&ssl=1","width":877,"height":586},{"@type":"BreadcrumbList","@id":"https:\/\/www.klaus-janowitz.de\/wordpress\/texte\/#breadcrumb","itemListElement":[{"@type":"ListItem","position":1,"name":"Startseite","item":"https:\/\/www.klaus-janowitz.de\/wordpress\/"},{"@type":"ListItem","position":2,"name":"Texte"}]},{"@type":"WebSite","@id":"https:\/\/www.klaus-janowitz.de\/wordpress\/#website","url":"https:\/\/www.klaus-janowitz.de\/wordpress\/","name":"Netnographie &amp; Digitaler Wandel","description":"Blog rund um die Themen Netnographie, Online-Kultur und Digitalen Wandel","potentialAction":[{"@type":"SearchAction","target":{"@type":"EntryPoint","urlTemplate":"https:\/\/www.klaus-janowitz.de\/wordpress\/?s={search_term_string}"},"query-input":{"@type":"PropertyValueSpecification","valueRequired":true,"valueName":"search_term_string"}}],"inLanguage":"de"}]}},"jetpack_sharing_enabled":true,"jetpack_shortlink":"https:\/\/wp.me\/P15Wn2-3qj","jetpack_likes_enabled":true,"jetpack-related-posts":[{"id":87411,"url":"https:\/\/www.klaus-janowitz.de\/wordpress\/zur-diskussion\/","url_meta":{"origin":13163,"position":0},"title":"Zur Diskussion","author":"KlausMJan","date":"17. Oktober 2025","format":false,"excerpt":"Auf dieser Seite stehen Texte und Materialen zur Dokumentation. An den Diskussionen bin ich (zumindest im weiteren Sinne) beteiligt - aber (noch) nicht soweit, dazu einen ausf\u00fchrlichen Text zu schreiben. \u00a0 \u00a0 \u00a0 \u00a0 \u00a0 \u00a0 \u00a0 Ende August (28.08) hatten wir in den K\u00f6lner Startplatz\u00a0eingeladen:\u00a0Stille Umbr\u00fcche\u00a0 \u2013 Was KI\u2026","rel":"","context":"\u00c4hnlicher Beitrag","block_context":{"text":"\u00c4hnlicher Beitrag","link":""},"img":{"alt_text":"","src":"https:\/\/i0.wp.com\/www.klaus-janowitz.de\/wordpress\/wp-content\/uploads\/2025\/09\/alex-shuper-3Ft0a5sK2dk-unsplash-300x200.jpg?resize=350%2C200&ssl=1","width":350,"height":200},"classes":[]},{"id":5785,"url":"https:\/\/www.klaus-janowitz.de\/wordpress\/new-media-culture\/","url_meta":{"origin":13163,"position":1},"title":"New Media Culture &#8211; Mediale Ph\u00e4nomene der Netzkultur (Rez.)","author":"KlausMJan","date":"21. Mai 2015","format":false,"excerpt":"27\/05\/15\u00a0kmjan Der Sammelband\u00a0New Media Culture\u00a0- Mediale Ph\u00e4nomene der Netzkultur enth\u00e4lt Beitr\u00e4ge\u00a0zu (online-) Themen, die alle\u00a0seit l\u00e4ngerem diskutiert werden: es geht um\u00a0Fandom,\u00a0Selfies und Meme, um\u00a0Shit Storms\u00a0und Netiquette, um\u00a0\u00a0Gamification\u00a0und\u00a0Transmedia Storytelling,\u00a0um\u00a0Big Data und auch um Partizipative Kultur,\u00a0Netzgemeinschaft und noch einiges mehr. Vorangestellt ist ein weiterer Beitrag\u00a0zu\u00a0Digitalen Medientheorien. Mediale Ph\u00e4nomene sind\u00a0zun\u00e4chst einzelne Erscheinungen, die\u2026","rel":"","context":"\u00c4hnlicher Beitrag","block_context":{"text":"\u00c4hnlicher Beitrag","link":""},"img":{"alt_text":"Titel_NewMediaCulture","src":"https:\/\/i0.wp.com\/www.klaus-janowitz.de\/wordpress\/wp-content\/uploads\/2015\/05\/Titel_NewMediaCulture-197x300.jpg?resize=350%2C200","width":350,"height":200},"classes":[]},{"id":6071,"url":"https:\/\/www.klaus-janowitz.de\/wordpress\/das-neue-spiel\/","url_meta":{"origin":13163,"position":2},"title":"Das Neue Spiel &#8211; Strategien f\u00fcr die Welt nach dem digitalen Kontrollverlust (Rez.)","author":"KlausMJan","date":"29. Juli 2015","format":false,"excerpt":"28\/07\/15 kmjan \u201eEs gibt fast keine Lebensbereiche mehr, die nicht von der Digitalisierung betroffen sind. Der Kontrollverlust wird sie alle betreffen...\u201c (S. 7) Im herk\u00f6mmlichen Sinne bedeutet Kontrollverlust den Verlust der bewussten Steuerung bzw. Beherrschung des Denkens und\/oder des Handelns. Das ist so bei eigener Beeintr\u00e4chtigung (etwa durch Drogen- oder\u2026","rel":"","context":"\u00c4hnlicher Beitrag","block_context":{"text":"\u00c4hnlicher Beitrag","link":""},"img":{"alt_text":"","src":"https:\/\/i0.wp.com\/www.klaus-janowitz.de\/wordpress\/wp-content\/uploads\/2015\/06\/Cover_Seemann-225x300.jpg?resize=350%2C200&ssl=1","width":350,"height":200},"classes":[]},{"id":8980,"url":"https:\/\/www.klaus-janowitz.de\/wordpress\/content-thinking\/","url_meta":{"origin":13163,"position":3},"title":"Content Thinking","author":"KlausMJan","date":"13. September 2016","format":false,"excerpt":"12\/09\/16\u00a0kmjan Lange Zeit war\u00a0die Werbewirtschaft eine f\u00fcr alle Beteiligten eintr\u00e4gliche Wertsch\u00f6pfungskette: Unternehmen\u00a0vergaben Auftr\u00e4ge mit hohen Etats.\u00a0Das Anzeigengesch\u00e4ft sicherte den Printmedien das Auskommen, Fernsehspots erz\u00e4hlten die Geschichten. Die Kampagnen richteten sich auf hohe Reichweiten in TV und Print mit hoher Auflage. Werbephotographie\u00a0und\u00a0Werbefilm waren hochspezialisierte Dienstleistungen - Werbung\u00a0tendierte zum Hochglanz, gro\u00dfe Marken\u2026","rel":"","context":"\u00c4hnlicher Beitrag","block_context":{"text":"\u00c4hnlicher Beitrag","link":""},"img":{"alt_text":"Nachtindustrie","src":"https:\/\/i0.wp.com\/www.klaus-janowitz.de\/wordpress\/wp-content\/uploads\/2015\/05\/Nachtindustrie-300x200.jpg?resize=350%2C200","width":350,"height":200},"classes":[]},{"id":9208,"url":"https:\/\/www.klaus-janowitz.de\/wordpress\/kultur-der-digitalitaet-rez\/","url_meta":{"origin":13163,"position":4},"title":"Kultur der Digitalit\u00e4t (Rezension)","author":"KlausMJan","date":"27. Februar 2017","format":false,"excerpt":"26\/02\/17\u00a0kmjan \"Fast drei Jahre Arbeit f\u00fcr mich, kaum ein Tag lesen f\u00fcr euch. Hoffentlich ein fairer Deal.\" Ganz so\u00a0schnell und fl\u00fcssig, wie in seinem Blog angek\u00fcndigt, liest und erschliesst sich Kultur der Digitalit\u00e4t, immerhin 283 Seiten,\u00a0des Schweizer Medienwissenschaftlers\u00a0Felix Stalder nicht. Das Buch erschien bereits im Mai 2016, so wurde schon\u2026","rel":"","context":"\u00c4hnlicher Beitrag","block_context":{"text":"\u00c4hnlicher Beitrag","link":""},"img":{"alt_text":"","src":"https:\/\/i0.wp.com\/www.klaus-janowitz.de\/wordpress\/wp-content\/uploads\/2017\/02\/Kultur-der-Digitalitaet-183x300.jpg?resize=350%2C200&ssl=1","width":350,"height":200},"classes":[]},{"id":12715,"url":"https:\/\/www.klaus-janowitz.de\/wordpress\/journalismus-online\/","url_meta":{"origin":13163,"position":5},"title":"Journalismus.Online. Das Handbuch zum Online-Journalismus (Rez.)","author":"KlausMJan","date":"16. April 2019","format":false,"excerpt":"15\/04\/19 kmjan Handb\u00fccher dienen dazu das Wissen zu einem Themenfeld, zu einer Branche in \u00fcbersichtlicher, nachschlagbarer Form verf\u00fcgbar zu machen. Handb\u00fccher zum Journalismus gibt es eine Reihe, und auch zum Online- Journalismus ist Journalismus.online von Hektor Haark\u00f6tter, Professor f\u00fcr Kommunikationswissenschaft an der Hochschule Bonn-Rhein-Sieg, nicht das erste. Online war zun\u00e4chst\u2026","rel":"","context":"\u00c4hnlicher Beitrag","block_context":{"text":"\u00c4hnlicher Beitrag","link":""},"img":{"alt_text":"","src":"https:\/\/i0.wp.com\/www.klaus-janowitz.de\/wordpress\/wp-content\/uploads\/2019\/04\/Journalismus-Online-214x300.jpg?resize=350%2C200&ssl=1","width":350,"height":200},"classes":[]}],"_links":{"self":[{"href":"https:\/\/www.klaus-janowitz.de\/wordpress\/wp-json\/wp\/v2\/pages\/13163","targetHints":{"allow":["GET"]}}],"collection":[{"href":"https:\/\/www.klaus-janowitz.de\/wordpress\/wp-json\/wp\/v2\/pages"}],"about":[{"href":"https:\/\/www.klaus-janowitz.de\/wordpress\/wp-json\/wp\/v2\/types\/page"}],"author":[{"embeddable":true,"href":"https:\/\/www.klaus-janowitz.de\/wordpress\/wp-json\/wp\/v2\/users\/1"}],"replies":[{"embeddable":true,"href":"https:\/\/www.klaus-janowitz.de\/wordpress\/wp-json\/wp\/v2\/comments?post=13163"}],"version-history":[{"count":24,"href":"https:\/\/www.klaus-janowitz.de\/wordpress\/wp-json\/wp\/v2\/pages\/13163\/revisions"}],"predecessor-version":[{"id":84923,"href":"https:\/\/www.klaus-janowitz.de\/wordpress\/wp-json\/wp\/v2\/pages\/13163\/revisions\/84923"}],"wp:attachment":[{"href":"https:\/\/www.klaus-janowitz.de\/wordpress\/wp-json\/wp\/v2\/media?parent=13163"}],"curies":[{"name":"wp","href":"https:\/\/api.w.org\/{rel}","templated":true}]}}