{"id":1245,"date":"2011-12-28T13:53:33","date_gmt":"2011-12-28T12:53:33","guid":{"rendered":"http:\/\/www.klaus-janowitz.de\/wordpress\/?page_id=1245"},"modified":"2023-11-13T16:46:30","modified_gmt":"2023-11-13T15:46:30","slug":"vom-cyberspace-zu-social-media","status":"publish","type":"page","link":"https:\/\/www.klaus-janowitz.de\/wordpress\/vom-cyberspace-zu-social-media\/","title":{"rendered":"Vom Cyberspace zu Social Media und weiter&#8230;"},"content":{"rendered":"<p style=\"text-align: justify;\">27\/12\/11\u00a0<a href=\"http:\/\/www.klaus-janowitz.de\/\">kmjan<\/a><br \/>\n<strong>Web 2.0<\/strong> &#8211; das klingt mittlerweile wie ein Sommerhit der Vorsaison, und so sprang mir neulich ein Titel von einem B\u00fcchertisch mit Restauflagen ins Auge. <em>Web 2.0<\/em> war als Konzeptbegriff ungeheuer erfolgreich, er begleitete die Durchsetzung des Internets als offenem, interaktivem Medium. Das Schlagwort mit der Versionsnummer bezeichnete die Nutzungsevolution des Internets nach dem Crash der gro\u00dfen Blase. Web 2.0 stellte das partizipatorische Potential des Internets in den Vordergrund, das Mitmachweb mit Blogs, Podcasts und Social Software &#8211;\u00a0engagierte Blogger bestimmten die Diskussion, parallel dazu entwickelte sich eine Kultur von BarCamps. Irgendwann wurde Web 2.0 von <em>Social Web<\/em> verdr\u00e4ngt &#8211; und seit geraumer Zeit spricht man nur noch von den <em>Social Media<\/em>.<br \/>\nDer Begriff <strong>Social Media <\/strong>stellt die Plattformen und Netzwerke in den Vordergrund, auf denen \u00f6ffentliche Kommunikation stattfindet &#8211; jeder kann daran teilnehmen und Inhalte ver\u00f6ffentlichen, das gilt f\u00fcr Privatpersonen wie f\u00fcr Unternehmen und andere Organisationen. Social Media sind sowohl Schaupl\u00e4tze pers\u00f6nlicher Kommunikation und offener Diskussionen, wie des Marketing. Pers\u00f6nliche und professionelle Kommunikation sind oft schwer auseinander zu halten. Social Media erfordern von allen Beteiligten eine Bereitschaft zum Dialog. Die Diskussion zu\u00a0Social Media\u00a0konzentriert sich oft auf die\u00a0Big Player\u00a0Facebook, Twitter, Google+ und einige andere Dienste.\u00a0Unternehmen dienen Social Media mehr und mehr dazu, ihre Zielgruppen zu erreichen und dazu entsprechende Handlungs- und Kommunikationsstrategien zu entwickeln.<\/p>\n<figure id=\"attachment_865\" aria-describedby=\"caption-attachment-865\" style=\"width: 300px\" class=\"wp-caption alignleft\"><a href=\"https:\/\/i0.wp.com\/www.klaus-janowitz.de\/wordpress\/wp-content\/uploads\/2011\/12\/Holzmedium.jpg?ssl=1\"><img data-recalc-dims=\"1\" fetchpriority=\"high\" decoding=\"async\" class=\"size-medium wp-image-865\" src=\"https:\/\/i0.wp.com\/www.klaus-janowitz.de\/wordpress\/wp-content\/uploads\/2011\/12\/Holzmedium.jpg?resize=300%2C224&#038;ssl=1\" alt=\"\" width=\"300\" height=\"224\" srcset=\"https:\/\/i0.wp.com\/www.klaus-janowitz.de\/wordpress\/wp-content\/uploads\/2011\/12\/Holzmedium.jpg?resize=300%2C224&amp;ssl=1 300w, https:\/\/i0.wp.com\/www.klaus-janowitz.de\/wordpress\/wp-content\/uploads\/2011\/12\/Holzmedium.jpg?w=400&amp;ssl=1 400w\" sizes=\"(max-width: 300px) 100vw, 300px\" \/><\/a><figcaption id=\"caption-attachment-865\" class=\"wp-caption-text\">die erste Halbzeit der Digitalisierung verpasst<\/figcaption><\/figure>\n<p style=\"text-align: justify;\">Seit Beginn der digitalen Revolution gab es immer wieder neue Schlagw\u00f6rter und Icons, die Diskussion und Wahrnehmung des Internets bestimmten bzw. auf den Punkt brachten. Geht man weit zur\u00fcck, war in den 90er Jahren der aus der Science Fiction stammende <strong>Cyberspace<\/strong> beliebt: so klingt ein Ort des Abenteuers, in den man sich entsprechend pr\u00e4pariert begibt &#8211; vorsichtig, ohne Offenbarung des Klarnamens. <em>Virtuelle soziale Beziehungen<\/em>\u00a0betonten den experimentellen Charakter. Um die Jahrtausendwende galt das <strong>@<\/strong>Zeichen als Icon des Aufbruchs, bei dem jeder dabei sein wollte. Damit schm\u00fcckten sich damals auch zahlreiche Printmagazine. Schlagw\u00f6rter bzw. Buzzwords bedeuten keinen Einschnitt, sie zeigen aber einen Wandel in der Wahrnehmung und in der Diskussion an.<\/p>\n<figure id=\"attachment_879\" aria-describedby=\"caption-attachment-879\" style=\"width: 400px\" class=\"wp-caption alignleft\"><a href=\"https:\/\/i0.wp.com\/www.klaus-janowitz.de\/wordpress\/wp-content\/uploads\/2011\/12\/smartph.jpg\"><img data-recalc-dims=\"1\" decoding=\"async\" class=\"size-full wp-image-879\" title=\"smartph\" src=\"https:\/\/i0.wp.com\/www.klaus-janowitz.de\/wordpress\/wp-content\/uploads\/2011\/12\/smartph.jpg?resize=400%2C180\" alt=\"\" width=\"400\" height=\"180\" srcset=\"https:\/\/i0.wp.com\/www.klaus-janowitz.de\/wordpress\/wp-content\/uploads\/2011\/12\/smartph.jpg?w=400&amp;ssl=1 400w, https:\/\/i0.wp.com\/www.klaus-janowitz.de\/wordpress\/wp-content\/uploads\/2011\/12\/smartph.jpg?resize=300%2C135&amp;ssl=1 300w\" sizes=\"(max-width: 400px) 100vw, 400px\" \/><\/a><figcaption id=\"caption-attachment-879\" class=\"wp-caption-text\">immer online mit dem Smartphone<\/figcaption><\/figure>\n<p style=\"text-align: justify;\">Die Nutzungsevolution des Internet geht weiter &#8211; die augenf\u00e4lligste Entwicklung ist die fl\u00e4chendeckende Verbreitung von SmartPhones und damit die Allgegenwart des\u00a0<strong>mobilen Internet<\/strong>. Man braucht sich nur auf einem Bahnhof oder in einer abendlich leeren Fu\u00dfg\u00e4ngerzone umzuschauen, ein gro\u00dfer Teil der Wartenden bzw. Passanten vertreibt sich die Zeit mit dem SmartPhone:\u00a0<em>Langeweile gibts nicht mehr<\/em>. Mit dem SmartPhone ist die soziale Umgebung st\u00e4ndig erreichbar &#8211; oder besser: man hat sie in der Jackentasche unterwegs dabei.\u00a0Der Austausch beschr\u00e4nkt sich nicht auf Nachrichten in Textform (neben Telephonaten), er schlie\u00dft Bilder, Teilnahme an Spielen etc. ein.\u00a0<em>Location Based Services<\/em>\u00a0erfreuen sich steigender Akzeptanz und Beliebtheit &#8211; damit ist auch die\u00a0<em>reale &#8211; physische &#8211; Umgebung<\/em>\u00a0angeschlossen, das Netz ist im ganz realen Alltag angekommen. Ein anderer Trend ist\u00a0<em>Gamification<\/em>\u00a0, die Einbindung spielerischer Elemente.\u00a0Welches Schlagwort sich dann f\u00fcr die neue digitale Welt findet, wird uns \u00fcberraschen, das gelegentlich genannte Web 3.0 wird es nicht &#8211; die Welt will neue Bilder und neue W\u00f6rter.<br \/>\nDas Internet wird mobil\u00a0(neben SmartPhones z\u00e4hlen auch Tablets, wie das iPad dazu) &#8211; es wandert vom Schreibtisch in die H\u00e4nde &#8211; und es greift auf die\u00a0<em>Cloud,<\/em>\u00a0die &#8220;Wolke&#8221; von Rechendienstleistungen zu. Online-Kommunikation wird zu einer ganz normalen Dialogebene, die \u00a0sich eingliedert in den Strom des Lebens &#8211; das Internet ist nun endg\u00fcltig keine vom\u00a0<em>wahren Leben<\/em>\u00a0geschiedene Plattform mehr.<\/p>\n<p><!-- Matomo --><br \/>\n<script type=\"text\/javascript\">\n  var _paq = _paq || [];\n  \/* tracker methods like \"setCustomDimension\" should be called before \"trackPageView\" *\/\n  _paq.push(['trackPageView']);\n  _paq.push(['enableLinkTracking']);\n  (function() {\n    var u=\"\/\/www.klaus-janowitz.de\/piwik\/\";\n    _paq.push(['setTrackerUrl', u+'piwik.php']);\n    _paq.push(['setSiteId', '1']);\n    var d=document, g=d.createElement('script'), s=d.getElementsByTagName('script')[0];\n    g.type='text\/javascript'; g.async=true; g.defer=true; g.src=u+'piwik.js'; s.parentNode.insertBefore(g,s);\n  })();\n<\/script><br \/>\n<!-- End Matomo Code --><\/p>\n","protected":false},"excerpt":{"rendered":"<p>27\/12\/11\u00a0kmjan Web 2.0 &#8211; das klingt mittlerweile wie ein Sommerhit der Vorsaison, und so sprang mir neulich ein Titel von einem B\u00fcchertisch mit Restauflagen ins Auge. Web 2.0 war als Konzeptbegriff ungeheuer erfolgreich, er begleitete die Durchsetzung des Internets als offenem, interaktivem Medium. Das Schlagwort mit der Versionsnummer bezeichnete die Nutzungsevolution des Internets nach dem &hellip; <\/p>\n<p class=\"link-more\"><a href=\"https:\/\/www.klaus-janowitz.de\/wordpress\/vom-cyberspace-zu-social-media\/\" class=\"more-link\"><span class=\"screen-reader-text\">\u201eVom Cyberspace zu Social Media und weiter&#8230;\u201c <\/span>weiterlesen<\/a><\/p>\n","protected":false},"author":1,"featured_media":0,"parent":0,"menu_order":0,"comment_status":"open","ping_status":"open","template":"","meta":{"jetpack_post_was_ever_published":false,"activitypub_content_warning":"","activitypub_content_visibility":"","activitypub_max_image_attachments":4,"activitypub_interaction_policy_quote":"","activitypub_status":"","footnotes":""},"class_list":["post-1245","page","type-page","status-publish","hentry"],"yoast_head":"<!-- This site is optimized with the Yoast SEO plugin v27.5 - https:\/\/yoast.com\/product\/yoast-seo-wordpress\/ -->\n<title>Vom Cyberspace zu Social Media und weiter... - Netnographie &amp; Digitaler Wandel<\/title>\n<meta name=\"robots\" content=\"index, follow, max-snippet:-1, max-image-preview:large, max-video-preview:-1\" \/>\n<link rel=\"canonical\" href=\"https:\/\/www.klaus-janowitz.de\/wordpress\/vom-cyberspace-zu-social-media\/\" \/>\n<meta property=\"og:locale\" content=\"de_DE\" \/>\n<meta property=\"og:type\" content=\"article\" \/>\n<meta property=\"og:title\" content=\"Vom Cyberspace zu Social Media und weiter... - Netnographie &amp; Digitaler Wandel\" \/>\n<meta property=\"og:description\" content=\"27\/12\/11\u00a0kmjan Web 2.0 &#8211; das klingt mittlerweile wie ein Sommerhit der Vorsaison, und so sprang mir neulich ein Titel von einem B\u00fcchertisch mit Restauflagen ins Auge. Web 2.0 war als Konzeptbegriff ungeheuer erfolgreich, er begleitete die Durchsetzung des Internets als offenem, interaktivem Medium. Das Schlagwort mit der Versionsnummer bezeichnete die Nutzungsevolution des Internets nach dem &hellip; \u201eVom Cyberspace zu Social Media und weiter&#8230;\u201c weiterlesen\" \/>\n<meta property=\"og:url\" content=\"https:\/\/www.klaus-janowitz.de\/wordpress\/vom-cyberspace-zu-social-media\/\" \/>\n<meta property=\"og:site_name\" content=\"Netnographie &amp; Digitaler Wandel\" \/>\n<meta property=\"article:modified_time\" content=\"2023-11-13T15:46:30+00:00\" \/>\n<meta property=\"og:image\" content=\"https:\/\/www.klaus-janowitz.de\/wordpress\/wp-content\/uploads\/2011\/12\/Holzmedium-300x224.jpg\" \/>\n<meta name=\"twitter:card\" content=\"summary_large_image\" \/>\n<meta name=\"twitter:label1\" content=\"Gesch\u00e4tzte Lesezeit\" \/>\n\t<meta name=\"twitter:data1\" content=\"4\u00a0Minuten\" \/>\n<script type=\"application\/ld+json\" class=\"yoast-schema-graph\">{\"@context\":\"https:\\\/\\\/schema.org\",\"@graph\":[{\"@type\":\"WebPage\",\"@id\":\"https:\\\/\\\/www.klaus-janowitz.de\\\/wordpress\\\/vom-cyberspace-zu-social-media\\\/\",\"url\":\"https:\\\/\\\/www.klaus-janowitz.de\\\/wordpress\\\/vom-cyberspace-zu-social-media\\\/\",\"name\":\"Vom Cyberspace zu Social Media und weiter... - Netnographie &amp; Digitaler Wandel\",\"isPartOf\":{\"@id\":\"https:\\\/\\\/www.klaus-janowitz.de\\\/wordpress\\\/#website\"},\"primaryImageOfPage\":{\"@id\":\"https:\\\/\\\/www.klaus-janowitz.de\\\/wordpress\\\/vom-cyberspace-zu-social-media\\\/#primaryimage\"},\"image\":{\"@id\":\"https:\\\/\\\/www.klaus-janowitz.de\\\/wordpress\\\/vom-cyberspace-zu-social-media\\\/#primaryimage\"},\"thumbnailUrl\":\"https:\\\/\\\/www.klaus-janowitz.de\\\/wordpress\\\/wp-content\\\/uploads\\\/2011\\\/12\\\/Holzmedium-300x224.jpg\",\"datePublished\":\"2011-12-28T12:53:33+00:00\",\"dateModified\":\"2023-11-13T15:46:30+00:00\",\"breadcrumb\":{\"@id\":\"https:\\\/\\\/www.klaus-janowitz.de\\\/wordpress\\\/vom-cyberspace-zu-social-media\\\/#breadcrumb\"},\"inLanguage\":\"de\",\"potentialAction\":[{\"@type\":\"ReadAction\",\"target\":[\"https:\\\/\\\/www.klaus-janowitz.de\\\/wordpress\\\/vom-cyberspace-zu-social-media\\\/\"]}]},{\"@type\":\"ImageObject\",\"inLanguage\":\"de\",\"@id\":\"https:\\\/\\\/www.klaus-janowitz.de\\\/wordpress\\\/vom-cyberspace-zu-social-media\\\/#primaryimage\",\"url\":\"https:\\\/\\\/i0.wp.com\\\/www.klaus-janowitz.de\\\/wordpress\\\/wp-content\\\/uploads\\\/2011\\\/12\\\/Holzmedium.jpg?fit=400%2C299&ssl=1\",\"contentUrl\":\"https:\\\/\\\/i0.wp.com\\\/www.klaus-janowitz.de\\\/wordpress\\\/wp-content\\\/uploads\\\/2011\\\/12\\\/Holzmedium.jpg?fit=400%2C299&ssl=1\",\"width\":\"400\",\"height\":\"299\",\"caption\":\"die erste Halbzeit der Digitalisierung verpasst\"},{\"@type\":\"BreadcrumbList\",\"@id\":\"https:\\\/\\\/www.klaus-janowitz.de\\\/wordpress\\\/vom-cyberspace-zu-social-media\\\/#breadcrumb\",\"itemListElement\":[{\"@type\":\"ListItem\",\"position\":1,\"name\":\"Startseite\",\"item\":\"https:\\\/\\\/www.klaus-janowitz.de\\\/wordpress\\\/\"},{\"@type\":\"ListItem\",\"position\":2,\"name\":\"Vom Cyberspace zu Social Media und weiter&#8230;\"}]},{\"@type\":\"WebSite\",\"@id\":\"https:\\\/\\\/www.klaus-janowitz.de\\\/wordpress\\\/#website\",\"url\":\"https:\\\/\\\/www.klaus-janowitz.de\\\/wordpress\\\/\",\"name\":\"Netnographie &amp; Digitaler Wandel\",\"description\":\"Blog rund um die Themen Netnographie, Online-Kultur und Digitalen Wandel\",\"potentialAction\":[{\"@type\":\"SearchAction\",\"target\":{\"@type\":\"EntryPoint\",\"urlTemplate\":\"https:\\\/\\\/www.klaus-janowitz.de\\\/wordpress\\\/?s={search_term_string}\"},\"query-input\":{\"@type\":\"PropertyValueSpecification\",\"valueRequired\":true,\"valueName\":\"search_term_string\"}}],\"inLanguage\":\"de\"}]}<\/script>\n<!-- \/ Yoast SEO plugin. -->","yoast_head_json":{"title":"Vom Cyberspace zu Social Media und weiter... - Netnographie &amp; Digitaler Wandel","robots":{"index":"index","follow":"follow","max-snippet":"max-snippet:-1","max-image-preview":"max-image-preview:large","max-video-preview":"max-video-preview:-1"},"canonical":"https:\/\/www.klaus-janowitz.de\/wordpress\/vom-cyberspace-zu-social-media\/","og_locale":"de_DE","og_type":"article","og_title":"Vom Cyberspace zu Social Media und weiter... - Netnographie &amp; Digitaler Wandel","og_description":"27\/12\/11\u00a0kmjan Web 2.0 &#8211; das klingt mittlerweile wie ein Sommerhit der Vorsaison, und so sprang mir neulich ein Titel von einem B\u00fcchertisch mit Restauflagen ins Auge. Web 2.0 war als Konzeptbegriff ungeheuer erfolgreich, er begleitete die Durchsetzung des Internets als offenem, interaktivem Medium. Das Schlagwort mit der Versionsnummer bezeichnete die Nutzungsevolution des Internets nach dem &hellip; \u201eVom Cyberspace zu Social Media und weiter&#8230;\u201c weiterlesen","og_url":"https:\/\/www.klaus-janowitz.de\/wordpress\/vom-cyberspace-zu-social-media\/","og_site_name":"Netnographie &amp; Digitaler Wandel","article_modified_time":"2023-11-13T15:46:30+00:00","og_image":[{"url":"https:\/\/www.klaus-janowitz.de\/wordpress\/wp-content\/uploads\/2011\/12\/Holzmedium-300x224.jpg","type":"","width":"","height":""}],"twitter_card":"summary_large_image","twitter_misc":{"Gesch\u00e4tzte Lesezeit":"4\u00a0Minuten"},"schema":{"@context":"https:\/\/schema.org","@graph":[{"@type":"WebPage","@id":"https:\/\/www.klaus-janowitz.de\/wordpress\/vom-cyberspace-zu-social-media\/","url":"https:\/\/www.klaus-janowitz.de\/wordpress\/vom-cyberspace-zu-social-media\/","name":"Vom Cyberspace zu Social Media und weiter... - Netnographie &amp; Digitaler Wandel","isPartOf":{"@id":"https:\/\/www.klaus-janowitz.de\/wordpress\/#website"},"primaryImageOfPage":{"@id":"https:\/\/www.klaus-janowitz.de\/wordpress\/vom-cyberspace-zu-social-media\/#primaryimage"},"image":{"@id":"https:\/\/www.klaus-janowitz.de\/wordpress\/vom-cyberspace-zu-social-media\/#primaryimage"},"thumbnailUrl":"https:\/\/www.klaus-janowitz.de\/wordpress\/wp-content\/uploads\/2011\/12\/Holzmedium-300x224.jpg","datePublished":"2011-12-28T12:53:33+00:00","dateModified":"2023-11-13T15:46:30+00:00","breadcrumb":{"@id":"https:\/\/www.klaus-janowitz.de\/wordpress\/vom-cyberspace-zu-social-media\/#breadcrumb"},"inLanguage":"de","potentialAction":[{"@type":"ReadAction","target":["https:\/\/www.klaus-janowitz.de\/wordpress\/vom-cyberspace-zu-social-media\/"]}]},{"@type":"ImageObject","inLanguage":"de","@id":"https:\/\/www.klaus-janowitz.de\/wordpress\/vom-cyberspace-zu-social-media\/#primaryimage","url":"https:\/\/i0.wp.com\/www.klaus-janowitz.de\/wordpress\/wp-content\/uploads\/2011\/12\/Holzmedium.jpg?fit=400%2C299&ssl=1","contentUrl":"https:\/\/i0.wp.com\/www.klaus-janowitz.de\/wordpress\/wp-content\/uploads\/2011\/12\/Holzmedium.jpg?fit=400%2C299&ssl=1","width":"400","height":"299","caption":"die erste Halbzeit der Digitalisierung verpasst"},{"@type":"BreadcrumbList","@id":"https:\/\/www.klaus-janowitz.de\/wordpress\/vom-cyberspace-zu-social-media\/#breadcrumb","itemListElement":[{"@type":"ListItem","position":1,"name":"Startseite","item":"https:\/\/www.klaus-janowitz.de\/wordpress\/"},{"@type":"ListItem","position":2,"name":"Vom Cyberspace zu Social Media und weiter&#8230;"}]},{"@type":"WebSite","@id":"https:\/\/www.klaus-janowitz.de\/wordpress\/#website","url":"https:\/\/www.klaus-janowitz.de\/wordpress\/","name":"Netnographie &amp; Digitaler Wandel","description":"Blog rund um die Themen Netnographie, Online-Kultur und Digitalen Wandel","potentialAction":[{"@type":"SearchAction","target":{"@type":"EntryPoint","urlTemplate":"https:\/\/www.klaus-janowitz.de\/wordpress\/?s={search_term_string}"},"query-input":{"@type":"PropertyValueSpecification","valueRequired":true,"valueName":"search_term_string"}}],"inLanguage":"de"}]}},"jetpack_sharing_enabled":true,"jetpack_shortlink":"https:\/\/wp.me\/P15Wn2-k5","jetpack_likes_enabled":true,"jetpack-related-posts":[{"id":4646,"url":"https:\/\/www.klaus-janowitz.de\/wordpress\/social-media-2014\/","url_meta":{"origin":1245,"position":0},"title":"Social Media 2014","author":"KlausMJan","date":"30. November 2014","format":false,"excerpt":"\u00a029\/11\/14\u00a0kmjan Es sind schon einige Jahre vergangen, seit der Begriff\u00a0 Social Media den des Web \u00a02.0\u00a0abgel\u00f6st hat. Betonte Web 2.0 vor allem die\u00a0Nutzungsevolution des Internets und sein partizipatorisches Potential\u00a0(wie\u00a0auch der Begriff\u00a0\u00a0Blogosph\u00e4re), stehen\u00a0bei Social Media die Plattformen und Netzwerke auf denen \u00f6ffentliche Kommunikation stattfindet im Vordergrund. Die nebenstehende Social Media Map\u2026","rel":"","context":"\u00c4hnlicher Beitrag","block_context":{"text":"\u00c4hnlicher Beitrag","link":""},"img":{"alt_text":"","src":"https:\/\/i0.wp.com\/www.klaus-janowitz.de\/wordpress\/wp-content\/uploads\/2014\/11\/Social-Media-Map-300x231.jpg?resize=350%2C200&ssl=1","width":350,"height":200},"classes":[]},{"id":11145,"url":"https:\/\/www.klaus-janowitz.de\/wordpress\/10-jahre-social-media-2018\/","url_meta":{"origin":1245,"position":1},"title":"10 Jahre Social Media (2018)","author":"KlausMJan","date":"14. August 2018","format":false,"excerpt":"13\/08\/18\u00a0kmjan Social Media (immer im Plural) sind seit gut 10 Jahren Thema. Damals\u00a0 hatte der Begriff\u00a0 den des Web 2.0 abgel\u00f6st. Web 2.0 war partizipativ konnotiert,\u00a0\u00a0Kennzeichen der Social Media ist User Generated Content auf einer von Betreibern bereitgestellten Plattform. Und letztlich bestimmen die Betreiber auch die Regeln. Teilhabe am Social\u2026","rel":"","context":"\u00c4hnlicher Beitrag","block_context":{"text":"\u00c4hnlicher Beitrag","link":""},"img":{"alt_text":"","src":"https:\/\/i0.wp.com\/www.klaus-janowitz.de\/wordpress\/wp-content\/uploads\/2018\/08\/SocialMediaMap_18_thumb.jpg?resize=350%2C200","width":350,"height":200},"classes":[]},{"id":9450,"url":"https:\/\/www.klaus-janowitz.de\/wordpress\/filterblasen-fake-news-und-neue-medienoeffentlichkeiten\/","url_meta":{"origin":1245,"position":2},"title":"Filterblasen, Fake News und neue Medien\u00f6ffentlichkeiten","author":"KlausMJan","date":"22. Dezember 2016","format":false,"excerpt":"22\/12\/16\u00a0kmjan Der US- amerikanische Wahlkampf, die Erfolge und die Methoden von Rechtspopulisten haben Diskussionen zum Manipulationspotential im Social Web angefacht. Drei Begriffe treten dabei hervor: Filterblase, Fake News und postfaktisch.\u00a0 \"Im Internet schenken viele Menschen anderen Meinungen als ihrer eigenen keinen Glauben mehr. Das liegt daran, dass in ihren Social-Media-Kan\u00e4len\u2026","rel":"","context":"\u00c4hnlicher Beitrag","block_context":{"text":"\u00c4hnlicher Beitrag","link":""},"img":{"alt_text":"","src":"https:\/\/i0.wp.com\/www.klaus-janowitz.de\/wordpress\/wp-content\/uploads\/2016\/12\/Tautropfen-300x225.jpg?resize=350%2C200","width":350,"height":200},"classes":[]},{"id":244,"url":"https:\/\/www.klaus-janowitz.de\/wordpress\/netnocamp-revisited\/","url_meta":{"origin":1245,"position":3},"title":"Netnocamp revisited","author":"KlausMJan","date":"6. Oktober 2010","format":false,"excerpt":"&lt;img src=\"http:\/\/www.klaus-janowitz.de\/piwik\/piwik.php?idsite=1\" style=\"border:0\" alt=\"\" \/&gt;&lt;br \/&gt;06\/10\/10\u00a0kmjan Am 17.09. fand im Rahmen der Internetwoche K\u00f6ln das Netnocamp als erstes Barcamp zu Netnographie und Web-Monitoring statt \u201e...eine international besetzte offene Tagung zum Thema qualitative Forschung im Social Web\u201c - so beschreibt die IHK K\u00f6ln in Ihrem Newsletter das Netnocamp. Mit einer solchen\u2026","rel":"","context":"Mit 1 Kommentar","block_context":{"text":"Mit 1 Kommentar","link":"https:\/\/www.klaus-janowitz.de\/wordpress\/netnocamp-revisited\/#comments"},"img":{"alt_text":"","src":"https:\/\/i0.wp.com\/www.klaus-janowitz.de\/wordpress\/wp-content\/uploads\/2010\/12\/NetnoCamp_Logo2.jpg?resize=350%2C200","width":350,"height":200},"classes":[]},{"id":5583,"url":"https:\/\/www.klaus-janowitz.de\/wordpress\/digitaler-wandel-ein-neuer-leitbegriff\/","url_meta":{"origin":1245,"position":4},"title":"Digitaler Wandel &#8211; ein neuer Leitbegriff","author":"KlausMJan","date":"30. April 2015","format":false,"excerpt":"29\/04\/15\u00a0kmjan Das Internet ist schon lange kein\u00a0Neuland mehr und schon gar nicht ein\u00a0Neues Medium*. Vor nunmehr zwei Jahrzehnten, etwa Mitte der 90er Jahre setzte es sich in der Breite durch und um die Jahrtausendwende herum war man dann \"drin\". In den Jahren danach folgten schnellere DSL-Verbindungen mit Flatrates, mit dem\u00a0iPhone\u2026","rel":"","context":"\u00c4hnlicher Beitrag","block_context":{"text":"\u00c4hnlicher Beitrag","link":""},"img":{"alt_text":"Digitaler Wandel ist mehr als technologischer Wandel","src":"https:\/\/i0.wp.com\/www.klaus-janowitz.de\/wordpress\/wp-content\/uploads\/2015\/04\/Firewire_ports-300x161.jpg?resize=350%2C200","width":350,"height":200},"classes":[]},{"id":389,"url":"https:\/\/www.klaus-janowitz.de\/wordpress\/qualitative-online-forschung\/","url_meta":{"origin":1245,"position":5},"title":"Qualitative Online-Forschung","author":"KlausMJan","date":"30. Januar 2011","format":false,"excerpt":"30\/01\/11\u00a0kmjan Mit der Nutzungsevolution zum Social Web steigt das Interesse an\u00a0qualitativen Online-Methoden. Qualitative Forschung zieht ihre Erkenntnisse aus der Analyse von Einzelf\u00e4llen, sie geht zumeist induktiv vor, d.h\u00a0der Forscher \u201eh\u00f6rt \u00a0zu\u201c - er bezieht Erkenntnisse und entwickelt Theorie aus den Einblicken, die das vorhandene Material gew\u00e4hrt. Zuh\u00f6ren - listening hei\u00dft\u2026","rel":"","context":"\u00c4hnlicher Beitrag","block_context":{"text":"\u00c4hnlicher Beitrag","link":""},"img":{"alt_text":"","src":"https:\/\/i0.wp.com\/www.klaus-janowitz.de\/wordpress\/wp-content\/uploads\/2011\/01\/schatten1.jpg?resize=350%2C200","width":350,"height":200,"srcset":"https:\/\/i0.wp.com\/www.klaus-janowitz.de\/wordpress\/wp-content\/uploads\/2011\/01\/schatten1.jpg?resize=350%2C200 1x, https:\/\/i0.wp.com\/www.klaus-janowitz.de\/wordpress\/wp-content\/uploads\/2011\/01\/schatten1.jpg?resize=525%2C300 1.5x"},"classes":[]}],"_links":{"self":[{"href":"https:\/\/www.klaus-janowitz.de\/wordpress\/wp-json\/wp\/v2\/pages\/1245","targetHints":{"allow":["GET"]}}],"collection":[{"href":"https:\/\/www.klaus-janowitz.de\/wordpress\/wp-json\/wp\/v2\/pages"}],"about":[{"href":"https:\/\/www.klaus-janowitz.de\/wordpress\/wp-json\/wp\/v2\/types\/page"}],"author":[{"embeddable":true,"href":"https:\/\/www.klaus-janowitz.de\/wordpress\/wp-json\/wp\/v2\/users\/1"}],"replies":[{"embeddable":true,"href":"https:\/\/www.klaus-janowitz.de\/wordpress\/wp-json\/wp\/v2\/comments?post=1245"}],"version-history":[{"count":27,"href":"https:\/\/www.klaus-janowitz.de\/wordpress\/wp-json\/wp\/v2\/pages\/1245\/revisions"}],"predecessor-version":[{"id":83933,"href":"https:\/\/www.klaus-janowitz.de\/wordpress\/wp-json\/wp\/v2\/pages\/1245\/revisions\/83933"}],"wp:attachment":[{"href":"https:\/\/www.klaus-janowitz.de\/wordpress\/wp-json\/wp\/v2\/media?parent=1245"}],"curies":[{"name":"wp","href":"https:\/\/api.w.org\/{rel}","templated":true}]}}