{"id":11006,"date":"2018-05-29T17:42:53","date_gmt":"2018-05-29T15:42:53","guid":{"rendered":"http:\/\/www.klaus-janowitz.de\/wordpress\/?page_id=11006"},"modified":"2018-08-16T14:18:41","modified_gmt":"2018-08-16T12:18:41","slug":"hidden-values-die-waehrungen-der-zukunft","status":"publish","type":"page","link":"https:\/\/www.klaus-janowitz.de\/wordpress\/hidden-values-die-waehrungen-der-zukunft\/","title":{"rendered":"Hidden Values &#8211; Die W\u00e4hrungen der Zukunft"},"content":{"rendered":"<p style=\"text-align: justify;\">28\/05\/18\u00a0<a href=\"http:\/\/www.klaus-janowitz.de\/\">kmjan<\/a><br \/>\n<a href=\"https:\/\/i0.wp.com\/www.klaus-janowitz.de\/wordpress\/wp-content\/uploads\/2018\/04\/Hidden-Values.jpeg\"><img data-recalc-dims=\"1\" fetchpriority=\"high\" decoding=\"async\" class=\"alignleft wp-image-11007\" src=\"https:\/\/i0.wp.com\/www.klaus-janowitz.de\/wordpress\/wp-content\/uploads\/2018\/04\/Hidden-Values-207x300.jpeg?resize=217%2C314\" alt=\"\" width=\"217\" height=\"314\" srcset=\"https:\/\/i0.wp.com\/www.klaus-janowitz.de\/wordpress\/wp-content\/uploads\/2018\/04\/Hidden-Values.jpeg?resize=207%2C300&amp;ssl=1 207w, https:\/\/i0.wp.com\/www.klaus-janowitz.de\/wordpress\/wp-content\/uploads\/2018\/04\/Hidden-Values.jpeg?resize=768%2C1113&amp;ssl=1 768w, https:\/\/i0.wp.com\/www.klaus-janowitz.de\/wordpress\/wp-content\/uploads\/2018\/04\/Hidden-Values.jpeg?resize=706%2C1024&amp;ssl=1 706w, https:\/\/i0.wp.com\/www.klaus-janowitz.de\/wordpress\/wp-content\/uploads\/2018\/04\/Hidden-Values.jpeg?resize=1200%2C1740&amp;ssl=1 1200w, https:\/\/i0.wp.com\/www.klaus-janowitz.de\/wordpress\/wp-content\/uploads\/2018\/04\/Hidden-Values.jpeg?w=1701&amp;ssl=1 1701w, https:\/\/i0.wp.com\/www.klaus-janowitz.de\/wordpress\/wp-content\/uploads\/2018\/04\/Hidden-Values.jpeg?w=1050&amp;ssl=1 1050w, https:\/\/i0.wp.com\/www.klaus-janowitz.de\/wordpress\/wp-content\/uploads\/2018\/04\/Hidden-Values.jpeg?w=1575&amp;ssl=1 1575w\" sizes=\"(max-width: 217px) 100vw, 217px\" \/><\/a><em><strong>Hidden Values<\/strong> &#8211; Die W\u00e4hrungen der Zukunft &#8211;\u00a0<\/em>fasst die Beitr\u00e4ge einer Konferenz (<em><a href=\"https:\/\/www.creative.nrw.de\/hidden-values.html\" target=\"_blank\" rel=\"noopener\">Hidden Values \u2013 Mehr wert als Geld?<\/a>)<\/em> im Oktober 2017 in der Zeche Zollverein (Essen) zusammen. Herausgeber ist <a href=\"https:\/\/www.creative.nrw.de\/\" target=\"_blank\" rel=\"noopener\">Creative.NRW<\/a>,\u00a0und das Vorwort stammt vom Financier, dem <em>Minister f\u00fcr Wirtschaft, Innovation, Digitalisierung und Energie<\/em>, Andreas Pinkwart.<br \/>\nDer Titel <strong><em>Hidden Values<\/em><\/strong>\u00a0l\u00e4sst zun\u00e4chst an <em>Werte<\/em> denken, die noch nicht betriebswirtschaftlicher Vermessung ausgesetzt sind, zumal ganz ausdr\u00fccklich <em>Aufmerksamkeit, Beziehungen und Netzwerke, Daten und Informationen<\/em> als <em>handfeste wirtschaftliche Werte <\/em>(15)<em>\u00a0<\/em>genannt werden. Nach g\u00e4ngiger BWL erfordert es nur geschicktes und methodisches wirtschaftliches (Marketing-) Handeln (etwa <em>Branding<\/em>, <em>Community- Building<\/em> etc.) um derartige Ressourcen zu monetarisieren.<br \/>\n\u00dcbergreifendes Thema und Kernthese des Sammelbandes ist jedoch, dass sich aus den genannten Werten selber zentrale Ressourcen herausbilden, sie zu einer Art W\u00e4hrungen auf ihren eigenen M\u00e4rkten werden. Ausgehend von der <em>Kreativwirtschaft<\/em> breiten sie sich in der digitalen \u00d6konomie aus.<br \/>\nAnkerpunkt ist ein Interview mit\u00a0<strong>Georg Franck <\/strong>(26-39), Autor von <em>\u00d6konomie der Aufmerksamkeit<\/em> (1998). <em>Aufmerksamkeit<\/em> treibt seit jeher die Medienwirtschaft an, als begrenzte\u00a0<em>Kapazit\u00e4t bewussten Erlebens<\/em>\u00a0(27) ist sie eine knappe Ressource in der\u00a0Digital\u00f6konomie. Und es gibt Parallelen im Haushalten mit Aufmerksamkeit zum Haushalten mit Geld &#8211;\u00a0<em>Paying attention<\/em>\u00a0hei\u00dft es in der amerikan. Umgangssprache. Die globalen Konzerne der Digital\u00f6konomie bewirtschaften Aufmerksamkeit und generieren daraus ihre Gewinne. Und sie wird in Einheiten gemessen: von den Einschaltquoten des Rundfunk zu Klickzahlen, Likes etc.<\/p>\n<p style=\"text-align: justify;\"><em>Kreativwirtschaft<\/em>\u00a0ist seit den 90er Jahren Thema, mit einigen, sich wandelnden Bezeichnungen. Als <em>Kulturwirtschaft<\/em>\u00a0mehr an den klassischen Kultursparten und ihren Zutr\u00e4gern orientiert, als <em>Creative Industries<\/em> Ausf\u00fchrer der <em>Valorisierung, <\/em>der Aufladung von G\u00fctern mit <em>Stories<\/em> und Emotionen.\u00a0<em>Kreativwirtschaft<\/em> in diesem Zusammenhang meint 11 Sparten (die klassischen + u.a. Design, Games, Software), die R\u00fcckfl\u00fcsse in andere Wirtschaftsbereiche und in die Digitalisierung.<br \/>\nEntscheidend bei der Herausbildung\u00a0zumindest weiter Teile von <em>Kreativwirtschaft<\/em>\u00a0ist <a href=\"http:\/\/www.klaus-janowitz.de\/wordpress\/aufbruch-pose-und-diskurs-ueber-pop-musik-rezension\/\" target=\"_blank\" rel=\"noopener\">Popkultur<\/a>, \u00fcber Jahrzehnte das Erlebnis- und Erfahrungsfeld, in dem Haltungen und Lebensentw\u00fcrfe ausprobiert und einge\u00fcbt wurden. In den fr\u00fchen Dekaden als jugendliche Subkultur gelebt und vom damaligen Establishment gering gesch\u00e4tzt, nahm Popkultur immer mehr Einflu\u00df auf die\u00a0<em>Consumer Culture <\/em>und wurde schlie\u00dflich von der Wirtschaftsf\u00f6rderung entdeckt. Ausgehandelt wird letztendlich v.a. <em>Coolness, <\/em>als Haltung und als Distinktionsmerkmal, es w\u00e4re ein weiterer sehr spezieller nichtmonet\u00e4rer Wert.<\/p>\n<p style=\"text-align: justify;\">Zw\u00f6lf Themen auf 162 Seiten (+ An- und Abmoderation) sind nat\u00fcrlich noch keine ersch\u00f6pfende Abhandlung.\u00a0<em>Hidden Values<\/em> lenkt den Blick auf Wertbemessungen abseits von Geld. <a href=\"http:\/\/www.klaus-janowitz.de\/wordpress\/das-digital\/\" target=\"_blank\" rel=\"noopener\">Das Digital<\/a> von <strong>Viktor Meyer- Sch\u00f6nfelder<\/strong> (+ Thomas Ramge) und die <a href=\"http:\/\/www.klaus-janowitz.de\/wordpress\/gesellschaft-der-singularitaeten-rezension\/\" target=\"_blank\" rel=\"noopener\">Gesellschaft der Singularit\u00e4ten<\/a> von <strong>Andreas Reckwitz<\/strong> waren in diesem Blog bereits Thema. Ersterer tr\u00e4gt die \u00f6konomische Vision des passgenauen Zusammenf\u00fchrens von Angebot und Nachfrage in datenreichen M\u00e4rkten, <a href=\"http:\/\/www.klaus-janowitz.de\/wordpress\/das-digital\/\">in denen\u00a0<em>der Markt endlich\u00a0<\/em>\u00a0<em>sein volles Potential entfalten kann<\/em><\/a>.<br \/>\nZumindest mir hatten Vortrag und Text von <strong>Shermin Voshmgir<\/strong>\u00a0das Thema Blockchain und Token- \u00d6konomie verst\u00e4ndlicher gemacht. Es geht um die Vision als \u00f6ffentliches Zahlungsnetzwerk ohne zentralisierte Institutionen, wie Banken, Kreditkartenunternehmen und\u00a0 (103) um Bitcoin als Betriebssystem einer neuartig verteilten Volkswirtschaft. Schlie\u00dflich der Gedanke einer Wertbestimmung durch Nutzung anstelle von Angebot bei <strong>Stefan Heidenreich<\/strong>. Digitale Wertsch\u00f6pfung wird bis jetzt noch in die Modelle in der Industrieproduktion gezwungen.<\/p>\n<p><span style=\"text-align: justify;\">Lassen sich die einzelnen Themen\u00a0 in eine netz\u00f6konomischen Perspektive richten, wie es <a href=\"https:\/\/www.linkedin.com\/pulse\/neue-narrative-f%C3%BCr-die-netz%C3%B6konomie-wir-sollten-uns-mehr-gunnar-sohn\/\" target=\"_blank\" rel=\"noopener\">Gunnar Sohn<\/a> vorschl\u00e4gt? Sicherlich die aus dem Block <em>Daten<\/em> (Mayer-Sch\u00f6nberger, Voshmgir, Heidenreich) in denen ann\u00e4hernd konkrete Vorschl\u00e4ge zur Daten\u00f6konomie genannt werden. Datenreichtum wird so oder so die M\u00e4rkte ver\u00e4ndern. Andere Wertkreisl\u00e4ufe sperren sich st\u00e4rker gegen die Einbindung, f\u00fcr das <em>Erleben<\/em> spielen sie eine umso st\u00e4rkere Rolle.\u00a0<em>Coolness<\/em> ist manchmal ein Wert, der sich selbst gen\u00fcgt, das andere mal ein Schwergewicht \u00f6konomischer Wertbestimmung.\u00a0<\/span><span style=\"font-size: small; text-align: justify;\"><br \/>\n(Text erg\u00e4nzt 14\/08\/18)<\/span><\/p>\n<p style=\"text-align: justify;\"><span style=\"font-size: small; line-height: 2px;\"><b>Hidden Values. Die W\u00e4hrungen der Zukunft<\/b>. Herausgegeben von\u00a0 Creative.NRW (April 2018), 163 S., mit Beitr\u00e4gen von: Jana Costas, Heike-Melba Fendel, Frederik Fischer, Georg Franck, Stefan Heidenreich, Rafael Horzon, Leonard Novy, Mads Pankow, Andreas Reckwitz, Viktor Mayer-Sch\u00f6nberger, Stefan Schmidt, Christian Sch\u00fcle, Joseph Vogl, Shermin Voshmgir.\u00a0<\/span><span style=\"font-size: small; line-height: 2px;\">\u00a0 Erh\u00e4ltlich \u00fcber <a href=\"https:\/\/www.creative.nrw.de\/\" target=\"_blank\" rel=\"noopener\">Creative.NRW<\/a>.\u00a0 oder als <a href=\"https:\/\/www.creative.nrw.de\/fileadmin\/files\/downloads\/Publikationen\/180423_HIDDENVALUES_148x210_DIGITAL.pdf\" target=\"_blank\" rel=\"noopener\">download.<\/a><\/span><\/p>\n<p><!-- Matomo --><br \/>\n<script type=\"text\/javascript\">\n  var _paq = _paq || [];\n  \/* tracker methods like \"setCustomDimension\" should be called before \"trackPageView\" *\/\n  _paq.push(['trackPageView']);\n  _paq.push(['enableLinkTracking']);\n  (function() {\n    var u=\"\/\/www.klaus-janowitz.de\/piwik\/\";\n    _paq.push(['setTrackerUrl', u+'piwik.php']);\n    _paq.push(['setSiteId', '1']);\n    var d=document, g=d.createElement('script'), s=d.getElementsByTagName('script')[0];\n    g.type='text\/javascript'; g.async=true; g.defer=true; g.src=u+'piwik.js'; s.parentNode.insertBefore(g,s);\n  })();\n<\/script><br \/>\n<!-- End Matomo Code --><\/p>\n","protected":false},"excerpt":{"rendered":"<p>28\/05\/18\u00a0kmjan Hidden Values &#8211; Die W\u00e4hrungen der Zukunft &#8211;\u00a0fasst die Beitr\u00e4ge einer Konferenz (Hidden Values \u2013 Mehr wert als Geld?) im Oktober 2017 in der Zeche Zollverein (Essen) zusammen. Herausgeber ist Creative.NRW,\u00a0und das Vorwort stammt vom Financier, dem Minister f\u00fcr Wirtschaft, Innovation, Digitalisierung und Energie, Andreas Pinkwart. Der Titel Hidden Values\u00a0l\u00e4sst zun\u00e4chst an Werte denken, &hellip; <\/p>\n<p class=\"link-more\"><a href=\"https:\/\/www.klaus-janowitz.de\/wordpress\/hidden-values-die-waehrungen-der-zukunft\/\" class=\"more-link\"><span class=\"screen-reader-text\">\u201eHidden Values &#8211; Die W\u00e4hrungen der Zukunft\u201c <\/span>weiterlesen<\/a><\/p>\n","protected":false},"author":1,"featured_media":0,"parent":0,"menu_order":0,"comment_status":"closed","ping_status":"closed","template":"","meta":{"jetpack_post_was_ever_published":false,"activitypub_content_warning":"","activitypub_content_visibility":"","activitypub_max_image_attachments":4,"activitypub_interaction_policy_quote":"","activitypub_status":"","footnotes":""},"class_list":["post-11006","page","type-page","status-publish","hentry"],"yoast_head":"<!-- This site is optimized with the Yoast SEO plugin v27.5 - https:\/\/yoast.com\/product\/yoast-seo-wordpress\/ -->\n<title>Hidden Values - Die W\u00e4hrungen der Zukunft - Netnographie &amp; Digitaler Wandel<\/title>\n<meta name=\"robots\" content=\"index, follow, max-snippet:-1, max-image-preview:large, max-video-preview:-1\" \/>\n<link rel=\"canonical\" href=\"https:\/\/www.klaus-janowitz.de\/wordpress\/hidden-values-die-waehrungen-der-zukunft\/\" \/>\n<meta property=\"og:locale\" content=\"de_DE\" \/>\n<meta property=\"og:type\" content=\"article\" \/>\n<meta property=\"og:title\" content=\"Hidden Values - Die W\u00e4hrungen der Zukunft - Netnographie &amp; Digitaler Wandel\" \/>\n<meta property=\"og:description\" content=\"28\/05\/18\u00a0kmjan Hidden Values &#8211; Die W\u00e4hrungen der Zukunft &#8211;\u00a0fasst die Beitr\u00e4ge einer Konferenz (Hidden Values \u2013 Mehr wert als Geld?) im Oktober 2017 in der Zeche Zollverein (Essen) zusammen. Herausgeber ist Creative.NRW,\u00a0und das Vorwort stammt vom Financier, dem Minister f\u00fcr Wirtschaft, Innovation, Digitalisierung und Energie, Andreas Pinkwart. Der Titel Hidden Values\u00a0l\u00e4sst zun\u00e4chst an Werte denken, &hellip; \u201eHidden Values &#8211; Die W\u00e4hrungen der Zukunft\u201c weiterlesen\" \/>\n<meta property=\"og:url\" content=\"https:\/\/www.klaus-janowitz.de\/wordpress\/hidden-values-die-waehrungen-der-zukunft\/\" \/>\n<meta property=\"og:site_name\" content=\"Netnographie &amp; Digitaler Wandel\" \/>\n<meta property=\"article:modified_time\" content=\"2018-08-16T12:18:41+00:00\" \/>\n<meta property=\"og:image\" content=\"http:\/\/www.klaus-janowitz.de\/wordpress\/wp-content\/uploads\/2018\/04\/Hidden-Values-207x300.jpeg\" \/>\n<meta name=\"twitter:card\" content=\"summary_large_image\" \/>\n<meta name=\"twitter:label1\" content=\"Gesch\u00e4tzte Lesezeit\" \/>\n\t<meta name=\"twitter:data1\" content=\"3\u00a0Minuten\" \/>\n<script type=\"application\/ld+json\" class=\"yoast-schema-graph\">{\"@context\":\"https:\\\/\\\/schema.org\",\"@graph\":[{\"@type\":\"WebPage\",\"@id\":\"https:\\\/\\\/www.klaus-janowitz.de\\\/wordpress\\\/hidden-values-die-waehrungen-der-zukunft\\\/\",\"url\":\"https:\\\/\\\/www.klaus-janowitz.de\\\/wordpress\\\/hidden-values-die-waehrungen-der-zukunft\\\/\",\"name\":\"Hidden Values - Die W\u00e4hrungen der Zukunft - Netnographie &amp; Digitaler Wandel\",\"isPartOf\":{\"@id\":\"https:\\\/\\\/www.klaus-janowitz.de\\\/wordpress\\\/#website\"},\"primaryImageOfPage\":{\"@id\":\"https:\\\/\\\/www.klaus-janowitz.de\\\/wordpress\\\/hidden-values-die-waehrungen-der-zukunft\\\/#primaryimage\"},\"image\":{\"@id\":\"https:\\\/\\\/www.klaus-janowitz.de\\\/wordpress\\\/hidden-values-die-waehrungen-der-zukunft\\\/#primaryimage\"},\"thumbnailUrl\":\"http:\\\/\\\/www.klaus-janowitz.de\\\/wordpress\\\/wp-content\\\/uploads\\\/2018\\\/04\\\/Hidden-Values-207x300.jpeg\",\"datePublished\":\"2018-05-29T15:42:53+00:00\",\"dateModified\":\"2018-08-16T12:18:41+00:00\",\"breadcrumb\":{\"@id\":\"https:\\\/\\\/www.klaus-janowitz.de\\\/wordpress\\\/hidden-values-die-waehrungen-der-zukunft\\\/#breadcrumb\"},\"inLanguage\":\"de\",\"potentialAction\":[{\"@type\":\"ReadAction\",\"target\":[\"https:\\\/\\\/www.klaus-janowitz.de\\\/wordpress\\\/hidden-values-die-waehrungen-der-zukunft\\\/\"]}]},{\"@type\":\"ImageObject\",\"inLanguage\":\"de\",\"@id\":\"https:\\\/\\\/www.klaus-janowitz.de\\\/wordpress\\\/hidden-values-die-waehrungen-der-zukunft\\\/#primaryimage\",\"url\":\"http:\\\/\\\/www.klaus-janowitz.de\\\/wordpress\\\/wp-content\\\/uploads\\\/2018\\\/04\\\/Hidden-Values-207x300.jpeg\",\"contentUrl\":\"http:\\\/\\\/www.klaus-janowitz.de\\\/wordpress\\\/wp-content\\\/uploads\\\/2018\\\/04\\\/Hidden-Values-207x300.jpeg\"},{\"@type\":\"BreadcrumbList\",\"@id\":\"https:\\\/\\\/www.klaus-janowitz.de\\\/wordpress\\\/hidden-values-die-waehrungen-der-zukunft\\\/#breadcrumb\",\"itemListElement\":[{\"@type\":\"ListItem\",\"position\":1,\"name\":\"Startseite\",\"item\":\"https:\\\/\\\/www.klaus-janowitz.de\\\/wordpress\\\/\"},{\"@type\":\"ListItem\",\"position\":2,\"name\":\"Hidden Values &#8211; Die W\u00e4hrungen der Zukunft\"}]},{\"@type\":\"WebSite\",\"@id\":\"https:\\\/\\\/www.klaus-janowitz.de\\\/wordpress\\\/#website\",\"url\":\"https:\\\/\\\/www.klaus-janowitz.de\\\/wordpress\\\/\",\"name\":\"Netnographie &amp; Digitaler Wandel\",\"description\":\"Blog rund um die Themen Netnographie, Online-Kultur und Digitalen Wandel\",\"potentialAction\":[{\"@type\":\"SearchAction\",\"target\":{\"@type\":\"EntryPoint\",\"urlTemplate\":\"https:\\\/\\\/www.klaus-janowitz.de\\\/wordpress\\\/?s={search_term_string}\"},\"query-input\":{\"@type\":\"PropertyValueSpecification\",\"valueRequired\":true,\"valueName\":\"search_term_string\"}}],\"inLanguage\":\"de\"}]}<\/script>\n<!-- \/ Yoast SEO plugin. -->","yoast_head_json":{"title":"Hidden Values - Die W\u00e4hrungen der Zukunft - Netnographie &amp; Digitaler Wandel","robots":{"index":"index","follow":"follow","max-snippet":"max-snippet:-1","max-image-preview":"max-image-preview:large","max-video-preview":"max-video-preview:-1"},"canonical":"https:\/\/www.klaus-janowitz.de\/wordpress\/hidden-values-die-waehrungen-der-zukunft\/","og_locale":"de_DE","og_type":"article","og_title":"Hidden Values - Die W\u00e4hrungen der Zukunft - Netnographie &amp; Digitaler Wandel","og_description":"28\/05\/18\u00a0kmjan Hidden Values &#8211; Die W\u00e4hrungen der Zukunft &#8211;\u00a0fasst die Beitr\u00e4ge einer Konferenz (Hidden Values \u2013 Mehr wert als Geld?) im Oktober 2017 in der Zeche Zollverein (Essen) zusammen. Herausgeber ist Creative.NRW,\u00a0und das Vorwort stammt vom Financier, dem Minister f\u00fcr Wirtschaft, Innovation, Digitalisierung und Energie, Andreas Pinkwart. Der Titel Hidden Values\u00a0l\u00e4sst zun\u00e4chst an Werte denken, &hellip; \u201eHidden Values &#8211; Die W\u00e4hrungen der Zukunft\u201c weiterlesen","og_url":"https:\/\/www.klaus-janowitz.de\/wordpress\/hidden-values-die-waehrungen-der-zukunft\/","og_site_name":"Netnographie &amp; Digitaler Wandel","article_modified_time":"2018-08-16T12:18:41+00:00","og_image":[{"url":"http:\/\/www.klaus-janowitz.de\/wordpress\/wp-content\/uploads\/2018\/04\/Hidden-Values-207x300.jpeg","type":"","width":"","height":""}],"twitter_card":"summary_large_image","twitter_misc":{"Gesch\u00e4tzte Lesezeit":"3\u00a0Minuten"},"schema":{"@context":"https:\/\/schema.org","@graph":[{"@type":"WebPage","@id":"https:\/\/www.klaus-janowitz.de\/wordpress\/hidden-values-die-waehrungen-der-zukunft\/","url":"https:\/\/www.klaus-janowitz.de\/wordpress\/hidden-values-die-waehrungen-der-zukunft\/","name":"Hidden Values - Die W\u00e4hrungen der Zukunft - Netnographie &amp; Digitaler Wandel","isPartOf":{"@id":"https:\/\/www.klaus-janowitz.de\/wordpress\/#website"},"primaryImageOfPage":{"@id":"https:\/\/www.klaus-janowitz.de\/wordpress\/hidden-values-die-waehrungen-der-zukunft\/#primaryimage"},"image":{"@id":"https:\/\/www.klaus-janowitz.de\/wordpress\/hidden-values-die-waehrungen-der-zukunft\/#primaryimage"},"thumbnailUrl":"http:\/\/www.klaus-janowitz.de\/wordpress\/wp-content\/uploads\/2018\/04\/Hidden-Values-207x300.jpeg","datePublished":"2018-05-29T15:42:53+00:00","dateModified":"2018-08-16T12:18:41+00:00","breadcrumb":{"@id":"https:\/\/www.klaus-janowitz.de\/wordpress\/hidden-values-die-waehrungen-der-zukunft\/#breadcrumb"},"inLanguage":"de","potentialAction":[{"@type":"ReadAction","target":["https:\/\/www.klaus-janowitz.de\/wordpress\/hidden-values-die-waehrungen-der-zukunft\/"]}]},{"@type":"ImageObject","inLanguage":"de","@id":"https:\/\/www.klaus-janowitz.de\/wordpress\/hidden-values-die-waehrungen-der-zukunft\/#primaryimage","url":"http:\/\/www.klaus-janowitz.de\/wordpress\/wp-content\/uploads\/2018\/04\/Hidden-Values-207x300.jpeg","contentUrl":"http:\/\/www.klaus-janowitz.de\/wordpress\/wp-content\/uploads\/2018\/04\/Hidden-Values-207x300.jpeg"},{"@type":"BreadcrumbList","@id":"https:\/\/www.klaus-janowitz.de\/wordpress\/hidden-values-die-waehrungen-der-zukunft\/#breadcrumb","itemListElement":[{"@type":"ListItem","position":1,"name":"Startseite","item":"https:\/\/www.klaus-janowitz.de\/wordpress\/"},{"@type":"ListItem","position":2,"name":"Hidden Values &#8211; Die W\u00e4hrungen der Zukunft"}]},{"@type":"WebSite","@id":"https:\/\/www.klaus-janowitz.de\/wordpress\/#website","url":"https:\/\/www.klaus-janowitz.de\/wordpress\/","name":"Netnographie &amp; Digitaler Wandel","description":"Blog rund um die Themen Netnographie, Online-Kultur und Digitalen Wandel","potentialAction":[{"@type":"SearchAction","target":{"@type":"EntryPoint","urlTemplate":"https:\/\/www.klaus-janowitz.de\/wordpress\/?s={search_term_string}"},"query-input":{"@type":"PropertyValueSpecification","valueRequired":true,"valueName":"search_term_string"}}],"inLanguage":"de"}]}},"jetpack_sharing_enabled":true,"jetpack_shortlink":"https:\/\/wp.me\/P15Wn2-2Rw","jetpack_likes_enabled":true,"jetpack-related-posts":[{"id":10810,"url":"https:\/\/www.klaus-janowitz.de\/wordpress\/das-digital\/","url_meta":{"origin":11006,"position":0},"title":"Das Digital &#8211; Markt, Wertsch\u00f6pfung und Gerechtigkeit im Datenkapitalismus (Rez.)","author":"KlausMJan","date":"26. April 2018","format":false,"excerpt":"25\/04\/18\u00a0kmjan\u00a0 Zwei B\u00fccher innerhalb eines halben Jahres, das\u00a0ist flott. Im Oktober 2017\u00a0erschien Das Digital\u00a0von\u00a0Viktor Mayer- Sch\u00f6nberger\u00a0und Thomas Ramge, Mitte M\u00e4rz 2018\u00a0folgte Mensch und Maschine - letzteres im\u00a0\u00a0Reclam Format\u00a0(9,5 x 14,8 cm, <100 S.) -jackentaschenf\u00e4hig. Der grammatisch innovative Titel Das Digital kn\u00fcpft an Karl Marx\u00a0Das Kapital.\u00a0So wie bei Marx im Zeitalter\u2026","rel":"","context":"\u00c4hnlicher Beitrag","block_context":{"text":"\u00c4hnlicher Beitrag","link":""},"img":{"alt_text":"","src":"https:\/\/i0.wp.com\/www.klaus-janowitz.de\/wordpress\/wp-content\/uploads\/2018\/03\/Das_Digital-199x300.jpg?resize=350%2C200","width":350,"height":200},"classes":[]},{"id":7755,"url":"https:\/\/www.klaus-janowitz.de\/wordpress\/innovation-und-transformation-rez\/","url_meta":{"origin":11006,"position":1},"title":"Innovation und Transformation (Rez.)","author":"KlausMJan","date":"17. M\u00e4rz 2016","format":false,"excerpt":"17\/03\/16 kmjan Zwei B\u00fccher in denen es um Innovationsf\u00e4higkeit, um die \"Zukunft Deutschlands als Wirtschaftsnation\" (Cole S. 197)\u00a0geht. Es gibt ein oft idealisiertes Bild der deutschen Wirtschaft. Dazu z\u00e4hlen die hidden champions\u00a0aus\u00a0der ostwestf\u00e4lischen oder schw\u00e4bischen Provinz, die mit hochspezialisierten Produkten und herausragender Innovationskraft im Weltmarkt vorne stehen. Und es gibt\u2026","rel":"","context":"\u00c4hnlicher Beitrag","block_context":{"text":"\u00c4hnlicher Beitrag","link":""},"img":{"alt_text":"Innovationsstau","src":"https:\/\/i0.wp.com\/www.klaus-janowitz.de\/wordpress\/wp-content\/uploads\/2016\/02\/Innovationsstau-189x300.jpg?resize=350%2C200","width":350,"height":200},"classes":[]},{"id":10828,"url":"https:\/\/www.klaus-janowitz.de\/wordpress\/d2030-deutschland-neu-denken-acht-szenarios-fuer-unsere-zukunft-rez\/","url_meta":{"origin":11006,"position":2},"title":"D2030 &#8211; Deutschland neu denken &#8211; Acht Szenarios f\u00fcr unsere Zukunft &#8211; (Rez.)","author":"KlausMJan","date":"22. M\u00e4rz 2018","format":false,"excerpt":"25\/03\/18\u00a0kmjan Zukunft ist nicht vorhersehbar, aber doch lenk- und gestaltbar.\u00a0Im Sommer 2017 wurden auf der\u00a0Zukunftskonferenz in Berlin Ergebnisse aus dem Projekt\u00a0 D 2030\u00a0einer \u00d6ffentlichkeit vorgestellt.\u00a0Es ging nicht um einzelne (Mega-) Trends oder lineare Prognosen, nicht um best- und worst- cases, sondern um eine Landkarte der M\u00f6glichkeiten, um Szenarien f\u00fcr den\u2026","rel":"","context":"\u00c4hnlicher Beitrag","block_context":{"text":"\u00c4hnlicher Beitrag","link":""},"img":{"alt_text":"","src":"https:\/\/i0.wp.com\/www.klaus-janowitz.de\/wordpress\/wp-content\/uploads\/2018\/03\/D-2030-190x300.jpg?resize=350%2C200","width":350,"height":200},"classes":[]},{"id":10090,"url":"https:\/\/www.klaus-janowitz.de\/wordpress\/zukunft-2030\/","url_meta":{"origin":11006,"position":3},"title":"Zukunft 2030 &#8211; Szenarios der Transformation","author":"KlausMJan","date":"5. Juli 2017","format":false,"excerpt":"4\/07\/17\u00a0kmjan Wenn es um Digitalen Wandel bzw.\u00a0Digitale Transformation\u00a0geht es immer auch um Aussagen zur Zukunft. Wohin treibt der Wandel? Wie transformieren sich Systeme?\u00a0Digitale Innovationen haben in den vergangenen Jahrzehnten eine Branche nach der anderen umgekrempelt, \u00a0die \u00f6ffentliche Kommunikation neu definiert, weiterhin treibt Digitalisierung Ver\u00e4nderungen in Wirtschaft und Gesellschaft an. Immer\u2026","rel":"","context":"\u00c4hnlicher Beitrag","block_context":{"text":"\u00c4hnlicher Beitrag","link":""},"img":{"alt_text":"","src":"https:\/\/i0.wp.com\/www.klaus-janowitz.de\/wordpress\/wp-content\/uploads\/2017\/07\/Zukunftslandkarte-277x300.jpg?resize=350%2C200&ssl=1","width":350,"height":200},"classes":[]},{"id":2299,"url":"https:\/\/www.klaus-janowitz.de\/wordpress\/zur-zukunft-von-social-media\/","url_meta":{"origin":11006,"position":4},"title":"Zur Zukunft von Social Media","author":"KlausMJan","date":"11. Juni 2012","format":false,"excerpt":"27\/06\/12 kmjan Nichts hat die Online-Kommunikation so nachhaltig ver\u00e4ndert wie die zahlreichen Social Media-Angebote und -Instrumente, die in den vergangenen Jahren gro\u00dfe\u00a0Nutzerkreise erreicht haben und Individual- wie Unternehmenskommunikation nachhaltig ver\u00e4ndert haben.* Hinzuf\u00fcgen will ich die Durchsetzung des mobilen Internet: Die mobile\u00a0Revolution hat bereits stattgefunden.\u00a0Tim Krischak\u00a0und Kai Heddergott,\u00a0Kommunikationsberater aus Essen und\u2026","rel":"","context":"\u00c4hnlicher Beitrag","block_context":{"text":"\u00c4hnlicher Beitrag","link":""},"img":{"alt_text":"","src":"https:\/\/i0.wp.com\/www.klaus-janowitz.de\/wordpress\/wp-content\/uploads\/2012\/06\/Zukunft1-300x300.jpg?resize=350%2C200","width":350,"height":200},"classes":[]},{"id":12543,"url":"https:\/\/www.klaus-janowitz.de\/wordpress\/innovation-und-gesellschaft\/","url_meta":{"origin":11006,"position":5},"title":"Innovation und Gesellschaft","author":"KlausMJan","date":"27. M\u00e4rz 2019","format":false,"excerpt":"25\/03\/19 kmjan Innovation bzw.\u00a0innovativ z\u00e4hlt zu den Begriffen, die derart\u00a0 inflation\u00e4r gebraucht werden, dass man sie oft gleich in die Buzzword Ecke legen will. Dennoch bleibt der Begriff zentral und es haftet ihm ein Zukunftsversprechen an. Imaginationen der technologischen Zukunft nennt der Autor Jens Beckert sein\u00a0Kapitel zu Innovation. Innovationsraten haben\u2026","rel":"","context":"\u00c4hnlicher Beitrag","block_context":{"text":"\u00c4hnlicher Beitrag","link":""},"img":{"alt_text":"","src":"https:\/\/i0.wp.com\/www.klaus-janowitz.de\/wordpress\/wp-content\/uploads\/2019\/02\/Hirnblitz-300x200.jpg?resize=350%2C200&ssl=1","width":350,"height":200},"classes":[]}],"_links":{"self":[{"href":"https:\/\/www.klaus-janowitz.de\/wordpress\/wp-json\/wp\/v2\/pages\/11006","targetHints":{"allow":["GET"]}}],"collection":[{"href":"https:\/\/www.klaus-janowitz.de\/wordpress\/wp-json\/wp\/v2\/pages"}],"about":[{"href":"https:\/\/www.klaus-janowitz.de\/wordpress\/wp-json\/wp\/v2\/types\/page"}],"author":[{"embeddable":true,"href":"https:\/\/www.klaus-janowitz.de\/wordpress\/wp-json\/wp\/v2\/users\/1"}],"replies":[{"embeddable":true,"href":"https:\/\/www.klaus-janowitz.de\/wordpress\/wp-json\/wp\/v2\/comments?post=11006"}],"version-history":[{"count":64,"href":"https:\/\/www.klaus-janowitz.de\/wordpress\/wp-json\/wp\/v2\/pages\/11006\/revisions"}],"predecessor-version":[{"id":11459,"href":"https:\/\/www.klaus-janowitz.de\/wordpress\/wp-json\/wp\/v2\/pages\/11006\/revisions\/11459"}],"wp:attachment":[{"href":"https:\/\/www.klaus-janowitz.de\/wordpress\/wp-json\/wp\/v2\/media?parent=11006"}],"curies":[{"name":"wp","href":"https:\/\/api.w.org\/{rel}","templated":true}]}}