{"id":10367,"date":"2017-10-31T23:29:16","date_gmt":"2017-10-31T22:29:16","guid":{"rendered":"http:\/\/www.klaus-janowitz.de\/wordpress\/?page_id=10367"},"modified":"2017-11-02T16:44:30","modified_gmt":"2017-11-02T15:44:30","slug":"faire-mode","status":"publish","type":"page","link":"https:\/\/www.klaus-janowitz.de\/wordpress\/faire-mode\/","title":{"rendered":"Faire Mode"},"content":{"rendered":"<p>30\/10\/17\u00a0<a href=\"http:\/\/www.klaus-janowitz.de\/\">kmjan<\/a><\/p>\n<figure id=\"attachment_10411\" aria-describedby=\"caption-attachment-10411\" style=\"width: 225px\" class=\"wp-caption alignright\"><a href=\"https:\/\/i0.wp.com\/www.klaus-janowitz.de\/wordpress\/wp-content\/uploads\/2017\/10\/IMG_8786.jpg\"><img data-recalc-dims=\"1\" fetchpriority=\"high\" decoding=\"async\" class=\"wp-image-10411 size-medium\" src=\"https:\/\/i0.wp.com\/www.klaus-janowitz.de\/wordpress\/wp-content\/uploads\/2017\/10\/IMG_8786-225x300.jpg?resize=225%2C300\" alt=\"\" width=\"225\" height=\"300\" srcset=\"https:\/\/i0.wp.com\/www.klaus-janowitz.de\/wordpress\/wp-content\/uploads\/2017\/10\/IMG_8786.jpg?resize=225%2C300&amp;ssl=1 225w, https:\/\/i0.wp.com\/www.klaus-janowitz.de\/wordpress\/wp-content\/uploads\/2017\/10\/IMG_8786.jpg?resize=768%2C1024&amp;ssl=1 768w, https:\/\/i0.wp.com\/www.klaus-janowitz.de\/wordpress\/wp-content\/uploads\/2017\/10\/IMG_8786.jpg?resize=1200%2C1600&amp;ssl=1 1200w, https:\/\/i0.wp.com\/www.klaus-janowitz.de\/wordpress\/wp-content\/uploads\/2017\/10\/IMG_8786.jpg?w=1050&amp;ssl=1 1050w, https:\/\/i0.wp.com\/www.klaus-janowitz.de\/wordpress\/wp-content\/uploads\/2017\/10\/IMG_8786.jpg?w=1575&amp;ssl=1 1575w\" sizes=\"(max-width: 225px) 100vw, 225px\" \/><\/a><figcaption id=\"caption-attachment-10411\" class=\"wp-caption-text\">Faire Mode im Laden: <a href=\"https:\/\/fairfitters.de\/\" target=\"_blank\" rel=\"noopener\">Fairfitters<\/a><\/figcaption><\/figure>\n<p style=\"text-align: justify;\"><em>&#8220;\u00d6ko ist teuer! Fairtrade nur in Eine Welt L\u00e4den zu finden! Organic klingt nach heiler Welt &#8230;. An einem Tag im Sommer zeigten wir, dass \u00f6ko, fair und organic auch richtig gut aussehen ka<\/em><em>nn.<\/em>&#8221; Ein Zitat aus Social Media, eingefangen im Fr\u00fchjahr 2011 bei einer Studie zu <em><a href=\"http:\/\/www.klaus-janowitz.de\/wordpress\/fairtrade-in-social-media\/\" target=\"_blank\" rel=\"noopener\">Fairtrade<\/a>.<\/em>\u00a0<em>Faire Mode<\/em> stand lange in dem Ruf, teuer und wenig modisch zu sein: bedruckte T-Shirts, Wollm\u00fctzen, Pullis, m\u00f6glichst wenig bearbeitete Naturfasern, ein Solidarit\u00e4tsstil, mehr <em>politisch korrekt<\/em> als kleidsam. Das war.<br \/>\nSeit einigen Jahren hat sich eine Szene von Labels herausgebildet, die <em>Nachhaltigkeit<\/em> und urbanen Stil miteinander verbindet, mittlerweile auch in ziemlich unterschiedlichen Stilrichtungen.<\/p>\n<p style=\"text-align: justify;\">Gibt es bei Lebensmitteln ein Ideal lokaler Produktion und Vermarktung, bis hin zur Direktvermarktung <em>Erzeuger zum Kunden<\/em>, ist die\u00a0Produktions- und Vermarktungskette in der Textilwirtschaft l\u00e4nger: landwirtschaftlicher Anbau bzw. Erzeugung der Rohstoffe, die Verarbeitungsschritte bis zur Herstellung der Stoffe, dann erst das, was aus Textil <em>Kleidung<\/em> macht: Entwurf von Kollektionen und die eigentliche Produktion &#8211; zumeist in sog. Niedriglohnl\u00e4ndern. Die gr\u00f6sste Wertsch\u00f6pfung entsteht aber erst in der letzten Stufe &#8211; wenn aus Kleidung <em>Mode<\/em> bzw. <em>Stil<\/em> wird.<br \/>\nZertifikate dienen der Einhaltung sozialer und o\u0308kologischer Standards in der gesamten Lieferkette. Es gibt eine ganze Reihe von Zertifizierungen, manche beziehen sich auf jeweils ein Kriterium (<em>fairtrade<\/em> bzw. <em>bio<\/em>). Die weiteste Verbreitung hat der\u00a0<strong>G<\/strong>lobal <strong>O<\/strong>rganic <strong>T<\/strong>extile <strong>S<\/strong>tandard (<a href=\"http:\/\/www.global-standard.org\/de\/\" target=\"_blank\" rel=\"noopener\">GOTS<\/a>), der beide Kriterien miteinander verbindet. Siegel\/Zertifikate garantieren dem Kunden die Einhaltung von Standards in der gesamten Produktionskette.<\/p>\n<figure id=\"attachment_10464\" aria-describedby=\"caption-attachment-10464\" style=\"width: 250px\" class=\"wp-caption alignleft\"><a href=\"https:\/\/i0.wp.com\/www.klaus-janowitz.de\/wordpress\/wp-content\/uploads\/2017\/10\/Baumwolle.jpg\"><img data-recalc-dims=\"1\" decoding=\"async\" class=\"wp-image-10464\" src=\"https:\/\/i0.wp.com\/www.klaus-janowitz.de\/wordpress\/wp-content\/uploads\/2017\/10\/Baumwolle-300x300.jpg?resize=250%2C250\" alt=\"\" width=\"250\" height=\"250\" srcset=\"https:\/\/i0.wp.com\/www.klaus-janowitz.de\/wordpress\/wp-content\/uploads\/2017\/10\/Baumwolle.jpg?resize=300%2C300&amp;ssl=1 300w, https:\/\/i0.wp.com\/www.klaus-janowitz.de\/wordpress\/wp-content\/uploads\/2017\/10\/Baumwolle.jpg?resize=150%2C150&amp;ssl=1 150w, https:\/\/i0.wp.com\/www.klaus-janowitz.de\/wordpress\/wp-content\/uploads\/2017\/10\/Baumwolle.jpg?resize=768%2C768&amp;ssl=1 768w, https:\/\/i0.wp.com\/www.klaus-janowitz.de\/wordpress\/wp-content\/uploads\/2017\/10\/Baumwolle.jpg?w=800&amp;ssl=1 800w\" sizes=\"(max-width: 250px) 100vw, 250px\" \/><\/a><figcaption id=\"caption-attachment-10464\" class=\"wp-caption-text\">Baumwolle ist der wichtigste Rohstoff; Bild: *sternchen* \/ photocase.de<\/figcaption><\/figure>\n<p style=\"text-align: justify;\"><strong><em>Baumwolle<\/em><\/strong> ist der bedeutendste Textilrohstoff. Bei keinem anderen landwirtschaftlichen Produkt ist der Pestizideinsatz h\u00f6her, Gentechnik so verbreitet. Bio-Baumwolle macht nur einen sehr geringen Teil, ca. 2% der gesamten Produktion aus, die Nachfrage ist gr\u00f6\u00dfer als das Angebot. Hauptlieferant ist Indien, dazu einige afrikanische und zentralasiatische L\u00e4nder.<br \/>\nAuch Konzerne wie H&amp;M und C&amp;A bieten mittlerweile Produktlinien aus Bio-Baumwolle.\u00a0 Mit den Preisen solcher Gro\u00dfanbieter k\u00f6nnen nachhaltige Labels nicht mithalten, aber durchaus mit denen der Marken, die ein etwa \u00e4hnliches Klientel bedienen. V.a. faire Mode f\u00fcr M\u00e4nner orientiert sich an <em>Streetstyle<\/em>, Clubwear.<\/p>\n<p style=\"text-align: justify;\"><strong><em>Vegane Mode<\/em><\/strong> ist ein eigenes Feld, das sich wohl oft mit fairer Mode \u00fcberschneidet, so etwa das Label <a href=\"https:\/\/www.bleed-clothing.com\/deutsch\/\" target=\"_blank\" rel=\"noopener\"><em>bleed clothing<\/em><\/a>. Veganer lehnen nicht nur Pelz und Leder, sondern auch <em><strong>Wolle<\/strong><\/em>\u00a0als Nutzung tierischer Produkte ab. Ein oft vorgebrachtes Argument gegen die Nutzung ist das\u00a0<em><a href=\"https:\/\/de.wikipedia.org\/wiki\/Mulesing\" target=\"_blank\" rel=\"noopener\">Mulesing<\/a>, <\/em>was aber nicht gegen das Material <em>Wolle<\/em> an sich spricht, sondern eine Praxis, die bei <em>fairer Mode<\/em> ausgeschlossen ist.\u00a0 Vegane Nachfrage treibt die Entwicklung innovativer Materialien an: aus Bambus, Kork, Recyclingmaterialien oder z. B.\u00a0<em>Pi\u00f1atex, <\/em>ein aus Ananasbl\u00e4ttern hergestelltes Material mit \u00e4hnlichen Eigenschaften wie Leder.<\/p>\n<figure id=\"attachment_10466\" aria-describedby=\"caption-attachment-10466\" style=\"width: 225px\" class=\"wp-caption alignright\"><a href=\"https:\/\/i0.wp.com\/www.klaus-janowitz.de\/wordpress\/wp-content\/uploads\/2017\/10\/IMG_8785.jpg\"><img data-recalc-dims=\"1\" decoding=\"async\" class=\"size-medium wp-image-10466\" src=\"https:\/\/i0.wp.com\/www.klaus-janowitz.de\/wordpress\/wp-content\/uploads\/2017\/10\/IMG_8785-225x300.jpg?resize=225%2C300\" alt=\"\" width=\"225\" height=\"300\" srcset=\"https:\/\/i0.wp.com\/www.klaus-janowitz.de\/wordpress\/wp-content\/uploads\/2017\/10\/IMG_8785.jpg?resize=225%2C300&amp;ssl=1 225w, https:\/\/i0.wp.com\/www.klaus-janowitz.de\/wordpress\/wp-content\/uploads\/2017\/10\/IMG_8785.jpg?resize=768%2C1024&amp;ssl=1 768w, https:\/\/i0.wp.com\/www.klaus-janowitz.de\/wordpress\/wp-content\/uploads\/2017\/10\/IMG_8785.jpg?resize=1200%2C1600&amp;ssl=1 1200w, https:\/\/i0.wp.com\/www.klaus-janowitz.de\/wordpress\/wp-content\/uploads\/2017\/10\/IMG_8785.jpg?w=1050&amp;ssl=1 1050w, https:\/\/i0.wp.com\/www.klaus-janowitz.de\/wordpress\/wp-content\/uploads\/2017\/10\/IMG_8785.jpg?w=1575&amp;ssl=1 1575w\" sizes=\"(max-width: 225px) 100vw, 225px\" \/><\/a><figcaption id=\"caption-attachment-10466\" class=\"wp-caption-text\">vorwiegend Streetstyle<\/figcaption><\/figure>\n<p style=\"text-align: justify;\"><em><strong>Faire Mode\/Ecofashion<\/strong><\/em> rettet nicht gleich die Welt &#8211; aber sie verbessert die Lebensqualit\u00e4t von Menschen, ganz konkret von Kleinbauern und Textilarbeiterinnen. Die Katastrophe in Bangla Desh (2013) mit \u00fcber 1000 Toten brachte Zust\u00e4nde in der Textilproduktion in das allgemeine Bewu\u00dftsein. Kosten f\u00fcr Produktion (niedrig) und Marketing (hoch) klaffen in der Modeindustrie oft weit auseinander. Man bedenke etwa,\u00a0welche Summen Marken in Imagekampagnen\u00a0 investieren. Faire Mode sieht sich hier als ein Gegenmodell des bewu\u00dften Konsums: \u201e<em>Buy good, buy less<\/em>\u201c.<br \/>\nMode ist ein kulturelles Produkt. Qualit\u00e4t von Material und Verarbeitung sind wichtig, Mode lebt aber von der Inszenierung, von den mit ihr verbundenen Geschichten &#8211; einer <em>narrativen Aufladung &#8211; <\/em>Herkunft und Verarbeitung sind ein Teil davon, popkulturelle Bez\u00fcge ein anderer.<em>\u00a0<\/em>\u00a0Generell ist Mode eines der gro\u00dfen Themen in Social Media, naheliegend bes. in den visuellen Formaten &#8211; Blogger\/innen sind in den Werbeablauf einbezogen. <em>Ecofashion<\/em>\u00a0ist daneben ein eigenst\u00e4ndiges Feld mit einer spannenden\u00a0Gr\u00fcnderszene, Plattformen und Blogs und der umfangreichen Kommunikation\u00a0 einer engagierten Kundschaft &#8211; sehr geeignetes Feld einer <em><strong>Netnographie<\/strong><\/em>.<\/p>\n<p><span style=\"font-size: small; line-height: 2px;\"> dem Text liegt u.a. ein Gespr\u00e4ch mit Philipp, Inhaber von <a href=\"https:\/\/fairfitters.de\/\" target=\"_blank\" rel=\"noopener\">Fairfitters<\/a>\u00a0im K\u00f6lner Belgischen Viertel zu Grunde.<\/span><\/p>\n<p><script type=\"text\/javascript\">\n  var _paq = _paq || [];\n  \/* tracker methods like \"setCustomDimension\" should be called before \"trackPageView\" *\/\n  _paq.push(['trackPageView']);\n  _paq.push(['enableLinkTracking']);\n  (function() {\n    var u=\"\/\/www.klaus-janowitz.de\/piwik\/\";\n    _paq.push(['setTrackerUrl', u+'piwik.php']);\n    _paq.push(['setSiteId', '1']);\n    var d=document, g=d.createElement('script'), s=d.getElementsByTagName('script')[0];\n    g.type='text\/javascript'; g.async=true; g.defer=true; g.src=u+'piwik.js'; s.parentNode.insertBefore(g,s);\n  })();\n<\/script><br \/>\n<!-- End Piwik Code --><\/p>\n","protected":false},"excerpt":{"rendered":"<p>30\/10\/17\u00a0kmjan &#8220;\u00d6ko ist teuer! Fairtrade nur in Eine Welt L\u00e4den zu finden! Organic klingt nach heiler Welt &#8230;. An einem Tag im Sommer zeigten wir, dass \u00f6ko, fair und organic auch richtig gut aussehen kann.&#8221; Ein Zitat aus Social Media, eingefangen im Fr\u00fchjahr 2011 bei einer Studie zu Fairtrade.\u00a0Faire Mode stand lange in dem Ruf, &hellip; <\/p>\n<p class=\"link-more\"><a href=\"https:\/\/www.klaus-janowitz.de\/wordpress\/faire-mode\/\" class=\"more-link\"><span class=\"screen-reader-text\">\u201eFaire Mode\u201c <\/span>weiterlesen<\/a><\/p>\n","protected":false},"author":1,"featured_media":0,"parent":0,"menu_order":0,"comment_status":"closed","ping_status":"closed","template":"","meta":{"jetpack_post_was_ever_published":false,"activitypub_content_warning":"","activitypub_content_visibility":"","activitypub_max_image_attachments":4,"activitypub_interaction_policy_quote":"","activitypub_status":"","footnotes":""},"class_list":["post-10367","page","type-page","status-publish","hentry"],"yoast_head":"<!-- This site is optimized with the Yoast SEO plugin v27.5 - https:\/\/yoast.com\/product\/yoast-seo-wordpress\/ -->\n<title>Faire Mode - Netnographie &amp; Digitaler Wandel<\/title>\n<meta name=\"robots\" content=\"index, follow, max-snippet:-1, max-image-preview:large, max-video-preview:-1\" \/>\n<link rel=\"canonical\" href=\"https:\/\/www.klaus-janowitz.de\/wordpress\/faire-mode\/\" \/>\n<meta property=\"og:locale\" content=\"de_DE\" \/>\n<meta property=\"og:type\" content=\"article\" \/>\n<meta property=\"og:title\" content=\"Faire Mode - Netnographie &amp; Digitaler Wandel\" \/>\n<meta property=\"og:description\" content=\"30\/10\/17\u00a0kmjan &#8220;\u00d6ko ist teuer! Fairtrade nur in Eine Welt L\u00e4den zu finden! Organic klingt nach heiler Welt &#8230;. An einem Tag im Sommer zeigten wir, dass \u00f6ko, fair und organic auch richtig gut aussehen kann.&#8221; Ein Zitat aus Social Media, eingefangen im Fr\u00fchjahr 2011 bei einer Studie zu Fairtrade.\u00a0Faire Mode stand lange in dem Ruf, &hellip; \u201eFaire Mode\u201c weiterlesen\" \/>\n<meta property=\"og:url\" content=\"https:\/\/www.klaus-janowitz.de\/wordpress\/faire-mode\/\" \/>\n<meta property=\"og:site_name\" content=\"Netnographie &amp; Digitaler Wandel\" \/>\n<meta property=\"article:modified_time\" content=\"2017-11-02T15:44:30+00:00\" \/>\n<meta property=\"og:image\" content=\"http:\/\/www.klaus-janowitz.de\/wordpress\/wp-content\/uploads\/2017\/10\/IMG_8786-225x300.jpg\" \/>\n<meta name=\"twitter:card\" content=\"summary_large_image\" \/>\n<meta name=\"twitter:label1\" content=\"Gesch\u00e4tzte Lesezeit\" \/>\n\t<meta name=\"twitter:data1\" content=\"3\u00a0Minuten\" \/>\n<script type=\"application\/ld+json\" class=\"yoast-schema-graph\">{\"@context\":\"https:\\\/\\\/schema.org\",\"@graph\":[{\"@type\":\"WebPage\",\"@id\":\"https:\\\/\\\/www.klaus-janowitz.de\\\/wordpress\\\/faire-mode\\\/\",\"url\":\"https:\\\/\\\/www.klaus-janowitz.de\\\/wordpress\\\/faire-mode\\\/\",\"name\":\"Faire Mode - Netnographie &amp; Digitaler Wandel\",\"isPartOf\":{\"@id\":\"https:\\\/\\\/www.klaus-janowitz.de\\\/wordpress\\\/#website\"},\"primaryImageOfPage\":{\"@id\":\"https:\\\/\\\/www.klaus-janowitz.de\\\/wordpress\\\/faire-mode\\\/#primaryimage\"},\"image\":{\"@id\":\"https:\\\/\\\/www.klaus-janowitz.de\\\/wordpress\\\/faire-mode\\\/#primaryimage\"},\"thumbnailUrl\":\"http:\\\/\\\/www.klaus-janowitz.de\\\/wordpress\\\/wp-content\\\/uploads\\\/2017\\\/10\\\/IMG_8786-225x300.jpg\",\"datePublished\":\"2017-10-31T22:29:16+00:00\",\"dateModified\":\"2017-11-02T15:44:30+00:00\",\"breadcrumb\":{\"@id\":\"https:\\\/\\\/www.klaus-janowitz.de\\\/wordpress\\\/faire-mode\\\/#breadcrumb\"},\"inLanguage\":\"de\",\"potentialAction\":[{\"@type\":\"ReadAction\",\"target\":[\"https:\\\/\\\/www.klaus-janowitz.de\\\/wordpress\\\/faire-mode\\\/\"]}]},{\"@type\":\"ImageObject\",\"inLanguage\":\"de\",\"@id\":\"https:\\\/\\\/www.klaus-janowitz.de\\\/wordpress\\\/faire-mode\\\/#primaryimage\",\"url\":\"http:\\\/\\\/www.klaus-janowitz.de\\\/wordpress\\\/wp-content\\\/uploads\\\/2017\\\/10\\\/IMG_8786-225x300.jpg\",\"contentUrl\":\"http:\\\/\\\/www.klaus-janowitz.de\\\/wordpress\\\/wp-content\\\/uploads\\\/2017\\\/10\\\/IMG_8786-225x300.jpg\"},{\"@type\":\"BreadcrumbList\",\"@id\":\"https:\\\/\\\/www.klaus-janowitz.de\\\/wordpress\\\/faire-mode\\\/#breadcrumb\",\"itemListElement\":[{\"@type\":\"ListItem\",\"position\":1,\"name\":\"Startseite\",\"item\":\"https:\\\/\\\/www.klaus-janowitz.de\\\/wordpress\\\/\"},{\"@type\":\"ListItem\",\"position\":2,\"name\":\"Faire Mode\"}]},{\"@type\":\"WebSite\",\"@id\":\"https:\\\/\\\/www.klaus-janowitz.de\\\/wordpress\\\/#website\",\"url\":\"https:\\\/\\\/www.klaus-janowitz.de\\\/wordpress\\\/\",\"name\":\"Netnographie &amp; Digitaler Wandel\",\"description\":\"Blog rund um die Themen Netnographie, Online-Kultur und Digitalen Wandel\",\"potentialAction\":[{\"@type\":\"SearchAction\",\"target\":{\"@type\":\"EntryPoint\",\"urlTemplate\":\"https:\\\/\\\/www.klaus-janowitz.de\\\/wordpress\\\/?s={search_term_string}\"},\"query-input\":{\"@type\":\"PropertyValueSpecification\",\"valueRequired\":true,\"valueName\":\"search_term_string\"}}],\"inLanguage\":\"de\"}]}<\/script>\n<!-- \/ Yoast SEO plugin. -->","yoast_head_json":{"title":"Faire Mode - Netnographie &amp; Digitaler Wandel","robots":{"index":"index","follow":"follow","max-snippet":"max-snippet:-1","max-image-preview":"max-image-preview:large","max-video-preview":"max-video-preview:-1"},"canonical":"https:\/\/www.klaus-janowitz.de\/wordpress\/faire-mode\/","og_locale":"de_DE","og_type":"article","og_title":"Faire Mode - Netnographie &amp; Digitaler Wandel","og_description":"30\/10\/17\u00a0kmjan &#8220;\u00d6ko ist teuer! Fairtrade nur in Eine Welt L\u00e4den zu finden! Organic klingt nach heiler Welt &#8230;. An einem Tag im Sommer zeigten wir, dass \u00f6ko, fair und organic auch richtig gut aussehen kann.&#8221; Ein Zitat aus Social Media, eingefangen im Fr\u00fchjahr 2011 bei einer Studie zu Fairtrade.\u00a0Faire Mode stand lange in dem Ruf, &hellip; \u201eFaire Mode\u201c weiterlesen","og_url":"https:\/\/www.klaus-janowitz.de\/wordpress\/faire-mode\/","og_site_name":"Netnographie &amp; Digitaler Wandel","article_modified_time":"2017-11-02T15:44:30+00:00","og_image":[{"url":"http:\/\/www.klaus-janowitz.de\/wordpress\/wp-content\/uploads\/2017\/10\/IMG_8786-225x300.jpg","type":"","width":"","height":""}],"twitter_card":"summary_large_image","twitter_misc":{"Gesch\u00e4tzte Lesezeit":"3\u00a0Minuten"},"schema":{"@context":"https:\/\/schema.org","@graph":[{"@type":"WebPage","@id":"https:\/\/www.klaus-janowitz.de\/wordpress\/faire-mode\/","url":"https:\/\/www.klaus-janowitz.de\/wordpress\/faire-mode\/","name":"Faire Mode - Netnographie &amp; Digitaler Wandel","isPartOf":{"@id":"https:\/\/www.klaus-janowitz.de\/wordpress\/#website"},"primaryImageOfPage":{"@id":"https:\/\/www.klaus-janowitz.de\/wordpress\/faire-mode\/#primaryimage"},"image":{"@id":"https:\/\/www.klaus-janowitz.de\/wordpress\/faire-mode\/#primaryimage"},"thumbnailUrl":"http:\/\/www.klaus-janowitz.de\/wordpress\/wp-content\/uploads\/2017\/10\/IMG_8786-225x300.jpg","datePublished":"2017-10-31T22:29:16+00:00","dateModified":"2017-11-02T15:44:30+00:00","breadcrumb":{"@id":"https:\/\/www.klaus-janowitz.de\/wordpress\/faire-mode\/#breadcrumb"},"inLanguage":"de","potentialAction":[{"@type":"ReadAction","target":["https:\/\/www.klaus-janowitz.de\/wordpress\/faire-mode\/"]}]},{"@type":"ImageObject","inLanguage":"de","@id":"https:\/\/www.klaus-janowitz.de\/wordpress\/faire-mode\/#primaryimage","url":"http:\/\/www.klaus-janowitz.de\/wordpress\/wp-content\/uploads\/2017\/10\/IMG_8786-225x300.jpg","contentUrl":"http:\/\/www.klaus-janowitz.de\/wordpress\/wp-content\/uploads\/2017\/10\/IMG_8786-225x300.jpg"},{"@type":"BreadcrumbList","@id":"https:\/\/www.klaus-janowitz.de\/wordpress\/faire-mode\/#breadcrumb","itemListElement":[{"@type":"ListItem","position":1,"name":"Startseite","item":"https:\/\/www.klaus-janowitz.de\/wordpress\/"},{"@type":"ListItem","position":2,"name":"Faire Mode"}]},{"@type":"WebSite","@id":"https:\/\/www.klaus-janowitz.de\/wordpress\/#website","url":"https:\/\/www.klaus-janowitz.de\/wordpress\/","name":"Netnographie &amp; Digitaler Wandel","description":"Blog rund um die Themen Netnographie, Online-Kultur und Digitalen Wandel","potentialAction":[{"@type":"SearchAction","target":{"@type":"EntryPoint","urlTemplate":"https:\/\/www.klaus-janowitz.de\/wordpress\/?s={search_term_string}"},"query-input":{"@type":"PropertyValueSpecification","valueRequired":true,"valueName":"search_term_string"}}],"inLanguage":"de"}]}},"jetpack_sharing_enabled":true,"jetpack_shortlink":"https:\/\/wp.me\/P15Wn2-2Hd","jetpack_likes_enabled":true,"jetpack-related-posts":[{"id":716,"url":"https:\/\/www.klaus-janowitz.de\/wordpress\/fairtrade-in-social-media\/","url_meta":{"origin":10367,"position":0},"title":"Fairtrade in Social Media","author":"KlausMJan","date":"17. Juli 2011","format":false,"excerpt":"30\/06\/11\u00a0kmjan Fairer Handel ist eine Handelspartnerschaft, die auf Dialog, Transparenz und gegenseitigem Respekt beruht und mehr Gerechtigkeit im internationalen Handel anstrebt. Durch bessere Handelsbedingungen und die Sicherung sozialer Rechte f\u00fcr benachteiligte Produzenten und Arbeiter leistet der Faire Handel einen Beitrag zu nachhaltiger Entwicklung. Organisationen des fairen Handels (die von Verbrauchern\u2026","rel":"","context":"Mit 1 Kommentar","block_context":{"text":"Mit 1 Kommentar","link":"https:\/\/www.klaus-janowitz.de\/wordpress\/fairtrade-in-social-media\/#comments"},"img":{"alt_text":"","src":"https:\/\/i0.wp.com\/www.klaus-janowitz.de\/wordpress\/wp-content\/uploads\/2011\/06\/fairer_Dialog.jpg?resize=350%2C200","width":350,"height":200,"srcset":"https:\/\/i0.wp.com\/www.klaus-janowitz.de\/wordpress\/wp-content\/uploads\/2011\/06\/fairer_Dialog.jpg?resize=350%2C200 1x, https:\/\/i0.wp.com\/www.klaus-janowitz.de\/wordpress\/wp-content\/uploads\/2011\/06\/fairer_Dialog.jpg?resize=525%2C300 1.5x"},"classes":[]},{"id":2879,"url":"https:\/\/www.klaus-janowitz.de\/wordpress\/netnographie-oder-social-media-research\/","url_meta":{"origin":10367,"position":1},"title":"Netnographie oder Social Media Research?","author":"KlausMJan","date":"23. Oktober 2012","format":false,"excerpt":"23\/10\/12\u00a0kmjan K\u00fcrzlich wurde ich von den Herausgebern des Handbuchs zur Online-Forschung (erscheint 2013) gebeten, den Beitrag zu Netnographie zu schreiben. Eine Gelegenheit die Entwicklung seit Mitte der 90er Jahre zur\u00fcckzuverfolgen. Die Welt der (damals) Neuen Medien, der Online-Communities und der Art und Weise wie wir sie sehen und erleben hat\u2026","rel":"","context":"Mit 1 Kommentar","block_context":{"text":"Mit 1 Kommentar","link":"https:\/\/www.klaus-janowitz.de\/wordpress\/netnographie-oder-social-media-research\/#comments"},"img":{"alt_text":"","src":"https:\/\/i0.wp.com\/www.klaus-janowitz.de\/wordpress\/wp-content\/uploads\/2012\/10\/Schattendiskussion-300x238.jpg?resize=350%2C200","width":350,"height":200},"classes":[]},{"id":1858,"url":"https:\/\/www.klaus-janowitz.de\/wordpress\/kleine-netnographie-der-schokolade\/","url_meta":{"origin":10367,"position":2},"title":"Schokolade im Netz: eine (kleine) Netnographie","author":"KlausMJan","date":"14. M\u00e4rz 2012","format":false,"excerpt":"14\/03\/12\u00a0kmjan (Fast) jeder mag Schokolade. Schokolade ist Genu\u00df, Belohnung, Kindheitserinnerung, manchmal Versuchung, schlimmstenfalls Ersatz. Unser Bild von der Schokolade ist von der 100g Tafel gepr\u00e4gt, die es lange Zeit in nur in wenigen Geschmacksrichtungen gab: Vollmilch, Zartbitter, Nuss, dazu Varianten mit verschiedensten F\u00fcllungen. Der Markt wurde von einigen Gro\u00dfproduzenten bestimmt,\u2026","rel":"","context":"\u00c4hnlicher Beitrag","block_context":{"text":"\u00c4hnlicher Beitrag","link":""},"img":{"alt_text":"","src":"https:\/\/i0.wp.com\/www.klaus-janowitz.de\/wordpress\/wp-content\/uploads\/2012\/02\/Schoggi-300x201.jpg?resize=350%2C200","width":350,"height":200},"classes":[]},{"id":549,"url":"https:\/\/www.klaus-janowitz.de\/wordpress\/stamme-im-netz-die-tribale-metapher\/","url_meta":{"origin":10367,"position":3},"title":"St\u00e4mme im Netz &#8211; Die tribale Metapher","author":"KlausMJan","date":"4. Mai 2011","format":false,"excerpt":"04\/05\/11 kmjan Befasst man sich mit dem Thema Netnographie, st\u00f6sst man bald auf eine tribale Metapher - und das gleich zweimal. Naheliegend beim Begriff Netnographie selber - zu sch\u00f6n ist die Geschichte der Entwicklung der ethnographischen Methode: Zuerst ist da der Forscher aus dem Kolonialzeitalter mit Tropenhelm und Kniebundhose (Bronislaw\u2026","rel":"","context":"\u00c4hnlicher Beitrag","block_context":{"text":"\u00c4hnlicher Beitrag","link":""},"img":{"alt_text":"","src":"https:\/\/i0.wp.com\/www.klaus-janowitz.de\/wordpress\/wp-content\/uploads\/2011\/04\/Kniebund.jpg?resize=350%2C200","width":350,"height":200,"srcset":"https:\/\/i0.wp.com\/www.klaus-janowitz.de\/wordpress\/wp-content\/uploads\/2011\/04\/Kniebund.jpg?resize=350%2C200 1x, https:\/\/i0.wp.com\/www.klaus-janowitz.de\/wordpress\/wp-content\/uploads\/2011\/04\/Kniebund.jpg?resize=525%2C300 1.5x"},"classes":[]},{"id":8031,"url":"https:\/\/www.klaus-janowitz.de\/wordpress\/resonanz-eine-soziologie-der-weltbeziehung-rez\/","url_meta":{"origin":10367,"position":4},"title":"Resonanz -Eine Soziologie der Weltbeziehung (Rez.)","author":"KlausMJan","date":"10. April 2016","format":false,"excerpt":"12\/04\/16\u00a0kmjan\u00a0 Nur alle\u00a0Jahre wieder erreichen\u00a0soziologische Titel eine gr\u00f6\u00dfere \u00f6ffentliche Resonanz - und noch seltener schaffen sie es\u00a0in die Charts. Bezeichnenderweise oft solche, die von\u00a0einem einzelnen Begriff aus das Gef\u00fcge moderner\u00a0Gesellschaft aufrollen:\u00a0Risikogesellschaft, Erlebnisgesellschaft\u00a0- und in dem vorliegenden Buch\u00a0geht es darum\u00a0Resonanz als Grundbegriff einer\u00a0Soziologie der Weltbeziehung\u00a0zu entwickeln.\u00a0Das Buch erschien vor wenigen Wochen,\u2026","rel":"","context":"\u00c4hnlicher Beitrag","block_context":{"text":"\u00c4hnlicher Beitrag","link":""},"img":{"alt_text":"","src":"https:\/\/i0.wp.com\/www.klaus-janowitz.de\/wordpress\/wp-content\/uploads\/2016\/04\/resonanz-181x300.jpg?resize=350%2C200","width":350,"height":200},"classes":[]},{"id":6071,"url":"https:\/\/www.klaus-janowitz.de\/wordpress\/das-neue-spiel\/","url_meta":{"origin":10367,"position":5},"title":"Das Neue Spiel &#8211; Strategien f\u00fcr die Welt nach dem digitalen Kontrollverlust (Rez.)","author":"KlausMJan","date":"29. Juli 2015","format":false,"excerpt":"28\/07\/15 kmjan \u201eEs gibt fast keine Lebensbereiche mehr, die nicht von der Digitalisierung betroffen sind. Der Kontrollverlust wird sie alle betreffen...\u201c (S. 7) Im herk\u00f6mmlichen Sinne bedeutet Kontrollverlust den Verlust der bewussten Steuerung bzw. Beherrschung des Denkens und\/oder des Handelns. Das ist so bei eigener Beeintr\u00e4chtigung (etwa durch Drogen- oder\u2026","rel":"","context":"\u00c4hnlicher Beitrag","block_context":{"text":"\u00c4hnlicher Beitrag","link":""},"img":{"alt_text":"","src":"https:\/\/i0.wp.com\/www.klaus-janowitz.de\/wordpress\/wp-content\/uploads\/2015\/06\/Cover_Seemann-225x300.jpg?resize=350%2C200&ssl=1","width":350,"height":200},"classes":[]}],"_links":{"self":[{"href":"https:\/\/www.klaus-janowitz.de\/wordpress\/wp-json\/wp\/v2\/pages\/10367","targetHints":{"allow":["GET"]}}],"collection":[{"href":"https:\/\/www.klaus-janowitz.de\/wordpress\/wp-json\/wp\/v2\/pages"}],"about":[{"href":"https:\/\/www.klaus-janowitz.de\/wordpress\/wp-json\/wp\/v2\/types\/page"}],"author":[{"embeddable":true,"href":"https:\/\/www.klaus-janowitz.de\/wordpress\/wp-json\/wp\/v2\/users\/1"}],"replies":[{"embeddable":true,"href":"https:\/\/www.klaus-janowitz.de\/wordpress\/wp-json\/wp\/v2\/comments?post=10367"}],"version-history":[{"count":84,"href":"https:\/\/www.klaus-janowitz.de\/wordpress\/wp-json\/wp\/v2\/pages\/10367\/revisions"}],"predecessor-version":[{"id":10517,"href":"https:\/\/www.klaus-janowitz.de\/wordpress\/wp-json\/wp\/v2\/pages\/10367\/revisions\/10517"}],"wp:attachment":[{"href":"https:\/\/www.klaus-janowitz.de\/wordpress\/wp-json\/wp\/v2\/media?parent=10367"}],"curies":[{"name":"wp","href":"https:\/\/api.w.org\/{rel}","templated":true}]}}