{"id":10223,"date":"2017-08-19T22:28:26","date_gmt":"2017-08-19T20:28:26","guid":{"rendered":"http:\/\/www.klaus-janowitz.de\/wordpress\/?page_id=10223"},"modified":"2017-09-01T18:12:22","modified_gmt":"2017-09-01T16:12:22","slug":"gesellschaft-4-0-networked-economy-und-networked-sociality","status":"publish","type":"page","link":"https:\/\/www.klaus-janowitz.de\/wordpress\/gesellschaft-4-0-networked-economy-und-networked-sociality\/","title":{"rendered":"Gesellschaft 4.0 ?- Networked Economy und Networked Sociality"},"content":{"rendered":"<p style=\"text-align: justify;\">17\/08\/17\u00a0<a href=\"http:\/\/www.klaus-janowitz.de\/\">kmjan<\/a><br \/>\n<strong>Gesellschaft 4.0<\/strong> ist ein etwas seltsamer Begriff, der sich einreiht in die Serie von 4.0 Begriffen (<em>Arbeit<\/em>, <em>Technologie<\/em>, <em>Wirtschaft<\/em>, <em>Politik<\/em>,\u00a0<em>Gesundheit<\/em>), die alle auf\u00a0<em><strong><a href=\"http:\/\/www.klaus-janowitz.de\/wordpress\/deutschland-4-0-wie-die-digitale-transformation-gelingt-rez\/\" target=\"_blank\" rel=\"noopener\">Industrie 4.0<\/a>\u00a0<\/strong><\/em>zur\u00fcckgehen. <em><strong>Industrie 4.0<\/strong><\/em>\u00a0verweist auf automatisierte Digitalisierung als <em>vierter industrieller Revolution<\/em> &#8211;\u00a0nach Mechanisierung, Elektrifizierung und Informatisierung. <strong>4.0<\/strong>\u00a0steht f\u00fcr das von Ministerien, Unternehmen, Verb\u00e4nden etc. getragene <a href=\"https:\/\/www.bmbf.de\/de\/zukunftsprojekt-industrie-4-0-848.html\" target=\"_blank\" rel=\"noopener\">Zukunftsprojekt<\/a> f\u00fcr eine vernetzte Produktion und Wirtschaft.<br \/>\nFasst man es knapp, ist <strong>Industrie 4.0<\/strong>\u00a0eine Zielvorstellung bzw. Vision <em>Digitaler Transformation.\u00a0<\/em>Zun\u00e4chst geht es dabei um die Sicherung Deutschlands als f\u00fchrendem Produktionsstandort. Die Spitzenstellung\u00a0v.a. in Anlagenbau und Produktionstechnik soll gesichert und ausgebaut werden. Intelligente und flexible Produktion &#8211;\u00a0<em>Smart Factories<\/em>\u00a0&#8211; soll die Potentiale automatisierter Fertigung und Logistik, das <em>Internet der Dinge<\/em>\u00a0f\u00fcr individuell angepasste Produkte nutzen &#8211;<em>\u00a0<strong>Networked Economy<\/strong>.<br \/>\n<\/em><\/p>\n<figure id=\"attachment_7877\" aria-describedby=\"caption-attachment-7877\" style=\"width: 240px\" class=\"wp-caption alignleft\"><a href=\"https:\/\/i0.wp.com\/www.klaus-janowitz.de\/wordpress\/wp-content\/uploads\/2016\/03\/Buerostuhl.jpg\"><img data-recalc-dims=\"1\" fetchpriority=\"high\" decoding=\"async\" class=\" wp-image-7877\" src=\"https:\/\/i0.wp.com\/www.klaus-janowitz.de\/wordpress\/wp-content\/uploads\/2016\/03\/Buerostuhl-300x300.jpg?resize=240%2C240\" alt=\"\" width=\"240\" height=\"240\" srcset=\"https:\/\/i0.wp.com\/www.klaus-janowitz.de\/wordpress\/wp-content\/uploads\/2016\/03\/Buerostuhl.jpg?resize=300%2C300&amp;ssl=1 300w, https:\/\/i0.wp.com\/www.klaus-janowitz.de\/wordpress\/wp-content\/uploads\/2016\/03\/Buerostuhl.jpg?resize=150%2C150&amp;ssl=1 150w, https:\/\/i0.wp.com\/www.klaus-janowitz.de\/wordpress\/wp-content\/uploads\/2016\/03\/Buerostuhl.jpg?resize=768%2C768&amp;ssl=1 768w, https:\/\/i0.wp.com\/www.klaus-janowitz.de\/wordpress\/wp-content\/uploads\/2016\/03\/Buerostuhl.jpg?w=800&amp;ssl=1 800w\" sizes=\"(max-width: 240px) 100vw, 240px\" \/><\/a><figcaption id=\"caption-attachment-7877\" class=\"wp-caption-text\">Erwerbsarbeit bedarf einer neuen Definition Bildnachweis: kallejipp \/ photocase.de<\/figcaption><\/figure>\n<p style=\"text-align: justify;\">Wenn die Produktion von G\u00fctern, die Ausf\u00fchrung von Dienstleistungen und ihre Organisation sich grunds\u00e4tzlich ver\u00e4ndert, dann gilt das auch f\u00fcr die Arbeit und ihre Organisation. Automatisierung bedeutet den Wegfall von Arbeitspl\u00e4tzen bei gleichzeitig erh\u00f6hter Wertsch\u00f6pfung &#8211; das macht <em>Arbeit 4.0<\/em> zu einer Verteilungsfrage.\u00a0Das Verst\u00e4ndnis von Erwerbsarbeit bedarf einer neuen Definition.<br \/>\nDas\u00a0<em>Bundesministeriums f\u00fcr Arbeit und Soziales <\/em>hat ein umfangreiches<em> Wei\u00dfbuch <strong>Arbeiten 4.0 <\/strong><\/em>dazu\u00a0herausgegeben.<br \/>\nAusf\u00fchrungen zu <strong>Gesellschaft 4.0<\/strong>\u00a0fallen in der <em>4.0 Debatte<\/em>\u00a0bisher d\u00fcnn aus.\u00a0F\u00fcr sich allein genommen macht der Begriff wenig Sinn. Die Versionsnummer ist einer anderen Z\u00e4hlweise entlehnt, was w\u00e4re etwa Gesellschaft 2.0 gewesen? Die Ableitung von <em>Industrie\u00a04.0<\/em> bringt zudem den Beigeschmack mit, den Erfordernissen der produzierenden Wirtschaft nachgeordnet zu sein.<br \/>\nGesellschaftliche Prozesse sind\u00a0<em>interdependent<\/em>\u00a0mit wirtschaftlichen und technologischen Entwicklungen verflochten, nicht nachfolgend als Gegenstand von Folgeeinsch\u00e4tzungen. Gesellschaften werden wesentlich \u00fcber <em>Aushandlungsprozesse<\/em> zusammengehalten &#8211; \u00fcber das, was sch\u00f6n ist oder als solches gilt, was recht ist, welches Ma\u00df an Ungleichheit akzeptiert wird, welches Verhalten, welcher Lebenswandel angemessen erscheint &#8211; letztlich dem, was eine Kultur, eine\u00a0<em>Zivilisation<\/em> ausmacht.<\/p>\n<figure id=\"attachment_6647\" aria-describedby=\"caption-attachment-6647\" style=\"width: 300px\" class=\"wp-caption alignright\"><a href=\"https:\/\/i0.wp.com\/www.klaus-janowitz.de\/wordpress\/wp-content\/uploads\/2015\/09\/436670816_d22753893f_o.png\"><img data-recalc-dims=\"1\" decoding=\"async\" class=\"wp-image-6647 size-medium\" src=\"https:\/\/i0.wp.com\/www.klaus-janowitz.de\/wordpress\/wp-content\/uploads\/2015\/09\/436670816_d22753893f_o-300x198.png?resize=300%2C198\" alt=\"\" width=\"300\" height=\"198\" srcset=\"https:\/\/i0.wp.com\/www.klaus-janowitz.de\/wordpress\/wp-content\/uploads\/2015\/09\/436670816_d22753893f_o.png?resize=300%2C198&amp;ssl=1 300w, https:\/\/i0.wp.com\/www.klaus-janowitz.de\/wordpress\/wp-content\/uploads\/2015\/09\/436670816_d22753893f_o.png?resize=1024%2C677&amp;ssl=1 1024w, https:\/\/i0.wp.com\/www.klaus-janowitz.de\/wordpress\/wp-content\/uploads\/2015\/09\/436670816_d22753893f_o.png?w=1260&amp;ssl=1 1260w\" sizes=\"(max-width: 300px) 100vw, 300px\" \/><\/a><figcaption id=\"caption-attachment-6647\" class=\"wp-caption-text\">Networked Sociality<\/figcaption><\/figure>\n<p style=\"text-align: justify;\"><em>\u201eNetzwerke bilden die neue soziale Morphologie unserer Gesellschaften, und die\u00a0Verbreitung der Vernetzungslogik\u00a0ver\u00e4ndert die Funktionsweise und die Ergebnisse von Prozessen der Produktion, Erfahrung, Macht und Kultur wesentlich<\/em>\u201c\u00a0\u2013 diesen Satz von <strong>Manuel Castells<\/strong> zur transformativen Kraft von Netzwerken aus \u201e<em>Die Netzwerkgesellschaft<\/em>\u201c (2001, S. 527) kann man \u00fcber fast alle Ausf\u00fchrungen zum Digitalem Wandel stellen.<br \/>\nPrinzipien wie <strong>Konnektivit\u00e4t<\/strong>\u00a0(die M\u00f6glichkeit der Verbindung zwischen allen Beteiligten bzw. <em>items<\/em> in einem Netzwerk) finden sich in sozialen wie in technischen Zusammenh\u00e4ngen.\u00a0<em>Automatisierte Personalisierung<\/em>\u00a0(die M\u00f6glichkeit \u201e<em>ma\u00dfgeschneiderter<\/em>\u201c Anpassung), wie sie f\u00fcr <em>Industrie 4.0<\/em> zentral ist, finden wir im Marketing, Gesellschaft der Massenmedien zu einer der personalisierter Medien und \u00fcberall dort, wo <em>Matching<\/em>ergebnisse angestrebt werden.<br \/>\nDie Prinzipien von <em>Organisiertheit<\/em> haben sich verschoben: an die Stelle von <em>Vers\u00e4ulungen<\/em>, den traditionellen meist orts-, und oft konfessions-, gewerkschafts- oder parteigebundenen Organisationen treten individualisierte Vergemeinschaftungen &#8211; <strong><em>Networked Sociality<\/em><\/strong>. Das Bild der <em>Granularen Gesellschaft<\/em> von Christoph Kucklick kommt dem nahe.\u00a0Ebenso passt das auf Norbert Elias zur\u00fcckgehende Konzept der <a href=\"http:\/\/www.klaus-janowitz.de\/wordpress\/machtbalance-und-figuration\/\" target=\"_blank\" rel=\"noopener\">Figurationen<\/a>\u00a0zu den sich immer neu arrangierenden Konstellationen &#8211; bzw. <a href=\"http:\/\/www.klaus-janowitz.de\/wordpress\/digitale-figurationen\/\"><em>Digitalen Figurationen<\/em><\/a>.<br \/>\nWenn es eine erstrebenswerte Vision einer &#8220;<em>Gesellschaft 4.0<\/em>&#8221; gibt, dann ist es die digital vernetzte Zivilgesellschaft &#8211; oder eben einer <em><strong>Digitalen Zivilisation<\/strong><\/em>.<\/p>\n<p>&nbsp;<\/p>\n<p>&nbsp;<\/p>\n<p><!-- Piwik --><br \/>\n<script type=\"text\/javascript\">\n  var _paq = _paq || [];\n  _paq.push([\"setDomains\", [\"*.www.klaus-janowitz.de\"]]);\n  _paq.push(['trackPageView']);\n  _paq.push(['enableLinkTracking']);\n  (function() {\n    var u=\"\/\/www.klaus-janowitz.de\/piwik\/\";\n    _paq.push(['setTrackerUrl', u+'piwik.php']);\n    _paq.push(['setSiteId', '1']);\n    var d=document, g=d.createElement('script'), s=d.getElementsByTagName('script')[0];\n    g.type='text\/javascript'; g.async=true; g.defer=true; g.src=u+'piwik.js'; s.parentNode.insertBefore(g,s);\n  })();\n<\/script><br \/>\n<noscript><\/p>\n<p><img decoding=\"async\" src=\"\/\/www.klaus-janowitz.de\/piwik\/piwik.php?idsite=1\" style=\"border:0;\" alt=\"\" \/><\/p>\n<p><\/noscript><br \/>\n<!-- End Piwik Code --><\/p>\n","protected":false},"excerpt":{"rendered":"<p>17\/08\/17\u00a0kmjan Gesellschaft 4.0 ist ein etwas seltsamer Begriff, der sich einreiht in die Serie von 4.0 Begriffen (Arbeit, Technologie, Wirtschaft, Politik,\u00a0Gesundheit), die alle auf\u00a0Industrie 4.0\u00a0zur\u00fcckgehen. Industrie 4.0\u00a0verweist auf automatisierte Digitalisierung als vierter industrieller Revolution &#8211;\u00a0nach Mechanisierung, Elektrifizierung und Informatisierung. 4.0\u00a0steht f\u00fcr das von Ministerien, Unternehmen, Verb\u00e4nden etc. getragene Zukunftsprojekt f\u00fcr eine vernetzte Produktion und Wirtschaft. &hellip; <\/p>\n<p class=\"link-more\"><a href=\"https:\/\/www.klaus-janowitz.de\/wordpress\/gesellschaft-4-0-networked-economy-und-networked-sociality\/\" class=\"more-link\"><span class=\"screen-reader-text\">\u201eGesellschaft 4.0 ?- Networked Economy und Networked Sociality\u201c <\/span>weiterlesen<\/a><\/p>\n","protected":false},"author":1,"featured_media":0,"parent":0,"menu_order":0,"comment_status":"closed","ping_status":"closed","template":"","meta":{"jetpack_post_was_ever_published":false,"activitypub_content_warning":"","activitypub_content_visibility":"","activitypub_max_image_attachments":4,"activitypub_interaction_policy_quote":"","activitypub_status":"","footnotes":""},"class_list":["post-10223","page","type-page","status-publish","hentry"],"yoast_head":"<!-- This site is optimized with the Yoast SEO plugin v27.5 - https:\/\/yoast.com\/product\/yoast-seo-wordpress\/ -->\n<title>Gesellschaft 4.0 ?- Networked Economy und Networked Sociality - Netnographie &amp; Digitaler Wandel<\/title>\n<meta name=\"robots\" content=\"index, follow, max-snippet:-1, max-image-preview:large, max-video-preview:-1\" \/>\n<link rel=\"canonical\" href=\"https:\/\/www.klaus-janowitz.de\/wordpress\/gesellschaft-4-0-networked-economy-und-networked-sociality\/\" \/>\n<meta property=\"og:locale\" content=\"de_DE\" \/>\n<meta property=\"og:type\" content=\"article\" \/>\n<meta property=\"og:title\" content=\"Gesellschaft 4.0 ?- Networked Economy und Networked Sociality - Netnographie &amp; Digitaler Wandel\" \/>\n<meta property=\"og:description\" content=\"17\/08\/17\u00a0kmjan Gesellschaft 4.0 ist ein etwas seltsamer Begriff, der sich einreiht in die Serie von 4.0 Begriffen (Arbeit, Technologie, Wirtschaft, Politik,\u00a0Gesundheit), die alle auf\u00a0Industrie 4.0\u00a0zur\u00fcckgehen. Industrie 4.0\u00a0verweist auf automatisierte Digitalisierung als vierter industrieller Revolution &#8211;\u00a0nach Mechanisierung, Elektrifizierung und Informatisierung. 4.0\u00a0steht f\u00fcr das von Ministerien, Unternehmen, Verb\u00e4nden etc. getragene Zukunftsprojekt f\u00fcr eine vernetzte Produktion und Wirtschaft. &hellip; \u201eGesellschaft 4.0 ?- Networked Economy und Networked Sociality\u201c weiterlesen\" \/>\n<meta property=\"og:url\" content=\"https:\/\/www.klaus-janowitz.de\/wordpress\/gesellschaft-4-0-networked-economy-und-networked-sociality\/\" \/>\n<meta property=\"og:site_name\" content=\"Netnographie &amp; Digitaler Wandel\" \/>\n<meta property=\"article:modified_time\" content=\"2017-09-01T16:12:22+00:00\" \/>\n<meta property=\"og:image\" content=\"http:\/\/www.klaus-janowitz.de\/wordpress\/wp-content\/uploads\/2016\/03\/Buerostuhl-300x300.jpg\" \/>\n<meta name=\"twitter:card\" content=\"summary_large_image\" \/>\n<meta name=\"twitter:label1\" content=\"Gesch\u00e4tzte Lesezeit\" \/>\n\t<meta name=\"twitter:data1\" content=\"3\u00a0Minuten\" \/>\n<script type=\"application\/ld+json\" class=\"yoast-schema-graph\">{\"@context\":\"https:\\\/\\\/schema.org\",\"@graph\":[{\"@type\":\"WebPage\",\"@id\":\"https:\\\/\\\/www.klaus-janowitz.de\\\/wordpress\\\/gesellschaft-4-0-networked-economy-und-networked-sociality\\\/\",\"url\":\"https:\\\/\\\/www.klaus-janowitz.de\\\/wordpress\\\/gesellschaft-4-0-networked-economy-und-networked-sociality\\\/\",\"name\":\"Gesellschaft 4.0 ?- Networked Economy und Networked Sociality - Netnographie &amp; Digitaler Wandel\",\"isPartOf\":{\"@id\":\"https:\\\/\\\/www.klaus-janowitz.de\\\/wordpress\\\/#website\"},\"primaryImageOfPage\":{\"@id\":\"https:\\\/\\\/www.klaus-janowitz.de\\\/wordpress\\\/gesellschaft-4-0-networked-economy-und-networked-sociality\\\/#primaryimage\"},\"image\":{\"@id\":\"https:\\\/\\\/www.klaus-janowitz.de\\\/wordpress\\\/gesellschaft-4-0-networked-economy-und-networked-sociality\\\/#primaryimage\"},\"thumbnailUrl\":\"http:\\\/\\\/www.klaus-janowitz.de\\\/wordpress\\\/wp-content\\\/uploads\\\/2016\\\/03\\\/Buerostuhl-300x300.jpg\",\"datePublished\":\"2017-08-19T20:28:26+00:00\",\"dateModified\":\"2017-09-01T16:12:22+00:00\",\"breadcrumb\":{\"@id\":\"https:\\\/\\\/www.klaus-janowitz.de\\\/wordpress\\\/gesellschaft-4-0-networked-economy-und-networked-sociality\\\/#breadcrumb\"},\"inLanguage\":\"de\",\"potentialAction\":[{\"@type\":\"ReadAction\",\"target\":[\"https:\\\/\\\/www.klaus-janowitz.de\\\/wordpress\\\/gesellschaft-4-0-networked-economy-und-networked-sociality\\\/\"]}]},{\"@type\":\"ImageObject\",\"inLanguage\":\"de\",\"@id\":\"https:\\\/\\\/www.klaus-janowitz.de\\\/wordpress\\\/gesellschaft-4-0-networked-economy-und-networked-sociality\\\/#primaryimage\",\"url\":\"http:\\\/\\\/www.klaus-janowitz.de\\\/wordpress\\\/wp-content\\\/uploads\\\/2016\\\/03\\\/Buerostuhl-300x300.jpg\",\"contentUrl\":\"http:\\\/\\\/www.klaus-janowitz.de\\\/wordpress\\\/wp-content\\\/uploads\\\/2016\\\/03\\\/Buerostuhl-300x300.jpg\"},{\"@type\":\"BreadcrumbList\",\"@id\":\"https:\\\/\\\/www.klaus-janowitz.de\\\/wordpress\\\/gesellschaft-4-0-networked-economy-und-networked-sociality\\\/#breadcrumb\",\"itemListElement\":[{\"@type\":\"ListItem\",\"position\":1,\"name\":\"Startseite\",\"item\":\"https:\\\/\\\/www.klaus-janowitz.de\\\/wordpress\\\/\"},{\"@type\":\"ListItem\",\"position\":2,\"name\":\"Gesellschaft 4.0 ?- Networked Economy und Networked Sociality\"}]},{\"@type\":\"WebSite\",\"@id\":\"https:\\\/\\\/www.klaus-janowitz.de\\\/wordpress\\\/#website\",\"url\":\"https:\\\/\\\/www.klaus-janowitz.de\\\/wordpress\\\/\",\"name\":\"Netnographie &amp; Digitaler Wandel\",\"description\":\"Blog rund um die Themen Netnographie, Online-Kultur und Digitalen Wandel\",\"potentialAction\":[{\"@type\":\"SearchAction\",\"target\":{\"@type\":\"EntryPoint\",\"urlTemplate\":\"https:\\\/\\\/www.klaus-janowitz.de\\\/wordpress\\\/?s={search_term_string}\"},\"query-input\":{\"@type\":\"PropertyValueSpecification\",\"valueRequired\":true,\"valueName\":\"search_term_string\"}}],\"inLanguage\":\"de\"}]}<\/script>\n<!-- \/ Yoast SEO plugin. -->","yoast_head_json":{"title":"Gesellschaft 4.0 ?- Networked Economy und Networked Sociality - Netnographie &amp; Digitaler Wandel","robots":{"index":"index","follow":"follow","max-snippet":"max-snippet:-1","max-image-preview":"max-image-preview:large","max-video-preview":"max-video-preview:-1"},"canonical":"https:\/\/www.klaus-janowitz.de\/wordpress\/gesellschaft-4-0-networked-economy-und-networked-sociality\/","og_locale":"de_DE","og_type":"article","og_title":"Gesellschaft 4.0 ?- Networked Economy und Networked Sociality - Netnographie &amp; Digitaler Wandel","og_description":"17\/08\/17\u00a0kmjan Gesellschaft 4.0 ist ein etwas seltsamer Begriff, der sich einreiht in die Serie von 4.0 Begriffen (Arbeit, Technologie, Wirtschaft, Politik,\u00a0Gesundheit), die alle auf\u00a0Industrie 4.0\u00a0zur\u00fcckgehen. Industrie 4.0\u00a0verweist auf automatisierte Digitalisierung als vierter industrieller Revolution &#8211;\u00a0nach Mechanisierung, Elektrifizierung und Informatisierung. 4.0\u00a0steht f\u00fcr das von Ministerien, Unternehmen, Verb\u00e4nden etc. getragene Zukunftsprojekt f\u00fcr eine vernetzte Produktion und Wirtschaft. &hellip; \u201eGesellschaft 4.0 ?- Networked Economy und Networked Sociality\u201c weiterlesen","og_url":"https:\/\/www.klaus-janowitz.de\/wordpress\/gesellschaft-4-0-networked-economy-und-networked-sociality\/","og_site_name":"Netnographie &amp; Digitaler Wandel","article_modified_time":"2017-09-01T16:12:22+00:00","og_image":[{"url":"http:\/\/www.klaus-janowitz.de\/wordpress\/wp-content\/uploads\/2016\/03\/Buerostuhl-300x300.jpg","type":"","width":"","height":""}],"twitter_card":"summary_large_image","twitter_misc":{"Gesch\u00e4tzte Lesezeit":"3\u00a0Minuten"},"schema":{"@context":"https:\/\/schema.org","@graph":[{"@type":"WebPage","@id":"https:\/\/www.klaus-janowitz.de\/wordpress\/gesellschaft-4-0-networked-economy-und-networked-sociality\/","url":"https:\/\/www.klaus-janowitz.de\/wordpress\/gesellschaft-4-0-networked-economy-und-networked-sociality\/","name":"Gesellschaft 4.0 ?- Networked Economy und Networked Sociality - Netnographie &amp; Digitaler Wandel","isPartOf":{"@id":"https:\/\/www.klaus-janowitz.de\/wordpress\/#website"},"primaryImageOfPage":{"@id":"https:\/\/www.klaus-janowitz.de\/wordpress\/gesellschaft-4-0-networked-economy-und-networked-sociality\/#primaryimage"},"image":{"@id":"https:\/\/www.klaus-janowitz.de\/wordpress\/gesellschaft-4-0-networked-economy-und-networked-sociality\/#primaryimage"},"thumbnailUrl":"http:\/\/www.klaus-janowitz.de\/wordpress\/wp-content\/uploads\/2016\/03\/Buerostuhl-300x300.jpg","datePublished":"2017-08-19T20:28:26+00:00","dateModified":"2017-09-01T16:12:22+00:00","breadcrumb":{"@id":"https:\/\/www.klaus-janowitz.de\/wordpress\/gesellschaft-4-0-networked-economy-und-networked-sociality\/#breadcrumb"},"inLanguage":"de","potentialAction":[{"@type":"ReadAction","target":["https:\/\/www.klaus-janowitz.de\/wordpress\/gesellschaft-4-0-networked-economy-und-networked-sociality\/"]}]},{"@type":"ImageObject","inLanguage":"de","@id":"https:\/\/www.klaus-janowitz.de\/wordpress\/gesellschaft-4-0-networked-economy-und-networked-sociality\/#primaryimage","url":"http:\/\/www.klaus-janowitz.de\/wordpress\/wp-content\/uploads\/2016\/03\/Buerostuhl-300x300.jpg","contentUrl":"http:\/\/www.klaus-janowitz.de\/wordpress\/wp-content\/uploads\/2016\/03\/Buerostuhl-300x300.jpg"},{"@type":"BreadcrumbList","@id":"https:\/\/www.klaus-janowitz.de\/wordpress\/gesellschaft-4-0-networked-economy-und-networked-sociality\/#breadcrumb","itemListElement":[{"@type":"ListItem","position":1,"name":"Startseite","item":"https:\/\/www.klaus-janowitz.de\/wordpress\/"},{"@type":"ListItem","position":2,"name":"Gesellschaft 4.0 ?- Networked Economy und Networked Sociality"}]},{"@type":"WebSite","@id":"https:\/\/www.klaus-janowitz.de\/wordpress\/#website","url":"https:\/\/www.klaus-janowitz.de\/wordpress\/","name":"Netnographie &amp; Digitaler Wandel","description":"Blog rund um die Themen Netnographie, Online-Kultur und Digitalen Wandel","potentialAction":[{"@type":"SearchAction","target":{"@type":"EntryPoint","urlTemplate":"https:\/\/www.klaus-janowitz.de\/wordpress\/?s={search_term_string}"},"query-input":{"@type":"PropertyValueSpecification","valueRequired":true,"valueName":"search_term_string"}}],"inLanguage":"de"}]}},"jetpack_sharing_enabled":true,"jetpack_shortlink":"https:\/\/wp.me\/P15Wn2-2ET","jetpack_likes_enabled":true,"jetpack-related-posts":[{"id":9219,"url":"https:\/\/www.klaus-janowitz.de\/wordpress\/deutschland-4-0-wie-die-digitale-transformation-gelingt-rez\/","url_meta":{"origin":10223,"position":0},"title":"Deutschland 4.0 &#8211; Wie die Digitale Transformation gelingt  (Rez.)","author":"KlausMJan","date":"5. Dezember 2016","format":false,"excerpt":"8\/12\/16\u00a0kmjan Zur Digitalen Transformation\u00a0sind in den letzten Jahren eine ganze Reihe B\u00fccher \u00a0erschienen\u00a0- einige davon habe ich in diesem Blog besprochen: \u201eDematerialisierung \u2013 Die Neuverteilung der Welt in Zeiten des digitalen Darwinismus\u201c von Ralf\u00a0Kreuzer & Karl-Heinz Land; Tim Cole\u00a0 mit \"Digitale Transformation. Warum die deutsche Wirtschaft gerade die digitale Zukunft\u2026","rel":"","context":"\u00c4hnlicher Beitrag","block_context":{"text":"\u00c4hnlicher Beitrag","link":""},"img":{"alt_text":"deutschland_40","src":"https:\/\/i0.wp.com\/www.klaus-janowitz.de\/wordpress\/wp-content\/uploads\/2016\/11\/Deutschland_40-199x300.jpg?resize=350%2C200","width":350,"height":200},"classes":[]},{"id":11630,"url":"https:\/\/www.klaus-janowitz.de\/wordpress\/4-0-oder-die-luecke-die-der-rechner-laesst-rez\/","url_meta":{"origin":10223,"position":1},"title":"4.0 oder die L\u00fccke, die der Rechner l\u00e4sst (Rez.)","author":"KlausMJan","date":"29. September 2018","format":false,"excerpt":"27\/09\/18\u00a0kmjan Immer wieder 4.0 ... und ausgerechnet\u00a0 von\u00a0\u00a0einem Soziologen, aber hier gilt eine ganz andere Z\u00e4hlweise: 4.0 ist keine Etappe der industriellen Revolution, sondern weit ausgreifend die 4.\u00a0 Medienepoche der Menschheitsgeschichte. Zuerst war die Sprache und die Stammesgesellschaft, dann die Schrift und die antike Gesellschaft, sp\u00e4ter kam der Buchdruck und\u2026","rel":"","context":"\u00c4hnlicher Beitrag","block_context":{"text":"\u00c4hnlicher Beitrag","link":""},"img":{"alt_text":"","src":"https:\/\/i0.wp.com\/www.klaus-janowitz.de\/wordpress\/wp-content\/uploads\/2018\/09\/DirkBaecker-e1536095925897-210x300.jpeg?resize=350%2C200","width":350,"height":200},"classes":[]},{"id":9482,"url":"https:\/\/www.klaus-janowitz.de\/wordpress\/buzzwords-z-b-transformation-2-0-und-4-0-big-data\/","url_meta":{"origin":10223,"position":2},"title":"Buzzwords z.\u00a0B. Transformation, 2.0 und 4.0, Big Data","author":"KlausMJan","date":"5. Januar 2017","format":false,"excerpt":"5\/01\/17\u00a0kmjan Mit Buzzwords ist es so eine Sache. Es f\u00e4llt leicht, sich \u00fcber sie lustig zu machen (z. B. Buzzword Bingo): Begriffe, die auftauchen, auf wichtig tun, zum Hype werden, und\u00a0irgendwann wieder verflauen. Manchmal\u00a0treffen sie den Zeitgeist - oft ist es Wortgest\u00f6ber. Meist sind\u00a0sie auf Englisch, der Sprache der Digitalisierung.\u2026","rel":"","context":"\u00c4hnlicher Beitrag","block_context":{"text":"\u00c4hnlicher Beitrag","link":""},"img":{"alt_text":"","src":"https:\/\/i0.wp.com\/www.klaus-janowitz.de\/wordpress\/wp-content\/uploads\/2017\/01\/Wortwolken-300x164.jpg?resize=350%2C200","width":350,"height":200},"classes":[]},{"id":10090,"url":"https:\/\/www.klaus-janowitz.de\/wordpress\/zukunft-2030\/","url_meta":{"origin":10223,"position":3},"title":"Zukunft 2030 &#8211; Szenarios der Transformation","author":"KlausMJan","date":"5. Juli 2017","format":false,"excerpt":"4\/07\/17\u00a0kmjan Wenn es um Digitalen Wandel bzw.\u00a0Digitale Transformation\u00a0geht es immer auch um Aussagen zur Zukunft. Wohin treibt der Wandel? Wie transformieren sich Systeme?\u00a0Digitale Innovationen haben in den vergangenen Jahrzehnten eine Branche nach der anderen umgekrempelt, \u00a0die \u00f6ffentliche Kommunikation neu definiert, weiterhin treibt Digitalisierung Ver\u00e4nderungen in Wirtschaft und Gesellschaft an. Immer\u2026","rel":"","context":"\u00c4hnlicher Beitrag","block_context":{"text":"\u00c4hnlicher Beitrag","link":""},"img":{"alt_text":"","src":"https:\/\/i0.wp.com\/www.klaus-janowitz.de\/wordpress\/wp-content\/uploads\/2017\/07\/Zukunftslandkarte-277x300.jpg?resize=350%2C200&ssl=1","width":350,"height":200},"classes":[]},{"id":9447,"url":"https:\/\/www.klaus-janowitz.de\/wordpress\/rueckblick-transformation-der-systeme\/","url_meta":{"origin":10223,"position":4},"title":"R\u00fcckblick: Transformation der Systeme","author":"KlausMJan","date":"16. Januar 2017","format":false,"excerpt":"16\/01\/17\u00a0kmjan\u00a0 Zwar liegt die 7. Internetwoche K\u00f6ln (24. - 28.10. 16) schon eine Zeit zur\u00fcck. An zweien der Veranstaltungen war ich massgeblich beteiligt\u00a0- und es lohnt sich auf die Ergebnisse zur\u00fcckzublicken. Zun\u00e4chst die Diskussionsveranstaltung Education 2.0\u00a0im Startplatz am 24.10., am Folgetag dann mit thematischer und personeller \u00dcberschneidung der Workshop Transformation\u2026","rel":"","context":"\u00c4hnlicher Beitrag","block_context":{"text":"\u00c4hnlicher Beitrag","link":""},"img":{"alt_text":"","src":"https:\/\/i0.wp.com\/www.klaus-janowitz.de\/wordpress\/wp-content\/uploads\/2016\/12\/Handel-300x225.jpg?resize=350%2C200","width":350,"height":200},"classes":[]},{"id":10348,"url":"https:\/\/www.klaus-janowitz.de\/wordpress\/digitale-zivilisation\/","url_meta":{"origin":10223,"position":5},"title":"Digitale Zivilisation","author":"KlausMJan","date":"7. November 2018","format":false,"excerpt":"8\/11\/18\u00a0kmjan Ein Zwischenschritt: Nach einer Reihe von Rezensionen,\u00a0nun ein Entwurf dazu,Ans\u00e4tze und Begriffe in eine Perspektive zu richten. In den Debatten zur Digitalisierung heisst es immer wieder \"In Wirtschaft und Gesellschaft\", es geht dann um Digitale Transformation,\u00a0\u00a0um Disruptionen,\u00a0 viel agile und manchmal f\u00e4llt der etwas seltsame Begriff Gesellschaft 4.0 (4.0\u2026","rel":"","context":"\u00c4hnlicher Beitrag","block_context":{"text":"\u00c4hnlicher Beitrag","link":""},"img":{"alt_text":"","src":"https:\/\/i0.wp.com\/www.klaus-janowitz.de\/wordpress\/wp-content\/uploads\/2018\/08\/Buecher-300x300.jpg?resize=350%2C200&ssl=1","width":350,"height":200},"classes":[]}],"_links":{"self":[{"href":"https:\/\/www.klaus-janowitz.de\/wordpress\/wp-json\/wp\/v2\/pages\/10223","targetHints":{"allow":["GET"]}}],"collection":[{"href":"https:\/\/www.klaus-janowitz.de\/wordpress\/wp-json\/wp\/v2\/pages"}],"about":[{"href":"https:\/\/www.klaus-janowitz.de\/wordpress\/wp-json\/wp\/v2\/types\/page"}],"author":[{"embeddable":true,"href":"https:\/\/www.klaus-janowitz.de\/wordpress\/wp-json\/wp\/v2\/users\/1"}],"replies":[{"embeddable":true,"href":"https:\/\/www.klaus-janowitz.de\/wordpress\/wp-json\/wp\/v2\/comments?post=10223"}],"version-history":[{"count":111,"href":"https:\/\/www.klaus-janowitz.de\/wordpress\/wp-json\/wp\/v2\/pages\/10223\/revisions"}],"predecessor-version":[{"id":10347,"href":"https:\/\/www.klaus-janowitz.de\/wordpress\/wp-json\/wp\/v2\/pages\/10223\/revisions\/10347"}],"wp:attachment":[{"href":"https:\/\/www.klaus-janowitz.de\/wordpress\/wp-json\/wp\/v2\/media?parent=10223"}],"curies":[{"name":"wp","href":"https:\/\/api.w.org\/{rel}","templated":true}]}}